{"id":10171,"date":"2021-04-07T12:54:56","date_gmt":"2021-04-07T17:54:56","guid":{"rendered":"https:\/\/apan.gob.mx\/portal\/?page_id=10171"},"modified":"2021-04-07T13:10:57","modified_gmt":"2021-04-07T18:10:57","slug":"10171-2","status":"publish","type":"page","link":"https:\/\/apan.gob.mx\/portal\/1-trimestre-2021\/10171-2\/","title":{"rendered":"<!--ayuntamiento70_a1_2021_1-->"},"content":{"rendered":"\t\t<div data-elementor-type=\"wp-page\" data-elementor-id=\"10171\" class=\"elementor elementor-10171 elementor-bc-flex-widget\">\n\t\t\t\t\t\t<div class=\"elementor-inner\">\n\t\t\t\t<div class=\"elementor-section-wrap\">\n\t\t\t\t\t\t\t\t\t<section class=\"has_ae_slider elementor-section elementor-top-section elementor-element elementor-element-ateniyp elementor-section-boxed elementor-section-height-default elementor-section-height-default ae-bg-gallery-type-default\" data-id=\"ateniyp\" data-element_type=\"section\">\n\t\t\t\t\t\t<div class=\"elementor-container elementor-column-gap-default\">\n\t\t\t\t\t\t\t<div class=\"elementor-row\">\n\t\t\t\t\t<div class=\"has_ae_slider elementor-column elementor-col-100 elementor-top-column elementor-element elementor-element-cxhhwet ae-bg-gallery-type-default\" data-id=\"cxhhwet\" data-element_type=\"column\">\n\t\t\t<div class=\"elementor-column-wrap elementor-element-populated\">\n\t\t\t\t\t\t\t<div class=\"elementor-widget-wrap\">\n\t\t\t\t\t\t<div class=\"elementor-element elementor-element-hgmrqey elementor-widget elementor-widget-button\" data-id=\"hgmrqey\" data-element_type=\"widget\" data-widget_type=\"button.default\">\n\t\t\t\t<div class=\"elementor-widget-container\">\n\t\t\t\t\t<div class=\"elementor-button-wrapper\">\n\t\t\t<a href=\"https:\/\/www.apan.gob.mx\/descargables\/transparencia\/articulo70\/fraccion2\/2021_1\/ayuntamiento\/a1\/a70_f02_a1.xlsx\" target=\"_blank\" class=\"elementor-button-link elementor-button elementor-size-sm\" role=\"button\">\n\t\t\t\t\t\t<span class=\"elementor-button-content-wrapper\">\n\t\t\t\t\t\t<span class=\"elementor-button-text\">descargar archivo<\/span>\n\t\t<\/span>\n\t\t\t\t\t<\/a>\n\t\t<\/div>\n\t\t\t\t<\/div>\n\t\t\t\t<\/div>\n\t\t\t\t<div class=\"elementor-element elementor-element-ongyiej elementor-widget elementor-widget-heading\" data-id=\"ongyiej\" data-element_type=\"widget\" data-widget_type=\"heading.default\">\n\t\t\t\t<div class=\"elementor-widget-container\">\n\t\t\t<h2 class=\"elementor-heading-title elementor-size-medium\">Art\u00edculo 70 fraccion a1<\/h2>\t\t<\/div>\n\t\t\t\t<\/div>\n\t\t\t\t<div class=\"elementor-element elementor-element-redjvkw elementor-widget elementor-widget-html\" data-id=\"redjvkw\" data-element_type=\"widget\" data-widget_type=\"html.default\">\n\t\t\t\t<div class=\"elementor-widget-container\">\n\t\t\t<html xmlns:o=\"urn:schemas-microsoft-com:office:office\"\r\nxmlns:x=\"urn:schemas-microsoft-com:office:excel\"\r\nxmlns=\"http:\/\/www.w3.org\/TR\/REC-html40\">\r\n\r\n<head>\r\n<meta http-equiv=Content-Type content=\"text\/html; charset=windows-1252\">\r\n<meta name=ProgId content=Excel.Sheet>\r\n<meta name=Generator content=\"Microsoft Excel 15\">\r\n<link rel=File-List href=\"a70_f02_a1_archivos\/filelist.xml\">\r\n<style id=\"a70_f02_a1_19436_Styles\">\r\n<!--table\r\n\t{mso-displayed-decimal-separator:\"\\.\";\r\n\tmso-displayed-thousand-separator:\"\\,\";}\r\n.xl1519436\r\n\t{padding-top:1px;\r\n\tpadding-right:1px;\r\n\tpadding-left:1px;\r\n\tmso-ignore:padding;\r\n\tcolor:black;\r\n\tfont-size:11.0pt;\r\n\tfont-weight:400;\r\n\tfont-style:normal;\r\n\ttext-decoration:none;\r\n\tfont-family:Calibri, sans-serif;\r\n\tmso-font-charset:0;\r\n\tmso-number-format:General;\r\n\ttext-align:general;\r\n\tvertical-align:bottom;\r\n\tmso-background-source:auto;\r\n\tmso-pattern:auto;\r\n\twhite-space:nowrap;}\r\n.xl6319436\r\n\t{padding-top:1px;\r\n\tpadding-right:1px;\r\n\tpadding-left:1px;\r\n\tmso-ignore:padding;\r\n\tcolor:black;\r\n\tfont-size:10.0pt;\r\n\tfont-weight:400;\r\n\tfont-style:normal;\r\n\ttext-decoration:none;\r\n\tfont-family:Arial;\r\n\tmso-generic-font-family:auto;\r\n\tmso-font-charset:0;\r\n\tmso-number-format:General;\r\n\ttext-align:center;\r\n\tvertical-align:bottom;\r\n\tborder:.5pt solid windowtext;\r\n\tbackground:#E1E1E1;\r\n\tmso-pattern:black none;\r\n\twhite-space:normal;}\r\n.xl6419436\r\n\t{padding-top:1px;\r\n\tpadding-right:1px;\r\n\tpadding-left:1px;\r\n\tmso-ignore:padding;\r\n\tcolor:black;\r\n\tfont-size:11.0pt;\r\n\tfont-weight:400;\r\n\tfont-style:normal;\r\n\ttext-decoration:none;\r\n\tfont-family:Calibri, sans-serif;\r\n\tmso-font-charset:0;\r\n\tmso-number-format:\"Short Date\";\r\n\ttext-align:general;\r\n\tvertical-align:bottom;\r\n\tmso-background-source:auto;\r\n\tmso-pattern:auto;\r\n\twhite-space:nowrap;}\r\n.xl6519436\r\n\t{padding-top:1px;\r\n\tpadding-right:1px;\r\n\tpadding-left:1px;\r\n\tmso-ignore:padding;\r\n\tcolor:black;\r\n\tfont-size:11.0pt;\r\n\tfont-weight:400;\r\n\tfont-style:normal;\r\n\ttext-decoration:none;\r\n\tfont-family:Calibri, sans-serif;\r\n\tmso-font-charset:0;\r\n\tmso-number-format:General;\r\n\ttext-align:general;\r\n\tvertical-align:bottom;\r\n\tmso-background-source:auto;\r\n\tmso-pattern:auto;\r\n\twhite-space:nowrap;}\r\n.xl6619436\r\n\t{padding-top:1px;\r\n\tpadding-right:1px;\r\n\tpadding-left:1px;\r\n\tmso-ignore:padding;\r\n\tcolor:white;\r\n\tfont-size:11.0pt;\r\n\tfont-weight:700;\r\n\tfont-style:normal;\r\n\ttext-decoration:none;\r\n\tfont-family:Arial;\r\n\tmso-generic-font-family:auto;\r\n\tmso-font-charset:0;\r\n\tmso-number-format:General;\r\n\ttext-align:center;\r\n\tvertical-align:bottom;\r\n\tborder:.5pt solid windowtext;\r\n\tbackground:#333333;\r\n\tmso-pattern:black none;\r\n\twhite-space:nowrap;}\r\n.xl6719436\r\n\t{padding-top:1px;\r\n\tpadding-right:1px;\r\n\tpadding-left:1px;\r\n\tmso-ignore:padding;\r\n\tcolor:black;\r\n\tfont-size:10.0pt;\r\n\tfont-weight:400;\r\n\tfont-style:normal;\r\n\ttext-decoration:none;\r\n\tfont-family:Arial;\r\n\tmso-generic-font-family:auto;\r\n\tmso-font-charset:0;\r\n\tmso-number-format:General;\r\n\ttext-align:general;\r\n\tvertical-align:bottom;\r\n\tborder:.5pt solid windowtext;\r\n\tbackground:#E1E1E1;\r\n\tmso-pattern:black none;\r\n\twhite-space:nowrap;}\r\n-->\r\n<\/style>\r\n<\/head>\r\n\r\n<body>\r\n<!--[if !excel]>&nbsp;&nbsp;<![endif]-->\r\n<!--La siguiente informaci\u00f3n se gener\u00f3 mediante el Asistente para publicar como\r\np\u00e1gina web de Microsoft Excel.-->\r\n<!--Si se vuelve a publicar el mismo elemento desde Excel, se reemplazar\u00e1 toda\r\nla informaci\u00f3n comprendida entre las etiquetas DIV.-->\r\n<!----------------------------->\r\n<!--INICIO DE LOS RESULTADOS DEL ASISTENTE PARA PUBLICAR COMO P\u00c1GINA WEB DE\r\nEXCEL -->\r\n<!----------------------------->\r\n\r\n<div id=\"a70_f02_a1_19436\" align=center x:publishsource=\"Excel\">\r\n\r\n<table border=0 cellpadding=0 cellspacing=0 width=3235 style='border-collapse:\r\n collapse;table-layout:fixed;width:2427pt'>\r\n <col width=56 style='mso-width-source:userset;mso-width-alt:2048;width:42pt'>\r\n <col width=255 style='mso-width-source:userset;mso-width-alt:9325;width:191pt'>\r\n <col width=270 style='mso-width-source:userset;mso-width-alt:9874;width:203pt'>\r\n <col width=56 style='mso-width-source:userset;mso-width-alt:2048;width:42pt'>\r\n <col width=464 style='mso-width-source:userset;mso-width-alt:16969;width:348pt'>\r\n <col width=512 style='mso-width-source:userset;mso-width-alt:18724;width:384pt'>\r\n <col width=123 style='mso-width-source:userset;mso-width-alt:4498;width:92pt'>\r\n <col width=141 style='mso-width-source:userset;mso-width-alt:5156;width:106pt'>\r\n <col width=1358 style='mso-width-source:userset;mso-width-alt:49664;\r\n width:1019pt'>\r\n <tr height=0 style='display:none'>\r\n  <td class=xl1519436 width=56 style='width:42pt'>46700<\/td>\r\n  <td class=xl1519436 width=255 style='width:191pt'><\/td>\r\n  <td class=xl1519436 width=270 style='width:203pt'><\/td>\r\n  <td class=xl1519436 width=56 style='width:42pt'><\/td>\r\n  <td class=xl1519436 width=464 style='width:348pt'><\/td>\r\n  <td class=xl1519436 width=512 style='width:384pt'><\/td>\r\n  <td class=xl1519436 width=123 style='width:92pt'><\/td>\r\n  <td class=xl1519436 width=141 style='width:106pt'><\/td>\r\n  <td class=xl1519436 width=1358 style='width:1019pt'><\/td>\r\n <\/tr>\r\n <tr height=20 style='height:15.0pt'>\r\n  <td colspan=3 height=20 class=xl6619436 style='height:15.0pt'>T\u00cdTULO<\/td>\r\n  <td colspan=3 class=xl6619436>NOMBRE CORTO<\/td>\r\n  <td colspan=3 class=xl6619436>DESCRIPCI\u00d3N<\/td>\r\n <\/tr>\r\n <tr height=20 style='height:15.0pt'>\r\n  <td colspan=3 height=20 class=xl6719436 style='height:15.0pt'>Hiperv\u00ednculo a\r\n  las gacetas municipales<\/td>\r\n  <td colspan=3 class=xl6719436>a70_f02_a1<\/td>\r\n  <td colspan=3 class=xl6719436>Los sujetos obligados que no generan gacetas\r\n  municipales publicar\u00e1n un mensaje e hiperv\u00ednculo al sujeto obligado que est\u00e9\r\n  a cargo de publicar esta informaci\u00f3n<\/td>\r\n <\/tr>\r\n <tr height=0 style='display:none'>\r\n  <td class=xl1519436>1<\/td>\r\n  <td class=xl1519436>4<\/td>\r\n  <td class=xl1519436>4<\/td>\r\n  <td class=xl1519436>2<\/td>\r\n  <td class=xl1519436>7<\/td>\r\n  <td class=xl1519436>2<\/td>\r\n  <td class=xl1519436>4<\/td>\r\n  <td class=xl1519436>13<\/td>\r\n  <td class=xl1519436>14<\/td>\r\n <\/tr>\r\n <tr height=0 style='display:none'>\r\n  <td class=xl1519436>395917<\/td>\r\n  <td class=xl1519436>395918<\/td>\r\n  <td class=xl1519436>395919<\/td>\r\n  <td class=xl1519436>395920<\/td>\r\n  <td class=xl1519436>395921<\/td>\r\n  <td class=xl1519436>395922<\/td>\r\n  <td class=xl1519436>395923<\/td>\r\n  <td class=xl1519436>395916<\/td>\r\n  <td class=xl1519436>395924<\/td>\r\n <\/tr>\r\n <tr height=20 style='height:15.0pt'>\r\n  <td colspan=9 height=20 class=xl6619436 style='height:15.0pt'>Tabla Campos<\/td>\r\n <\/tr>\r\n <tr height=35 style='height:26.25pt'>\r\n  <td height=35 class=xl6319436 width=56 style='height:26.25pt;width:42pt'>Ejercicio<\/td>\r\n  <td class=xl6319436 width=255 style='border-left:none;width:191pt'>Fecha de\r\n  inicio del periodo que se informa<\/td>\r\n  <td class=xl6319436 width=270 style='border-left:none;width:203pt'>Fecha de\r\n  t\u00e9rmino del periodo que se informa<\/td>\r\n  <td class=xl6319436 width=56 style='border-left:none;width:42pt'>Mensaje<\/td>\r\n  <td class=xl6319436 width=464 style='border-left:none;width:348pt'>Hiperv\u00ednculo\r\n  al portal de transparencia del sujeto obligado que hayan referido<\/td>\r\n  <td class=xl6319436 width=512 style='border-left:none;width:384pt'>\u00c1rea(s)\r\n  responsable(s) que genera(n), posee(n), publica(n) y actualizan la\r\n  informaci\u00f3n<\/td>\r\n  <td class=xl6319436 width=123 style='border-left:none;width:92pt'>Fecha de\r\n  validaci\u00f3n<\/td>\r\n  <td class=xl6319436 width=141 style='border-left:none;width:106pt'>Fecha de\r\n  Actualizaci\u00f3n<\/td>\r\n  <td class=xl6319436 width=1358 style='border-left:none;width:1019pt'>Nota<\/td>\r\n <\/tr>\r\n <tr height=27 style='mso-height-source:userset;height:20.25pt'>\r\n  <td height=27 class=xl1519436 align=right style='height:20.25pt'>2021<\/td>\r\n  <td class=xl6419436 align=right>01\/01\/2021<\/td>\r\n  <td class=xl6419436 align=right>31\/03\/2021<\/td>\r\n  <td class=xl1519436 colspan=2>Municipio de Apan<\/td>\r\n  <td class=xl1519436>H. Ayuntamiento<\/td>\r\n  <td class=xl6419436 align=right>06\/04\/2021<\/td>\r\n  <td class=xl6419436 align=right>06\/04\/2021<\/td>\r\n  <td class=xl6519436>No se cuenta con una gaceta municipal ya que no ha\r\n  existido una propuesta de creaci\u00f3n de la misma en la presente administraci\u00f3n.\r\n  Por lo cual, habra campos de este formato sin informaci\u00f3n<\/td>\r\n <\/tr>\r\n <![if supportMisalignedColumns]>\r\n <tr height=0 style='display:none'>\r\n  <td width=56 style='width:42pt'><\/td>\r\n  <td width=255 style='width:191pt'><\/td>\r\n  <td width=270 style='width:203pt'><\/td>\r\n  <td width=56 style='width:42pt'><\/td>\r\n  <td width=464 style='width:348pt'><\/td>\r\n  <td width=512 style='width:384pt'><\/td>\r\n  <td width=123 style='width:92pt'><\/td>\r\n  <td width=141 style='width:106pt'><\/td>\r\n  <td width=1358 style='width:1019pt'><\/td>\r\n <\/tr>\r\n <![endif]>\r\n<\/table>\r\n\r\n<\/div>\r\n\r\n\r\n<!----------------------------->\r\n<!--FINAL DE LOS RESULTADOS DEL ASISTENTE PARA PUBLICAR COMO P\u00c1GINA WEB DE\r\nEXCEL-->\r\n<!----------------------------->\r\n<\/body>\r\n\r\n<\/html>\r\n\t\t<\/div>\n\t\t\t\t<\/div>\n\t\t\t\t\t\t<\/div>\n\t\t\t\t\t<\/div>\n\t\t<\/div>\n\t\t\t\t\t\t\t\t<\/div>\n\t\t\t\t\t<\/div>\n\t\t<\/section>\n\t\t\t\t\t\t\t\t\t<\/div>\n\t\t\t<\/div>\n\t\t\t\t\t<\/div>\n\t\t","protected":false},"excerpt":{"rendered":"<p>descargar archivo Art\u00edculo 70 fraccion a1 &nbsp; &lt;![if supportMisalignedColumns]&gt;&lt;![endif]&gt; 46700 T\u00cdTULO NOMBRE CORTO DESCRIPCI\u00d3N Hiperv\u00ednculo a las gacetas municipales a70_f02_a1 Los sujetos obligados que no generan gacetas municipales publicar\u00e1n un mensaje e hiperv\u00ednculo al sujeto obligado que est\u00e9 a cargo de publicar esta informaci\u00f3n 1 4 4 2 7 2 4 13 14 395917 395918 [&hellip;]<\/p>\n","protected":false},"author":1,"featured_media":0,"parent":10001,"menu_order":0,"comment_status":"closed","ping_status":"closed","template":"page-template-full.php","meta":[],"jetpack_sharing_enabled":true,"_links":{"self":[{"href":"https:\/\/apan.gob.mx\/portal\/wp-json\/wp\/v2\/pages\/10171"}],"collection":[{"href":"https:\/\/apan.gob.mx\/portal\/wp-json\/wp\/v2\/pages"}],"about":[{"href":"https:\/\/apan.gob.mx\/portal\/wp-json\/wp\/v2\/types\/page"}],"author":[{"embeddable":true,"href":"https:\/\/apan.gob.mx\/portal\/wp-json\/wp\/v2\/users\/1"}],"replies":[{"embeddable":true,"href":"https:\/\/apan.gob.mx\/portal\/wp-json\/wp\/v2\/comments?post=10171"}],"version-history":[{"count":3,"href":"https:\/\/apan.gob.mx\/portal\/wp-json\/wp\/v2\/pages\/10171\/revisions"}],"predecessor-version":[{"id":10175,"href":"https:\/\/apan.gob.mx\/portal\/wp-json\/wp\/v2\/pages\/10171\/revisions\/10175"}],"up":[{"embeddable":true,"href":"https:\/\/apan.gob.mx\/portal\/wp-json\/wp\/v2\/pages\/10001"}],"wp:attachment":[{"href":"https:\/\/apan.gob.mx\/portal\/wp-json\/wp\/v2\/media?parent=10171"}],"curies":[{"name":"wp","href":"https:\/\/api.w.org\/{rel}","templated":true}]}}