{"id":10176,"date":"2021-04-07T13:11:32","date_gmt":"2021-04-07T18:11:32","guid":{"rendered":"https:\/\/apan.gob.mx\/portal\/?page_id=10176"},"modified":"2021-04-07T13:13:52","modified_gmt":"2021-04-07T18:13:52","slug":"10176-2","status":"publish","type":"page","link":"https:\/\/apan.gob.mx\/portal\/1-trimestre-2021\/10176-2\/","title":{"rendered":"<!--ayuntamiento70_a2_2021_1-->"},"content":{"rendered":"\t\t<div data-elementor-type=\"wp-page\" data-elementor-id=\"10176\" class=\"elementor elementor-10176 elementor-bc-flex-widget\">\n\t\t\t\t\t\t<div class=\"elementor-inner\">\n\t\t\t\t<div class=\"elementor-section-wrap\">\n\t\t\t\t\t\t\t\t\t<section class=\"has_ae_slider elementor-section elementor-top-section elementor-element elementor-element-vfecxwf elementor-section-boxed elementor-section-height-default elementor-section-height-default ae-bg-gallery-type-default\" data-id=\"vfecxwf\" data-element_type=\"section\">\n\t\t\t\t\t\t<div class=\"elementor-container elementor-column-gap-default\">\n\t\t\t\t\t\t\t<div class=\"elementor-row\">\n\t\t\t\t\t<div class=\"has_ae_slider elementor-column elementor-col-100 elementor-top-column elementor-element elementor-element-vgktbnw ae-bg-gallery-type-default\" data-id=\"vgktbnw\" data-element_type=\"column\">\n\t\t\t<div class=\"elementor-column-wrap elementor-element-populated\">\n\t\t\t\t\t\t\t<div class=\"elementor-widget-wrap\">\n\t\t\t\t\t\t<div class=\"elementor-element elementor-element-fiqqyjv elementor-widget elementor-widget-button\" data-id=\"fiqqyjv\" data-element_type=\"widget\" data-widget_type=\"button.default\">\n\t\t\t\t<div class=\"elementor-widget-container\">\n\t\t\t\t\t<div class=\"elementor-button-wrapper\">\n\t\t\t<a href=\"https:\/\/www.apan.gob.mx\/descargables\/transparencia\/articulo70\/fraccion2\/2021_1\/ayuntamiento\/a2\/a70_f02_a2.xlsx\" class=\"elementor-button-link elementor-button elementor-size-sm\" role=\"button\">\n\t\t\t\t\t\t<span class=\"elementor-button-content-wrapper\">\n\t\t\t\t\t\t<span class=\"elementor-button-text\">descargar archivo<\/span>\n\t\t<\/span>\n\t\t\t\t\t<\/a>\n\t\t<\/div>\n\t\t\t\t<\/div>\n\t\t\t\t<\/div>\n\t\t\t\t<div class=\"elementor-element elementor-element-vcpiueq elementor-widget elementor-widget-heading\" data-id=\"vcpiueq\" data-element_type=\"widget\" data-widget_type=\"heading.default\">\n\t\t\t\t<div class=\"elementor-widget-container\">\n\t\t\t<h2 class=\"elementor-heading-title elementor-size-medium\">Aert\u00edculo 70  fracci\u00f3n II a2<\/h2>\t\t<\/div>\n\t\t\t\t<\/div>\n\t\t\t\t<div class=\"elementor-element elementor-element-uukxlzb elementor-widget elementor-widget-html\" data-id=\"uukxlzb\" data-element_type=\"widget\" data-widget_type=\"html.default\">\n\t\t\t\t<div class=\"elementor-widget-container\">\n\t\t\t<html xmlns:o=\"urn:schemas-microsoft-com:office:office\"\r\nxmlns:x=\"urn:schemas-microsoft-com:office:excel\"\r\nxmlns=\"http:\/\/www.w3.org\/TR\/REC-html40\">\r\n\r\n<head>\r\n<meta http-equiv=Content-Type content=\"text\/html; charset=windows-1252\">\r\n<meta name=ProgId content=Excel.Sheet>\r\n<meta name=Generator content=\"Microsoft Excel 15\">\r\n<link rel=File-List href=\"a70_f02_a2_archivos\/filelist.xml\">\r\n<style id=\"a70_f02_a2_25561_Styles\">\r\n<!--table\r\n\t{mso-displayed-decimal-separator:\"\\.\";\r\n\tmso-displayed-thousand-separator:\"\\,\";}\r\n.xl1525561\r\n\t{padding-top:1px;\r\n\tpadding-right:1px;\r\n\tpadding-left:1px;\r\n\tmso-ignore:padding;\r\n\tcolor:black;\r\n\tfont-size:11.0pt;\r\n\tfont-weight:400;\r\n\tfont-style:normal;\r\n\ttext-decoration:none;\r\n\tfont-family:Calibri, sans-serif;\r\n\tmso-font-charset:0;\r\n\tmso-number-format:General;\r\n\ttext-align:general;\r\n\tvertical-align:bottom;\r\n\tmso-background-source:auto;\r\n\tmso-pattern:auto;\r\n\twhite-space:nowrap;}\r\n.xl6325561\r\n\t{padding-top:1px;\r\n\tpadding-right:1px;\r\n\tpadding-left:1px;\r\n\tmso-ignore:padding;\r\n\tcolor:black;\r\n\tfont-size:10.0pt;\r\n\tfont-weight:400;\r\n\tfont-style:normal;\r\n\ttext-decoration:none;\r\n\tfont-family:Arial;\r\n\tmso-generic-font-family:auto;\r\n\tmso-font-charset:0;\r\n\tmso-number-format:General;\r\n\ttext-align:center;\r\n\tvertical-align:bottom;\r\n\tborder:.5pt solid windowtext;\r\n\tbackground:#E1E1E1;\r\n\tmso-pattern:black none;\r\n\twhite-space:normal;}\r\n.xl6425561\r\n\t{padding-top:1px;\r\n\tpadding-right:1px;\r\n\tpadding-left:1px;\r\n\tmso-ignore:padding;\r\n\tcolor:white;\r\n\tfont-size:11.0pt;\r\n\tfont-weight:700;\r\n\tfont-style:normal;\r\n\ttext-decoration:none;\r\n\tfont-family:Arial;\r\n\tmso-generic-font-family:auto;\r\n\tmso-font-charset:0;\r\n\tmso-number-format:General;\r\n\ttext-align:center;\r\n\tvertical-align:bottom;\r\n\tborder:.5pt solid windowtext;\r\n\tbackground:#333333;\r\n\tmso-pattern:black none;\r\n\twhite-space:nowrap;}\r\n.xl6525561\r\n\t{padding-top:1px;\r\n\tpadding-right:1px;\r\n\tpadding-left:1px;\r\n\tmso-ignore:padding;\r\n\tcolor:black;\r\n\tfont-size:10.0pt;\r\n\tfont-weight:400;\r\n\tfont-style:normal;\r\n\ttext-decoration:none;\r\n\tfont-family:Arial;\r\n\tmso-generic-font-family:auto;\r\n\tmso-font-charset:0;\r\n\tmso-number-format:General;\r\n\ttext-align:general;\r\n\tvertical-align:bottom;\r\n\tborder:.5pt solid windowtext;\r\n\tbackground:#E1E1E1;\r\n\tmso-pattern:black none;\r\n\twhite-space:nowrap;}\r\n.xl6625561\r\n\t{padding-top:1px;\r\n\tpadding-right:1px;\r\n\tpadding-left:1px;\r\n\tmso-ignore:padding;\r\n\tcolor:black;\r\n\tfont-size:11.0pt;\r\n\tfont-weight:400;\r\n\tfont-style:normal;\r\n\ttext-decoration:none;\r\n\tfont-family:Calibri, sans-serif;\r\n\tmso-font-charset:0;\r\n\tmso-number-format:General;\r\n\ttext-align:general;\r\n\tvertical-align:bottom;\r\n\tborder:.5pt solid windowtext;\r\n\tmso-background-source:auto;\r\n\tmso-pattern:auto;\r\n\twhite-space:nowrap;}\r\n.xl6725561\r\n\t{padding-top:1px;\r\n\tpadding-right:1px;\r\n\tpadding-left:1px;\r\n\tmso-ignore:padding;\r\n\tcolor:black;\r\n\tfont-size:11.0pt;\r\n\tfont-weight:400;\r\n\tfont-style:normal;\r\n\ttext-decoration:none;\r\n\tfont-family:Calibri, sans-serif;\r\n\tmso-font-charset:0;\r\n\tmso-number-format:\"Short Date\";\r\n\ttext-align:general;\r\n\tvertical-align:bottom;\r\n\tborder:.5pt solid windowtext;\r\n\tmso-background-source:auto;\r\n\tmso-pattern:auto;\r\n\twhite-space:nowrap;}\r\n.xl6825561\r\n\t{padding-top:1px;\r\n\tpadding-right:1px;\r\n\tpadding-left:1px;\r\n\tmso-ignore:padding;\r\n\tcolor:black;\r\n\tfont-size:11.0pt;\r\n\tfont-weight:400;\r\n\tfont-style:normal;\r\n\ttext-decoration:none;\r\n\tfont-family:Calibri, sans-serif;\r\n\tmso-font-charset:0;\r\n\tmso-number-format:General;\r\n\ttext-align:general;\r\n\tvertical-align:bottom;\r\n\tborder:.5pt solid windowtext;\r\n\tmso-background-source:auto;\r\n\tmso-pattern:auto;\r\n\twhite-space:nowrap;}\r\n-->\r\n<\/style>\r\n<\/head>\r\n\r\n<body>\r\n<!--[if !excel]>&nbsp;&nbsp;<![endif]-->\r\n<!--La siguiente informaci\u00f3n se gener\u00f3 mediante el Asistente para publicar como\r\np\u00e1gina web de Microsoft Excel.-->\r\n<!--Si se vuelve a publicar el mismo elemento desde Excel, se reemplazar\u00e1 toda\r\nla informaci\u00f3n comprendida entre las etiquetas DIV.-->\r\n<!----------------------------->\r\n<!--INICIO DE LOS RESULTADOS DEL ASISTENTE PARA PUBLICAR COMO P\u00c1GINA WEB DE\r\nEXCEL -->\r\n<!----------------------------->\r\n\r\n<div id=\"a70_f02_a2_25561\" align=center x:publishsource=\"Excel\">\r\n\r\n<table border=0 cellpadding=0 cellspacing=0 width=5068 style='border-collapse:\r\n collapse;table-layout:fixed;width:3802pt'>\r\n <col width=56 style='mso-width-source:userset;mso-width-alt:2048;width:42pt'>\r\n <col width=255 style='mso-width-source:userset;mso-width-alt:9325;width:191pt'>\r\n <col width=270 style='mso-width-source:userset;mso-width-alt:9874;width:203pt'>\r\n <col width=605 style='mso-width-source:userset;mso-width-alt:22125;width:454pt'>\r\n <col width=509 style='mso-width-source:userset;mso-width-alt:18614;width:382pt'>\r\n <col width=455 style='mso-width-source:userset;mso-width-alt:16640;width:341pt'>\r\n <col width=300 style='mso-width-source:userset;mso-width-alt:10971;width:225pt'>\r\n <col width=245 style='mso-width-source:userset;mso-width-alt:8960;width:184pt'>\r\n <col width=240 style='mso-width-source:userset;mso-width-alt:8777;width:180pt'>\r\n <col width=512 style='mso-width-source:userset;mso-width-alt:18724;width:384pt'>\r\n <col width=123 style='mso-width-source:userset;mso-width-alt:4498;width:92pt'>\r\n <col width=140 style='mso-width-source:userset;mso-width-alt:5120;width:105pt'>\r\n <col width=1358 style='mso-width-source:userset;mso-width-alt:49664;\r\n width:1019pt'>\r\n <tr height=0 style='display:none'>\r\n  <td class=xl1525561 width=56 style='width:42pt'>46699<\/td>\r\n  <td class=xl1525561 width=255 style='width:191pt'><\/td>\r\n  <td class=xl1525561 width=270 style='width:203pt'><\/td>\r\n  <td class=xl1525561 width=605 style='width:454pt'><\/td>\r\n  <td class=xl1525561 width=509 style='width:382pt'><\/td>\r\n  <td class=xl1525561 width=455 style='width:341pt'><\/td>\r\n  <td class=xl1525561 width=300 style='width:225pt'><\/td>\r\n  <td class=xl1525561 width=245 style='width:184pt'><\/td>\r\n  <td class=xl1525561 width=240 style='width:180pt'><\/td>\r\n  <td class=xl1525561 width=512 style='width:384pt'><\/td>\r\n  <td class=xl1525561 width=123 style='width:92pt'><\/td>\r\n  <td class=xl1525561 width=140 style='width:105pt'><\/td>\r\n  <td class=xl1525561 width=1358 style='width:1019pt'><\/td>\r\n <\/tr>\r\n <tr height=20 style='height:15.0pt'>\r\n  <td colspan=3 height=20 class=xl6425561 style='height:15.0pt'>T\u00cdTULO<\/td>\r\n  <td colspan=3 class=xl6425561>NOMBRE CORTO<\/td>\r\n  <td colspan=3 class=xl6425561>DESCRIPCI\u00d3N<\/td>\r\n  <td class=xl1525561><\/td>\r\n  <td class=xl1525561><\/td>\r\n  <td class=xl1525561><\/td>\r\n  <td class=xl1525561><\/td>\r\n <\/tr>\r\n <tr height=20 style='height:15.0pt'>\r\n  <td colspan=3 height=20 class=xl6525561 style='height:15.0pt'>El contenido de\r\n  las gacetas municipales<\/td>\r\n  <td colspan=3 class=xl6525561>a70_f02_a2<\/td>\r\n  <td colspan=3 class=xl6525561>La publicaci\u00f3n de las gacetas municipales y, en\r\n  su caso, delegacionales, pretenden fortalecer los procesos de sistematizaci\u00f3n\r\n  de informaci\u00f3n y fomentar la conservaci\u00f3n o registro hist\u00f3rico de algunos\r\n  temas de inter\u00e9s para la ciudadan\u00eda<\/td>\r\n  <td class=xl1525561><\/td>\r\n  <td class=xl1525561><\/td>\r\n  <td class=xl1525561><\/td>\r\n  <td class=xl1525561><\/td>\r\n <\/tr>\r\n <tr height=0 style='display:none'>\r\n  <td class=xl1525561>1<\/td>\r\n  <td class=xl1525561>4<\/td>\r\n  <td class=xl1525561>4<\/td>\r\n  <td class=xl1525561>2<\/td>\r\n  <td class=xl1525561>2<\/td>\r\n  <td class=xl1525561>1<\/td>\r\n  <td class=xl1525561>4<\/td>\r\n  <td class=xl1525561>1<\/td>\r\n  <td class=xl1525561>7<\/td>\r\n  <td class=xl1525561>2<\/td>\r\n  <td class=xl1525561>4<\/td>\r\n  <td class=xl1525561>13<\/td>\r\n  <td class=xl1525561>14<\/td>\r\n <\/tr>\r\n <tr height=0 style='display:none'>\r\n  <td class=xl1525561>395905<\/td>\r\n  <td class=xl1525561>395913<\/td>\r\n  <td class=xl1525561>395914<\/td>\r\n  <td class=xl1525561>395906<\/td>\r\n  <td class=xl1525561>395907<\/td>\r\n  <td class=xl1525561>395903<\/td>\r\n  <td class=xl1525561>395908<\/td>\r\n  <td class=xl1525561>395904<\/td>\r\n  <td class=xl1525561>395909<\/td>\r\n  <td class=xl1525561>395915<\/td>\r\n  <td class=xl1525561>395911<\/td>\r\n  <td class=xl1525561>395910<\/td>\r\n  <td class=xl1525561>395912<\/td>\r\n <\/tr>\r\n <tr height=20 style='height:15.0pt'>\r\n  <td colspan=13 height=20 class=xl6425561 style='height:15.0pt'>Tabla Campos<\/td>\r\n <\/tr>\r\n <tr height=35 style='height:26.25pt'>\r\n  <td height=35 class=xl6325561 width=56 style='height:26.25pt;width:42pt'>Ejercicio<\/td>\r\n  <td class=xl6325561 width=255 style='border-left:none;width:191pt'>Fecha de\r\n  inicio del periodo que se informa<\/td>\r\n  <td class=xl6325561 width=270 style='border-left:none;width:203pt'>Fecha de\r\n  t\u00e9rmino del periodo que se informa<\/td>\r\n  <td class=xl6325561 width=605 style='border-left:none;width:454pt'>Denominaci\u00f3n\r\n  de la normatividad que establece la periodicidad de publicaci\u00f3n de la gaceta\r\n  municipal<\/td>\r\n  <td class=xl6325561 width=509 style='border-left:none;width:382pt'>Denominaci\u00f3n\r\n  de la gaceta municipal, delegacional, estrado u otro medio, en su caso<\/td>\r\n  <td class=xl6325561 width=455 style='border-left:none;width:341pt'>Periodicidad\r\n  de publicaci\u00f3n de acuerdo con la normatividad correspondiente<\/td>\r\n  <td class=xl6325561 width=300 style='border-left:none;width:225pt'>Fecha de\r\n  publicaci\u00f3n de la gaceta, estrado u otro<span\r\n  style='mso-spacerun:yes'>\u00a0<\/span><\/td>\r\n  <td class=xl6325561 width=245 style='border-left:none;width:184pt'>N\u00famero de\r\n  gaceta, estrado u otro medio<\/td>\r\n  <td class=xl6325561 width=240 style='border-left:none;width:180pt'>Hiperv\u00ednculo\r\n  al documento de la gaceta<\/td>\r\n  <td class=xl6325561 width=512 style='border-left:none;width:384pt'>\u00c1rea(s)\r\n  responsable(s) que genera(n), posee(n), publica(n) y actualizan la\r\n  informaci\u00f3n<\/td>\r\n  <td class=xl6325561 width=123 style='border-left:none;width:92pt'>Fecha de\r\n  validaci\u00f3n<\/td>\r\n  <td class=xl6325561 width=140 style='border-left:none;width:105pt'>Fecha de\r\n  actualizaci\u00f3n<\/td>\r\n  <td class=xl6325561 width=1358 style='border-left:none;width:1019pt'>Nota<\/td>\r\n <\/tr>\r\n <tr height=20 style='height:15.0pt'>\r\n  <td height=20 class=xl6625561 align=right style='height:15.0pt;border-top:\r\n  none'>2021<\/td>\r\n  <td class=xl6725561 align=right style='border-top:none;border-left:none'>01\/03\/2021<\/td>\r\n  <td class=xl6725561 align=right style='border-top:none;border-left:none'>31\/03\/2021<\/td>\r\n  <td class=xl6625561 align=right style='border-top:none;border-left:none'>0<\/td>\r\n  <td class=xl6625561 align=right style='border-top:none;border-left:none'>0<\/td>\r\n  <td class=xl6625561 align=right style='border-top:none;border-left:none'>0<\/td>\r\n  <td class=xl6625561 style='border-top:none;border-left:none'>&nbsp;<\/td>\r\n  <td class=xl6625561 align=right style='border-top:none;border-left:none'>0<\/td>\r\n  <td class=xl6625561 style='border-top:none;border-left:none'>&nbsp;<\/td>\r\n  <td class=xl6625561 style='border-top:none;border-left:none'>H. Ayuntamiento<\/td>\r\n  <td class=xl6725561 align=right style='border-top:none;border-left:none'>06\/04\/2021<\/td>\r\n  <td class=xl6725561 align=right style='border-top:none;border-left:none'>06\/04\/2021<\/td>\r\n  <td class=xl6825561 style='border-top:none;border-left:none'>No se cuenta con\r\n  una gaceta municipal ya que no ha existido una propuesta de creaci\u00f3n de la\r\n  misma en la presente administraci\u00f3n. Por lo cual habra algunos campos de este\r\n  formato sin informaci\u00f3n<\/td>\r\n <\/tr>\r\n <![if supportMisalignedColumns]>\r\n <tr height=0 style='display:none'>\r\n  <td width=56 style='width:42pt'><\/td>\r\n  <td width=255 style='width:191pt'><\/td>\r\n  <td width=270 style='width:203pt'><\/td>\r\n  <td width=605 style='width:454pt'><\/td>\r\n  <td width=509 style='width:382pt'><\/td>\r\n  <td width=455 style='width:341pt'><\/td>\r\n  <td width=300 style='width:225pt'><\/td>\r\n  <td width=245 style='width:184pt'><\/td>\r\n  <td width=240 style='width:180pt'><\/td>\r\n  <td width=512 style='width:384pt'><\/td>\r\n  <td width=123 style='width:92pt'><\/td>\r\n  <td width=140 style='width:105pt'><\/td>\r\n  <td width=1358 style='width:1019pt'><\/td>\r\n <\/tr>\r\n <![endif]>\r\n<\/table>\r\n\r\n<\/div>\r\n\r\n\r\n<!----------------------------->\r\n<!--FINAL DE LOS RESULTADOS DEL ASISTENTE PARA PUBLICAR COMO P\u00c1GINA WEB DE\r\nEXCEL-->\r\n<!----------------------------->\r\n<\/body>\r\n\r\n<\/html>\r\n\t\t<\/div>\n\t\t\t\t<\/div>\n\t\t\t\t\t\t<\/div>\n\t\t\t\t\t<\/div>\n\t\t<\/div>\n\t\t\t\t\t\t\t\t<\/div>\n\t\t\t\t\t<\/div>\n\t\t<\/section>\n\t\t\t\t\t\t\t\t\t<\/div>\n\t\t\t<\/div>\n\t\t\t\t\t<\/div>\n\t\t","protected":false},"excerpt":{"rendered":"<p>descargar archivo Aert\u00edculo 70 fracci\u00f3n II a2 46699 T\u00cdTULO NOMBRE CORTO DESCRIPCI\u00d3N El contenido de las gacetas municipales a70_f02_a2 La publicaci\u00f3n de las gacetas municipales y, en su caso, delegacionales, pretenden fortalecer los procesos de sistematizaci\u00f3n de informaci\u00f3n y fomentar la conservaci\u00f3n o registro hist\u00f3rico de algunos temas de inter\u00e9s para la ciudadan\u00eda 1 4 [&hellip;]<\/p>\n","protected":false},"author":1,"featured_media":0,"parent":10001,"menu_order":0,"comment_status":"closed","ping_status":"closed","template":"page-template-full.php","meta":[],"jetpack_sharing_enabled":true,"_links":{"self":[{"href":"https:\/\/apan.gob.mx\/portal\/wp-json\/wp\/v2\/pages\/10176"}],"collection":[{"href":"https:\/\/apan.gob.mx\/portal\/wp-json\/wp\/v2\/pages"}],"about":[{"href":"https:\/\/apan.gob.mx\/portal\/wp-json\/wp\/v2\/types\/page"}],"author":[{"embeddable":true,"href":"https:\/\/apan.gob.mx\/portal\/wp-json\/wp\/v2\/users\/1"}],"replies":[{"embeddable":true,"href":"https:\/\/apan.gob.mx\/portal\/wp-json\/wp\/v2\/comments?post=10176"}],"version-history":[{"count":2,"href":"https:\/\/apan.gob.mx\/portal\/wp-json\/wp\/v2\/pages\/10176\/revisions"}],"predecessor-version":[{"id":10178,"href":"https:\/\/apan.gob.mx\/portal\/wp-json\/wp\/v2\/pages\/10176\/revisions\/10178"}],"up":[{"embeddable":true,"href":"https:\/\/apan.gob.mx\/portal\/wp-json\/wp\/v2\/pages\/10001"}],"wp:attachment":[{"href":"https:\/\/apan.gob.mx\/portal\/wp-json\/wp\/v2\/media?parent=10176"}],"curies":[{"name":"wp","href":"https:\/\/api.w.org\/{rel}","templated":true}]}}