{"id":10203,"date":"2021-04-07T14:15:12","date_gmt":"2021-04-07T19:15:12","guid":{"rendered":"https:\/\/apan.gob.mx\/portal\/?page_id=10203"},"modified":"2021-04-07T14:17:06","modified_gmt":"2021-04-07T19:17:06","slug":"10203-2","status":"publish","type":"page","link":"https:\/\/apan.gob.mx\/portal\/1-trimestre-2021\/10203-2\/","title":{"rendered":"<!--ecologia_70_f4_2021_1-->"},"content":{"rendered":"\t\t<div data-elementor-type=\"wp-page\" data-elementor-id=\"10203\" class=\"elementor elementor-10203 elementor-bc-flex-widget\">\n\t\t\t\t\t\t<div class=\"elementor-inner\">\n\t\t\t\t<div class=\"elementor-section-wrap\">\n\t\t\t\t\t\t\t\t\t<section class=\"has_ae_slider elementor-section elementor-top-section elementor-element elementor-element-wetuxio elementor-section-boxed elementor-section-height-default elementor-section-height-default ae-bg-gallery-type-default\" data-id=\"wetuxio\" data-element_type=\"section\">\n\t\t\t\t\t\t<div class=\"elementor-container elementor-column-gap-default\">\n\t\t\t\t\t\t\t<div class=\"elementor-row\">\n\t\t\t\t\t<div class=\"has_ae_slider elementor-column elementor-col-100 elementor-top-column elementor-element elementor-element-hcjgbsw ae-bg-gallery-type-default\" data-id=\"hcjgbsw\" data-element_type=\"column\">\n\t\t\t<div class=\"elementor-column-wrap elementor-element-populated\">\n\t\t\t\t\t\t\t<div class=\"elementor-widget-wrap\">\n\t\t\t\t\t\t<div class=\"elementor-element elementor-element-ysayjxl elementor-widget elementor-widget-button\" data-id=\"ysayjxl\" data-element_type=\"widget\" data-widget_type=\"button.default\">\n\t\t\t\t<div class=\"elementor-widget-container\">\n\t\t\t\t\t<div class=\"elementor-button-wrapper\">\n\t\t\t<a href=\"https:\/\/www.apan.gob.mx\/descargables\/transparencia\/articulo70\/fraccion1\/2021_1\/ecopyj\/f4\/a70_f01_f4.xlsx\" target=\"_blank\" class=\"elementor-button-link elementor-button elementor-size-sm\" role=\"button\">\n\t\t\t\t\t\t<span class=\"elementor-button-content-wrapper\">\n\t\t\t\t\t\t<span class=\"elementor-button-text\">descargar el archivo<\/span>\n\t\t<\/span>\n\t\t\t\t\t<\/a>\n\t\t<\/div>\n\t\t\t\t<\/div>\n\t\t\t\t<\/div>\n\t\t\t\t<div class=\"elementor-element elementor-element-nkmgljm elementor-widget elementor-widget-heading\" data-id=\"nkmgljm\" data-element_type=\"widget\" data-widget_type=\"heading.default\">\n\t\t\t\t<div class=\"elementor-widget-container\">\n\t\t\t<h2 class=\"elementor-heading-title elementor-size-medium\">Art\u00edculo 70 Fracci\u00f3n I  f4<\/h2>\t\t<\/div>\n\t\t\t\t<\/div>\n\t\t\t\t<div class=\"elementor-element elementor-element-uaztawg elementor-widget elementor-widget-html\" data-id=\"uaztawg\" data-element_type=\"widget\" data-widget_type=\"html.default\">\n\t\t\t\t<div class=\"elementor-widget-container\">\n\t\t\t<html xmlns:o=\"urn:schemas-microsoft-com:office:office\"\r\nxmlns:x=\"urn:schemas-microsoft-com:office:excel\"\r\nxmlns=\"http:\/\/www.w3.org\/TR\/REC-html40\">\r\n\r\n<head>\r\n<meta http-equiv=Content-Type content=\"text\/html; charset=windows-1252\">\r\n<meta name=ProgId content=Excel.Sheet>\r\n<meta name=Generator content=\"Microsoft Excel 15\">\r\n<link rel=File-List href=\"a70_f01_f4_archivos\/filelist.xml\">\r\n<style id=\"a70_f01_f4_26377_Styles\">\r\n<!--table\r\n\t{mso-displayed-decimal-separator:\"\\.\";\r\n\tmso-displayed-thousand-separator:\"\\,\";}\r\n.xl1526377\r\n\t{padding-top:1px;\r\n\tpadding-right:1px;\r\n\tpadding-left:1px;\r\n\tmso-ignore:padding;\r\n\tcolor:black;\r\n\tfont-size:11.0pt;\r\n\tfont-weight:400;\r\n\tfont-style:normal;\r\n\ttext-decoration:none;\r\n\tfont-family:Calibri, sans-serif;\r\n\tmso-font-charset:0;\r\n\tmso-number-format:General;\r\n\ttext-align:general;\r\n\tvertical-align:bottom;\r\n\tmso-background-source:auto;\r\n\tmso-pattern:auto;\r\n\twhite-space:nowrap;}\r\n.xl6526377\r\n\t{padding-top:1px;\r\n\tpadding-right:1px;\r\n\tpadding-left:1px;\r\n\tmso-ignore:padding;\r\n\tcolor:black;\r\n\tfont-size:10.0pt;\r\n\tfont-weight:400;\r\n\tfont-style:normal;\r\n\ttext-decoration:none;\r\n\tfont-family:Arial;\r\n\tmso-generic-font-family:auto;\r\n\tmso-font-charset:0;\r\n\tmso-number-format:General;\r\n\ttext-align:center;\r\n\tvertical-align:bottom;\r\n\tborder:.5pt solid windowtext;\r\n\tbackground:#E1E1E1;\r\n\tmso-pattern:black none;\r\n\twhite-space:normal;}\r\n.xl6626377\r\n\t{padding-top:1px;\r\n\tpadding-right:1px;\r\n\tpadding-left:1px;\r\n\tmso-ignore:padding;\r\n\tcolor:black;\r\n\tfont-size:11.0pt;\r\n\tfont-weight:400;\r\n\tfont-style:normal;\r\n\ttext-decoration:none;\r\n\tfont-family:Calibri, sans-serif;\r\n\tmso-font-charset:0;\r\n\tmso-number-format:General;\r\n\ttext-align:general;\r\n\tvertical-align:bottom;\r\n\tborder:.5pt solid windowtext;\r\n\tmso-background-source:auto;\r\n\tmso-pattern:auto;\r\n\twhite-space:nowrap;}\r\n.xl6726377\r\n\t{padding-top:1px;\r\n\tpadding-right:1px;\r\n\tpadding-left:1px;\r\n\tmso-ignore:padding;\r\n\tcolor:black;\r\n\tfont-size:11.0pt;\r\n\tfont-weight:400;\r\n\tfont-style:normal;\r\n\ttext-decoration:none;\r\n\tfont-family:Calibri, sans-serif;\r\n\tmso-font-charset:0;\r\n\tmso-number-format:\"Short Date\";\r\n\ttext-align:general;\r\n\tvertical-align:bottom;\r\n\tborder:.5pt solid windowtext;\r\n\tmso-background-source:auto;\r\n\tmso-pattern:auto;\r\n\twhite-space:nowrap;}\r\n.xl6826377\r\n\t{padding-top:1px;\r\n\tpadding-right:1px;\r\n\tpadding-left:1px;\r\n\tmso-ignore:padding;\r\n\tcolor:#0563C1;\r\n\tfont-size:11.0pt;\r\n\tfont-weight:400;\r\n\tfont-style:normal;\r\n\ttext-decoration:underline;\r\n\ttext-underline-style:single;\r\n\tfont-family:Calibri, sans-serif;\r\n\tmso-font-charset:0;\r\n\tmso-number-format:General;\r\n\ttext-align:general;\r\n\tvertical-align:bottom;\r\n\tborder:.5pt solid windowtext;\r\n\tmso-background-source:auto;\r\n\tmso-pattern:auto;\r\n\twhite-space:nowrap;}\r\n.xl6926377\r\n\t{padding-top:1px;\r\n\tpadding-right:1px;\r\n\tpadding-left:1px;\r\n\tmso-ignore:padding;\r\n\tcolor:white;\r\n\tfont-size:11.0pt;\r\n\tfont-weight:700;\r\n\tfont-style:normal;\r\n\ttext-decoration:none;\r\n\tfont-family:Arial;\r\n\tmso-generic-font-family:auto;\r\n\tmso-font-charset:0;\r\n\tmso-number-format:General;\r\n\ttext-align:center;\r\n\tvertical-align:bottom;\r\n\tborder:.5pt solid windowtext;\r\n\tbackground:#333333;\r\n\tmso-pattern:black none;\r\n\twhite-space:nowrap;}\r\n.xl7026377\r\n\t{padding-top:1px;\r\n\tpadding-right:1px;\r\n\tpadding-left:1px;\r\n\tmso-ignore:padding;\r\n\tcolor:black;\r\n\tfont-size:10.0pt;\r\n\tfont-weight:400;\r\n\tfont-style:normal;\r\n\ttext-decoration:none;\r\n\tfont-family:Arial;\r\n\tmso-generic-font-family:auto;\r\n\tmso-font-charset:0;\r\n\tmso-number-format:General;\r\n\ttext-align:general;\r\n\tvertical-align:bottom;\r\n\tborder:.5pt solid windowtext;\r\n\tbackground:#E1E1E1;\r\n\tmso-pattern:black none;\r\n\twhite-space:nowrap;}\r\n-->\r\n<\/style>\r\n<\/head>\r\n\r\n<body>\r\n<!--[if !excel]>&nbsp;&nbsp;<![endif]-->\r\n<!--La siguiente informaci\u00f3n se gener\u00f3 mediante el Asistente para publicar como\r\np\u00e1gina web de Microsoft Excel.-->\r\n<!--Si se vuelve a publicar el mismo elemento desde Excel, se reemplazar\u00e1 toda\r\nla informaci\u00f3n comprendida entre las etiquetas DIV.-->\r\n<!----------------------------->\r\n<!--INICIO DE LOS RESULTADOS DEL ASISTENTE PARA PUBLICAR COMO P\u00c1GINA WEB DE\r\nEXCEL -->\r\n<!----------------------------->\r\n\r\n<div id=\"a70_f01_f4_26377\" align=center x:publishsource=\"Excel\">\r\n\r\n<table border=0 cellpadding=0 cellspacing=0 width=3348 style='border-collapse:\r\n collapse;table-layout:fixed;width:2512pt'>\r\n <col width=56 style='mso-width-source:userset;mso-width-alt:2048;width:42pt'>\r\n <col width=255 style='mso-width-source:userset;mso-width-alt:9325;width:191pt'>\r\n <col width=270 style='mso-width-source:userset;mso-width-alt:9874;width:203pt'>\r\n <col width=336 style='mso-width-source:userset;mso-width-alt:12288;width:252pt'>\r\n <col width=543 style='mso-width-source:userset;mso-width-alt:19858;width:407pt'>\r\n <col width=512 style='mso-width-source:userset;mso-width-alt:18724;width:384pt'>\r\n <col width=123 style='mso-width-source:userset;mso-width-alt:4498;width:92pt'>\r\n <col width=434 style='mso-width-source:userset;mso-width-alt:15872;width:326pt'>\r\n <col width=622 style='mso-width-source:userset;mso-width-alt:22747;width:467pt'>\r\n <col width=141 style='mso-width-source:userset;mso-width-alt:5156;width:106pt'>\r\n <col width=56 style='mso-width-source:userset;mso-width-alt:2048;width:42pt'>\r\n <tr height=0 style='display:none'>\r\n  <td class=xl1526377 width=56 style='width:42pt'>46693<\/td>\r\n  <td class=xl1526377 width=255 style='width:191pt'><\/td>\r\n  <td class=xl1526377 width=270 style='width:203pt'><\/td>\r\n  <td class=xl1526377 width=336 style='width:252pt'><\/td>\r\n  <td class=xl1526377 width=543 style='width:407pt'><\/td>\r\n  <td class=xl1526377 width=512 style='width:384pt'><\/td>\r\n  <td class=xl1526377 width=123 style='width:92pt'><\/td>\r\n  <td class=xl1526377 width=434 style='width:326pt'><\/td>\r\n  <td class=xl1526377 width=622 style='width:467pt'><\/td>\r\n  <td class=xl1526377 width=141 style='width:106pt'><\/td>\r\n  <td class=xl1526377 width=56 style='width:42pt'><\/td>\r\n <\/tr>\r\n <tr height=20 style='height:15.0pt'>\r\n  <td colspan=3 height=20 class=xl6926377 style='height:15.0pt'>T\u00cdTULO<\/td>\r\n  <td colspan=3 class=xl6926377>NOMBRE CORTO<\/td>\r\n  <td colspan=3 class=xl6926377>DESCRIPCI\u00d3N<\/td>\r\n  <td class=xl1526377><\/td>\r\n  <td class=xl1526377><\/td>\r\n <\/tr>\r\n <tr height=20 style='height:15.0pt'>\r\n  <td colspan=3 height=20 class=xl7026377 style='height:15.0pt'>Planes y\r\n  programas de ordenamiento ecol\u00f3gico<\/td>\r\n  <td colspan=3 class=xl7026377>a70_f01_f4<\/td>\r\n  <td colspan=3 class=xl7026377>Los Programas Nacionales, Regionales, Estatales\r\n  y Municipales de desarrollo urbano y de vivienda, ordenamiento territorial y\r\n  ecol\u00f3gico son instrumentos p\u00fablicos que buscan ordenar y desarrollar el\r\n  territorio mexicano<\/td>\r\n  <td class=xl1526377><\/td>\r\n  <td class=xl1526377><\/td>\r\n <\/tr>\r\n <tr height=0 style='display:none'>\r\n  <td class=xl1526377>1<\/td>\r\n  <td class=xl1526377>4<\/td>\r\n  <td class=xl1526377>4<\/td>\r\n  <td class=xl1526377>2<\/td>\r\n  <td class=xl1526377>7<\/td>\r\n  <td class=xl1526377>2<\/td>\r\n  <td class=xl1526377>4<\/td>\r\n  <td class=xl1526377>2<\/td>\r\n  <td class=xl1526377>7<\/td>\r\n  <td class=xl1526377>13<\/td>\r\n  <td class=xl1526377>14<\/td>\r\n <\/tr>\r\n <tr height=0 style='display:none'>\r\n  <td class=xl1526377>395829<\/td>\r\n  <td class=xl1526377>395835<\/td>\r\n  <td class=xl1526377>395838<\/td>\r\n  <td class=xl1526377>395831<\/td>\r\n  <td class=xl1526377>395839<\/td>\r\n  <td class=xl1526377>395830<\/td>\r\n  <td class=xl1526377>395832<\/td>\r\n  <td class=xl1526377>395836<\/td>\r\n  <td class=xl1526377>395837<\/td>\r\n  <td class=xl1526377>395833<\/td>\r\n  <td class=xl1526377>395834<\/td>\r\n <\/tr>\r\n <tr height=20 style='height:15.0pt'>\r\n  <td colspan=11 height=20 class=xl6926377 style='height:15.0pt'>Tabla Campos<\/td>\r\n <\/tr>\r\n <tr height=35 style='height:26.25pt'>\r\n  <td height=35 class=xl6526377 width=56 style='height:26.25pt;width:42pt'>Ejercicio<\/td>\r\n  <td class=xl6526377 width=255 style='border-left:none;width:191pt'>Fecha de\r\n  inicio del periodo que se informa<\/td>\r\n  <td class=xl6526377 width=270 style='border-left:none;width:203pt'>Fecha de\r\n  t\u00e9rmino del periodo que se informa<\/td>\r\n  <td class=xl6526377 width=336 style='border-left:none;width:252pt'>Denominaci\u00f3n\r\n  del programa de ordenamiento ecol\u00f3gico<\/td>\r\n  <td class=xl6526377 width=543 style='border-left:none;width:407pt'>Hiperv\u00ednculo\r\n  al documento completo de los Planes y programas de ordenamiento ecol\u00f3gico<\/td>\r\n  <td class=xl6526377 width=512 style='border-left:none;width:384pt'>\u00c1rea(s)\r\n  responsable(s) que genera(n), posee(n), publica(n) y actualizan la\r\n  informaci\u00f3n<\/td>\r\n  <td class=xl6526377 width=123 style='border-left:none;width:92pt'>Fecha de\r\n  validaci\u00f3n<\/td>\r\n  <td class=xl6526377 width=434 style='border-left:none;width:326pt'>Lineamientos\r\n  por objetivo del Plan (o planes) de ordenamiento ecol\u00f3gico<\/td>\r\n  <td class=xl6526377 width=622 style='border-left:none;width:467pt'>Hiperv\u00ednculo\r\n  a los documentos de mapas de apoyo explicativos de los Planes de ordenamiento\r\n  ecol\u00f3gico<\/td>\r\n  <td class=xl6526377 width=141 style='border-left:none;width:106pt'>Fecha de\r\n  Actualizaci\u00f3n<\/td>\r\n  <td class=xl6526377 width=56 style='border-left:none;width:42pt'>Nota<\/td>\r\n <\/tr>\r\n <tr height=20 style='height:15.0pt'>\r\n  <td height=20 class=xl6626377 align=right style='height:15.0pt;border-top:\r\n  none'>2021<\/td>\r\n  <td class=xl6726377 align=right style='border-top:none;border-left:none'>01\/01\/2021<\/td>\r\n  <td class=xl6726377 align=right style='border-top:none;border-left:none'>31\/03\/2021<\/td>\r\n  <td class=xl6626377 style='border-top:none;border-left:none'>ACTUALIZACION\r\n  DEL ORDENAMIENTO ECOLOGICO TER<span style='display:none'>RITORIAL.<\/span><\/td>\r\n  <td class=xl6826377 style='border-top:none;border-left:none'><a\r\n  href=\"https:\/\/s-medioambiente.hidalgo.gob.mx\/\">https:\/\/s-medioambiente.hidalgo.gob.mx\/<\/a><\/td>\r\n  <td class=xl6626377 style='border-top:none;border-left:none'>ECOLOGIA,\r\n  PARQUES Y JARDINES<\/td>\r\n  <td class=xl6726377 align=right style='border-top:none;border-left:none'>06\/04\/2021<\/td>\r\n  <td class=xl6626377 style='border-top:none;border-left:none'>ESTA EN PROCESO\r\n  Y LOS LINEAMIENTOS LOS MANEJA SEMARNATH<\/td>\r\n  <td class=xl6826377 style='border-top:none;border-left:none'><a\r\n  href=\"https:\/\/s-medioambiente.hidalgo.gob.mx\/\">https:\/\/s-medioambiente.hidalgo.gob.mx\/<\/a><\/td>\r\n  <td class=xl6726377 align=right style='border-top:none;border-left:none'>06\/04\/2021<\/td>\r\n  <td class=xl6626377 style='border-top:none;border-left:none'>&nbsp;<\/td>\r\n <\/tr>\r\n <![if supportMisalignedColumns]>\r\n <tr height=0 style='display:none'>\r\n  <td width=56 style='width:42pt'><\/td>\r\n  <td width=255 style='width:191pt'><\/td>\r\n  <td width=270 style='width:203pt'><\/td>\r\n  <td width=336 style='width:252pt'><\/td>\r\n  <td width=543 style='width:407pt'><\/td>\r\n  <td width=512 style='width:384pt'><\/td>\r\n  <td width=123 style='width:92pt'><\/td>\r\n  <td width=434 style='width:326pt'><\/td>\r\n  <td width=622 style='width:467pt'><\/td>\r\n  <td width=141 style='width:106pt'><\/td>\r\n  <td width=56 style='width:42pt'><\/td>\r\n <\/tr>\r\n <![endif]>\r\n<\/table>\r\n\r\n<\/div>\r\n\r\n\r\n<!----------------------------->\r\n<!--FINAL DE LOS RESULTADOS DEL ASISTENTE PARA PUBLICAR COMO P\u00c1GINA WEB DE\r\nEXCEL-->\r\n<!----------------------------->\r\n<\/body>\r\n\r\n<\/html>\r\n\t\t<\/div>\n\t\t\t\t<\/div>\n\t\t\t\t\t\t<\/div>\n\t\t\t\t\t<\/div>\n\t\t<\/div>\n\t\t\t\t\t\t\t\t<\/div>\n\t\t\t\t\t<\/div>\n\t\t<\/section>\n\t\t\t\t\t\t\t\t\t<\/div>\n\t\t\t<\/div>\n\t\t\t\t\t<\/div>\n\t\t","protected":false},"excerpt":{"rendered":"<p>descargar el archivo Art\u00edculo 70 Fracci\u00f3n I f4 46693 T\u00cdTULO NOMBRE CORTO DESCRIPCI\u00d3N Planes y programas de ordenamiento ecol\u00f3gico a70_f01_f4 Los Programas Nacionales, Regionales, Estatales y Municipales de desarrollo urbano y de vivienda, ordenamiento territorial y ecol\u00f3gico son instrumentos p\u00fablicos que buscan ordenar y desarrollar el territorio mexicano 1 4 4 2 7 2 4 [&hellip;]<\/p>\n","protected":false},"author":1,"featured_media":0,"parent":10001,"menu_order":0,"comment_status":"closed","ping_status":"closed","template":"page-template-full.php","meta":[],"jetpack_sharing_enabled":true,"_links":{"self":[{"href":"https:\/\/apan.gob.mx\/portal\/wp-json\/wp\/v2\/pages\/10203"}],"collection":[{"href":"https:\/\/apan.gob.mx\/portal\/wp-json\/wp\/v2\/pages"}],"about":[{"href":"https:\/\/apan.gob.mx\/portal\/wp-json\/wp\/v2\/types\/page"}],"author":[{"embeddable":true,"href":"https:\/\/apan.gob.mx\/portal\/wp-json\/wp\/v2\/users\/1"}],"replies":[{"embeddable":true,"href":"https:\/\/apan.gob.mx\/portal\/wp-json\/wp\/v2\/comments?post=10203"}],"version-history":[{"count":2,"href":"https:\/\/apan.gob.mx\/portal\/wp-json\/wp\/v2\/pages\/10203\/revisions"}],"predecessor-version":[{"id":10205,"href":"https:\/\/apan.gob.mx\/portal\/wp-json\/wp\/v2\/pages\/10203\/revisions\/10205"}],"up":[{"embeddable":true,"href":"https:\/\/apan.gob.mx\/portal\/wp-json\/wp\/v2\/pages\/10001"}],"wp:attachment":[{"href":"https:\/\/apan.gob.mx\/portal\/wp-json\/wp\/v2\/media?parent=10203"}],"curies":[{"name":"wp","href":"https:\/\/api.w.org\/{rel}","templated":true}]}}