{"id":10560,"date":"2021-05-25T13:40:08","date_gmt":"2021-05-25T18:40:08","guid":{"rendered":"https:\/\/apan.gob.mx\/portal\/?page_id=10560"},"modified":"2021-05-25T13:42:21","modified_gmt":"2021-05-25T18:42:21","slug":"10560-2","status":"publish","type":"page","link":"https:\/\/apan.gob.mx\/portal\/1-trimestre-2021\/10560-2\/","title":{"rendered":"<!--secretaria_a70_fIg_2021_1-->"},"content":{"rendered":"\t\t<div data-elementor-type=\"wp-page\" data-elementor-id=\"10560\" class=\"elementor elementor-10560 elementor-bc-flex-widget\">\n\t\t\t\t\t\t<div class=\"elementor-inner\">\n\t\t\t\t<div class=\"elementor-section-wrap\">\n\t\t\t\t\t\t\t\t\t<section class=\"has_ae_slider elementor-section elementor-top-section elementor-element elementor-element-eeyvpro elementor-section-boxed elementor-section-height-default elementor-section-height-default ae-bg-gallery-type-default\" data-id=\"eeyvpro\" data-element_type=\"section\">\n\t\t\t\t\t\t<div class=\"elementor-container elementor-column-gap-default\">\n\t\t\t\t\t\t\t<div class=\"elementor-row\">\n\t\t\t\t\t<div class=\"has_ae_slider elementor-column elementor-col-100 elementor-top-column elementor-element elementor-element-fwhaaiu ae-bg-gallery-type-default\" data-id=\"fwhaaiu\" data-element_type=\"column\">\n\t\t\t<div class=\"elementor-column-wrap elementor-element-populated\">\n\t\t\t\t\t\t\t<div class=\"elementor-widget-wrap\">\n\t\t\t\t\t\t<div class=\"elementor-element elementor-element-ekcgvlt elementor-widget elementor-widget-button\" data-id=\"ekcgvlt\" data-element_type=\"widget\" data-widget_type=\"button.default\">\n\t\t\t\t<div class=\"elementor-widget-container\">\n\t\t\t\t\t<div class=\"elementor-button-wrapper\">\n\t\t\t<a href=\"https:\/\/www.apan.gob.mx\/descargables\/transparencia\/articulo70\/fraccion1\/2021_1\/secgral\/g\/a70_f01_g.xlsx\" target=\"_blank\" class=\"elementor-button-link elementor-button elementor-size-sm\" role=\"button\">\n\t\t\t\t\t\t<span class=\"elementor-button-content-wrapper\">\n\t\t\t\t\t\t<span class=\"elementor-button-text\">Descargar archivo<\/span>\n\t\t<\/span>\n\t\t\t\t\t<\/a>\n\t\t<\/div>\n\t\t\t\t<\/div>\n\t\t\t\t<\/div>\n\t\t\t\t<div class=\"elementor-element elementor-element-zuwdvmo elementor-widget elementor-widget-heading\" data-id=\"zuwdvmo\" data-element_type=\"widget\" data-widget_type=\"heading.default\">\n\t\t\t\t<div class=\"elementor-widget-container\">\n\t\t\t<h2 class=\"elementor-heading-title elementor-size-medium\">Art\u00edculo 70 Fracci\u00f3n I g<\/h2>\t\t<\/div>\n\t\t\t\t<\/div>\n\t\t\t\t<div class=\"elementor-element elementor-element-zvamkqn elementor-widget elementor-widget-html\" data-id=\"zvamkqn\" data-element_type=\"widget\" data-widget_type=\"html.default\">\n\t\t\t\t<div class=\"elementor-widget-container\">\n\t\t\t<html xmlns:o=\"urn:schemas-microsoft-com:office:office\"\r\nxmlns:x=\"urn:schemas-microsoft-com:office:excel\"\r\nxmlns=\"http:\/\/www.w3.org\/TR\/REC-html40\">\r\n\r\n<head>\r\n<meta http-equiv=Content-Type content=\"text\/html; charset=windows-1252\">\r\n<meta name=ProgId content=Excel.Sheet>\r\n<meta name=Generator content=\"Microsoft Excel 15\">\r\n<link rel=File-List href=\"a70_f01_g_archivos\/filelist.xml\">\r\n<style id=\"a70_f01_g_5104_Styles\">\r\n<!--table\r\n\t{mso-displayed-decimal-separator:\"\\.\";\r\n\tmso-displayed-thousand-separator:\"\\,\";}\r\n.xl155104\r\n\t{padding-top:1px;\r\n\tpadding-right:1px;\r\n\tpadding-left:1px;\r\n\tmso-ignore:padding;\r\n\tcolor:black;\r\n\tfont-size:11.0pt;\r\n\tfont-weight:400;\r\n\tfont-style:normal;\r\n\ttext-decoration:none;\r\n\tfont-family:Calibri, sans-serif;\r\n\tmso-font-charset:0;\r\n\tmso-number-format:General;\r\n\ttext-align:general;\r\n\tvertical-align:bottom;\r\n\tmso-background-source:auto;\r\n\tmso-pattern:auto;\r\n\twhite-space:nowrap;}\r\n.xl635104\r\n\t{padding-top:1px;\r\n\tpadding-right:1px;\r\n\tpadding-left:1px;\r\n\tmso-ignore:padding;\r\n\tcolor:black;\r\n\tfont-size:10.0pt;\r\n\tfont-weight:400;\r\n\tfont-style:normal;\r\n\ttext-decoration:none;\r\n\tfont-family:Arial;\r\n\tmso-generic-font-family:auto;\r\n\tmso-font-charset:0;\r\n\tmso-number-format:General;\r\n\ttext-align:center;\r\n\tvertical-align:bottom;\r\n\tborder:.5pt solid windowtext;\r\n\tbackground:#E1E1E1;\r\n\tmso-pattern:black none;\r\n\twhite-space:normal;}\r\n.xl645104\r\n\t{padding-top:1px;\r\n\tpadding-right:1px;\r\n\tpadding-left:1px;\r\n\tmso-ignore:padding;\r\n\tcolor:black;\r\n\tfont-size:11.0pt;\r\n\tfont-weight:400;\r\n\tfont-style:normal;\r\n\ttext-decoration:none;\r\n\tfont-family:Calibri, sans-serif;\r\n\tmso-font-charset:0;\r\n\tmso-number-format:\"Short Date\";\r\n\ttext-align:general;\r\n\tvertical-align:bottom;\r\n\tmso-background-source:auto;\r\n\tmso-pattern:auto;\r\n\twhite-space:nowrap;}\r\n.xl655104\r\n\t{padding-top:1px;\r\n\tpadding-right:1px;\r\n\tpadding-left:1px;\r\n\tmso-ignore:padding;\r\n\tcolor:white;\r\n\tfont-size:11.0pt;\r\n\tfont-weight:700;\r\n\tfont-style:normal;\r\n\ttext-decoration:none;\r\n\tfont-family:Arial;\r\n\tmso-generic-font-family:auto;\r\n\tmso-font-charset:0;\r\n\tmso-number-format:General;\r\n\ttext-align:center;\r\n\tvertical-align:bottom;\r\n\tborder:.5pt solid windowtext;\r\n\tbackground:#333333;\r\n\tmso-pattern:black none;\r\n\twhite-space:nowrap;}\r\n.xl665104\r\n\t{padding-top:1px;\r\n\tpadding-right:1px;\r\n\tpadding-left:1px;\r\n\tmso-ignore:padding;\r\n\tcolor:black;\r\n\tfont-size:10.0pt;\r\n\tfont-weight:400;\r\n\tfont-style:normal;\r\n\ttext-decoration:none;\r\n\tfont-family:Arial;\r\n\tmso-generic-font-family:auto;\r\n\tmso-font-charset:0;\r\n\tmso-number-format:General;\r\n\ttext-align:general;\r\n\tvertical-align:bottom;\r\n\tborder:.5pt solid windowtext;\r\n\tbackground:#E1E1E1;\r\n\tmso-pattern:black none;\r\n\twhite-space:nowrap;}\r\n-->\r\n<\/style>\r\n<\/head>\r\n\r\n<body>\r\n<!--[if !excel]>&nbsp;&nbsp;<![endif]-->\r\n<!--La siguiente informaci\u00f3n se gener\u00f3 mediante el Asistente para publicar como\r\np\u00e1gina web de Microsoft Excel.-->\r\n<!--Si se vuelve a publicar el mismo elemento desde Excel, se reemplazar\u00e1 toda\r\nla informaci\u00f3n comprendida entre las etiquetas DIV.-->\r\n<!----------------------------->\r\n<!--INICIO DE LOS RESULTADOS DEL ASISTENTE PARA PUBLICAR COMO P\u00c1GINA WEB DE\r\nEXCEL -->\r\n<!----------------------------->\r\n\r\n<div id=\"a70_f01_g_5104\" align=center x:publishsource=\"Excel\">\r\n\r\n<table border=0 cellpadding=0 cellspacing=0 width=4932 style='border-collapse:\r\n collapse;table-layout:fixed;width:3701pt'>\r\n <col width=56 style='mso-width-source:userset;mso-width-alt:2048;width:42pt'>\r\n <col width=255 style='mso-width-source:userset;mso-width-alt:9325;width:191pt'>\r\n <col width=270 style='mso-width-source:userset;mso-width-alt:9874;width:203pt'>\r\n <col width=166 style='mso-width-source:userset;mso-width-alt:6070;width:125pt'>\r\n <col width=192 style='mso-width-source:userset;mso-width-alt:7021;width:144pt'>\r\n <col width=544 style='mso-width-source:userset;mso-width-alt:19894;width:408pt'>\r\n <col width=178 style='mso-width-source:userset;mso-width-alt:6509;width:134pt'>\r\n <col width=235 style='mso-width-source:userset;mso-width-alt:8594;width:176pt'>\r\n <col width=250 style='mso-width-source:userset;mso-width-alt:9142;width:188pt'>\r\n <col width=222 style='mso-width-source:userset;mso-width-alt:8118;width:167pt'>\r\n <col width=512 style='mso-width-source:userset;mso-width-alt:18724;width:384pt'>\r\n <col width=123 style='mso-width-source:userset;mso-width-alt:4498;width:92pt'>\r\n <col width=140 style='mso-width-source:userset;mso-width-alt:5120;width:105pt'>\r\n <col width=1789 style='mso-width-source:userset;mso-width-alt:65426;\r\n width:1342pt'>\r\n <tr height=0 style='display:none'>\r\n  <td class=xl155104 width=56 style='width:42pt'>46698<\/td>\r\n  <td class=xl155104 width=255 style='width:191pt'><\/td>\r\n  <td class=xl155104 width=270 style='width:203pt'><\/td>\r\n  <td class=xl155104 width=166 style='width:125pt'><\/td>\r\n  <td class=xl155104 width=192 style='width:144pt'><\/td>\r\n  <td class=xl155104 width=544 style='width:408pt'><\/td>\r\n  <td class=xl155104 width=178 style='width:134pt'><\/td>\r\n  <td class=xl155104 width=235 style='width:176pt'><\/td>\r\n  <td class=xl155104 width=250 style='width:188pt'><\/td>\r\n  <td class=xl155104 width=222 style='width:167pt'><\/td>\r\n  <td class=xl155104 width=512 style='width:384pt'><\/td>\r\n  <td class=xl155104 width=123 style='width:92pt'><\/td>\r\n  <td class=xl155104 width=140 style='width:105pt'><\/td>\r\n  <td class=xl155104 width=1789 style='width:1342pt'><\/td>\r\n <\/tr>\r\n <tr height=20 style='height:15.0pt'>\r\n  <td colspan=3 height=20 class=xl655104 style='height:15.0pt'>T\u00cdTULO<\/td>\r\n  <td colspan=3 class=xl655104>NOMBRE CORTO<\/td>\r\n  <td colspan=3 class=xl655104>DESCRIPCI\u00d3N<\/td>\r\n  <td class=xl155104><\/td>\r\n  <td class=xl155104><\/td>\r\n  <td class=xl155104><\/td>\r\n  <td class=xl155104><\/td>\r\n  <td class=xl155104><\/td>\r\n <\/tr>\r\n <tr height=20 style='height:15.0pt'>\r\n  <td colspan=3 height=20 class=xl665104 style='height:15.0pt'>Disposiciones\r\n  administrativas<\/td>\r\n  <td colspan=3 class=xl665104>a70_f01_g<\/td>\r\n  <td colspan=3 class=xl665104>Se consideran disposiciones administrativas las\r\n  emitidas por las entidades administrativas de los Poderes Ejecutivos que\r\n  cuenten con atribuciones para ello, por medio de las cuales se establecen y\r\n  regulan las acciones y decisiones para el cumplimiento de sus facultades\r\n  legales<\/td>\r\n  <td class=xl155104><\/td>\r\n  <td class=xl155104><\/td>\r\n  <td class=xl155104><\/td>\r\n  <td class=xl155104><\/td>\r\n  <td class=xl155104><\/td>\r\n <\/tr>\r\n <tr height=0 style='display:none'>\r\n  <td class=xl155104>1<\/td>\r\n  <td class=xl155104>4<\/td>\r\n  <td class=xl155104>4<\/td>\r\n  <td class=xl155104>2<\/td>\r\n  <td class=xl155104>2<\/td>\r\n  <td class=xl155104>4<\/td>\r\n  <td class=xl155104>4<\/td>\r\n  <td class=xl155104>4<\/td>\r\n  <td class=xl155104>4<\/td>\r\n  <td class=xl155104>7<\/td>\r\n  <td class=xl155104>2<\/td>\r\n  <td class=xl155104>4<\/td>\r\n  <td class=xl155104>13<\/td>\r\n  <td class=xl155104>14<\/td>\r\n <\/tr>\r\n <tr height=0 style='display:none'>\r\n  <td class=xl155104>395889<\/td>\r\n  <td class=xl155104>395900<\/td>\r\n  <td class=xl155104>395902<\/td>\r\n  <td class=xl155104>395890<\/td>\r\n  <td class=xl155104>395891<\/td>\r\n  <td class=xl155104>395892<\/td>\r\n  <td class=xl155104>395893<\/td>\r\n  <td class=xl155104>395894<\/td>\r\n  <td class=xl155104>395895<\/td>\r\n  <td class=xl155104>395897<\/td>\r\n  <td class=xl155104>395901<\/td>\r\n  <td class=xl155104>395896<\/td>\r\n  <td class=xl155104>395898<\/td>\r\n  <td class=xl155104>395899<\/td>\r\n <\/tr>\r\n <tr height=20 style='height:15.0pt'>\r\n  <td colspan=14 height=20 class=xl655104 style='height:15.0pt'>Tabla Campos<\/td>\r\n <\/tr>\r\n <tr height=35 style='height:26.25pt'>\r\n  <td height=35 class=xl635104 width=56 style='height:26.25pt;width:42pt'>Ejercicio<\/td>\r\n  <td class=xl635104 width=255 style='border-left:none;width:191pt'>Fecha de\r\n  inicio del periodo que se informa<\/td>\r\n  <td class=xl635104 width=270 style='border-left:none;width:203pt'>Fecha de\r\n  t\u00e9rmino del periodo que se informa<\/td>\r\n  <td class=xl635104 width=166 style='border-left:none;width:125pt'>Tipo de\r\n  disposici\u00f3n general<\/td>\r\n  <td class=xl635104 width=192 style='border-left:none;width:144pt'>Denominaci\u00f3n\r\n  de la disposici\u00f3n<\/td>\r\n  <td class=xl635104 width=544 style='border-left:none;width:408pt'>Fecha de\r\n  publicaci\u00f3n en el DOF u otro medio oficial, expresada con el formato\r\n  d\u00eda\/mes\/a\u00f1o<span style='mso-spacerun:yes'>\u00a0<\/span><\/td>\r\n  <td class=xl635104 width=178 style='border-left:none;width:134pt'>Fecha de\r\n  \u00faltima modificaci\u00f3n<\/td>\r\n  <td class=xl635104 width=235 style='border-left:none;width:176pt'>Fecha de\r\n  inicio de vigencia, en su caso<\/td>\r\n  <td class=xl635104 width=250 style='border-left:none;width:188pt'>Fecha de\r\n  t\u00e9rmino de vigencia, en su caso<\/td>\r\n  <td class=xl635104 width=222 style='border-left:none;width:167pt'>Hiperv\u00ednculo\r\n  al documento completo<\/td>\r\n  <td class=xl635104 width=512 style='border-left:none;width:384pt'>\u00c1rea(s)\r\n  responsable(s) que genera(n), posee(n), publica(n) y actualizan la\r\n  informaci\u00f3n<\/td>\r\n  <td class=xl635104 width=123 style='border-left:none;width:92pt'>Fecha de\r\n  validaci\u00f3n<\/td>\r\n  <td class=xl635104 width=140 style='border-left:none;width:105pt'>Fecha de\r\n  actualizaci\u00f3n<\/td>\r\n  <td class=xl635104 width=1789 style='border-left:none;width:1342pt'>Nota<\/td>\r\n <\/tr>\r\n <tr height=20 style='height:15.0pt'>\r\n  <td height=20 class=xl155104 align=right style='height:15.0pt'>2021<\/td>\r\n  <td class=xl645104 align=right>01\/01\/2021<\/td>\r\n  <td class=xl645104 align=right>31\/03\/2021<\/td>\r\n  <td class=xl155104><\/td>\r\n  <td class=xl155104><\/td>\r\n  <td class=xl155104><\/td>\r\n  <td class=xl155104><\/td>\r\n  <td class=xl155104><\/td>\r\n  <td class=xl155104><\/td>\r\n  <td class=xl155104><\/td>\r\n  <td class=xl155104>Secretar\u00eda General Municipal<\/td>\r\n  <td class=xl645104 align=right>25\/04\/2021<\/td>\r\n  <td class=xl645104 align=right>25\/04\/2021<\/td>\r\n  <td class=xl155104>para el trimestre que se esta informado, esta Presidencia\r\n  Municipal no cuenta con ninguna disposiciones administrativa decretada, por\r\n  lo que en la mayor parte de este formato habra espacios sin informaci\u00f3n<\/td>\r\n <\/tr>\r\n <![if supportMisalignedColumns]>\r\n <tr height=0 style='display:none'>\r\n  <td width=56 style='width:42pt'><\/td>\r\n  <td width=255 style='width:191pt'><\/td>\r\n  <td width=270 style='width:203pt'><\/td>\r\n  <td width=166 style='width:125pt'><\/td>\r\n  <td width=192 style='width:144pt'><\/td>\r\n  <td width=544 style='width:408pt'><\/td>\r\n  <td width=178 style='width:134pt'><\/td>\r\n  <td width=235 style='width:176pt'><\/td>\r\n  <td width=250 style='width:188pt'><\/td>\r\n  <td width=222 style='width:167pt'><\/td>\r\n  <td width=512 style='width:384pt'><\/td>\r\n  <td width=123 style='width:92pt'><\/td>\r\n  <td width=140 style='width:105pt'><\/td>\r\n  <td width=1789 style='width:1342pt'><\/td>\r\n <\/tr>\r\n <![endif]>\r\n<\/table>\r\n\r\n<\/div>\r\n\r\n\r\n<!----------------------------->\r\n<!--FINAL DE LOS RESULTADOS DEL ASISTENTE PARA PUBLICAR COMO P\u00c1GINA WEB DE\r\nEXCEL-->\r\n<!----------------------------->\r\n<\/body>\r\n\r\n<\/html>\r\n\t\t<\/div>\n\t\t\t\t<\/div>\n\t\t\t\t\t\t<\/div>\n\t\t\t\t\t<\/div>\n\t\t<\/div>\n\t\t\t\t\t\t\t\t<\/div>\n\t\t\t\t\t<\/div>\n\t\t<\/section>\n\t\t\t\t\t\t\t\t\t<\/div>\n\t\t\t<\/div>\n\t\t\t\t\t<\/div>\n\t\t","protected":false},"excerpt":{"rendered":"<p>Descargar archivo Art\u00edculo 70 Fracci\u00f3n I g 46698 T\u00cdTULO NOMBRE CORTO DESCRIPCI\u00d3N Disposiciones administrativas a70_f01_g Se consideran disposiciones administrativas las emitidas por las entidades administrativas de los Poderes Ejecutivos que cuenten con atribuciones para ello, por medio de las cuales se establecen y regulan las acciones y decisiones para el cumplimiento de sus facultades legales [&hellip;]<\/p>\n","protected":false},"author":1,"featured_media":0,"parent":10001,"menu_order":0,"comment_status":"closed","ping_status":"closed","template":"page-template-full.php","meta":[],"jetpack_sharing_enabled":true,"_links":{"self":[{"href":"https:\/\/apan.gob.mx\/portal\/wp-json\/wp\/v2\/pages\/10560"}],"collection":[{"href":"https:\/\/apan.gob.mx\/portal\/wp-json\/wp\/v2\/pages"}],"about":[{"href":"https:\/\/apan.gob.mx\/portal\/wp-json\/wp\/v2\/types\/page"}],"author":[{"embeddable":true,"href":"https:\/\/apan.gob.mx\/portal\/wp-json\/wp\/v2\/users\/1"}],"replies":[{"embeddable":true,"href":"https:\/\/apan.gob.mx\/portal\/wp-json\/wp\/v2\/comments?post=10560"}],"version-history":[{"count":2,"href":"https:\/\/apan.gob.mx\/portal\/wp-json\/wp\/v2\/pages\/10560\/revisions"}],"predecessor-version":[{"id":10562,"href":"https:\/\/apan.gob.mx\/portal\/wp-json\/wp\/v2\/pages\/10560\/revisions\/10562"}],"up":[{"embeddable":true,"href":"https:\/\/apan.gob.mx\/portal\/wp-json\/wp\/v2\/pages\/10001"}],"wp:attachment":[{"href":"https:\/\/apan.gob.mx\/portal\/wp-json\/wp\/v2\/media?parent=10560"}],"curies":[{"name":"wp","href":"https:\/\/api.w.org\/{rel}","templated":true}]}}