{"id":10591,"date":"2021-06-01T11:40:24","date_gmt":"2021-06-01T16:40:24","guid":{"rendered":"https:\/\/apan.gob.mx\/portal\/?page_id=10591"},"modified":"2021-06-01T11:42:00","modified_gmt":"2021-06-01T16:42:00","slug":"10591-2","status":"publish","type":"page","link":"https:\/\/apan.gob.mx\/portal\/1-trimestre-2021\/10591-2\/","title":{"rendered":"<!--planeacion_30_2021_1--!>"},"content":{"rendered":"\t\t<div data-elementor-type=\"wp-page\" data-elementor-id=\"10591\" class=\"elementor elementor-10591 elementor-bc-flex-widget\">\n\t\t\t\t\t\t<div class=\"elementor-inner\">\n\t\t\t\t<div class=\"elementor-section-wrap\">\n\t\t\t\t\t\t\t\t\t<section class=\"has_ae_slider elementor-section elementor-top-section elementor-element elementor-element-zwdkpas elementor-section-boxed elementor-section-height-default elementor-section-height-default ae-bg-gallery-type-default\" data-id=\"zwdkpas\" data-element_type=\"section\">\n\t\t\t\t\t\t<div class=\"elementor-container elementor-column-gap-default\">\n\t\t\t\t\t\t\t<div class=\"elementor-row\">\n\t\t\t\t\t<div class=\"has_ae_slider elementor-column elementor-col-100 elementor-top-column elementor-element elementor-element-lriizfu ae-bg-gallery-type-default\" data-id=\"lriizfu\" data-element_type=\"column\">\n\t\t\t<div class=\"elementor-column-wrap elementor-element-populated\">\n\t\t\t\t\t\t\t<div class=\"elementor-widget-wrap\">\n\t\t\t\t\t\t<div class=\"elementor-element elementor-element-ctebaif elementor-widget elementor-widget-button\" data-id=\"ctebaif\" data-element_type=\"widget\" data-widget_type=\"button.default\">\n\t\t\t\t<div class=\"elementor-widget-container\">\n\t\t\t\t\t<div class=\"elementor-button-wrapper\">\n\t\t\t<a href=\"https:\/\/www.apan.gob.mx\/descargables\/transparencia\/articulo69\/fraccion30\/2021_1\/planeacion\/Fraccion%2030%20T1%202021.xlsx\" target=\"_blank\" class=\"elementor-button-link elementor-button elementor-size-sm\" role=\"button\">\n\t\t\t\t\t\t<span class=\"elementor-button-content-wrapper\">\n\t\t\t\t\t\t<span class=\"elementor-button-text\">Descargar archivo<\/span>\n\t\t<\/span>\n\t\t\t\t\t<\/a>\n\t\t<\/div>\n\t\t\t\t<\/div>\n\t\t\t\t<\/div>\n\t\t\t\t<div class=\"elementor-element elementor-element-szmhvpx elementor-widget elementor-widget-heading\" data-id=\"szmhvpx\" data-element_type=\"widget\" data-widget_type=\"heading.default\">\n\t\t\t\t<div class=\"elementor-widget-container\">\n\t\t\t<h2 class=\"elementor-heading-title elementor-size-medium\">Fracci\u00f3n XXX<\/h2>\t\t<\/div>\n\t\t\t\t<\/div>\n\t\t\t\t<div class=\"elementor-element elementor-element-pmshykf elementor-widget elementor-widget-html\" data-id=\"pmshykf\" data-element_type=\"widget\" data-widget_type=\"html.default\">\n\t\t\t\t<div class=\"elementor-widget-container\">\n\t\t\t<html xmlns:o=\"urn:schemas-microsoft-com:office:office\"\r\nxmlns:x=\"urn:schemas-microsoft-com:office:excel\"\r\nxmlns=\"http:\/\/www.w3.org\/TR\/REC-html40\">\r\n\r\n<head>\r\n<meta http-equiv=Content-Type content=\"text\/html; charset=windows-1252\">\r\n<meta name=ProgId content=Excel.Sheet>\r\n<meta name=Generator content=\"Microsoft Excel 15\">\r\n<link rel=File-List href=\"Fraccion%2030%20T1%202021_archivos\/filelist.xml\">\r\n<style id=\"a69_f30_20323_Styles\">\r\n<!--table\r\n\t{mso-displayed-decimal-separator:\"\\.\";\r\n\tmso-displayed-thousand-separator:\"\\,\";}\r\n.xl1520323\r\n\t{padding-top:1px;\r\n\tpadding-right:1px;\r\n\tpadding-left:1px;\r\n\tmso-ignore:padding;\r\n\tcolor:black;\r\n\tfont-size:11.0pt;\r\n\tfont-weight:400;\r\n\tfont-style:normal;\r\n\ttext-decoration:none;\r\n\tfont-family:Calibri, sans-serif;\r\n\tmso-font-charset:0;\r\n\tmso-number-format:General;\r\n\ttext-align:general;\r\n\tvertical-align:bottom;\r\n\tmso-background-source:auto;\r\n\tmso-pattern:auto;\r\n\twhite-space:nowrap;}\r\n.xl6520323\r\n\t{padding-top:1px;\r\n\tpadding-right:1px;\r\n\tpadding-left:1px;\r\n\tmso-ignore:padding;\r\n\tcolor:black;\r\n\tfont-size:10.0pt;\r\n\tfont-weight:400;\r\n\tfont-style:normal;\r\n\ttext-decoration:none;\r\n\tfont-family:Arial;\r\n\tmso-generic-font-family:auto;\r\n\tmso-font-charset:0;\r\n\tmso-number-format:General;\r\n\ttext-align:center;\r\n\tvertical-align:bottom;\r\n\tborder:.5pt solid windowtext;\r\n\tbackground:#E1E1E1;\r\n\tmso-pattern:black none;\r\n\twhite-space:normal;}\r\n.xl6620323\r\n\t{padding-top:1px;\r\n\tpadding-right:1px;\r\n\tpadding-left:1px;\r\n\tmso-ignore:padding;\r\n\tcolor:black;\r\n\tfont-size:11.0pt;\r\n\tfont-weight:400;\r\n\tfont-style:normal;\r\n\ttext-decoration:none;\r\n\tfont-family:Calibri, sans-serif;\r\n\tmso-font-charset:0;\r\n\tmso-number-format:General;\r\n\ttext-align:general;\r\n\tvertical-align:bottom;\r\n\tborder:.5pt solid windowtext;\r\n\tmso-background-source:auto;\r\n\tmso-pattern:auto;\r\n\twhite-space:nowrap;}\r\n.xl6720323\r\n\t{padding-top:1px;\r\n\tpadding-right:1px;\r\n\tpadding-left:1px;\r\n\tmso-ignore:padding;\r\n\tcolor:black;\r\n\tfont-size:11.0pt;\r\n\tfont-weight:400;\r\n\tfont-style:normal;\r\n\ttext-decoration:none;\r\n\tfont-family:Calibri, sans-serif;\r\n\tmso-font-charset:0;\r\n\tmso-number-format:\"Short Date\";\r\n\ttext-align:general;\r\n\tvertical-align:bottom;\r\n\tborder:.5pt solid windowtext;\r\n\tmso-background-source:auto;\r\n\tmso-pattern:auto;\r\n\twhite-space:nowrap;}\r\n.xl6820323\r\n\t{padding-top:1px;\r\n\tpadding-right:1px;\r\n\tpadding-left:1px;\r\n\tmso-ignore:padding;\r\n\tcolor:#0563C1;\r\n\tfont-size:11.0pt;\r\n\tfont-weight:400;\r\n\tfont-style:normal;\r\n\ttext-decoration:underline;\r\n\ttext-underline-style:single;\r\n\tfont-family:Calibri, sans-serif;\r\n\tmso-font-charset:0;\r\n\tmso-number-format:General;\r\n\ttext-align:general;\r\n\tvertical-align:bottom;\r\n\tborder:.5pt solid windowtext;\r\n\tmso-background-source:auto;\r\n\tmso-pattern:auto;\r\n\twhite-space:nowrap;}\r\n.xl6920323\r\n\t{padding-top:1px;\r\n\tpadding-right:1px;\r\n\tpadding-left:1px;\r\n\tmso-ignore:padding;\r\n\tcolor:white;\r\n\tfont-size:11.0pt;\r\n\tfont-weight:700;\r\n\tfont-style:normal;\r\n\ttext-decoration:none;\r\n\tfont-family:Arial;\r\n\tmso-generic-font-family:auto;\r\n\tmso-font-charset:0;\r\n\tmso-number-format:General;\r\n\ttext-align:center;\r\n\tvertical-align:bottom;\r\n\tborder:.5pt solid windowtext;\r\n\tbackground:#333333;\r\n\tmso-pattern:black none;\r\n\twhite-space:nowrap;}\r\n.xl7020323\r\n\t{padding-top:1px;\r\n\tpadding-right:1px;\r\n\tpadding-left:1px;\r\n\tmso-ignore:padding;\r\n\tcolor:black;\r\n\tfont-size:10.0pt;\r\n\tfont-weight:400;\r\n\tfont-style:normal;\r\n\ttext-decoration:none;\r\n\tfont-family:Arial;\r\n\tmso-generic-font-family:auto;\r\n\tmso-font-charset:0;\r\n\tmso-number-format:General;\r\n\ttext-align:general;\r\n\tvertical-align:bottom;\r\n\tborder:.5pt solid windowtext;\r\n\tbackground:#E1E1E1;\r\n\tmso-pattern:black none;\r\n\twhite-space:nowrap;}\r\n-->\r\n<\/style>\r\n<\/head>\r\n\r\n<body>\r\n<!--[if !excel]>&nbsp;&nbsp;<![endif]-->\r\n<!--La siguiente informaci\u00f3n se gener\u00f3 mediante el Asistente para publicar como\r\np\u00e1gina web de Microsoft Excel.-->\r\n<!--Si se vuelve a publicar el mismo elemento desde Excel, se reemplazar\u00e1 toda\r\nla informaci\u00f3n comprendida entre las etiquetas DIV.-->\r\n<!----------------------------->\r\n<!--INICIO DE LOS RESULTADOS DEL ASISTENTE PARA PUBLICAR COMO P\u00c1GINA WEB DE\r\nEXCEL -->\r\n<!----------------------------->\r\n\r\n<div id=\"a69_f30_20323\" align=center x:publishsource=\"Excel\">\r\n\r\n<table border=0 cellpadding=0 cellspacing=0 width=4915 style='border-collapse:\r\n collapse;table-layout:fixed;width:3689pt'>\r\n <col width=56 style='mso-width-source:userset;mso-width-alt:2048;width:42pt'>\r\n <col width=137 span=2 style='mso-width-source:userset;mso-width-alt:5010;\r\n width:103pt'>\r\n <col width=402 style='mso-width-source:userset;mso-width-alt:14701;width:302pt'>\r\n <col width=204 style='mso-width-source:userset;mso-width-alt:7460;width:153pt'>\r\n <col width=239 style='mso-width-source:userset;mso-width-alt:8740;width:179pt'>\r\n <col width=718 span=2 style='mso-width-source:userset;mso-width-alt:26258;\r\n width:539pt'>\r\n <col width=233 style='mso-width-source:userset;mso-width-alt:8521;width:175pt'>\r\n <col width=718 span=2 style='mso-width-source:userset;mso-width-alt:26258;\r\n width:539pt'>\r\n <col width=304 style='mso-width-source:userset;mso-width-alt:11117;width:228pt'>\r\n <col width=123 style='mso-width-source:userset;mso-width-alt:4498;width:92pt'>\r\n <col width=140 style='mso-width-source:userset;mso-width-alt:5120;width:105pt'>\r\n <col width=68 style='mso-width-source:userset;mso-width-alt:2486;width:51pt'>\r\n <tr height=0 style='display:none'>\r\n  <td class=xl1520323 width=56 style='width:42pt'>45736<\/td>\r\n  <td class=xl1520323 width=137 style='width:103pt'><\/td>\r\n  <td class=xl1520323 width=137 style='width:103pt'><\/td>\r\n  <td class=xl1520323 width=402 style='width:302pt'><\/td>\r\n  <td class=xl1520323 width=204 style='width:153pt'><\/td>\r\n  <td class=xl1520323 width=239 style='width:179pt'><\/td>\r\n  <td class=xl1520323 width=718 style='width:539pt'><\/td>\r\n  <td class=xl1520323 width=718 style='width:539pt'><\/td>\r\n  <td class=xl1520323 width=233 style='width:175pt'><\/td>\r\n  <td class=xl1520323 width=718 style='width:539pt'><\/td>\r\n  <td class=xl1520323 width=718 style='width:539pt'><\/td>\r\n  <td class=xl1520323 width=304 style='width:228pt'><\/td>\r\n  <td class=xl1520323 width=123 style='width:92pt'><\/td>\r\n  <td class=xl1520323 width=140 style='width:105pt'><\/td>\r\n  <td class=xl1520323 width=68 style='width:51pt'><\/td>\r\n <\/tr>\r\n <tr height=20 style='height:15.0pt'>\r\n  <td colspan=3 height=20 class=xl6920323 style='height:15.0pt'>T\u00cdTULO<\/td>\r\n  <td colspan=3 class=xl6920323>NOMBRE CORTO<\/td>\r\n  <td colspan=3 class=xl6920323>DESCRIPCI\u00d3N<\/td>\r\n  <td class=xl1520323><\/td>\r\n  <td class=xl1520323><\/td>\r\n  <td class=xl1520323><\/td>\r\n  <td class=xl1520323><\/td>\r\n  <td class=xl1520323><\/td>\r\n  <td class=xl1520323><\/td>\r\n <\/tr>\r\n <tr height=20 style='height:15.0pt'>\r\n  <td colspan=3 height=20 class=xl7020323 style='height:15.0pt'>Estad\u00edsticas\r\n  generadas<\/td>\r\n  <td colspan=3 class=xl7020323>a69_f30<\/td>\r\n  <td colspan=3 class=xl7020323>Los sujetos obligados deber\u00e1n publicar una\r\n  relaci\u00f3n de las estad\u00edsticas de cualquier tipo que hayan generado en\r\n  cumplimiento de sus facultades, competencias y\/o funciones<\/td>\r\n  <td class=xl1520323><\/td>\r\n  <td class=xl1520323><\/td>\r\n  <td class=xl1520323><\/td>\r\n  <td class=xl1520323><\/td>\r\n  <td class=xl1520323><\/td>\r\n  <td class=xl1520323><\/td>\r\n <\/tr>\r\n <tr height=0 style='display:none'>\r\n  <td class=xl1520323>1<\/td>\r\n  <td class=xl1520323>4<\/td>\r\n  <td class=xl1520323>4<\/td>\r\n  <td class=xl1520323>2<\/td>\r\n  <td class=xl1520323>1<\/td>\r\n  <td class=xl1520323>2<\/td>\r\n  <td class=xl1520323>7<\/td>\r\n  <td class=xl1520323>7<\/td>\r\n  <td class=xl1520323>2<\/td>\r\n  <td class=xl1520323>7<\/td>\r\n  <td class=xl1520323>7<\/td>\r\n  <td class=xl1520323>2<\/td>\r\n  <td class=xl1520323>4<\/td>\r\n  <td class=xl1520323>13<\/td>\r\n  <td class=xl1520323>14<\/td>\r\n <\/tr>\r\n <tr height=0 style='display:none'>\r\n  <td class=xl1520323>378590<\/td>\r\n  <td class=xl1520323>378599<\/td>\r\n  <td class=xl1520323>378603<\/td>\r\n  <td class=xl1520323>378592<\/td>\r\n  <td class=xl1520323>378591<\/td>\r\n  <td class=xl1520323>378593<\/td>\r\n  <td class=xl1520323>378600<\/td>\r\n  <td class=xl1520323>378595<\/td>\r\n  <td class=xl1520323>378604<\/td>\r\n  <td class=xl1520323>378596<\/td>\r\n  <td class=xl1520323>378597<\/td>\r\n  <td class=xl1520323>378601<\/td>\r\n  <td class=xl1520323>378594<\/td>\r\n  <td class=xl1520323>378598<\/td>\r\n  <td class=xl1520323>378602<\/td>\r\n <\/tr>\r\n <tr height=20 style='height:15.0pt'>\r\n  <td colspan=15 height=20 class=xl6920323 style='height:15.0pt'>Tabla Campos<\/td>\r\n <\/tr>\r\n <tr height=52 style='height:39.0pt'>\r\n  <td height=52 class=xl6520323 width=56 style='height:39.0pt;width:42pt'>Ejercicio<\/td>\r\n  <td class=xl6520323 width=137 style='border-left:none;width:103pt'>Fecha de\r\n  inicio del periodo que se informa<\/td>\r\n  <td class=xl6520323 width=137 style='border-left:none;width:103pt'>Fecha de\r\n  t\u00e9rmino del periodo que se informa<\/td>\r\n  <td class=xl6520323 width=402 style='border-left:none;width:302pt'>Tema de la\r\n  estad\u00edstica<\/td>\r\n  <td class=xl6520323 width=204 style='border-left:none;width:153pt'>Periodo de\r\n  actualizaci\u00f3n de datos<\/td>\r\n  <td class=xl6520323 width=239 style='border-left:none;width:179pt'>Denominaci\u00f3n\r\n  del Proyecto<\/td>\r\n  <td class=xl6520323 width=718 style='border-left:none;width:539pt'>Hiperv\u00ednculo\r\n  al documento en el cual se describan las variables<\/td>\r\n  <td class=xl6520323 width=718 style='border-left:none;width:539pt'>Hiperv\u00ednculo\r\n  a los documentos t\u00e9cnicos, metodol\u00f3gicos y normativos<\/td>\r\n  <td class=xl6520323 width=233 style='border-left:none;width:175pt'>Tipos de\r\n  archivo de las bases de datos<\/td>\r\n  <td class=xl6520323 width=718 style='border-left:none;width:539pt'>Hiperv\u00ednculo\r\n  a las bases de datos correspondientes al proyecto que se informa<\/td>\r\n  <td class=xl6520323 width=718 style='border-left:none;width:539pt'>Hiperv\u00ednculo\r\n  a las series o bancos de datos existentes, relacionados con el tema de la\r\n  estad\u00edstica<\/td>\r\n  <td class=xl6520323 width=304 style='border-left:none;width:228pt'>\u00c1rea(s)\r\n  responsable(s) que genera(n), posee(n), publica(n) y actualizan la\r\n  informaci\u00f3n<\/td>\r\n  <td class=xl6520323 width=123 style='border-left:none;width:92pt'>Fecha de\r\n  validaci\u00f3n<\/td>\r\n  <td class=xl6520323 width=140 style='border-left:none;width:105pt'>Fecha de\r\n  actualizaci\u00f3n<\/td>\r\n  <td class=xl6520323 width=68 style='border-left:none;width:51pt'>Nota<\/td>\r\n <\/tr>\r\n <tr height=20 style='height:15.0pt'>\r\n  <td height=20 class=xl6620323 align=right style='height:15.0pt;border-top:\r\n  none'>2021<\/td>\r\n  <td class=xl6720323 align=right style='border-top:none;border-left:none'>01\/01\/2021<\/td>\r\n  <td class=xl6720323 align=right style='border-top:none;border-left:none'>31\/03\/2021<\/td>\r\n  <td class=xl6620323 style='border-top:none;border-left:none'>RESULTADOS\r\n  PROGRAMA GUIA CONSULTIVA DE DESEMPE\u00d1O<\/td>\r\n  <td class=xl6720323 align=right style='border-top:none;border-left:none'>01\/01\/2021<\/td>\r\n  <td class=xl6620323 style='border-top:none;border-left:none'>GUIA CONSULTIVA\r\n  DE DESEMPE\u00d1O<\/td>\r\n  <td class=xl6820323 style='border-top:none;border-left:none'><a\r\n  href=\"https:\/\/www.apan.gob.mx\/descargables\/transparencia\/articulo69\/fraccion30\/2021_1\/planeacion\/FrXXXa1_1.pdf\">https:\/\/www.apan.gob.mx\/descargables\/transparencia\/articulo69\/fraccion30\/2021_1\/planeacion\/FrXXXa1_1.pdf<\/a><\/td>\r\n  <td class=xl6820323 style='border-top:none;border-left:none'><a\r\n  href=\"https:\/\/www.apan.gob.mx\/descargables\/transparencia\/articulo69\/fraccion30\/2021_1\/planeacion\/FrXXXa1_2.pdf\">https:\/\/www.apan.gob.mx\/descargables\/transparencia\/articulo69\/fraccion30\/2021_1\/planeacion\/FrXXXa1_2.pdf<\/a><\/td>\r\n  <td class=xl6620323 style='border-top:none;border-left:none'>pdf<\/td>\r\n  <td class=xl6820323 style='border-top:none;border-left:none'><a\r\n  href=\"https:\/\/www.apan.gob.mx\/descargables\/transparencia\/articulo69\/fraccion30\/2021_1\/planeacion\/FrXXXa1_3.pdf\">https:\/\/www.apan.gob.mx\/descargables\/transparencia\/articulo69\/fraccion30\/2021_1\/planeacion\/FrXXXa1_3.pdf<\/a><\/td>\r\n  <td class=xl6820323 style='border-top:none;border-left:none'><a\r\n  href=\"https:\/\/www.apan.gob.mx\/descargables\/transparencia\/articulo69\/fraccion30\/2021_1\/planeacion\/FrXXXa1_4.pdf\">https:\/\/www.apan.gob.mx\/descargables\/transparencia\/articulo69\/fraccion30\/2021_1\/planeacion\/FrXXXa1_4.pdf<\/a><\/td>\r\n  <td class=xl6620323 style='border-top:none;border-left:none'>PLANEACI\u00d3N Y\r\n  EVALUACI\u00d3N DEL DESEMPE\u00d1O<\/td>\r\n  <td class=xl6720323 align=right style='border-top:none;border-left:none'>03\/04\/2021<\/td>\r\n  <td class=xl6720323 align=right style='border-top:none;border-left:none'>03\/01\/2021<\/td>\r\n  <td class=xl6620323 style='border-top:none;border-left:none'>NINGUNA<\/td>\r\n <\/tr>\r\n <![if supportMisalignedColumns]>\r\n <tr height=0 style='display:none'>\r\n  <td width=56 style='width:42pt'><\/td>\r\n  <td width=137 style='width:103pt'><\/td>\r\n  <td width=137 style='width:103pt'><\/td>\r\n  <td width=402 style='width:302pt'><\/td>\r\n  <td width=204 style='width:153pt'><\/td>\r\n  <td width=239 style='width:179pt'><\/td>\r\n  <td width=718 style='width:539pt'><\/td>\r\n  <td width=718 style='width:539pt'><\/td>\r\n  <td width=233 style='width:175pt'><\/td>\r\n  <td width=718 style='width:539pt'><\/td>\r\n  <td width=718 style='width:539pt'><\/td>\r\n  <td width=304 style='width:228pt'><\/td>\r\n  <td width=123 style='width:92pt'><\/td>\r\n  <td width=140 style='width:105pt'><\/td>\r\n  <td width=68 style='width:51pt'><\/td>\r\n <\/tr>\r\n <![endif]>\r\n<\/table>\r\n\r\n<\/div>\r\n\r\n\r\n<!----------------------------->\r\n<!--FINAL DE LOS RESULTADOS DEL ASISTENTE PARA PUBLICAR COMO P\u00c1GINA WEB DE\r\nEXCEL-->\r\n<!----------------------------->\r\n<\/body>\r\n\r\n<\/html>\r\n\t\t<\/div>\n\t\t\t\t<\/div>\n\t\t\t\t\t\t<\/div>\n\t\t\t\t\t<\/div>\n\t\t<\/div>\n\t\t\t\t\t\t\t\t<\/div>\n\t\t\t\t\t<\/div>\n\t\t<\/section>\n\t\t\t\t\t\t\t\t\t<\/div>\n\t\t\t<\/div>\n\t\t\t\t\t<\/div>\n\t\t","protected":false},"excerpt":{"rendered":"<p>Descargar archivo Fracci\u00f3n XXX 45736 T\u00cdTULO NOMBRE CORTO DESCRIPCI\u00d3N Estad\u00edsticas generadas a69_f30 Los sujetos obligados deber\u00e1n publicar una relaci\u00f3n de las estad\u00edsticas de cualquier tipo que hayan generado en cumplimiento de sus facultades, competencias y\/o funciones 1 4 4 2 1 2 7 7 2 7 7 2 4 13 14 378590 378599 378603 378592 [&hellip;]<\/p>\n","protected":false},"author":1,"featured_media":0,"parent":10001,"menu_order":0,"comment_status":"closed","ping_status":"closed","template":"page-template-full.php","meta":[],"jetpack_sharing_enabled":true,"_links":{"self":[{"href":"https:\/\/apan.gob.mx\/portal\/wp-json\/wp\/v2\/pages\/10591"}],"collection":[{"href":"https:\/\/apan.gob.mx\/portal\/wp-json\/wp\/v2\/pages"}],"about":[{"href":"https:\/\/apan.gob.mx\/portal\/wp-json\/wp\/v2\/types\/page"}],"author":[{"embeddable":true,"href":"https:\/\/apan.gob.mx\/portal\/wp-json\/wp\/v2\/users\/1"}],"replies":[{"embeddable":true,"href":"https:\/\/apan.gob.mx\/portal\/wp-json\/wp\/v2\/comments?post=10591"}],"version-history":[{"count":2,"href":"https:\/\/apan.gob.mx\/portal\/wp-json\/wp\/v2\/pages\/10591\/revisions"}],"predecessor-version":[{"id":10593,"href":"https:\/\/apan.gob.mx\/portal\/wp-json\/wp\/v2\/pages\/10591\/revisions\/10593"}],"up":[{"embeddable":true,"href":"https:\/\/apan.gob.mx\/portal\/wp-json\/wp\/v2\/pages\/10001"}],"wp:attachment":[{"href":"https:\/\/apan.gob.mx\/portal\/wp-json\/wp\/v2\/media?parent=10591"}],"curies":[{"name":"wp","href":"https:\/\/api.w.org\/{rel}","templated":true}]}}