{"id":10626,"date":"2021-06-01T14:22:23","date_gmt":"2021-06-01T19:22:23","guid":{"rendered":"https:\/\/apan.gob.mx\/portal\/?page_id=10626"},"modified":"2021-06-01T14:24:24","modified_gmt":"2021-06-01T19:24:24","slug":"10626-2","status":"publish","type":"page","link":"https:\/\/apan.gob.mx\/portal\/1-trimestre-2021\/10626-2\/","title":{"rendered":"<!--tesoreria_26_2021_1--!>"},"content":{"rendered":"\t\t<div data-elementor-type=\"wp-page\" data-elementor-id=\"10626\" class=\"elementor elementor-10626 elementor-bc-flex-widget\">\n\t\t\t\t\t\t<div class=\"elementor-inner\">\n\t\t\t\t<div class=\"elementor-section-wrap\">\n\t\t\t\t\t\t\t\t\t<section class=\"has_ae_slider elementor-section elementor-top-section elementor-element elementor-element-hsmddsd elementor-section-boxed elementor-section-height-default elementor-section-height-default ae-bg-gallery-type-default\" data-id=\"hsmddsd\" data-element_type=\"section\">\n\t\t\t\t\t\t<div class=\"elementor-container elementor-column-gap-default\">\n\t\t\t\t\t\t\t<div class=\"elementor-row\">\n\t\t\t\t\t<div class=\"has_ae_slider elementor-column elementor-col-100 elementor-top-column elementor-element elementor-element-drioqlh ae-bg-gallery-type-default\" data-id=\"drioqlh\" data-element_type=\"column\">\n\t\t\t<div class=\"elementor-column-wrap elementor-element-populated\">\n\t\t\t\t\t\t\t<div class=\"elementor-widget-wrap\">\n\t\t\t\t\t\t<div class=\"elementor-element elementor-element-qrbxkru elementor-widget elementor-widget-button\" data-id=\"qrbxkru\" data-element_type=\"widget\" data-widget_type=\"button.default\">\n\t\t\t\t<div class=\"elementor-widget-container\">\n\t\t\t\t\t<div class=\"elementor-button-wrapper\">\n\t\t\t<a href=\"https:\/\/www.apan.gob.mx\/descargables\/transparencia\/articulo69\/fraccion26\/2021_1\/tesoreria\/a69_f26.xlsx\" target=\"_blank\" class=\"elementor-button-link elementor-button elementor-size-sm\" role=\"button\">\n\t\t\t\t\t\t<span class=\"elementor-button-content-wrapper\">\n\t\t\t\t\t\t<span class=\"elementor-button-text\">Descargar archivo<\/span>\n\t\t<\/span>\n\t\t\t\t\t<\/a>\n\t\t<\/div>\n\t\t\t\t<\/div>\n\t\t\t\t<\/div>\n\t\t\t\t<div class=\"elementor-element elementor-element-iblrrqc elementor-widget elementor-widget-heading\" data-id=\"iblrrqc\" data-element_type=\"widget\" data-widget_type=\"heading.default\">\n\t\t\t\t<div class=\"elementor-widget-container\">\n\t\t\t<h2 class=\"elementor-heading-title elementor-size-medium\">Fracci\u00f3n XXVI<\/h2>\t\t<\/div>\n\t\t\t\t<\/div>\n\t\t\t\t<div class=\"elementor-element elementor-element-hoiynan elementor-widget elementor-widget-html\" data-id=\"hoiynan\" data-element_type=\"widget\" data-widget_type=\"html.default\">\n\t\t\t\t<div class=\"elementor-widget-container\">\n\t\t\t<html xmlns:v=\"urn:schemas-microsoft-com:vml\"\r\nxmlns:o=\"urn:schemas-microsoft-com:office:office\"\r\nxmlns:x=\"urn:schemas-microsoft-com:office:excel\"\r\nxmlns=\"http:\/\/www.w3.org\/TR\/REC-html40\">\r\n\r\n<head>\r\n<meta http-equiv=Content-Type content=\"text\/html; charset=windows-1252\">\r\n<meta name=ProgId content=Excel.Sheet>\r\n<meta name=Generator content=\"Microsoft Excel 15\">\r\n<link rel=File-List href=\"a69_f26_archivos\/filelist.xml\">\r\n<!--[if !mso]>\r\n<style>\r\nv\\:* {behavior:url(#default#VML);}\r\no\\:* {behavior:url(#default#VML);}\r\nx\\:* {behavior:url(#default#VML);}\r\n.shape {behavior:url(#default#VML);}\r\n<\/style>\r\n<![endif]-->\r\n<style id=\"a69_f26_11013_Styles\">\r\n<!--table\r\n\t{mso-displayed-decimal-separator:\"\\.\";\r\n\tmso-displayed-thousand-separator:\"\\,\";}\r\n.xl1511013\r\n\t{padding:0px;\r\n\tmso-ignore:padding;\r\n\tcolor:black;\r\n\tfont-size:11.0pt;\r\n\tfont-weight:400;\r\n\tfont-style:normal;\r\n\ttext-decoration:none;\r\n\tfont-family:Calibri, sans-serif;\r\n\tmso-font-charset:0;\r\n\tmso-number-format:General;\r\n\ttext-align:general;\r\n\tvertical-align:bottom;\r\n\tmso-background-source:auto;\r\n\tmso-pattern:auto;\r\n\twhite-space:nowrap;}\r\n.xl6511013\r\n\t{padding:0px;\r\n\tmso-ignore:padding;\r\n\tcolor:black;\r\n\tfont-size:10.0pt;\r\n\tfont-weight:400;\r\n\tfont-style:normal;\r\n\ttext-decoration:none;\r\n\tfont-family:Arial;\r\n\tmso-generic-font-family:auto;\r\n\tmso-font-charset:0;\r\n\tmso-number-format:General;\r\n\ttext-align:center;\r\n\tvertical-align:bottom;\r\n\tborder:.5pt solid windowtext;\r\n\tbackground:#E1E1E1;\r\n\tmso-pattern:black none;\r\n\twhite-space:normal;}\r\n.xl6611013\r\n\t{padding:0px;\r\n\tmso-ignore:padding;\r\n\tcolor:white;\r\n\tfont-size:11.0pt;\r\n\tfont-weight:700;\r\n\tfont-style:normal;\r\n\ttext-decoration:none;\r\n\tfont-family:Arial;\r\n\tmso-generic-font-family:auto;\r\n\tmso-font-charset:0;\r\n\tmso-number-format:General;\r\n\ttext-align:center;\r\n\tvertical-align:bottom;\r\n\tborder:.5pt solid windowtext;\r\n\tbackground:#333333;\r\n\tmso-pattern:black none;\r\n\twhite-space:nowrap;}\r\n.xl6711013\r\n\t{padding:0px;\r\n\tmso-ignore:padding;\r\n\tcolor:black;\r\n\tfont-size:10.0pt;\r\n\tfont-weight:400;\r\n\tfont-style:normal;\r\n\ttext-decoration:none;\r\n\tfont-family:Arial;\r\n\tmso-generic-font-family:auto;\r\n\tmso-font-charset:0;\r\n\tmso-number-format:General;\r\n\ttext-align:general;\r\n\tvertical-align:bottom;\r\n\tborder:.5pt solid windowtext;\r\n\tbackground:#E1E1E1;\r\n\tmso-pattern:black none;\r\n\twhite-space:nowrap;}\r\n.xl6811013\r\n\t{padding:0px;\r\n\tmso-ignore:padding;\r\n\tcolor:black;\r\n\tfont-size:11.0pt;\r\n\tfont-weight:400;\r\n\tfont-style:normal;\r\n\ttext-decoration:none;\r\n\tfont-family:Calibri, sans-serif;\r\n\tmso-font-charset:0;\r\n\tmso-number-format:General;\r\n\ttext-align:general;\r\n\tvertical-align:bottom;\r\n\tborder:.5pt solid windowtext;\r\n\tmso-background-source:auto;\r\n\tmso-pattern:auto;\r\n\twhite-space:nowrap;}\r\n.xl6911013\r\n\t{padding:0px;\r\n\tmso-ignore:padding;\r\n\tcolor:black;\r\n\tfont-size:11.0pt;\r\n\tfont-weight:400;\r\n\tfont-style:normal;\r\n\ttext-decoration:none;\r\n\tfont-family:Calibri, sans-serif;\r\n\tmso-font-charset:0;\r\n\tmso-number-format:\"Short Date\";\r\n\ttext-align:general;\r\n\tvertical-align:bottom;\r\n\tborder:.5pt solid windowtext;\r\n\tmso-background-source:auto;\r\n\tmso-pattern:auto;\r\n\twhite-space:nowrap;}\r\n.xl7011013\r\n\t{padding:0px;\r\n\tmso-ignore:padding;\r\n\tcolor:#0563C1;\r\n\tfont-size:11.0pt;\r\n\tfont-weight:400;\r\n\tfont-style:normal;\r\n\ttext-decoration:underline;\r\n\ttext-underline-style:single;\r\n\tfont-family:Calibri, sans-serif;\r\n\tmso-font-charset:0;\r\n\tmso-number-format:General;\r\n\ttext-align:general;\r\n\tvertical-align:bottom;\r\n\tborder:.5pt solid windowtext;\r\n\tmso-background-source:auto;\r\n\tmso-pattern:auto;\r\n\twhite-space:nowrap;}\r\n-->\r\n<\/style>\r\n<\/head>\r\n\r\n<body>\r\n<!--[if !excel]>&nbsp;&nbsp;<![endif]-->\r\n<!--La siguiente informaci\u00f3n se gener\u00f3 mediante el Asistente para publicar como\r\np\u00e1gina web de Microsoft Excel.-->\r\n<!--Si se vuelve a publicar el mismo elemento desde Excel, se reemplazar\u00e1 toda\r\nla informaci\u00f3n comprendida entre las etiquetas DIV.-->\r\n<!----------------------------->\r\n<!--INICIO DE LOS RESULTADOS DEL ASISTENTE PARA PUBLICAR COMO P\u00c1GINA WEB DE\r\nEXCEL -->\r\n<!----------------------------->\r\n\r\n<div id=\"a69_f26_11013\" align=center x:publishsource=\"Excel\">\r\n\r\n<table border=0 cellpadding=0 cellspacing=0 width=9691 style='border-collapse:\r\n collapse;table-layout:fixed;width:7271pt'>\r\n <col width=56 style='mso-width-source:userset;mso-width-alt:2048;width:42pt'>\r\n <col width=255 style='mso-width-source:userset;mso-width-alt:9325;width:191pt'>\r\n <col width=270 style='mso-width-source:userset;mso-width-alt:9874;width:203pt'>\r\n <col width=388 style='mso-width-source:userset;mso-width-alt:14189;width:291pt'>\r\n <col width=414 style='mso-width-source:userset;mso-width-alt:15140;width:311pt'>\r\n <col width=427 style='mso-width-source:userset;mso-width-alt:15616;width:320pt'>\r\n <col width=269 style='mso-width-source:userset;mso-width-alt:9837;width:202pt'>\r\n <col width=178 style='mso-width-source:userset;mso-width-alt:6509;width:134pt'>\r\n <col width=204 style='mso-width-source:userset;mso-width-alt:7460;width:153pt'>\r\n <col width=370 style='mso-width-source:userset;mso-width-alt:13531;width:278pt'>\r\n <col width=250 style='mso-width-source:userset;mso-width-alt:9142;width:188pt'>\r\n <col width=292 style='mso-width-source:userset;mso-width-alt:10678;width:219pt'>\r\n <col width=143 style='mso-width-source:userset;mso-width-alt:5229;width:107pt'>\r\n <col width=371 style='mso-width-source:userset;mso-width-alt:13568;width:278pt'>\r\n <col width=443 style='mso-width-source:userset;mso-width-alt:16201;width:332pt'>\r\n <col width=218 style='mso-width-source:userset;mso-width-alt:7972;width:164pt'>\r\n <col width=204 style='mso-width-source:userset;mso-width-alt:7460;width:153pt'>\r\n <col width=356 style='mso-width-source:userset;mso-width-alt:13019;width:267pt'>\r\n <col width=394 style='mso-width-source:userset;mso-width-alt:14409;width:296pt'>\r\n <col width=215 style='mso-width-source:userset;mso-width-alt:7862;width:161pt'>\r\n <col width=295 style='mso-width-source:userset;mso-width-alt:10788;width:221pt'>\r\n <col width=421 style='mso-width-source:userset;mso-width-alt:15396;width:316pt'>\r\n <col width=513 style='mso-width-source:userset;mso-width-alt:18761;width:385pt'>\r\n <col width=528 style='mso-width-source:userset;mso-width-alt:19309;width:396pt'>\r\n <col width=442 style='mso-width-source:userset;mso-width-alt:16164;width:332pt'>\r\n <col width=425 style='mso-width-source:userset;mso-width-alt:15542;width:319pt'>\r\n <col width=512 style='mso-width-source:userset;mso-width-alt:18724;width:384pt'>\r\n <col width=123 style='mso-width-source:userset;mso-width-alt:4498;width:92pt'>\r\n <col width=140 style='mso-width-source:userset;mso-width-alt:5120;width:105pt'>\r\n <col width=575 style='mso-width-source:userset;mso-width-alt:21028;width:431pt'>\r\n <tr height=0 style='display:none'>\r\n  <td class=xl1511013 width=56 style='width:42pt'>44271<\/td>\r\n  <td class=xl1511013 width=255 style='width:191pt'><\/td>\r\n  <td class=xl1511013 width=270 style='width:203pt'><\/td>\r\n  <td class=xl1511013 width=388 style='width:291pt'><\/td>\r\n  <td class=xl1511013 width=414 style='width:311pt'><\/td>\r\n  <td class=xl1511013 width=427 style='width:320pt'><\/td>\r\n  <td class=xl1511013 width=269 style='width:202pt'><\/td>\r\n  <td class=xl1511013 width=178 style='width:134pt'><\/td>\r\n  <td class=xl1511013 width=204 style='width:153pt'><\/td>\r\n  <td class=xl1511013 width=370 style='width:278pt'><\/td>\r\n  <td class=xl1511013 width=250 style='width:188pt'><\/td>\r\n  <td class=xl1511013 width=292 style='width:219pt'><\/td>\r\n  <td class=xl1511013 width=143 style='width:107pt'><\/td>\r\n  <td class=xl1511013 width=371 style='width:278pt'><\/td>\r\n  <td class=xl1511013 width=443 style='width:332pt'><\/td>\r\n  <td class=xl1511013 width=218 style='width:164pt'><\/td>\r\n  <td class=xl1511013 width=204 style='width:153pt'><\/td>\r\n  <td class=xl1511013 width=356 style='width:267pt'><\/td>\r\n  <td class=xl1511013 width=394 style='width:296pt'><\/td>\r\n  <td class=xl1511013 width=215 style='width:161pt'><\/td>\r\n  <td class=xl1511013 width=295 style='width:221pt'><\/td>\r\n  <td class=xl1511013 width=421 style='width:316pt'><\/td>\r\n  <td class=xl1511013 width=513 style='width:385pt'><\/td>\r\n  <td class=xl1511013 width=528 style='width:396pt'><\/td>\r\n  <td class=xl1511013 width=442 style='width:332pt'><\/td>\r\n  <td class=xl1511013 width=425 style='width:319pt'><\/td>\r\n  <td class=xl1511013 width=512 style='width:384pt'><\/td>\r\n  <td class=xl1511013 width=123 style='width:92pt'><\/td>\r\n  <td class=xl1511013 width=140 style='width:105pt'><\/td>\r\n  <td class=xl1511013 width=575 style='width:431pt'><\/td>\r\n <\/tr>\r\n <tr height=20 style='height:15.0pt'>\r\n  <td colspan=3 height=20 class=xl6611013 style='height:15.0pt'>T\u00cdTULO<\/td>\r\n  <td colspan=3 class=xl6611013>NOMBRE CORTO<\/td>\r\n  <td colspan=3 class=xl6611013>DESCRIPCI\u00d3N<\/td>\r\n  <td class=xl1511013><\/td>\r\n  <td class=xl1511013><\/td>\r\n  <td class=xl1511013><\/td>\r\n  <td class=xl1511013><\/td>\r\n  <td class=xl1511013><\/td>\r\n  <td class=xl1511013><\/td>\r\n  <td class=xl1511013><\/td>\r\n  <td class=xl1511013><\/td>\r\n  <td class=xl1511013><\/td>\r\n  <td class=xl1511013><\/td>\r\n  <td class=xl1511013><\/td>\r\n  <td class=xl1511013><\/td>\r\n  <td class=xl1511013><\/td>\r\n  <td class=xl1511013><\/td>\r\n  <td class=xl1511013><\/td>\r\n  <td class=xl1511013><\/td>\r\n  <td class=xl1511013><\/td>\r\n  <td class=xl1511013><\/td>\r\n  <td class=xl1511013><\/td>\r\n  <td class=xl1511013><\/td>\r\n  <td class=xl1511013><\/td>\r\n <\/tr>\r\n <tr height=20 style='height:15.0pt'>\r\n  <td colspan=3 height=20 class=xl6711013 style='height:15.0pt'>Personas que\r\n  usan recursos p\u00fablicos<\/td>\r\n  <td colspan=3 class=xl6711013>a69_f26<\/td>\r\n  <td colspan=3 class=xl6711013>El listado de personas f\u00edsicas y\/o morales,\r\n  nacionales y\/o extranjeras a quienes, por cualquier motivo, han asignado o\r\n  permitido el uso de recursos p\u00fablicos y de aquellas que realizan actos de\r\n  autoridad. La informaci\u00f3n que se reporte deber\u00e1 corresponder con la enviada\r\n  a<span style='mso-spacerun:yes'>\u00a0 <\/span>los organismos garantes, para su\r\n  an\u00e1lisis y elaboraci\u00f3n de listados de<span style='mso-spacerun:yes'>\u00a0\r\n  <\/span>personas f\u00edsicas y morales requeridos por los art\u00edculos 81 y 82 de la\r\n  Ley General de Transparencia<\/td>\r\n  <td class=xl1511013><\/td>\r\n  <td class=xl1511013><\/td>\r\n  <td class=xl1511013><\/td>\r\n  <td class=xl1511013><\/td>\r\n  <td class=xl1511013><\/td>\r\n  <td class=xl1511013><\/td>\r\n  <td class=xl1511013><\/td>\r\n  <td class=xl1511013><\/td>\r\n  <td class=xl1511013><\/td>\r\n  <td class=xl1511013><\/td>\r\n  <td class=xl1511013><\/td>\r\n  <td class=xl1511013><\/td>\r\n  <td class=xl1511013><\/td>\r\n  <td class=xl1511013><\/td>\r\n  <td class=xl1511013><\/td>\r\n  <td class=xl1511013><\/td>\r\n  <td class=xl1511013><\/td>\r\n  <td class=xl1511013><\/td>\r\n  <td class=xl1511013><\/td>\r\n  <td class=xl1511013><\/td>\r\n  <td class=xl1511013><\/td>\r\n <\/tr>\r\n <tr height=0 style='display:none'>\r\n  <td class=xl1511013>1<\/td>\r\n  <td class=xl1511013>4<\/td>\r\n  <td class=xl1511013>4<\/td>\r\n  <td class=xl1511013>1<\/td>\r\n  <td class=xl1511013>1<\/td>\r\n  <td class=xl1511013>1<\/td>\r\n  <td class=xl1511013>1<\/td>\r\n  <td class=xl1511013>9<\/td>\r\n  <td class=xl1511013>1<\/td>\r\n  <td class=xl1511013>9<\/td>\r\n  <td class=xl1511013>9<\/td>\r\n  <td class=xl1511013>2<\/td>\r\n  <td class=xl1511013>2<\/td>\r\n  <td class=xl1511013>6<\/td>\r\n  <td class=xl1511013>6<\/td>\r\n  <td class=xl1511013>1<\/td>\r\n  <td class=xl1511013>1<\/td>\r\n  <td class=xl1511013>4<\/td>\r\n  <td class=xl1511013>7<\/td>\r\n  <td class=xl1511013>4<\/td>\r\n  <td class=xl1511013>7<\/td>\r\n  <td class=xl1511013>1<\/td>\r\n  <td class=xl1511013>4<\/td>\r\n  <td class=xl1511013>4<\/td>\r\n  <td class=xl1511013>9<\/td>\r\n  <td class=xl1511013>9<\/td>\r\n  <td class=xl1511013>2<\/td>\r\n  <td class=xl1511013>4<\/td>\r\n  <td class=xl1511013>13<\/td>\r\n  <td class=xl1511013>14<\/td>\r\n <\/tr>\r\n <tr height=0 style='display:none'>\r\n  <td class=xl1511013>351108<\/td>\r\n  <td class=xl1511013>351122<\/td>\r\n  <td class=xl1511013>351123<\/td>\r\n  <td class=xl1511013>351109<\/td>\r\n  <td class=xl1511013>351110<\/td>\r\n  <td class=xl1511013>351129<\/td>\r\n  <td class=xl1511013>351111<\/td>\r\n  <td class=xl1511013>351124<\/td>\r\n  <td class=xl1511013>351133<\/td>\r\n  <td class=xl1511013>351134<\/td>\r\n  <td class=xl1511013>351120<\/td>\r\n  <td class=xl1511013>351112<\/td>\r\n  <td class=xl1511013>351126<\/td>\r\n  <td class=xl1511013>351116<\/td>\r\n  <td class=xl1511013>351117<\/td>\r\n  <td class=xl1511013>351107<\/td>\r\n  <td class=xl1511013>351127<\/td>\r\n  <td class=xl1511013>351113<\/td>\r\n  <td class=xl1511013>351118<\/td>\r\n  <td class=xl1511013>351115<\/td>\r\n  <td class=xl1511013>351119<\/td>\r\n  <td class=xl1511013>351135<\/td>\r\n  <td class=xl1511013>351136<\/td>\r\n  <td class=xl1511013>351137<\/td>\r\n  <td class=xl1511013>351131<\/td>\r\n  <td class=xl1511013>351132<\/td>\r\n  <td class=xl1511013>351128<\/td>\r\n  <td class=xl1511013>351114<\/td>\r\n  <td class=xl1511013>351125<\/td>\r\n  <td class=xl1511013>351130<\/td>\r\n <\/tr>\r\n <tr height=20 style='height:15.0pt'>\r\n  <td colspan=30 height=20 class=xl6611013 style='height:15.0pt'>Tabla Campos<\/td>\r\n <\/tr>\r\n <tr height=35 style='height:26.25pt'>\r\n  <td height=35 class=xl6511013 width=56 style='height:26.25pt;width:42pt'>Ejercicio<\/td>\r\n  <td class=xl6511013 width=255 style='border-left:none;width:191pt'>Fecha de\r\n  inicio del periodo que se informa<\/td>\r\n  <td class=xl6511013 width=270 style='border-left:none;width:203pt'>Fecha de\r\n  t\u00e9rmino del periodo que se informa<\/td>\r\n  <td class=xl6511013 width=388 style='border-left:none;width:291pt'>Nombre(s)\r\n  de la persona que recibi\u00f3 los recursos del beneficiario<\/td>\r\n  <td class=xl6511013 width=414 style='border-left:none;width:311pt'>Primer\r\n  apellido de la persona que recibi\u00f3 los recursos del beneficiario<\/td>\r\n  <td class=xl6511013 width=427 style='border-left:none;width:320pt'>Segundo\r\n  apellido de la persona que recibi\u00f3 los recursos del beneficiario<\/td>\r\n  <td class=xl6511013 width=269 style='border-left:none;width:202pt'>Denominaci\u00f3n\r\n  o raz\u00f3n social del beneficiario<\/td>\r\n  <td class=xl6511013 width=178 style='border-left:none;width:134pt'>Personer\u00eda\r\n  jur\u00eddica (cat\u00e1logo)<\/td>\r\n  <td class=xl6511013 width=204 style='border-left:none;width:153pt'>Clasificaci\u00f3n\r\n  de la persona moral<span style='mso-spacerun:yes'>\u00a0<\/span><\/td>\r\n  <td class=xl6511013 width=370 style='border-left:none;width:278pt'>Tipo de\r\n  acci\u00f3n que realiza la persona f\u00edsica o moral (cat\u00e1logo)<\/td>\r\n  <td class=xl6511013 width=250 style='border-left:none;width:188pt'>\u00c1mbito de\r\n  aplicaci\u00f3n o destino (cat\u00e1logo)<\/td>\r\n  <td class=xl6511013 width=292 style='border-left:none;width:219pt'>Fundamento\r\n  jur\u00eddico para usar recursos p\u00fablicos<\/td>\r\n  <td class=xl6511013 width=143 style='border-left:none;width:107pt'>Tipo de\r\n  recurso p\u00fablico<\/td>\r\n  <td class=xl6511013 width=371 style='border-left:none;width:278pt'>Monto\r\n  total y\/o recurso p\u00fablico entregado en el ejercicio fiscal<\/td>\r\n  <td class=xl6511013 width=443 style='border-left:none;width:332pt'>Monto por\r\n  entregarse y\/o recurso p\u00fablico que se permiti\u00f3 usar, en su caso<\/td>\r\n  <td class=xl6511013 width=218 style='border-left:none;width:164pt'>Periodicidad\r\n  de entrega de recursos<\/td>\r\n  <td class=xl6511013 width=204 style='border-left:none;width:153pt'>Modalidad\r\n  de entrega del recurso<\/td>\r\n  <td class=xl6511013 width=356 style='border-left:none;width:267pt'>Fecha en\r\n  la que se entregaron o se entregar\u00e1n los recursos<\/td>\r\n  <td class=xl6511013 width=394 style='border-left:none;width:296pt'>Hiperv\u00ednculo\r\n  a los informes sobre el uso y destino de los recursos<span\r\n  style='mso-spacerun:yes'>\u00a0<\/span><\/td>\r\n  <td class=xl6511013 width=215 style='border-left:none;width:161pt'>Fecha de\r\n  firma entrega de recursos<\/td>\r\n  <td class=xl6511013 width=295 style='border-left:none;width:221pt'>Hiperv\u00ednculo\r\n  al convenio, acuerdo o convocatoria<\/td>\r\n  <td class=xl6511013 width=421 style='border-left:none;width:316pt'>Acto(s) de\r\n  autoridad para los que se facult\u00f3 a la persona f\u00edsica o moral<\/td>\r\n  <td class=xl6511013 width=513 style='border-left:none;width:385pt'>Fecha de\r\n  inicio del periodo para el que fue facultado para realizar el acto de\r\n  autoridad<\/td>\r\n  <td class=xl6511013 width=528 style='border-left:none;width:396pt'>Fecha de\r\n  t\u00e9rmino del periodo para el que fue facultado para realizar el acto de\r\n  autoridad<\/td>\r\n  <td class=xl6511013 width=442 style='border-left:none;width:332pt'>El\r\n  gobierno particip\u00f3 en la creaci\u00f3n de la persona f\u00edsica o moral (cat\u00e1logo)<\/td>\r\n  <td class=xl6511013 width=425 style='border-left:none;width:319pt'>La persona\r\n  f\u00edsica o moral realiza una funci\u00f3n gubernamental (cat\u00e1logo)<\/td>\r\n  <td class=xl6511013 width=512 style='border-left:none;width:384pt'>\u00c1rea(s)\r\n  responsable(s) que genera(n), posee(n), publica(n) y actualizan la\r\n  informaci\u00f3n<\/td>\r\n  <td class=xl6511013 width=123 style='border-left:none;width:92pt'>Fecha de\r\n  validaci\u00f3n<\/td>\r\n  <td class=xl6511013 width=140 style='border-left:none;width:105pt'>Fecha de\r\n  actualizaci\u00f3n<\/td>\r\n  <td class=xl6511013 width=575 style='border-left:none;width:431pt'>Nota<\/td>\r\n <\/tr>\r\n <tr height=20 style='height:15.0pt'>\r\n  <td height=20 class=xl6811013 align=right style='height:15.0pt;border-top:\r\n  none'>2021<\/td>\r\n  <td class=xl6911013 align=right style='border-top:none;border-left:none'>01\/01\/2021<\/td>\r\n  <td class=xl6911013 align=right style='border-top:none;border-left:none'>31\/03\/2021<\/td>\r\n  <td class=xl6811013 style='border-top:none;border-left:none'>&nbsp;<\/td>\r\n  <td class=xl6811013 style='border-top:none;border-left:none'>&nbsp;<\/td>\r\n  <td class=xl6811013 style='border-top:none;border-left:none'>&nbsp;<\/td>\r\n  <td class=xl6811013 style='border-top:none;border-left:none'>&nbsp;<\/td>\r\n  <td class=xl6811013 style='border-top:none;border-left:none'>&nbsp;<\/td>\r\n  <td class=xl6811013 style='border-top:none;border-left:none'>&nbsp;<\/td>\r\n  <td class=xl6811013 style='border-top:none;border-left:none'>&nbsp;<\/td>\r\n  <td class=xl6811013 style='border-top:none;border-left:none'>&nbsp;<\/td>\r\n  <td class=xl6811013 style='border-top:none;border-left:none'>&nbsp;<\/td>\r\n  <td class=xl6811013 style='border-top:none;border-left:none'>&nbsp;<\/td>\r\n  <td class=xl6811013 style='border-top:none;border-left:none'>&nbsp;<\/td>\r\n  <td class=xl6811013 style='border-top:none;border-left:none'>&nbsp;<\/td>\r\n  <td class=xl6811013 style='border-top:none;border-left:none'>&nbsp;<\/td>\r\n  <td class=xl6811013 style='border-top:none;border-left:none'>&nbsp;<\/td>\r\n  <td class=xl6811013 style='border-top:none;border-left:none'>&nbsp;<\/td>\r\n  <td class=xl7011013 style='border-top:none;border-left:none'><a\r\n  href=\"https:\/\/www.apan.gob.mx\/descargables\/transparencia\/articulo69\/fraccion26\/2021_1\/tesoreria\/FraXXVIa1_1.pdf\">https:\/\/www.apan.gob.mx\/descargables\/transparencia\/articul<span\r\n  style='display:none'>o69\/fraccion26\/2021_1\/tesoreria\/FraXXVIa1_1.pdf<\/span><\/a><\/td>\r\n  <td class=xl6811013 style='border-top:none;border-left:none'>&nbsp;<\/td>\r\n  <td class=xl7011013 style='border-top:none;border-left:none'><a\r\n  href=\"https:\/\/www.apan.gob.mx\/descargables\/transparencia\/articulo69\/fraccion26\/2021_1\/tesoreria\/FraXXVIa1_1.pdf\">https:\/\/www.apan.gob.mx\/descargables\/trans<span\r\n  style='display:none'>parencia\/articulo69\/fraccion26\/2021_1\/tesoreria\/FraXXVIa1_1.pdf<\/span><\/a><\/td>\r\n  <td class=xl6811013 style='border-top:none;border-left:none'>&nbsp;<\/td>\r\n  <td class=xl6811013 style='border-top:none;border-left:none'>&nbsp;<\/td>\r\n  <td class=xl6811013 style='border-top:none;border-left:none'>&nbsp;<\/td>\r\n  <td class=xl6811013 style='border-top:none;border-left:none'>&nbsp;<\/td>\r\n  <td class=xl6811013 style='border-top:none;border-left:none'>&nbsp;<\/td>\r\n  <td class=xl6811013 style='border-top:none;border-left:none'>Tesorer\u00eda\r\n  Municipal de Apan, Hidalgo.<span style='mso-spacerun:yes'>\u00a0<\/span><\/td>\r\n  <td class=xl6911013 align=right style='border-top:none;border-left:none'>13\/04\/2021<\/td>\r\n  <td class=xl6911013 align=right style='border-top:none;border-left:none'>13\/04\/2021<\/td>\r\n  <td class=xl6811013 style='border-top:none;border-left:none'>En este periodo\r\n  el municipio reporta que ningun tipo de recurso fue ejercido por terceros.<\/td>\r\n <\/tr>\r\n <![if supportMisalignedColumns]>\r\n <tr height=0 style='display:none'>\r\n  <td width=56 style='width:42pt'><\/td>\r\n  <td width=255 style='width:191pt'><\/td>\r\n  <td width=270 style='width:203pt'><\/td>\r\n  <td width=388 style='width:291pt'><\/td>\r\n  <td width=414 style='width:311pt'><\/td>\r\n  <td width=427 style='width:320pt'><\/td>\r\n  <td width=269 style='width:202pt'><\/td>\r\n  <td width=178 style='width:134pt'><\/td>\r\n  <td width=204 style='width:153pt'><\/td>\r\n  <td width=370 style='width:278pt'><\/td>\r\n  <td width=250 style='width:188pt'><\/td>\r\n  <td width=292 style='width:219pt'><\/td>\r\n  <td width=143 style='width:107pt'><\/td>\r\n  <td width=371 style='width:278pt'><\/td>\r\n  <td width=443 style='width:332pt'><\/td>\r\n  <td width=218 style='width:164pt'><\/td>\r\n  <td width=204 style='width:153pt'><\/td>\r\n  <td width=356 style='width:267pt'><\/td>\r\n  <td width=394 style='width:296pt'><\/td>\r\n  <td width=215 style='width:161pt'><\/td>\r\n  <td width=295 style='width:221pt'><\/td>\r\n  <td width=421 style='width:316pt'><\/td>\r\n  <td width=513 style='width:385pt'><\/td>\r\n  <td width=528 style='width:396pt'><\/td>\r\n  <td width=442 style='width:332pt'><\/td>\r\n  <td width=425 style='width:319pt'><\/td>\r\n  <td width=512 style='width:384pt'><\/td>\r\n  <td width=123 style='width:92pt'><\/td>\r\n  <td width=140 style='width:105pt'><\/td>\r\n  <td width=575 style='width:431pt'><\/td>\r\n <\/tr>\r\n <![endif]>\r\n<\/table>\r\n\r\n<\/div>\r\n\r\n\r\n<!----------------------------->\r\n<!--FINAL DE LOS RESULTADOS DEL ASISTENTE PARA PUBLICAR COMO P\u00c1GINA WEB DE\r\nEXCEL-->\r\n<!----------------------------->\r\n<\/body>\r\n\r\n<\/html>\r\n\t\t<\/div>\n\t\t\t\t<\/div>\n\t\t\t\t\t\t<\/div>\n\t\t\t\t\t<\/div>\n\t\t<\/div>\n\t\t\t\t\t\t\t\t<\/div>\n\t\t\t\t\t<\/div>\n\t\t<\/section>\n\t\t\t\t\t\t\t\t\t<\/div>\n\t\t\t<\/div>\n\t\t\t\t\t<\/div>\n\t\t","protected":false},"excerpt":{"rendered":"<p>Descargar archivo Fracci\u00f3n XXVI 44271 T\u00cdTULO NOMBRE CORTO DESCRIPCI\u00d3N Personas que usan recursos p\u00fablicos a69_f26 El listado de personas f\u00edsicas y\/o morales, nacionales y\/o extranjeras a quienes, por cualquier motivo, han asignado o permitido el uso de recursos p\u00fablicos y de aquellas que realizan actos de autoridad. La informaci\u00f3n que se reporte deber\u00e1 corresponder con [&hellip;]<\/p>\n","protected":false},"author":1,"featured_media":0,"parent":10001,"menu_order":0,"comment_status":"closed","ping_status":"closed","template":"page-template-full.php","meta":[],"jetpack_sharing_enabled":true,"_links":{"self":[{"href":"https:\/\/apan.gob.mx\/portal\/wp-json\/wp\/v2\/pages\/10626"}],"collection":[{"href":"https:\/\/apan.gob.mx\/portal\/wp-json\/wp\/v2\/pages"}],"about":[{"href":"https:\/\/apan.gob.mx\/portal\/wp-json\/wp\/v2\/types\/page"}],"author":[{"embeddable":true,"href":"https:\/\/apan.gob.mx\/portal\/wp-json\/wp\/v2\/users\/1"}],"replies":[{"embeddable":true,"href":"https:\/\/apan.gob.mx\/portal\/wp-json\/wp\/v2\/comments?post=10626"}],"version-history":[{"count":2,"href":"https:\/\/apan.gob.mx\/portal\/wp-json\/wp\/v2\/pages\/10626\/revisions"}],"predecessor-version":[{"id":10628,"href":"https:\/\/apan.gob.mx\/portal\/wp-json\/wp\/v2\/pages\/10626\/revisions\/10628"}],"up":[{"embeddable":true,"href":"https:\/\/apan.gob.mx\/portal\/wp-json\/wp\/v2\/pages\/10001"}],"wp:attachment":[{"href":"https:\/\/apan.gob.mx\/portal\/wp-json\/wp\/v2\/media?parent=10626"}],"curies":[{"name":"wp","href":"https:\/\/api.w.org\/{rel}","templated":true}]}}