{"id":10744,"date":"2021-08-05T09:35:22","date_gmt":"2021-08-05T14:35:22","guid":{"rendered":"https:\/\/apan.gob.mx\/portal\/?page_id=10744"},"modified":"2025-11-25T15:57:57","modified_gmt":"2025-11-25T21:57:57","slug":"10744-2","status":"publish","type":"page","link":"https:\/\/apan.gob.mx\/portal\/2-trimestre-2021\/10744-2\/","title":{"rendered":"<!--tesoreria_21b_2021_2-->"},"content":{"rendered":"\t\t<div data-elementor-type=\"wp-page\" data-elementor-id=\"10744\" class=\"elementor elementor-10744\">\n\t\t\t\t\t\t<section class=\"has_ae_slider elementor-section elementor-top-section elementor-element elementor-element-eercjbw elementor-section-boxed elementor-section-height-default elementor-section-height-default ae-bg-gallery-type-default\" data-id=\"eercjbw\" data-element_type=\"section\" data-e-type=\"section\">\n\t\t\t\t\t\t<div class=\"elementor-container elementor-column-gap-default\">\n\t\t\t\t\t<div class=\"has_ae_slider elementor-column elementor-col-100 elementor-top-column elementor-element elementor-element-axhpedw ae-bg-gallery-type-default\" data-id=\"axhpedw\" data-element_type=\"column\" data-e-type=\"column\">\n\t\t\t<div class=\"elementor-widget-wrap elementor-element-populated\">\n\t\t\t\t\t\t<div class=\"elementor-element elementor-element-bqumvto elementor-widget elementor-widget-heading\" data-id=\"bqumvto\" data-element_type=\"widget\" data-e-type=\"widget\" data-widget_type=\"heading.default\">\n\t\t\t\t<div class=\"elementor-widget-container\">\n\t\t\t\t\t<h2 class=\"elementor-heading-title elementor-size-medium\"><a href=\"https:\/\/www.apan.gob.mx\/descargables\/transparencia\/articulo69\/fraccion21\/2021_1\/tesoreria\/a\/a69_f21_a.xlsx\">Fracci\u00f3n XXI a, esta fracci\u00f3n podr\u00e1 consultarla en el cuarto trimestre del presente a\u00f1o, por ser una fracci\u00f3n de publicaci\u00f3n anual\n<\/a><\/h2>\t\t\t\t<\/div>\n\t\t\t\t<\/div>\n\t\t\t\t<div class=\"elementor-element elementor-element-hzxbrlp elementor-widget elementor-widget-button\" data-id=\"hzxbrlp\" data-element_type=\"widget\" data-e-type=\"widget\" data-widget_type=\"button.default\">\n\t\t\t\t<div class=\"elementor-widget-container\">\n\t\t\t\t\t\t\t\t\t<div class=\"elementor-button-wrapper\">\n\t\t\t\t\t<a class=\"elementor-button elementor-button-link elementor-size-sm\" href=\"https:\/\/www.apan.gob.mx\/descargables\/transparencia\/articulo69\/fraccion21\/2021_2\/tesoreria\/b\/a69_f21_b.xlsx\" target=\"_blank\">\n\t\t\t\t\t\t<span class=\"elementor-button-content-wrapper\">\n\t\t\t\t\t\t\t\t\t<span class=\"elementor-button-text\">Descargar Archivo <\/span>\n\t\t\t\t\t<\/span>\n\t\t\t\t\t<\/a>\n\t\t\t\t<\/div>\n\t\t\t\t\t\t\t\t<\/div>\n\t\t\t\t<\/div>\n\t\t\t\t<div class=\"elementor-element elementor-element-77a02d6 elementor-widget elementor-widget-heading\" data-id=\"77a02d6\" data-element_type=\"widget\" data-e-type=\"widget\" data-widget_type=\"heading.default\">\n\t\t\t\t<div class=\"elementor-widget-container\">\n\t\t\t\t\t<h2 class=\"elementor-heading-title elementor-size-medium\">Fracci\u00f3n  XXIb<\/h2>\t\t\t\t<\/div>\n\t\t\t\t<\/div>\n\t\t\t\t<div class=\"elementor-element elementor-element-vsqylvb elementor-widget elementor-widget-html\" data-id=\"vsqylvb\" data-element_type=\"widget\" data-e-type=\"widget\" data-widget_type=\"html.default\">\n\t\t\t\t<div class=\"elementor-widget-container\">\n\t\t\t\t\t<html xmlns:o=\"urn:schemas-microsoft-com:office:office\"\r\nxmlns:x=\"urn:schemas-microsoft-com:office:excel\"\r\nxmlns=\"http:\/\/www.w3.org\/TR\/REC-html40\">\r\n\r\n<head>\r\n<meta http-equiv=Content-Type content=\"text\/html; charset=windows-1252\">\r\n<meta name=ProgId content=Excel.Sheet>\r\n<meta name=Generator content=\"Microsoft Excel 15\">\r\n<link rel=File-List href=\"a69_f21_b_archivos\/filelist.xml\">\r\n<style id=\"a69_f21_b_20540_Styles\">\r\n<!--table\r\n\t{mso-displayed-decimal-separator:\"\\.\";\r\n\tmso-displayed-thousand-separator:\"\\,\";}\r\n.xl1520540\r\n\t{padding-top:1px;\r\n\tpadding-right:1px;\r\n\tpadding-left:1px;\r\n\tmso-ignore:padding;\r\n\tcolor:black;\r\n\tfont-size:11.0pt;\r\n\tfont-weight:400;\r\n\tfont-style:normal;\r\n\ttext-decoration:none;\r\n\tfont-family:Calibri, sans-serif;\r\n\tmso-font-charset:0;\r\n\tmso-number-format:General;\r\n\ttext-align:general;\r\n\tvertical-align:bottom;\r\n\tmso-background-source:auto;\r\n\tmso-pattern:auto;\r\n\twhite-space:nowrap;}\r\n.xl6520540\r\n\t{padding-top:1px;\r\n\tpadding-right:1px;\r\n\tpadding-left:1px;\r\n\tmso-ignore:padding;\r\n\tcolor:black;\r\n\tfont-size:10.0pt;\r\n\tfont-weight:400;\r\n\tfont-style:normal;\r\n\ttext-decoration:none;\r\n\tfont-family:Arial;\r\n\tmso-generic-font-family:auto;\r\n\tmso-font-charset:0;\r\n\tmso-number-format:General;\r\n\ttext-align:center;\r\n\tvertical-align:bottom;\r\n\tborder:.5pt solid windowtext;\r\n\tbackground:#E1E1E1;\r\n\tmso-pattern:black none;\r\n\twhite-space:normal;}\r\n.xl6620540\r\n\t{padding-top:1px;\r\n\tpadding-right:1px;\r\n\tpadding-left:1px;\r\n\tmso-ignore:padding;\r\n\tcolor:white;\r\n\tfont-size:11.0pt;\r\n\tfont-weight:700;\r\n\tfont-style:normal;\r\n\ttext-decoration:none;\r\n\tfont-family:Arial;\r\n\tmso-generic-font-family:auto;\r\n\tmso-font-charset:0;\r\n\tmso-number-format:General;\r\n\ttext-align:center;\r\n\tvertical-align:bottom;\r\n\tborder:.5pt solid windowtext;\r\n\tbackground:#333333;\r\n\tmso-pattern:black none;\r\n\twhite-space:normal;}\r\n.xl6720540\r\n\t{padding-top:1px;\r\n\tpadding-right:1px;\r\n\tpadding-left:1px;\r\n\tmso-ignore:padding;\r\n\tcolor:black;\r\n\tfont-size:10.0pt;\r\n\tfont-weight:400;\r\n\tfont-style:normal;\r\n\ttext-decoration:none;\r\n\tfont-family:Arial;\r\n\tmso-generic-font-family:auto;\r\n\tmso-font-charset:0;\r\n\tmso-number-format:General;\r\n\ttext-align:general;\r\n\tvertical-align:bottom;\r\n\tborder:.5pt solid windowtext;\r\n\tbackground:#E1E1E1;\r\n\tmso-pattern:black none;\r\n\twhite-space:nowrap;}\r\n.xl6820540\r\n\t{padding-top:1px;\r\n\tpadding-right:1px;\r\n\tpadding-left:1px;\r\n\tmso-ignore:padding;\r\n\tcolor:black;\r\n\tfont-size:11.0pt;\r\n\tfont-weight:400;\r\n\tfont-style:normal;\r\n\ttext-decoration:none;\r\n\tfont-family:Calibri, sans-serif;\r\n\tmso-font-charset:0;\r\n\tmso-number-format:General;\r\n\ttext-align:general;\r\n\tvertical-align:bottom;\r\n\tborder:.5pt solid windowtext;\r\n\tmso-background-source:auto;\r\n\tmso-pattern:auto;\r\n\twhite-space:nowrap;}\r\n.xl6920540\r\n\t{padding-top:1px;\r\n\tpadding-right:1px;\r\n\tpadding-left:1px;\r\n\tmso-ignore:padding;\r\n\tcolor:black;\r\n\tfont-size:11.0pt;\r\n\tfont-weight:400;\r\n\tfont-style:normal;\r\n\ttext-decoration:none;\r\n\tfont-family:Calibri, sans-serif;\r\n\tmso-font-charset:0;\r\n\tmso-number-format:\"Short Date\";\r\n\ttext-align:general;\r\n\tvertical-align:bottom;\r\n\tborder:.5pt solid windowtext;\r\n\tmso-background-source:auto;\r\n\tmso-pattern:auto;\r\n\twhite-space:nowrap;}\r\n.xl7020540\r\n\t{padding-top:1px;\r\n\tpadding-right:1px;\r\n\tpadding-left:1px;\r\n\tmso-ignore:padding;\r\n\tcolor:#0563C1;\r\n\tfont-size:11.0pt;\r\n\tfont-weight:400;\r\n\tfont-style:normal;\r\n\ttext-decoration:underline;\r\n\ttext-underline-style:single;\r\n\tfont-family:Calibri, sans-serif;\r\n\tmso-font-charset:0;\r\n\tmso-number-format:General;\r\n\ttext-align:general;\r\n\tvertical-align:bottom;\r\n\tborder:.5pt solid windowtext;\r\n\tmso-background-source:auto;\r\n\tmso-pattern:auto;\r\n\twhite-space:nowrap;}\r\n-->\r\n<\/style>\r\n<\/head>\r\n\r\n<body>\r\n<!--[if !excel]>&nbsp;&nbsp;<![endif]-->\r\n<!--La siguiente informaci\u00f3n se gener\u00f3 mediante el Asistente para publicar como\r\np\u00e1gina web de Microsoft Excel.-->\r\n<!--Si se vuelve a publicar el mismo elemento desde Excel, se reemplazar\u00e1 toda\r\nla informaci\u00f3n comprendida entre las etiquetas DIV.-->\r\n<!----------------------------->\r\n<!--INICIO DE LOS RESULTADOS DEL ASISTENTE PARA PUBLICAR COMO P\u00c1GINA WEB DE\r\nEXCEL -->\r\n<!----------------------------->\r\n\r\n<div id=\"a69_f21_b_20540\" align=center x:publishsource=\"Excel\">\r\n\r\n<table border=0 cellpadding=0 cellspacing=0 width=2333 style='border-collapse:\r\n collapse;table-layout:fixed;width:1750pt'>\r\n <col width=56 style='mso-width-source:userset;mso-width-alt:2048;width:42pt'>\r\n <col width=255 style='mso-width-source:userset;mso-width-alt:9325;width:191pt'>\r\n <col width=270 style='mso-width-source:userset;mso-width-alt:9874;width:203pt'>\r\n <col width=491 style='mso-width-source:userset;mso-width-alt:17956;width:368pt'>\r\n <col width=430 style='mso-width-source:userset;mso-width-alt:15725;width:323pt'>\r\n <col width=512 style='mso-width-source:userset;mso-width-alt:18724;width:384pt'>\r\n <col width=123 style='mso-width-source:userset;mso-width-alt:4498;width:92pt'>\r\n <col width=140 style='mso-width-source:userset;mso-width-alt:5120;width:105pt'>\r\n <col width=56 style='mso-width-source:userset;mso-width-alt:2048;width:42pt'>\r\n <tr height=0 style='display:none'>\r\n  <td class=xl1520540 width=56 style='width:42pt'>46582<\/td>\r\n  <td class=xl1520540 width=255 style='width:191pt'><\/td>\r\n  <td class=xl1520540 width=270 style='width:203pt'><\/td>\r\n  <td class=xl1520540 width=491 style='width:368pt'><\/td>\r\n  <td class=xl1520540 width=430 style='width:323pt'><\/td>\r\n  <td class=xl1520540 width=512 style='width:384pt'><\/td>\r\n  <td class=xl1520540 width=123 style='width:92pt'><\/td>\r\n  <td class=xl1520540 width=140 style='width:105pt'><\/td>\r\n  <td class=xl1520540 width=56 style='width:42pt'><\/td>\r\n <\/tr>\r\n <tr height=20 style='height:15.0pt'>\r\n  <td colspan=3 height=20 class=xl6620540 width=581 style='height:15.0pt;\r\n  width:436pt'>T\u00cdTULO<\/td>\r\n  <td colspan=3 class=xl6620540 width=1433 style='width:1075pt'>NOMBRE CORTO<\/td>\r\n  <td colspan=3 class=xl6620540 width=319 style='width:239pt'>DESCRIPCI\u00d3N<\/td>\r\n <\/tr>\r\n <tr height=20 style='height:15.0pt'>\r\n  <td colspan=3 height=20 class=xl6720540 style='height:15.0pt'>Presupuesto\r\n  asignado_Ejercicio de los egresos presupuestarios<\/td>\r\n  <td colspan=3 class=xl6720540>a69_f21_b<\/td>\r\n  <td colspan=3 class=xl6720540>El ejercicio de los egresos presupuestarios\r\n  pertenece al Estado Anal\u00edtico del Ejercicio del Presupuesto de Egresos,\r\n  generado de manera peri\u00f3dica y de acuerdo con la Ley General de Contabilidad\r\n  Gubernamental \u00e9ste deber\u00e1 contener \u00fanicamente los datos desglosados\r\n  correspondientes a la Clasificaci\u00f3n por Objeto del Gasto (Cap\u00edtulo y\r\n  Concepto), el hiperv\u00ednculo al Estado Anal\u00edtico del Ejercicio del Presupuesto\r\n  de Egresos completo.<\/td>\r\n <\/tr>\r\n <tr height=0 style='display:none'>\r\n  <td class=xl1520540>1<\/td>\r\n  <td class=xl1520540>4<\/td>\r\n  <td class=xl1520540>4<\/td>\r\n  <td class=xl1520540>10<\/td>\r\n  <td class=xl1520540>7<\/td>\r\n  <td class=xl1520540>2<\/td>\r\n  <td class=xl1520540>4<\/td>\r\n  <td class=xl1520540>13<\/td>\r\n  <td class=xl1520540>14<\/td>\r\n <\/tr>\r\n <tr height=0 style='display:none'>\r\n  <td class=xl1520540>393851<\/td>\r\n  <td class=xl1520540>393856<\/td>\r\n  <td class=xl1520540>393855<\/td>\r\n  <td class=xl1520540>393859<\/td>\r\n  <td class=xl1520540>393854<\/td>\r\n  <td class=xl1520540>393858<\/td>\r\n  <td class=xl1520540>393852<\/td>\r\n  <td class=xl1520540>393853<\/td>\r\n  <td class=xl1520540>393857<\/td>\r\n <\/tr>\r\n <tr height=20 style='height:15.0pt'>\r\n  <td colspan=9 height=20 class=xl6620540 width=2333 style='height:15.0pt;\r\n  width:1750pt'>Tabla Campos<\/td>\r\n <\/tr>\r\n <tr height=35 style='height:26.25pt'>\r\n  <td height=35 class=xl6520540 width=56 style='height:26.25pt;width:42pt'>Ejercicio<\/td>\r\n  <td class=xl6520540 width=255 style='border-left:none;width:191pt'>Fecha de\r\n  inicio del periodo que se informa<\/td>\r\n  <td class=xl6520540 width=270 style='border-left:none;width:203pt'>Fecha de\r\n  t\u00e9rmino del periodo que se informa<\/td>\r\n  <td class=xl6520540 width=491 style='border-left:none;width:368pt'>Clasificaci\u00f3n\r\n  del estado anal\u00edtico del ejercicio del presupuesto por objeto de gasto <br>\r\n    Tabla_393859<\/td>\r\n  <td class=xl6520540 width=430 style='border-left:none;width:323pt'>Hiperv\u00ednculo\r\n  al Estado anal\u00edtico del ejercicio del Presupuesto de Egresos<\/td>\r\n  <td class=xl6520540 width=512 style='border-left:none;width:384pt'>\u00c1rea(s)\r\n  responsable(s) que genera(n), posee(n), publica(n) y actualizan la\r\n  informaci\u00f3n<\/td>\r\n  <td class=xl6520540 width=123 style='border-left:none;width:92pt'>Fecha de\r\n  validaci\u00f3n<\/td>\r\n  <td class=xl6520540 width=140 style='border-left:none;width:105pt'>Fecha de\r\n  actualizaci\u00f3n<\/td>\r\n  <td class=xl6520540 width=56 style='border-left:none;width:42pt'>Nota<\/td>\r\n <\/tr>\r\n <tr height=20 style='height:15.0pt'>\r\n  <td height=20 class=xl6820540 align=right style='height:15.0pt;border-top:\r\n  none'>2021<\/td>\r\n  <td class=xl6920540 align=right style='border-top:none;border-left:none'>01\/04\/2021<\/td>\r\n  <td class=xl6920540 align=right style='border-top:none;border-left:none'>30\/06\/2021<\/td>\r\n  <td class=xl6820540 align=right style='border-top:none;border-left:none'>1<\/td>\r\n  <td class=xl7020540 style='border-top:none;border-left:none'><a\r\n  href=\"https:\/\/www.apan.gob.mx\/descargables\/transparencia\/articulo69\/fraccion21\/2021_2\/tesoreria\/FraXXIb1_1.pdf\">https:\/\/www.apan.gob.mx\/descargables\/transparencia\/articulo69\/fr<span\r\n  style='display:none'>accion21\/2021_2\/tesoreria\/FraXXIb1_1.pdf<\/span><\/a><\/td>\r\n  <td class=xl6820540 style='border-top:none;border-left:none'>Tesorer\u00eda\r\n  Municipal de Apan, Hidalgo.<\/td>\r\n  <td class=xl6920540 align=right style='border-top:none;border-left:none'>03\/07\/2021<\/td>\r\n  <td class=xl6920540 align=right style='border-top:none;border-left:none'>03\/07\/2021<\/td>\r\n  <td class=xl6820540 style='border-top:none;border-left:none'>&nbsp;<\/td>\r\n <\/tr>\r\n <tr height=20 style='height:15.0pt'>\r\n  <td height=20 class=xl6820540 align=right style='height:15.0pt;border-top:\r\n  none'>2021<\/td>\r\n  <td class=xl6920540 align=right style='border-top:none;border-left:none'>01\/04\/2021<\/td>\r\n  <td class=xl6920540 align=right style='border-top:none;border-left:none'>30\/06\/2021<\/td>\r\n  <td class=xl6820540 align=right style='border-top:none;border-left:none'>2<\/td>\r\n  <td class=xl7020540 style='border-top:none;border-left:none'><a\r\n  href=\"https:\/\/www.apan.gob.mx\/descargables\/transparencia\/articulo69\/fraccion21\/2021_2\/tesoreria\/FraXXIb1_1.pdf\">https:\/\/www.apan.gob.mx\/descargables\/transparencia\/articulo69\/fr<span\r\n  style='display:none'>accion21\/2021_2\/tesoreria\/FraXXIb1_1.pdf<\/span><\/a><\/td>\r\n  <td class=xl6820540 style='border-top:none;border-left:none'>Tesorer\u00eda\r\n  Municipal de Apan, Hidalgo.<\/td>\r\n  <td class=xl6920540 align=right style='border-top:none;border-left:none'>03\/07\/2021<\/td>\r\n  <td class=xl6920540 align=right style='border-top:none;border-left:none'>03\/07\/2021<\/td>\r\n  <td class=xl6820540 style='border-top:none;border-left:none'>&nbsp;<\/td>\r\n <\/tr>\r\n <tr height=20 style='height:15.0pt'>\r\n  <td height=20 class=xl6820540 align=right style='height:15.0pt;border-top:\r\n  none'>2021<\/td>\r\n  <td class=xl6920540 align=right style='border-top:none;border-left:none'>01\/04\/2021<\/td>\r\n  <td class=xl6920540 align=right style='border-top:none;border-left:none'>30\/06\/2021<\/td>\r\n  <td class=xl6820540 align=right style='border-top:none;border-left:none'>3<\/td>\r\n  <td class=xl7020540 style='border-top:none;border-left:none'><a\r\n  href=\"https:\/\/www.apan.gob.mx\/descargables\/transparencia\/articulo69\/fraccion21\/2021_2\/tesoreria\/FraXXIb1_1.pdf\">https:\/\/www.apan.gob.mx\/descargables\/transparencia\/articulo69\/fr<span\r\n  style='display:none'>accion21\/2021_2\/tesoreria\/FraXXIb1_1.pdf<\/span><\/a><\/td>\r\n  <td class=xl6820540 style='border-top:none;border-left:none'>Tesorer\u00eda\r\n  Municipal de Apan, Hidalgo.<\/td>\r\n  <td class=xl6920540 align=right style='border-top:none;border-left:none'>03\/07\/2021<\/td>\r\n  <td class=xl6920540 align=right style='border-top:none;border-left:none'>03\/07\/2021<\/td>\r\n  <td class=xl6820540 style='border-top:none;border-left:none'>&nbsp;<\/td>\r\n <\/tr>\r\n <tr height=20 style='height:15.0pt'>\r\n  <td height=20 class=xl6820540 align=right style='height:15.0pt;border-top:\r\n  none'>2021<\/td>\r\n  <td class=xl6920540 align=right style='border-top:none;border-left:none'>01\/04\/2021<\/td>\r\n  <td class=xl6920540 align=right style='border-top:none;border-left:none'>30\/06\/2021<\/td>\r\n  <td class=xl6820540 align=right style='border-top:none;border-left:none'>4<\/td>\r\n  <td class=xl7020540 style='border-top:none;border-left:none'><a\r\n  href=\"https:\/\/www.apan.gob.mx\/descargables\/transparencia\/articulo69\/fraccion21\/2021_2\/tesoreria\/FraXXIb1_1.pdf\">https:\/\/www.apan.gob.mx\/descargables\/transparencia\/articulo69\/fr<span\r\n  style='display:none'>accion21\/2021_2\/tesoreria\/FraXXIb1_1.pdf<\/span><\/a><\/td>\r\n  <td class=xl6820540 style='border-top:none;border-left:none'>Tesorer\u00eda\r\n  Municipal de Apan, Hidalgo.<\/td>\r\n  <td class=xl6920540 align=right style='border-top:none;border-left:none'>03\/07\/2021<\/td>\r\n  <td class=xl6920540 align=right style='border-top:none;border-left:none'>03\/07\/2021<\/td>\r\n  <td class=xl6820540 style='border-top:none;border-left:none'>&nbsp;<\/td>\r\n <\/tr>\r\n <tr height=20 style='height:15.0pt'>\r\n  <td height=20 class=xl6820540 align=right style='height:15.0pt;border-top:\r\n  none'>2021<\/td>\r\n  <td class=xl6920540 align=right style='border-top:none;border-left:none'>01\/04\/2021<\/td>\r\n  <td class=xl6920540 align=right style='border-top:none;border-left:none'>30\/06\/2021<\/td>\r\n  <td class=xl6820540 align=right style='border-top:none;border-left:none'>5<\/td>\r\n  <td class=xl7020540 style='border-top:none;border-left:none'><a\r\n  href=\"https:\/\/www.apan.gob.mx\/descargables\/transparencia\/articulo69\/fraccion21\/2021_2\/tesoreria\/FraXXIb1_1.pdf\">https:\/\/www.apan.gob.mx\/descargables\/transparencia\/articulo69\/fr<span\r\n  style='display:none'>accion21\/2021_2\/tesoreria\/FraXXIb1_1.pdf<\/span><\/a><\/td>\r\n  <td class=xl6820540 style='border-top:none;border-left:none'>Tesorer\u00eda\r\n  Municipal de Apan, Hidalgo.<\/td>\r\n  <td class=xl6920540 align=right style='border-top:none;border-left:none'>03\/07\/2021<\/td>\r\n  <td class=xl6920540 align=right style='border-top:none;border-left:none'>03\/07\/2021<\/td>\r\n  <td class=xl6820540 style='border-top:none;border-left:none'>&nbsp;<\/td>\r\n <\/tr>\r\n <tr height=20 style='height:15.0pt'>\r\n  <td height=20 class=xl6820540 align=right style='height:15.0pt;border-top:\r\n  none'>2021<\/td>\r\n  <td class=xl6920540 align=right style='border-top:none;border-left:none'>01\/04\/2021<\/td>\r\n  <td class=xl6920540 align=right style='border-top:none;border-left:none'>30\/06\/2021<\/td>\r\n  <td class=xl6820540 align=right style='border-top:none;border-left:none'>6<\/td>\r\n  <td class=xl7020540 style='border-top:none;border-left:none'><a\r\n  href=\"https:\/\/www.apan.gob.mx\/descargables\/transparencia\/articulo69\/fraccion21\/2021_2\/tesoreria\/FraXXIb1_1.pdf\">https:\/\/www.apan.gob.mx\/descargables\/transparencia\/articulo69\/fr<span\r\n  style='display:none'>accion21\/2021_2\/tesoreria\/FraXXIb1_1.pdf<\/span><\/a><\/td>\r\n  <td class=xl6820540 style='border-top:none;border-left:none'>Tesorer\u00eda\r\n  Municipal de Apan, Hidalgo.<\/td>\r\n  <td class=xl6920540 align=right style='border-top:none;border-left:none'>03\/07\/2021<\/td>\r\n  <td class=xl6920540 align=right style='border-top:none;border-left:none'>03\/07\/2021<\/td>\r\n  <td class=xl6820540 style='border-top:none;border-left:none'>&nbsp;<\/td>\r\n <\/tr>\r\n <![if supportMisalignedColumns]>\r\n <tr height=0 style='display:none'>\r\n  <td width=56 style='width:42pt'><\/td>\r\n  <td width=255 style='width:191pt'><\/td>\r\n  <td width=270 style='width:203pt'><\/td>\r\n  <td width=491 style='width:368pt'><\/td>\r\n  <td width=430 style='width:323pt'><\/td>\r\n  <td width=512 style='width:384pt'><\/td>\r\n  <td width=123 style='width:92pt'><\/td>\r\n  <td width=140 style='width:105pt'><\/td>\r\n  <td width=56 style='width:42pt'><\/td>\r\n <\/tr>\r\n <![endif]>\r\n<\/table>\r\n\r\n<\/div>\r\n\r\n\r\n<!----------------------------->\r\n<!--FINAL DE LOS RESULTADOS DEL ASISTENTE PARA PUBLICAR COMO P\u00c1GINA WEB DE\r\nEXCEL-->\r\n<!----------------------------->\r\n<\/body>\r\n\r\n<\/html>\r\n\t\t\t\t<\/div>\n\t\t\t\t<\/div>\n\t\t\t\t<div class=\"elementor-element elementor-element-eccfd05 elementor-widget elementor-widget-heading\" data-id=\"eccfd05\" data-element_type=\"widget\" data-e-type=\"widget\" data-widget_type=\"heading.default\">\n\t\t\t\t<div class=\"elementor-widget-container\">\n\t\t\t\t\t<h2 class=\"elementor-heading-title elementor-size-medium\"><a href=\"https:\/\/www.apan.gob.mx\/descargables\/transparencia\/articulo69\/fraccion21\/2021_4\/tesoreria\/c\/a69_f21_c.xlsx\">Fracci\u00f3n XXI c, esta fracci\u00f3n podr\u00e1 consultarla en el cuarto trimestre del presente a\u00f1o, por ser una fracci\u00f3n de publicaci\u00f3n anual<\/a><\/h2>\t\t\t\t<\/div>\n\t\t\t\t<\/div>\n\t\t\t\t\t<\/div>\n\t\t<\/div>\n\t\t\t\t\t<\/div>\n\t\t<\/section>\n\t\t\t\t<\/div>\n\t\t","protected":false},"excerpt":{"rendered":"<p>Fracci\u00f3n XXI a, esta fracci\u00f3n podr\u00e1 consultarla en el cuarto trimestre del presente a\u00f1o, por ser una fracci\u00f3n de publicaci\u00f3n anual Descargar Archivo Fracci\u00f3n XXIb 46582 T\u00cdTULO NOMBRE CORTO DESCRIPCI\u00d3N Presupuesto asignado_Ejercicio de los egresos presupuestarios a69_f21_b El ejercicio de los egresos presupuestarios pertenece al Estado Anal\u00edtico del Ejercicio del Presupuesto de Egresos, generado de [&hellip;]<\/p>\n","protected":false},"author":1,"featured_media":0,"parent":10665,"menu_order":0,"comment_status":"closed","ping_status":"closed","template":"","meta":{"footnotes":""},"class_list":["post-10744","page","type-page","status-publish","hentry"],"jetpack_sharing_enabled":true,"_links":{"self":[{"href":"https:\/\/apan.gob.mx\/portal\/wp-json\/wp\/v2\/pages\/10744","targetHints":{"allow":["GET"]}}],"collection":[{"href":"https:\/\/apan.gob.mx\/portal\/wp-json\/wp\/v2\/pages"}],"about":[{"href":"https:\/\/apan.gob.mx\/portal\/wp-json\/wp\/v2\/types\/page"}],"author":[{"embeddable":true,"href":"https:\/\/apan.gob.mx\/portal\/wp-json\/wp\/v2\/users\/1"}],"replies":[{"embeddable":true,"href":"https:\/\/apan.gob.mx\/portal\/wp-json\/wp\/v2\/comments?post=10744"}],"version-history":[{"count":11,"href":"https:\/\/apan.gob.mx\/portal\/wp-json\/wp\/v2\/pages\/10744\/revisions"}],"predecessor-version":[{"id":31012,"href":"https:\/\/apan.gob.mx\/portal\/wp-json\/wp\/v2\/pages\/10744\/revisions\/31012"}],"up":[{"embeddable":true,"href":"https:\/\/apan.gob.mx\/portal\/wp-json\/wp\/v2\/pages\/10665"}],"wp:attachment":[{"href":"https:\/\/apan.gob.mx\/portal\/wp-json\/wp\/v2\/media?parent=10744"}],"curies":[{"name":"wp","href":"https:\/\/api.w.org\/{rel}","templated":true}]}}