{"id":11168,"date":"2021-10-20T11:19:22","date_gmt":"2021-10-20T16:19:22","guid":{"rendered":"https:\/\/apan.gob.mx\/portal\/?page_id=11168"},"modified":"2021-10-20T11:21:47","modified_gmt":"2021-10-20T16:21:47","slug":"11168-2","status":"publish","type":"page","link":"https:\/\/apan.gob.mx\/portal\/3-trimestre-2021\/11168-2\/","title":{"rendered":"<!--catastro_19_2021_3-->"},"content":{"rendered":"\t\t<div data-elementor-type=\"wp-page\" data-elementor-id=\"11168\" class=\"elementor elementor-11168 elementor-bc-flex-widget\">\n\t\t\t\t\t\t<div class=\"elementor-inner\">\n\t\t\t\t<div class=\"elementor-section-wrap\">\n\t\t\t\t\t\t\t\t\t<section class=\"has_ae_slider elementor-section elementor-top-section elementor-element elementor-element-lwborcr elementor-section-boxed elementor-section-height-default elementor-section-height-default ae-bg-gallery-type-default\" data-id=\"lwborcr\" data-element_type=\"section\">\n\t\t\t\t\t\t<div class=\"elementor-container elementor-column-gap-default\">\n\t\t\t\t\t\t\t<div class=\"elementor-row\">\n\t\t\t\t\t<div class=\"has_ae_slider elementor-column elementor-col-100 elementor-top-column elementor-element elementor-element-kqzbxse ae-bg-gallery-type-default\" data-id=\"kqzbxse\" data-element_type=\"column\">\n\t\t\t<div class=\"elementor-column-wrap elementor-element-populated\">\n\t\t\t\t\t\t\t<div class=\"elementor-widget-wrap\">\n\t\t\t\t\t\t<div class=\"elementor-element elementor-element-yaixovj elementor-widget elementor-widget-button\" data-id=\"yaixovj\" data-element_type=\"widget\" data-widget_type=\"button.default\">\n\t\t\t\t<div class=\"elementor-widget-container\">\n\t\t\t\t\t<div class=\"elementor-button-wrapper\">\n\t\t\t<a href=\"https:\/\/www.apan.gob.mx\/descargables\/transparencia\/articulo69\/fraccion19\/2021_3\/catastro\/a69_f19%203.xlsx\" target=\"_blank\" class=\"elementor-button-link elementor-button elementor-size-sm\" role=\"button\">\n\t\t\t\t\t\t<span class=\"elementor-button-content-wrapper\">\n\t\t\t\t\t\t<span class=\"elementor-button-text\">Descargar archivo<\/span>\n\t\t<\/span>\n\t\t\t\t\t<\/a>\n\t\t<\/div>\n\t\t\t\t<\/div>\n\t\t\t\t<\/div>\n\t\t\t\t<div class=\"elementor-element elementor-element-buuorhj elementor-widget elementor-widget-heading\" data-id=\"buuorhj\" data-element_type=\"widget\" data-widget_type=\"heading.default\">\n\t\t\t\t<div class=\"elementor-widget-container\">\n\t\t\t<h2 class=\"elementor-heading-title elementor-size-medium\">Fracci\u00f3n XIX<\/h2>\t\t<\/div>\n\t\t\t\t<\/div>\n\t\t\t\t<div class=\"elementor-element elementor-element-nvkmpal elementor-widget elementor-widget-html\" data-id=\"nvkmpal\" data-element_type=\"widget\" data-widget_type=\"html.default\">\n\t\t\t\t<div class=\"elementor-widget-container\">\n\t\t\t<html xmlns:o=\"urn:schemas-microsoft-com:office:office\"\r\nxmlns:x=\"urn:schemas-microsoft-com:office:excel\"\r\nxmlns=\"http:\/\/www.w3.org\/TR\/REC-html40\">\r\n\r\n<head>\r\n<meta http-equiv=Content-Type content=\"text\/html; charset=windows-1252\">\r\n<meta name=ProgId content=Excel.Sheet>\r\n<meta name=Generator content=\"Microsoft Excel 15\">\r\n<link rel=File-List href=\"a69_f19%203_archivos\/filelist.xml\">\r\n<style id=\"a69_f19 2_3282_Styles\">\r\n<!--table\r\n\t{mso-displayed-decimal-separator:\"\\.\";\r\n\tmso-displayed-thousand-separator:\"\\,\";}\r\n.xl153282\r\n\t{padding-top:1px;\r\n\tpadding-right:1px;\r\n\tpadding-left:1px;\r\n\tmso-ignore:padding;\r\n\tcolor:black;\r\n\tfont-size:11.0pt;\r\n\tfont-weight:400;\r\n\tfont-style:normal;\r\n\ttext-decoration:none;\r\n\tfont-family:Calibri, sans-serif;\r\n\tmso-font-charset:0;\r\n\tmso-number-format:General;\r\n\ttext-align:general;\r\n\tvertical-align:bottom;\r\n\tmso-background-source:auto;\r\n\tmso-pattern:auto;\r\n\twhite-space:nowrap;}\r\n.xl653282\r\n\t{padding-top:1px;\r\n\tpadding-right:1px;\r\n\tpadding-left:1px;\r\n\tmso-ignore:padding;\r\n\tcolor:black;\r\n\tfont-size:10.0pt;\r\n\tfont-weight:400;\r\n\tfont-style:normal;\r\n\ttext-decoration:none;\r\n\tfont-family:Arial, sans-serif;\r\n\tmso-font-charset:0;\r\n\tmso-number-format:General;\r\n\ttext-align:center;\r\n\tvertical-align:bottom;\r\n\tborder:.5pt solid windowtext;\r\n\tbackground:#E1E1E1;\r\n\tmso-pattern:black none;\r\n\twhite-space:normal;}\r\n.xl663282\r\n\t{padding-top:1px;\r\n\tpadding-right:1px;\r\n\tpadding-left:1px;\r\n\tmso-ignore:padding;\r\n\tcolor:black;\r\n\tfont-size:11.0pt;\r\n\tfont-weight:400;\r\n\tfont-style:normal;\r\n\ttext-decoration:none;\r\n\tfont-family:Calibri, sans-serif;\r\n\tmso-font-charset:0;\r\n\tmso-number-format:General;\r\n\ttext-align:general;\r\n\tvertical-align:bottom;\r\n\tborder:.5pt solid windowtext;\r\n\tmso-background-source:auto;\r\n\tmso-pattern:auto;\r\n\twhite-space:nowrap;}\r\n.xl673282\r\n\t{padding-top:1px;\r\n\tpadding-right:1px;\r\n\tpadding-left:1px;\r\n\tmso-ignore:padding;\r\n\tcolor:black;\r\n\tfont-size:11.0pt;\r\n\tfont-weight:400;\r\n\tfont-style:normal;\r\n\ttext-decoration:none;\r\n\tfont-family:Calibri, sans-serif;\r\n\tmso-font-charset:0;\r\n\tmso-number-format:\"Short Date\";\r\n\ttext-align:general;\r\n\tvertical-align:bottom;\r\n\tborder:.5pt solid windowtext;\r\n\tmso-background-source:auto;\r\n\tmso-pattern:auto;\r\n\twhite-space:nowrap;}\r\n.xl683282\r\n\t{padding-top:1px;\r\n\tpadding-right:1px;\r\n\tpadding-left:1px;\r\n\tmso-ignore:padding;\r\n\tcolor:#0563C1;\r\n\tfont-size:11.0pt;\r\n\tfont-weight:400;\r\n\tfont-style:normal;\r\n\ttext-decoration:underline;\r\n\ttext-underline-style:single;\r\n\tfont-family:Calibri, sans-serif;\r\n\tmso-font-charset:0;\r\n\tmso-number-format:General;\r\n\ttext-align:general;\r\n\tvertical-align:bottom;\r\n\tborder:.5pt solid windowtext;\r\n\tmso-background-source:auto;\r\n\tmso-pattern:auto;\r\n\twhite-space:nowrap;}\r\n.xl693282\r\n\t{padding-top:1px;\r\n\tpadding-right:1px;\r\n\tpadding-left:1px;\r\n\tmso-ignore:padding;\r\n\tcolor:white;\r\n\tfont-size:11.0pt;\r\n\tfont-weight:700;\r\n\tfont-style:normal;\r\n\ttext-decoration:none;\r\n\tfont-family:Arial, sans-serif;\r\n\tmso-font-charset:0;\r\n\tmso-number-format:General;\r\n\ttext-align:center;\r\n\tvertical-align:bottom;\r\n\tborder:.5pt solid windowtext;\r\n\tbackground:#333333;\r\n\tmso-pattern:black none;\r\n\twhite-space:normal;}\r\n.xl703282\r\n\t{padding-top:1px;\r\n\tpadding-right:1px;\r\n\tpadding-left:1px;\r\n\tmso-ignore:padding;\r\n\tcolor:black;\r\n\tfont-size:10.0pt;\r\n\tfont-weight:400;\r\n\tfont-style:normal;\r\n\ttext-decoration:none;\r\n\tfont-family:Arial, sans-serif;\r\n\tmso-font-charset:0;\r\n\tmso-number-format:General;\r\n\ttext-align:general;\r\n\tvertical-align:bottom;\r\n\tborder:.5pt solid windowtext;\r\n\tbackground:#E1E1E1;\r\n\tmso-pattern:black none;\r\n\twhite-space:nowrap;}\r\n-->\r\n<\/style>\r\n<\/head>\r\n\r\n<body>\r\n<!--[if !excel]>&nbsp;&nbsp;<![endif]-->\r\n<!--La siguiente informaci\u00f3n se gener\u00f3 mediante el Asistente para publicar como\r\np\u00e1gina web de Microsoft Excel.-->\r\n<!--Si se vuelve a publicar el mismo elemento desde Excel, se reemplazar\u00e1 toda\r\nla informaci\u00f3n comprendida entre las etiquetas DIV.-->\r\n<!----------------------------->\r\n<!--INICIO DE LOS RESULTADOS DEL ASISTENTE PARA PUBLICAR COMO P\u00c1GINA WEB DE\r\nEXCEL -->\r\n<!----------------------------->\r\n\r\n<div id=\"a69_f19 2_3282\" align=center x:publishsource=\"Excel\">\r\n\r\n<table border=0 cellpadding=0 cellspacing=0 width=6839 style='border-collapse:\r\n collapse;table-layout:fixed;width:5134pt'>\r\n <col width=56 style='mso-width-source:userset;mso-width-alt:2048;width:42pt'>\r\n <col width=255 style='mso-width-source:userset;mso-width-alt:9325;width:191pt'>\r\n <col width=270 style='mso-width-source:userset;mso-width-alt:9874;width:203pt'>\r\n <col width=161 style='mso-width-source:userset;mso-width-alt:5888;width:121pt'>\r\n <col width=162 style='mso-width-source:userset;mso-width-alt:5924;width:122pt'>\r\n <col width=229 style='mso-width-source:userset;mso-width-alt:8374;width:172pt'>\r\n <col width=217 style='mso-width-source:userset;mso-width-alt:7936;width:163pt'>\r\n <col width=137 style='mso-width-source:userset;mso-width-alt:5010;width:103pt'>\r\n <col width=209 style='mso-width-source:userset;mso-width-alt:7643;width:157pt'>\r\n <col width=216 style='mso-width-source:userset;mso-width-alt:7899;width:162pt'>\r\n <col width=419 style='mso-width-source:userset;mso-width-alt:15323;width:314pt'>\r\n <col width=130 style='mso-width-source:userset;mso-width-alt:4754;width:98pt'>\r\n <col width=389 style='mso-width-source:userset;mso-width-alt:14226;width:292pt'>\r\n <col width=269 style='mso-width-source:userset;mso-width-alt:9837;width:202pt'>\r\n <col width=174 style='mso-width-source:userset;mso-width-alt:6363;width:131pt'>\r\n <col width=205 style='mso-width-source:userset;mso-width-alt:7497;width:154pt'>\r\n <col width=286 style='mso-width-source:userset;mso-width-alt:10459;width:215pt'>\r\n <col width=284 style='mso-width-source:userset;mso-width-alt:10386;width:213pt'>\r\n <col width=322 style='mso-width-source:userset;mso-width-alt:11776;width:242pt'>\r\n <col width=279 style='mso-width-source:userset;mso-width-alt:10203;width:209pt'>\r\n <col width=269 style='mso-width-source:userset;mso-width-alt:9837;width:202pt'>\r\n <col width=512 style='mso-width-source:userset;mso-width-alt:18724;width:384pt'>\r\n <col width=123 style='mso-width-source:userset;mso-width-alt:4498;width:92pt'>\r\n <col width=140 style='mso-width-source:userset;mso-width-alt:5120;width:105pt'>\r\n <col width=1126 style='mso-width-source:userset;mso-width-alt:41179;\r\n width:845pt'>\r\n <tr height=0 style='display:none'>\r\n  <td class=xl153282 width=56 style='width:42pt'>44250<\/td>\r\n  <td class=xl153282 width=255 style='width:191pt'><\/td>\r\n  <td class=xl153282 width=270 style='width:203pt'><\/td>\r\n  <td class=xl153282 width=161 style='width:121pt'><\/td>\r\n  <td class=xl153282 width=162 style='width:122pt'><\/td>\r\n  <td class=xl153282 width=229 style='width:172pt'><\/td>\r\n  <td class=xl153282 width=217 style='width:163pt'><\/td>\r\n  <td class=xl153282 width=137 style='width:103pt'><\/td>\r\n  <td class=xl153282 width=209 style='width:157pt'><\/td>\r\n  <td class=xl153282 width=216 style='width:162pt'><\/td>\r\n  <td class=xl153282 width=419 style='width:314pt'><\/td>\r\n  <td class=xl153282 width=130 style='width:98pt'><\/td>\r\n  <td class=xl153282 width=389 style='width:292pt'><\/td>\r\n  <td class=xl153282 width=269 style='width:202pt'><\/td>\r\n  <td class=xl153282 width=174 style='width:131pt'><\/td>\r\n  <td class=xl153282 width=205 style='width:154pt'><\/td>\r\n  <td class=xl153282 width=286 style='width:215pt'><\/td>\r\n  <td class=xl153282 width=284 style='width:213pt'><\/td>\r\n  <td class=xl153282 width=322 style='width:242pt'><\/td>\r\n  <td class=xl153282 width=279 style='width:209pt'><\/td>\r\n  <td class=xl153282 width=269 style='width:202pt'><\/td>\r\n  <td class=xl153282 width=512 style='width:384pt'><\/td>\r\n  <td class=xl153282 width=123 style='width:92pt'><\/td>\r\n  <td class=xl153282 width=140 style='width:105pt'><\/td>\r\n  <td class=xl153282 width=1126 style='width:845pt'><\/td>\r\n <\/tr>\r\n <tr height=20 style='height:15.0pt'>\r\n  <td colspan=3 height=20 class=xl693282 width=581 style='height:15.0pt;\r\n  width:436pt'>T\u00cdTULO<\/td>\r\n  <td colspan=3 class=xl693282 width=552 style='width:415pt'>NOMBRE CORTO<\/td>\r\n  <td colspan=3 class=xl693282 width=563 style='width:423pt'>DESCRIPCI\u00d3N<\/td>\r\n  <td class=xl153282><\/td>\r\n  <td class=xl153282><\/td>\r\n  <td class=xl153282><\/td>\r\n  <td class=xl153282><\/td>\r\n  <td class=xl153282><\/td>\r\n  <td class=xl153282><\/td>\r\n  <td class=xl153282><\/td>\r\n  <td class=xl153282><\/td>\r\n  <td class=xl153282><\/td>\r\n  <td class=xl153282><\/td>\r\n  <td class=xl153282><\/td>\r\n  <td class=xl153282><\/td>\r\n  <td class=xl153282><\/td>\r\n  <td class=xl153282><\/td>\r\n  <td class=xl153282><\/td>\r\n  <td class=xl153282><\/td>\r\n <\/tr>\r\n <tr height=20 style='height:15.0pt'>\r\n  <td colspan=3 height=20 class=xl703282 style='height:15.0pt'>Servicios\r\n  ofrecidos<\/td>\r\n  <td colspan=3 class=xl703282>a69_f19<\/td>\r\n  <td colspan=3 class=xl703282>La informaci\u00f3n para dar a conocer los servicios\r\n  p\u00fablicos que presta el sujeto obligado, tanto de las actividades realizadas\r\n  por la administraci\u00f3n p\u00fablica para satisfacer necesidades de la poblaci\u00f3n,\r\n  como las realizadas por los sujetos obligados que no formen parte de la\r\n  Administraci\u00f3n P\u00fablica, pero que involucren el uso de recursos p\u00fablicos. Los\r\n  servicios deben estar al alcance de la poblaci\u00f3n sin necesidad de que el \u00e9sta\r\n  los exija, como es el caso de los tr\u00e1mites.<\/td>\r\n  <td class=xl153282><\/td>\r\n  <td class=xl153282><\/td>\r\n  <td class=xl153282><\/td>\r\n  <td class=xl153282><\/td>\r\n  <td class=xl153282><\/td>\r\n  <td class=xl153282><\/td>\r\n  <td class=xl153282><\/td>\r\n  <td class=xl153282><\/td>\r\n  <td class=xl153282><\/td>\r\n  <td class=xl153282><\/td>\r\n  <td class=xl153282><\/td>\r\n  <td class=xl153282><\/td>\r\n  <td class=xl153282><\/td>\r\n  <td class=xl153282><\/td>\r\n  <td class=xl153282><\/td>\r\n  <td class=xl153282><\/td>\r\n <\/tr>\r\n <tr height=0 style='display:none'>\r\n  <td class=xl153282>1<\/td>\r\n  <td class=xl153282>4<\/td>\r\n  <td class=xl153282>4<\/td>\r\n  <td class=xl153282>2<\/td>\r\n  <td class=xl153282>9<\/td>\r\n  <td class=xl153282>1<\/td>\r\n  <td class=xl153282>2<\/td>\r\n  <td class=xl153282>1<\/td>\r\n  <td class=xl153282>2<\/td>\r\n  <td class=xl153282>2<\/td>\r\n  <td class=xl153282>7<\/td>\r\n  <td class=xl153282>1<\/td>\r\n  <td class=xl153282>10<\/td>\r\n  <td class=xl153282>1<\/td>\r\n  <td class=xl153282>2<\/td>\r\n  <td class=xl153282>2<\/td>\r\n  <td class=xl153282>2<\/td>\r\n  <td class=xl153282>2<\/td>\r\n  <td class=xl153282>10<\/td>\r\n  <td class=xl153282>7<\/td>\r\n  <td class=xl153282>7<\/td>\r\n  <td class=xl153282>2<\/td>\r\n  <td class=xl153282>4<\/td>\r\n  <td class=xl153282>13<\/td>\r\n  <td class=xl153282>14<\/td>\r\n <\/tr>\r\n <tr height=0 style='display:none'>\r\n  <td class=xl153282>350704<\/td>\r\n  <td class=xl153282>350705<\/td>\r\n  <td class=xl153282>350706<\/td>\r\n  <td class=xl153282>350690<\/td>\r\n  <td class=xl153282>350709<\/td>\r\n  <td class=xl153282>350713<\/td>\r\n  <td class=xl153282>350692<\/td>\r\n  <td class=xl153282>350711<\/td>\r\n  <td class=xl153282>350693<\/td>\r\n  <td class=xl153282>350694<\/td>\r\n  <td class=xl153282>350700<\/td>\r\n  <td class=xl153282>350688<\/td>\r\n  <td class=xl153282>350710<\/td>\r\n  <td class=xl153282>350689<\/td>\r\n  <td class=xl153282>350695<\/td>\r\n  <td class=xl153282>350712<\/td>\r\n  <td class=xl153282>350691<\/td>\r\n  <td class=xl153282>350696<\/td>\r\n  <td class=xl153282>350701<\/td>\r\n  <td class=xl153282>350699<\/td>\r\n  <td class=xl153282>350698<\/td>\r\n  <td class=xl153282>350708<\/td>\r\n  <td class=xl153282>350697<\/td>\r\n  <td class=xl153282>350703<\/td>\r\n  <td class=xl153282>350707<\/td>\r\n <\/tr>\r\n <tr height=20 style='height:15.0pt'>\r\n  <td colspan=25 height=20 class=xl693282 width=6839 style='height:15.0pt;\r\n  width:5134pt'>Tabla Campos<\/td>\r\n <\/tr>\r\n <tr height=35 style='height:26.25pt'>\r\n  <td height=35 class=xl653282 width=56 style='height:26.25pt;width:42pt'>Ejercicio<\/td>\r\n  <td class=xl653282 width=255 style='border-left:none;width:191pt'>Fecha de\r\n  inicio del periodo que se informa<\/td>\r\n  <td class=xl653282 width=270 style='border-left:none;width:203pt'>Fecha de\r\n  t\u00e9rmino del periodo que se informa<\/td>\r\n  <td class=xl653282 width=161 style='border-left:none;width:121pt'>Denominaci\u00f3n\r\n  del servicio<\/td>\r\n  <td class=xl653282 width=162 style='border-left:none;width:122pt'>Tipo de\r\n  servicio (cat\u00e1logo)<\/td>\r\n  <td class=xl653282 width=229 style='border-left:none;width:172pt'>Tipo de\r\n  usuario y\/o poblaci\u00f3n objetivo<\/td>\r\n  <td class=xl653282 width=217 style='border-left:none;width:163pt'>Descripci\u00f3n\r\n  del objetivo del servicio<\/td>\r\n  <td class=xl653282 width=137 style='border-left:none;width:103pt'>Modalidad\r\n  del servicio<\/td>\r\n  <td class=xl653282 width=209 style='border-left:none;width:157pt'>Requisitos\r\n  para obtener el servicio<\/td>\r\n  <td class=xl653282 width=216 style='border-left:none;width:162pt'>Documentos\r\n  requeridos, en su caso<\/td>\r\n  <td class=xl653282 width=419 style='border-left:none;width:314pt'>Hiperv\u00ednculo\r\n  a los formatos respectivo(s) publicado(s) en medio oficial<\/td>\r\n  <td class=xl653282 width=130 style='border-left:none;width:98pt'>Tiempo de\r\n  respuesta<\/td>\r\n  <td class=xl653282 width=389 style='border-left:none;width:292pt'>\u00c1rea en la\r\n  que se proporciona el servicio y los datos de contacto <br>\r\n    Tabla_350710<\/td>\r\n  <td class=xl653282 width=269 style='border-left:none;width:202pt'>Costo, en\r\n  su caso especificar que es gratuito<\/td>\r\n  <td class=xl653282 width=174 style='border-left:none;width:131pt'>Sustento\r\n  legal para su cobro<\/td>\r\n  <td class=xl653282 width=205 style='border-left:none;width:154pt'>Lugares\r\n  donde se efect\u00faa el pago<\/td>\r\n  <td class=xl653282 width=286 style='border-left:none;width:215pt'>Fundamento\r\n  jur\u00eddico-administrativo del servicio<\/td>\r\n  <td class=xl653282 width=284 style='border-left:none;width:213pt'>Derechos\r\n  del usuario ante la negativa o la falta<\/td>\r\n  <td class=xl653282 width=322 style='border-left:none;width:242pt'>Lugar para\r\n  reportar presuntas anomalias <br>\r\n    Tabla_350701<\/td>\r\n  <td class=xl653282 width=279 style='border-left:none;width:209pt'>Hiperv\u00ednculo\r\n  informaci\u00f3n adicional del servicio<\/td>\r\n  <td class=xl653282 width=269 style='border-left:none;width:202pt'>Hiperv\u00ednculo\r\n  al cat\u00e1logo, manual o sistemas<span style='mso-spacerun:yes'>\u00a0<\/span><\/td>\r\n  <td class=xl653282 width=512 style='border-left:none;width:384pt'>\u00c1rea(s)\r\n  responsable(s) que genera(n), posee(n), publica(n) y actualizan la\r\n  informaci\u00f3n<\/td>\r\n  <td class=xl653282 width=123 style='border-left:none;width:92pt'>Fecha de\r\n  validaci\u00f3n<\/td>\r\n  <td class=xl653282 width=140 style='border-left:none;width:105pt'>Fecha de\r\n  actualizaci\u00f3n<\/td>\r\n  <td class=xl653282 width=1126 style='border-left:none;width:845pt'>Nota<\/td>\r\n <\/tr>\r\n <tr height=20 style='height:15.0pt'>\r\n  <td height=20 class=xl663282 align=right style='height:15.0pt;border-top:\r\n  none'>2021<\/td>\r\n  <td class=xl673282 align=right style='border-top:none;border-left:none'>01\/07\/2021<\/td>\r\n  <td class=xl673282 align=right style='border-top:none;border-left:none'>30\/09\/2021<\/td>\r\n  <td class=xl663282 style='border-top:none;border-left:none'>Cobro de impuesto\r\n  predi<span style='display:none'>al<\/span><\/td>\r\n  <td class=xl663282 style='border-top:none;border-left:none'>Directo<\/td>\r\n  <td class=xl663282 style='border-top:none;border-left:none'>Titular del bien\r\n  inmueble<\/td>\r\n  <td class=xl663282 style='border-top:none;border-left:none'>Que los usuarios\r\n  despues de cump<span style='display:none'>lir con su contribucion cuenten con\r\n  documento que compruebe ese acto.<\/span><\/td>\r\n  <td class=xl663282 style='border-top:none;border-left:none'>Presencial<\/td>\r\n  <td class=xl663282 style='border-top:none;border-left:none'>Ser el titular de\r\n  la propiedad, apo<span style='display:none'>derado o albacea<span\r\n  style='mso-spacerun:yes'>\u00a0\u00a0<\/span><\/span><\/td>\r\n  <td class=xl663282 style='border-top:none;border-left:none'>Escritura o\r\n  tarjeta predial del paga <span style='display:none'>reciente y copia INAPAM,\r\n  PENSIONADO O JUBILADO<\/span><\/td>\r\n  <td class=xl683282 style='border-top:none;border-left:none'><a\r\n  href=\"https:\/\/www.apan.gob.mx\/descargables\/transparencia\/articulo69\/fraccion19\/2021_3\/catastro\/FrXIXa1_1.pdf\">https:\/\/www.apan.gob.mx\/descargables\/transparencia\/articulo69\/<span\r\n  style='display:none'>fraccion19\/2021_3\/catastro\/FrXIXa1_1.pdf<\/span><\/a><\/td>\r\n  <td class=xl663282 style='border-top:none;border-left:none'>de 10 a 60\r\n  minutos<\/td>\r\n  <td class=xl663282 align=right style='border-top:none;border-left:none'>1<\/td>\r\n  <td class=xl663282 align=right style='border-top:none;border-left:none'>0<\/td>\r\n  <td class=xl663282 style='border-top:none;border-left:none'>Art. 7 de la ley\r\n  de ingresos &quot;<span style='display:none'>el impuesto predial, se\r\n  determinara de acuerdo a lo dispuesto por los articulos 9 al 27 de la ley de\r\n  hacienda municipal para los Municipios del Estado de Hidalgo<\/span><\/td>\r\n  <td class=xl663282 align=right style='border-top:none;border-left:none'>1<\/td>\r\n  <td class=xl663282 style='border-top:none;border-left:none'>Ley de ingresos<\/td>\r\n  <td class=xl663282 style='border-top:none;border-left:none'>Reportar al\r\n  servidor publico en caso de falta a <span style='display:none'>contraloria\r\n  municipal<\/span><\/td>\r\n  <td class=xl663282 align=right style='border-top:none;border-left:none'>1<\/td>\r\n  <td class=xl683282 style='border-top:none;border-left:none'><a\r\n  href=\"https:\/\/www.apan.gob.mx\/descargables\/transparencia\/articulo69\/fraccion19\/2021_3\/catastro\/FrXIXa1_2.pdf\">https:\/\/www.apan.gob.mx\/descargables\/tra<span\r\n  style='display:none'>nsparencia\/articulo69\/fraccion19\/2021_3\/catastro\/FrXIXa1_2.pdf<\/span><\/a><\/td>\r\n  <td class=xl683282 style='border-top:none;border-left:none'><u\r\n  style='visibility:hidden;mso-ignore:visibility'>&nbsp;<\/u><\/td>\r\n  <td class=xl663282 style='border-top:none;border-left:none'>Departamento de\r\n  Catastro<\/td>\r\n  <td class=xl673282 align=right style='border-top:none;border-left:none'>01\/07\/2020<\/td>\r\n  <td class=xl673282 align=right style='border-top:none;border-left:none'>02\/10\/2021<\/td>\r\n  <td class=xl663282 style='border-top:none;border-left:none'>Costo: 60% valor\r\n  catastral x tasa anual 0.9 %. Enero-30%, Febrero-20% y Marzo-10% de\r\n  descuento, con credencial de INAPAM-PENSIONADO-JUBILADO aplica el descuento\r\n  del 50%, en e<span style='display:none'>l campo hipervinculo al catalogo,\r\n  manual o sistema este no mostrar\u00e1 informaci\u00f3n ya que no se cuenta con ninguna\r\n  de las tres opciones<span style='mso-spacerun:yes'>\u00a0 <\/span>para este periodo\r\n  que se informa, en los campos de domicilio den el extranjero, solo se cuenta\r\n  con una sola oficina en el municipio y no se cuenta con ninguna otra en el\r\n  extranjero por lo que la celda correspondiente no mostrar\u00e1 informaci\u00f3n.<\/span><\/td>\r\n <\/tr>\r\n <![if supportMisalignedColumns]>\r\n <tr height=0 style='display:none'>\r\n  <td width=56 style='width:42pt'><\/td>\r\n  <td width=255 style='width:191pt'><\/td>\r\n  <td width=270 style='width:203pt'><\/td>\r\n  <td width=161 style='width:121pt'><\/td>\r\n  <td width=162 style='width:122pt'><\/td>\r\n  <td width=229 style='width:172pt'><\/td>\r\n  <td width=217 style='width:163pt'><\/td>\r\n  <td width=137 style='width:103pt'><\/td>\r\n  <td width=209 style='width:157pt'><\/td>\r\n  <td width=216 style='width:162pt'><\/td>\r\n  <td width=419 style='width:314pt'><\/td>\r\n  <td width=130 style='width:98pt'><\/td>\r\n  <td width=389 style='width:292pt'><\/td>\r\n  <td width=269 style='width:202pt'><\/td>\r\n  <td width=174 style='width:131pt'><\/td>\r\n  <td width=205 style='width:154pt'><\/td>\r\n  <td width=286 style='width:215pt'><\/td>\r\n  <td width=284 style='width:213pt'><\/td>\r\n  <td width=322 style='width:242pt'><\/td>\r\n  <td width=279 style='width:209pt'><\/td>\r\n  <td width=269 style='width:202pt'><\/td>\r\n  <td width=512 style='width:384pt'><\/td>\r\n  <td width=123 style='width:92pt'><\/td>\r\n  <td width=140 style='width:105pt'><\/td>\r\n  <td width=1126 style='width:845pt'><\/td>\r\n <\/tr>\r\n <![endif]>\r\n<\/table>\r\n\r\n<\/div>\r\n\r\n\r\n<!----------------------------->\r\n<!--FINAL DE LOS RESULTADOS DEL ASISTENTE PARA PUBLICAR COMO P\u00c1GINA WEB DE\r\nEXCEL-->\r\n<!----------------------------->\r\n<\/body>\r\n\r\n<\/html>\r\n\t\t<\/div>\n\t\t\t\t<\/div>\n\t\t\t\t\t\t<\/div>\n\t\t\t\t\t<\/div>\n\t\t<\/div>\n\t\t\t\t\t\t\t\t<\/div>\n\t\t\t\t\t<\/div>\n\t\t<\/section>\n\t\t\t\t\t\t\t\t\t<\/div>\n\t\t\t<\/div>\n\t\t\t\t\t<\/div>\n\t\t","protected":false},"excerpt":{"rendered":"<p>Descargar archivo Fracci\u00f3n XIX 44250 T\u00cdTULO NOMBRE CORTO DESCRIPCI\u00d3N Servicios ofrecidos a69_f19 La informaci\u00f3n para dar a conocer los servicios p\u00fablicos que presta el sujeto obligado, tanto de las actividades realizadas por la administraci\u00f3n p\u00fablica para satisfacer necesidades de la poblaci\u00f3n, como las realizadas por los sujetos obligados que no formen parte de la Administraci\u00f3n [&hellip;]<\/p>\n","protected":false},"author":1,"featured_media":0,"parent":11130,"menu_order":0,"comment_status":"closed","ping_status":"closed","template":"page-template-full.php","meta":[],"jetpack_sharing_enabled":true,"_links":{"self":[{"href":"https:\/\/apan.gob.mx\/portal\/wp-json\/wp\/v2\/pages\/11168"}],"collection":[{"href":"https:\/\/apan.gob.mx\/portal\/wp-json\/wp\/v2\/pages"}],"about":[{"href":"https:\/\/apan.gob.mx\/portal\/wp-json\/wp\/v2\/types\/page"}],"author":[{"embeddable":true,"href":"https:\/\/apan.gob.mx\/portal\/wp-json\/wp\/v2\/users\/1"}],"replies":[{"embeddable":true,"href":"https:\/\/apan.gob.mx\/portal\/wp-json\/wp\/v2\/comments?post=11168"}],"version-history":[{"count":2,"href":"https:\/\/apan.gob.mx\/portal\/wp-json\/wp\/v2\/pages\/11168\/revisions"}],"predecessor-version":[{"id":11170,"href":"https:\/\/apan.gob.mx\/portal\/wp-json\/wp\/v2\/pages\/11168\/revisions\/11170"}],"up":[{"embeddable":true,"href":"https:\/\/apan.gob.mx\/portal\/wp-json\/wp\/v2\/pages\/11130"}],"wp:attachment":[{"href":"https:\/\/apan.gob.mx\/portal\/wp-json\/wp\/v2\/media?parent=11168"}],"curies":[{"name":"wp","href":"https:\/\/api.w.org\/{rel}","templated":true}]}}