{"id":11419,"date":"2021-10-29T11:00:41","date_gmt":"2021-10-29T16:00:41","guid":{"rendered":"https:\/\/apan.gob.mx\/portal\/?page_id=11419"},"modified":"2021-10-29T11:02:12","modified_gmt":"2021-10-29T16:02:12","slug":"11419-2","status":"publish","type":"page","link":"https:\/\/apan.gob.mx\/portal\/3-trimestre-2021\/11419-2\/","title":{"rendered":"<!--secretaria_11_2021_3-->"},"content":{"rendered":"\t\t<div data-elementor-type=\"wp-page\" data-elementor-id=\"11419\" class=\"elementor elementor-11419 elementor-bc-flex-widget\">\n\t\t\t\t\t\t<div class=\"elementor-inner\">\n\t\t\t\t<div class=\"elementor-section-wrap\">\n\t\t\t\t\t\t\t\t\t<section class=\"has_ae_slider elementor-section elementor-top-section elementor-element elementor-element-gmcgkxf elementor-section-boxed elementor-section-height-default elementor-section-height-default ae-bg-gallery-type-default\" data-id=\"gmcgkxf\" data-element_type=\"section\">\n\t\t\t\t\t\t<div class=\"elementor-container elementor-column-gap-default\">\n\t\t\t\t\t\t\t<div class=\"elementor-row\">\n\t\t\t\t\t<div class=\"has_ae_slider elementor-column elementor-col-100 elementor-top-column elementor-element elementor-element-mrmfoxa ae-bg-gallery-type-default\" data-id=\"mrmfoxa\" data-element_type=\"column\">\n\t\t\t<div class=\"elementor-column-wrap elementor-element-populated\">\n\t\t\t\t\t\t\t<div class=\"elementor-widget-wrap\">\n\t\t\t\t\t\t<div class=\"elementor-element elementor-element-utzrqwu elementor-widget elementor-widget-button\" data-id=\"utzrqwu\" data-element_type=\"widget\" data-widget_type=\"button.default\">\n\t\t\t\t<div class=\"elementor-widget-container\">\n\t\t\t\t\t<div class=\"elementor-button-wrapper\">\n\t\t\t<a href=\"https:\/\/www.apan.gob.mx\/descargables\/transparencia\/articulo69\/fraccion11\/2021_3\/secgral\/a69_f11.xlsx\" target=\"_blank\" class=\"elementor-button-link elementor-button elementor-size-sm\" role=\"button\">\n\t\t\t\t\t\t<span class=\"elementor-button-content-wrapper\">\n\t\t\t\t\t\t<span class=\"elementor-button-text\">Descargar archivo<\/span>\n\t\t<\/span>\n\t\t\t\t\t<\/a>\n\t\t<\/div>\n\t\t\t\t<\/div>\n\t\t\t\t<\/div>\n\t\t\t\t<div class=\"elementor-element elementor-element-szorkmj elementor-widget elementor-widget-heading\" data-id=\"szorkmj\" data-element_type=\"widget\" data-widget_type=\"heading.default\">\n\t\t\t\t<div class=\"elementor-widget-container\">\n\t\t\t<h2 class=\"elementor-heading-title elementor-size-medium\">Fracci\u00f3n XI<\/h2>\t\t<\/div>\n\t\t\t\t<\/div>\n\t\t\t\t<div class=\"elementor-element elementor-element-adcufvf elementor-widget elementor-widget-html\" data-id=\"adcufvf\" data-element_type=\"widget\" data-widget_type=\"html.default\">\n\t\t\t\t<div class=\"elementor-widget-container\">\n\t\t\t<html xmlns:o=\"urn:schemas-microsoft-com:office:office\"\r\nxmlns:x=\"urn:schemas-microsoft-com:office:excel\"\r\nxmlns=\"http:\/\/www.w3.org\/TR\/REC-html40\">\r\n\r\n<head>\r\n<meta http-equiv=Content-Type content=\"text\/html; charset=windows-1252\">\r\n<meta name=ProgId content=Excel.Sheet>\r\n<meta name=Generator content=\"Microsoft Excel 15\">\r\n<link rel=File-List href=\"a69_f11_archivos\/filelist.xml\">\r\n<style id=\"a69_f11_20671_Styles\">\r\n<!--table\r\n\t{mso-displayed-decimal-separator:\"\\.\";\r\n\tmso-displayed-thousand-separator:\"\\,\";}\r\n.xl1520671\r\n\t{padding-top:1px;\r\n\tpadding-right:1px;\r\n\tpadding-left:1px;\r\n\tmso-ignore:padding;\r\n\tcolor:black;\r\n\tfont-size:11.0pt;\r\n\tfont-weight:400;\r\n\tfont-style:normal;\r\n\ttext-decoration:none;\r\n\tfont-family:Calibri, sans-serif;\r\n\tmso-font-charset:0;\r\n\tmso-number-format:General;\r\n\ttext-align:general;\r\n\tvertical-align:bottom;\r\n\tmso-background-source:auto;\r\n\tmso-pattern:auto;\r\n\twhite-space:nowrap;}\r\n.xl6320671\r\n\t{padding-top:1px;\r\n\tpadding-right:1px;\r\n\tpadding-left:1px;\r\n\tmso-ignore:padding;\r\n\tcolor:black;\r\n\tfont-size:10.0pt;\r\n\tfont-weight:400;\r\n\tfont-style:normal;\r\n\ttext-decoration:none;\r\n\tfont-family:Arial;\r\n\tmso-generic-font-family:auto;\r\n\tmso-font-charset:0;\r\n\tmso-number-format:General;\r\n\ttext-align:center;\r\n\tvertical-align:bottom;\r\n\tborder:.5pt solid windowtext;\r\n\tbackground:#E1E1E1;\r\n\tmso-pattern:black none;\r\n\twhite-space:normal;}\r\n.xl6420671\r\n\t{padding-top:1px;\r\n\tpadding-right:1px;\r\n\tpadding-left:1px;\r\n\tmso-ignore:padding;\r\n\tcolor:white;\r\n\tfont-size:11.0pt;\r\n\tfont-weight:700;\r\n\tfont-style:normal;\r\n\ttext-decoration:none;\r\n\tfont-family:Arial;\r\n\tmso-generic-font-family:auto;\r\n\tmso-font-charset:0;\r\n\tmso-number-format:General;\r\n\ttext-align:center;\r\n\tvertical-align:bottom;\r\n\tborder:.5pt solid windowtext;\r\n\tbackground:#333333;\r\n\tmso-pattern:black none;\r\n\twhite-space:nowrap;}\r\n.xl6520671\r\n\t{padding-top:1px;\r\n\tpadding-right:1px;\r\n\tpadding-left:1px;\r\n\tmso-ignore:padding;\r\n\tcolor:black;\r\n\tfont-size:10.0pt;\r\n\tfont-weight:400;\r\n\tfont-style:normal;\r\n\ttext-decoration:none;\r\n\tfont-family:Arial;\r\n\tmso-generic-font-family:auto;\r\n\tmso-font-charset:0;\r\n\tmso-number-format:General;\r\n\ttext-align:general;\r\n\tvertical-align:bottom;\r\n\tborder:.5pt solid windowtext;\r\n\tbackground:#E1E1E1;\r\n\tmso-pattern:black none;\r\n\twhite-space:nowrap;}\r\n.xl6620671\r\n\t{padding-top:1px;\r\n\tpadding-right:1px;\r\n\tpadding-left:1px;\r\n\tmso-ignore:padding;\r\n\tcolor:black;\r\n\tfont-size:11.0pt;\r\n\tfont-weight:400;\r\n\tfont-style:normal;\r\n\ttext-decoration:none;\r\n\tfont-family:Calibri, sans-serif;\r\n\tmso-font-charset:0;\r\n\tmso-number-format:General;\r\n\ttext-align:general;\r\n\tvertical-align:bottom;\r\n\tborder:.5pt solid windowtext;\r\n\tmso-background-source:auto;\r\n\tmso-pattern:auto;\r\n\twhite-space:nowrap;}\r\n.xl6720671\r\n\t{padding-top:1px;\r\n\tpadding-right:1px;\r\n\tpadding-left:1px;\r\n\tmso-ignore:padding;\r\n\tcolor:black;\r\n\tfont-size:11.0pt;\r\n\tfont-weight:400;\r\n\tfont-style:normal;\r\n\ttext-decoration:none;\r\n\tfont-family:Calibri, sans-serif;\r\n\tmso-font-charset:0;\r\n\tmso-number-format:\"Short Date\";\r\n\ttext-align:general;\r\n\tvertical-align:bottom;\r\n\tborder:.5pt solid windowtext;\r\n\tmso-background-source:auto;\r\n\tmso-pattern:auto;\r\n\twhite-space:nowrap;}\r\n-->\r\n<\/style>\r\n<\/head>\r\n\r\n<body>\r\n<!--[if !excel]>&nbsp;&nbsp;<![endif]-->\r\n<!--La siguiente informaci\u00f3n se gener\u00f3 mediante el Asistente para publicar como\r\np\u00e1gina web de Microsoft Excel.-->\r\n<!--Si se vuelve a publicar el mismo elemento desde Excel, se reemplazar\u00e1 toda\r\nla informaci\u00f3n comprendida entre las etiquetas DIV.-->\r\n<!----------------------------->\r\n<!--INICIO DE LOS RESULTADOS DEL ASISTENTE PARA PUBLICAR COMO P\u00c1GINA WEB DE\r\nEXCEL -->\r\n<!----------------------------->\r\n\r\n<div id=\"a69_f11_20671\" align=center x:publishsource=\"Excel\">\r\n\r\n<table border=0 cellpadding=0 cellspacing=0 width=5351 style='border-collapse:\r\n collapse;table-layout:fixed;width:4015pt'>\r\n <col width=56 style='mso-width-source:userset;mso-width-alt:2048;width:42pt'>\r\n <col width=255 style='mso-width-source:userset;mso-width-alt:9325;width:191pt'>\r\n <col width=270 style='mso-width-source:userset;mso-width-alt:9874;width:203pt'>\r\n <col width=190 style='mso-width-source:userset;mso-width-alt:6948;width:143pt'>\r\n <col width=220 style='mso-width-source:userset;mso-width-alt:8045;width:165pt'>\r\n <col width=223 style='mso-width-source:userset;mso-width-alt:8155;width:167pt'>\r\n <col width=249 style='mso-width-source:userset;mso-width-alt:9106;width:187pt'>\r\n <col width=262 style='mso-width-source:userset;mso-width-alt:9581;width:197pt'>\r\n <col width=124 style='mso-width-source:userset;mso-width-alt:4534;width:93pt'>\r\n <col width=147 style='mso-width-source:userset;mso-width-alt:5376;width:110pt'>\r\n <col width=169 style='mso-width-source:userset;mso-width-alt:6180;width:127pt'>\r\n <col width=184 style='mso-width-source:userset;mso-width-alt:6729;width:138pt'>\r\n <col width=133 style='mso-width-source:userset;mso-width-alt:4864;width:100pt'>\r\n <col width=293 style='mso-width-source:userset;mso-width-alt:10715;width:220pt'>\r\n <col width=122 style='mso-width-source:userset;mso-width-alt:4461;width:92pt'>\r\n <col width=151 style='mso-width-source:userset;mso-width-alt:5522;width:113pt'>\r\n <col width=500 style='mso-width-source:userset;mso-width-alt:18285;width:375pt'>\r\n <col width=512 style='mso-width-source:userset;mso-width-alt:18724;width:384pt'>\r\n <col width=123 style='mso-width-source:userset;mso-width-alt:4498;width:92pt'>\r\n <col width=140 style='mso-width-source:userset;mso-width-alt:5120;width:105pt'>\r\n <col width=1028 style='mso-width-source:userset;mso-width-alt:37595;\r\n width:771pt'>\r\n <tr height=0 style='display:none'>\r\n  <td class=xl1520671 width=56 style='width:42pt'>44234<\/td>\r\n  <td class=xl1520671 width=255 style='width:191pt'><\/td>\r\n  <td class=xl1520671 width=270 style='width:203pt'><\/td>\r\n  <td class=xl1520671 width=190 style='width:143pt'><\/td>\r\n  <td class=xl1520671 width=220 style='width:165pt'><\/td>\r\n  <td class=xl1520671 width=223 style='width:167pt'><\/td>\r\n  <td class=xl1520671 width=249 style='width:187pt'><\/td>\r\n  <td class=xl1520671 width=262 style='width:197pt'><\/td>\r\n  <td class=xl1520671 width=124 style='width:93pt'><\/td>\r\n  <td class=xl1520671 width=147 style='width:110pt'><\/td>\r\n  <td class=xl1520671 width=169 style='width:127pt'><\/td>\r\n  <td class=xl1520671 width=184 style='width:138pt'><\/td>\r\n  <td class=xl1520671 width=133 style='width:100pt'><\/td>\r\n  <td class=xl1520671 width=293 style='width:220pt'><\/td>\r\n  <td class=xl1520671 width=122 style='width:92pt'><\/td>\r\n  <td class=xl1520671 width=151 style='width:113pt'><\/td>\r\n  <td class=xl1520671 width=500 style='width:375pt'><\/td>\r\n  <td class=xl1520671 width=512 style='width:384pt'><\/td>\r\n  <td class=xl1520671 width=123 style='width:92pt'><\/td>\r\n  <td class=xl1520671 width=140 style='width:105pt'><\/td>\r\n  <td class=xl1520671 width=1028 style='width:771pt'><\/td>\r\n <\/tr>\r\n <tr height=20 style='height:15.0pt'>\r\n  <td colspan=3 height=20 class=xl6420671 style='height:15.0pt'>T\u00cdTULO<\/td>\r\n  <td colspan=3 class=xl6420671>NOMBRE CORTO<\/td>\r\n  <td colspan=3 class=xl6420671>DESCRIPCI\u00d3N<\/td>\r\n  <td class=xl1520671><\/td>\r\n  <td class=xl1520671><\/td>\r\n  <td class=xl1520671><\/td>\r\n  <td class=xl1520671><\/td>\r\n  <td class=xl1520671><\/td>\r\n  <td class=xl1520671><\/td>\r\n  <td class=xl1520671><\/td>\r\n  <td class=xl1520671><\/td>\r\n  <td class=xl1520671><\/td>\r\n  <td class=xl1520671><\/td>\r\n  <td class=xl1520671><\/td>\r\n  <td class=xl1520671><\/td>\r\n <\/tr>\r\n <tr height=20 style='height:15.0pt'>\r\n  <td colspan=3 height=20 class=xl6520671 style='height:15.0pt'>Personal\r\n  contratado por honorarios<\/td>\r\n  <td colspan=3 class=xl6520671>a69_f11<\/td>\r\n  <td colspan=3 class=xl6520671>Los sujetos obligados publicar\u00e1n informaci\u00f3n de\r\n  las personas contratadas bajo el r\u00e9gimen de servicios profesionales por\r\n  honorarios y servicios profesionales por honorarios asimilados a salarios;\r\n  entendi\u00e9ndose \u00e9stos como los servicios que se contratan y\/o prestan a cambio\r\n  de una retribuci\u00f3n por ellos.<\/td>\r\n  <td class=xl1520671><\/td>\r\n  <td class=xl1520671><\/td>\r\n  <td class=xl1520671><\/td>\r\n  <td class=xl1520671><\/td>\r\n  <td class=xl1520671><\/td>\r\n  <td class=xl1520671><\/td>\r\n  <td class=xl1520671><\/td>\r\n  <td class=xl1520671><\/td>\r\n  <td class=xl1520671><\/td>\r\n  <td class=xl1520671><\/td>\r\n  <td class=xl1520671><\/td>\r\n  <td class=xl1520671><\/td>\r\n <\/tr>\r\n <tr height=0 style='display:none'>\r\n  <td class=xl1520671>1<\/td>\r\n  <td class=xl1520671>4<\/td>\r\n  <td class=xl1520671>4<\/td>\r\n  <td class=xl1520671>9<\/td>\r\n  <td class=xl1520671>1<\/td>\r\n  <td class=xl1520671>1<\/td>\r\n  <td class=xl1520671>1<\/td>\r\n  <td class=xl1520671>1<\/td>\r\n  <td class=xl1520671>1<\/td>\r\n  <td class=xl1520671>7<\/td>\r\n  <td class=xl1520671>4<\/td>\r\n  <td class=xl1520671>4<\/td>\r\n  <td class=xl1520671>2<\/td>\r\n  <td class=xl1520671>6<\/td>\r\n  <td class=xl1520671>6<\/td>\r\n  <td class=xl1520671>2<\/td>\r\n  <td class=xl1520671>7<\/td>\r\n  <td class=xl1520671>2<\/td>\r\n  <td class=xl1520671>4<\/td>\r\n  <td class=xl1520671>13<\/td>\r\n  <td class=xl1520671>14<\/td>\r\n <\/tr>\r\n <tr height=0 style='display:none'>\r\n  <td class=xl1520671>350329<\/td>\r\n  <td class=xl1520671>350331<\/td>\r\n  <td class=xl1520671>350332<\/td>\r\n  <td class=xl1520671>350342<\/td>\r\n  <td class=xl1520671>350324<\/td>\r\n  <td class=xl1520671>350325<\/td>\r\n  <td class=xl1520671>350326<\/td>\r\n  <td class=xl1520671>350327<\/td>\r\n  <td class=xl1520671>350328<\/td>\r\n  <td class=xl1520671>350336<\/td>\r\n  <td class=xl1520671>350344<\/td>\r\n  <td class=xl1520671>350345<\/td>\r\n  <td class=xl1520671>350330<\/td>\r\n  <td class=xl1520671>350334<\/td>\r\n  <td class=xl1520671>350335<\/td>\r\n  <td class=xl1520671>350343<\/td>\r\n  <td class=xl1520671>350337<\/td>\r\n  <td class=xl1520671>350341<\/td>\r\n  <td class=xl1520671>350333<\/td>\r\n  <td class=xl1520671>350340<\/td>\r\n  <td class=xl1520671>350339<\/td>\r\n <\/tr>\r\n <tr height=20 style='height:15.0pt'>\r\n  <td colspan=21 height=20 class=xl6420671 style='height:15.0pt'>Tabla Campos<\/td>\r\n <\/tr>\r\n <tr height=35 style='height:26.25pt'>\r\n  <td height=35 class=xl6320671 width=56 style='height:26.25pt;width:42pt'>Ejercicio<\/td>\r\n  <td class=xl6320671 width=255 style='border-left:none;width:191pt'>Fecha de\r\n  inicio del periodo que se informa<\/td>\r\n  <td class=xl6320671 width=270 style='border-left:none;width:203pt'>Fecha de\r\n  t\u00e9rmino del periodo que se informa<\/td>\r\n  <td class=xl6320671 width=190 style='border-left:none;width:143pt'>Tipo de\r\n  contrataci\u00f3n (cat\u00e1logo)<\/td>\r\n  <td class=xl6320671 width=220 style='border-left:none;width:165pt'>Partida\r\n  presupuestal de los recursos<\/td>\r\n  <td class=xl6320671 width=223 style='border-left:none;width:167pt'>Nombre(s)\r\n  de la persona contratada<span style='mso-spacerun:yes'>\u00a0<\/span><\/td>\r\n  <td class=xl6320671 width=249 style='border-left:none;width:187pt'>Primer\r\n  apellido de la persona contratada<span style='mso-spacerun:yes'>\u00a0<\/span><\/td>\r\n  <td class=xl6320671 width=262 style='border-left:none;width:197pt'>Segundo\r\n  apellido de la persona contratada<span style='mso-spacerun:yes'>\u00a0<\/span><\/td>\r\n  <td class=xl6320671 width=124 style='border-left:none;width:93pt'>N\u00famero de\r\n  contrato<\/td>\r\n  <td class=xl6320671 width=147 style='border-left:none;width:110pt'>Hiperv\u00ednculo\r\n  al contrato<\/td>\r\n  <td class=xl6320671 width=169 style='border-left:none;width:127pt'>Fecha de\r\n  inicio del contrato<\/td>\r\n  <td class=xl6320671 width=184 style='border-left:none;width:138pt'>Fecha de\r\n  t\u00e9rmino del contrato<\/td>\r\n  <td class=xl6320671 width=133 style='border-left:none;width:100pt'>Servicios\r\n  contratados<\/td>\r\n  <td class=xl6320671 width=293 style='border-left:none;width:220pt'>Remuneraci\u00f3n\r\n  mensual bruta o contraprestaci\u00f3n<\/td>\r\n  <td class=xl6320671 width=122 style='border-left:none;width:92pt'>Monto total\r\n  a pagar<\/td>\r\n  <td class=xl6320671 width=151 style='border-left:none;width:113pt'>Prestaciones,\r\n  en su caso<\/td>\r\n  <td class=xl6320671 width=500 style='border-left:none;width:375pt'>Hiperv\u00ednculo\r\n  a la normatividad que regula la celebraci\u00f3n de contratos de honorarios<\/td>\r\n  <td class=xl6320671 width=512 style='border-left:none;width:384pt'>\u00c1rea(s)\r\n  responsable(s) que genera(n), posee(n), publica(n) y actualizan la\r\n  informaci\u00f3n<\/td>\r\n  <td class=xl6320671 width=123 style='border-left:none;width:92pt'>Fecha de\r\n  validaci\u00f3n<\/td>\r\n  <td class=xl6320671 width=140 style='border-left:none;width:105pt'>Fecha de\r\n  actualizaci\u00f3n<\/td>\r\n  <td class=xl6320671 width=1028 style='border-left:none;width:771pt'>Nota<\/td>\r\n <\/tr>\r\n <tr height=20 style='height:15.0pt'>\r\n  <td height=20 class=xl6620671 align=right style='height:15.0pt;border-top:\r\n  none'>2021<\/td>\r\n  <td class=xl6720671 align=right style='border-top:none;border-left:none'>01\/07\/2021<\/td>\r\n  <td class=xl6720671 align=right style='border-top:none;border-left:none'>30\/09\/2021<\/td>\r\n  <td class=xl6620671 style='border-top:none;border-left:none'>&nbsp;<\/td>\r\n  <td class=xl6620671 style='border-top:none;border-left:none'>&nbsp;<\/td>\r\n  <td class=xl6620671 style='border-top:none;border-left:none'>&nbsp;<\/td>\r\n  <td class=xl6620671 style='border-top:none;border-left:none'>&nbsp;<\/td>\r\n  <td class=xl6620671 style='border-top:none;border-left:none'>&nbsp;<\/td>\r\n  <td class=xl6620671 style='border-top:none;border-left:none'>&nbsp;<\/td>\r\n  <td class=xl6620671 style='border-top:none;border-left:none'>&nbsp;<\/td>\r\n  <td class=xl6620671 style='border-top:none;border-left:none'>&nbsp;<\/td>\r\n  <td class=xl6620671 style='border-top:none;border-left:none'>&nbsp;<\/td>\r\n  <td class=xl6620671 style='border-top:none;border-left:none'>&nbsp;<\/td>\r\n  <td class=xl6620671 style='border-top:none;border-left:none'>&nbsp;<\/td>\r\n  <td class=xl6620671 style='border-top:none;border-left:none'>&nbsp;<\/td>\r\n  <td class=xl6620671 style='border-top:none;border-left:none'>&nbsp;<\/td>\r\n  <td class=xl6620671 style='border-top:none;border-left:none'>&nbsp;<\/td>\r\n  <td class=xl6620671 style='border-top:none;border-left:none'>Secretaria\r\n  General Municipal<\/td>\r\n  <td class=xl6720671 align=right style='border-top:none;border-left:none'>04\/10\/2021<\/td>\r\n  <td class=xl6720671 align=right style='border-top:none;border-left:none'>04\/10\/2021<\/td>\r\n  <td class=xl6620671 style='border-top:none;border-left:none'>Para el periodo\r\n  que se informa esta presidencia municipal no tiene contratada a ningun\r\n  personal por honorarios por lo que la mayoria de los campos npo visualizaran\r\n  i<span style='display:none'>nformaci\u00f3n<\/span><\/td>\r\n <\/tr>\r\n <![if supportMisalignedColumns]>\r\n <tr height=0 style='display:none'>\r\n  <td width=56 style='width:42pt'><\/td>\r\n  <td width=255 style='width:191pt'><\/td>\r\n  <td width=270 style='width:203pt'><\/td>\r\n  <td width=190 style='width:143pt'><\/td>\r\n  <td width=220 style='width:165pt'><\/td>\r\n  <td width=223 style='width:167pt'><\/td>\r\n  <td width=249 style='width:187pt'><\/td>\r\n  <td width=262 style='width:197pt'><\/td>\r\n  <td width=124 style='width:93pt'><\/td>\r\n  <td width=147 style='width:110pt'><\/td>\r\n  <td width=169 style='width:127pt'><\/td>\r\n  <td width=184 style='width:138pt'><\/td>\r\n  <td width=133 style='width:100pt'><\/td>\r\n  <td width=293 style='width:220pt'><\/td>\r\n  <td width=122 style='width:92pt'><\/td>\r\n  <td width=151 style='width:113pt'><\/td>\r\n  <td width=500 style='width:375pt'><\/td>\r\n  <td width=512 style='width:384pt'><\/td>\r\n  <td width=123 style='width:92pt'><\/td>\r\n  <td width=140 style='width:105pt'><\/td>\r\n  <td width=1028 style='width:771pt'><\/td>\r\n <\/tr>\r\n <![endif]>\r\n<\/table>\r\n\r\n<\/div>\r\n\r\n\r\n<!----------------------------->\r\n<!--FINAL DE LOS RESULTADOS DEL ASISTENTE PARA PUBLICAR COMO P\u00c1GINA WEB DE\r\nEXCEL-->\r\n<!----------------------------->\r\n<\/body>\r\n\r\n<\/html>\r\n\t\t<\/div>\n\t\t\t\t<\/div>\n\t\t\t\t\t\t<\/div>\n\t\t\t\t\t<\/div>\n\t\t<\/div>\n\t\t\t\t\t\t\t\t<\/div>\n\t\t\t\t\t<\/div>\n\t\t<\/section>\n\t\t\t\t\t\t\t\t\t<\/div>\n\t\t\t<\/div>\n\t\t\t\t\t<\/div>\n\t\t","protected":false},"excerpt":{"rendered":"<p>Descargar archivo Fracci\u00f3n XI 44234 T\u00cdTULO NOMBRE CORTO DESCRIPCI\u00d3N Personal contratado por honorarios a69_f11 Los sujetos obligados publicar\u00e1n informaci\u00f3n de las personas contratadas bajo el r\u00e9gimen de servicios profesionales por honorarios y servicios profesionales por honorarios asimilados a salarios; entendi\u00e9ndose \u00e9stos como los servicios que se contratan y\/o prestan a cambio de una retribuci\u00f3n por [&hellip;]<\/p>\n","protected":false},"author":1,"featured_media":0,"parent":11130,"menu_order":0,"comment_status":"closed","ping_status":"closed","template":"page-template-full.php","meta":[],"jetpack_sharing_enabled":true,"_links":{"self":[{"href":"https:\/\/apan.gob.mx\/portal\/wp-json\/wp\/v2\/pages\/11419"}],"collection":[{"href":"https:\/\/apan.gob.mx\/portal\/wp-json\/wp\/v2\/pages"}],"about":[{"href":"https:\/\/apan.gob.mx\/portal\/wp-json\/wp\/v2\/types\/page"}],"author":[{"embeddable":true,"href":"https:\/\/apan.gob.mx\/portal\/wp-json\/wp\/v2\/users\/1"}],"replies":[{"embeddable":true,"href":"https:\/\/apan.gob.mx\/portal\/wp-json\/wp\/v2\/comments?post=11419"}],"version-history":[{"count":2,"href":"https:\/\/apan.gob.mx\/portal\/wp-json\/wp\/v2\/pages\/11419\/revisions"}],"predecessor-version":[{"id":11421,"href":"https:\/\/apan.gob.mx\/portal\/wp-json\/wp\/v2\/pages\/11419\/revisions\/11421"}],"up":[{"embeddable":true,"href":"https:\/\/apan.gob.mx\/portal\/wp-json\/wp\/v2\/pages\/11130"}],"wp:attachment":[{"href":"https:\/\/apan.gob.mx\/portal\/wp-json\/wp\/v2\/media?parent=11419"}],"curies":[{"name":"wp","href":"https:\/\/api.w.org\/{rel}","templated":true}]}}