{"id":11551,"date":"2021-11-03T10:46:30","date_gmt":"2021-11-03T16:46:30","guid":{"rendered":"https:\/\/apan.gob.mx\/portal\/?page_id=11551"},"modified":"2021-11-03T10:48:57","modified_gmt":"2021-11-03T16:48:57","slug":"11551-2","status":"publish","type":"page","link":"https:\/\/apan.gob.mx\/portal\/3-trimestre-2021\/11551-2\/","title":{"rendered":"<!--transparencia_39_2021_3-->"},"content":{"rendered":"\t\t<div data-elementor-type=\"wp-page\" data-elementor-id=\"11551\" class=\"elementor elementor-11551 elementor-bc-flex-widget\">\n\t\t\t\t\t\t<div class=\"elementor-inner\">\n\t\t\t\t<div class=\"elementor-section-wrap\">\n\t\t\t\t\t\t\t\t\t<section class=\"has_ae_slider elementor-section elementor-top-section elementor-element elementor-element-gfwflpg elementor-section-boxed elementor-section-height-default elementor-section-height-default ae-bg-gallery-type-default\" data-id=\"gfwflpg\" data-element_type=\"section\">\n\t\t\t\t\t\t<div class=\"elementor-container elementor-column-gap-default\">\n\t\t\t\t\t\t\t<div class=\"elementor-row\">\n\t\t\t\t\t<div class=\"has_ae_slider elementor-column elementor-col-100 elementor-top-column elementor-element elementor-element-lqpeqwi ae-bg-gallery-type-default\" data-id=\"lqpeqwi\" data-element_type=\"column\">\n\t\t\t<div class=\"elementor-column-wrap elementor-element-populated\">\n\t\t\t\t\t\t\t<div class=\"elementor-widget-wrap\">\n\t\t\t\t\t\t<div class=\"elementor-element elementor-element-kgrpckw elementor-widget elementor-widget-button\" data-id=\"kgrpckw\" data-element_type=\"widget\" data-widget_type=\"button.default\">\n\t\t\t\t<div class=\"elementor-widget-container\">\n\t\t\t\t\t<div class=\"elementor-button-wrapper\">\n\t\t\t<a href=\"https:\/\/www.apan.gob.mx\/descargables\/transparencia\/articulo69\/fraccion39\/2021_3\/transparencia\/c\/a69_f39c.xlsx\" target=\"_blank\" class=\"elementor-button-link elementor-button elementor-size-sm\" role=\"button\">\n\t\t\t\t\t\t<span class=\"elementor-button-content-wrapper\">\n\t\t\t\t\t\t<span class=\"elementor-button-text\">Descargar archivo<\/span>\n\t\t<\/span>\n\t\t\t\t\t<\/a>\n\t\t<\/div>\n\t\t\t\t<\/div>\n\t\t\t\t<\/div>\n\t\t\t\t<div class=\"elementor-element elementor-element-ruhqtsw elementor-widget elementor-widget-heading\" data-id=\"ruhqtsw\" data-element_type=\"widget\" data-widget_type=\"heading.default\">\n\t\t\t\t<div class=\"elementor-widget-container\">\n\t\t\t<h2 class=\"elementor-heading-title elementor-size-medium\">Fracci\u00f3n XXXIX c<\/h2>\t\t<\/div>\n\t\t\t\t<\/div>\n\t\t\t\t<div class=\"elementor-element elementor-element-nuouisw elementor-widget elementor-widget-html\" data-id=\"nuouisw\" data-element_type=\"widget\" data-widget_type=\"html.default\">\n\t\t\t\t<div class=\"elementor-widget-container\">\n\t\t\t<html xmlns:o=\"urn:schemas-microsoft-com:office:office\"\r\nxmlns:x=\"urn:schemas-microsoft-com:office:excel\"\r\nxmlns=\"http:\/\/www.w3.org\/TR\/REC-html40\">\r\n\r\n<head>\r\n<meta http-equiv=Content-Type content=\"text\/html; charset=windows-1252\">\r\n<meta name=ProgId content=Excel.Sheet>\r\n<meta name=Generator content=\"Microsoft Excel 15\">\r\n<link rel=File-List href=\"a69_f39c_archivos\/filelist.xml\">\r\n<style id=\"a69_f39c_31425_Styles\">\r\n<!--table\r\n\t{mso-displayed-decimal-separator:\"\\.\";\r\n\tmso-displayed-thousand-separator:\"\\,\";}\r\n.xl1531425\r\n\t{padding-top:1px;\r\n\tpadding-right:1px;\r\n\tpadding-left:1px;\r\n\tmso-ignore:padding;\r\n\tcolor:black;\r\n\tfont-size:11.0pt;\r\n\tfont-weight:400;\r\n\tfont-style:normal;\r\n\ttext-decoration:none;\r\n\tfont-family:Calibri, sans-serif;\r\n\tmso-font-charset:0;\r\n\tmso-number-format:General;\r\n\ttext-align:general;\r\n\tvertical-align:bottom;\r\n\tmso-background-source:auto;\r\n\tmso-pattern:auto;\r\n\twhite-space:nowrap;}\r\n.xl6431425\r\n\t{padding-top:1px;\r\n\tpadding-right:1px;\r\n\tpadding-left:1px;\r\n\tmso-ignore:padding;\r\n\tcolor:black;\r\n\tfont-size:10.0pt;\r\n\tfont-weight:400;\r\n\tfont-style:normal;\r\n\ttext-decoration:none;\r\n\tfont-family:Arial;\r\n\tmso-generic-font-family:auto;\r\n\tmso-font-charset:0;\r\n\tmso-number-format:General;\r\n\ttext-align:center;\r\n\tvertical-align:bottom;\r\n\tborder:.5pt solid windowtext;\r\n\tbackground:#E1E1E1;\r\n\tmso-pattern:black none;\r\n\twhite-space:normal;}\r\n.xl6531425\r\n\t{padding-top:1px;\r\n\tpadding-right:1px;\r\n\tpadding-left:1px;\r\n\tmso-ignore:padding;\r\n\tcolor:black;\r\n\tfont-size:11.0pt;\r\n\tfont-weight:400;\r\n\tfont-style:normal;\r\n\ttext-decoration:none;\r\n\tfont-family:Calibri, sans-serif;\r\n\tmso-font-charset:0;\r\n\tmso-number-format:General;\r\n\ttext-align:general;\r\n\tvertical-align:bottom;\r\n\tborder:.5pt solid windowtext;\r\n\tmso-background-source:auto;\r\n\tmso-pattern:auto;\r\n\twhite-space:nowrap;}\r\n.xl6631425\r\n\t{padding-top:1px;\r\n\tpadding-right:1px;\r\n\tpadding-left:1px;\r\n\tmso-ignore:padding;\r\n\tcolor:black;\r\n\tfont-size:11.0pt;\r\n\tfont-weight:400;\r\n\tfont-style:normal;\r\n\ttext-decoration:none;\r\n\tfont-family:Calibri, sans-serif;\r\n\tmso-font-charset:0;\r\n\tmso-number-format:\"Short Date\";\r\n\ttext-align:general;\r\n\tvertical-align:bottom;\r\n\tborder:.5pt solid windowtext;\r\n\tmso-background-source:auto;\r\n\tmso-pattern:auto;\r\n\twhite-space:nowrap;}\r\n.xl6731425\r\n\t{padding-top:1px;\r\n\tpadding-right:1px;\r\n\tpadding-left:1px;\r\n\tmso-ignore:padding;\r\n\tcolor:#0563C1;\r\n\tfont-size:11.0pt;\r\n\tfont-weight:400;\r\n\tfont-style:normal;\r\n\ttext-decoration:underline;\r\n\ttext-underline-style:single;\r\n\tfont-family:Calibri, sans-serif;\r\n\tmso-font-charset:0;\r\n\tmso-number-format:General;\r\n\ttext-align:general;\r\n\tvertical-align:bottom;\r\n\tborder:.5pt solid windowtext;\r\n\tmso-background-source:auto;\r\n\tmso-pattern:auto;\r\n\twhite-space:nowrap;}\r\n.xl6831425\r\n\t{padding-top:1px;\r\n\tpadding-right:1px;\r\n\tpadding-left:1px;\r\n\tmso-ignore:padding;\r\n\tcolor:white;\r\n\tfont-size:11.0pt;\r\n\tfont-weight:700;\r\n\tfont-style:normal;\r\n\ttext-decoration:none;\r\n\tfont-family:Arial;\r\n\tmso-generic-font-family:auto;\r\n\tmso-font-charset:0;\r\n\tmso-number-format:General;\r\n\ttext-align:center;\r\n\tvertical-align:bottom;\r\n\tborder:.5pt solid windowtext;\r\n\tbackground:#333333;\r\n\tmso-pattern:black none;\r\n\twhite-space:nowrap;}\r\n.xl6931425\r\n\t{padding-top:1px;\r\n\tpadding-right:1px;\r\n\tpadding-left:1px;\r\n\tmso-ignore:padding;\r\n\tcolor:black;\r\n\tfont-size:10.0pt;\r\n\tfont-weight:400;\r\n\tfont-style:normal;\r\n\ttext-decoration:none;\r\n\tfont-family:Arial;\r\n\tmso-generic-font-family:auto;\r\n\tmso-font-charset:0;\r\n\tmso-number-format:General;\r\n\ttext-align:general;\r\n\tvertical-align:bottom;\r\n\tborder:.5pt solid windowtext;\r\n\tbackground:#E1E1E1;\r\n\tmso-pattern:black none;\r\n\twhite-space:nowrap;}\r\n-->\r\n<\/style>\r\n<\/head>\r\n\r\n<body>\r\n<!--[if !excel]>&nbsp;&nbsp;<![endif]-->\r\n<!--La siguiente informaci\u00f3n se gener\u00f3 mediante el Asistente para publicar como\r\np\u00e1gina web de Microsoft Excel.-->\r\n<!--Si se vuelve a publicar el mismo elemento desde Excel, se reemplazar\u00e1 toda\r\nla informaci\u00f3n comprendida entre las etiquetas DIV.-->\r\n<!----------------------------->\r\n<!--INICIO DE LOS RESULTADOS DEL ASISTENTE PARA PUBLICAR COMO P\u00c1GINA WEB DE\r\nEXCEL -->\r\n<!----------------------------->\r\n\r\n<div id=\"a69_f39c_31425\" align=center x:publishsource=\"Excel\">\r\n\r\n<table border=0 cellpadding=0 cellspacing=0 width=4185 style='border-collapse:\r\n collapse;table-layout:fixed;width:3141pt'>\r\n <col width=56 style='mso-width-source:userset;mso-width-alt:2048;width:42pt'>\r\n <col width=255 style='mso-width-source:userset;mso-width-alt:9325;width:191pt'>\r\n <col width=270 style='mso-width-source:userset;mso-width-alt:9874;width:203pt'>\r\n <col width=309 style='mso-width-source:userset;mso-width-alt:11300;width:232pt'>\r\n <col width=193 style='mso-width-source:userset;mso-width-alt:7058;width:145pt'>\r\n <col width=176 style='mso-width-source:userset;mso-width-alt:6436;width:132pt'>\r\n <col width=286 style='mso-width-source:userset;mso-width-alt:10459;width:215pt'>\r\n <col width=390 style='mso-width-source:userset;mso-width-alt:14262;width:293pt'>\r\n <col width=201 style='mso-width-source:userset;mso-width-alt:7350;width:151pt'>\r\n <col width=512 style='mso-width-source:userset;mso-width-alt:18724;width:384pt'>\r\n <col width=123 style='mso-width-source:userset;mso-width-alt:4498;width:92pt'>\r\n <col width=140 style='mso-width-source:userset;mso-width-alt:5120;width:105pt'>\r\n <col width=1274 style='mso-width-source:userset;mso-width-alt:46592;\r\n width:956pt'>\r\n <tr height=0 style='display:none'>\r\n  <td class=xl1531425 width=56 style='width:42pt'>46778<\/td>\r\n  <td class=xl1531425 width=255 style='width:191pt'><\/td>\r\n  <td class=xl1531425 width=270 style='width:203pt'><\/td>\r\n  <td class=xl1531425 width=309 style='width:232pt'><\/td>\r\n  <td class=xl1531425 width=193 style='width:145pt'><\/td>\r\n  <td class=xl1531425 width=176 style='width:132pt'><\/td>\r\n  <td class=xl1531425 width=286 style='width:215pt'><\/td>\r\n  <td class=xl1531425 width=390 style='width:293pt'><\/td>\r\n  <td class=xl1531425 width=201 style='width:151pt'><\/td>\r\n  <td class=xl1531425 width=512 style='width:384pt'><\/td>\r\n  <td class=xl1531425 width=123 style='width:92pt'><\/td>\r\n  <td class=xl1531425 width=140 style='width:105pt'><\/td>\r\n  <td class=xl1531425 width=1274 style='width:956pt'><\/td>\r\n <\/tr>\r\n <tr height=20 style='height:15.0pt'>\r\n  <td colspan=3 height=20 class=xl6831425 style='height:15.0pt'>T\u00cdTULO<\/td>\r\n  <td colspan=3 class=xl6831425>NOMBRE CORTO<\/td>\r\n  <td colspan=3 class=xl6831425>DESCRIPCI\u00d3N<\/td>\r\n  <td class=xl1531425><\/td>\r\n  <td class=xl1531425><\/td>\r\n  <td class=xl1531425><\/td>\r\n  <td class=xl1531425><\/td>\r\n <\/tr>\r\n <tr height=20 style='height:15.0pt'>\r\n  <td colspan=3 height=20 class=xl6931425 style='height:15.0pt'>Actas y\r\n  resoluciones Comit\u00e9 de Transparencia_Integrantes del Comit\u00e9 de Transparencia<\/td>\r\n  <td colspan=3 class=xl6931425>a69_f39c<\/td>\r\n  <td colspan=3 class=xl6931425>Se detallar\u00e1n los datos del presidente y los\r\n  dem\u00e1s integrantes del Comit\u00e9 de Transparencia, del sujeto obligado para\r\n  cumplir con las funciones establecidas en el Cap\u00edtulo III, T\u00edtulo Segundo de\r\n  la Ley General, independientemente de que su nivel sea menor al de jefe de\r\n  departamento u hom\u00f3logo<\/td>\r\n  <td class=xl1531425><\/td>\r\n  <td class=xl1531425><\/td>\r\n  <td class=xl1531425><\/td>\r\n  <td class=xl1531425><\/td>\r\n <\/tr>\r\n <tr height=0 style='display:none'>\r\n  <td class=xl1531425>1<\/td>\r\n  <td class=xl1531425>4<\/td>\r\n  <td class=xl1531425>4<\/td>\r\n  <td class=xl1531425>1<\/td>\r\n  <td class=xl1531425>1<\/td>\r\n  <td class=xl1531425>1<\/td>\r\n  <td class=xl1531425>1<\/td>\r\n  <td class=xl1531425>1<\/td>\r\n  <td class=xl1531425>1<\/td>\r\n  <td class=xl1531425>2<\/td>\r\n  <td class=xl1531425>4<\/td>\r\n  <td class=xl1531425>13<\/td>\r\n  <td class=xl1531425>14<\/td>\r\n <\/tr>\r\n <tr height=0 style='display:none'>\r\n  <td class=xl1531425>397227<\/td>\r\n  <td class=xl1531425>397228<\/td>\r\n  <td class=xl1531425>397229<\/td>\r\n  <td class=xl1531425>397232<\/td>\r\n  <td class=xl1531425>397233<\/td>\r\n  <td class=xl1531425>397234<\/td>\r\n  <td class=xl1531425>397222<\/td>\r\n  <td class=xl1531425>397223<\/td>\r\n  <td class=xl1531425>397226<\/td>\r\n  <td class=xl1531425>397230<\/td>\r\n  <td class=xl1531425>397224<\/td>\r\n  <td class=xl1531425>397225<\/td>\r\n  <td class=xl1531425>397231<\/td>\r\n <\/tr>\r\n <tr height=20 style='height:15.0pt'>\r\n  <td colspan=13 height=20 class=xl6831425 style='height:15.0pt'>Tabla Campos<\/td>\r\n <\/tr>\r\n <tr height=35 style='height:26.25pt'>\r\n  <td height=35 class=xl6431425 width=56 style='height:26.25pt;width:42pt'>Ejercicio<\/td>\r\n  <td class=xl6431425 width=255 style='border-left:none;width:191pt'>Fecha de\r\n  inicio del periodo que se informa<\/td>\r\n  <td class=xl6431425 width=270 style='border-left:none;width:203pt'>Fecha de\r\n  t\u00e9rmino del periodo que se informa<\/td>\r\n  <td class=xl6431425 width=309 style='border-left:none;width:232pt'>Nombre(s)<\/td>\r\n  <td class=xl6431425 width=193 style='border-left:none;width:145pt'>Primer\r\n  apellido<\/td>\r\n  <td class=xl6431425 width=176 style='border-left:none;width:132pt'>Segundo\r\n  apellido<\/td>\r\n  <td class=xl6431425 width=286 style='border-left:none;width:215pt'>Cargo o\r\n  puesto que ocupa en el sujeto obligado<\/td>\r\n  <td class=xl6431425 width=390 style='border-left:none;width:293pt'>Cargo y\/o\r\n  funci\u00f3n que desempe\u00f1a en el Comit\u00e9 de Transparencia<\/td>\r\n  <td class=xl6431425 width=201 style='border-left:none;width:151pt'>Correo\r\n  electr\u00f3nico oficial<span style='mso-spacerun:yes'>\u00a0<\/span><\/td>\r\n  <td class=xl6431425 width=512 style='border-left:none;width:384pt'>\u00c1rea(s)\r\n  responsable(s) que genera(n), posee(n), publica(n) y actualizan la\r\n  informaci\u00f3n<\/td>\r\n  <td class=xl6431425 width=123 style='border-left:none;width:92pt'>Fecha de\r\n  validaci\u00f3n<\/td>\r\n  <td class=xl6431425 width=140 style='border-left:none;width:105pt'>Fecha de\r\n  actualizaci\u00f3n<\/td>\r\n  <td class=xl6431425 width=1274 style='border-left:none;width:956pt'>Nota<\/td>\r\n <\/tr>\r\n <tr height=20 style='height:15.0pt'>\r\n  <td height=20 class=xl6531425 align=right style='height:15.0pt;border-top:\r\n  none'>2021<\/td>\r\n  <td class=xl6631425 align=right style='border-top:none;border-left:none'>01\/07\/2021<\/td>\r\n  <td class=xl6631425 align=right style='border-top:none;border-left:none'>30\/09\/2021<\/td>\r\n  <td class=xl6531425 style='border-top:none;border-left:none'>&nbsp;<\/td>\r\n  <td class=xl6531425 style='border-top:none;border-left:none'>&nbsp;<\/td>\r\n  <td class=xl6531425 style='border-top:none;border-left:none'>&nbsp;<\/td>\r\n  <td class=xl6531425 style='border-top:none;border-left:none'>&nbsp;<\/td>\r\n  <td class=xl6531425 style='border-top:none;border-left:none'>&nbsp;<\/td>\r\n  <td class=xl6731425 style='border-top:none;border-left:none'><u\r\n  style='visibility:hidden;mso-ignore:visibility'>&nbsp;<\/u><\/td>\r\n  <td class=xl6531425 style='border-top:none;border-left:none'>unidad de\r\n  transparencia<\/td>\r\n  <td class=xl6631425 align=right style='border-top:none;border-left:none'>01\/10\/2021<\/td>\r\n  <td class=xl6631425 align=right style='border-top:none;border-left:none'>01\/10\/2021<\/td>\r\n  <td class=xl6531425 style='border-top:none;border-left:none'>Para el\r\n  trimestre que se informa no se tubieron actas de comit\u00e9 de transparencia, por\r\n  lo que tampoco hubo integrantes del comit\u00e9 de transparencia y los campos\r\n  relacionados no mostrar\u00e1n informaci\u00f3n<\/td>\r\n <\/tr>\r\n <![if supportMisalignedColumns]>\r\n <tr height=0 style='display:none'>\r\n  <td width=56 style='width:42pt'><\/td>\r\n  <td width=255 style='width:191pt'><\/td>\r\n  <td width=270 style='width:203pt'><\/td>\r\n  <td width=309 style='width:232pt'><\/td>\r\n  <td width=193 style='width:145pt'><\/td>\r\n  <td width=176 style='width:132pt'><\/td>\r\n  <td width=286 style='width:215pt'><\/td>\r\n  <td width=390 style='width:293pt'><\/td>\r\n  <td width=201 style='width:151pt'><\/td>\r\n  <td width=512 style='width:384pt'><\/td>\r\n  <td width=123 style='width:92pt'><\/td>\r\n  <td width=140 style='width:105pt'><\/td>\r\n  <td width=1274 style='width:956pt'><\/td>\r\n <\/tr>\r\n <![endif]>\r\n<\/table>\r\n\r\n<\/div>\r\n\r\n\r\n<!----------------------------->\r\n<!--FINAL DE LOS RESULTADOS DEL ASISTENTE PARA PUBLICAR COMO P\u00c1GINA WEB DE\r\nEXCEL-->\r\n<!----------------------------->\r\n<\/body>\r\n\r\n<\/html>\r\n\t\t<\/div>\n\t\t\t\t<\/div>\n\t\t\t\t\t\t<\/div>\n\t\t\t\t\t<\/div>\n\t\t<\/div>\n\t\t\t\t\t\t\t\t<\/div>\n\t\t\t\t\t<\/div>\n\t\t<\/section>\n\t\t\t\t\t\t\t\t\t<\/div>\n\t\t\t<\/div>\n\t\t\t\t\t<\/div>\n\t\t","protected":false},"excerpt":{"rendered":"<p>Descargar archivo Fracci\u00f3n XXXIX c 46778 T\u00cdTULO NOMBRE CORTO DESCRIPCI\u00d3N Actas y resoluciones Comit\u00e9 de Transparencia_Integrantes del Comit\u00e9 de Transparencia a69_f39c Se detallar\u00e1n los datos del presidente y los dem\u00e1s integrantes del Comit\u00e9 de Transparencia, del sujeto obligado para cumplir con las funciones establecidas en el Cap\u00edtulo III, T\u00edtulo Segundo de la Ley General, independientemente [&hellip;]<\/p>\n","protected":false},"author":1,"featured_media":0,"parent":11130,"menu_order":0,"comment_status":"closed","ping_status":"closed","template":"page-template-full.php","meta":[],"jetpack_sharing_enabled":true,"_links":{"self":[{"href":"https:\/\/apan.gob.mx\/portal\/wp-json\/wp\/v2\/pages\/11551"}],"collection":[{"href":"https:\/\/apan.gob.mx\/portal\/wp-json\/wp\/v2\/pages"}],"about":[{"href":"https:\/\/apan.gob.mx\/portal\/wp-json\/wp\/v2\/types\/page"}],"author":[{"embeddable":true,"href":"https:\/\/apan.gob.mx\/portal\/wp-json\/wp\/v2\/users\/1"}],"replies":[{"embeddable":true,"href":"https:\/\/apan.gob.mx\/portal\/wp-json\/wp\/v2\/comments?post=11551"}],"version-history":[{"count":2,"href":"https:\/\/apan.gob.mx\/portal\/wp-json\/wp\/v2\/pages\/11551\/revisions"}],"predecessor-version":[{"id":11553,"href":"https:\/\/apan.gob.mx\/portal\/wp-json\/wp\/v2\/pages\/11551\/revisions\/11553"}],"up":[{"embeddable":true,"href":"https:\/\/apan.gob.mx\/portal\/wp-json\/wp\/v2\/pages\/11130"}],"wp:attachment":[{"href":"https:\/\/apan.gob.mx\/portal\/wp-json\/wp\/v2\/media?parent=11551"}],"curies":[{"name":"wp","href":"https:\/\/api.w.org\/{rel}","templated":true}]}}