{"id":1183,"date":"2017-11-30T00:42:29","date_gmt":"2017-11-30T00:42:29","guid":{"rendered":"https:\/\/apan.gob.mx\/portal\/?page_id=1183"},"modified":"2017-11-30T01:27:25","modified_gmt":"2017-11-30T01:27:25","slug":"fraccionlxb","status":"publish","type":"page","link":"https:\/\/apan.gob.mx\/portal\/fraccionlxb\/","title":{"rendered":"<!--fraccion lX b-->"},"content":{"rendered":"\t\t<div data-elementor-type=\"wp-page\" data-elementor-id=\"1183\" class=\"elementor elementor-1183 elementor-bc-flex-widget\">\n\t\t\t\t\t\t<section class=\"has_ae_slider elementor-section elementor-top-section elementor-element elementor-element-brb7lif elementor-section-boxed elementor-section-height-default elementor-section-height-default ae-bg-gallery-type-default\" data-id=\"brb7lif\" data-element_type=\"section\" data-e-type=\"section\">\n\t\t\t\t\t\t<div class=\"elementor-container elementor-column-gap-default\">\n\t\t\t\t\t<div class=\"has_ae_slider elementor-column elementor-col-100 elementor-top-column elementor-element elementor-element-dd9wh5t ae-bg-gallery-type-default\" data-id=\"dd9wh5t\" data-element_type=\"column\" data-e-type=\"column\">\n\t\t\t<div class=\"elementor-widget-wrap elementor-element-populated\">\n\t\t\t\t\t\t<div class=\"elementor-element elementor-element-szx4wq6 elementor-widget elementor-widget-html\" data-id=\"szx4wq6\" data-element_type=\"widget\" data-e-type=\"widget\" data-widget_type=\"html.default\">\n\t\t\t\t<div class=\"elementor-widget-container\">\n\t\t\t\t\t<style id=\"Formato FRACCI\u00d3N IX.- Gastos de representaci\u00f3n._21925_Styles\">\r\n<!--table\r\n\t{mso-displayed-decimal-separator:\"\\.\";\r\n\tmso-displayed-thousand-separator:\"\\,\";}\r\n.xl1521925\r\n\t{padding-top:1px;\r\n\tpadding-right:1px;\r\n\tpadding-left:1px;\r\n\tmso-ignore:padding;\r\n\tcolor:windowtext;\r\n\tfont-size:10.0pt;\r\n\tfont-weight:400;\r\n\tfont-style:normal;\r\n\ttext-decoration:none;\r\n\tfont-family:Arial;\r\n\tmso-generic-font-family:auto;\r\n\tmso-font-charset:0;\r\n\tmso-number-format:General;\r\n\ttext-align:general;\r\n\tvertical-align:bottom;\r\n\tmso-background-source:auto;\r\n\tmso-pattern:auto;\r\n\twhite-space:nowrap;}\r\n.xl6521925\r\n\t{padding-top:1px;\r\n\tpadding-right:1px;\r\n\tpadding-left:1px;\r\n\tmso-ignore:padding;\r\n\tcolor:white;\r\n\tfont-size:11.0pt;\r\n\tfont-weight:700;\r\n\tfont-style:normal;\r\n\ttext-decoration:none;\r\n\tfont-family:Arial, sans-serif;\r\n\tmso-font-charset:0;\r\n\tmso-number-format:General;\r\n\ttext-align:center;\r\n\tvertical-align:bottom;\r\n\tborder:.5pt solid black;\r\n\tbackground:#333333;\r\n\tmso-pattern:black none;\r\n\twhite-space:nowrap;}\r\n.xl6621925\r\n\t{padding-top:1px;\r\n\tpadding-right:1px;\r\n\tpadding-left:1px;\r\n\tmso-ignore:padding;\r\n\tcolor:black;\r\n\tfont-size:10.0pt;\r\n\tfont-weight:400;\r\n\tfont-style:normal;\r\n\ttext-decoration:none;\r\n\tfont-family:Arial, sans-serif;\r\n\tmso-font-charset:0;\r\n\tmso-number-format:General;\r\n\ttext-align:general;\r\n\tvertical-align:bottom;\r\n\tborder:.5pt solid black;\r\n\tbackground:#E1E1E1;\r\n\tmso-pattern:black none;\r\n\twhite-space:nowrap;}\r\n.xl6721925\r\n\t{padding-top:1px;\r\n\tpadding-right:1px;\r\n\tpadding-left:1px;\r\n\tmso-ignore:padding;\r\n\tcolor:black;\r\n\tfont-size:10.0pt;\r\n\tfont-weight:400;\r\n\tfont-style:normal;\r\n\ttext-decoration:none;\r\n\tfont-family:Arial, sans-serif;\r\n\tmso-font-charset:0;\r\n\tmso-number-format:General;\r\n\ttext-align:general;\r\n\tvertical-align:bottom;\r\n\tborder-top:.5pt solid black;\r\n\tborder-right:.5pt solid black;\r\n\tborder-bottom:none;\r\n\tborder-left:.5pt solid black;\r\n\tbackground:#E1E1E1;\r\n\tmso-pattern:black none;\r\n\twhite-space:nowrap;}\r\n.xl6821925\r\n\t{padding-top:1px;\r\n\tpadding-right:1px;\r\n\tpadding-left:1px;\r\n\tmso-ignore:padding;\r\n\tcolor:windowtext;\r\n\tfont-size:10.0pt;\r\n\tfont-weight:400;\r\n\tfont-style:normal;\r\n\ttext-decoration:none;\r\n\tfont-family:Arial;\r\n\tmso-generic-font-family:auto;\r\n\tmso-font-charset:0;\r\n\tmso-number-format:General;\r\n\ttext-align:general;\r\n\tvertical-align:bottom;\r\n\tborder:.5pt solid windowtext;\r\n\tbackground:white;\r\n\tmso-pattern:black none;\r\n\twhite-space:nowrap;}\r\n.xl6921925\r\n\t{padding-top:1px;\r\n\tpadding-right:1px;\r\n\tpadding-left:1px;\r\n\tmso-ignore:padding;\r\n\tcolor:#0563C1;\r\n\tfont-size:10.0pt;\r\n\tfont-weight:400;\r\n\tfont-style:normal;\r\n\ttext-decoration:underline;\r\n\ttext-underline-style:single;\r\n\tfont-family:Arial, sans-serif;\r\n\tmso-font-charset:0;\r\n\tmso-number-format:General;\r\n\ttext-align:general;\r\n\tvertical-align:bottom;\r\n\tborder:.5pt solid windowtext;\r\n\tbackground:white;\r\n\tmso-pattern:black none;\r\n\twhite-space:nowrap;}\r\n.xl7021925\r\n\t{padding-top:1px;\r\n\tpadding-right:1px;\r\n\tpadding-left:1px;\r\n\tmso-ignore:padding;\r\n\tcolor:windowtext;\r\n\tfont-size:10.0pt;\r\n\tfont-weight:400;\r\n\tfont-style:normal;\r\n\ttext-decoration:none;\r\n\tfont-family:Arial;\r\n\tmso-generic-font-family:auto;\r\n\tmso-font-charset:0;\r\n\tmso-number-format:\"Medium Date\";\r\n\ttext-align:general;\r\n\tvertical-align:bottom;\r\n\tborder:.5pt solid windowtext;\r\n\tbackground:white;\r\n\tmso-pattern:black none;\r\n\twhite-space:nowrap;}\r\n.xl7121925\r\n\t{padding-top:1px;\r\n\tpadding-right:1px;\r\n\tpadding-left:1px;\r\n\tmso-ignore:padding;\r\n\tcolor:windowtext;\r\n\tfont-size:10.0pt;\r\n\tfont-weight:400;\r\n\tfont-style:normal;\r\n\ttext-decoration:none;\r\n\tfont-family:Arial;\r\n\tmso-generic-font-family:auto;\r\n\tmso-font-charset:0;\r\n\tmso-number-format:\"Short Date\";\r\n\ttext-align:general;\r\n\tvertical-align:bottom;\r\n\tborder:.5pt solid windowtext;\r\n\tbackground:white;\r\n\tmso-pattern:black none;\r\n\twhite-space:nowrap;}\r\n.xl7221925\r\n\t{padding-top:1px;\r\n\tpadding-right:1px;\r\n\tpadding-left:1px;\r\n\tmso-ignore:padding;\r\n\tcolor:windowtext;\r\n\tfont-size:10.0pt;\r\n\tfont-weight:400;\r\n\tfont-style:normal;\r\n\ttext-decoration:none;\r\n\tfont-family:Arial;\r\n\tmso-generic-font-family:auto;\r\n\tmso-font-charset:0;\r\n\tmso-number-format:General;\r\n\ttext-align:general;\r\n\tvertical-align:bottom;\r\n\tbackground:white;\r\n\tmso-pattern:black none;\r\n\twhite-space:nowrap;}\r\n-->\r\n<\/style>\r\n<\/head>\r\n\r\n<body>\r\n<!--[if !excel]>&nbsp;&nbsp;<![endif]-->\r\n<!--La siguiente informaci\u00f3n se gener\u00f3 mediante el Asistente para publicar como\r\np\u00e1gina web de Microsoft Excel.-->\r\n<!--Si se vuelve a publicar el mismo elemento desde Excel, se reemplazar\u00e1 toda\r\nla informaci\u00f3n comprendida entre las etiquetas DIV.-->\r\n<!----------------------------->\r\n<!--INICIO DE LOS RESULTADOS DEL ASISTENTE PARA PUBLICAR COMO P\u00c1GINA WEB DE\r\nEXCEL -->\r\n<!----------------------------->\r\n\r\n<div id=\"Formato FRACCI\u00d3N IX.- Gastos de representaci\u00f3n._21925\" align=center\r\nx:publishsource=\"Excel\">\r\n\r\n<table border=0 cellpadding=0 cellspacing=0 width=2600 style='border-collapse:\r\n collapse;table-layout:fixed;width:1952pt'>\r\n <col width=257 style='mso-width-source:userset;mso-width-alt:9398;width:193pt'>\r\n <col width=141 style='mso-width-source:userset;mso-width-alt:5156;width:106pt'>\r\n <col width=595 style='mso-width-source:userset;mso-width-alt:21760;width:446pt'>\r\n <col width=540 span=2 style='mso-width-source:userset;mso-width-alt:19748;\r\n width:405pt'>\r\n <col width=122 style='mso-width-source:userset;mso-width-alt:4461;width:92pt'>\r\n <col width=213 style='mso-width-source:userset;mso-width-alt:7789;width:160pt'>\r\n <col width=50 style='mso-width-source:userset;mso-width-alt:1828;width:38pt'>\r\n <col width=142 style='mso-width-source:userset;mso-width-alt:5193;width:107pt'>\r\n <tr height=20 style='height:15.0pt'>\r\n  <td height=20 class=xl6521925 width=257 style='height:15.0pt;width:193pt'>TITULO<\/td>\r\n  <td class=xl6521925 width=141 style='border-left:none;width:106pt'>NOMBRE\r\n  CORTO<\/td>\r\n  <td class=xl6521925 width=595 style='border-left:none;width:446pt'>DESCRIPCION<\/td>\r\n  <td class=xl7221925 width=540 style='width:405pt'>&nbsp;<\/td>\r\n  <td class=xl7221925 width=540 style='width:405pt'>&nbsp;<\/td>\r\n  <td class=xl7221925 width=122 style='width:92pt'>&nbsp;<\/td>\r\n  <td class=xl7221925 width=213 style='width:160pt'>&nbsp;<\/td>\r\n  <td class=xl7221925 width=50 style='width:38pt'>&nbsp;<\/td>\r\n  <td class=xl7221925 width=142 style='width:107pt'>&nbsp;<\/td>\r\n <\/tr>\r\n <tr height=17 style='height:12.75pt'>\r\n  <td height=17 class=xl6621925 style='height:12.75pt;border-top:none'>FRACCI\u00d3N\r\n  IX.- Gastos de representaci\u00f3n.<\/td>\r\n  <td class=xl6621925 style='border-top:none;border-left:none'>a69_f09_b<\/td>\r\n  <td class=xl6621925 style='border-top:none;border-left:none'>Los gastos de\r\n  representaci\u00f3n y vi\u00e1ticos, as\u00ed como el objeto e informe de comisi\u00f3n\r\n  correspondiente;<\/td>\r\n  <td class=xl7221925>&nbsp;<\/td>\r\n  <td class=xl7221925>&nbsp;<\/td>\r\n  <td class=xl7221925>&nbsp;<\/td>\r\n  <td class=xl7221925>&nbsp;<\/td>\r\n  <td class=xl7221925>&nbsp;<\/td>\r\n  <td class=xl7221925>&nbsp;<\/td>\r\n <\/tr>\r\n <tr height=0 style='display:none'>\r\n  <td class=xl1521925>1<\/td>\r\n  <td class=xl1521925>1<\/td>\r\n  <td class=xl1521925>9<\/td>\r\n  <td class=xl1521925>10<\/td>\r\n  <td class=xl1521925>10<\/td>\r\n  <td class=xl1521925>4<\/td>\r\n  <td class=xl1521925>1<\/td>\r\n  <td class=xl1521925>12<\/td>\r\n  <td class=xl1521925>13<\/td>\r\n <\/tr>\r\n <tr height=0 style='display:none'>\r\n  <td class=xl1521925>235187<\/td>\r\n  <td class=xl1521925>235182<\/td>\r\n  <td class=xl1521925>235209<\/td>\r\n  <td class=xl1521925>235211<\/td>\r\n  <td class=xl1521925>235212<\/td>\r\n  <td class=xl1521925>235200<\/td>\r\n  <td class=xl1521925>235181<\/td>\r\n  <td class=xl1521925>235213<\/td>\r\n  <td class=xl1521925>235214<\/td>\r\n <\/tr>\r\n <tr height=20 style='height:15.0pt'>\r\n  <td colspan=9 height=20 class=xl6521925 style='height:15.0pt'>Tabla Campos<\/td>\r\n <\/tr>\r\n <tr height=17 style='height:12.75pt'>\r\n  <td height=17 class=xl6721925 style='height:12.75pt'>Ejercicio<\/td>\r\n  <td class=xl6721925 style='border-left:none'>Periodo que se informa<\/td>\r\n  <td class=xl6721925 style='border-left:none'>Tipo de miembro del sujeto\r\n  obligado<\/td>\r\n  <td class=xl6721925 style='border-left:none'>Hiperv\u00ednculo a las facturas o\r\n  comprobantes.<\/td>\r\n  <td class=xl6721925 style='border-left:none'>Hiperv\u00ednculo a la normativa que\r\n  regula los gastos<\/td>\r\n  <td class=xl6721925 style='border-left:none'>Fecha de validaci\u00f3n<\/td>\r\n  <td class=xl6721925 style='border-left:none'>\u00c1rea responsable de la\r\n  informaci\u00f3n<\/td>\r\n  <td class=xl6721925 style='border-left:none'>A\u00f1o<\/td>\r\n  <td class=xl6721925 style='border-left:none'>Fecha de actualizaci\u00f3n<\/td>\r\n <\/tr>\r\n <tr height=17 style='height:12.75pt'>\r\n  <td height=17 class=xl6821925 align=right style='height:12.75pt'>2017<\/td>\r\n  <td class=xl6821925 style='border-left:none'>Julio- septiembre<\/td>\r\n  <td class=xl6821925 style='border-left:none'>&nbsp;<\/td>\r\n  <td class=xl6921925 style='border-left:none'><a\r\n  href=\"https:\/\/www.apan.gob.mx\/descargables\/transparencia\/articulo69\/fraccion9\/b\/FrIxb1_1.pdf\">https:\/\/www.apan.gob.mx\/descargables\/transparencia\/articulo69\/fraccion9\/b\/FrIxb1_1.pdf<\/a><\/td>\r\n  <td class=xl6921925 style='border-left:none'><a\r\n  href=\"https:\/\/www.apan.gob.mx\/descargables\/transparencia\/articulo69\/fraccion9\/b\/FrIxb1_1.pdf\">https:\/\/www.apan.gob.mx\/descargables\/transparencia\/articulo69\/fraccion9\/b\/FrIxb1_1.pdf<\/a><\/td>\r\n  <td class=xl7021925 align=right style='border-left:none'>02-nov-17<\/td>\r\n  <td class=xl6821925 style='border-left:none'>Tesoreria Municipal<\/td>\r\n  <td class=xl6821925 align=right style='border-left:none'>2017<\/td>\r\n  <td class=xl7121925 align=right style='border-left:none'>02\/11\/2017<\/td>\r\n <\/tr>\r\n <![if supportMisalignedColumns]>\r\n <tr height=0 style='display:none'>\r\n  <td width=257 style='width:193pt'><\/td>\r\n  <td width=141 style='width:106pt'><\/td>\r\n  <td width=595 style='width:446pt'><\/td>\r\n  <td width=540 style='width:405pt'><\/td>\r\n  <td width=540 style='width:405pt'><\/td>\r\n  <td width=122 style='width:92pt'><\/td>\r\n  <td width=213 style='width:160pt'><\/td>\r\n  <td width=50 style='width:38pt'><\/td>\r\n  <td width=142 style='width:107pt'><\/td>\r\n <\/tr>\r\n <![endif]>\r\n<\/table>\r\n\r\n<\/div>\r\n\t\t\t\t<\/div>\n\t\t\t\t<\/div>\n\t\t\t\t\t<\/div>\n\t\t<\/div>\n\t\t\t\t\t<\/div>\n\t\t<\/section>\n\t\t\t\t<\/div>\n\t\t","protected":false},"excerpt":{"rendered":"<p>TITULO NOMBRE CORTO DESCRIPCION &nbsp; &nbsp; &nbsp; &nbsp; &nbsp; &nbsp; FRACCI\u00d3N IX.- Gastos de representaci\u00f3n. a69_f09_b Los gastos de representaci\u00f3n y vi\u00e1ticos, as\u00ed como el objeto e informe de comisi\u00f3n correspondiente; &nbsp; &nbsp; &nbsp; &nbsp; &nbsp; &nbsp; 1 1 9 10 10 4 1 12 13 235187 235182 235209 235211 235212 235200 235181 235213 235214 [&hellip;]<\/p>\n","protected":false},"author":1,"featured_media":0,"parent":0,"menu_order":0,"comment_status":"closed","ping_status":"closed","template":"page-template-full.php","meta":{"footnotes":""},"class_list":["post-1183","page","type-page","status-publish","hentry"],"jetpack_sharing_enabled":true,"_links":{"self":[{"href":"https:\/\/apan.gob.mx\/portal\/wp-json\/wp\/v2\/pages\/1183","targetHints":{"allow":["GET"]}}],"collection":[{"href":"https:\/\/apan.gob.mx\/portal\/wp-json\/wp\/v2\/pages"}],"about":[{"href":"https:\/\/apan.gob.mx\/portal\/wp-json\/wp\/v2\/types\/page"}],"author":[{"embeddable":true,"href":"https:\/\/apan.gob.mx\/portal\/wp-json\/wp\/v2\/users\/1"}],"replies":[{"embeddable":true,"href":"https:\/\/apan.gob.mx\/portal\/wp-json\/wp\/v2\/comments?post=1183"}],"version-history":[{"count":8,"href":"https:\/\/apan.gob.mx\/portal\/wp-json\/wp\/v2\/pages\/1183\/revisions"}],"predecessor-version":[{"id":1196,"href":"https:\/\/apan.gob.mx\/portal\/wp-json\/wp\/v2\/pages\/1183\/revisions\/1196"}],"wp:attachment":[{"href":"https:\/\/apan.gob.mx\/portal\/wp-json\/wp\/v2\/media?parent=1183"}],"curies":[{"name":"wp","href":"https:\/\/api.w.org\/{rel}","templated":true}]}}