{"id":11972,"date":"2022-01-20T13:42:48","date_gmt":"2022-01-20T19:42:48","guid":{"rendered":"https:\/\/apan.gob.mx\/portal\/?page_id=11972"},"modified":"2022-01-20T13:44:41","modified_gmt":"2022-01-20T19:44:41","slug":"11972-2","status":"publish","type":"page","link":"https:\/\/apan.gob.mx\/portal\/4-trimestre-2021\/11972-2\/","title":{"rendered":"<!--secretaria_11_2021_4-->"},"content":{"rendered":"\t\t<div data-elementor-type=\"wp-page\" data-elementor-id=\"11972\" class=\"elementor elementor-11972 elementor-bc-flex-widget\">\n\t\t\t\t\t\t<section class=\"has_ae_slider elementor-section elementor-top-section elementor-element elementor-element-hkpbgcw elementor-section-boxed elementor-section-height-default elementor-section-height-default ae-bg-gallery-type-default\" data-id=\"hkpbgcw\" data-element_type=\"section\" data-e-type=\"section\">\n\t\t\t\t\t\t<div class=\"elementor-container elementor-column-gap-default\">\n\t\t\t\t\t<div class=\"has_ae_slider elementor-column elementor-col-100 elementor-top-column elementor-element elementor-element-pprpwkm ae-bg-gallery-type-default\" data-id=\"pprpwkm\" data-element_type=\"column\" data-e-type=\"column\">\n\t\t\t<div class=\"elementor-widget-wrap elementor-element-populated\">\n\t\t\t\t\t\t<div class=\"elementor-element elementor-element-vevstvl elementor-widget elementor-widget-button\" data-id=\"vevstvl\" data-element_type=\"widget\" data-e-type=\"widget\" data-widget_type=\"button.default\">\n\t\t\t\t<div class=\"elementor-widget-container\">\n\t\t\t\t\t\t\t\t\t<div class=\"elementor-button-wrapper\">\n\t\t\t\t\t<a class=\"elementor-button elementor-button-link elementor-size-sm\" href=\"https:\/\/www.apan.gob.mx\/descargables\/transparencia\/articulo69\/fraccion11\/2021_4\/secgral\/a69_f11.xlsx\" target=\"_blank\">\n\t\t\t\t\t\t<span class=\"elementor-button-content-wrapper\">\n\t\t\t\t\t\t\t\t\t<span class=\"elementor-button-text\">Descargar archivo<\/span>\n\t\t\t\t\t<\/span>\n\t\t\t\t\t<\/a>\n\t\t\t\t<\/div>\n\t\t\t\t\t\t\t\t<\/div>\n\t\t\t\t<\/div>\n\t\t\t\t<div class=\"elementor-element elementor-element-xbthttb elementor-widget elementor-widget-heading\" data-id=\"xbthttb\" data-element_type=\"widget\" data-e-type=\"widget\" data-widget_type=\"heading.default\">\n\t\t\t\t<div class=\"elementor-widget-container\">\n\t\t\t\t\t<h2 class=\"elementor-heading-title elementor-size-medium\">Fracci\u00f3n XI<\/h2>\t\t\t\t<\/div>\n\t\t\t\t<\/div>\n\t\t\t\t<div class=\"elementor-element elementor-element-hqdtebe elementor-widget elementor-widget-html\" data-id=\"hqdtebe\" data-element_type=\"widget\" data-e-type=\"widget\" data-widget_type=\"html.default\">\n\t\t\t\t<div class=\"elementor-widget-container\">\n\t\t\t\t\t<html xmlns:v=\"urn:schemas-microsoft-com:vml\"\r\nxmlns:o=\"urn:schemas-microsoft-com:office:office\"\r\nxmlns:x=\"urn:schemas-microsoft-com:office:excel\"\r\nxmlns=\"http:\/\/www.w3.org\/TR\/REC-html40\">\r\n\r\n<head>\r\n<meta http-equiv=Content-Type content=\"text\/html; charset=windows-1252\">\r\n<meta name=ProgId content=Excel.Sheet>\r\n<meta name=Generator content=\"Microsoft Excel 15\">\r\n<link rel=File-List href=\"a69_f11_archivos\/filelist.xml\">\r\n<!--[if !mso]>\r\n<style>\r\nv\\:* {behavior:url(#default#VML);}\r\no\\:* {behavior:url(#default#VML);}\r\nx\\:* {behavior:url(#default#VML);}\r\n.shape {behavior:url(#default#VML);}\r\n<\/style>\r\n<![endif]-->\r\n<style id=\"a69_f11_28835_Styles\">\r\n<!--table\r\n\t{mso-displayed-decimal-separator:\"\\.\";\r\n\tmso-displayed-thousand-separator:\"\\,\";}\r\n.xl1528835\r\n\t{padding:0px;\r\n\tmso-ignore:padding;\r\n\tcolor:black;\r\n\tfont-size:11.0pt;\r\n\tfont-weight:400;\r\n\tfont-style:normal;\r\n\ttext-decoration:none;\r\n\tfont-family:Calibri, sans-serif;\r\n\tmso-font-charset:0;\r\n\tmso-number-format:General;\r\n\ttext-align:general;\r\n\tvertical-align:bottom;\r\n\tmso-background-source:auto;\r\n\tmso-pattern:auto;\r\n\twhite-space:nowrap;}\r\n.xl6328835\r\n\t{padding:0px;\r\n\tmso-ignore:padding;\r\n\tcolor:black;\r\n\tfont-size:10.0pt;\r\n\tfont-weight:400;\r\n\tfont-style:normal;\r\n\ttext-decoration:none;\r\n\tfont-family:Arial;\r\n\tmso-generic-font-family:auto;\r\n\tmso-font-charset:0;\r\n\tmso-number-format:General;\r\n\ttext-align:center;\r\n\tvertical-align:bottom;\r\n\tborder:.5pt solid windowtext;\r\n\tbackground:#E1E1E1;\r\n\tmso-pattern:black none;\r\n\twhite-space:normal;}\r\n.xl6428835\r\n\t{padding:0px;\r\n\tmso-ignore:padding;\r\n\tcolor:white;\r\n\tfont-size:11.0pt;\r\n\tfont-weight:700;\r\n\tfont-style:normal;\r\n\ttext-decoration:none;\r\n\tfont-family:Arial;\r\n\tmso-generic-font-family:auto;\r\n\tmso-font-charset:0;\r\n\tmso-number-format:General;\r\n\ttext-align:center;\r\n\tvertical-align:bottom;\r\n\tborder:.5pt solid windowtext;\r\n\tbackground:#333333;\r\n\tmso-pattern:black none;\r\n\twhite-space:nowrap;}\r\n.xl6528835\r\n\t{padding:0px;\r\n\tmso-ignore:padding;\r\n\tcolor:black;\r\n\tfont-size:10.0pt;\r\n\tfont-weight:400;\r\n\tfont-style:normal;\r\n\ttext-decoration:none;\r\n\tfont-family:Arial;\r\n\tmso-generic-font-family:auto;\r\n\tmso-font-charset:0;\r\n\tmso-number-format:General;\r\n\ttext-align:general;\r\n\tvertical-align:bottom;\r\n\tborder:.5pt solid windowtext;\r\n\tbackground:#E1E1E1;\r\n\tmso-pattern:black none;\r\n\twhite-space:nowrap;}\r\n.xl6628835\r\n\t{padding:0px;\r\n\tmso-ignore:padding;\r\n\tcolor:black;\r\n\tfont-size:11.0pt;\r\n\tfont-weight:400;\r\n\tfont-style:normal;\r\n\ttext-decoration:none;\r\n\tfont-family:Calibri, sans-serif;\r\n\tmso-font-charset:0;\r\n\tmso-number-format:General;\r\n\ttext-align:general;\r\n\tvertical-align:bottom;\r\n\tborder:.5pt solid windowtext;\r\n\tmso-background-source:auto;\r\n\tmso-pattern:auto;\r\n\twhite-space:nowrap;}\r\n.xl6728835\r\n\t{padding:0px;\r\n\tmso-ignore:padding;\r\n\tcolor:black;\r\n\tfont-size:11.0pt;\r\n\tfont-weight:400;\r\n\tfont-style:normal;\r\n\ttext-decoration:none;\r\n\tfont-family:Calibri, sans-serif;\r\n\tmso-font-charset:0;\r\n\tmso-number-format:\"Short Date\";\r\n\ttext-align:general;\r\n\tvertical-align:bottom;\r\n\tborder:.5pt solid windowtext;\r\n\tmso-background-source:auto;\r\n\tmso-pattern:auto;\r\n\twhite-space:nowrap;}\r\n-->\r\n<\/style>\r\n<\/head>\r\n\r\n<body>\r\n<!--[if !excel]>&nbsp;&nbsp;<![endif]-->\r\n<!--La siguiente informaci\u00f3n se gener\u00f3 mediante el Asistente para publicar como\r\np\u00e1gina web de Microsoft Excel.-->\r\n<!--Si se vuelve a publicar el mismo elemento desde Excel, se reemplazar\u00e1 toda\r\nla informaci\u00f3n comprendida entre las etiquetas DIV.-->\r\n<!----------------------------->\r\n<!--INICIO DE LOS RESULTADOS DEL ASISTENTE PARA PUBLICAR COMO P\u00c1GINA WEB DE\r\nEXCEL -->\r\n<!----------------------------->\r\n\r\n<div id=\"a69_f11_28835\" align=center x:publishsource=\"Excel\">\r\n\r\n<table border=0 cellpadding=0 cellspacing=0 width=5449 style='border-collapse:\r\n collapse;table-layout:fixed;width:4089pt'>\r\n <col width=56 style='mso-width-source:userset;mso-width-alt:2048;width:42pt'>\r\n <col width=255 style='mso-width-source:userset;mso-width-alt:9325;width:191pt'>\r\n <col width=270 style='mso-width-source:userset;mso-width-alt:9874;width:203pt'>\r\n <col width=190 style='mso-width-source:userset;mso-width-alt:6948;width:143pt'>\r\n <col width=219 style='mso-width-source:userset;mso-width-alt:8009;width:164pt'>\r\n <col width=222 style='mso-width-source:userset;mso-width-alt:8118;width:167pt'>\r\n <col width=249 style='mso-width-source:userset;mso-width-alt:9106;width:187pt'>\r\n <col width=262 style='mso-width-source:userset;mso-width-alt:9581;width:197pt'>\r\n <col width=124 style='mso-width-source:userset;mso-width-alt:4534;width:93pt'>\r\n <col width=147 style='mso-width-source:userset;mso-width-alt:5376;width:110pt'>\r\n <col width=169 style='mso-width-source:userset;mso-width-alt:6180;width:127pt'>\r\n <col width=184 style='mso-width-source:userset;mso-width-alt:6729;width:138pt'>\r\n <col width=132 style='mso-width-source:userset;mso-width-alt:4827;width:99pt'>\r\n <col width=293 style='mso-width-source:userset;mso-width-alt:10715;width:220pt'>\r\n <col width=122 style='mso-width-source:userset;mso-width-alt:4461;width:92pt'>\r\n <col width=151 style='mso-width-source:userset;mso-width-alt:5522;width:113pt'>\r\n <col width=499 style='mso-width-source:userset;mso-width-alt:18249;width:374pt'>\r\n <col width=513 style='mso-width-source:userset;mso-width-alt:18761;width:385pt'>\r\n <col width=123 style='mso-width-source:userset;mso-width-alt:4498;width:92pt'>\r\n <col width=140 style='mso-width-source:userset;mso-width-alt:5120;width:105pt'>\r\n <col width=1129 style='mso-width-source:userset;mso-width-alt:41289;\r\n width:847pt'>\r\n <tr height=0 style='display:none'>\r\n  <td class=xl1528835 width=56 style='width:42pt'>44234<\/td>\r\n  <td class=xl1528835 width=255 style='width:191pt'><\/td>\r\n  <td class=xl1528835 width=270 style='width:203pt'><\/td>\r\n  <td class=xl1528835 width=190 style='width:143pt'><\/td>\r\n  <td class=xl1528835 width=219 style='width:164pt'><\/td>\r\n  <td class=xl1528835 width=222 style='width:167pt'><\/td>\r\n  <td class=xl1528835 width=249 style='width:187pt'><\/td>\r\n  <td class=xl1528835 width=262 style='width:197pt'><\/td>\r\n  <td class=xl1528835 width=124 style='width:93pt'><\/td>\r\n  <td class=xl1528835 width=147 style='width:110pt'><\/td>\r\n  <td class=xl1528835 width=169 style='width:127pt'><\/td>\r\n  <td class=xl1528835 width=184 style='width:138pt'><\/td>\r\n  <td class=xl1528835 width=132 style='width:99pt'><\/td>\r\n  <td class=xl1528835 width=293 style='width:220pt'><\/td>\r\n  <td class=xl1528835 width=122 style='width:92pt'><\/td>\r\n  <td class=xl1528835 width=151 style='width:113pt'><\/td>\r\n  <td class=xl1528835 width=499 style='width:374pt'><\/td>\r\n  <td class=xl1528835 width=513 style='width:385pt'><\/td>\r\n  <td class=xl1528835 width=123 style='width:92pt'><\/td>\r\n  <td class=xl1528835 width=140 style='width:105pt'><\/td>\r\n  <td class=xl1528835 width=1129 style='width:847pt'><\/td>\r\n <\/tr>\r\n <tr height=20 style='height:15.0pt'>\r\n  <td colspan=3 height=20 class=xl6428835 style='height:15.0pt'>T\u00cdTULO<\/td>\r\n  <td colspan=3 class=xl6428835>NOMBRE CORTO<\/td>\r\n  <td colspan=3 class=xl6428835>DESCRIPCI\u00d3N<\/td>\r\n  <td class=xl1528835><\/td>\r\n  <td class=xl1528835><\/td>\r\n  <td class=xl1528835><\/td>\r\n  <td class=xl1528835><\/td>\r\n  <td class=xl1528835><\/td>\r\n  <td class=xl1528835><\/td>\r\n  <td class=xl1528835><\/td>\r\n  <td class=xl1528835><\/td>\r\n  <td class=xl1528835><\/td>\r\n  <td class=xl1528835><\/td>\r\n  <td class=xl1528835><\/td>\r\n  <td class=xl1528835><\/td>\r\n <\/tr>\r\n <tr height=20 style='height:15.0pt'>\r\n  <td colspan=3 height=20 class=xl6528835 style='height:15.0pt'>Personal\r\n  contratado por honorarios<\/td>\r\n  <td colspan=3 class=xl6528835>a69_f11<\/td>\r\n  <td colspan=3 class=xl6528835>Los sujetos obligados publicar\u00e1n informaci\u00f3n de\r\n  las personas contratadas bajo el r\u00e9gimen de servicios profesionales por\r\n  honorarios y servicios profesionales por honorarios asimilados a salarios;\r\n  entendi\u00e9ndose \u00e9stos como los servicios que se contratan y\/o prestan a cambio\r\n  de una retribuci\u00f3n por ellos.<\/td>\r\n  <td class=xl1528835><\/td>\r\n  <td class=xl1528835><\/td>\r\n  <td class=xl1528835><\/td>\r\n  <td class=xl1528835><\/td>\r\n  <td class=xl1528835><\/td>\r\n  <td class=xl1528835><\/td>\r\n  <td class=xl1528835><\/td>\r\n  <td class=xl1528835><\/td>\r\n  <td class=xl1528835><\/td>\r\n  <td class=xl1528835><\/td>\r\n  <td class=xl1528835><\/td>\r\n  <td class=xl1528835><\/td>\r\n <\/tr>\r\n <tr height=0 style='display:none'>\r\n  <td class=xl1528835>1<\/td>\r\n  <td class=xl1528835>4<\/td>\r\n  <td class=xl1528835>4<\/td>\r\n  <td class=xl1528835>9<\/td>\r\n  <td class=xl1528835>1<\/td>\r\n  <td class=xl1528835>1<\/td>\r\n  <td class=xl1528835>1<\/td>\r\n  <td class=xl1528835>1<\/td>\r\n  <td class=xl1528835>1<\/td>\r\n  <td class=xl1528835>7<\/td>\r\n  <td class=xl1528835>4<\/td>\r\n  <td class=xl1528835>4<\/td>\r\n  <td class=xl1528835>2<\/td>\r\n  <td class=xl1528835>6<\/td>\r\n  <td class=xl1528835>6<\/td>\r\n  <td class=xl1528835>2<\/td>\r\n  <td class=xl1528835>7<\/td>\r\n  <td class=xl1528835>2<\/td>\r\n  <td class=xl1528835>4<\/td>\r\n  <td class=xl1528835>13<\/td>\r\n  <td class=xl1528835>14<\/td>\r\n <\/tr>\r\n <tr height=0 style='display:none'>\r\n  <td class=xl1528835>350329<\/td>\r\n  <td class=xl1528835>350331<\/td>\r\n  <td class=xl1528835>350332<\/td>\r\n  <td class=xl1528835>350342<\/td>\r\n  <td class=xl1528835>350324<\/td>\r\n  <td class=xl1528835>350325<\/td>\r\n  <td class=xl1528835>350326<\/td>\r\n  <td class=xl1528835>350327<\/td>\r\n  <td class=xl1528835>350328<\/td>\r\n  <td class=xl1528835>350336<\/td>\r\n  <td class=xl1528835>350344<\/td>\r\n  <td class=xl1528835>350345<\/td>\r\n  <td class=xl1528835>350330<\/td>\r\n  <td class=xl1528835>350334<\/td>\r\n  <td class=xl1528835>350335<\/td>\r\n  <td class=xl1528835>350343<\/td>\r\n  <td class=xl1528835>350337<\/td>\r\n  <td class=xl1528835>350341<\/td>\r\n  <td class=xl1528835>350333<\/td>\r\n  <td class=xl1528835>350340<\/td>\r\n  <td class=xl1528835>350339<\/td>\r\n <\/tr>\r\n <tr height=20 style='height:15.0pt'>\r\n  <td colspan=21 height=20 class=xl6428835 style='height:15.0pt'>Tabla Campos<\/td>\r\n <\/tr>\r\n <tr height=35 style='height:26.25pt'>\r\n  <td height=35 class=xl6328835 width=56 style='height:26.25pt;width:42pt'>Ejercicio<\/td>\r\n  <td class=xl6328835 width=255 style='border-left:none;width:191pt'>Fecha de\r\n  inicio del periodo que se informa<\/td>\r\n  <td class=xl6328835 width=270 style='border-left:none;width:203pt'>Fecha de\r\n  t\u00e9rmino del periodo que se informa<\/td>\r\n  <td class=xl6328835 width=190 style='border-left:none;width:143pt'>Tipo de\r\n  contrataci\u00f3n (cat\u00e1logo)<\/td>\r\n  <td class=xl6328835 width=219 style='border-left:none;width:164pt'>Partida\r\n  presupuestal de los recursos<\/td>\r\n  <td class=xl6328835 width=222 style='border-left:none;width:167pt'>Nombre(s)\r\n  de la persona contratada<span style='mso-spacerun:yes'>\u00a0<\/span><\/td>\r\n  <td class=xl6328835 width=249 style='border-left:none;width:187pt'>Primer\r\n  apellido de la persona contratada<span style='mso-spacerun:yes'>\u00a0<\/span><\/td>\r\n  <td class=xl6328835 width=262 style='border-left:none;width:197pt'>Segundo\r\n  apellido de la persona contratada<span style='mso-spacerun:yes'>\u00a0<\/span><\/td>\r\n  <td class=xl6328835 width=124 style='border-left:none;width:93pt'>N\u00famero de\r\n  contrato<\/td>\r\n  <td class=xl6328835 width=147 style='border-left:none;width:110pt'>Hiperv\u00ednculo\r\n  al contrato<\/td>\r\n  <td class=xl6328835 width=169 style='border-left:none;width:127pt'>Fecha de\r\n  inicio del contrato<\/td>\r\n  <td class=xl6328835 width=184 style='border-left:none;width:138pt'>Fecha de\r\n  t\u00e9rmino del contrato<\/td>\r\n  <td class=xl6328835 width=132 style='border-left:none;width:99pt'>Servicios\r\n  contratados<\/td>\r\n  <td class=xl6328835 width=293 style='border-left:none;width:220pt'>Remuneraci\u00f3n\r\n  mensual bruta o contraprestaci\u00f3n<\/td>\r\n  <td class=xl6328835 width=122 style='border-left:none;width:92pt'>Monto total\r\n  a pagar<\/td>\r\n  <td class=xl6328835 width=151 style='border-left:none;width:113pt'>Prestaciones,\r\n  en su caso<\/td>\r\n  <td class=xl6328835 width=499 style='border-left:none;width:374pt'>Hiperv\u00ednculo\r\n  a la normatividad que regula la celebraci\u00f3n de contratos de honorarios<\/td>\r\n  <td class=xl6328835 width=513 style='border-left:none;width:385pt'>\u00c1rea(s)\r\n  responsable(s) que genera(n), posee(n), publica(n) y actualizan la\r\n  informaci\u00f3n<\/td>\r\n  <td class=xl6328835 width=123 style='border-left:none;width:92pt'>Fecha de\r\n  validaci\u00f3n<\/td>\r\n  <td class=xl6328835 width=140 style='border-left:none;width:105pt'>Fecha de\r\n  actualizaci\u00f3n<\/td>\r\n  <td class=xl6328835 width=1129 style='border-left:none;width:847pt'>Nota<\/td>\r\n <\/tr>\r\n <tr height=20 style='height:15.0pt'>\r\n  <td height=20 class=xl6628835 align=right style='height:15.0pt;border-top:\r\n  none'>2021<\/td>\r\n  <td class=xl6728835 align=right style='border-top:none;border-left:none'>01\/10\/2021<\/td>\r\n  <td class=xl6728835 align=right style='border-top:none;border-left:none'>31\/12\/2021<\/td>\r\n  <td class=xl6628835 style='border-top:none;border-left:none'>&nbsp;<\/td>\r\n  <td class=xl6628835 style='border-top:none;border-left:none'>&nbsp;<\/td>\r\n  <td class=xl6628835 style='border-top:none;border-left:none'>&nbsp;<\/td>\r\n  <td class=xl6628835 style='border-top:none;border-left:none'>&nbsp;<\/td>\r\n  <td class=xl6628835 style='border-top:none;border-left:none'>&nbsp;<\/td>\r\n  <td class=xl6628835 style='border-top:none;border-left:none'>&nbsp;<\/td>\r\n  <td class=xl6628835 style='border-top:none;border-left:none'>&nbsp;<\/td>\r\n  <td class=xl6628835 style='border-top:none;border-left:none'>&nbsp;<\/td>\r\n  <td class=xl6628835 style='border-top:none;border-left:none'>&nbsp;<\/td>\r\n  <td class=xl6628835 style='border-top:none;border-left:none'>&nbsp;<\/td>\r\n  <td class=xl6628835 style='border-top:none;border-left:none'>&nbsp;<\/td>\r\n  <td class=xl6628835 style='border-top:none;border-left:none'>&nbsp;<\/td>\r\n  <td class=xl6628835 style='border-top:none;border-left:none'>&nbsp;<\/td>\r\n  <td class=xl6628835 style='border-top:none;border-left:none'>&nbsp;<\/td>\r\n  <td class=xl6628835 style='border-top:none;border-left:none'>Secretaria\r\n  General Municipal<\/td>\r\n  <td class=xl6728835 align=right style='border-top:none;border-left:none'>07\/01\/2022<\/td>\r\n  <td class=xl6728835 align=right style='border-top:none;border-left:none'>07\/01\/2022<\/td>\r\n  <td class=xl6628835 style='border-top:none;border-left:none'>Para el periodo\r\n  que se informa esta presidencia municipal no tiene contratada a ningun\r\n  personal por honorarios por lo que la mayoria de los campos npo visualizaran\r\n  informaci\u00f3n<\/td>\r\n <\/tr>\r\n <![if supportMisalignedColumns]>\r\n <tr height=0 style='display:none'>\r\n  <td width=56 style='width:42pt'><\/td>\r\n  <td width=255 style='width:191pt'><\/td>\r\n  <td width=270 style='width:203pt'><\/td>\r\n  <td width=190 style='width:143pt'><\/td>\r\n  <td width=219 style='width:164pt'><\/td>\r\n  <td width=222 style='width:167pt'><\/td>\r\n  <td width=249 style='width:187pt'><\/td>\r\n  <td width=262 style='width:197pt'><\/td>\r\n  <td width=124 style='width:93pt'><\/td>\r\n  <td width=147 style='width:110pt'><\/td>\r\n  <td width=169 style='width:127pt'><\/td>\r\n  <td width=184 style='width:138pt'><\/td>\r\n  <td width=132 style='width:99pt'><\/td>\r\n  <td width=293 style='width:220pt'><\/td>\r\n  <td width=122 style='width:92pt'><\/td>\r\n  <td width=151 style='width:113pt'><\/td>\r\n  <td width=499 style='width:374pt'><\/td>\r\n  <td width=513 style='width:385pt'><\/td>\r\n  <td width=123 style='width:92pt'><\/td>\r\n  <td width=140 style='width:105pt'><\/td>\r\n  <td width=1129 style='width:847pt'><\/td>\r\n <\/tr>\r\n <![endif]>\r\n<\/table>\r\n\r\n<\/div>\r\n\r\n\r\n<!----------------------------->\r\n<!--FINAL DE LOS RESULTADOS DEL ASISTENTE PARA PUBLICAR COMO P\u00c1GINA WEB DE\r\nEXCEL-->\r\n<!----------------------------->\r\n<\/body>\r\n\r\n<\/html>\r\n\t\t\t\t<\/div>\n\t\t\t\t<\/div>\n\t\t\t\t\t<\/div>\n\t\t<\/div>\n\t\t\t\t\t<\/div>\n\t\t<\/section>\n\t\t\t\t<\/div>\n\t\t","protected":false},"excerpt":{"rendered":"<p>Descargar archivo Fracci\u00f3n XI 44234 T\u00cdTULO NOMBRE CORTO DESCRIPCI\u00d3N Personal contratado por honorarios a69_f11 Los sujetos obligados publicar\u00e1n informaci\u00f3n de las personas contratadas bajo el r\u00e9gimen de servicios profesionales por honorarios y servicios profesionales por honorarios asimilados a salarios; entendi\u00e9ndose \u00e9stos como los servicios que se contratan y\/o prestan a cambio de una retribuci\u00f3n por [&hellip;]<\/p>\n","protected":false},"author":1,"featured_media":0,"parent":11688,"menu_order":0,"comment_status":"closed","ping_status":"closed","template":"page-template-full.php","meta":{"footnotes":""},"class_list":["post-11972","page","type-page","status-publish","hentry"],"jetpack_sharing_enabled":true,"_links":{"self":[{"href":"https:\/\/apan.gob.mx\/portal\/wp-json\/wp\/v2\/pages\/11972","targetHints":{"allow":["GET"]}}],"collection":[{"href":"https:\/\/apan.gob.mx\/portal\/wp-json\/wp\/v2\/pages"}],"about":[{"href":"https:\/\/apan.gob.mx\/portal\/wp-json\/wp\/v2\/types\/page"}],"author":[{"embeddable":true,"href":"https:\/\/apan.gob.mx\/portal\/wp-json\/wp\/v2\/users\/1"}],"replies":[{"embeddable":true,"href":"https:\/\/apan.gob.mx\/portal\/wp-json\/wp\/v2\/comments?post=11972"}],"version-history":[{"count":3,"href":"https:\/\/apan.gob.mx\/portal\/wp-json\/wp\/v2\/pages\/11972\/revisions"}],"predecessor-version":[{"id":11975,"href":"https:\/\/apan.gob.mx\/portal\/wp-json\/wp\/v2\/pages\/11972\/revisions\/11975"}],"up":[{"embeddable":true,"href":"https:\/\/apan.gob.mx\/portal\/wp-json\/wp\/v2\/pages\/11688"}],"wp:attachment":[{"href":"https:\/\/apan.gob.mx\/portal\/wp-json\/wp\/v2\/media?parent=11972"}],"curies":[{"name":"wp","href":"https:\/\/api.w.org\/{rel}","templated":true}]}}