{"id":12015,"date":"2022-01-20T15:47:12","date_gmt":"2022-01-20T21:47:12","guid":{"rendered":"https:\/\/apan.gob.mx\/portal\/?page_id=12015"},"modified":"2022-01-20T15:48:47","modified_gmt":"2022-01-20T21:48:47","slug":"12015-2","status":"publish","type":"page","link":"https:\/\/apan.gob.mx\/portal\/4-trimestre-2021\/12015-2\/","title":{"rendered":"<!--seguridad_20_2021_4-->"},"content":{"rendered":"\t\t<div data-elementor-type=\"wp-page\" data-elementor-id=\"12015\" class=\"elementor elementor-12015 elementor-bc-flex-widget\">\n\t\t\t\t\t\t<section class=\"has_ae_slider elementor-section elementor-top-section elementor-element elementor-element-kyxwsyw elementor-section-boxed elementor-section-height-default elementor-section-height-default ae-bg-gallery-type-default\" data-id=\"kyxwsyw\" data-element_type=\"section\" data-e-type=\"section\">\n\t\t\t\t\t\t<div class=\"elementor-container elementor-column-gap-default\">\n\t\t\t\t\t<div class=\"has_ae_slider elementor-column elementor-col-100 elementor-top-column elementor-element elementor-element-cjjitxt ae-bg-gallery-type-default\" data-id=\"cjjitxt\" data-element_type=\"column\" data-e-type=\"column\">\n\t\t\t<div class=\"elementor-widget-wrap elementor-element-populated\">\n\t\t\t\t\t\t<div class=\"elementor-element elementor-element-peiilqv elementor-widget elementor-widget-button\" data-id=\"peiilqv\" data-element_type=\"widget\" data-e-type=\"widget\" data-widget_type=\"button.default\">\n\t\t\t\t<div class=\"elementor-widget-container\">\n\t\t\t\t\t\t\t\t\t<div class=\"elementor-button-wrapper\">\n\t\t\t\t\t<a class=\"elementor-button elementor-button-link elementor-size-sm\" href=\"https:\/\/www.apan.gob.mx\/descargables\/transparencia\/articulo69\/fraccion20\/2021_4\/seguridad\/a69_f20.xlsx\" target=\"_blank\">\n\t\t\t\t\t\t<span class=\"elementor-button-content-wrapper\">\n\t\t\t\t\t\t\t\t\t<span class=\"elementor-button-text\">Descargar archivo<\/span>\n\t\t\t\t\t<\/span>\n\t\t\t\t\t<\/a>\n\t\t\t\t<\/div>\n\t\t\t\t\t\t\t\t<\/div>\n\t\t\t\t<\/div>\n\t\t\t\t<div class=\"elementor-element elementor-element-eoghieu elementor-widget elementor-widget-heading\" data-id=\"eoghieu\" data-element_type=\"widget\" data-e-type=\"widget\" data-widget_type=\"heading.default\">\n\t\t\t\t<div class=\"elementor-widget-container\">\n\t\t\t\t\t<h2 class=\"elementor-heading-title elementor-size-medium\">Fracci\u00f3n XX<\/h2>\t\t\t\t<\/div>\n\t\t\t\t<\/div>\n\t\t\t\t<div class=\"elementor-element elementor-element-cirixkb elementor-widget elementor-widget-html\" data-id=\"cirixkb\" data-element_type=\"widget\" data-e-type=\"widget\" data-widget_type=\"html.default\">\n\t\t\t\t<div class=\"elementor-widget-container\">\n\t\t\t\t\t<html xmlns:o=\"urn:schemas-microsoft-com:office:office\"\r\nxmlns:x=\"urn:schemas-microsoft-com:office:excel\"\r\nxmlns=\"http:\/\/www.w3.org\/TR\/REC-html40\">\r\n\r\n<head>\r\n<meta http-equiv=Content-Type content=\"text\/html; charset=windows-1252\">\r\n<meta name=ProgId content=Excel.Sheet>\r\n<meta name=Generator content=\"Microsoft Excel 15\">\r\n<link rel=File-List href=\"a69_f20_archivos\/filelist.xml\">\r\n<style id=\"a69_f20_12707_Styles\">\r\n<!--table\r\n\t{mso-displayed-decimal-separator:\"\\.\";\r\n\tmso-displayed-thousand-separator:\"\\,\";}\r\n.xl1512707\r\n\t{padding-top:1px;\r\n\tpadding-right:1px;\r\n\tpadding-left:1px;\r\n\tmso-ignore:padding;\r\n\tcolor:black;\r\n\tfont-size:11.0pt;\r\n\tfont-weight:400;\r\n\tfont-style:normal;\r\n\ttext-decoration:none;\r\n\tfont-family:Calibri, sans-serif;\r\n\tmso-font-charset:0;\r\n\tmso-number-format:General;\r\n\ttext-align:general;\r\n\tvertical-align:bottom;\r\n\tmso-background-source:auto;\r\n\tmso-pattern:auto;\r\n\twhite-space:nowrap;}\r\n.xl6512707\r\n\t{padding-top:1px;\r\n\tpadding-right:1px;\r\n\tpadding-left:1px;\r\n\tmso-ignore:padding;\r\n\tcolor:black;\r\n\tfont-size:10.0pt;\r\n\tfont-weight:400;\r\n\tfont-style:normal;\r\n\ttext-decoration:none;\r\n\tfont-family:Arial, sans-serif;\r\n\tmso-font-charset:0;\r\n\tmso-number-format:General;\r\n\ttext-align:center;\r\n\tvertical-align:bottom;\r\n\tborder:.5pt solid windowtext;\r\n\tbackground:#E1E1E1;\r\n\tmso-pattern:black none;\r\n\twhite-space:normal;}\r\n.xl6612707\r\n\t{padding-top:1px;\r\n\tpadding-right:1px;\r\n\tpadding-left:1px;\r\n\tmso-ignore:padding;\r\n\tcolor:black;\r\n\tfont-size:11.0pt;\r\n\tfont-weight:400;\r\n\tfont-style:normal;\r\n\ttext-decoration:none;\r\n\tfont-family:Calibri, sans-serif;\r\n\tmso-font-charset:0;\r\n\tmso-number-format:General;\r\n\ttext-align:general;\r\n\tvertical-align:bottom;\r\n\tborder:.5pt solid windowtext;\r\n\tmso-background-source:auto;\r\n\tmso-pattern:auto;\r\n\twhite-space:nowrap;}\r\n.xl6712707\r\n\t{padding-top:1px;\r\n\tpadding-right:1px;\r\n\tpadding-left:1px;\r\n\tmso-ignore:padding;\r\n\tcolor:black;\r\n\tfont-size:11.0pt;\r\n\tfont-weight:400;\r\n\tfont-style:normal;\r\n\ttext-decoration:none;\r\n\tfont-family:Calibri, sans-serif;\r\n\tmso-font-charset:0;\r\n\tmso-number-format:\"Short Date\";\r\n\ttext-align:general;\r\n\tvertical-align:bottom;\r\n\tborder:.5pt solid windowtext;\r\n\tmso-background-source:auto;\r\n\tmso-pattern:auto;\r\n\twhite-space:nowrap;}\r\n.xl6812707\r\n\t{padding-top:1px;\r\n\tpadding-right:1px;\r\n\tpadding-left:1px;\r\n\tmso-ignore:padding;\r\n\tcolor:#0563C1;\r\n\tfont-size:11.0pt;\r\n\tfont-weight:400;\r\n\tfont-style:normal;\r\n\ttext-decoration:underline;\r\n\ttext-underline-style:single;\r\n\tfont-family:Calibri, sans-serif;\r\n\tmso-font-charset:0;\r\n\tmso-number-format:General;\r\n\ttext-align:general;\r\n\tvertical-align:bottom;\r\n\tborder:.5pt solid windowtext;\r\n\tmso-background-source:auto;\r\n\tmso-pattern:auto;\r\n\twhite-space:nowrap;}\r\n.xl6912707\r\n\t{padding-top:1px;\r\n\tpadding-right:1px;\r\n\tpadding-left:1px;\r\n\tmso-ignore:padding;\r\n\tcolor:white;\r\n\tfont-size:11.0pt;\r\n\tfont-weight:700;\r\n\tfont-style:normal;\r\n\ttext-decoration:none;\r\n\tfont-family:Arial, sans-serif;\r\n\tmso-font-charset:0;\r\n\tmso-number-format:General;\r\n\ttext-align:center;\r\n\tvertical-align:bottom;\r\n\tborder:.5pt solid windowtext;\r\n\tbackground:#333333;\r\n\tmso-pattern:black none;\r\n\twhite-space:normal;}\r\n.xl7012707\r\n\t{padding-top:1px;\r\n\tpadding-right:1px;\r\n\tpadding-left:1px;\r\n\tmso-ignore:padding;\r\n\tcolor:black;\r\n\tfont-size:10.0pt;\r\n\tfont-weight:400;\r\n\tfont-style:normal;\r\n\ttext-decoration:none;\r\n\tfont-family:Arial, sans-serif;\r\n\tmso-font-charset:0;\r\n\tmso-number-format:General;\r\n\ttext-align:general;\r\n\tvertical-align:bottom;\r\n\tborder:.5pt solid windowtext;\r\n\tbackground:#E1E1E1;\r\n\tmso-pattern:black none;\r\n\twhite-space:nowrap;}\r\n-->\r\n<\/style>\r\n<\/head>\r\n\r\n<body>\r\n<!--[if !excel]>&nbsp;&nbsp;<![endif]-->\r\n<!--La siguiente informaci\u00f3n se gener\u00f3 mediante el Asistente para publicar como\r\np\u00e1gina web de Microsoft Excel.-->\r\n<!--Si se vuelve a publicar el mismo elemento desde Excel, se reemplazar\u00e1 toda\r\nla informaci\u00f3n comprendida entre las etiquetas DIV.-->\r\n<!----------------------------->\r\n<!--INICIO DE LOS RESULTADOS DEL ASISTENTE PARA PUBLICAR COMO P\u00c1GINA WEB DE\r\nEXCEL -->\r\n<!----------------------------->\r\n\r\n<div id=\"a69_f20_12707\" align=center x:publishsource=\"Excel\">\r\n\r\n<table border=0 cellpadding=0 cellspacing=0 width=8626 style='border-collapse:\r\n collapse;table-layout:fixed;width:6472pt'>\r\n <col width=56 style='mso-width-source:userset;mso-width-alt:2048;width:42pt'>\r\n <col width=255 style='mso-width-source:userset;mso-width-alt:9325;width:191pt'>\r\n <col width=270 style='mso-width-source:userset;mso-width-alt:9874;width:203pt'>\r\n <col width=156 style='mso-width-source:userset;mso-width-alt:5705;width:117pt'>\r\n <col width=229 style='mso-width-source:userset;mso-width-alt:8374;width:172pt'>\r\n <col width=215 style='mso-width-source:userset;mso-width-alt:7862;width:161pt'>\r\n <col width=135 style='mso-width-source:userset;mso-width-alt:4937;width:101pt'>\r\n <col width=341 style='mso-width-source:userset;mso-width-alt:12470;width:256pt'>\r\n <col width=275 style='mso-width-source:userset;mso-width-alt:10057;width:206pt'>\r\n <col width=241 style='mso-width-source:userset;mso-width-alt:8813;width:181pt'>\r\n <col width=304 style='mso-width-source:userset;mso-width-alt:11117;width:228pt'>\r\n <col width=228 style='mso-width-source:userset;mso-width-alt:8338;width:171pt'>\r\n <col width=373 style='mso-width-source:userset;mso-width-alt:13641;width:280pt'>\r\n <col width=273 style='mso-width-source:userset;mso-width-alt:9984;width:205pt'>\r\n <col width=332 style='mso-width-source:userset;mso-width-alt:12141;width:249pt'>\r\n <col width=322 style='mso-width-source:userset;mso-width-alt:11776;width:242pt'>\r\n <col width=323 style='mso-width-source:userset;mso-width-alt:11812;width:242pt'>\r\n <col width=329 style='mso-width-source:userset;mso-width-alt:12032;width:247pt'>\r\n <col width=322 style='mso-width-source:userset;mso-width-alt:11776;width:242pt'>\r\n <col width=437 style='mso-width-source:userset;mso-width-alt:15981;width:328pt'>\r\n <col width=710 style='mso-width-source:userset;mso-width-alt:25965;width:533pt'>\r\n <col width=242 style='mso-width-source:userset;mso-width-alt:8850;width:182pt'>\r\n <col width=512 style='mso-width-source:userset;mso-width-alt:18724;width:384pt'>\r\n <col width=123 style='mso-width-source:userset;mso-width-alt:4498;width:92pt'>\r\n <col width=140 style='mso-width-source:userset;mso-width-alt:5120;width:105pt'>\r\n <col width=1483 style='mso-width-source:userset;mso-width-alt:54235;\r\n width:1112pt'>\r\n <tr height=0 style='display:none'>\r\n  <td class=xl1512707 width=56 style='width:42pt'>44251<\/td>\r\n  <td class=xl1512707 width=255 style='width:191pt'><\/td>\r\n  <td class=xl1512707 width=270 style='width:203pt'><\/td>\r\n  <td class=xl1512707 width=156 style='width:117pt'><\/td>\r\n  <td class=xl1512707 width=229 style='width:172pt'><\/td>\r\n  <td class=xl1512707 width=215 style='width:161pt'><\/td>\r\n  <td class=xl1512707 width=135 style='width:101pt'><\/td>\r\n  <td class=xl1512707 width=341 style='width:256pt'><\/td>\r\n  <td class=xl1512707 width=275 style='width:206pt'><\/td>\r\n  <td class=xl1512707 width=241 style='width:181pt'><\/td>\r\n  <td class=xl1512707 width=304 style='width:228pt'><\/td>\r\n  <td class=xl1512707 width=228 style='width:171pt'><\/td>\r\n  <td class=xl1512707 width=373 style='width:280pt'><\/td>\r\n  <td class=xl1512707 width=273 style='width:205pt'><\/td>\r\n  <td class=xl1512707 width=332 style='width:249pt'><\/td>\r\n  <td class=xl1512707 width=322 style='width:242pt'><\/td>\r\n  <td class=xl1512707 width=323 style='width:242pt'><\/td>\r\n  <td class=xl1512707 width=329 style='width:247pt'><\/td>\r\n  <td class=xl1512707 width=322 style='width:242pt'><\/td>\r\n  <td class=xl1512707 width=437 style='width:328pt'><\/td>\r\n  <td class=xl1512707 width=710 style='width:533pt'><\/td>\r\n  <td class=xl1512707 width=242 style='width:182pt'><\/td>\r\n  <td class=xl1512707 width=512 style='width:384pt'><\/td>\r\n  <td class=xl1512707 width=123 style='width:92pt'><\/td>\r\n  <td class=xl1512707 width=140 style='width:105pt'><\/td>\r\n  <td class=xl1512707 width=1483 style='width:1112pt'><\/td>\r\n <\/tr>\r\n <tr height=20 style='height:15.0pt'>\r\n  <td colspan=3 height=20 class=xl6912707 width=581 style='height:15.0pt;\r\n  width:436pt'>T\u00cdTULO<\/td>\r\n  <td colspan=3 class=xl6912707 width=600 style='width:450pt'>NOMBRE CORTO<\/td>\r\n  <td colspan=3 class=xl6912707 width=751 style='width:563pt'>DESCRIPCI\u00d3N<\/td>\r\n  <td class=xl1512707><\/td>\r\n  <td class=xl1512707><\/td>\r\n  <td class=xl1512707><\/td>\r\n  <td class=xl1512707><\/td>\r\n  <td class=xl1512707><\/td>\r\n  <td class=xl1512707><\/td>\r\n  <td class=xl1512707><\/td>\r\n  <td class=xl1512707><\/td>\r\n  <td class=xl1512707><\/td>\r\n  <td class=xl1512707><\/td>\r\n  <td class=xl1512707><\/td>\r\n  <td class=xl1512707><\/td>\r\n  <td class=xl1512707><\/td>\r\n  <td class=xl1512707><\/td>\r\n  <td class=xl1512707><\/td>\r\n  <td class=xl1512707><\/td>\r\n  <td class=xl1512707><\/td>\r\n <\/tr>\r\n <tr height=20 style='height:15.0pt'>\r\n  <td colspan=3 height=20 class=xl7012707 style='height:15.0pt'>Tr\u00e1mites\r\n  ofrecidos<\/td>\r\n  <td colspan=3 class=xl7012707>a69_f20<\/td>\r\n  <td colspan=3 class=xl7012707>La informaci\u00f3n relacionada con las tareas\r\n  administrativas que realizan los sujetos obligados en sus diferentes \u00e1mbitos\r\n  con el objeto de atender las peticiones que realicen los particulares ya sea\r\n  para la obtenci\u00f3n de un beneficio, o cumplir con alguna obligaci\u00f3n ante una\r\n  autoridad, de conformidad con la normatividad respecto de los tr\u00e1mites que\r\n  realizan. Generalmente \u00e9stos implican la entrega de informaci\u00f3n ante una\r\n  autoridad por parte de los particulares.<\/td>\r\n  <td class=xl1512707><\/td>\r\n  <td class=xl1512707><\/td>\r\n  <td class=xl1512707><\/td>\r\n  <td class=xl1512707><\/td>\r\n  <td class=xl1512707><\/td>\r\n  <td class=xl1512707><\/td>\r\n  <td class=xl1512707><\/td>\r\n  <td class=xl1512707><\/td>\r\n  <td class=xl1512707><\/td>\r\n  <td class=xl1512707><\/td>\r\n  <td class=xl1512707><\/td>\r\n  <td class=xl1512707><\/td>\r\n  <td class=xl1512707><\/td>\r\n  <td class=xl1512707><\/td>\r\n  <td class=xl1512707><\/td>\r\n  <td class=xl1512707><\/td>\r\n  <td class=xl1512707><\/td>\r\n <\/tr>\r\n <tr height=0 style='display:none'>\r\n  <td class=xl1512707>1<\/td>\r\n  <td class=xl1512707>4<\/td>\r\n  <td class=xl1512707>4<\/td>\r\n  <td class=xl1512707>2<\/td>\r\n  <td class=xl1512707>2<\/td>\r\n  <td class=xl1512707>2<\/td>\r\n  <td class=xl1512707>1<\/td>\r\n  <td class=xl1512707>7<\/td>\r\n  <td class=xl1512707>2<\/td>\r\n  <td class=xl1512707>7<\/td>\r\n  <td class=xl1512707>1<\/td>\r\n  <td class=xl1512707>1<\/td>\r\n  <td class=xl1512707>10<\/td>\r\n  <td class=xl1512707>6<\/td>\r\n  <td class=xl1512707>2<\/td>\r\n  <td class=xl1512707>10<\/td>\r\n  <td class=xl1512707>2<\/td>\r\n  <td class=xl1512707>2<\/td>\r\n  <td class=xl1512707>10<\/td>\r\n  <td class=xl1512707>2<\/td>\r\n  <td class=xl1512707>7<\/td>\r\n  <td class=xl1512707>7<\/td>\r\n  <td class=xl1512707>2<\/td>\r\n  <td class=xl1512707>4<\/td>\r\n  <td class=xl1512707>13<\/td>\r\n  <td class=xl1512707>14<\/td>\r\n <\/tr>\r\n <tr height=0 style='display:none'>\r\n  <td class=xl1512707>350731<\/td>\r\n  <td class=xl1512707>350733<\/td>\r\n  <td class=xl1512707>350732<\/td>\r\n  <td class=xl1512707>350716<\/td>\r\n  <td class=xl1512707>350744<\/td>\r\n  <td class=xl1512707>350717<\/td>\r\n  <td class=xl1512707>350715<\/td>\r\n  <td class=xl1512707>350734<\/td>\r\n  <td class=xl1512707>350745<\/td>\r\n  <td class=xl1512707>350738<\/td>\r\n  <td class=xl1512707>350735<\/td>\r\n  <td class=xl1512707>350714<\/td>\r\n  <td class=xl1512707>350724<\/td>\r\n  <td class=xl1512707>350721<\/td>\r\n  <td class=xl1512707>350719<\/td>\r\n  <td class=xl1512707>350726<\/td>\r\n  <td class=xl1512707>350718<\/td>\r\n  <td class=xl1512707>350741<\/td>\r\n  <td class=xl1512707>350725<\/td>\r\n  <td class=xl1512707>350743<\/td>\r\n  <td class=xl1512707>350722<\/td>\r\n  <td class=xl1512707>350723<\/td>\r\n  <td class=xl1512707>350737<\/td>\r\n  <td class=xl1512707>350720<\/td>\r\n  <td class=xl1512707>350730<\/td>\r\n  <td class=xl1512707>350736<\/td>\r\n <\/tr>\r\n <tr height=20 style='height:15.0pt'>\r\n  <td colspan=26 height=20 class=xl6912707 width=8626 style='height:15.0pt;\r\n  width:6472pt'>Tabla Campos<\/td>\r\n <\/tr>\r\n <tr height=35 style='height:26.25pt'>\r\n  <td height=35 class=xl6512707 width=56 style='height:26.25pt;width:42pt'>Ejercicio<\/td>\r\n  <td class=xl6512707 width=255 style='border-left:none;width:191pt'>Fecha de\r\n  inicio del periodo que se informa<\/td>\r\n  <td class=xl6512707 width=270 style='border-left:none;width:203pt'>Fecha de\r\n  t\u00e9rmino del periodo que se informa<\/td>\r\n  <td class=xl6512707 width=156 style='border-left:none;width:117pt'>Denominaci\u00f3n\r\n  del tr\u00e1mite<\/td>\r\n  <td class=xl6512707 width=229 style='border-left:none;width:172pt'>Tipo de\r\n  usuario y\/o poblaci\u00f3n objetivo<\/td>\r\n  <td class=xl6512707 width=215 style='border-left:none;width:161pt'>Descripci\u00f3n\r\n  del objetivo del tr\u00e1mite<\/td>\r\n  <td class=xl6512707 width=135 style='border-left:none;width:101pt'>Modalidad\r\n  del tr\u00e1mite<\/td>\r\n  <td class=xl6512707 width=341 style='border-left:none;width:256pt'>Hiperv\u00ednculo\r\n  a los requisitos para llevar a cabo el tr\u00e1mite<\/td>\r\n  <td class=xl6512707 width=275 style='border-left:none;width:206pt'>Documentos\r\n  requeridos<\/td>\r\n  <td class=xl6512707 width=241 style='border-left:none;width:181pt'>Hiperv\u00ednculo\r\n  al\/los formatos respectivos<\/td>\r\n  <td class=xl6512707 width=304 style='border-left:none;width:228pt'>Tiempo de\r\n  respuesta por parte del sujeto Obligado<\/td>\r\n  <td class=xl6512707 width=228 style='border-left:none;width:171pt'>Vigencia\r\n  de los resultados del tr\u00e1mite<\/td>\r\n  <td class=xl6512707 width=373 style='border-left:none;width:280pt'>\u00c1rea y\r\n  datos de contacto del lugar donde se realiza el tr\u00e1mite <br>\r\n    Tabla_350724<\/td>\r\n  <td class=xl6512707 width=273 style='border-left:none;width:205pt'>Costo, en\r\n  su caso, especificar que es gratuito<\/td>\r\n  <td class=xl6512707 width=332 style='border-left:none;width:249pt'>Sustento\r\n  legal para su cobro<\/td>\r\n  <td class=xl6512707 width=322 style='border-left:none;width:242pt'>Lugares\r\n  donde se efect\u00faa el pago <br>\r\n    Tabla_350726<\/td>\r\n  <td class=xl6512707 width=323 style='border-left:none;width:242pt'>Fundamento\r\n  jur\u00eddico-administrativo del tr\u00e1mite<\/td>\r\n  <td class=xl6512707 width=329 style='border-left:none;width:247pt'>Derechos\r\n  del usuario<\/td>\r\n  <td class=xl6512707 width=322 style='border-left:none;width:242pt'>Lugares\r\n  para reportar presuntas anomal\u00edas <br>\r\n    Tabla_350725<\/td>\r\n  <td class=xl6512707 width=437 style='border-left:none;width:328pt'>Otros\r\n  datos, en su caso, para el env\u00edo de consultas, documentos y quejas<\/td>\r\n  <td class=xl6512707 width=710 style='border-left:none;width:533pt'>Hiperv\u00ednculo\r\n  informaci\u00f3n adicional del tr\u00e1mite<\/td>\r\n  <td class=xl6512707 width=242 style='border-left:none;width:182pt'>Hiperv\u00ednculo\r\n  al sistema correspondiente<\/td>\r\n  <td class=xl6512707 width=512 style='border-left:none;width:384pt'>\u00c1rea(s)\r\n  responsable(s) que genera(n), posee(n), publica(n) y actualizan la\r\n  informaci\u00f3n<\/td>\r\n  <td class=xl6512707 width=123 style='border-left:none;width:92pt'>Fecha de\r\n  validaci\u00f3n<\/td>\r\n  <td class=xl6512707 width=140 style='border-left:none;width:105pt'>Fecha de\r\n  actualizaci\u00f3n<\/td>\r\n  <td class=xl6512707 width=1483 style='border-left:none;width:1112pt'>Nota<\/td>\r\n <\/tr>\r\n <tr height=20 style='height:15.0pt'>\r\n  <td height=20 class=xl6612707 align=right style='height:15.0pt;border-top:\r\n  none'>2021<\/td>\r\n  <td class=xl6712707 align=right style='border-top:none;border-left:none'>01\/10\/2021<\/td>\r\n  <td class=xl6712707 align=right style='border-top:none;border-left:none'>31\/12\/2021<\/td>\r\n  <td class=xl6612707 style='border-top:none;border-left:none'>Liberacion de\r\n  vehiculos<\/td>\r\n  <td class=xl6612707 style='border-top:none;border-left:none'>solicitante<\/td>\r\n  <td class=xl6612707 style='border-top:none;border-left:none'>Salida de\r\n  corralon de vehiculos<\/td>\r\n  <td class=xl6612707 style='border-top:none;border-left:none'>presencial<\/td>\r\n  <td class=xl6612707 style='border-top:none;border-left:none'>&nbsp;<\/td>\r\n  <td class=xl6612707 style='border-top:none;border-left:none'>Factura de\r\n  vehiculo e identificacion oficial<span style='mso-spacerun:yes'>\u00a0<\/span><\/td>\r\n  <td class=xl6612707 style='border-top:none;border-left:none'>&nbsp;<\/td>\r\n  <td class=xl6612707 style='border-top:none;border-left:none'>de 1 a 4 horas<\/td>\r\n  <td class=xl6612707 style='border-top:none;border-left:none'>Permanente<span\r\n  style='mso-spacerun:yes'>\u00a0<\/span><\/td>\r\n  <td class=xl6612707 align=right style='border-top:none;border-left:none'>1<\/td>\r\n  <td class=xl6612707 align=right style='border-top:none;border-left:none'>0<\/td>\r\n  <td class=xl6612707 style='border-top:none;border-left:none'>Ley de Transito\r\n  y Vialidad para el Estado de Hidalgo<span style='mso-spacerun:yes'>\u00a0<\/span><\/td>\r\n  <td class=xl6612707 align=right style='border-top:none;border-left:none'>1<\/td>\r\n  <td class=xl6612707 style='border-top:none;border-left:none'>Ley de Seguridad\r\n  Publca para el Estado de Hidalgo<span style='mso-spacerun:yes'>\u00a0<\/span><\/td>\r\n  <td class=xl6612707 style='border-top:none;border-left:none'>interponer queja\r\n  en la Unidad de Asuntos Internos<span style='mso-spacerun:yes'>\u00a0<\/span><\/td>\r\n  <td class=xl6612707 align=right style='border-top:none;border-left:none'>1<\/td>\r\n  <td class=xl6612707 style='border-top:none;border-left:none'>&nbsp;<\/td>\r\n  <td class=xl6812707 style='border-top:none;border-left:none'><a\r\n  href=\"https:\/\/www.apan.gob.mx\/descargables\/transparencia\/articulo69\/fraccion20\/2021_3\/seguridad\/FraXXa1_1.pdf\">https:\/\/www.apan.gob.mx\/descargables\/transparencia\/articulo69\/fraccion20\/2021_3\/seguridad\/FraXXa1_1.pdf<\/a><\/td>\r\n  <td class=xl6612707 style='border-top:none;border-left:none'>&nbsp;<\/td>\r\n  <td class=xl6612707 style='border-top:none;border-left:none'>Direccion de\r\n  Seguridad Publica y Movilidad<span style='mso-spacerun:yes'>\u00a0<\/span><\/td>\r\n  <td class=xl6712707 align=right style='border-top:none;border-left:none'>10\/01\/2022<\/td>\r\n  <td class=xl6712707 align=right style='border-top:none;border-left:none'>10\/01\/2022<\/td>\r\n  <td class=xl6612707 style='border-top:none;border-left:none'>en el campo\r\n  Costo, en su caso, especificar que es gratuito, este tramite varia\r\n  dependiendo del tabulador de precios dependiendo el vehiculo, en el campo\r\n  Hiperv\u00ednculo al sistema correspondiente, no se tiene sistema para este\r\n  tramite<\/td>\r\n <\/tr>\r\n <![if supportMisalignedColumns]>\r\n <tr height=0 style='display:none'>\r\n  <td width=56 style='width:42pt'><\/td>\r\n  <td width=255 style='width:191pt'><\/td>\r\n  <td width=270 style='width:203pt'><\/td>\r\n  <td width=156 style='width:117pt'><\/td>\r\n  <td width=229 style='width:172pt'><\/td>\r\n  <td width=215 style='width:161pt'><\/td>\r\n  <td width=135 style='width:101pt'><\/td>\r\n  <td width=341 style='width:256pt'><\/td>\r\n  <td width=275 style='width:206pt'><\/td>\r\n  <td width=241 style='width:181pt'><\/td>\r\n  <td width=304 style='width:228pt'><\/td>\r\n  <td width=228 style='width:171pt'><\/td>\r\n  <td width=373 style='width:280pt'><\/td>\r\n  <td width=273 style='width:205pt'><\/td>\r\n  <td width=332 style='width:249pt'><\/td>\r\n  <td width=322 style='width:242pt'><\/td>\r\n  <td width=323 style='width:242pt'><\/td>\r\n  <td width=329 style='width:247pt'><\/td>\r\n  <td width=322 style='width:242pt'><\/td>\r\n  <td width=437 style='width:328pt'><\/td>\r\n  <td width=710 style='width:533pt'><\/td>\r\n  <td width=242 style='width:182pt'><\/td>\r\n  <td width=512 style='width:384pt'><\/td>\r\n  <td width=123 style='width:92pt'><\/td>\r\n  <td width=140 style='width:105pt'><\/td>\r\n  <td width=1483 style='width:1112pt'><\/td>\r\n <\/tr>\r\n <![endif]>\r\n<\/table>\r\n\r\n<\/div>\r\n\r\n\r\n<!----------------------------->\r\n<!--FINAL DE LOS RESULTADOS DEL ASISTENTE PARA PUBLICAR COMO P\u00c1GINA WEB DE\r\nEXCEL-->\r\n<!----------------------------->\r\n<\/body>\r\n\r\n<\/html>\r\n\t\t\t\t<\/div>\n\t\t\t\t<\/div>\n\t\t\t\t\t<\/div>\n\t\t<\/div>\n\t\t\t\t\t<\/div>\n\t\t<\/section>\n\t\t\t\t<\/div>\n\t\t","protected":false},"excerpt":{"rendered":"<p>Descargar archivo Fracci\u00f3n XX 44251 T\u00cdTULO NOMBRE CORTO DESCRIPCI\u00d3N Tr\u00e1mites ofrecidos a69_f20 La informaci\u00f3n relacionada con las tareas administrativas que realizan los sujetos obligados en sus diferentes \u00e1mbitos con el objeto de atender las peticiones que realicen los particulares ya sea para la obtenci\u00f3n de un beneficio, o cumplir con alguna obligaci\u00f3n ante una autoridad, [&hellip;]<\/p>\n","protected":false},"author":1,"featured_media":0,"parent":11688,"menu_order":0,"comment_status":"closed","ping_status":"closed","template":"page-template-full.php","meta":{"footnotes":""},"class_list":["post-12015","page","type-page","status-publish","hentry"],"jetpack_sharing_enabled":true,"_links":{"self":[{"href":"https:\/\/apan.gob.mx\/portal\/wp-json\/wp\/v2\/pages\/12015","targetHints":{"allow":["GET"]}}],"collection":[{"href":"https:\/\/apan.gob.mx\/portal\/wp-json\/wp\/v2\/pages"}],"about":[{"href":"https:\/\/apan.gob.mx\/portal\/wp-json\/wp\/v2\/types\/page"}],"author":[{"embeddable":true,"href":"https:\/\/apan.gob.mx\/portal\/wp-json\/wp\/v2\/users\/1"}],"replies":[{"embeddable":true,"href":"https:\/\/apan.gob.mx\/portal\/wp-json\/wp\/v2\/comments?post=12015"}],"version-history":[{"count":3,"href":"https:\/\/apan.gob.mx\/portal\/wp-json\/wp\/v2\/pages\/12015\/revisions"}],"predecessor-version":[{"id":12018,"href":"https:\/\/apan.gob.mx\/portal\/wp-json\/wp\/v2\/pages\/12015\/revisions\/12018"}],"up":[{"embeddable":true,"href":"https:\/\/apan.gob.mx\/portal\/wp-json\/wp\/v2\/pages\/11688"}],"wp:attachment":[{"href":"https:\/\/apan.gob.mx\/portal\/wp-json\/wp\/v2\/media?parent=12015"}],"curies":[{"name":"wp","href":"https:\/\/api.w.org\/{rel}","templated":true}]}}