{"id":12029,"date":"2022-01-20T15:57:56","date_gmt":"2022-01-20T21:57:56","guid":{"rendered":"https:\/\/apan.gob.mx\/portal\/?page_id=12029"},"modified":"2022-01-20T15:59:31","modified_gmt":"2022-01-20T21:59:31","slug":"12029-2","status":"publish","type":"page","link":"https:\/\/apan.gob.mx\/portal\/4-trimestre-2021\/12029-2\/","title":{"rendered":"<!--turismo_19_2021_4-->"},"content":{"rendered":"\t\t<div data-elementor-type=\"wp-page\" data-elementor-id=\"12029\" class=\"elementor elementor-12029 elementor-bc-flex-widget\">\n\t\t\t\t\t\t<section class=\"has_ae_slider elementor-section elementor-top-section elementor-element elementor-element-ljuteft elementor-section-boxed elementor-section-height-default elementor-section-height-default ae-bg-gallery-type-default\" data-id=\"ljuteft\" data-element_type=\"section\" data-e-type=\"section\">\n\t\t\t\t\t\t<div class=\"elementor-container elementor-column-gap-default\">\n\t\t\t\t\t<div class=\"has_ae_slider elementor-column elementor-col-100 elementor-top-column elementor-element elementor-element-grwgreb ae-bg-gallery-type-default\" data-id=\"grwgreb\" data-element_type=\"column\" data-e-type=\"column\">\n\t\t\t<div class=\"elementor-widget-wrap elementor-element-populated\">\n\t\t\t\t\t\t<div class=\"elementor-element elementor-element-enllbkz elementor-widget elementor-widget-button\" data-id=\"enllbkz\" data-element_type=\"widget\" data-e-type=\"widget\" data-widget_type=\"button.default\">\n\t\t\t\t<div class=\"elementor-widget-container\">\n\t\t\t\t\t\t\t\t\t<div class=\"elementor-button-wrapper\">\n\t\t\t\t\t<a class=\"elementor-button elementor-button-link elementor-size-sm\" href=\"https:\/\/www.apan.gob.mx\/descargables\/transparencia\/articulo69\/fraccion19\/2021_4\/turismo\/a69_f19%20(2).xlsx\" target=\"_blank\">\n\t\t\t\t\t\t<span class=\"elementor-button-content-wrapper\">\n\t\t\t\t\t\t\t\t\t<span class=\"elementor-button-text\">Descargar archivo<\/span>\n\t\t\t\t\t<\/span>\n\t\t\t\t\t<\/a>\n\t\t\t\t<\/div>\n\t\t\t\t\t\t\t\t<\/div>\n\t\t\t\t<\/div>\n\t\t\t\t<div class=\"elementor-element elementor-element-aozuokk elementor-widget elementor-widget-heading\" data-id=\"aozuokk\" data-element_type=\"widget\" data-e-type=\"widget\" data-widget_type=\"heading.default\">\n\t\t\t\t<div class=\"elementor-widget-container\">\n\t\t\t\t\t<h2 class=\"elementor-heading-title elementor-size-medium\">Fracci\u00f3n XIX<\/h2>\t\t\t\t<\/div>\n\t\t\t\t<\/div>\n\t\t\t\t<div class=\"elementor-element elementor-element-tslnojq elementor-widget elementor-widget-html\" data-id=\"tslnojq\" data-element_type=\"widget\" data-e-type=\"widget\" data-widget_type=\"html.default\">\n\t\t\t\t<div class=\"elementor-widget-container\">\n\t\t\t\t\t<html xmlns:o=\"urn:schemas-microsoft-com:office:office\"\r\nxmlns:x=\"urn:schemas-microsoft-com:office:excel\"\r\nxmlns=\"http:\/\/www.w3.org\/TR\/REC-html40\">\r\n\r\n<head>\r\n<meta http-equiv=Content-Type content=\"text\/html; charset=windows-1252\">\r\n<meta name=ProgId content=Excel.Sheet>\r\n<meta name=Generator content=\"Microsoft Excel 15\">\r\n<link rel=File-List href=\"a69_f19%20(2)_archivos\/filelist.xml\">\r\n<style id=\"a69_f19 (2)_4264_Styles\">\r\n<!--table\r\n\t{mso-displayed-decimal-separator:\"\\.\";\r\n\tmso-displayed-thousand-separator:\"\\,\";}\r\n.xl154264\r\n\t{padding-top:1px;\r\n\tpadding-right:1px;\r\n\tpadding-left:1px;\r\n\tmso-ignore:padding;\r\n\tcolor:black;\r\n\tfont-size:11.0pt;\r\n\tfont-weight:400;\r\n\tfont-style:normal;\r\n\ttext-decoration:none;\r\n\tfont-family:Calibri, sans-serif;\r\n\tmso-font-charset:0;\r\n\tmso-number-format:General;\r\n\ttext-align:general;\r\n\tvertical-align:bottom;\r\n\tmso-background-source:auto;\r\n\tmso-pattern:auto;\r\n\twhite-space:nowrap;}\r\n.xl644264\r\n\t{padding-top:1px;\r\n\tpadding-right:1px;\r\n\tpadding-left:1px;\r\n\tmso-ignore:padding;\r\n\tcolor:black;\r\n\tfont-size:10.0pt;\r\n\tfont-weight:400;\r\n\tfont-style:normal;\r\n\ttext-decoration:none;\r\n\tfont-family:Arial;\r\n\tmso-generic-font-family:auto;\r\n\tmso-font-charset:0;\r\n\tmso-number-format:General;\r\n\ttext-align:center;\r\n\tvertical-align:bottom;\r\n\tborder:.5pt solid windowtext;\r\n\tbackground:#E1E1E1;\r\n\tmso-pattern:black none;\r\n\twhite-space:normal;}\r\n.xl654264\r\n\t{padding-top:1px;\r\n\tpadding-right:1px;\r\n\tpadding-left:1px;\r\n\tmso-ignore:padding;\r\n\tcolor:black;\r\n\tfont-size:11.0pt;\r\n\tfont-weight:400;\r\n\tfont-style:normal;\r\n\ttext-decoration:none;\r\n\tfont-family:Calibri, sans-serif;\r\n\tmso-font-charset:0;\r\n\tmso-number-format:General;\r\n\ttext-align:general;\r\n\tvertical-align:bottom;\r\n\tborder:.5pt solid windowtext;\r\n\tmso-background-source:auto;\r\n\tmso-pattern:auto;\r\n\twhite-space:nowrap;}\r\n.xl664264\r\n\t{padding-top:1px;\r\n\tpadding-right:1px;\r\n\tpadding-left:1px;\r\n\tmso-ignore:padding;\r\n\tcolor:black;\r\n\tfont-size:11.0pt;\r\n\tfont-weight:400;\r\n\tfont-style:normal;\r\n\ttext-decoration:none;\r\n\tfont-family:Calibri, sans-serif;\r\n\tmso-font-charset:0;\r\n\tmso-number-format:\"Short Date\";\r\n\ttext-align:general;\r\n\tvertical-align:bottom;\r\n\tborder:.5pt solid windowtext;\r\n\tmso-background-source:auto;\r\n\tmso-pattern:auto;\r\n\twhite-space:nowrap;}\r\n.xl674264\r\n\t{padding-top:1px;\r\n\tpadding-right:1px;\r\n\tpadding-left:1px;\r\n\tmso-ignore:padding;\r\n\tcolor:#0563C1;\r\n\tfont-size:11.0pt;\r\n\tfont-weight:400;\r\n\tfont-style:normal;\r\n\ttext-decoration:underline;\r\n\ttext-underline-style:single;\r\n\tfont-family:Calibri, sans-serif;\r\n\tmso-font-charset:0;\r\n\tmso-number-format:General;\r\n\ttext-align:general;\r\n\tvertical-align:bottom;\r\n\tborder:.5pt solid windowtext;\r\n\tmso-background-source:auto;\r\n\tmso-pattern:auto;\r\n\twhite-space:nowrap;}\r\n.xl684264\r\n\t{padding-top:1px;\r\n\tpadding-right:1px;\r\n\tpadding-left:1px;\r\n\tmso-ignore:padding;\r\n\tcolor:white;\r\n\tfont-size:11.0pt;\r\n\tfont-weight:700;\r\n\tfont-style:normal;\r\n\ttext-decoration:none;\r\n\tfont-family:Arial;\r\n\tmso-generic-font-family:auto;\r\n\tmso-font-charset:0;\r\n\tmso-number-format:General;\r\n\ttext-align:center;\r\n\tvertical-align:bottom;\r\n\tborder:.5pt solid windowtext;\r\n\tbackground:#333333;\r\n\tmso-pattern:black none;\r\n\twhite-space:normal;}\r\n.xl694264\r\n\t{padding-top:1px;\r\n\tpadding-right:1px;\r\n\tpadding-left:1px;\r\n\tmso-ignore:padding;\r\n\tcolor:black;\r\n\tfont-size:10.0pt;\r\n\tfont-weight:400;\r\n\tfont-style:normal;\r\n\ttext-decoration:none;\r\n\tfont-family:Arial;\r\n\tmso-generic-font-family:auto;\r\n\tmso-font-charset:0;\r\n\tmso-number-format:General;\r\n\ttext-align:general;\r\n\tvertical-align:bottom;\r\n\tborder:.5pt solid windowtext;\r\n\tbackground:#E1E1E1;\r\n\tmso-pattern:black none;\r\n\twhite-space:nowrap;}\r\n-->\r\n<\/style>\r\n<\/head>\r\n\r\n<body>\r\n<!--[if !excel]>&nbsp;&nbsp;<![endif]-->\r\n<!--La siguiente informaci\u00f3n se gener\u00f3 mediante el Asistente para publicar como\r\np\u00e1gina web de Microsoft Excel.-->\r\n<!--Si se vuelve a publicar el mismo elemento desde Excel, se reemplazar\u00e1 toda\r\nla informaci\u00f3n comprendida entre las etiquetas DIV.-->\r\n<!----------------------------->\r\n<!--INICIO DE LOS RESULTADOS DEL ASISTENTE PARA PUBLICAR COMO P\u00c1GINA WEB DE\r\nEXCEL -->\r\n<!----------------------------->\r\n\r\n<div id=\"a69_f19 (2)_4264\" align=center x:publishsource=\"Excel\">\r\n\r\n<table border=0 cellpadding=0 cellspacing=0 width=8182 style='border-collapse:\r\n collapse;table-layout:fixed;width:6140pt'>\r\n <col width=56 style='mso-width-source:userset;mso-width-alt:2048;width:42pt'>\r\n <col width=255 style='mso-width-source:userset;mso-width-alt:9325;width:191pt'>\r\n <col width=270 style='mso-width-source:userset;mso-width-alt:9874;width:203pt'>\r\n <col width=162 span=2 style='mso-width-source:userset;mso-width-alt:5924;\r\n width:122pt'>\r\n <col width=229 style='mso-width-source:userset;mso-width-alt:8374;width:172pt'>\r\n <col width=373 style='mso-width-source:userset;mso-width-alt:13641;width:280pt'>\r\n <col width=137 style='mso-width-source:userset;mso-width-alt:5010;width:103pt'>\r\n <col width=209 style='mso-width-source:userset;mso-width-alt:7643;width:157pt'>\r\n <col width=216 style='mso-width-source:userset;mso-width-alt:7899;width:162pt'>\r\n <col width=419 style='mso-width-source:userset;mso-width-alt:15323;width:314pt'>\r\n <col width=132 style='mso-width-source:userset;mso-width-alt:4827;width:99pt'>\r\n <col width=389 style='mso-width-source:userset;mso-width-alt:14226;width:292pt'>\r\n <col width=269 style='mso-width-source:userset;mso-width-alt:9837;width:202pt'>\r\n <col width=413 span=2 style='mso-width-source:userset;mso-width-alt:15104;\r\n width:310pt'>\r\n <col width=359 style='mso-width-source:userset;mso-width-alt:13129;width:269pt'>\r\n <col width=284 style='mso-width-source:userset;mso-width-alt:10386;width:213pt'>\r\n <col width=322 style='mso-width-source:userset;mso-width-alt:11776;width:242pt'>\r\n <col width=279 style='mso-width-source:userset;mso-width-alt:10203;width:209pt'>\r\n <col width=269 style='mso-width-source:userset;mso-width-alt:9837;width:202pt'>\r\n <col width=512 style='mso-width-source:userset;mso-width-alt:18724;width:384pt'>\r\n <col width=123 style='mso-width-source:userset;mso-width-alt:4498;width:92pt'>\r\n <col width=140 style='mso-width-source:userset;mso-width-alt:5120;width:105pt'>\r\n <col width=1790 style='mso-width-source:userset;mso-width-alt:65462;\r\n width:1343pt'>\r\n <tr height=0 style='display:none'>\r\n  <td class=xl154264 width=56 style='width:42pt'>44250<\/td>\r\n  <td class=xl154264 width=255 style='width:191pt'><\/td>\r\n  <td class=xl154264 width=270 style='width:203pt'><\/td>\r\n  <td class=xl154264 width=162 style='width:122pt'><\/td>\r\n  <td class=xl154264 width=162 style='width:122pt'><\/td>\r\n  <td class=xl154264 width=229 style='width:172pt'><\/td>\r\n  <td class=xl154264 width=373 style='width:280pt'><\/td>\r\n  <td class=xl154264 width=137 style='width:103pt'><\/td>\r\n  <td class=xl154264 width=209 style='width:157pt'><\/td>\r\n  <td class=xl154264 width=216 style='width:162pt'><\/td>\r\n  <td class=xl154264 width=419 style='width:314pt'><\/td>\r\n  <td class=xl154264 width=132 style='width:99pt'><\/td>\r\n  <td class=xl154264 width=389 style='width:292pt'><\/td>\r\n  <td class=xl154264 width=269 style='width:202pt'><\/td>\r\n  <td class=xl154264 width=413 style='width:310pt'><\/td>\r\n  <td class=xl154264 width=413 style='width:310pt'><\/td>\r\n  <td class=xl154264 width=359 style='width:269pt'><\/td>\r\n  <td class=xl154264 width=284 style='width:213pt'><\/td>\r\n  <td class=xl154264 width=322 style='width:242pt'><\/td>\r\n  <td class=xl154264 width=279 style='width:209pt'><\/td>\r\n  <td class=xl154264 width=269 style='width:202pt'><\/td>\r\n  <td class=xl154264 width=512 style='width:384pt'><\/td>\r\n  <td class=xl154264 width=123 style='width:92pt'><\/td>\r\n  <td class=xl154264 width=140 style='width:105pt'><\/td>\r\n  <td class=xl154264 width=1790 style='width:1343pt'><\/td>\r\n <\/tr>\r\n <tr height=20 style='height:15.0pt'>\r\n  <td colspan=3 height=20 class=xl684264 width=581 style='height:15.0pt;\r\n  width:436pt'>T\u00cdTULO<\/td>\r\n  <td colspan=3 class=xl684264 width=553 style='width:416pt'>NOMBRE CORTO<\/td>\r\n  <td colspan=3 class=xl684264 width=719 style='width:540pt'>DESCRIPCI\u00d3N<\/td>\r\n  <td class=xl154264><\/td>\r\n  <td class=xl154264><\/td>\r\n  <td class=xl154264><\/td>\r\n  <td class=xl154264><\/td>\r\n  <td class=xl154264><\/td>\r\n  <td class=xl154264><\/td>\r\n  <td class=xl154264><\/td>\r\n  <td class=xl154264><\/td>\r\n  <td class=xl154264><\/td>\r\n  <td class=xl154264><\/td>\r\n  <td class=xl154264><\/td>\r\n  <td class=xl154264><\/td>\r\n  <td class=xl154264><\/td>\r\n  <td class=xl154264><\/td>\r\n  <td class=xl154264><\/td>\r\n  <td class=xl154264><\/td>\r\n <\/tr>\r\n <tr height=20 style='height:15.0pt'>\r\n  <td colspan=3 height=20 class=xl694264 style='height:15.0pt'>Servicios\r\n  ofrecidos<\/td>\r\n  <td colspan=3 class=xl694264>a69_f19<\/td>\r\n  <td colspan=3 class=xl694264>La informaci\u00f3n para dar a conocer los servicios\r\n  p\u00fablicos que presta el sujeto obligado, tanto de las actividades realizadas\r\n  por la administraci\u00f3n p\u00fablica para satisfacer necesidades de la poblaci\u00f3n,\r\n  como las realizadas por los sujetos obligados que no formen parte de la\r\n  Administraci\u00f3n P\u00fablica, pero que involucren el uso de recursos p\u00fablicos. Los\r\n  servicios deben estar al alcance de la poblaci\u00f3n sin necesidad de que el \u00e9sta\r\n  los exija, como es el caso de los tr\u00e1mites.<\/td>\r\n  <td class=xl154264><\/td>\r\n  <td class=xl154264><\/td>\r\n  <td class=xl154264><\/td>\r\n  <td class=xl154264><\/td>\r\n  <td class=xl154264><\/td>\r\n  <td class=xl154264><\/td>\r\n  <td class=xl154264><\/td>\r\n  <td class=xl154264><\/td>\r\n  <td class=xl154264><\/td>\r\n  <td class=xl154264><\/td>\r\n  <td class=xl154264><\/td>\r\n  <td class=xl154264><\/td>\r\n  <td class=xl154264><\/td>\r\n  <td class=xl154264><\/td>\r\n  <td class=xl154264><\/td>\r\n  <td class=xl154264><\/td>\r\n <\/tr>\r\n <tr height=0 style='display:none'>\r\n  <td class=xl154264>1<\/td>\r\n  <td class=xl154264>4<\/td>\r\n  <td class=xl154264>4<\/td>\r\n  <td class=xl154264>2<\/td>\r\n  <td class=xl154264>9<\/td>\r\n  <td class=xl154264>1<\/td>\r\n  <td class=xl154264>2<\/td>\r\n  <td class=xl154264>1<\/td>\r\n  <td class=xl154264>2<\/td>\r\n  <td class=xl154264>2<\/td>\r\n  <td class=xl154264>7<\/td>\r\n  <td class=xl154264>1<\/td>\r\n  <td class=xl154264>10<\/td>\r\n  <td class=xl154264>1<\/td>\r\n  <td class=xl154264>2<\/td>\r\n  <td class=xl154264>2<\/td>\r\n  <td class=xl154264>2<\/td>\r\n  <td class=xl154264>2<\/td>\r\n  <td class=xl154264>10<\/td>\r\n  <td class=xl154264>7<\/td>\r\n  <td class=xl154264>7<\/td>\r\n  <td class=xl154264>2<\/td>\r\n  <td class=xl154264>4<\/td>\r\n  <td class=xl154264>13<\/td>\r\n  <td class=xl154264>14<\/td>\r\n <\/tr>\r\n <tr height=0 style='display:none'>\r\n  <td class=xl154264>350704<\/td>\r\n  <td class=xl154264>350705<\/td>\r\n  <td class=xl154264>350706<\/td>\r\n  <td class=xl154264>350690<\/td>\r\n  <td class=xl154264>350709<\/td>\r\n  <td class=xl154264>350713<\/td>\r\n  <td class=xl154264>350692<\/td>\r\n  <td class=xl154264>350711<\/td>\r\n  <td class=xl154264>350693<\/td>\r\n  <td class=xl154264>350694<\/td>\r\n  <td class=xl154264>350700<\/td>\r\n  <td class=xl154264>350688<\/td>\r\n  <td class=xl154264>350710<\/td>\r\n  <td class=xl154264>350689<\/td>\r\n  <td class=xl154264>350695<\/td>\r\n  <td class=xl154264>350712<\/td>\r\n  <td class=xl154264>350691<\/td>\r\n  <td class=xl154264>350696<\/td>\r\n  <td class=xl154264>350701<\/td>\r\n  <td class=xl154264>350699<\/td>\r\n  <td class=xl154264>350698<\/td>\r\n  <td class=xl154264>350708<\/td>\r\n  <td class=xl154264>350697<\/td>\r\n  <td class=xl154264>350703<\/td>\r\n  <td class=xl154264>350707<\/td>\r\n <\/tr>\r\n <tr height=20 style='height:15.0pt'>\r\n  <td colspan=25 height=20 class=xl684264 width=8182 style='height:15.0pt;\r\n  width:6140pt'>Tabla Campos<\/td>\r\n <\/tr>\r\n <tr height=35 style='height:26.25pt'>\r\n  <td height=35 class=xl644264 width=56 style='height:26.25pt;width:42pt'>Ejercicio<\/td>\r\n  <td class=xl644264 width=255 style='border-left:none;width:191pt'>Fecha de\r\n  inicio del periodo que se informa<\/td>\r\n  <td class=xl644264 width=270 style='border-left:none;width:203pt'>Fecha de\r\n  t\u00e9rmino del periodo que se informa<\/td>\r\n  <td class=xl644264 width=162 style='border-left:none;width:122pt'>Denominaci\u00f3n\r\n  del servicio<\/td>\r\n  <td class=xl644264 width=162 style='border-left:none;width:122pt'>Tipo de\r\n  servicio (cat\u00e1logo)<\/td>\r\n  <td class=xl644264 width=229 style='border-left:none;width:172pt'>Tipo de\r\n  usuario y\/o poblaci\u00f3n objetivo<\/td>\r\n  <td class=xl644264 width=373 style='border-left:none;width:280pt'>Descripci\u00f3n\r\n  del objetivo del servicio<\/td>\r\n  <td class=xl644264 width=137 style='border-left:none;width:103pt'>Modalidad\r\n  del servicio<\/td>\r\n  <td class=xl644264 width=209 style='border-left:none;width:157pt'>Requisitos\r\n  para obtener el servicio<\/td>\r\n  <td class=xl644264 width=216 style='border-left:none;width:162pt'>Documentos\r\n  requeridos, en su caso<\/td>\r\n  <td class=xl644264 width=419 style='border-left:none;width:314pt'>Hiperv\u00ednculo\r\n  a los formatos respectivo(s) publicado(s) en medio oficial<\/td>\r\n  <td class=xl644264 width=132 style='border-left:none;width:99pt'>Tiempo de\r\n  respuesta<\/td>\r\n  <td class=xl644264 width=389 style='border-left:none;width:292pt'>\u00c1rea en la\r\n  que se proporciona el servicio y los datos de contacto <br>\r\n    Tabla_350710<\/td>\r\n  <td class=xl644264 width=269 style='border-left:none;width:202pt'>Costo, en\r\n  su caso especificar que es gratuito<\/td>\r\n  <td class=xl644264 width=413 style='border-left:none;width:310pt'>Sustento\r\n  legal para su cobro<\/td>\r\n  <td class=xl644264 width=413 style='border-left:none;width:310pt'>Lugares\r\n  donde se efect\u00faa el pago<\/td>\r\n  <td class=xl644264 width=359 style='border-left:none;width:269pt'>Fundamento\r\n  jur\u00eddico-administrativo del servicio<\/td>\r\n  <td class=xl644264 width=284 style='border-left:none;width:213pt'>Derechos\r\n  del usuario ante la negativa o la falta<\/td>\r\n  <td class=xl644264 width=322 style='border-left:none;width:242pt'>Lugar para\r\n  reportar presuntas anomalias <br>\r\n    Tabla_350701<\/td>\r\n  <td class=xl644264 width=279 style='border-left:none;width:209pt'>Hiperv\u00ednculo\r\n  informaci\u00f3n adicional del servicio<\/td>\r\n  <td class=xl644264 width=269 style='border-left:none;width:202pt'>Hiperv\u00ednculo\r\n  al cat\u00e1logo, manual o sistemas<span style='mso-spacerun:yes'>\u00a0<\/span><\/td>\r\n  <td class=xl644264 width=512 style='border-left:none;width:384pt'>\u00c1rea(s)\r\n  responsable(s) que genera(n), posee(n), publica(n) y actualizan la\r\n  informaci\u00f3n<\/td>\r\n  <td class=xl644264 width=123 style='border-left:none;width:92pt'>Fecha de\r\n  validaci\u00f3n<\/td>\r\n  <td class=xl644264 width=140 style='border-left:none;width:105pt'>Fecha de\r\n  actualizaci\u00f3n<\/td>\r\n  <td class=xl644264 width=1790 style='border-left:none;width:1343pt'>Nota<\/td>\r\n <\/tr>\r\n <tr height=20 style='height:15.0pt'>\r\n  <td height=20 class=xl654264 align=right style='height:15.0pt;border-top:\r\n  none'>2021<\/td>\r\n  <td class=xl664264 align=right style='border-top:none;border-left:none'>01\/10\/2021<\/td>\r\n  <td class=xl664264 align=right style='border-top:none;border-left:none'>31\/12\/2021<\/td>\r\n  <td class=xl654264 style='border-top:none;border-left:none'>ORIENTACION\r\n  TURISTICA<\/td>\r\n  <td class=xl654264 style='border-top:none;border-left:none'>Directo<\/td>\r\n  <td class=xl654264 style='border-top:none;border-left:none'>SOLICITANTE<\/td>\r\n  <td class=xl654264 style='border-top:none;border-left:none'>DAR REFERENCIA DE\r\n  LA OFERTA TURISTICA DEL MUNICIPIO<span style='mso-spacerun:yes'>\u00a0<\/span><\/td>\r\n  <td class=xl654264 style='border-top:none;border-left:none'>PRESENCIAL<\/td>\r\n  <td class=xl654264 style='border-top:none;border-left:none'>&nbsp;<\/td>\r\n  <td class=xl654264 style='border-top:none;border-left:none'>&nbsp;<\/td>\r\n  <td class=xl674264 style='border-top:none;border-left:none'><u\r\n  style='visibility:hidden;mso-ignore:visibility'>&nbsp;<\/u><\/td>\r\n  <td class=xl654264 style='border-top:none;border-left:none'>DE 15 A 45\r\n  MINUTOS<\/td>\r\n  <td class=xl654264 align=right style='border-top:none;border-left:none'>1<\/td>\r\n  <td class=xl654264 style='border-top:none;border-left:none'>&nbsp;<\/td>\r\n  <td class=xl654264 style='border-top:none;border-left:none'>&nbsp;<\/td>\r\n  <td class=xl654264 style='border-top:none;border-left:none'>&nbsp;<\/td>\r\n  <td class=xl654264 style='border-top:none;border-left:none'>LEY DE TURISMO\r\n  SUSTENTABLE DEL ESTADO DE HIDALGO.<\/td>\r\n  <td class=xl654264 style='border-top:none;border-left:none'>queja o\r\n  sugerencia<\/td>\r\n  <td class=xl654264 align=right style='border-top:none;border-left:none'>1<\/td>\r\n  <td class=xl654264 style='border-top:none;border-left:none'>&nbsp;<\/td>\r\n  <td class=xl654264 style='border-top:none;border-left:none'>&nbsp;<\/td>\r\n  <td class=xl654264 style='border-top:none;border-left:none'>DIRECCION DE\r\n  TURISMO DEL MUNICIPIO DE APAN, HIDALGO.<\/td>\r\n  <td class=xl664264 align=right style='border-top:none;border-left:none'>06\/01\/2022<\/td>\r\n  <td class=xl664264 align=right style='border-top:none;border-left:none'>06\/01\/2022<\/td>\r\n  <td class=xl654264 style='border-top:none;border-left:none'>En este trimestre\r\n  la direcci\u00f3n de turismo municipal de Apan, Hidalgo no cuenta con<span\r\n  style='mso-spacerun:yes'>\u00a0 <\/span>ning\u00fan formato oficial,<span\r\n  style='mso-spacerun:yes'>\u00a0 <\/span>publicado para este servicio, por lo que el\r\n  campo a que se refiere esto carecer\u00e1 de informaci\u00f3n, de igual manera para la\r\n  celda correspondiente a hiperv\u00ednculo a informaci\u00f3n adicional la direcci\u00f3n de\r\n  turismo municipal de Apan, Hidalgo no cuenta con<span\r\n  style='mso-spacerun:yes'>\u00a0 <\/span>m\u00e1s informaci\u00f3n adicional al servicio que\r\n  ofrece. por lo que no visualizara informaci\u00f3n,<span\r\n  style='mso-spacerun:yes'>\u00a0 <\/span>y en el campo hiperv\u00ednculo al cat\u00e1logo,\r\n  manual o sistema esta direcci\u00f3n no cuenta con manual catalogo o sistema por\r\n  lo que la celda aparecer\u00e1n sin informaci\u00f3n que mostrar, en el campo\r\n  requisitos para el servicio,<span style='mso-spacerun:yes'>\u00a0 <\/span>no se\r\n  requiere requisito alguno solo se brinda el servicio por lo que el campo\r\n  relacionado no visualizara informaci\u00f3n, por lo que tampoco se requieren de\r\n  documentos y el campo relacionado se mostrara en blanco.<span\r\n  style='mso-spacerun:yes'>\u00a0 <\/span>en el campo lugar para realizar el pago no\r\n  mostrara informaci\u00f3n ya que al ser gratuito no existe sustento legal para\r\n  realizar cobro alguno, en el campo domicilio en el extranjero no mostrara\r\n  informaci\u00f3n ya que no se cuenta con domicilio en el extranjero<span\r\n  style='mso-spacerun:yes'>\u00a0\u00a0<\/span><\/td>\r\n <\/tr>\r\n <![if supportMisalignedColumns]>\r\n <tr height=0 style='display:none'>\r\n  <td width=56 style='width:42pt'><\/td>\r\n  <td width=255 style='width:191pt'><\/td>\r\n  <td width=270 style='width:203pt'><\/td>\r\n  <td width=162 style='width:122pt'><\/td>\r\n  <td width=162 style='width:122pt'><\/td>\r\n  <td width=229 style='width:172pt'><\/td>\r\n  <td width=373 style='width:280pt'><\/td>\r\n  <td width=137 style='width:103pt'><\/td>\r\n  <td width=209 style='width:157pt'><\/td>\r\n  <td width=216 style='width:162pt'><\/td>\r\n  <td width=419 style='width:314pt'><\/td>\r\n  <td width=132 style='width:99pt'><\/td>\r\n  <td width=389 style='width:292pt'><\/td>\r\n  <td width=269 style='width:202pt'><\/td>\r\n  <td width=413 style='width:310pt'><\/td>\r\n  <td width=413 style='width:310pt'><\/td>\r\n  <td width=359 style='width:269pt'><\/td>\r\n  <td width=284 style='width:213pt'><\/td>\r\n  <td width=322 style='width:242pt'><\/td>\r\n  <td width=279 style='width:209pt'><\/td>\r\n  <td width=269 style='width:202pt'><\/td>\r\n  <td width=512 style='width:384pt'><\/td>\r\n  <td width=123 style='width:92pt'><\/td>\r\n  <td width=140 style='width:105pt'><\/td>\r\n  <td width=1790 style='width:1343pt'><\/td>\r\n <\/tr>\r\n <![endif]>\r\n<\/table>\r\n\r\n<\/div>\r\n\r\n\r\n<!----------------------------->\r\n<!--FINAL DE LOS RESULTADOS DEL ASISTENTE PARA PUBLICAR COMO P\u00c1GINA WEB DE\r\nEXCEL-->\r\n<!----------------------------->\r\n<\/body>\r\n\r\n<\/html>\r\n\t\t\t\t<\/div>\n\t\t\t\t<\/div>\n\t\t\t\t\t<\/div>\n\t\t<\/div>\n\t\t\t\t\t<\/div>\n\t\t<\/section>\n\t\t\t\t<\/div>\n\t\t","protected":false},"excerpt":{"rendered":"<p>Descargar archivo Fracci\u00f3n XIX 44250 T\u00cdTULO NOMBRE CORTO DESCRIPCI\u00d3N Servicios ofrecidos a69_f19 La informaci\u00f3n para dar a conocer los servicios p\u00fablicos que presta el sujeto obligado, tanto de las actividades realizadas por la administraci\u00f3n p\u00fablica para satisfacer necesidades de la poblaci\u00f3n, como las realizadas por los sujetos obligados que no formen parte de la Administraci\u00f3n [&hellip;]<\/p>\n","protected":false},"author":1,"featured_media":0,"parent":11688,"menu_order":0,"comment_status":"closed","ping_status":"closed","template":"page-template-full.php","meta":{"footnotes":""},"class_list":["post-12029","page","type-page","status-publish","hentry"],"jetpack_sharing_enabled":true,"_links":{"self":[{"href":"https:\/\/apan.gob.mx\/portal\/wp-json\/wp\/v2\/pages\/12029","targetHints":{"allow":["GET"]}}],"collection":[{"href":"https:\/\/apan.gob.mx\/portal\/wp-json\/wp\/v2\/pages"}],"about":[{"href":"https:\/\/apan.gob.mx\/portal\/wp-json\/wp\/v2\/types\/page"}],"author":[{"embeddable":true,"href":"https:\/\/apan.gob.mx\/portal\/wp-json\/wp\/v2\/users\/1"}],"replies":[{"embeddable":true,"href":"https:\/\/apan.gob.mx\/portal\/wp-json\/wp\/v2\/comments?post=12029"}],"version-history":[{"count":3,"href":"https:\/\/apan.gob.mx\/portal\/wp-json\/wp\/v2\/pages\/12029\/revisions"}],"predecessor-version":[{"id":12032,"href":"https:\/\/apan.gob.mx\/portal\/wp-json\/wp\/v2\/pages\/12029\/revisions\/12032"}],"up":[{"embeddable":true,"href":"https:\/\/apan.gob.mx\/portal\/wp-json\/wp\/v2\/pages\/11688"}],"wp:attachment":[{"href":"https:\/\/apan.gob.mx\/portal\/wp-json\/wp\/v2\/media?parent=12029"}],"curies":[{"name":"wp","href":"https:\/\/api.w.org\/{rel}","templated":true}]}}