{"id":12343,"date":"2022-04-20T14:46:18","date_gmt":"2022-04-20T19:46:18","guid":{"rendered":"https:\/\/apan.gob.mx\/portal\/?page_id=12343"},"modified":"2022-04-20T14:48:21","modified_gmt":"2022-04-20T19:48:21","slug":"12343-2","status":"publish","type":"page","link":"https:\/\/apan.gob.mx\/portal\/12221-2\/12343-2\/","title":{"rendered":"<!--transparencia-39-2022_1-->"},"content":{"rendered":"\t\t<div data-elementor-type=\"wp-page\" data-elementor-id=\"12343\" class=\"elementor elementor-12343 elementor-bc-flex-widget\">\n\t\t\t\t\t\t<section class=\"has_ae_slider elementor-section elementor-top-section elementor-element elementor-element-etabhdx elementor-section-boxed elementor-section-height-default elementor-section-height-default ae-bg-gallery-type-default\" data-id=\"etabhdx\" data-element_type=\"section\" data-e-type=\"section\">\n\t\t\t\t\t\t<div class=\"elementor-container elementor-column-gap-default\">\n\t\t\t\t\t<div class=\"has_ae_slider elementor-column elementor-col-100 elementor-top-column elementor-element elementor-element-lpwrwag ae-bg-gallery-type-default\" data-id=\"lpwrwag\" data-element_type=\"column\" data-e-type=\"column\">\n\t\t\t<div class=\"elementor-widget-wrap elementor-element-populated\">\n\t\t\t\t\t\t<div class=\"elementor-element elementor-element-rbtyeir elementor-widget elementor-widget-button\" data-id=\"rbtyeir\" data-element_type=\"widget\" data-e-type=\"widget\" data-widget_type=\"button.default\">\n\t\t\t\t<div class=\"elementor-widget-container\">\n\t\t\t\t\t\t\t\t\t<div class=\"elementor-button-wrapper\">\n\t\t\t\t\t<a class=\"elementor-button elementor-button-link elementor-size-sm\" href=\"https:\/\/www.apan.gob.mx\/descargables\/transparencia\/articulo69\/fraccion39\/2022_1\/transparencia\/d\/a69_f39d.xlsx\" target=\"_blank\">\n\t\t\t\t\t\t<span class=\"elementor-button-content-wrapper\">\n\t\t\t\t\t\t\t\t\t<span class=\"elementor-button-text\">Descargar archivo<\/span>\n\t\t\t\t\t<\/span>\n\t\t\t\t\t<\/a>\n\t\t\t\t<\/div>\n\t\t\t\t\t\t\t\t<\/div>\n\t\t\t\t<\/div>\n\t\t\t\t<div class=\"elementor-element elementor-element-vbjreks elementor-widget elementor-widget-heading\" data-id=\"vbjreks\" data-element_type=\"widget\" data-e-type=\"widget\" data-widget_type=\"heading.default\">\n\t\t\t\t<div class=\"elementor-widget-container\">\n\t\t\t\t\t<h2 class=\"elementor-heading-title elementor-size-medium\">Fracci\u00f3n XXXIX d<\/h2>\t\t\t\t<\/div>\n\t\t\t\t<\/div>\n\t\t\t\t<div class=\"elementor-element elementor-element-nelidgq elementor-widget elementor-widget-html\" data-id=\"nelidgq\" data-element_type=\"widget\" data-e-type=\"widget\" data-widget_type=\"html.default\">\n\t\t\t\t<div class=\"elementor-widget-container\">\n\t\t\t\t\t<html xmlns:o=\"urn:schemas-microsoft-com:office:office\"\r\nxmlns:x=\"urn:schemas-microsoft-com:office:excel\"\r\nxmlns=\"http:\/\/www.w3.org\/TR\/REC-html40\">\r\n\r\n<head>\r\n<meta http-equiv=Content-Type content=\"text\/html; charset=windows-1252\">\r\n<meta name=ProgId content=Excel.Sheet>\r\n<meta name=Generator content=\"Microsoft Excel 15\">\r\n<link rel=File-List href=\"a69_f39d_archivos\/filelist.xml\">\r\n<style id=\"a69_f39d_28637_Styles\">\r\n<!--table\r\n\t{mso-displayed-decimal-separator:\"\\.\";\r\n\tmso-displayed-thousand-separator:\"\\,\";}\r\n.xl1528637\r\n\t{padding-top:1px;\r\n\tpadding-right:1px;\r\n\tpadding-left:1px;\r\n\tmso-ignore:padding;\r\n\tcolor:black;\r\n\tfont-size:11.0pt;\r\n\tfont-weight:400;\r\n\tfont-style:normal;\r\n\ttext-decoration:none;\r\n\tfont-family:Calibri, sans-serif;\r\n\tmso-font-charset:0;\r\n\tmso-number-format:General;\r\n\ttext-align:general;\r\n\tvertical-align:bottom;\r\n\tmso-background-source:auto;\r\n\tmso-pattern:auto;\r\n\twhite-space:nowrap;}\r\n.xl6328637\r\n\t{padding-top:1px;\r\n\tpadding-right:1px;\r\n\tpadding-left:1px;\r\n\tmso-ignore:padding;\r\n\tcolor:black;\r\n\tfont-size:10.0pt;\r\n\tfont-weight:400;\r\n\tfont-style:normal;\r\n\ttext-decoration:none;\r\n\tfont-family:Arial;\r\n\tmso-generic-font-family:auto;\r\n\tmso-font-charset:0;\r\n\tmso-number-format:General;\r\n\ttext-align:center;\r\n\tvertical-align:bottom;\r\n\tborder:.5pt solid windowtext;\r\n\tbackground:#E1E1E1;\r\n\tmso-pattern:black none;\r\n\twhite-space:normal;}\r\n.xl6428637\r\n\t{padding-top:1px;\r\n\tpadding-right:1px;\r\n\tpadding-left:1px;\r\n\tmso-ignore:padding;\r\n\tcolor:white;\r\n\tfont-size:11.0pt;\r\n\tfont-weight:700;\r\n\tfont-style:normal;\r\n\ttext-decoration:none;\r\n\tfont-family:Arial;\r\n\tmso-generic-font-family:auto;\r\n\tmso-font-charset:0;\r\n\tmso-number-format:General;\r\n\ttext-align:center;\r\n\tvertical-align:bottom;\r\n\tborder:.5pt solid windowtext;\r\n\tbackground:#333333;\r\n\tmso-pattern:black none;\r\n\twhite-space:nowrap;}\r\n.xl6528637\r\n\t{padding-top:1px;\r\n\tpadding-right:1px;\r\n\tpadding-left:1px;\r\n\tmso-ignore:padding;\r\n\tcolor:black;\r\n\tfont-size:10.0pt;\r\n\tfont-weight:400;\r\n\tfont-style:normal;\r\n\ttext-decoration:none;\r\n\tfont-family:Arial;\r\n\tmso-generic-font-family:auto;\r\n\tmso-font-charset:0;\r\n\tmso-number-format:General;\r\n\ttext-align:general;\r\n\tvertical-align:bottom;\r\n\tborder:.5pt solid windowtext;\r\n\tbackground:#E1E1E1;\r\n\tmso-pattern:black none;\r\n\twhite-space:nowrap;}\r\n.xl6628637\r\n\t{padding-top:1px;\r\n\tpadding-right:1px;\r\n\tpadding-left:1px;\r\n\tmso-ignore:padding;\r\n\tcolor:black;\r\n\tfont-size:11.0pt;\r\n\tfont-weight:400;\r\n\tfont-style:normal;\r\n\ttext-decoration:none;\r\n\tfont-family:Calibri, sans-serif;\r\n\tmso-font-charset:0;\r\n\tmso-number-format:General;\r\n\ttext-align:general;\r\n\tvertical-align:bottom;\r\n\tborder:.5pt solid windowtext;\r\n\tmso-background-source:auto;\r\n\tmso-pattern:auto;\r\n\twhite-space:nowrap;}\r\n.xl6728637\r\n\t{padding-top:1px;\r\n\tpadding-right:1px;\r\n\tpadding-left:1px;\r\n\tmso-ignore:padding;\r\n\tcolor:black;\r\n\tfont-size:11.0pt;\r\n\tfont-weight:400;\r\n\tfont-style:normal;\r\n\ttext-decoration:none;\r\n\tfont-family:Calibri, sans-serif;\r\n\tmso-font-charset:0;\r\n\tmso-number-format:\"Short Date\";\r\n\ttext-align:general;\r\n\tvertical-align:bottom;\r\n\tborder:.5pt solid windowtext;\r\n\tmso-background-source:auto;\r\n\tmso-pattern:auto;\r\n\twhite-space:nowrap;}\r\n-->\r\n<\/style>\r\n<\/head>\r\n\r\n<body>\r\n<!--[if !excel]>&nbsp;&nbsp;<![endif]-->\r\n<!--La siguiente informaci\u00f3n se gener\u00f3 mediante el Asistente para publicar como\r\np\u00e1gina web de Microsoft Excel.-->\r\n<!--Si se vuelve a publicar el mismo elemento desde Excel, se reemplazar\u00e1 toda\r\nla informaci\u00f3n comprendida entre las etiquetas DIV.-->\r\n<!----------------------------->\r\n<!--INICIO DE LOS RESULTADOS DEL ASISTENTE PARA PUBLICAR COMO P\u00c1GINA WEB DE\r\nEXCEL -->\r\n<!----------------------------->\r\n\r\n<div id=\"a69_f39d_28637\" align=center x:publishsource=\"Excel\">\r\n\r\n<table border=0 cellpadding=0 cellspacing=0 width=2433 style='border-collapse:\r\n collapse;table-layout:fixed;width:1825pt'>\r\n <col width=56 style='mso-width-source:userset;mso-width-alt:2048;width:42pt'>\r\n <col width=255 style='mso-width-source:userset;mso-width-alt:9325;width:191pt'>\r\n <col width=270 style='mso-width-source:userset;mso-width-alt:9874;width:203pt'>\r\n <col width=112 style='mso-width-source:userset;mso-width-alt:4096;width:84pt'>\r\n <col width=56 span=2 style='mso-width-source:userset;mso-width-alt:2048;\r\n width:42pt'>\r\n <col width=196 style='mso-width-source:userset;mso-width-alt:7168;width:147pt'>\r\n <col width=512 style='mso-width-source:userset;mso-width-alt:18724;width:384pt'>\r\n <col width=123 style='mso-width-source:userset;mso-width-alt:4498;width:92pt'>\r\n <col width=140 style='mso-width-source:userset;mso-width-alt:5120;width:105pt'>\r\n <col width=657 style='mso-width-source:userset;mso-width-alt:24027;width:493pt'>\r\n <tr height=0 style='display:none'>\r\n  <td class=xl1528637 width=56 style='width:42pt'>46779<\/td>\r\n  <td class=xl1528637 width=255 style='width:191pt'><\/td>\r\n  <td class=xl1528637 width=270 style='width:203pt'><\/td>\r\n  <td class=xl1528637 width=112 style='width:84pt'><\/td>\r\n  <td class=xl1528637 width=56 style='width:42pt'><\/td>\r\n  <td class=xl1528637 width=56 style='width:42pt'><\/td>\r\n  <td class=xl1528637 width=196 style='width:147pt'><\/td>\r\n  <td class=xl1528637 width=512 style='width:384pt'><\/td>\r\n  <td class=xl1528637 width=123 style='width:92pt'><\/td>\r\n  <td class=xl1528637 width=140 style='width:105pt'><\/td>\r\n  <td class=xl1528637 width=657 style='width:493pt'><\/td>\r\n <\/tr>\r\n <tr height=20 style='height:15.0pt'>\r\n  <td colspan=3 height=20 class=xl6428637 style='height:15.0pt'>T\u00cdTULO<\/td>\r\n  <td colspan=3 class=xl6428637>NOMBRE CORTO<\/td>\r\n  <td colspan=3 class=xl6428637>DESCRIPCI\u00d3N<\/td>\r\n  <td class=xl1528637><\/td>\r\n  <td class=xl1528637><\/td>\r\n <\/tr>\r\n <tr height=20 style='height:15.0pt'>\r\n  <td colspan=3 height=20 class=xl6528637 style='height:15.0pt'>2021.\r\n  Calendario de sesiones y actas del Comit\u00e9 de Transparencia 2018-2020.\r\n  Calendario de sesiones ordinarias del Comit\u00e9 de Transparencia.<\/td>\r\n  <td colspan=3 class=xl6528637>a69_f39d<\/td>\r\n  <td colspan=3 class=xl6528637>Se publicar\u00e1 durante el primer trimestre, el\r\n  calendario de sesiones ordinarias que celebrar\u00e1 el Comit\u00e9 de Transparencia en\r\n  todo el ejercicio, los hiperv\u00ednculos a las actas de las sesiones que se han\r\n  celebrado a lo largo del a\u00f1o se incluir\u00e1n trimestralmente, asimismo se\r\n  publicar\u00e1 la informaci\u00f3n de las reuniones extraordinarias que, en su caso, se\r\n  celebren cada trimestre.<\/td>\r\n  <td class=xl1528637><\/td>\r\n  <td class=xl1528637><\/td>\r\n <\/tr>\r\n <tr height=0 style='display:none'>\r\n  <td class=xl1528637>1<\/td>\r\n  <td class=xl1528637>4<\/td>\r\n  <td class=xl1528637>4<\/td>\r\n  <td class=xl1528637>1<\/td>\r\n  <td class=xl1528637>1<\/td>\r\n  <td class=xl1528637>1<\/td>\r\n  <td class=xl1528637>7<\/td>\r\n  <td class=xl1528637>2<\/td>\r\n  <td class=xl1528637>4<\/td>\r\n  <td class=xl1528637>13<\/td>\r\n  <td class=xl1528637>14<\/td>\r\n <\/tr>\r\n <tr height=0 style='display:none'>\r\n  <td class=xl1528637>397235<\/td>\r\n  <td class=xl1528637>397241<\/td>\r\n  <td class=xl1528637>397242<\/td>\r\n  <td class=xl1528637>397236<\/td>\r\n  <td class=xl1528637>397237<\/td>\r\n  <td class=xl1528637>397238<\/td>\r\n  <td class=xl1528637>397240<\/td>\r\n  <td class=xl1528637>397243<\/td>\r\n  <td class=xl1528637>397239<\/td>\r\n  <td class=xl1528637>397244<\/td>\r\n  <td class=xl1528637>397245<\/td>\r\n <\/tr>\r\n <tr height=20 style='height:15.0pt'>\r\n  <td colspan=11 height=20 class=xl6428637 style='height:15.0pt'>Tabla Campos<\/td>\r\n <\/tr>\r\n <tr height=35 style='height:26.25pt'>\r\n  <td height=35 class=xl6328637 width=56 style='height:26.25pt;width:42pt'>Ejercicio<\/td>\r\n  <td class=xl6328637 width=255 style='border-left:none;width:191pt'>Fecha de\r\n  inicio del periodo que se informa<\/td>\r\n  <td class=xl6328637 width=270 style='border-left:none;width:203pt'>Fecha de\r\n  t\u00e9rmino del periodo que se informa<\/td>\r\n  <td class=xl6328637 width=112 style='border-left:none;width:84pt'>N\u00famero de\r\n  sesi\u00f3n<\/td>\r\n  <td class=xl6328637 width=56 style='border-left:none;width:42pt'>Mes<\/td>\r\n  <td class=xl6328637 width=56 style='border-left:none;width:42pt'>D\u00eda<\/td>\r\n  <td class=xl6328637 width=196 style='border-left:none;width:147pt'>Hiperv\u00ednculo\r\n  al acta de la sesi\u00f3n<span style='mso-spacerun:yes'>\u00a0<\/span><\/td>\r\n  <td class=xl6328637 width=512 style='border-left:none;width:384pt'>\u00c1rea(s)\r\n  responsable(s) que genera(n), posee(n), publica(n) y actualizan la\r\n  informaci\u00f3n<\/td>\r\n  <td class=xl6328637 width=123 style='border-left:none;width:92pt'>Fecha de\r\n  validaci\u00f3n<\/td>\r\n  <td class=xl6328637 width=140 style='border-left:none;width:105pt'>Fecha de\r\n  actualizaci\u00f3n<\/td>\r\n  <td class=xl6328637 width=657 style='border-left:none;width:493pt'>Nota<\/td>\r\n <\/tr>\r\n <tr height=20 style='height:15.0pt'>\r\n  <td height=20 class=xl6628637 align=right style='height:15.0pt;border-top:\r\n  none'>2022<\/td>\r\n  <td class=xl6728637 align=right style='border-top:none;border-left:none'>01\/01\/2022<\/td>\r\n  <td class=xl6728637 align=right style='border-top:none;border-left:none'>31\/03\/2022<\/td>\r\n  <td class=xl6628637 align=right style='border-top:none;border-left:none'>1<\/td>\r\n  <td class=xl6628637 align=right style='border-top:none;border-left:none'>4<\/td>\r\n  <td class=xl6628637 align=right style='border-top:none;border-left:none'>22<\/td>\r\n  <td class=xl6628637 style='border-top:none;border-left:none'>&nbsp;<\/td>\r\n  <td class=xl6628637 style='border-top:none;border-left:none'>Unidad de\r\n  Transparencia<\/td>\r\n  <td class=xl6728637 align=right style='border-top:none;border-left:none'>07\/04\/2022<\/td>\r\n  <td class=xl6728637 align=right style='border-top:none;border-left:none'>07\/04\/2022<\/td>\r\n  <td class=xl6628637 style='border-top:none;border-left:none'>Para este punto\r\n  se recorre la primera sesion al dia 22 de abril de 2022, por que no habia\r\n  titular de la OIC<\/td>\r\n <\/tr>\r\n <![if supportMisalignedColumns]>\r\n <tr height=0 style='display:none'>\r\n  <td width=56 style='width:42pt'><\/td>\r\n  <td width=255 style='width:191pt'><\/td>\r\n  <td width=270 style='width:203pt'><\/td>\r\n  <td width=112 style='width:84pt'><\/td>\r\n  <td width=56 style='width:42pt'><\/td>\r\n  <td width=56 style='width:42pt'><\/td>\r\n  <td width=196 style='width:147pt'><\/td>\r\n  <td width=512 style='width:384pt'><\/td>\r\n  <td width=123 style='width:92pt'><\/td>\r\n  <td width=140 style='width:105pt'><\/td>\r\n  <td width=657 style='width:493pt'><\/td>\r\n <\/tr>\r\n <![endif]>\r\n<\/table>\r\n\r\n<\/div>\r\n\r\n\r\n<!----------------------------->\r\n<!--FINAL DE LOS RESULTADOS DEL ASISTENTE PARA PUBLICAR COMO P\u00c1GINA WEB DE\r\nEXCEL-->\r\n<!----------------------------->\r\n<\/body>\r\n\r\n<\/html>\r\n\t\t\t\t<\/div>\n\t\t\t\t<\/div>\n\t\t\t\t\t<\/div>\n\t\t<\/div>\n\t\t\t\t\t<\/div>\n\t\t<\/section>\n\t\t\t\t<\/div>\n\t\t","protected":false},"excerpt":{"rendered":"<p>Descargar archivo Fracci\u00f3n XXXIX d 46779 T\u00cdTULO NOMBRE CORTO DESCRIPCI\u00d3N 2021. Calendario de sesiones y actas del Comit\u00e9 de Transparencia 2018-2020. Calendario de sesiones ordinarias del Comit\u00e9 de Transparencia. a69_f39d Se publicar\u00e1 durante el primer trimestre, el calendario de sesiones ordinarias que celebrar\u00e1 el Comit\u00e9 de Transparencia en todo el ejercicio, los hiperv\u00ednculos a las [&hellip;]<\/p>\n","protected":false},"author":1,"featured_media":0,"parent":12221,"menu_order":0,"comment_status":"closed","ping_status":"closed","template":"page-template-full.php","meta":{"footnotes":""},"class_list":["post-12343","page","type-page","status-publish","hentry"],"jetpack_sharing_enabled":true,"_links":{"self":[{"href":"https:\/\/apan.gob.mx\/portal\/wp-json\/wp\/v2\/pages\/12343","targetHints":{"allow":["GET"]}}],"collection":[{"href":"https:\/\/apan.gob.mx\/portal\/wp-json\/wp\/v2\/pages"}],"about":[{"href":"https:\/\/apan.gob.mx\/portal\/wp-json\/wp\/v2\/types\/page"}],"author":[{"embeddable":true,"href":"https:\/\/apan.gob.mx\/portal\/wp-json\/wp\/v2\/users\/1"}],"replies":[{"embeddable":true,"href":"https:\/\/apan.gob.mx\/portal\/wp-json\/wp\/v2\/comments?post=12343"}],"version-history":[{"count":2,"href":"https:\/\/apan.gob.mx\/portal\/wp-json\/wp\/v2\/pages\/12343\/revisions"}],"predecessor-version":[{"id":12345,"href":"https:\/\/apan.gob.mx\/portal\/wp-json\/wp\/v2\/pages\/12343\/revisions\/12345"}],"up":[{"embeddable":true,"href":"https:\/\/apan.gob.mx\/portal\/wp-json\/wp\/v2\/pages\/12221"}],"wp:attachment":[{"href":"https:\/\/apan.gob.mx\/portal\/wp-json\/wp\/v2\/media?parent=12343"}],"curies":[{"name":"wp","href":"https:\/\/api.w.org\/{rel}","templated":true}]}}