{"id":1267,"date":"2017-12-09T00:22:56","date_gmt":"2017-12-09T00:22:56","guid":{"rendered":"https:\/\/apan.gob.mx\/portal\/?page_id=1267"},"modified":"2017-12-09T00:23:22","modified_gmt":"2017-12-09T00:23:22","slug":"fraccion_xxxl","status":"publish","type":"page","link":"https:\/\/apan.gob.mx\/portal\/fraccion_xxxl\/","title":{"rendered":"<!--fraccion XXXl-->"},"content":{"rendered":"\t\t<div data-elementor-type=\"wp-page\" data-elementor-id=\"1267\" class=\"elementor elementor-1267 elementor-bc-flex-widget\">\n\t\t\t\t\t\t<section class=\"has_ae_slider elementor-section elementor-top-section elementor-element elementor-element-cvnimq9 elementor-section-boxed elementor-section-height-default elementor-section-height-default ae-bg-gallery-type-default\" data-id=\"cvnimq9\" data-element_type=\"section\" data-e-type=\"section\">\n\t\t\t\t\t\t<div class=\"elementor-container elementor-column-gap-default\">\n\t\t\t\t\t<div class=\"has_ae_slider elementor-column elementor-col-100 elementor-top-column elementor-element elementor-element-t8d56un ae-bg-gallery-type-default\" data-id=\"t8d56un\" data-element_type=\"column\" data-e-type=\"column\">\n\t\t\t<div class=\"elementor-widget-wrap elementor-element-populated\">\n\t\t\t\t\t\t<div class=\"elementor-element elementor-element-a8afakj elementor-widget elementor-widget-html\" data-id=\"a8afakj\" data-element_type=\"widget\" data-e-type=\"widget\" data-widget_type=\"html.default\">\n\t\t\t\t<div class=\"elementor-widget-container\">\n\t\t\t\t\t<style id=\"TESORERIA TERCER TRIMESTRE_9626_Styles\">\r\n<!--table\r\n\t{mso-displayed-decimal-separator:\"\\.\";\r\n\tmso-displayed-thousand-separator:\"\\,\";}\r\n.xl159626\r\n\t{padding-top:1px;\r\n\tpadding-right:1px;\r\n\tpadding-left:1px;\r\n\tmso-ignore:padding;\r\n\tcolor:windowtext;\r\n\tfont-size:10.0pt;\r\n\tfont-weight:400;\r\n\tfont-style:normal;\r\n\ttext-decoration:none;\r\n\tfont-family:Arial;\r\n\tmso-generic-font-family:auto;\r\n\tmso-font-charset:0;\r\n\tmso-number-format:General;\r\n\ttext-align:general;\r\n\tvertical-align:bottom;\r\n\tmso-background-source:auto;\r\n\tmso-pattern:auto;\r\n\twhite-space:nowrap;}\r\n.xl639626\r\n\t{padding-top:1px;\r\n\tpadding-right:1px;\r\n\tpadding-left:1px;\r\n\tmso-ignore:padding;\r\n\tcolor:windowtext;\r\n\tfont-size:10.0pt;\r\n\tfont-weight:400;\r\n\tfont-style:normal;\r\n\ttext-decoration:none;\r\n\tfont-family:Arial;\r\n\tmso-generic-font-family:auto;\r\n\tmso-font-charset:0;\r\n\tmso-number-format:General;\r\n\ttext-align:center;\r\n\tvertical-align:middle;\r\n\tmso-background-source:auto;\r\n\tmso-pattern:auto;\r\n\twhite-space:nowrap;}\r\n.xl649626\r\n\t{padding-top:1px;\r\n\tpadding-right:1px;\r\n\tpadding-left:1px;\r\n\tmso-ignore:padding;\r\n\tcolor:white;\r\n\tfont-size:8.0pt;\r\n\tfont-weight:700;\r\n\tfont-style:normal;\r\n\ttext-decoration:none;\r\n\tfont-family:Arial, sans-serif;\r\n\tmso-font-charset:0;\r\n\tmso-number-format:General;\r\n\ttext-align:center;\r\n\tvertical-align:bottom;\r\n\tborder:.5pt solid black;\r\n\tbackground:#333333;\r\n\tmso-pattern:black none;\r\n\twhite-space:nowrap;}\r\n.xl659626\r\n\t{padding-top:1px;\r\n\tpadding-right:1px;\r\n\tpadding-left:1px;\r\n\tmso-ignore:padding;\r\n\tcolor:windowtext;\r\n\tfont-size:8.0pt;\r\n\tfont-weight:400;\r\n\tfont-style:normal;\r\n\ttext-decoration:none;\r\n\tfont-family:Arial, sans-serif;\r\n\tmso-font-charset:0;\r\n\tmso-number-format:General;\r\n\ttext-align:general;\r\n\tvertical-align:bottom;\r\n\tbackground:white;\r\n\tmso-pattern:black none;\r\n\twhite-space:nowrap;}\r\n.xl669626\r\n\t{padding-top:1px;\r\n\tpadding-right:1px;\r\n\tpadding-left:1px;\r\n\tmso-ignore:padding;\r\n\tcolor:black;\r\n\tfont-size:8.0pt;\r\n\tfont-weight:400;\r\n\tfont-style:normal;\r\n\ttext-decoration:none;\r\n\tfont-family:Arial, sans-serif;\r\n\tmso-font-charset:0;\r\n\tmso-number-format:General;\r\n\ttext-align:center;\r\n\tvertical-align:middle;\r\n\tborder:.5pt solid black;\r\n\tbackground:#E1E1E1;\r\n\tmso-pattern:black none;\r\n\twhite-space:normal;}\r\n.xl679626\r\n\t{padding-top:1px;\r\n\tpadding-right:1px;\r\n\tpadding-left:1px;\r\n\tmso-ignore:padding;\r\n\tcolor:black;\r\n\tfont-size:8.0pt;\r\n\tfont-weight:400;\r\n\tfont-style:normal;\r\n\ttext-decoration:none;\r\n\tfont-family:Arial, sans-serif;\r\n\tmso-font-charset:0;\r\n\tmso-number-format:General;\r\n\ttext-align:center;\r\n\tvertical-align:middle;\r\n\tborder:.5pt solid black;\r\n\tbackground:#E1E1E1;\r\n\tmso-pattern:black none;\r\n\twhite-space:nowrap;}\r\n.xl689626\r\n\t{padding-top:1px;\r\n\tpadding-right:1px;\r\n\tpadding-left:1px;\r\n\tmso-ignore:padding;\r\n\tcolor:windowtext;\r\n\tfont-size:8.0pt;\r\n\tfont-weight:400;\r\n\tfont-style:normal;\r\n\ttext-decoration:none;\r\n\tfont-family:Arial, sans-serif;\r\n\tmso-font-charset:0;\r\n\tmso-number-format:General;\r\n\ttext-align:center;\r\n\tvertical-align:middle;\r\n\tbackground:white;\r\n\tmso-pattern:black none;\r\n\twhite-space:nowrap;}\r\n.xl699626\r\n\t{padding-top:1px;\r\n\tpadding-right:1px;\r\n\tpadding-left:1px;\r\n\tmso-ignore:padding;\r\n\tcolor:windowtext;\r\n\tfont-size:8.0pt;\r\n\tfont-weight:400;\r\n\tfont-style:normal;\r\n\ttext-decoration:none;\r\n\tfont-family:Arial, sans-serif;\r\n\tmso-font-charset:0;\r\n\tmso-number-format:General;\r\n\ttext-align:general;\r\n\tvertical-align:bottom;\r\n\tmso-background-source:auto;\r\n\tmso-pattern:auto;\r\n\twhite-space:nowrap;}\r\n.xl709626\r\n\t{padding-top:1px;\r\n\tpadding-right:1px;\r\n\tpadding-left:1px;\r\n\tmso-ignore:padding;\r\n\tcolor:windowtext;\r\n\tfont-size:8.0pt;\r\n\tfont-weight:400;\r\n\tfont-style:normal;\r\n\ttext-decoration:none;\r\n\tfont-family:Arial, sans-serif;\r\n\tmso-font-charset:0;\r\n\tmso-number-format:General;\r\n\ttext-align:center;\r\n\tvertical-align:middle;\r\n\tborder:.5pt solid windowtext;\r\n\tbackground:white;\r\n\tmso-pattern:black none;\r\n\twhite-space:nowrap;}\r\n.xl719626\r\n\t{padding-top:1px;\r\n\tpadding-right:1px;\r\n\tpadding-left:1px;\r\n\tmso-ignore:padding;\r\n\tcolor:windowtext;\r\n\tfont-size:8.0pt;\r\n\tfont-weight:400;\r\n\tfont-style:normal;\r\n\ttext-decoration:none;\r\n\tfont-family:Arial, sans-serif;\r\n\tmso-font-charset:0;\r\n\tmso-number-format:\"\\0022$\\0022\\#\\,\\#\\#0\\.00\\;\\[Red\\]\\\\-\\0022$\\0022\\#\\,\\#\\#0\\.00\";\r\n\ttext-align:center;\r\n\tvertical-align:middle;\r\n\tborder:.5pt solid windowtext;\r\n\tbackground:white;\r\n\tmso-pattern:black none;\r\n\twhite-space:nowrap;}\r\n.xl729626\r\n\t{padding-top:1px;\r\n\tpadding-right:1px;\r\n\tpadding-left:1px;\r\n\tmso-ignore:padding;\r\n\tcolor:windowtext;\r\n\tfont-size:8.0pt;\r\n\tfont-weight:400;\r\n\tfont-style:normal;\r\n\ttext-decoration:none;\r\n\tfont-family:Arial, sans-serif;\r\n\tmso-font-charset:0;\r\n\tmso-number-format:\"Medium Date\";\r\n\ttext-align:center;\r\n\tvertical-align:middle;\r\n\tborder:.5pt solid windowtext;\r\n\tbackground:white;\r\n\tmso-pattern:black none;\r\n\twhite-space:nowrap;}\r\n.xl739626\r\n\t{padding-top:1px;\r\n\tpadding-right:1px;\r\n\tpadding-left:1px;\r\n\tmso-ignore:padding;\r\n\tcolor:black;\r\n\tfont-size:8.0pt;\r\n\tfont-weight:400;\r\n\tfont-style:normal;\r\n\ttext-decoration:none;\r\n\tfont-family:Arial, sans-serif;\r\n\tmso-font-charset:0;\r\n\tmso-number-format:General;\r\n\ttext-align:center;\r\n\tvertical-align:middle;\r\n\tborder-top:.5pt solid black;\r\n\tborder-right:.5pt solid black;\r\n\tborder-bottom:none;\r\n\tborder-left:.5pt solid black;\r\n\tbackground:#E1E1E1;\r\n\tmso-pattern:black none;\r\n\twhite-space:nowrap;}\r\n-->\r\n<\/style>\r\n<\/head>\r\n\r\n<body>\r\n<!--[if !excel]>&nbsp;&nbsp;<![endif]-->\r\n<!--La siguiente informaci\u00f3n se gener\u00f3 mediante el Asistente para publicar como\r\np\u00e1gina web de Microsoft Excel.-->\r\n<!--Si se vuelve a publicar el mismo elemento desde Excel, se reemplazar\u00e1 toda\r\nla informaci\u00f3n comprendida entre las etiquetas DIV.-->\r\n<!----------------------------->\r\n<!--INICIO DE LOS RESULTADOS DEL ASISTENTE PARA PUBLICAR COMO P\u00c1GINA WEB DE\r\nEXCEL -->\r\n<!----------------------------->\r\n\r\n<div id=\"TESORERIA TERCER TRIMESTRE_9626\" align=center x:publishsource=\"Excel\">\r\n\r\n<table border=0 cellpadding=0 cellspacing=0 width=2994 style='border-collapse:\r\n collapse;table-layout:fixed;width:2247pt'>\r\n <col width=155 style='mso-width-source:userset;mso-width-alt:5668;width:116pt'>\r\n <col width=118 style='mso-width-source:userset;mso-width-alt:4315;width:89pt'>\r\n <col width=270 style='mso-width-source:userset;mso-width-alt:9874;width:203pt'>\r\n <col width=203 style='mso-width-source:userset;mso-width-alt:7424;width:152pt'>\r\n <col width=176 style='mso-width-source:userset;mso-width-alt:6436;width:132pt'>\r\n <col width=185 style='mso-width-source:userset;mso-width-alt:6765;width:139pt'>\r\n <col width=170 style='mso-width-source:userset;mso-width-alt:6217;width:128pt'>\r\n <col width=99 style='mso-width-source:userset;mso-width-alt:3620;width:74pt'>\r\n <col width=203 style='mso-width-source:userset;mso-width-alt:7424;width:152pt'>\r\n <col width=185 style='mso-width-source:userset;mso-width-alt:6765;width:139pt'>\r\n <col width=193 style='mso-width-source:userset;mso-width-alt:7058;width:145pt'>\r\n <col width=178 style='mso-width-source:userset;mso-width-alt:6509;width:134pt'>\r\n <col width=384 style='mso-width-source:userset;mso-width-alt:14043;width:288pt'>\r\n <col width=103 style='mso-width-source:userset;mso-width-alt:3766;width:77pt'>\r\n <col width=210 style='mso-width-source:userset;mso-width-alt:7680;width:158pt'>\r\n <col width=43 style='mso-width-source:userset;mso-width-alt:1572;width:32pt'>\r\n <col width=119 style='mso-width-source:userset;mso-width-alt:4352;width:89pt'>\r\n <tr height=17 style='height:12.75pt'>\r\n  <td height=17 class=xl649626 width=155 style='height:12.75pt;width:116pt'>TITULO<\/td>\r\n  <td class=xl649626 width=118 style='border-left:none;width:89pt'>NOMBRE CORTO<\/td>\r\n  <td class=xl649626 width=270 style='border-left:none;width:203pt'>DESCRIPCION<\/td>\r\n  <td class=xl659626 width=203 style='width:152pt'>&nbsp;<\/td>\r\n  <td class=xl659626 width=176 style='width:132pt'>&nbsp;<\/td>\r\n  <td class=xl659626 width=185 style='width:139pt'>&nbsp;<\/td>\r\n  <td class=xl659626 width=170 style='width:128pt'>&nbsp;<\/td>\r\n  <td class=xl659626 width=99 style='width:74pt'>&nbsp;<\/td>\r\n  <td class=xl659626 width=203 style='width:152pt'>&nbsp;<\/td>\r\n  <td class=xl659626 width=185 style='width:139pt'>&nbsp;<\/td>\r\n  <td class=xl659626 width=193 style='width:145pt'>&nbsp;<\/td>\r\n  <td class=xl659626 width=178 style='width:134pt'>&nbsp;<\/td>\r\n  <td class=xl659626 width=384 style='width:288pt'>&nbsp;<\/td>\r\n  <td class=xl659626 width=103 style='width:77pt'>&nbsp;<\/td>\r\n  <td class=xl659626 width=210 style='width:158pt'>&nbsp;<\/td>\r\n  <td class=xl659626 width=43 style='width:32pt'>&nbsp;<\/td>\r\n  <td class=xl659626 width=119 style='width:89pt'>&nbsp;<\/td>\r\n <\/tr>\r\n <tr class=xl639626 height=30 style='height:22.5pt'>\r\n  <td height=30 class=xl669626 width=155 style='height:22.5pt;border-top:none;\r\n  width:116pt'>FRACCI\u00d3N XXXI.- Avances program\u00e1ticos y presupuestales.<\/td>\r\n  <td class=xl679626 style='border-top:none;border-left:none'>a69_f31<\/td>\r\n  <td class=xl669626 width=270 style='border-top:none;border-left:none;\r\n  width:203pt'>Informe de avances program\u00e1ticos o presupuestales, balances\r\n  generales y su estado financiero;<\/td>\r\n  <td class=xl689626>&nbsp;<\/td>\r\n  <td class=xl689626>&nbsp;<\/td>\r\n  <td class=xl689626>&nbsp;<\/td>\r\n  <td class=xl689626>&nbsp;<\/td>\r\n  <td class=xl689626>&nbsp;<\/td>\r\n  <td class=xl689626>&nbsp;<\/td>\r\n  <td class=xl689626>&nbsp;<\/td>\r\n  <td class=xl689626>&nbsp;<\/td>\r\n  <td class=xl689626>&nbsp;<\/td>\r\n  <td class=xl689626>&nbsp;<\/td>\r\n  <td class=xl689626>&nbsp;<\/td>\r\n  <td class=xl689626>&nbsp;<\/td>\r\n  <td class=xl689626>&nbsp;<\/td>\r\n  <td class=xl689626>&nbsp;<\/td>\r\n <\/tr>\r\n <tr height=0 style='display:none'>\r\n  <td class=xl699626>1<\/td>\r\n  <td class=xl699626>1<\/td>\r\n  <td class=xl699626>1<\/td>\r\n  <td class=xl699626>2<\/td>\r\n  <td class=xl699626>6<\/td>\r\n  <td class=xl699626>6<\/td>\r\n  <td class=xl699626>6<\/td>\r\n  <td class=xl699626>1<\/td>\r\n  <td class=xl699626>2<\/td>\r\n  <td class=xl699626>6<\/td>\r\n  <td class=xl699626>6<\/td>\r\n  <td class=xl699626>6<\/td>\r\n  <td class=xl699626>2<\/td>\r\n  <td class=xl699626>4<\/td>\r\n  <td class=xl699626>2<\/td>\r\n  <td class=xl699626>12<\/td>\r\n  <td class=xl699626>13<\/td>\r\n <\/tr>\r\n <tr height=0 style='display:none'>\r\n  <td class=xl699626>236235<\/td>\r\n  <td class=xl699626>236238<\/td>\r\n  <td class=xl699626>236236<\/td>\r\n  <td class=xl699626>236240<\/td>\r\n  <td class=xl699626>236246<\/td>\r\n  <td class=xl699626>236247<\/td>\r\n  <td class=xl699626>236248<\/td>\r\n  <td class=xl699626>236237<\/td>\r\n  <td class=xl699626>236239<\/td>\r\n  <td class=xl699626>236249<\/td>\r\n  <td class=xl699626>236244<\/td>\r\n  <td class=xl699626>236245<\/td>\r\n  <td class=xl699626>236241<\/td>\r\n  <td class=xl699626>236243<\/td>\r\n  <td class=xl699626>236242<\/td>\r\n  <td class=xl699626>236254<\/td>\r\n  <td class=xl699626>236255<\/td>\r\n <\/tr>\r\n <tr height=17 style='height:12.75pt'>\r\n  <td colspan=17 height=17 class=xl649626 style='height:12.75pt'>Tabla Campos<\/td>\r\n <\/tr>\r\n <tr class=xl639626 height=17 style='height:12.75pt'>\r\n  <td height=17 class=xl739626 style='height:12.75pt'>Ejercicio<\/td>\r\n  <td class=xl739626 style='border-left:none'>Periodo que se reporta<\/td>\r\n  <td class=xl739626 style='border-left:none'>Clave del cap\u00edtulo<\/td>\r\n  <td class=xl739626 style='border-left:none'>Denominaci\u00f3n del cap\u00edtulo<\/td>\r\n  <td class=xl739626 style='border-left:none'>Presupuesto asignado por cap\u00edtulo<\/td>\r\n  <td class=xl739626 style='border-left:none'>Presupuesto modificado por\r\n  cap\u00edtulo<\/td>\r\n  <td class=xl739626 style='border-left:none'>Presupuesto ejercido por cap\u00edtulo<\/td>\r\n  <td class=xl739626 style='border-left:none'>Clave del concepto<\/td>\r\n  <td class=xl739626 style='border-left:none'>Denominaci\u00f3n del concepto<\/td>\r\n  <td class=xl739626 style='border-left:none'>Presupuesto asignado por concepto<\/td>\r\n  <td class=xl739626 style='border-left:none'>Presupuesto modificado por\r\n  concepto<\/td>\r\n  <td class=xl739626 style='border-left:none'>Presupuesto ejercido por concepto<\/td>\r\n  <td class=xl739626 style='border-left:none'>Justificaci\u00f3n de la modificaci\u00f3n\r\n  del presupuesto<\/td>\r\n  <td class=xl739626 style='border-left:none'>Fecha de validaci\u00f3n<\/td>\r\n  <td class=xl739626 style='border-left:none'>\u00c1rea(s) responsable(s) de la\r\n  informaci\u00f3n<\/td>\r\n  <td class=xl739626 style='border-left:none'>A\u00f1o<\/td>\r\n  <td class=xl739626 style='border-left:none'>Fecha de actualizaci\u00f3n<\/td>\r\n <\/tr>\r\n <tr height=17 style='height:12.75pt'>\r\n  <td height=17 class=xl709626 style='height:12.75pt'>2017<\/td>\r\n  <td class=xl709626 style='border-left:none'>Julio<span\r\n  style='mso-spacerun:yes'>\u00a0 <\/span>- Septiembre<\/td>\r\n  <td class=xl709626 style='border-left:none'>100000<\/td>\r\n  <td class=xl709626 style='border-left:none'>Servicios Personales<\/td>\r\n  <td class=xl719626 style='border-left:none'>$35,579,784.63<\/td>\r\n  <td class=xl719626 style='border-left:none'>$0.00<\/td>\r\n  <td class=xl719626 style='border-left:none'>$31,244,912.69<\/td>\r\n  <td class=xl709626 style='border-left:none'>100000<\/td>\r\n  <td class=xl709626 style='border-left:none'>Servicios Personales<\/td>\r\n  <td class=xl719626 style='border-left:none'>$35,579,784.63<\/td>\r\n  <td class=xl719626 style='border-left:none'>$0.00<\/td>\r\n  <td class=xl719626 style='border-left:none'>$31,244,912.69<\/td>\r\n  <td class=xl709626 style='border-left:none'>El presupuesto<span\r\n  style='mso-spacerun:yes'>\u00a0 <\/span>que se reporta en este per\u00edodo no ha\r\n  sufrido modificaciones<\/td>\r\n  <td class=xl729626 style='border-left:none'>02-nov-17<\/td>\r\n  <td class=xl709626 style='border-left:none'>Tesorer\u00eda Municipal de Apan\r\n  Hidalgo<\/td>\r\n  <td class=xl709626 style='border-left:none'>2017<\/td>\r\n  <td class=xl729626 style='border-left:none'>02-nov-17<\/td>\r\n <\/tr>\r\n <tr height=17 style='height:12.75pt'>\r\n  <td height=17 class=xl709626 style='height:12.75pt;border-top:none'>2017<\/td>\r\n  <td class=xl709626 style='border-top:none;border-left:none'>Julio<span\r\n  style='mso-spacerun:yes'>\u00a0 <\/span>- Septiembre<\/td>\r\n  <td class=xl709626 style='border-top:none;border-left:none'>200000<\/td>\r\n  <td class=xl709626 style='border-top:none;border-left:none'>Materiales y\r\n  Suministros<span style='mso-spacerun:yes'>\u00a0<\/span><\/td>\r\n  <td class=xl719626 style='border-top:none;border-left:none'>$5,325,661.87<\/td>\r\n  <td class=xl719626 style='border-top:none;border-left:none'>$0.00<\/td>\r\n  <td class=xl719626 style='border-top:none;border-left:none'>$5,297,712.70<\/td>\r\n  <td class=xl709626 style='border-top:none;border-left:none'>200000<\/td>\r\n  <td class=xl709626 style='border-top:none;border-left:none'>Materiales y\r\n  Suministros<span style='mso-spacerun:yes'>\u00a0<\/span><\/td>\r\n  <td class=xl719626 style='border-top:none;border-left:none'>$5,325,661.87<\/td>\r\n  <td class=xl719626 style='border-top:none;border-left:none'>$0.00<\/td>\r\n  <td class=xl719626 style='border-top:none;border-left:none'>$5,297,712.70<\/td>\r\n  <td class=xl709626 style='border-top:none;border-left:none'>El\r\n  presupuesto<span style='mso-spacerun:yes'>\u00a0 <\/span>que se reporta en este\r\n  per\u00edodo no ha sufrido modificaciones<\/td>\r\n  <td class=xl729626 style='border-top:none;border-left:none'>02-nov-17<\/td>\r\n  <td class=xl709626 style='border-top:none;border-left:none'>Tesorer\u00eda\r\n  Municipal de Apan Hidalgo<\/td>\r\n  <td class=xl709626 style='border-top:none;border-left:none'>2017<\/td>\r\n  <td class=xl729626 style='border-top:none;border-left:none'>02-nov-17<\/td>\r\n <\/tr>\r\n <tr height=17 style='height:12.75pt'>\r\n  <td height=17 class=xl709626 style='height:12.75pt;border-top:none'>2017<\/td>\r\n  <td class=xl709626 style='border-top:none;border-left:none'>Julio<span\r\n  style='mso-spacerun:yes'>\u00a0 <\/span>- Septiembre<\/td>\r\n  <td class=xl709626 style='border-top:none;border-left:none'>300000<\/td>\r\n  <td class=xl709626 style='border-top:none;border-left:none'>Servicios\r\n  Generales<span style='mso-spacerun:yes'>\u00a0<\/span><\/td>\r\n  <td class=xl719626 style='border-top:none;border-left:none'>$14,069,705.96<\/td>\r\n  <td class=xl719626 style='border-top:none;border-left:none'>$0.00<\/td>\r\n  <td class=xl719626 style='border-top:none;border-left:none'>$13,583,366.91<\/td>\r\n  <td class=xl709626 style='border-top:none;border-left:none'>300000<\/td>\r\n  <td class=xl709626 style='border-top:none;border-left:none'>Servicios\r\n  Generales<span style='mso-spacerun:yes'>\u00a0<\/span><\/td>\r\n  <td class=xl719626 style='border-top:none;border-left:none'>$14,069,705.96<\/td>\r\n  <td class=xl719626 style='border-top:none;border-left:none'>$0.00<\/td>\r\n  <td class=xl719626 style='border-top:none;border-left:none'>$13,583,366.91<\/td>\r\n  <td class=xl709626 style='border-top:none;border-left:none'>El\r\n  presupuesto<span style='mso-spacerun:yes'>\u00a0 <\/span>que se reporta en este\r\n  per\u00edodo no ha sufrido modificaciones<\/td>\r\n  <td class=xl729626 style='border-top:none;border-left:none'>02-nov-17<\/td>\r\n  <td class=xl709626 style='border-top:none;border-left:none'>Tesorer\u00eda\r\n  Municipal de Apan Hidalgo<\/td>\r\n  <td class=xl709626 style='border-top:none;border-left:none'>2017<\/td>\r\n  <td class=xl729626 style='border-top:none;border-left:none'>02-nov-17<\/td>\r\n <\/tr>\r\n <tr height=17 style='height:12.75pt'>\r\n  <td height=17 class=xl709626 style='height:12.75pt;border-top:none'>2017<\/td>\r\n  <td class=xl709626 style='border-top:none;border-left:none'>Julio<span\r\n  style='mso-spacerun:yes'>\u00a0 <\/span>- Septiembre<\/td>\r\n  <td class=xl709626 style='border-top:none;border-left:none'>400000<\/td>\r\n  <td class=xl709626 style='border-top:none;border-left:none'>Transferencias,\r\n  Asignaciones, Subsidio<\/td>\r\n  <td class=xl719626 style='border-top:none;border-left:none'>$14,347,139.07<\/td>\r\n  <td class=xl719626 style='border-top:none;border-left:none'>$0.00<\/td>\r\n  <td class=xl719626 style='border-top:none;border-left:none'>$5,456,820.42<\/td>\r\n  <td class=xl709626 style='border-top:none;border-left:none'>400000<\/td>\r\n  <td class=xl709626 style='border-top:none;border-left:none'>Transferencias,\r\n  Asignaciones, Subsidio<\/td>\r\n  <td class=xl719626 style='border-top:none;border-left:none'>$14,347,139.07<\/td>\r\n  <td class=xl719626 style='border-top:none;border-left:none'>$0.00<\/td>\r\n  <td class=xl719626 style='border-top:none;border-left:none'>$5,456,820.42<\/td>\r\n  <td class=xl709626 style='border-top:none;border-left:none'>El\r\n  presupuesto<span style='mso-spacerun:yes'>\u00a0 <\/span>que se reporta en este\r\n  per\u00edodo no ha sufrido modificaciones<\/td>\r\n  <td class=xl729626 style='border-top:none;border-left:none'>02-nov-17<\/td>\r\n  <td class=xl709626 style='border-top:none;border-left:none'>Tesorer\u00eda\r\n  Municipal de Apan Hidalgo<\/td>\r\n  <td class=xl709626 style='border-top:none;border-left:none'>2017<\/td>\r\n  <td class=xl729626 style='border-top:none;border-left:none'>02-nov-17<\/td>\r\n <\/tr>\r\n <tr height=17 style='height:12.75pt'>\r\n  <td height=17 class=xl709626 style='height:12.75pt;border-top:none'>2017<\/td>\r\n  <td class=xl709626 style='border-top:none;border-left:none'>Julio<span\r\n  style='mso-spacerun:yes'>\u00a0 <\/span>- Septiembre<\/td>\r\n  <td class=xl709626 style='border-top:none;border-left:none'>500000<\/td>\r\n  <td class=xl709626 style='border-top:none;border-left:none'>Bienes Muebles,\r\n  Inmuebles e Intangibles<\/td>\r\n  <td class=xl719626 style='border-top:none;border-left:none'>$0.00<\/td>\r\n  <td class=xl719626 style='border-top:none;border-left:none'>$0.00<\/td>\r\n  <td class=xl719626 style='border-top:none;border-left:none'>$195,970.77<\/td>\r\n  <td class=xl709626 style='border-top:none;border-left:none'>500000<\/td>\r\n  <td class=xl709626 style='border-top:none;border-left:none'>Bienes Muebles,\r\n  Inmuebles e Intangibles<\/td>\r\n  <td class=xl719626 style='border-top:none;border-left:none'>$0.00<\/td>\r\n  <td class=xl719626 style='border-top:none;border-left:none'>$0.00<\/td>\r\n  <td class=xl719626 style='border-top:none;border-left:none'>$195,970.77<\/td>\r\n  <td class=xl709626 style='border-top:none;border-left:none'>El\r\n  presupuesto<span style='mso-spacerun:yes'>\u00a0 <\/span>que se reporta en este\r\n  per\u00edodo no ha sufrido modificaciones<\/td>\r\n  <td class=xl729626 style='border-top:none;border-left:none'>02-nov-17<\/td>\r\n  <td class=xl709626 style='border-top:none;border-left:none'>Tesorer\u00eda\r\n  Municipal de Apan Hidalgo<\/td>\r\n  <td class=xl709626 style='border-top:none;border-left:none'>2017<\/td>\r\n  <td class=xl729626 style='border-top:none;border-left:none'>02-nov-17<\/td>\r\n <\/tr>\r\n <tr height=17 style='height:12.75pt'>\r\n  <td height=17 class=xl709626 style='height:12.75pt;border-top:none'>2017<\/td>\r\n  <td class=xl709626 style='border-top:none;border-left:none'>Julio<span\r\n  style='mso-spacerun:yes'>\u00a0 <\/span>- Septiembre<\/td>\r\n  <td class=xl709626 style='border-top:none;border-left:none'>600000<\/td>\r\n  <td class=xl709626 style='border-top:none;border-left:none'>Inversi\u00f3n\r\n  P\u00fablica<span style='mso-spacerun:yes'>\u00a0<\/span><\/td>\r\n  <td class=xl719626 style='border-top:none;border-left:none'>$20,936,543.00<\/td>\r\n  <td class=xl719626 style='border-top:none;border-left:none'>$0.00<\/td>\r\n  <td class=xl719626 style='border-top:none;border-left:none'>$1,445,948.00<\/td>\r\n  <td class=xl709626 style='border-top:none;border-left:none'>600000<\/td>\r\n  <td class=xl709626 style='border-top:none;border-left:none'>Inversi\u00f3n\r\n  P\u00fablica<span style='mso-spacerun:yes'>\u00a0<\/span><\/td>\r\n  <td class=xl719626 style='border-top:none;border-left:none'>$20,936,543.00<\/td>\r\n  <td class=xl719626 style='border-top:none;border-left:none'>$0.00<\/td>\r\n  <td class=xl719626 style='border-top:none;border-left:none'>$1,445,948.00<\/td>\r\n  <td class=xl709626 style='border-top:none;border-left:none'>El\r\n  presupuesto<span style='mso-spacerun:yes'>\u00a0 <\/span>que se reporta en este\r\n  per\u00edodo no ha sufrido modificaciones<\/td>\r\n  <td class=xl729626 style='border-top:none;border-left:none'>02-nov-17<\/td>\r\n  <td class=xl709626 style='border-top:none;border-left:none'>Tesorer\u00eda\r\n  Municipal de Apan Hidalgo<\/td>\r\n  <td class=xl709626 style='border-top:none;border-left:none'>2017<\/td>\r\n  <td class=xl729626 style='border-top:none;border-left:none'>02-nov-17<\/td>\r\n <\/tr>\r\n <![if supportMisalignedColumns]>\r\n <tr height=0 style='display:none'>\r\n  <td width=155 style='width:116pt'><\/td>\r\n  <td width=118 style='width:89pt'><\/td>\r\n  <td width=270 style='width:203pt'><\/td>\r\n  <td width=203 style='width:152pt'><\/td>\r\n  <td width=176 style='width:132pt'><\/td>\r\n  <td width=185 style='width:139pt'><\/td>\r\n  <td width=170 style='width:128pt'><\/td>\r\n  <td width=99 style='width:74pt'><\/td>\r\n  <td width=203 style='width:152pt'><\/td>\r\n  <td width=185 style='width:139pt'><\/td>\r\n  <td width=193 style='width:145pt'><\/td>\r\n  <td width=178 style='width:134pt'><\/td>\r\n  <td width=384 style='width:288pt'><\/td>\r\n  <td width=103 style='width:77pt'><\/td>\r\n  <td width=210 style='width:158pt'><\/td>\r\n  <td width=43 style='width:32pt'><\/td>\r\n  <td width=119 style='width:89pt'><\/td>\r\n <\/tr>\r\n <![endif]>\r\n<\/table>\r\n\r\n<\/div>\r\n\t\t\t\t<\/div>\n\t\t\t\t<\/div>\n\t\t\t\t\t<\/div>\n\t\t<\/div>\n\t\t\t\t\t<\/div>\n\t\t<\/section>\n\t\t\t\t<\/div>\n\t\t","protected":false},"excerpt":{"rendered":"<p>TITULO NOMBRE CORTO DESCRIPCION &nbsp; &nbsp; &nbsp; &nbsp; &nbsp; &nbsp; &nbsp; &nbsp; &nbsp; &nbsp; &nbsp; &nbsp; &nbsp; &nbsp; FRACCI\u00d3N XXXI.- Avances program\u00e1ticos y presupuestales. a69_f31 Informe de avances program\u00e1ticos o presupuestales, balances generales y su estado financiero; &nbsp; &nbsp; &nbsp; &nbsp; &nbsp; &nbsp; &nbsp; &nbsp; &nbsp; &nbsp; &nbsp; &nbsp; &nbsp; &nbsp; 1 1 1 2 [&hellip;]<\/p>\n","protected":false},"author":1,"featured_media":0,"parent":0,"menu_order":0,"comment_status":"closed","ping_status":"closed","template":"page-template-full.php","meta":{"footnotes":""},"class_list":["post-1267","page","type-page","status-publish","hentry"],"jetpack_sharing_enabled":true,"_links":{"self":[{"href":"https:\/\/apan.gob.mx\/portal\/wp-json\/wp\/v2\/pages\/1267","targetHints":{"allow":["GET"]}}],"collection":[{"href":"https:\/\/apan.gob.mx\/portal\/wp-json\/wp\/v2\/pages"}],"about":[{"href":"https:\/\/apan.gob.mx\/portal\/wp-json\/wp\/v2\/types\/page"}],"author":[{"embeddable":true,"href":"https:\/\/apan.gob.mx\/portal\/wp-json\/wp\/v2\/users\/1"}],"replies":[{"embeddable":true,"href":"https:\/\/apan.gob.mx\/portal\/wp-json\/wp\/v2\/comments?post=1267"}],"version-history":[{"count":2,"href":"https:\/\/apan.gob.mx\/portal\/wp-json\/wp\/v2\/pages\/1267\/revisions"}],"predecessor-version":[{"id":1269,"href":"https:\/\/apan.gob.mx\/portal\/wp-json\/wp\/v2\/pages\/1267\/revisions\/1269"}],"wp:attachment":[{"href":"https:\/\/apan.gob.mx\/portal\/wp-json\/wp\/v2\/media?parent=1267"}],"curies":[{"name":"wp","href":"https:\/\/api.w.org\/{rel}","templated":true}]}}