{"id":1271,"date":"2017-12-09T00:40:45","date_gmt":"2017-12-09T00:40:45","guid":{"rendered":"https:\/\/apan.gob.mx\/portal\/?page_id=1271"},"modified":"2017-12-09T00:41:54","modified_gmt":"2017-12-09T00:41:54","slug":"fraccion_xxxlll","status":"publish","type":"page","link":"https:\/\/apan.gob.mx\/portal\/fraccion_xxxlll\/","title":{"rendered":"<!--fraccion XXXlll-->"},"content":{"rendered":"\t\t<div data-elementor-type=\"wp-page\" data-elementor-id=\"1271\" class=\"elementor elementor-1271 elementor-bc-flex-widget\">\n\t\t\t\t\t\t<section class=\"has_ae_slider elementor-section elementor-top-section elementor-element elementor-element-n4orzlk elementor-section-boxed elementor-section-height-default elementor-section-height-default ae-bg-gallery-type-default\" data-id=\"n4orzlk\" data-element_type=\"section\" data-e-type=\"section\">\n\t\t\t\t\t\t<div class=\"elementor-container elementor-column-gap-default\">\n\t\t\t\t\t<div class=\"has_ae_slider elementor-column elementor-col-100 elementor-top-column elementor-element elementor-element-po7z3hn ae-bg-gallery-type-default\" data-id=\"po7z3hn\" data-element_type=\"column\" data-e-type=\"column\">\n\t\t\t<div class=\"elementor-widget-wrap elementor-element-populated\">\n\t\t\t\t\t\t<div class=\"elementor-element elementor-element-eqgvnhu elementor-widget elementor-widget-html\" data-id=\"eqgvnhu\" data-element_type=\"widget\" data-e-type=\"widget\" data-widget_type=\"html.default\">\n\t\t\t\t<div class=\"elementor-widget-container\">\n\t\t\t\t\t<style id=\"Formato FRACCI\u00d3N XXXIII_11925_Styles\">\r\n<!--table\r\n\t{mso-displayed-decimal-separator:\"\\.\";\r\n\tmso-displayed-thousand-separator:\"\\,\";}\r\n.xl1511925\r\n\t{padding-top:1px;\r\n\tpadding-right:1px;\r\n\tpadding-left:1px;\r\n\tmso-ignore:padding;\r\n\tcolor:windowtext;\r\n\tfont-size:10.0pt;\r\n\tfont-weight:400;\r\n\tfont-style:normal;\r\n\ttext-decoration:none;\r\n\tfont-family:Arial;\r\n\tmso-generic-font-family:auto;\r\n\tmso-font-charset:0;\r\n\tmso-number-format:General;\r\n\ttext-align:general;\r\n\tvertical-align:bottom;\r\n\tmso-background-source:auto;\r\n\tmso-pattern:auto;\r\n\twhite-space:nowrap;}\r\n.xl6411925\r\n\t{padding-top:1px;\r\n\tpadding-right:1px;\r\n\tpadding-left:1px;\r\n\tmso-ignore:padding;\r\n\tcolor:white;\r\n\tfont-size:8.0pt;\r\n\tfont-weight:700;\r\n\tfont-style:normal;\r\n\ttext-decoration:none;\r\n\tfont-family:Arial, sans-serif;\r\n\tmso-font-charset:0;\r\n\tmso-number-format:General;\r\n\ttext-align:center;\r\n\tvertical-align:bottom;\r\n\tborder:.5pt solid black;\r\n\tbackground:#333333;\r\n\tmso-pattern:black none;\r\n\twhite-space:nowrap;}\r\n.xl6511925\r\n\t{padding-top:1px;\r\n\tpadding-right:1px;\r\n\tpadding-left:1px;\r\n\tmso-ignore:padding;\r\n\tcolor:windowtext;\r\n\tfont-size:8.0pt;\r\n\tfont-weight:400;\r\n\tfont-style:normal;\r\n\ttext-decoration:none;\r\n\tfont-family:Arial, sans-serif;\r\n\tmso-font-charset:0;\r\n\tmso-number-format:General;\r\n\ttext-align:general;\r\n\tvertical-align:bottom;\r\n\tmso-background-source:auto;\r\n\tmso-pattern:auto;\r\n\twhite-space:nowrap;}\r\n.xl6611925\r\n\t{padding-top:1px;\r\n\tpadding-right:1px;\r\n\tpadding-left:1px;\r\n\tmso-ignore:padding;\r\n\tcolor:black;\r\n\tfont-size:8.0pt;\r\n\tfont-weight:400;\r\n\tfont-style:normal;\r\n\ttext-decoration:none;\r\n\tfont-family:Arial, sans-serif;\r\n\tmso-font-charset:0;\r\n\tmso-number-format:General;\r\n\ttext-align:center;\r\n\tvertical-align:middle;\r\n\tborder:.5pt solid black;\r\n\tbackground:#E1E1E1;\r\n\tmso-pattern:black none;\r\n\twhite-space:nowrap;}\r\n.xl6711925\r\n\t{padding-top:1px;\r\n\tpadding-right:1px;\r\n\tpadding-left:1px;\r\n\tmso-ignore:padding;\r\n\tcolor:black;\r\n\tfont-size:8.0pt;\r\n\tfont-weight:400;\r\n\tfont-style:normal;\r\n\ttext-decoration:none;\r\n\tfont-family:Arial, sans-serif;\r\n\tmso-font-charset:0;\r\n\tmso-number-format:General;\r\n\ttext-align:center;\r\n\tvertical-align:middle;\r\n\tborder:.5pt solid black;\r\n\tbackground:#E1E1E1;\r\n\tmso-pattern:black none;\r\n\twhite-space:normal;}\r\n.xl6811925\r\n\t{padding-top:1px;\r\n\tpadding-right:1px;\r\n\tpadding-left:1px;\r\n\tmso-ignore:padding;\r\n\tcolor:windowtext;\r\n\tfont-size:10.0pt;\r\n\tfont-weight:400;\r\n\tfont-style:normal;\r\n\ttext-decoration:none;\r\n\tfont-family:Arial;\r\n\tmso-generic-font-family:auto;\r\n\tmso-font-charset:0;\r\n\tmso-number-format:General;\r\n\ttext-align:center;\r\n\tvertical-align:middle;\r\n\tmso-background-source:auto;\r\n\tmso-pattern:auto;\r\n\twhite-space:nowrap;}\r\n.xl6911925\r\n\t{padding-top:1px;\r\n\tpadding-right:1px;\r\n\tpadding-left:1px;\r\n\tmso-ignore:padding;\r\n\tcolor:black;\r\n\tfont-size:8.0pt;\r\n\tfont-weight:400;\r\n\tfont-style:normal;\r\n\ttext-decoration:none;\r\n\tfont-family:Arial, sans-serif;\r\n\tmso-font-charset:0;\r\n\tmso-number-format:General;\r\n\ttext-align:center;\r\n\tvertical-align:middle;\r\n\tborder-top:.5pt solid black;\r\n\tborder-right:.5pt solid black;\r\n\tborder-bottom:none;\r\n\tborder-left:.5pt solid black;\r\n\tbackground:#E1E1E1;\r\n\tmso-pattern:black none;\r\n\twhite-space:nowrap;}\r\n.xl7011925\r\n\t{padding-top:1px;\r\n\tpadding-right:1px;\r\n\tpadding-left:1px;\r\n\tmso-ignore:padding;\r\n\tcolor:windowtext;\r\n\tfont-size:8.0pt;\r\n\tfont-weight:400;\r\n\tfont-style:normal;\r\n\ttext-decoration:none;\r\n\tfont-family:Arial, sans-serif;\r\n\tmso-font-charset:0;\r\n\tmso-number-format:General;\r\n\ttext-align:center;\r\n\tvertical-align:middle;\r\n\tborder:.5pt solid windowtext;\r\n\tbackground:white;\r\n\tmso-pattern:black none;\r\n\twhite-space:nowrap;}\r\n.xl7111925\r\n\t{padding-top:1px;\r\n\tpadding-right:1px;\r\n\tpadding-left:1px;\r\n\tmso-ignore:padding;\r\n\tcolor:windowtext;\r\n\tfont-size:8.0pt;\r\n\tfont-weight:400;\r\n\tfont-style:normal;\r\n\ttext-decoration:none;\r\n\tfont-family:Arial, sans-serif;\r\n\tmso-font-charset:0;\r\n\tmso-number-format:\"Short Date\";\r\n\ttext-align:center;\r\n\tvertical-align:middle;\r\n\tborder:.5pt solid windowtext;\r\n\tbackground:white;\r\n\tmso-pattern:black none;\r\n\twhite-space:nowrap;}\r\n.xl7211925\r\n\t{padding-top:1px;\r\n\tpadding-right:1px;\r\n\tpadding-left:1px;\r\n\tmso-ignore:padding;\r\n\tcolor:#0563C1;\r\n\tfont-size:8.0pt;\r\n\tfont-weight:400;\r\n\tfont-style:normal;\r\n\ttext-decoration:underline;\r\n\ttext-underline-style:single;\r\n\tfont-family:Arial, sans-serif;\r\n\tmso-font-charset:0;\r\n\tmso-number-format:General;\r\n\ttext-align:center;\r\n\tvertical-align:middle;\r\n\tborder:.5pt solid windowtext;\r\n\tbackground:white;\r\n\tmso-pattern:black none;\r\n\twhite-space:nowrap;}\r\n.xl7311925\r\n\t{padding-top:1px;\r\n\tpadding-right:1px;\r\n\tpadding-left:1px;\r\n\tmso-ignore:padding;\r\n\tcolor:windowtext;\r\n\tfont-size:8.0pt;\r\n\tfont-weight:400;\r\n\tfont-style:normal;\r\n\ttext-decoration:none;\r\n\tfont-family:Arial, sans-serif;\r\n\tmso-font-charset:0;\r\n\tmso-number-format:General;\r\n\ttext-align:center;\r\n\tvertical-align:middle;\r\n\tbackground:white;\r\n\tmso-pattern:black none;\r\n\twhite-space:nowrap;}\r\n.xl7411925\r\n\t{padding-top:1px;\r\n\tpadding-right:1px;\r\n\tpadding-left:1px;\r\n\tmso-ignore:padding;\r\n\tcolor:windowtext;\r\n\tfont-size:8.0pt;\r\n\tfont-weight:400;\r\n\tfont-style:normal;\r\n\ttext-decoration:none;\r\n\tfont-family:Arial, sans-serif;\r\n\tmso-font-charset:0;\r\n\tmso-number-format:General;\r\n\ttext-align:general;\r\n\tvertical-align:bottom;\r\n\tbackground:white;\r\n\tmso-pattern:black none;\r\n\twhite-space:nowrap;}\r\n-->\r\n<\/style>\r\n<\/head>\r\n\r\n<body>\r\n<!--[if !excel]>&nbsp;&nbsp;<![endif]-->\r\n<!--La siguiente informaci\u00f3n se gener\u00f3 mediante el Asistente para publicar como\r\np\u00e1gina web de Microsoft Excel.-->\r\n<!--Si se vuelve a publicar el mismo elemento desde Excel, se reemplazar\u00e1 toda\r\nla informaci\u00f3n comprendida entre las etiquetas DIV.-->\r\n<!----------------------------->\r\n<!--INICIO DE LOS RESULTADOS DEL ASISTENTE PARA PUBLICAR COMO P\u00c1GINA WEB DE\r\nEXCEL -->\r\n<!----------------------------->\r\n\r\n<div id=\"Formato FRACCI\u00d3N XXXIII_11925\" align=center x:publishsource=\"Excel\">\r\n\r\n<table border=0 cellpadding=0 cellspacing=0 width=3415 style='border-collapse:\r\n collapse;table-layout:fixed;width:2563pt'>\r\n <col width=89 style='mso-width-source:userset;mso-width-alt:3254;width:67pt'>\r\n <col width=119 style='mso-width-source:userset;mso-width-alt:4352;width:89pt'>\r\n <col width=294 style='mso-width-source:userset;mso-width-alt:10752;width:221pt'>\r\n <col width=144 style='mso-width-source:userset;mso-width-alt:5266;width:108pt'>\r\n <col width=238 style='mso-width-source:userset;mso-width-alt:8704;width:179pt'>\r\n <col width=212 style='mso-width-source:userset;mso-width-alt:7753;width:159pt'>\r\n <col width=139 style='mso-width-source:userset;mso-width-alt:5083;width:104pt'>\r\n <col width=242 style='mso-width-source:userset;mso-width-alt:8850;width:182pt'>\r\n <col width=129 style='mso-width-source:userset;mso-width-alt:4717;width:97pt'>\r\n <col width=143 style='mso-width-source:userset;mso-width-alt:5229;width:107pt'>\r\n <col width=245 style='mso-width-source:userset;mso-width-alt:8960;width:184pt'>\r\n <col width=473 span=2 style='mso-width-source:userset;mso-width-alt:17298;\r\n width:355pt'>\r\n <col width=103 style='mso-width-source:userset;mso-width-alt:3766;width:77pt'>\r\n <col width=210 style='mso-width-source:userset;mso-width-alt:7680;width:158pt'>\r\n <col width=43 style='mso-width-source:userset;mso-width-alt:1572;width:32pt'>\r\n <col width=119 style='mso-width-source:userset;mso-width-alt:4352;width:89pt'>\r\n <tr height=17 style='height:12.75pt'>\r\n  <td height=17 class=xl6411925 width=89 style='height:12.75pt;width:67pt'>TITULO<\/td>\r\n  <td class=xl6411925 width=119 style='border-left:none;width:89pt'>NOMBRE\r\n  CORTO<\/td>\r\n  <td class=xl6411925 width=294 style='border-left:none;width:221pt'>DESCRIPCION<\/td>\r\n  <td class=xl7411925 width=144 style='width:108pt'>&nbsp;<\/td>\r\n  <td class=xl7411925 width=238 style='width:179pt'>&nbsp;<\/td>\r\n  <td class=xl7411925 width=212 style='width:159pt'>&nbsp;<\/td>\r\n  <td class=xl7411925 width=139 style='width:104pt'>&nbsp;<\/td>\r\n  <td class=xl7411925 width=242 style='width:182pt'>&nbsp;<\/td>\r\n  <td class=xl7411925 width=129 style='width:97pt'>&nbsp;<\/td>\r\n  <td class=xl7411925 width=143 style='width:107pt'>&nbsp;<\/td>\r\n  <td class=xl7411925 width=245 style='width:184pt'>&nbsp;<\/td>\r\n  <td class=xl7411925 width=473 style='width:355pt'>&nbsp;<\/td>\r\n  <td class=xl7411925 width=473 style='width:355pt'>&nbsp;<\/td>\r\n  <td class=xl7411925 width=103 style='width:77pt'>&nbsp;<\/td>\r\n  <td class=xl7411925 width=210 style='width:158pt'>&nbsp;<\/td>\r\n  <td class=xl7411925 width=43 style='width:32pt'>&nbsp;<\/td>\r\n  <td class=xl7411925 width=119 style='width:89pt'>&nbsp;<\/td>\r\n <\/tr>\r\n <tr class=xl6811925 height=30 style='height:22.5pt'>\r\n  <td height=30 class=xl6611925 style='height:22.5pt;border-top:none'>FRACCI\u00d3N\r\n  XXXIII<\/td>\r\n  <td class=xl6611925 style='border-top:none;border-left:none'>LTAIPEH69FXXXIII<\/td>\r\n  <td class=xl6711925 width=294 style='border-top:none;border-left:none;\r\n  width:221pt'>Los convenios de coordinaci\u00f3n de concertaci\u00f3n con los sectores\r\n  social y privado;<\/td>\r\n  <td class=xl7311925>&nbsp;<\/td>\r\n  <td class=xl7311925>&nbsp;<\/td>\r\n  <td class=xl7311925>&nbsp;<\/td>\r\n  <td class=xl7311925>&nbsp;<\/td>\r\n  <td class=xl7311925>&nbsp;<\/td>\r\n  <td class=xl7311925>&nbsp;<\/td>\r\n  <td class=xl7311925>&nbsp;<\/td>\r\n  <td class=xl7311925>&nbsp;<\/td>\r\n  <td class=xl7311925>&nbsp;<\/td>\r\n  <td class=xl7311925>&nbsp;<\/td>\r\n  <td class=xl7311925>&nbsp;<\/td>\r\n  <td class=xl7311925>&nbsp;<\/td>\r\n  <td class=xl7311925>&nbsp;<\/td>\r\n  <td class=xl7311925>&nbsp;<\/td>\r\n <\/tr>\r\n <tr height=0 style='display:none'>\r\n  <td class=xl6511925>1<\/td>\r\n  <td class=xl6511925>1<\/td>\r\n  <td class=xl6511925>9<\/td>\r\n  <td class=xl6511925>4<\/td>\r\n  <td class=xl6511925>2<\/td>\r\n  <td class=xl6511925>10<\/td>\r\n  <td class=xl6511925>2<\/td>\r\n  <td class=xl6511925>2<\/td>\r\n  <td class=xl6511925>4<\/td>\r\n  <td class=xl6511925>4<\/td>\r\n  <td class=xl6511925>4<\/td>\r\n  <td class=xl6511925>7<\/td>\r\n  <td class=xl6511925>7<\/td>\r\n  <td class=xl6511925>4<\/td>\r\n  <td class=xl6511925>2<\/td>\r\n  <td class=xl6511925>12<\/td>\r\n  <td class=xl6511925>13<\/td>\r\n <\/tr>\r\n <tr height=0 style='display:none'>\r\n  <td class=xl6511925>236301<\/td>\r\n  <td class=xl6511925>236300<\/td>\r\n  <td class=xl6511925>236313<\/td>\r\n  <td class=xl6511925>236310<\/td>\r\n  <td class=xl6511925>236304<\/td>\r\n  <td class=xl6511925>236314<\/td>\r\n  <td class=xl6511925>236302<\/td>\r\n  <td class=xl6511925>236305<\/td>\r\n  <td class=xl6511925>236306<\/td>\r\n  <td class=xl6511925>236307<\/td>\r\n  <td class=xl6511925>236308<\/td>\r\n  <td class=xl6511925>236311<\/td>\r\n  <td class=xl6511925>236312<\/td>\r\n  <td class=xl6511925>236309<\/td>\r\n  <td class=xl6511925>236303<\/td>\r\n  <td class=xl6511925>236315<\/td>\r\n  <td class=xl6511925>236316<\/td>\r\n <\/tr>\r\n <tr height=17 style='height:12.75pt'>\r\n  <td colspan=17 height=17 class=xl6411925 style='height:12.75pt'>Tabla Campos<\/td>\r\n <\/tr>\r\n <tr class=xl6811925 height=17 style='height:12.75pt'>\r\n  <td height=17 class=xl6911925 style='height:12.75pt'>Ejercicio<\/td>\r\n  <td class=xl6911925 style='border-left:none'>Periodo que se informa<\/td>\r\n  <td class=xl6911925 style='border-left:none'>Tipo de convenio<\/td>\r\n  <td class=xl6911925 style='border-left:none'>Fecha de firma del convenio<\/td>\r\n  <td class=xl6911925 style='border-left:none'>Unidad Administrativa\r\n  responsable seguimiento<\/td>\r\n  <td class=xl6911925 style='border-left:none'>Persona con quien se celebra el\r\n  convenio<\/td>\r\n  <td class=xl6911925 style='border-left:none'>Objetivo(s) del convenio<\/td>\r\n  <td class=xl6911925 style='border-left:none'>Tipo y fuente de los recursos\r\n  que se emplear\u00e1n<\/td>\r\n  <td class=xl6911925 style='border-left:none'>Inicio Periodo de vigencia<\/td>\r\n  <td class=xl6911925 style='border-left:none'>T\u00e9rmino Periodo de vigencia<\/td>\r\n  <td class=xl6911925 style='border-left:none'>Fecha de publicaci\u00f3n en DOF u\r\n  otro medio oficial<\/td>\r\n  <td class=xl6911925 style='border-left:none'>Hiperv\u00ednculo al documento<\/td>\r\n  <td class=xl6911925 style='border-left:none'>Hiperv\u00ednculo al documento con\r\n  modificaciones<span style='mso-spacerun:yes'>\u00a0<\/span><\/td>\r\n  <td class=xl6911925 style='border-left:none'>Fecha de validaci\u00f3n<\/td>\r\n  <td class=xl6911925 style='border-left:none'>\u00c1rea(s) responsable(s) de la\r\n  informaci\u00f3n<\/td>\r\n  <td class=xl6911925 style='border-left:none'>A\u00f1o<\/td>\r\n  <td class=xl6911925 style='border-left:none'>Fecha de actualizaci\u00f3n<\/td>\r\n <\/tr>\r\n <tr class=xl6811925 height=17 style='height:12.75pt'>\r\n  <td height=17 class=xl7011925 style='height:12.75pt'>2017<\/td>\r\n  <td class=xl7111925 style='border-left:none'>Julio-Septiembre<\/td>\r\n  <td class=xl7011925 style='border-left:none'>De concertaci\u00f3n con el sector\r\n  social<\/td>\r\n  <td class=xl7111925 style='border-left:none'>25\/11\/2016<\/td>\r\n  <td class=xl7011925 style='border-left:none'>Desarrollo Agropecuario y\r\n  sustentabilidad<span style='mso-spacerun:yes'>\u00a0<\/span><\/td>\r\n  <td class=xl7011925 style='border-left:none'>CBTa 152<\/td>\r\n  <td class=xl7011925 style='border-left:none'>establecer vivero municipal<\/td>\r\n  <td class=xl7011925 style='border-left:none'>humanos y economicos<\/td>\r\n  <td class=xl7111925 style='border-left:none'>25\/11\/2016<\/td>\r\n  <td class=xl7111925 style='border-left:none'>25\/11\/2020<\/td>\r\n  <td class=xl7111925 style='border-left:none'>25\/11\/2020<\/td>\r\n  <td class=xl7211925 style='border-left:none'><a\r\n  href=\"https:\/\/www.apan.gob.mx\/descargables\/transparencia\/articulo69\/fraccion33\/FrXXXIIIa1_1.pdf\"><span\r\n  style='font-size:8.0pt'>https:\/\/www.apan.gob.mx\/descargables\/transparencia\/articulo69\/fraccion33\/FrXXXIIIa1_1.pdf<\/span><\/a><\/td>\r\n  <td class=xl7211925 style='border-left:none'><a\r\n  href=\"https:\/\/www.apan.gob.mx\/descargables\/transparencia\/articulo69\/fraccion33\/FrXXXIIIa1_2.pdf\"><span\r\n  style='font-size:8.0pt'>https:\/\/www.apan.gob.mx\/descargables\/transparencia\/articulo69\/fraccion33\/FrXXXIIIa1_2.pdf<\/span><\/a><\/td>\r\n  <td class=xl7111925 style='border-left:none'>01\/04\/2017<\/td>\r\n  <td class=xl7011925 style='border-left:none'>Juridico municipal<\/td>\r\n  <td class=xl7011925 style='border-left:none'>2017<\/td>\r\n  <td class=xl7111925 style='border-left:none'>02\/10\/2017<\/td>\r\n <\/tr>\r\n <![if supportMisalignedColumns]>\r\n <tr height=0 style='display:none'>\r\n  <td width=89 style='width:67pt'><\/td>\r\n  <td width=119 style='width:89pt'><\/td>\r\n  <td width=294 style='width:221pt'><\/td>\r\n  <td width=144 style='width:108pt'><\/td>\r\n  <td width=238 style='width:179pt'><\/td>\r\n  <td width=212 style='width:159pt'><\/td>\r\n  <td width=139 style='width:104pt'><\/td>\r\n  <td width=242 style='width:182pt'><\/td>\r\n  <td width=129 style='width:97pt'><\/td>\r\n  <td width=143 style='width:107pt'><\/td>\r\n  <td width=245 style='width:184pt'><\/td>\r\n  <td width=473 style='width:355pt'><\/td>\r\n  <td width=473 style='width:355pt'><\/td>\r\n  <td width=103 style='width:77pt'><\/td>\r\n  <td width=210 style='width:158pt'><\/td>\r\n  <td width=43 style='width:32pt'><\/td>\r\n  <td width=119 style='width:89pt'><\/td>\r\n <\/tr>\r\n <![endif]>\r\n<\/table>\r\n\r\n<\/div>\r\n\t\t\t\t<\/div>\n\t\t\t\t<\/div>\n\t\t\t\t\t<\/div>\n\t\t<\/div>\n\t\t\t\t\t<\/div>\n\t\t<\/section>\n\t\t\t\t<\/div>\n\t\t","protected":false},"excerpt":{"rendered":"<p>TITULO NOMBRE CORTO DESCRIPCION &nbsp; &nbsp; &nbsp; &nbsp; &nbsp; &nbsp; &nbsp; &nbsp; &nbsp; &nbsp; &nbsp; &nbsp; &nbsp; &nbsp; FRACCI\u00d3N XXXIII LTAIPEH69FXXXIII Los convenios de coordinaci\u00f3n de concertaci\u00f3n con los sectores social y privado; &nbsp; &nbsp; &nbsp; &nbsp; &nbsp; &nbsp; &nbsp; &nbsp; &nbsp; &nbsp; &nbsp; &nbsp; &nbsp; &nbsp; 1 1 9 4 2 10 2 2 [&hellip;]<\/p>\n","protected":false},"author":1,"featured_media":0,"parent":0,"menu_order":0,"comment_status":"closed","ping_status":"closed","template":"page-template-full.php","meta":{"footnotes":""},"class_list":["post-1271","page","type-page","status-publish","hentry"],"jetpack_sharing_enabled":true,"_links":{"self":[{"href":"https:\/\/apan.gob.mx\/portal\/wp-json\/wp\/v2\/pages\/1271","targetHints":{"allow":["GET"]}}],"collection":[{"href":"https:\/\/apan.gob.mx\/portal\/wp-json\/wp\/v2\/pages"}],"about":[{"href":"https:\/\/apan.gob.mx\/portal\/wp-json\/wp\/v2\/types\/page"}],"author":[{"embeddable":true,"href":"https:\/\/apan.gob.mx\/portal\/wp-json\/wp\/v2\/users\/1"}],"replies":[{"embeddable":true,"href":"https:\/\/apan.gob.mx\/portal\/wp-json\/wp\/v2\/comments?post=1271"}],"version-history":[{"count":2,"href":"https:\/\/apan.gob.mx\/portal\/wp-json\/wp\/v2\/pages\/1271\/revisions"}],"predecessor-version":[{"id":1273,"href":"https:\/\/apan.gob.mx\/portal\/wp-json\/wp\/v2\/pages\/1271\/revisions\/1273"}],"wp:attachment":[{"href":"https:\/\/apan.gob.mx\/portal\/wp-json\/wp\/v2\/media?parent=1271"}],"curies":[{"name":"wp","href":"https:\/\/api.w.org\/{rel}","templated":true}]}}