{"id":12937,"date":"2022-07-14T14:38:23","date_gmt":"2022-07-14T19:38:23","guid":{"rendered":"https:\/\/apan.gob.mx\/portal\/?page_id=12937"},"modified":"2025-11-25T16:04:54","modified_gmt":"2025-11-25T22:04:54","slug":"12937-2","status":"publish","type":"page","link":"https:\/\/apan.gob.mx\/portal\/2-2022\/12937-2\/","title":{"rendered":"<!--tesoreria-21-2022_2-->"},"content":{"rendered":"\t\t<div data-elementor-type=\"wp-page\" data-elementor-id=\"12937\" class=\"elementor elementor-12937\">\n\t\t\t\t\t\t<div class=\"elementor-inner\">\n\t\t\t\t<div class=\"elementor-section-wrap\">\n\t\t\t\t\t\t\t\t\t<section class=\"has_ae_slider elementor-section elementor-top-section elementor-element elementor-element-ukolhci elementor-section-boxed elementor-section-height-default elementor-section-height-default ae-bg-gallery-type-default\" data-id=\"ukolhci\" data-element_type=\"section\">\n\t\t\t\t\t\t<div class=\"elementor-container elementor-column-gap-default\">\n\t\t\t\t\t\t\t<div class=\"elementor-row\">\n\t\t\t\t\t<div class=\"has_ae_slider elementor-column elementor-col-100 elementor-top-column elementor-element elementor-element-zyrtkpw ae-bg-gallery-type-default\" data-id=\"zyrtkpw\" data-element_type=\"column\">\n\t\t\t<div class=\"elementor-column-wrap elementor-element-populated\">\n\t\t\t\t\t\t\t<div class=\"elementor-widget-wrap\">\n\t\t\t\t\t\t<div class=\"elementor-element elementor-element-o42yyee elementor-widget elementor-widget-heading\" data-id=\"o42yyee\" data-element_type=\"widget\" data-widget_type=\"heading.default\">\n\t\t\t\t<div class=\"elementor-widget-container\">\n\t\t\t<h2 class=\"elementor-heading-title elementor-size-medium\"><a href=\"https:\/\/www.apan.gob.mx\/descargables\/transparencia\/articulo69\/fraccion21\/2022_1\/tesoreria\/a\/a69_f21_a.xlsx\">Fracci\u00f3n XXI a, esta fracci\u00f3n podr\u00e1 consultarla en el cuarto trimestre del presente a\u00f1o, por ser una fracci\u00f3n de publicaci\u00f3n anual<\/a><\/h2>\t\t<\/div>\n\t\t\t\t<\/div>\n\t\t\t\t<div class=\"elementor-element elementor-element-8riokij elementor-widget elementor-widget-button\" data-id=\"8riokij\" data-element_type=\"widget\" data-widget_type=\"button.default\">\n\t\t\t\t<div class=\"elementor-widget-container\">\n\t\t\t\t\t<div class=\"elementor-button-wrapper\">\n\t\t\t<a href=\"https:\/\/www.apan.gob.mx\/descargables\/transparencia\/articulo69\/fraccion21\/2022_2\/tesoreria\/b\/a69_f21_b.xlsx\" target=\"_blank\" class=\"elementor-button-link elementor-button elementor-size-sm\" role=\"button\">\n\t\t\t\t\t\t<span class=\"elementor-button-content-wrapper\">\n\t\t\t\t\t\t<span class=\"elementor-button-text\">Descargar archivo<\/span>\n\t\t<\/span>\n\t\t\t\t\t<\/a>\n\t\t<\/div>\n\t\t\t\t<\/div>\n\t\t\t\t<\/div>\n\t\t\t\t<div class=\"elementor-element elementor-element-58d0575 elementor-widget elementor-widget-heading\" data-id=\"58d0575\" data-element_type=\"widget\" data-widget_type=\"heading.default\">\n\t\t\t\t<div class=\"elementor-widget-container\">\n\t\t\t<h2 class=\"elementor-heading-title elementor-size-medium\">Fracci\u00f3n XXIb<\/h2>\t\t<\/div>\n\t\t\t\t<\/div>\n\t\t\t\t<div class=\"elementor-element elementor-element-5lp9izt elementor-widget elementor-widget-html\" data-id=\"5lp9izt\" data-element_type=\"widget\" data-widget_type=\"html.default\">\n\t\t\t\t<div class=\"elementor-widget-container\">\n\t\t\t<html xmlns:o=\"urn:schemas-microsoft-com:office:office\"\r\nxmlns:x=\"urn:schemas-microsoft-com:office:excel\"\r\nxmlns=\"http:\/\/www.w3.org\/TR\/REC-html40\">\r\n\r\n<head>\r\n<meta http-equiv=Content-Type content=\"text\/html; charset=windows-1252\">\r\n<meta name=ProgId content=Excel.Sheet>\r\n<meta name=Generator content=\"Microsoft Excel 15\">\r\n<link rel=File-List href=\"a69_f21_b_archivos\/filelist.xml\">\r\n<style id=\"a69_f21_b_23670_Styles\">\r\n<!--table\r\n\t{mso-displayed-decimal-separator:\"\\.\";\r\n\tmso-displayed-thousand-separator:\"\\,\";}\r\n.xl1523670\r\n\t{padding-top:1px;\r\n\tpadding-right:1px;\r\n\tpadding-left:1px;\r\n\tmso-ignore:padding;\r\n\tcolor:black;\r\n\tfont-size:11.0pt;\r\n\tfont-weight:400;\r\n\tfont-style:normal;\r\n\ttext-decoration:none;\r\n\tfont-family:Calibri, sans-serif;\r\n\tmso-font-charset:0;\r\n\tmso-number-format:General;\r\n\ttext-align:general;\r\n\tvertical-align:bottom;\r\n\tmso-background-source:auto;\r\n\tmso-pattern:auto;\r\n\twhite-space:nowrap;}\r\n.xl6523670\r\n\t{padding-top:1px;\r\n\tpadding-right:1px;\r\n\tpadding-left:1px;\r\n\tmso-ignore:padding;\r\n\tcolor:black;\r\n\tfont-size:10.0pt;\r\n\tfont-weight:400;\r\n\tfont-style:normal;\r\n\ttext-decoration:none;\r\n\tfont-family:Arial;\r\n\tmso-generic-font-family:auto;\r\n\tmso-font-charset:0;\r\n\tmso-number-format:General;\r\n\ttext-align:center;\r\n\tvertical-align:bottom;\r\n\tborder:.5pt solid windowtext;\r\n\tbackground:#E1E1E1;\r\n\tmso-pattern:black none;\r\n\twhite-space:normal;}\r\n.xl6623670\r\n\t{padding-top:1px;\r\n\tpadding-right:1px;\r\n\tpadding-left:1px;\r\n\tmso-ignore:padding;\r\n\tcolor:black;\r\n\tfont-size:11.0pt;\r\n\tfont-weight:400;\r\n\tfont-style:normal;\r\n\ttext-decoration:none;\r\n\tfont-family:Calibri, sans-serif;\r\n\tmso-font-charset:0;\r\n\tmso-number-format:General;\r\n\ttext-align:general;\r\n\tvertical-align:bottom;\r\n\tborder:.5pt solid windowtext;\r\n\tmso-background-source:auto;\r\n\tmso-pattern:auto;\r\n\twhite-space:nowrap;}\r\n.xl6723670\r\n\t{padding-top:1px;\r\n\tpadding-right:1px;\r\n\tpadding-left:1px;\r\n\tmso-ignore:padding;\r\n\tcolor:black;\r\n\tfont-size:11.0pt;\r\n\tfont-weight:400;\r\n\tfont-style:normal;\r\n\ttext-decoration:none;\r\n\tfont-family:Calibri, sans-serif;\r\n\tmso-font-charset:0;\r\n\tmso-number-format:\"Short Date\";\r\n\ttext-align:general;\r\n\tvertical-align:bottom;\r\n\tborder:.5pt solid windowtext;\r\n\tmso-background-source:auto;\r\n\tmso-pattern:auto;\r\n\twhite-space:nowrap;}\r\n.xl6823670\r\n\t{padding-top:1px;\r\n\tpadding-right:1px;\r\n\tpadding-left:1px;\r\n\tmso-ignore:padding;\r\n\tcolor:#0563C1;\r\n\tfont-size:11.0pt;\r\n\tfont-weight:400;\r\n\tfont-style:normal;\r\n\ttext-decoration:underline;\r\n\ttext-underline-style:single;\r\n\tfont-family:Calibri, sans-serif;\r\n\tmso-font-charset:0;\r\n\tmso-number-format:General;\r\n\ttext-align:general;\r\n\tvertical-align:bottom;\r\n\tmso-background-source:auto;\r\n\tmso-pattern:auto;\r\n\twhite-space:nowrap;}\r\n.xl6923670\r\n\t{padding-top:1px;\r\n\tpadding-right:1px;\r\n\tpadding-left:1px;\r\n\tmso-ignore:padding;\r\n\tcolor:white;\r\n\tfont-size:11.0pt;\r\n\tfont-weight:700;\r\n\tfont-style:normal;\r\n\ttext-decoration:none;\r\n\tfont-family:Arial;\r\n\tmso-generic-font-family:auto;\r\n\tmso-font-charset:0;\r\n\tmso-number-format:General;\r\n\ttext-align:center;\r\n\tvertical-align:bottom;\r\n\tborder:.5pt solid windowtext;\r\n\tbackground:#333333;\r\n\tmso-pattern:black none;\r\n\twhite-space:normal;}\r\n.xl7023670\r\n\t{padding-top:1px;\r\n\tpadding-right:1px;\r\n\tpadding-left:1px;\r\n\tmso-ignore:padding;\r\n\tcolor:black;\r\n\tfont-size:10.0pt;\r\n\tfont-weight:400;\r\n\tfont-style:normal;\r\n\ttext-decoration:none;\r\n\tfont-family:Arial;\r\n\tmso-generic-font-family:auto;\r\n\tmso-font-charset:0;\r\n\tmso-number-format:General;\r\n\ttext-align:general;\r\n\tvertical-align:bottom;\r\n\tborder:.5pt solid windowtext;\r\n\tbackground:#E1E1E1;\r\n\tmso-pattern:black none;\r\n\twhite-space:nowrap;}\r\n-->\r\n<\/style>\r\n<\/head>\r\n\r\n<body>\r\n<!--[if !excel]>&nbsp;&nbsp;<![endif]-->\r\n<!--La siguiente informaci\u00f3n se gener\u00f3 mediante el Asistente para publicar como\r\np\u00e1gina web de Microsoft Excel.-->\r\n<!--Si se vuelve a publicar el mismo elemento desde Excel, se reemplazar\u00e1 toda\r\nla informaci\u00f3n comprendida entre las etiquetas DIV.-->\r\n<!----------------------------->\r\n<!--INICIO DE LOS RESULTADOS DEL ASISTENTE PARA PUBLICAR COMO P\u00c1GINA WEB DE\r\nEXCEL -->\r\n<!----------------------------->\r\n\r\n<div id=\"a69_f21_b_23670\" align=center x:publishsource=\"Excel\">\r\n\r\n<table border=0 cellpadding=0 cellspacing=0 width=2628 style='border-collapse:\r\n collapse;table-layout:fixed;width:1971pt'>\r\n <col width=56 style='mso-width-source:userset;mso-width-alt:2048;width:42pt'>\r\n <col width=255 style='mso-width-source:userset;mso-width-alt:9325;width:191pt'>\r\n <col width=270 style='mso-width-source:userset;mso-width-alt:9874;width:203pt'>\r\n <col width=491 style='mso-width-source:userset;mso-width-alt:17956;width:368pt'>\r\n <col width=725 style='mso-width-source:userset;mso-width-alt:26514;width:544pt'>\r\n <col width=512 style='mso-width-source:userset;mso-width-alt:18724;width:384pt'>\r\n <col width=123 style='mso-width-source:userset;mso-width-alt:4498;width:92pt'>\r\n <col width=140 style='mso-width-source:userset;mso-width-alt:5120;width:105pt'>\r\n <col width=56 style='mso-width-source:userset;mso-width-alt:2048;width:42pt'>\r\n <tr height=0 style='display:none'>\r\n  <td class=xl1523670 width=56 style='width:42pt'>46582<\/td>\r\n  <td class=xl1523670 width=255 style='width:191pt'><\/td>\r\n  <td class=xl1523670 width=270 style='width:203pt'><\/td>\r\n  <td class=xl1523670 width=491 style='width:368pt'><\/td>\r\n  <td class=xl1523670 width=725 style='width:544pt'><\/td>\r\n  <td class=xl1523670 width=512 style='width:384pt'><\/td>\r\n  <td class=xl1523670 width=123 style='width:92pt'><\/td>\r\n  <td class=xl1523670 width=140 style='width:105pt'><\/td>\r\n  <td class=xl1523670 width=56 style='width:42pt'><\/td>\r\n <\/tr>\r\n <tr height=20 style='height:15.0pt'>\r\n  <td colspan=3 height=20 class=xl6923670 width=581 style='height:15.0pt;\r\n  width:436pt'>T\u00cdTULO<\/td>\r\n  <td colspan=3 class=xl6923670 width=1728 style='width:1296pt'>NOMBRE CORTO<\/td>\r\n  <td colspan=3 class=xl6923670 width=319 style='width:239pt'>DESCRIPCI\u00d3N<\/td>\r\n <\/tr>\r\n <tr height=20 style='height:15.0pt'>\r\n  <td colspan=3 height=20 class=xl7023670 style='height:15.0pt'>Presupuesto\r\n  asignado_Ejercicio de los egresos presupuestarios<\/td>\r\n  <td colspan=3 class=xl7023670>a69_f21_b<\/td>\r\n  <td colspan=3 class=xl7023670>El ejercicio de los egresos presupuestarios\r\n  pertenece al Estado Anal\u00edtico del Ejercicio del Presupuesto de Egresos,\r\n  generado de manera peri\u00f3dica y de acuerdo con la Ley General de Contabilidad\r\n  Gubernamental \u00e9ste deber\u00e1 contener \u00fanicamente los datos desglosados\r\n  correspondientes a la Clasificaci\u00f3n por Objeto del Gasto (Cap\u00edtulo y\r\n  Concepto), el hiperv\u00ednculo al Estado Anal\u00edtico del Ejercicio del Presupuesto\r\n  de Egresos completo.<\/td>\r\n <\/tr>\r\n <tr height=0 style='display:none'>\r\n  <td class=xl1523670>1<\/td>\r\n  <td class=xl1523670>4<\/td>\r\n  <td class=xl1523670>4<\/td>\r\n  <td class=xl1523670>10<\/td>\r\n  <td class=xl1523670>7<\/td>\r\n  <td class=xl1523670>2<\/td>\r\n  <td class=xl1523670>4<\/td>\r\n  <td class=xl1523670>13<\/td>\r\n  <td class=xl1523670>14<\/td>\r\n <\/tr>\r\n <tr height=0 style='display:none'>\r\n  <td class=xl1523670>393851<\/td>\r\n  <td class=xl1523670>393856<\/td>\r\n  <td class=xl1523670>393855<\/td>\r\n  <td class=xl1523670>393859<\/td>\r\n  <td class=xl1523670>393854<\/td>\r\n  <td class=xl1523670>393858<\/td>\r\n  <td class=xl1523670>393852<\/td>\r\n  <td class=xl1523670>393853<\/td>\r\n  <td class=xl1523670>393857<\/td>\r\n <\/tr>\r\n <tr height=20 style='height:15.0pt'>\r\n  <td colspan=9 height=20 class=xl6923670 width=2628 style='height:15.0pt;\r\n  width:1971pt'>Tabla Campos<\/td>\r\n <\/tr>\r\n <tr height=35 style='height:26.25pt'>\r\n  <td height=35 class=xl6523670 width=56 style='height:26.25pt;width:42pt'>Ejercicio<\/td>\r\n  <td class=xl6523670 width=255 style='border-left:none;width:191pt'>Fecha de\r\n  inicio del periodo que se informa<\/td>\r\n  <td class=xl6523670 width=270 style='border-left:none;width:203pt'>Fecha de\r\n  t\u00e9rmino del periodo que se informa<\/td>\r\n  <td class=xl6523670 width=491 style='border-left:none;width:368pt'>Clasificaci\u00f3n\r\n  del estado anal\u00edtico del ejercicio del presupuesto por objeto de gasto <br>\r\n    Tabla_393859<\/td>\r\n  <td class=xl6523670 width=725 style='border-left:none;width:544pt'>Hiperv\u00ednculo\r\n  al Estado anal\u00edtico del ejercicio del Presupuesto de Egresos<\/td>\r\n  <td class=xl6523670 width=512 style='border-left:none;width:384pt'>\u00c1rea(s)\r\n  responsable(s) que genera(n), posee(n), publica(n) y actualizan la\r\n  informaci\u00f3n<\/td>\r\n  <td class=xl6523670 width=123 style='border-left:none;width:92pt'>Fecha de\r\n  validaci\u00f3n<\/td>\r\n  <td class=xl6523670 width=140 style='border-left:none;width:105pt'>Fecha de\r\n  actualizaci\u00f3n<\/td>\r\n  <td class=xl6523670 width=56 style='border-left:none;width:42pt'>Nota<\/td>\r\n <\/tr>\r\n <tr height=20 style='height:15.0pt'>\r\n  <td height=20 class=xl6623670 align=right style='height:15.0pt;border-top:\r\n  none'>2022<\/td>\r\n  <td class=xl6723670 align=right style='border-top:none;border-left:none'>01\/04\/2022<\/td>\r\n  <td class=xl6723670 align=right style='border-top:none;border-left:none'>30\/06\/2022<\/td>\r\n  <td class=xl6623670 align=right style='border-top:none;border-left:none'>1<\/td>\r\n  <td class=xl6823670><a\r\n  href=\"https:\/\/www.apan.gob.mx\/descargables\/transparencia\/articulo69\/fraccion21\/2022_2\/tesoreria\/b\/FraXXIa1_1.pdf\">https:\/\/www.apan.gob.mx\/descargables\/transparencia\/articulo69\/fraccion21\/2022_2\/tesoreria\/b\/FraXXIa1_1.pdf<\/a><\/td>\r\n  <td class=xl6623670 style='border-top:none'>Tesorer\u00eda Municipal<\/td>\r\n  <td class=xl6723670 align=right style='border-top:none;border-left:none'>07\/07\/2022<\/td>\r\n  <td class=xl6723670 align=right style='border-top:none;border-left:none'>07\/07\/2022<\/td>\r\n  <td class=xl6623670 style='border-top:none;border-left:none'>&nbsp;<\/td>\r\n <\/tr>\r\n <tr height=20 style='height:15.0pt'>\r\n  <td height=20 class=xl6623670 align=right style='height:15.0pt;border-top:\r\n  none'>2022<\/td>\r\n  <td class=xl6723670 align=right style='border-top:none;border-left:none'>01\/04\/2022<\/td>\r\n  <td class=xl6723670 align=right style='border-top:none;border-left:none'>30\/06\/2022<\/td>\r\n  <td class=xl6623670 align=right style='border-top:none;border-left:none'>2<\/td>\r\n  <td class=xl6823670><a\r\n  href=\"https:\/\/www.apan.gob.mx\/descargables\/transparencia\/articulo69\/fraccion21\/2022_2\/tesoreria\/b\/FraXXIa1_1.pdf\">https:\/\/www.apan.gob.mx\/descargables\/transparencia\/articulo69\/fraccion21\/2022_2\/tesoreria\/b\/FraXXIa1_1.pdf<\/a><\/td>\r\n  <td class=xl6623670 style='border-top:none'>Tesorer\u00eda Municipal<\/td>\r\n  <td class=xl6723670 align=right style='border-top:none;border-left:none'>07\/07\/2022<\/td>\r\n  <td class=xl6723670 align=right style='border-top:none;border-left:none'>07\/07\/2022<\/td>\r\n  <td class=xl6623670 style='border-top:none;border-left:none'>&nbsp;<\/td>\r\n <\/tr>\r\n <tr height=20 style='height:15.0pt'>\r\n  <td height=20 class=xl6623670 align=right style='height:15.0pt;border-top:\r\n  none'>2022<\/td>\r\n  <td class=xl6723670 align=right style='border-top:none;border-left:none'>01\/04\/2022<\/td>\r\n  <td class=xl6723670 align=right style='border-top:none;border-left:none'>30\/06\/2022<\/td>\r\n  <td class=xl6623670 align=right style='border-top:none;border-left:none'>3<\/td>\r\n  <td class=xl6823670><a\r\n  href=\"https:\/\/www.apan.gob.mx\/descargables\/transparencia\/articulo69\/fraccion21\/2022_2\/tesoreria\/b\/FraXXIa1_1.pdf\">https:\/\/www.apan.gob.mx\/descargables\/transparencia\/articulo69\/fraccion21\/2022_2\/tesoreria\/b\/FraXXIa1_1.pdf<\/a><\/td>\r\n  <td class=xl6623670 style='border-top:none'>Tesorer\u00eda Municipal<\/td>\r\n  <td class=xl6723670 align=right style='border-top:none;border-left:none'>07\/07\/2022<\/td>\r\n  <td class=xl6723670 align=right style='border-top:none;border-left:none'>07\/07\/2022<\/td>\r\n  <td class=xl6623670 style='border-top:none;border-left:none'>&nbsp;<\/td>\r\n <\/tr>\r\n <tr height=20 style='height:15.0pt'>\r\n  <td height=20 class=xl6623670 align=right style='height:15.0pt;border-top:\r\n  none'>2022<\/td>\r\n  <td class=xl6723670 align=right style='border-top:none;border-left:none'>01\/04\/2022<\/td>\r\n  <td class=xl6723670 align=right style='border-top:none;border-left:none'>30\/06\/2022<\/td>\r\n  <td class=xl6623670 align=right style='border-top:none;border-left:none'>4<\/td>\r\n  <td class=xl6823670><a\r\n  href=\"https:\/\/www.apan.gob.mx\/descargables\/transparencia\/articulo69\/fraccion21\/2022_2\/tesoreria\/b\/FraXXIa1_1.pdf\">https:\/\/www.apan.gob.mx\/descargables\/transparencia\/articulo69\/fraccion21\/2022_2\/tesoreria\/b\/FraXXIa1_1.pdf<\/a><\/td>\r\n  <td class=xl6623670 style='border-top:none'>Tesorer\u00eda Municipal<\/td>\r\n  <td class=xl6723670 align=right style='border-top:none;border-left:none'>07\/07\/2022<\/td>\r\n  <td class=xl6723670 align=right style='border-top:none;border-left:none'>07\/07\/2022<\/td>\r\n  <td class=xl6623670 style='border-top:none;border-left:none'>&nbsp;<\/td>\r\n <\/tr>\r\n <tr height=20 style='height:15.0pt'>\r\n  <td height=20 class=xl6623670 align=right style='height:15.0pt;border-top:\r\n  none'>2022<\/td>\r\n  <td class=xl6723670 align=right style='border-top:none;border-left:none'>01\/04\/2022<\/td>\r\n  <td class=xl6723670 align=right style='border-top:none;border-left:none'>30\/06\/2022<\/td>\r\n  <td class=xl6623670 align=right style='border-top:none;border-left:none'>5<\/td>\r\n  <td class=xl6823670><a\r\n  href=\"https:\/\/www.apan.gob.mx\/descargables\/transparencia\/articulo69\/fraccion21\/2022_2\/tesoreria\/b\/FraXXIa1_1.pdf\">https:\/\/www.apan.gob.mx\/descargables\/transparencia\/articulo69\/fraccion21\/2022_2\/tesoreria\/b\/FraXXIa1_1.pdf<\/a><\/td>\r\n  <td class=xl6623670 style='border-top:none'>Tesorer\u00eda Municipal<\/td>\r\n  <td class=xl6723670 align=right style='border-top:none;border-left:none'>07\/07\/2022<\/td>\r\n  <td class=xl6723670 align=right style='border-top:none;border-left:none'>07\/07\/2022<\/td>\r\n  <td class=xl6623670 style='border-top:none;border-left:none'>&nbsp;<\/td>\r\n <\/tr>\r\n <tr height=20 style='height:15.0pt'>\r\n  <td height=20 class=xl6623670 align=right style='height:15.0pt;border-top:\r\n  none'>2022<\/td>\r\n  <td class=xl6723670 align=right style='border-top:none;border-left:none'>01\/04\/2022<\/td>\r\n  <td class=xl6723670 align=right style='border-top:none;border-left:none'>30\/06\/2022<\/td>\r\n  <td class=xl6623670 align=right style='border-top:none;border-left:none'>6<\/td>\r\n  <td class=xl6823670><a\r\n  href=\"https:\/\/www.apan.gob.mx\/descargables\/transparencia\/articulo69\/fraccion21\/2022_2\/tesoreria\/b\/FraXXIa1_1.pdf\">https:\/\/www.apan.gob.mx\/descargables\/transparencia\/articulo69\/fraccion21\/2022_2\/tesoreria\/b\/FraXXIa1_1.pdf<\/a><\/td>\r\n  <td class=xl6623670 style='border-top:none'>Tesorer\u00eda Municipal<\/td>\r\n  <td class=xl6723670 align=right style='border-top:none;border-left:none'>07\/07\/2022<\/td>\r\n  <td class=xl6723670 align=right style='border-top:none;border-left:none'>07\/07\/2022<\/td>\r\n  <td class=xl6623670 style='border-top:none;border-left:none'>&nbsp;<\/td>\r\n <\/tr>\r\n <![if supportMisalignedColumns]>\r\n <tr height=0 style='display:none'>\r\n  <td width=56 style='width:42pt'><\/td>\r\n  <td width=255 style='width:191pt'><\/td>\r\n  <td width=270 style='width:203pt'><\/td>\r\n  <td width=491 style='width:368pt'><\/td>\r\n  <td width=725 style='width:544pt'><\/td>\r\n  <td width=512 style='width:384pt'><\/td>\r\n  <td width=123 style='width:92pt'><\/td>\r\n  <td width=140 style='width:105pt'><\/td>\r\n  <td width=56 style='width:42pt'><\/td>\r\n <\/tr>\r\n <![endif]>\r\n<\/table>\r\n\r\n<\/div>\r\n\r\n\r\n<!----------------------------->\r\n<!--FINAL DE LOS RESULTADOS DEL ASISTENTE PARA PUBLICAR COMO P\u00c1GINA WEB DE\r\nEXCEL-->\r\n<!----------------------------->\r\n<\/body>\r\n\r\n<\/html>\r\n\t\t<\/div>\n\t\t\t\t<\/div>\n\t\t\t\t<div class=\"elementor-element elementor-element-ebd7bac elementor-widget elementor-widget-heading\" data-id=\"ebd7bac\" data-element_type=\"widget\" data-widget_type=\"heading.default\">\n\t\t\t\t<div class=\"elementor-widget-container\">\n\t\t\t<h2 class=\"elementor-heading-title elementor-size-medium\"><a href=\"https:\/\/www.apan.gob.mx\/descargables\/transparencia\/articulo69\/fraccion21\/2022_4\/tesoreria\/c\/a69_f21_c.xlsx\">Fracci\u00f3n XXI c, esta fracci\u00f3n podr\u00e1 consultarla en el cuarto trimestre del presente a\u00f1o, por ser una fracci\u00f3n de publicaci\u00f3n anual<\/a><\/h2>\t\t<\/div>\n\t\t\t\t<\/div>\n\t\t\t\t\t\t<\/div>\n\t\t\t\t\t<\/div>\n\t\t<\/div>\n\t\t\t\t\t\t\t\t<\/div>\n\t\t\t\t\t<\/div>\n\t\t<\/section>\n\t\t\t\t\t\t\t\t\t<\/div>\n\t\t\t<\/div>\n\t\t\t\t\t<\/div>\n\t\t","protected":false},"excerpt":{"rendered":"<p>Fracci\u00f3n XXI a, esta fracci\u00f3n podr\u00e1 consultarla en el cuarto trimestre del presente a\u00f1o, por ser una fracci\u00f3n de publicaci\u00f3n anual Descargar archivo Fracci\u00f3n XXIb 46582 T\u00cdTULO NOMBRE CORTO DESCRIPCI\u00d3N Presupuesto asignado_Ejercicio de los egresos presupuestarios a69_f21_b El ejercicio de los egresos presupuestarios pertenece al Estado Anal\u00edtico del Ejercicio del Presupuesto de Egresos, generado de [&hellip;]<\/p>\n","protected":false},"author":1,"featured_media":0,"parent":12746,"menu_order":0,"comment_status":"closed","ping_status":"closed","template":"","meta":[],"jetpack_sharing_enabled":true,"_links":{"self":[{"href":"https:\/\/apan.gob.mx\/portal\/wp-json\/wp\/v2\/pages\/12937"}],"collection":[{"href":"https:\/\/apan.gob.mx\/portal\/wp-json\/wp\/v2\/pages"}],"about":[{"href":"https:\/\/apan.gob.mx\/portal\/wp-json\/wp\/v2\/types\/page"}],"author":[{"embeddable":true,"href":"https:\/\/apan.gob.mx\/portal\/wp-json\/wp\/v2\/users\/1"}],"replies":[{"embeddable":true,"href":"https:\/\/apan.gob.mx\/portal\/wp-json\/wp\/v2\/comments?post=12937"}],"version-history":[{"count":11,"href":"https:\/\/apan.gob.mx\/portal\/wp-json\/wp\/v2\/pages\/12937\/revisions"}],"predecessor-version":[{"id":31025,"href":"https:\/\/apan.gob.mx\/portal\/wp-json\/wp\/v2\/pages\/12937\/revisions\/31025"}],"up":[{"embeddable":true,"href":"https:\/\/apan.gob.mx\/portal\/wp-json\/wp\/v2\/pages\/12746"}],"wp:attachment":[{"href":"https:\/\/apan.gob.mx\/portal\/wp-json\/wp\/v2\/media?parent=12937"}],"curies":[{"name":"wp","href":"https:\/\/api.w.org\/{rel}","templated":true}]}}