{"id":13649,"date":"2022-10-28T14:05:10","date_gmt":"2022-10-28T19:05:10","guid":{"rendered":"https:\/\/apan.gob.mx\/portal\/?page_id=13649"},"modified":"2022-10-28T14:06:39","modified_gmt":"2022-10-28T19:06:39","slug":"13649-2","status":"publish","type":"page","link":"https:\/\/apan.gob.mx\/portal\/13338-2\/13649-2\/","title":{"rendered":"<!--planeacion-37-2022_3-->"},"content":{"rendered":"\t\t<div data-elementor-type=\"wp-page\" data-elementor-id=\"13649\" class=\"elementor elementor-13649 elementor-bc-flex-widget\">\n\t\t\t\t\t\t<section class=\"has_ae_slider elementor-section elementor-top-section elementor-element elementor-element-tpuyjev elementor-section-boxed elementor-section-height-default elementor-section-height-default ae-bg-gallery-type-default\" data-id=\"tpuyjev\" data-element_type=\"section\" data-e-type=\"section\">\n\t\t\t\t\t\t<div class=\"elementor-container elementor-column-gap-default\">\n\t\t\t\t\t<div class=\"has_ae_slider elementor-column elementor-col-100 elementor-top-column elementor-element elementor-element-kllcoil ae-bg-gallery-type-default\" data-id=\"kllcoil\" data-element_type=\"column\" data-e-type=\"column\">\n\t\t\t<div class=\"elementor-widget-wrap elementor-element-populated\">\n\t\t\t\t\t\t<div class=\"elementor-element elementor-element-whwijkl elementor-widget elementor-widget-button\" data-id=\"whwijkl\" data-element_type=\"widget\" data-e-type=\"widget\" data-widget_type=\"button.default\">\n\t\t\t\t<div class=\"elementor-widget-container\">\n\t\t\t\t\t\t\t\t\t<div class=\"elementor-button-wrapper\">\n\t\t\t\t\t<a class=\"elementor-button elementor-button-link elementor-size-sm\" href=\"https:\/\/www.apan.gob.mx\/descargables\/transparencia\/articulo69\/fraccion37\/2022_3\/planeacion\/a\/Fraccion%2037%20a%20T3%20%202022.xlsx\" target=\"_blank\">\n\t\t\t\t\t\t<span class=\"elementor-button-content-wrapper\">\n\t\t\t\t\t\t\t\t\t<span class=\"elementor-button-text\">Descargar archivo<\/span>\n\t\t\t\t\t<\/span>\n\t\t\t\t\t<\/a>\n\t\t\t\t<\/div>\n\t\t\t\t\t\t\t\t<\/div>\n\t\t\t\t<\/div>\n\t\t\t\t<div class=\"elementor-element elementor-element-ficvkgz elementor-widget elementor-widget-heading\" data-id=\"ficvkgz\" data-element_type=\"widget\" data-e-type=\"widget\" data-widget_type=\"heading.default\">\n\t\t\t\t<div class=\"elementor-widget-container\">\n\t\t\t\t\t<h2 class=\"elementor-heading-title elementor-size-medium\">Fracci\u00f3n XXXVII<\/h2>\t\t\t\t<\/div>\n\t\t\t\t<\/div>\n\t\t\t\t<div class=\"elementor-element elementor-element-cmuzpna elementor-widget elementor-widget-html\" data-id=\"cmuzpna\" data-element_type=\"widget\" data-e-type=\"widget\" data-widget_type=\"html.default\">\n\t\t\t\t<div class=\"elementor-widget-container\">\n\t\t\t\t\t<html xmlns:o=\"urn:schemas-microsoft-com:office:office\"\r\nxmlns:x=\"urn:schemas-microsoft-com:office:excel\"\r\nxmlns=\"http:\/\/www.w3.org\/TR\/REC-html40\">\r\n\r\n<head>\r\n<meta http-equiv=Content-Type content=\"text\/html; charset=windows-1252\">\r\n<meta name=ProgId content=Excel.Sheet>\r\n<meta name=Generator content=\"Microsoft Excel 15\">\r\n<link rel=File-List\r\nhref=\"Fraccion%2037%20a%20T3%20%202022_archivos\/filelist.xml\">\r\n<style id=\"a69_f37_a_27765_Styles\">\r\n<!--table\r\n\t{mso-displayed-decimal-separator:\"\\.\";\r\n\tmso-displayed-thousand-separator:\"\\,\";}\r\n.xl1527765\r\n\t{padding-top:1px;\r\n\tpadding-right:1px;\r\n\tpadding-left:1px;\r\n\tmso-ignore:padding;\r\n\tcolor:black;\r\n\tfont-size:11.0pt;\r\n\tfont-weight:400;\r\n\tfont-style:normal;\r\n\ttext-decoration:none;\r\n\tfont-family:Calibri, sans-serif;\r\n\tmso-font-charset:0;\r\n\tmso-number-format:General;\r\n\ttext-align:general;\r\n\tvertical-align:bottom;\r\n\tmso-background-source:auto;\r\n\tmso-pattern:auto;\r\n\twhite-space:nowrap;}\r\n.xl6527765\r\n\t{padding-top:1px;\r\n\tpadding-right:1px;\r\n\tpadding-left:1px;\r\n\tmso-ignore:padding;\r\n\tcolor:black;\r\n\tfont-size:10.0pt;\r\n\tfont-weight:400;\r\n\tfont-style:normal;\r\n\ttext-decoration:none;\r\n\tfont-family:Arial;\r\n\tmso-generic-font-family:auto;\r\n\tmso-font-charset:0;\r\n\tmso-number-format:General;\r\n\ttext-align:center;\r\n\tvertical-align:bottom;\r\n\tborder:.5pt solid windowtext;\r\n\tbackground:#E1E1E1;\r\n\tmso-pattern:black none;\r\n\twhite-space:normal;}\r\n.xl6627765\r\n\t{padding-top:1px;\r\n\tpadding-right:1px;\r\n\tpadding-left:1px;\r\n\tmso-ignore:padding;\r\n\tcolor:black;\r\n\tfont-size:11.0pt;\r\n\tfont-weight:400;\r\n\tfont-style:normal;\r\n\ttext-decoration:none;\r\n\tfont-family:Calibri, sans-serif;\r\n\tmso-font-charset:0;\r\n\tmso-number-format:General;\r\n\ttext-align:general;\r\n\tvertical-align:bottom;\r\n\tborder:.5pt solid windowtext;\r\n\tmso-background-source:auto;\r\n\tmso-pattern:auto;\r\n\twhite-space:nowrap;}\r\n.xl6727765\r\n\t{padding-top:1px;\r\n\tpadding-right:1px;\r\n\tpadding-left:1px;\r\n\tmso-ignore:padding;\r\n\tcolor:black;\r\n\tfont-size:11.0pt;\r\n\tfont-weight:400;\r\n\tfont-style:normal;\r\n\ttext-decoration:none;\r\n\tfont-family:Calibri, sans-serif;\r\n\tmso-font-charset:0;\r\n\tmso-number-format:\"Short Date\";\r\n\ttext-align:general;\r\n\tvertical-align:bottom;\r\n\tborder:.5pt solid windowtext;\r\n\tmso-background-source:auto;\r\n\tmso-pattern:auto;\r\n\twhite-space:nowrap;}\r\n.xl6827765\r\n\t{padding-top:1px;\r\n\tpadding-right:1px;\r\n\tpadding-left:1px;\r\n\tmso-ignore:padding;\r\n\tcolor:#0563C1;\r\n\tfont-size:11.0pt;\r\n\tfont-weight:400;\r\n\tfont-style:normal;\r\n\ttext-decoration:underline;\r\n\ttext-underline-style:single;\r\n\tfont-family:Calibri, sans-serif;\r\n\tmso-font-charset:0;\r\n\tmso-number-format:General;\r\n\ttext-align:general;\r\n\tvertical-align:bottom;\r\n\tborder:.5pt solid windowtext;\r\n\tmso-background-source:auto;\r\n\tmso-pattern:auto;\r\n\twhite-space:nowrap;}\r\n.xl6927765\r\n\t{padding-top:1px;\r\n\tpadding-right:1px;\r\n\tpadding-left:1px;\r\n\tmso-ignore:padding;\r\n\tcolor:white;\r\n\tfont-size:11.0pt;\r\n\tfont-weight:700;\r\n\tfont-style:normal;\r\n\ttext-decoration:none;\r\n\tfont-family:Arial;\r\n\tmso-generic-font-family:auto;\r\n\tmso-font-charset:0;\r\n\tmso-number-format:General;\r\n\ttext-align:center;\r\n\tvertical-align:bottom;\r\n\tborder:.5pt solid windowtext;\r\n\tbackground:#333333;\r\n\tmso-pattern:black none;\r\n\twhite-space:normal;}\r\n.xl7027765\r\n\t{padding-top:1px;\r\n\tpadding-right:1px;\r\n\tpadding-left:1px;\r\n\tmso-ignore:padding;\r\n\tcolor:black;\r\n\tfont-size:10.0pt;\r\n\tfont-weight:400;\r\n\tfont-style:normal;\r\n\ttext-decoration:none;\r\n\tfont-family:Arial;\r\n\tmso-generic-font-family:auto;\r\n\tmso-font-charset:0;\r\n\tmso-number-format:General;\r\n\ttext-align:general;\r\n\tvertical-align:bottom;\r\n\tborder:.5pt solid windowtext;\r\n\tbackground:#E1E1E1;\r\n\tmso-pattern:black none;\r\n\twhite-space:nowrap;}\r\n-->\r\n<\/style>\r\n<\/head>\r\n\r\n<body>\r\n<!--[if !excel]>&nbsp;&nbsp;<![endif]-->\r\n<!--La siguiente informaci\u00f3n se gener\u00f3 mediante el Asistente para publicar como\r\np\u00e1gina web de Microsoft Excel.-->\r\n<!--Si se vuelve a publicar el mismo elemento desde Excel, se reemplazar\u00e1 toda\r\nla informaci\u00f3n comprendida entre las etiquetas DIV.-->\r\n<!----------------------------->\r\n<!--INICIO DE LOS RESULTADOS DEL ASISTENTE PARA PUBLICAR COMO P\u00c1GINA WEB DE\r\nEXCEL -->\r\n<!----------------------------->\r\n\r\n<div id=\"a69_f37_a_27765\" align=center x:publishsource=\"Excel\">\r\n\r\n<table border=0 cellpadding=0 cellspacing=0 width=6020 style='border-collapse:\r\n collapse;table-layout:fixed;width:4518pt'>\r\n <col width=56 style='mso-width-source:userset;mso-width-alt:2048;width:42pt'>\r\n <col width=164 span=2 style='mso-width-source:userset;mso-width-alt:5997;\r\n width:123pt'>\r\n <col width=206 style='mso-width-source:userset;mso-width-alt:7533;width:155pt'>\r\n <col width=583 style='mso-width-source:userset;mso-width-alt:21321;width:437pt'>\r\n <col width=227 style='mso-width-source:userset;mso-width-alt:8301;width:170pt'>\r\n <col width=317 style='mso-width-source:userset;mso-width-alt:11593;width:238pt'>\r\n <col width=736 style='mso-width-source:userset;mso-width-alt:26916;width:552pt'>\r\n <col width=421 style='mso-width-source:userset;mso-width-alt:15396;width:316pt'>\r\n <col width=576 style='mso-width-source:userset;mso-width-alt:21065;width:432pt'>\r\n <col width=181 style='mso-width-source:userset;mso-width-alt:6619;width:136pt'>\r\n <col width=237 style='mso-width-source:userset;mso-width-alt:8667;width:178pt'>\r\n <col width=152 span=2 style='mso-width-source:userset;mso-width-alt:5558;\r\n width:114pt'>\r\n <col width=442 style='mso-width-source:userset;mso-width-alt:16164;width:332pt'>\r\n <col width=338 style='mso-width-source:userset;mso-width-alt:12361;width:254pt'>\r\n <col width=97 span=2 style='mso-width-source:userset;mso-width-alt:3547;\r\n width:73pt'>\r\n <col width=874 style='mso-width-source:userset;mso-width-alt:31963;width:656pt'>\r\n <tr height=0 style='display:none'>\r\n  <td class=xl1527765 width=56 style='width:42pt'>46671<\/td>\r\n  <td class=xl1527765 width=164 style='width:123pt'><\/td>\r\n  <td class=xl1527765 width=164 style='width:123pt'><\/td>\r\n  <td class=xl1527765 width=206 style='width:155pt'><\/td>\r\n  <td class=xl1527765 width=583 style='width:437pt'><\/td>\r\n  <td class=xl1527765 width=227 style='width:170pt'><\/td>\r\n  <td class=xl1527765 width=317 style='width:238pt'><\/td>\r\n  <td class=xl1527765 width=736 style='width:552pt'><\/td>\r\n  <td class=xl1527765 width=421 style='width:316pt'><\/td>\r\n  <td class=xl1527765 width=576 style='width:432pt'><\/td>\r\n  <td class=xl1527765 width=181 style='width:136pt'><\/td>\r\n  <td class=xl1527765 width=237 style='width:178pt'><\/td>\r\n  <td class=xl1527765 width=152 style='width:114pt'><\/td>\r\n  <td class=xl1527765 width=152 style='width:114pt'><\/td>\r\n  <td class=xl1527765 width=442 style='width:332pt'><\/td>\r\n  <td class=xl1527765 width=338 style='width:254pt'><\/td>\r\n  <td class=xl1527765 width=97 style='width:73pt'><\/td>\r\n  <td class=xl1527765 width=97 style='width:73pt'><\/td>\r\n  <td class=xl1527765 width=874 style='width:656pt'><\/td>\r\n <\/tr>\r\n <tr height=20 style='height:15.0pt'>\r\n  <td colspan=3 height=20 class=xl6927765 width=384 style='height:15.0pt;\r\n  width:288pt'>T\u00cdTULO<\/td>\r\n  <td colspan=3 class=xl6927765 width=1016 style='width:762pt'>NOMBRE CORTO<\/td>\r\n  <td colspan=3 class=xl6927765 width=1474 style='width:1106pt'>DESCRIPCI\u00d3N<\/td>\r\n  <td class=xl1527765><\/td>\r\n  <td class=xl1527765><\/td>\r\n  <td class=xl1527765><\/td>\r\n  <td class=xl1527765><\/td>\r\n  <td class=xl1527765><\/td>\r\n  <td class=xl1527765><\/td>\r\n  <td class=xl1527765><\/td>\r\n  <td class=xl1527765><\/td>\r\n  <td class=xl1527765><\/td>\r\n  <td class=xl1527765><\/td>\r\n <\/tr>\r\n <tr height=20 style='height:15.0pt'>\r\n  <td colspan=3 height=20 class=xl7027765 style='height:15.0pt'>Participaci\u00f3n\r\n  ciudadana_Mecanismos de participaci\u00f3n ciudadana<\/td>\r\n  <td colspan=3 class=xl7027765>a69_f37_a<\/td>\r\n  <td colspan=3 class=xl7027765>La informaci\u00f3n respecto a los mecanismos que\r\n  permitan, convoquen o fomenten la participaci\u00f3n de las personas a trav\u00e9s de\r\n  opiniones, propuestas, manifestaciones, an\u00e1lisis, colaboraciones, entre\r\n  otras; que sean individuales o como parte de consejos o comit\u00e9s, y que est\u00e9n\r\n  relacionadas con la toma de decisiones de inter\u00e9s p\u00fablico y el quehacer de\r\n  las instituciones.<span style='mso-spacerun:yes'>\u00a0<\/span><\/td>\r\n  <td class=xl1527765><\/td>\r\n  <td class=xl1527765><\/td>\r\n  <td class=xl1527765><\/td>\r\n  <td class=xl1527765><\/td>\r\n  <td class=xl1527765><\/td>\r\n  <td class=xl1527765><\/td>\r\n  <td class=xl1527765><\/td>\r\n  <td class=xl1527765><\/td>\r\n  <td class=xl1527765><\/td>\r\n  <td class=xl1527765><\/td>\r\n <\/tr>\r\n <tr height=0 style='display:none'>\r\n  <td class=xl1527765>1<\/td>\r\n  <td class=xl1527765>4<\/td>\r\n  <td class=xl1527765>4<\/td>\r\n  <td class=xl1527765>2<\/td>\r\n  <td class=xl1527765>2<\/td>\r\n  <td class=xl1527765>2<\/td>\r\n  <td class=xl1527765>1<\/td>\r\n  <td class=xl1527765>7<\/td>\r\n  <td class=xl1527765>2<\/td>\r\n  <td class=xl1527765>2<\/td>\r\n  <td class=xl1527765>2<\/td>\r\n  <td class=xl1527765>2<\/td>\r\n  <td class=xl1527765>4<\/td>\r\n  <td class=xl1527765>4<\/td>\r\n  <td class=xl1527765>10<\/td>\r\n  <td class=xl1527765>2<\/td>\r\n  <td class=xl1527765>4<\/td>\r\n  <td class=xl1527765>13<\/td>\r\n  <td class=xl1527765>14<\/td>\r\n <\/tr>\r\n <tr height=0 style='display:none'>\r\n  <td class=xl1527765>395416<\/td>\r\n  <td class=xl1527765>395429<\/td>\r\n  <td class=xl1527765>395430<\/td>\r\n  <td class=xl1527765>395419<\/td>\r\n  <td class=xl1527765>395418<\/td>\r\n  <td class=xl1527765>395420<\/td>\r\n  <td class=xl1527765>395434<\/td>\r\n  <td class=xl1527765>395423<\/td>\r\n  <td class=xl1527765>395428<\/td>\r\n  <td class=xl1527765>395426<\/td>\r\n  <td class=xl1527765>395417<\/td>\r\n  <td class=xl1527765>395427<\/td>\r\n  <td class=xl1527765>395431<\/td>\r\n  <td class=xl1527765>395421<\/td>\r\n  <td class=xl1527765>395424<\/td>\r\n  <td class=xl1527765>395432<\/td>\r\n  <td class=xl1527765>395422<\/td>\r\n  <td class=xl1527765>395425<\/td>\r\n  <td class=xl1527765>395433<\/td>\r\n <\/tr>\r\n <tr height=20 style='height:15.0pt'>\r\n  <td colspan=19 height=20 class=xl6927765 width=6020 style='height:15.0pt;\r\n  width:4518pt'>Tabla Campos<\/td>\r\n <\/tr>\r\n <tr height=52 style='height:39.0pt'>\r\n  <td height=52 class=xl6527765 width=56 style='height:39.0pt;width:42pt'>Ejercicio<\/td>\r\n  <td class=xl6527765 width=164 style='border-left:none;width:123pt'>Fecha de\r\n  inicio del periodo que se informa<\/td>\r\n  <td class=xl6527765 width=164 style='border-left:none;width:123pt'>Fecha de\r\n  t\u00e9rmino del periodo que se informa<\/td>\r\n  <td class=xl6527765 width=206 style='border-left:none;width:155pt'>Denominaci\u00f3n\r\n  del mecanismo de participaci\u00f3n ciudadana<\/td>\r\n  <td class=xl6527765 width=583 style='border-left:none;width:437pt'>Fundamento\r\n  jur\u00eddico, en su caso<\/td>\r\n  <td class=xl6527765 width=227 style='border-left:none;width:170pt'>Objetivo(s)\r\n  del mecanismo de participaci\u00f3n ciudadana<\/td>\r\n  <td class=xl6527765 width=317 style='border-left:none;width:238pt'>Alcances\r\n  del mecanismo de participaci\u00f3n ciudadana<span\r\n  style='mso-spacerun:yes'>\u00a0<\/span><\/td>\r\n  <td class=xl6527765 width=736 style='border-left:none;width:552pt'>Hiperv\u00ednculo\r\n  a la convocatoria<\/td>\r\n  <td class=xl6527765 width=421 style='border-left:none;width:316pt'>Temas\r\n  sujetos a revisi\u00f3n y consideraci\u00f3n<\/td>\r\n  <td class=xl6527765 width=576 style='border-left:none;width:432pt'>Requisitos\r\n  de participaci\u00f3n<\/td>\r\n  <td class=xl6527765 width=181 style='border-left:none;width:136pt'>C\u00f3mo\r\n  recibir\u00e1 el sujeto obligado las propuestas<\/td>\r\n  <td class=xl6527765 width=237 style='border-left:none;width:178pt'>Medio de\r\n  recepci\u00f3n de propuestas<\/td>\r\n  <td class=xl6527765 width=152 style='border-left:none;width:114pt'>Fecha de\r\n  inicio recepci\u00f3n de las propuestas<\/td>\r\n  <td class=xl6527765 width=152 style='border-left:none;width:114pt'>Fecha de\r\n  t\u00e9rmino recepci\u00f3n de las propuestas<\/td>\r\n  <td class=xl6527765 width=442 style='border-left:none;width:332pt'>\u00c1rea(s) y\r\n  servidor(es) p\u00fablico(s) con los que se podr\u00e1 establecer contacto <br>\r\n    Tabla_395424<\/td>\r\n  <td class=xl6527765 width=338 style='border-left:none;width:254pt'>\u00c1rea(s)\r\n  responsable(s) que genera(n), posee(n), publica(n) y actualizan la\r\n  informaci\u00f3n<\/td>\r\n  <td class=xl6527765 width=97 style='border-left:none;width:73pt'>Fecha de\r\n  validaci\u00f3n<\/td>\r\n  <td class=xl6527765 width=97 style='border-left:none;width:73pt'>Fecha de\r\n  actualizaci\u00f3n<\/td>\r\n  <td class=xl6527765 width=874 style='border-left:none;width:656pt'>Nota<\/td>\r\n <\/tr>\r\n <tr height=20 style='height:15.0pt'>\r\n  <td height=20 class=xl6627765 align=right style='height:15.0pt;border-top:\r\n  none'>2022<\/td>\r\n  <td class=xl6727765 align=right style='border-top:none;border-left:none'>01\/07\/2022<\/td>\r\n  <td class=xl6727765 align=right style='border-top:none;border-left:none'>30\/09\/2022<\/td>\r\n  <td class=xl6627765 style='border-top:none;border-left:none'>COPLADEM<\/td>\r\n  <td class=xl6627765 style='border-top:none;border-left:none'>* LEY ORG\u00c1NICA\r\n  MUNICIPAL * LEY DE PLANEACI\u00d3N Y PROSPECTIVA DEL ESTADO DE HIDALGO<\/td>\r\n  <td class=xl6627765 style='border-top:none;border-left:none'>PLANEACI\u00d3N\r\n  DEMOCR\u00c1TICA<\/td>\r\n  <td class=xl6627765 style='border-top:none;border-left:none'>POBLACI\u00d3N\r\n  ORGANIZADA<\/td>\r\n  <td class=xl6827765 style='border-top:none;border-left:none'><a\r\n  href=\"https:\/\/www.apan.gob.mx\/descargables\/transparencia\/articulo69\/fraccion37\/2022_3\/planeacion\/a\/FrXXXVIIa1_1.pdf\">https:\/\/www.apan.gob.mx\/descargables\/transparencia\/articulo69\/fraccion37\/2022_3\/planeacion\/a\/FrXXXVIIa1_1.pdf<\/a><\/td>\r\n  <td class=xl6627765 style='border-top:none;border-left:none'>OBRA P\u00daBILCA<\/td>\r\n  <td class=xl6627765 style='border-top:none;border-left:none'>CARGO\r\n  DIRECTIVOS, REGIDORES, Y COMIT\u00c9 DE COPLADEM<span\r\n  style='mso-spacerun:yes'>\u00a0<\/span><\/td>\r\n  <td class=xl6627765 style='border-top:none;border-left:none'>ASAMBLEA<\/td>\r\n  <td class=xl6627765 style='border-top:none;border-left:none'>ASAMBLEA.\r\n  PARTICIPACI\u00d3N DIRECTA<\/td>\r\n  <td class=xl6727765 align=right style='border-top:none;border-left:none'>01\/01\/2022<\/td>\r\n  <td class=xl6727765 align=right style='border-top:none;border-left:none'>15\/01\/2022<\/td>\r\n  <td class=xl6627765 align=right style='border-top:none;border-left:none'>1<\/td>\r\n  <td class=xl6627765 style='border-top:none;border-left:none'>PLANEACION Y\r\n  EVALUACION DEL DESEMPE\u00d1O<\/td>\r\n  <td class=xl6727765 align=right style='border-top:none;border-left:none'>01\/10\/2022<\/td>\r\n  <td class=xl6727765 align=right style='border-top:none;border-left:none'>01\/10\/2022<\/td>\r\n  <td class=xl6627765 style='border-top:none;border-left:none'>de la tabla\r\n  395424, en el campo de domicilio en el extranjero , carecerade informaci\u00f3n ya\r\n  que no se cuenta con domicilio en el extranjero<span\r\n  style='mso-spacerun:yes'>\u00a0<\/span><\/td>\r\n <\/tr>\r\n <![if supportMisalignedColumns]>\r\n <tr height=0 style='display:none'>\r\n  <td width=56 style='width:42pt'><\/td>\r\n  <td width=164 style='width:123pt'><\/td>\r\n  <td width=164 style='width:123pt'><\/td>\r\n  <td width=206 style='width:155pt'><\/td>\r\n  <td width=583 style='width:437pt'><\/td>\r\n  <td width=227 style='width:170pt'><\/td>\r\n  <td width=317 style='width:238pt'><\/td>\r\n  <td width=736 style='width:552pt'><\/td>\r\n  <td width=421 style='width:316pt'><\/td>\r\n  <td width=576 style='width:432pt'><\/td>\r\n  <td width=181 style='width:136pt'><\/td>\r\n  <td width=237 style='width:178pt'><\/td>\r\n  <td width=152 style='width:114pt'><\/td>\r\n  <td width=152 style='width:114pt'><\/td>\r\n  <td width=442 style='width:332pt'><\/td>\r\n  <td width=338 style='width:254pt'><\/td>\r\n  <td width=97 style='width:73pt'><\/td>\r\n  <td width=97 style='width:73pt'><\/td>\r\n  <td width=874 style='width:656pt'><\/td>\r\n <\/tr>\r\n <![endif]>\r\n<\/table>\r\n\r\n<\/div>\r\n\r\n\r\n<!----------------------------->\r\n<!--FINAL DE LOS RESULTADOS DEL ASISTENTE PARA PUBLICAR COMO P\u00c1GINA WEB DE\r\nEXCEL-->\r\n<!----------------------------->\r\n<\/body>\r\n\r\n<\/html>\r\n\t\t\t\t<\/div>\n\t\t\t\t<\/div>\n\t\t\t\t\t<\/div>\n\t\t<\/div>\n\t\t\t\t\t<\/div>\n\t\t<\/section>\n\t\t\t\t<\/div>\n\t\t","protected":false},"excerpt":{"rendered":"<p>Descargar archivo Fracci\u00f3n XXXVII 46671 T\u00cdTULO NOMBRE CORTO DESCRIPCI\u00d3N Participaci\u00f3n ciudadana_Mecanismos de participaci\u00f3n ciudadana a69_f37_a La informaci\u00f3n respecto a los mecanismos que permitan, convoquen o fomenten la participaci\u00f3n de las personas a trav\u00e9s de opiniones, propuestas, manifestaciones, an\u00e1lisis, colaboraciones, entre otras; que sean individuales o como parte de consejos o comit\u00e9s, y que est\u00e9n relacionadas [&hellip;]<\/p>\n","protected":false},"author":1,"featured_media":0,"parent":13338,"menu_order":0,"comment_status":"closed","ping_status":"closed","template":"page-template-full.php","meta":{"footnotes":""},"class_list":["post-13649","page","type-page","status-publish","hentry"],"jetpack_sharing_enabled":true,"_links":{"self":[{"href":"https:\/\/apan.gob.mx\/portal\/wp-json\/wp\/v2\/pages\/13649","targetHints":{"allow":["GET"]}}],"collection":[{"href":"https:\/\/apan.gob.mx\/portal\/wp-json\/wp\/v2\/pages"}],"about":[{"href":"https:\/\/apan.gob.mx\/portal\/wp-json\/wp\/v2\/types\/page"}],"author":[{"embeddable":true,"href":"https:\/\/apan.gob.mx\/portal\/wp-json\/wp\/v2\/users\/1"}],"replies":[{"embeddable":true,"href":"https:\/\/apan.gob.mx\/portal\/wp-json\/wp\/v2\/comments?post=13649"}],"version-history":[{"count":2,"href":"https:\/\/apan.gob.mx\/portal\/wp-json\/wp\/v2\/pages\/13649\/revisions"}],"predecessor-version":[{"id":13651,"href":"https:\/\/apan.gob.mx\/portal\/wp-json\/wp\/v2\/pages\/13649\/revisions\/13651"}],"up":[{"embeddable":true,"href":"https:\/\/apan.gob.mx\/portal\/wp-json\/wp\/v2\/pages\/13338"}],"wp:attachment":[{"href":"https:\/\/apan.gob.mx\/portal\/wp-json\/wp\/v2\/media?parent=13649"}],"curies":[{"name":"wp","href":"https:\/\/api.w.org\/{rel}","templated":true}]}}