{"id":14172,"date":"2023-01-19T13:39:52","date_gmt":"2023-01-19T19:39:52","guid":{"rendered":"https:\/\/apan.gob.mx\/portal\/?page_id=14172"},"modified":"2023-01-19T13:42:37","modified_gmt":"2023-01-19T19:42:37","slug":"14172-2","status":"publish","type":"page","link":"https:\/\/apan.gob.mx\/portal\/13964-2\/14172-2\/","title":{"rendered":"<!--obras-70If6-2022_4-->"},"content":{"rendered":"\t\t<div data-elementor-type=\"wp-page\" data-elementor-id=\"14172\" class=\"elementor elementor-14172 elementor-bc-flex-widget\">\n\t\t\t\t\t\t<section class=\"has_ae_slider elementor-section elementor-top-section elementor-element elementor-element-cxpiguw elementor-section-boxed elementor-section-height-default elementor-section-height-default ae-bg-gallery-type-default\" data-id=\"cxpiguw\" data-element_type=\"section\" data-e-type=\"section\">\n\t\t\t\t\t\t<div class=\"elementor-container elementor-column-gap-default\">\n\t\t\t\t\t<div class=\"has_ae_slider elementor-column elementor-col-100 elementor-top-column elementor-element elementor-element-dehsexm ae-bg-gallery-type-default\" data-id=\"dehsexm\" data-element_type=\"column\" data-e-type=\"column\">\n\t\t\t<div class=\"elementor-widget-wrap elementor-element-populated\">\n\t\t\t\t\t\t<div class=\"elementor-element elementor-element-ooztiht elementor-widget elementor-widget-button\" data-id=\"ooztiht\" data-element_type=\"widget\" data-e-type=\"widget\" data-widget_type=\"button.default\">\n\t\t\t\t<div class=\"elementor-widget-container\">\n\t\t\t\t\t\t\t\t\t<div class=\"elementor-button-wrapper\">\n\t\t\t\t\t<a class=\"elementor-button elementor-button-link elementor-size-sm\" href=\"https:\/\/www.apan.gob.mx\/descargables\/transparencia\/articulo70\/fraccion1\/2022_4\/obraspublicas\/6f\/a70_f01_f6.xlsx\" target=\"_blank\">\n\t\t\t\t\t\t<span class=\"elementor-button-content-wrapper\">\n\t\t\t\t\t\t\t\t\t<span class=\"elementor-button-text\">Descargar archivo<\/span>\n\t\t\t\t\t<\/span>\n\t\t\t\t\t<\/a>\n\t\t\t\t<\/div>\n\t\t\t\t\t\t\t\t<\/div>\n\t\t\t\t<\/div>\n\t\t\t\t<div class=\"elementor-element elementor-element-jqbqkvb elementor-widget elementor-widget-heading\" data-id=\"jqbqkvb\" data-element_type=\"widget\" data-e-type=\"widget\" data-widget_type=\"heading.default\">\n\t\t\t\t<div class=\"elementor-widget-container\">\n\t\t\t\t\t<h2 class=\"elementor-heading-title elementor-size-medium\">Art\u00edculo 70 Fracci\u00f3n I f6<\/h2>\t\t\t\t<\/div>\n\t\t\t\t<\/div>\n\t\t\t\t<div class=\"elementor-element elementor-element-sisfzws elementor-widget elementor-widget-html\" data-id=\"sisfzws\" data-element_type=\"widget\" data-e-type=\"widget\" data-widget_type=\"html.default\">\n\t\t\t\t<div class=\"elementor-widget-container\">\n\t\t\t\t\t<html xmlns:o=\"urn:schemas-microsoft-com:office:office\"\r\nxmlns:x=\"urn:schemas-microsoft-com:office:excel\"\r\nxmlns=\"http:\/\/www.w3.org\/TR\/REC-html40\">\r\n\r\n<head>\r\n<meta http-equiv=Content-Type content=\"text\/html; charset=windows-1252\">\r\n<meta name=ProgId content=Excel.Sheet>\r\n<meta name=Generator content=\"Microsoft Excel 15\">\r\n<link rel=File-List href=\"a70_f01_f6_archivos\/filelist.xml\">\r\n<style id=\"a70_f01_f6_9586_Styles\">\r\n<!--table\r\n\t{mso-displayed-decimal-separator:\"\\.\";\r\n\tmso-displayed-thousand-separator:\"\\,\";}\r\n.font59586\r\n\t{color:black;\r\n\tfont-size:10.0pt;\r\n\tfont-weight:400;\r\n\tfont-style:normal;\r\n\ttext-decoration:none;\r\n\tfont-family:Arial, sans-serif;\r\n\tmso-font-charset:0;}\r\n.font69586\r\n\t{color:black;\r\n\tfont-size:10.0pt;\r\n\tfont-weight:700;\r\n\tfont-style:normal;\r\n\ttext-decoration:none;\r\n\tfont-family:Arial, sans-serif;\r\n\tmso-font-charset:0;}\r\n.xl159586\r\n\t{padding-top:1px;\r\n\tpadding-right:1px;\r\n\tpadding-left:1px;\r\n\tmso-ignore:padding;\r\n\tcolor:black;\r\n\tfont-size:11.0pt;\r\n\tfont-weight:400;\r\n\tfont-style:normal;\r\n\ttext-decoration:none;\r\n\tfont-family:Calibri, sans-serif;\r\n\tmso-font-charset:0;\r\n\tmso-number-format:General;\r\n\ttext-align:general;\r\n\tvertical-align:bottom;\r\n\tmso-background-source:auto;\r\n\tmso-pattern:auto;\r\n\twhite-space:nowrap;}\r\n.xl639586\r\n\t{padding-top:1px;\r\n\tpadding-right:1px;\r\n\tpadding-left:1px;\r\n\tmso-ignore:padding;\r\n\tcolor:black;\r\n\tfont-size:10.0pt;\r\n\tfont-weight:400;\r\n\tfont-style:normal;\r\n\ttext-decoration:none;\r\n\tfont-family:Arial, sans-serif;\r\n\tmso-font-charset:0;\r\n\tmso-number-format:General;\r\n\ttext-align:center;\r\n\tvertical-align:bottom;\r\n\tborder:.5pt solid windowtext;\r\n\tbackground:#E1E1E1;\r\n\tmso-pattern:black none;\r\n\twhite-space:normal;}\r\n.xl649586\r\n\t{padding-top:1px;\r\n\tpadding-right:1px;\r\n\tpadding-left:1px;\r\n\tmso-ignore:padding;\r\n\tcolor:black;\r\n\tfont-size:11.0pt;\r\n\tfont-weight:400;\r\n\tfont-style:normal;\r\n\ttext-decoration:none;\r\n\tfont-family:Calibri, sans-serif;\r\n\tmso-font-charset:0;\r\n\tmso-number-format:General;\r\n\ttext-align:center;\r\n\tvertical-align:middle;\r\n\tborder:.5pt solid windowtext;\r\n\tmso-background-source:auto;\r\n\tmso-pattern:auto;\r\n\twhite-space:normal;}\r\n.xl659586\r\n\t{padding-top:1px;\r\n\tpadding-right:1px;\r\n\tpadding-left:1px;\r\n\tmso-ignore:padding;\r\n\tcolor:black;\r\n\tfont-size:11.0pt;\r\n\tfont-weight:400;\r\n\tfont-style:normal;\r\n\ttext-decoration:none;\r\n\tfont-family:Calibri, sans-serif;\r\n\tmso-font-charset:0;\r\n\tmso-number-format:\"Short Date\";\r\n\ttext-align:center;\r\n\tvertical-align:middle;\r\n\tborder:.5pt solid windowtext;\r\n\tmso-background-source:auto;\r\n\tmso-pattern:auto;\r\n\twhite-space:normal;}\r\n.xl669586\r\n\t{padding-top:1px;\r\n\tpadding-right:1px;\r\n\tpadding-left:1px;\r\n\tmso-ignore:padding;\r\n\tcolor:black;\r\n\tfont-size:10.0pt;\r\n\tfont-weight:400;\r\n\tfont-style:normal;\r\n\ttext-decoration:none;\r\n\tfont-family:Arial, sans-serif;\r\n\tmso-font-charset:0;\r\n\tmso-number-format:General;\r\n\ttext-align:center;\r\n\tvertical-align:middle;\r\n\tborder:.5pt solid windowtext;\r\n\tmso-background-source:auto;\r\n\tmso-pattern:auto;\r\n\twhite-space:normal;}\r\n.xl679586\r\n\t{padding-top:1px;\r\n\tpadding-right:1px;\r\n\tpadding-left:1px;\r\n\tmso-ignore:padding;\r\n\tcolor:black;\r\n\tfont-size:11.0pt;\r\n\tfont-weight:400;\r\n\tfont-style:normal;\r\n\ttext-decoration:none;\r\n\tfont-family:Calibri, sans-serif;\r\n\tmso-font-charset:0;\r\n\tmso-number-format:General;\r\n\ttext-align:center;\r\n\tvertical-align:middle;\r\n\tmso-background-source:auto;\r\n\tmso-pattern:auto;\r\n\twhite-space:normal;}\r\n.xl689586\r\n\t{padding-top:1px;\r\n\tpadding-right:1px;\r\n\tpadding-left:1px;\r\n\tmso-ignore:padding;\r\n\tcolor:white;\r\n\tfont-size:11.0pt;\r\n\tfont-weight:700;\r\n\tfont-style:normal;\r\n\ttext-decoration:none;\r\n\tfont-family:Arial, sans-serif;\r\n\tmso-font-charset:0;\r\n\tmso-number-format:General;\r\n\ttext-align:center;\r\n\tvertical-align:bottom;\r\n\tborder:.5pt solid windowtext;\r\n\tbackground:#333333;\r\n\tmso-pattern:black none;\r\n\twhite-space:nowrap;}\r\n.xl699586\r\n\t{padding-top:1px;\r\n\tpadding-right:1px;\r\n\tpadding-left:1px;\r\n\tmso-ignore:padding;\r\n\tcolor:black;\r\n\tfont-size:10.0pt;\r\n\tfont-weight:400;\r\n\tfont-style:normal;\r\n\ttext-decoration:none;\r\n\tfont-family:Arial, sans-serif;\r\n\tmso-font-charset:0;\r\n\tmso-number-format:General;\r\n\ttext-align:general;\r\n\tvertical-align:bottom;\r\n\tborder:.5pt solid windowtext;\r\n\tbackground:#E1E1E1;\r\n\tmso-pattern:black none;\r\n\twhite-space:nowrap;}\r\n-->\r\n<\/style>\r\n<\/head>\r\n\r\n<body>\r\n<!--[if !excel]>&nbsp;&nbsp;<![endif]-->\r\n<!--La siguiente informaci\u00f3n se gener\u00f3 mediante el Asistente para publicar como\r\np\u00e1gina web de Microsoft Excel.-->\r\n<!--Si se vuelve a publicar el mismo elemento desde Excel, se reemplazar\u00e1 toda\r\nla informaci\u00f3n comprendida entre las etiquetas DIV.-->\r\n<!----------------------------->\r\n<!--INICIO DE LOS RESULTADOS DEL ASISTENTE PARA PUBLICAR COMO P\u00c1GINA WEB DE\r\nEXCEL -->\r\n<!----------------------------->\r\n\r\n<div id=\"a70_f01_f6_9586\" align=center x:publishsource=\"Excel\">\r\n\r\n<table border=0 cellpadding=0 cellspacing=0 width=6032 style='border-collapse:\r\n collapse;table-layout:fixed;width:4529pt'>\r\n <col width=61 style='mso-width-source:userset;mso-width-alt:2230;width:46pt'>\r\n <col width=255 style='mso-width-source:userset;mso-width-alt:9325;width:191pt'>\r\n <col width=269 style='mso-width-source:userset;mso-width-alt:9837;width:202pt'>\r\n <col width=270 style='mso-width-source:userset;mso-width-alt:9874;width:203pt'>\r\n <col width=232 style='mso-width-source:userset;mso-width-alt:8484;width:174pt'>\r\n <col width=445 style='mso-width-source:userset;mso-width-alt:16274;width:334pt'>\r\n <col width=308 style='mso-width-source:userset;mso-width-alt:11264;width:231pt'>\r\n <col width=323 style='mso-width-source:userset;mso-width-alt:11812;width:242pt'>\r\n <col width=158 style='mso-width-source:userset;mso-width-alt:5778;width:119pt'>\r\n <col width=131 style='mso-width-source:userset;mso-width-alt:4790;width:98pt'>\r\n <col width=99 style='mso-width-source:userset;mso-width-alt:3620;width:74pt'>\r\n <col width=95 style='mso-width-source:userset;mso-width-alt:3474;width:71pt'>\r\n <col width=195 style='mso-width-source:userset;mso-width-alt:7131;width:146pt'>\r\n <col width=154 style='mso-width-source:userset;mso-width-alt:5632;width:116pt'>\r\n <col width=126 style='mso-width-source:userset;mso-width-alt:4608;width:95pt'>\r\n <col width=140 style='mso-width-source:userset;mso-width-alt:5120;width:105pt'>\r\n <col width=198 style='mso-width-source:userset;mso-width-alt:7241;width:149pt'>\r\n <col width=212 style='mso-width-source:userset;mso-width-alt:7753;width:159pt'>\r\n <col width=169 style='mso-width-source:userset;mso-width-alt:6180;width:127pt'>\r\n <col width=261 style='mso-width-source:userset;mso-width-alt:9545;width:196pt'>\r\n <col width=86 style='mso-width-source:userset;mso-width-alt:3145;width:65pt'>\r\n <col width=234 style='mso-width-source:userset;mso-width-alt:8557;width:176pt'>\r\n <col width=247 style='mso-width-source:userset;mso-width-alt:9033;width:185pt'>\r\n <col width=282 style='mso-width-source:userset;mso-width-alt:10313;width:212pt'>\r\n <col width=441 style='mso-width-source:userset;mso-width-alt:16128;width:331pt'>\r\n <col width=122 style='mso-width-source:userset;mso-width-alt:4461;width:92pt'>\r\n <col width=85 style='mso-width-source:userset;mso-width-alt:3108;width:64pt'>\r\n <col width=434 style='mso-width-source:userset;mso-width-alt:15872;width:326pt'>\r\n <tr height=0 style='display:none'>\r\n  <td class=xl159586 width=61 style='width:46pt'>46684<\/td>\r\n  <td class=xl159586 width=255 style='width:191pt'><\/td>\r\n  <td class=xl159586 width=269 style='width:202pt'><\/td>\r\n  <td class=xl159586 width=270 style='width:203pt'><\/td>\r\n  <td class=xl159586 width=232 style='width:174pt'><\/td>\r\n  <td class=xl159586 width=445 style='width:334pt'><\/td>\r\n  <td class=xl159586 width=308 style='width:231pt'><\/td>\r\n  <td class=xl159586 width=323 style='width:242pt'><\/td>\r\n  <td class=xl159586 width=158 style='width:119pt'><\/td>\r\n  <td class=xl159586 width=131 style='width:98pt'><\/td>\r\n  <td class=xl159586 width=99 style='width:74pt'><\/td>\r\n  <td class=xl159586 width=95 style='width:71pt'><\/td>\r\n  <td class=xl159586 width=195 style='width:146pt'><\/td>\r\n  <td class=xl159586 width=154 style='width:116pt'><\/td>\r\n  <td class=xl159586 width=126 style='width:95pt'><\/td>\r\n  <td class=xl159586 width=140 style='width:105pt'><\/td>\r\n  <td class=xl159586 width=198 style='width:149pt'><\/td>\r\n  <td class=xl159586 width=212 style='width:159pt'><\/td>\r\n  <td class=xl159586 width=169 style='width:127pt'><\/td>\r\n  <td class=xl159586 width=261 style='width:196pt'><\/td>\r\n  <td class=xl159586 width=86 style='width:65pt'><\/td>\r\n  <td class=xl159586 width=234 style='width:176pt'><\/td>\r\n  <td class=xl159586 width=247 style='width:185pt'><\/td>\r\n  <td class=xl159586 width=282 style='width:212pt'><\/td>\r\n  <td class=xl159586 width=441 style='width:331pt'><\/td>\r\n  <td class=xl159586 width=122 style='width:92pt'><\/td>\r\n  <td class=xl159586 width=85 style='width:64pt'><\/td>\r\n  <td class=xl159586 width=434 style='width:326pt'><\/td>\r\n <\/tr>\r\n <tr height=20 style='height:15.0pt'>\r\n  <td colspan=3 height=20 class=xl689586 style='height:15.0pt'>T\u00cdTULO<\/td>\r\n  <td colspan=3 class=xl689586>NOMBRE CORTO<\/td>\r\n  <td colspan=3 class=xl689586>DESCRIPCI\u00d3N<\/td>\r\n  <td class=xl159586><\/td>\r\n  <td class=xl159586><\/td>\r\n  <td class=xl159586><\/td>\r\n  <td class=xl159586><\/td>\r\n  <td class=xl159586><\/td>\r\n  <td class=xl159586><\/td>\r\n  <td class=xl159586><\/td>\r\n  <td class=xl159586><\/td>\r\n  <td class=xl159586><\/td>\r\n  <td class=xl159586><\/td>\r\n  <td class=xl159586><\/td>\r\n  <td class=xl159586><\/td>\r\n  <td class=xl159586><\/td>\r\n  <td class=xl159586><\/td>\r\n  <td class=xl159586><\/td>\r\n  <td class=xl159586><\/td>\r\n  <td class=xl159586><\/td>\r\n  <td class=xl159586><\/td>\r\n  <td class=xl159586><\/td>\r\n <\/tr>\r\n <tr height=20 style='height:15.0pt'>\r\n  <td colspan=3 height=20 class=xl699586 style='height:15.0pt'>Licencias de uso\r\n  de suelo<\/td>\r\n  <td colspan=3 class=xl699586>a70_f01_f6<\/td>\r\n  <td colspan=3 class=xl699586>Se publicar\u00e1 toda la informaci\u00f3n relacionada con\r\n  la planeaci\u00f3n, coordinaci\u00f3n, administraci\u00f3n y ejecuci\u00f3n de los proyectos y\r\n  programas de desarrollo territorial incluyendo las licencias de uso de suelo<\/td>\r\n  <td class=xl159586><\/td>\r\n  <td class=xl159586><\/td>\r\n  <td class=xl159586><\/td>\r\n  <td class=xl159586><\/td>\r\n  <td class=xl159586><\/td>\r\n  <td class=xl159586><\/td>\r\n  <td class=xl159586><\/td>\r\n  <td class=xl159586><\/td>\r\n  <td class=xl159586><\/td>\r\n  <td class=xl159586><\/td>\r\n  <td class=xl159586><\/td>\r\n  <td class=xl159586><\/td>\r\n  <td class=xl159586><\/td>\r\n  <td class=xl159586><\/td>\r\n  <td class=xl159586><\/td>\r\n  <td class=xl159586><\/td>\r\n  <td class=xl159586><\/td>\r\n  <td class=xl159586><\/td>\r\n  <td class=xl159586><\/td>\r\n <\/tr>\r\n <tr height=0 style='display:none'>\r\n  <td class=xl159586>1<\/td>\r\n  <td class=xl159586>4<\/td>\r\n  <td class=xl159586>4<\/td>\r\n  <td class=xl159586>2<\/td>\r\n  <td class=xl159586>2<\/td>\r\n  <td class=xl159586>2<\/td>\r\n  <td class=xl159586>1<\/td>\r\n  <td class=xl159586>1<\/td>\r\n  <td class=xl159586>9<\/td>\r\n  <td class=xl159586>2<\/td>\r\n  <td class=xl159586>1<\/td>\r\n  <td class=xl159586>1<\/td>\r\n  <td class=xl159586>9<\/td>\r\n  <td class=xl159586>2<\/td>\r\n  <td class=xl159586>1<\/td>\r\n  <td class=xl159586>2<\/td>\r\n  <td class=xl159586>1<\/td>\r\n  <td class=xl159586>2<\/td>\r\n  <td class=xl159586>1<\/td>\r\n  <td class=xl159586>9<\/td>\r\n  <td class=xl159586>1<\/td>\r\n  <td class=xl159586>4<\/td>\r\n  <td class=xl159586>4<\/td>\r\n  <td class=xl159586>2<\/td>\r\n  <td class=xl159586>2<\/td>\r\n  <td class=xl159586>4<\/td>\r\n  <td class=xl159586>13<\/td>\r\n  <td class=xl159586>14<\/td>\r\n <\/tr>\r\n <tr height=0 style='display:none'>\r\n  <td class=xl159586>395686<\/td>\r\n  <td class=xl159586>395702<\/td>\r\n  <td class=xl159586>395703<\/td>\r\n  <td class=xl159586>395693<\/td>\r\n  <td class=xl159586>395694<\/td>\r\n  <td class=xl159586>395687<\/td>\r\n  <td class=xl159586>395679<\/td>\r\n  <td class=xl159586>395699<\/td>\r\n  <td class=xl159586>395695<\/td>\r\n  <td class=xl159586>395688<\/td>\r\n  <td class=xl159586>395680<\/td>\r\n  <td class=xl159586>395681<\/td>\r\n  <td class=xl159586>395696<\/td>\r\n  <td class=xl159586>395689<\/td>\r\n  <td class=xl159586>395682<\/td>\r\n  <td class=xl159586>395690<\/td>\r\n  <td class=xl159586>395683<\/td>\r\n  <td class=xl159586>395691<\/td>\r\n  <td class=xl159586>395684<\/td>\r\n  <td class=xl159586>395697<\/td>\r\n  <td class=xl159586>395685<\/td>\r\n  <td class=xl159586>395705<\/td>\r\n  <td class=xl159586>395706<\/td>\r\n  <td class=xl159586>395698<\/td>\r\n  <td class=xl159586>395692<\/td>\r\n  <td class=xl159586>395704<\/td>\r\n  <td class=xl159586>395701<\/td>\r\n  <td class=xl159586>395700<\/td>\r\n <\/tr>\r\n <tr height=20 style='height:15.0pt'>\r\n  <td colspan=28 height=20 class=xl689586 style='height:15.0pt'>Tabla Campos<\/td>\r\n <\/tr>\r\n <tr height=35 style='height:26.25pt'>\r\n  <td height=35 class=xl639586 width=61 style='height:26.25pt;width:46pt'>Ejercicio<\/td>\r\n  <td class=xl639586 width=255 style='border-left:none;width:191pt'>Fecha de\r\n  inicio del periodo que se informa<\/td>\r\n  <td class=xl639586 width=269 style='border-left:none;width:202pt'>Fecha de\r\n  t\u00e9rmino del periodo que se informa<\/td>\r\n  <td class=xl639586 width=270 style='border-left:none;width:203pt'>Denominaci\u00f3n\r\n  de la licencia de uso de suelo<span style='mso-spacerun:yes'>\u00a0<\/span><\/td>\r\n  <td class=xl639586 width=232 style='border-left:none;width:174pt'>Objeto de\r\n  las licencias de uso de suelo<\/td>\r\n  <td class=xl639586 width=445 style='border-left:none;width:334pt'>Nombre o\r\n  denominaci\u00f3n de la persona f\u00edsica o moral que solicita la licencia<\/td>\r\n  <td class=xl639586 width=308 style='border-left:none;width:231pt'>Primer\r\n  apellido de la persona que solicita la licencia<\/td>\r\n  <td class=xl639586 width=323 style='border-left:none;width:242pt'>Segundo\r\n  apellido de la persona que solicita la licencia<\/td>\r\n  <td class=xl639586 width=158 style='border-left:none;width:119pt'>Tipo de\r\n  vialidad (cat\u00e1logo)<\/td>\r\n  <td class=xl639586 width=131 style='border-left:none;width:98pt'>Nombre de la\r\n  vialidad<\/td>\r\n  <td class=xl639586 width=99 style='border-left:none;width:74pt'>N\u00famero\r\n  exterior<\/td>\r\n  <td class=xl639586 width=95 style='border-left:none;width:71pt'>N\u00famero\r\n  interior<\/td>\r\n  <td class=xl639586 width=195 style='border-left:none;width:146pt'>Tipo de\r\n  asentamiento (cat\u00e1logo)<\/td>\r\n  <td class=xl639586 width=154 style='border-left:none;width:116pt'>Nombre de\r\n  asentamiento<\/td>\r\n  <td class=xl639586 width=126 style='border-left:none;width:95pt'>Clave de la\r\n  localidad<\/td>\r\n  <td class=xl639586 width=140 style='border-left:none;width:105pt'>Nombre de\r\n  la localidad<\/td>\r\n  <td class=xl639586 width=198 style='border-left:none;width:149pt'>Clave del\r\n  municipio o delegaci\u00f3n<\/td>\r\n  <td class=xl639586 width=212 style='border-left:none;width:159pt'>Nombre del\r\n  municipio o delegaci\u00f3n<\/td>\r\n  <td class=xl639586 width=169 style='border-left:none;width:127pt'>Clave de\r\n  Entidad Federativa<\/td>\r\n  <td class=xl639586 width=261 style='border-left:none;width:196pt'>Nombre de\r\n  la Entidad Federativa (cat\u00e1logo)<\/td>\r\n  <td class=xl639586 width=86 style='border-left:none;width:65pt'>C\u00f3digo postal<\/td>\r\n  <td class=xl639586 width=234 style='border-left:none;width:176pt'>Fecha de\r\n  inicio del periodo de vigencia<\/td>\r\n  <td class=xl639586 width=247 style='border-left:none;width:185pt'>Fecha de\r\n  t\u00e9rmino del periodo de vigencia<\/td>\r\n  <td class=xl639586 width=282 style='border-left:none;width:212pt'>Bienes,\r\n  servicios y\/o recursos que aprovechar\u00e1<\/td>\r\n  <td class=xl639586 width=441 style='border-left:none;width:331pt'>\u00c1rea(s)\r\n  responsable(s) que genera(n), posee(n), publica(n) y actualizan la\r\n  informaci\u00f3n<\/td>\r\n  <td class=xl639586 width=122 style='border-left:none;width:92pt'>Fecha de\r\n  validaci\u00f3n<\/td>\r\n  <td class=xl639586 width=85 style='border-left:none;width:64pt'>Fecha de\r\n  Actualizaci\u00f3n<\/td>\r\n  <td class=xl639586 width=434 style='border-left:none;width:326pt'>Nota<\/td>\r\n <\/tr>\r\n <tr class=xl679586 height=306 style='height:229.5pt'>\r\n  <td height=306 class=xl649586 width=61 style='height:229.5pt;border-top:none;\r\n  width:46pt'>2022<\/td>\r\n  <td class=xl659586 width=255 style='border-top:none;border-left:none;\r\n  width:191pt'>01\/10\/2022<\/td>\r\n  <td class=xl659586 width=269 style='border-top:none;border-left:none;\r\n  width:202pt'>31\/12\/2022<\/td>\r\n  <td class=xl669586 width=270 style='border-top:none;border-left:none;\r\n  width:203pt'>&nbsp;<\/td>\r\n  <td class=xl669586 width=232 style='border-top:none;border-left:none;\r\n  width:174pt'>&nbsp;<\/td>\r\n  <td class=xl669586 width=445 style='border-top:none;border-left:none;\r\n  width:334pt'>&nbsp;<\/td>\r\n  <td class=xl669586 width=308 style='border-top:none;border-left:none;\r\n  width:231pt'>&nbsp;<\/td>\r\n  <td class=xl669586 width=323 style='border-top:none;border-left:none;\r\n  width:242pt'>&nbsp;<\/td>\r\n  <td class=xl649586 width=158 style='border-top:none;border-left:none;\r\n  width:119pt'>Calle<\/td>\r\n  <td class=xl649586 width=131 style='border-top:none;border-left:none;\r\n  width:98pt'>&nbsp;<\/td>\r\n  <td class=xl649586 width=99 style='border-top:none;border-left:none;\r\n  width:74pt'>&nbsp;<\/td>\r\n  <td class=xl649586 width=95 style='border-top:none;border-left:none;\r\n  width:71pt'>&nbsp;<\/td>\r\n  <td class=xl649586 width=195 style='border-top:none;border-left:none;\r\n  width:146pt'>Ciudad<\/td>\r\n  <td class=xl649586 width=154 style='border-top:none;border-left:none;\r\n  width:116pt'>&nbsp;<\/td>\r\n  <td class=xl649586 width=126 style='border-top:none;border-left:none;\r\n  width:95pt'>&nbsp;<\/td>\r\n  <td class=xl649586 width=140 style='border-top:none;border-left:none;\r\n  width:105pt'>&nbsp;<\/td>\r\n  <td class=xl649586 width=198 style='border-top:none;border-left:none;\r\n  width:149pt'>&nbsp;<\/td>\r\n  <td class=xl649586 width=212 style='border-top:none;border-left:none;\r\n  width:159pt'>&nbsp;<\/td>\r\n  <td class=xl649586 width=169 style='border-top:none;border-left:none;\r\n  width:127pt'>&nbsp;<\/td>\r\n  <td class=xl649586 width=261 style='border-top:none;border-left:none;\r\n  width:196pt'>Hidalgo<\/td>\r\n  <td class=xl649586 width=86 style='border-top:none;border-left:none;\r\n  width:65pt'>&nbsp;<\/td>\r\n  <td class=xl659586 width=234 style='border-top:none;border-left:none;\r\n  width:176pt'>&nbsp;<\/td>\r\n  <td class=xl659586 width=247 style='border-top:none;border-left:none;\r\n  width:185pt'>&nbsp;<\/td>\r\n  <td class=xl669586 width=282 style='border-top:none;border-left:none;\r\n  width:212pt'>&nbsp;<\/td>\r\n  <td class=xl649586 width=441 style='border-top:none;border-left:none;\r\n  width:331pt'>DIRECCI\u00d3N DE OBRAS P\u00daBLICAS Y DESARROLLO URBANO<\/td>\r\n  <td class=xl659586 width=122 style='border-top:none;border-left:none;\r\n  width:92pt'>07\/01\/2023<\/td>\r\n  <td class=xl659586 width=85 style='border-top:none;border-left:none;\r\n  width:64pt'>07\/01\/2023<\/td>\r\n  <td class=xl669586 width=434 style='border-top:none;border-left:none;\r\n  width:326pt'><font class=\"font69586\">AL NO TENER VIGENTE EL PROGRAMA\r\n  MUNICIPAL DE DESARROLLO URBANO Y ORDENAMIENTO TERRITORIAL, NO SE CUENTA CON\r\n  LA FACULTAD PARA EXPEDIR LAS LICENCIAS DE USO DE SUELO, NI PARA CERTIFICAR\r\n  PLANES DE DESARROLLO URBANO, ORDENAMIENTO TERRITORIAL Y ECOL\u00d3GICO; DE ACUERDO\r\n  A<span style='mso-spacerun:yes'>\u00a0 <\/span>LA LEY DE ASENTAMIENTOS HUMANOS,\r\n  DESARROLLO URBANO Y ORDENAMIENTO TERRITORIAL DEL ESTADO DE HIDALGO; MOTIVO\r\n  POR EL CUAL EN LOS CAMPOS:<\/font><font class=\"font59586\"> Denominaci\u00f3n de la\r\n  licencia de uso de suelo,Objeto de las licencias de uso de suelo, Nombre o\r\n  denominaci\u00f3n de la persona f\u00edsica o moral que solicita la licencia, Primer\r\n  apellido de la persona que solicita la licencia, Segundo apellido de la\r\n  persona que solicita la licencia, Nombre de la vialidad,<span\r\n  style='mso-spacerun:yes'>\u00a0 <\/span>N\u00famero exterior, N\u00famero interior, Nombre de\r\n  asentamiento, Clave de la localidad, Nombre de la localidad,Clave del\r\n  municipio o delegaci\u00f3n, Nombre del municipio o delegaci\u00f3n, Clave de Entidad\r\n  Federativa, C\u00f3digo postal,Fecha de inicio del periodo de vigencia, Fecha de\r\n  termino del periodo de vigencia, Bienes, servicios y\/o recursos que\r\n  aprovechar\u00e1; <\/font><font class=\"font69586\">APARECEN LAS CELDAS VACIAS.<\/font><\/td>\r\n <\/tr>\r\n <![if supportMisalignedColumns]>\r\n <tr height=0 style='display:none'>\r\n  <td width=61 style='width:46pt'><\/td>\r\n  <td width=255 style='width:191pt'><\/td>\r\n  <td width=269 style='width:202pt'><\/td>\r\n  <td width=270 style='width:203pt'><\/td>\r\n  <td width=232 style='width:174pt'><\/td>\r\n  <td width=445 style='width:334pt'><\/td>\r\n  <td width=308 style='width:231pt'><\/td>\r\n  <td width=323 style='width:242pt'><\/td>\r\n  <td width=158 style='width:119pt'><\/td>\r\n  <td width=131 style='width:98pt'><\/td>\r\n  <td width=99 style='width:74pt'><\/td>\r\n  <td width=95 style='width:71pt'><\/td>\r\n  <td width=195 style='width:146pt'><\/td>\r\n  <td width=154 style='width:116pt'><\/td>\r\n  <td width=126 style='width:95pt'><\/td>\r\n  <td width=140 style='width:105pt'><\/td>\r\n  <td width=198 style='width:149pt'><\/td>\r\n  <td width=212 style='width:159pt'><\/td>\r\n  <td width=169 style='width:127pt'><\/td>\r\n  <td width=261 style='width:196pt'><\/td>\r\n  <td width=86 style='width:65pt'><\/td>\r\n  <td width=234 style='width:176pt'><\/td>\r\n  <td width=247 style='width:185pt'><\/td>\r\n  <td width=282 style='width:212pt'><\/td>\r\n  <td width=441 style='width:331pt'><\/td>\r\n  <td width=122 style='width:92pt'><\/td>\r\n  <td width=85 style='width:64pt'><\/td>\r\n  <td width=434 style='width:326pt'><\/td>\r\n <\/tr>\r\n <![endif]>\r\n<\/table>\r\n\r\n<\/div>\r\n\r\n\r\n<!----------------------------->\r\n<!--FINAL DE LOS RESULTADOS DEL ASISTENTE PARA PUBLICAR COMO P\u00c1GINA WEB DE\r\nEXCEL-->\r\n<!----------------------------->\r\n<\/body>\r\n\r\n<\/html>\r\n\t\t\t\t<\/div>\n\t\t\t\t<\/div>\n\t\t\t\t\t<\/div>\n\t\t<\/div>\n\t\t\t\t\t<\/div>\n\t\t<\/section>\n\t\t\t\t<\/div>\n\t\t","protected":false},"excerpt":{"rendered":"<p>Descargar archivo Art\u00edculo 70 Fracci\u00f3n I f6 46684 T\u00cdTULO NOMBRE CORTO DESCRIPCI\u00d3N Licencias de uso de suelo a70_f01_f6 Se publicar\u00e1 toda la informaci\u00f3n relacionada con la planeaci\u00f3n, coordinaci\u00f3n, administraci\u00f3n y ejecuci\u00f3n de los proyectos y programas de desarrollo territorial incluyendo las licencias de uso de suelo 1 4 4 2 2 2 1 1 9 [&hellip;]<\/p>\n","protected":false},"author":1,"featured_media":0,"parent":13964,"menu_order":0,"comment_status":"closed","ping_status":"closed","template":"page-template-full.php","meta":{"footnotes":""},"class_list":["post-14172","page","type-page","status-publish","hentry"],"jetpack_sharing_enabled":true,"_links":{"self":[{"href":"https:\/\/apan.gob.mx\/portal\/wp-json\/wp\/v2\/pages\/14172","targetHints":{"allow":["GET"]}}],"collection":[{"href":"https:\/\/apan.gob.mx\/portal\/wp-json\/wp\/v2\/pages"}],"about":[{"href":"https:\/\/apan.gob.mx\/portal\/wp-json\/wp\/v2\/types\/page"}],"author":[{"embeddable":true,"href":"https:\/\/apan.gob.mx\/portal\/wp-json\/wp\/v2\/users\/1"}],"replies":[{"embeddable":true,"href":"https:\/\/apan.gob.mx\/portal\/wp-json\/wp\/v2\/comments?post=14172"}],"version-history":[{"count":3,"href":"https:\/\/apan.gob.mx\/portal\/wp-json\/wp\/v2\/pages\/14172\/revisions"}],"predecessor-version":[{"id":14175,"href":"https:\/\/apan.gob.mx\/portal\/wp-json\/wp\/v2\/pages\/14172\/revisions\/14175"}],"up":[{"embeddable":true,"href":"https:\/\/apan.gob.mx\/portal\/wp-json\/wp\/v2\/pages\/13964"}],"wp:attachment":[{"href":"https:\/\/apan.gob.mx\/portal\/wp-json\/wp\/v2\/media?parent=14172"}],"curies":[{"name":"wp","href":"https:\/\/api.w.org\/{rel}","templated":true}]}}