{"id":15256,"date":"2023-04-19T11:27:56","date_gmt":"2023-04-19T17:27:56","guid":{"rendered":"https:\/\/apan.gob.mx\/portal\/?page_id=15256"},"modified":"2023-04-19T11:31:31","modified_gmt":"2023-04-19T17:31:31","slug":"ecologia_f5_2023_1","status":"publish","type":"page","link":"https:\/\/apan.gob.mx\/portal\/1-trimestre-2023\/ecologia_f5_2023_1\/","title":{"rendered":"<-- ecologia_f5_2023_1-->"},"content":{"rendered":"\t\t<div data-elementor-type=\"wp-page\" data-elementor-id=\"15256\" class=\"elementor elementor-15256\">\n\t\t\t\t\t\t<section class=\"has_ae_slider elementor-section elementor-top-section elementor-element elementor-element-79f2242 elementor-section-boxed elementor-section-height-default elementor-section-height-default ae-bg-gallery-type-default\" data-id=\"79f2242\" data-element_type=\"section\" data-e-type=\"section\">\n\t\t\t\t\t\t<div class=\"elementor-container elementor-column-gap-default\">\n\t\t\t\t\t<div class=\"has_ae_slider elementor-column elementor-col-100 elementor-top-column elementor-element elementor-element-4d53b29 ae-bg-gallery-type-default\" data-id=\"4d53b29\" data-element_type=\"column\" data-e-type=\"column\">\n\t\t\t<div class=\"elementor-widget-wrap elementor-element-populated\">\n\t\t\t\t\t\t<div class=\"elementor-element elementor-element-f636cf8 elementor-widget elementor-widget-button\" data-id=\"f636cf8\" data-element_type=\"widget\" data-e-type=\"widget\" data-widget_type=\"button.default\">\n\t\t\t\t<div class=\"elementor-widget-container\">\n\t\t\t\t\t\t\t\t\t<div class=\"elementor-button-wrapper\">\n\t\t\t\t\t<a class=\"elementor-button elementor-button-link elementor-size-sm\" href=\"https:\/\/www.apan.gob.mx\/descargables\/transparencia\/articulo70\/fraccion1\/2023_1\/ecopyj\/F5\/a70_f01_f5.xlsx\" target=\"_blank\">\n\t\t\t\t\t\t<span class=\"elementor-button-content-wrapper\">\n\t\t\t\t\t\t\t\t\t<span class=\"elementor-button-text\">Descargar archivo<\/span>\n\t\t\t\t\t<\/span>\n\t\t\t\t\t<\/a>\n\t\t\t\t<\/div>\n\t\t\t\t\t\t\t\t<\/div>\n\t\t\t\t<\/div>\n\t\t\t\t<div class=\"elementor-element elementor-element-4afb1be elementor-widget elementor-widget-heading\" data-id=\"4afb1be\" data-element_type=\"widget\" data-e-type=\"widget\" data-widget_type=\"heading.default\">\n\t\t\t\t<div class=\"elementor-widget-container\">\n\t\t\t\t\t<h2 class=\"elementor-heading-title elementor-size-medium\">Fracci\u00f3n f5 de art\u00edculo 70<\/h2>\t\t\t\t<\/div>\n\t\t\t\t<\/div>\n\t\t\t\t<div class=\"elementor-element elementor-element-40bb15f elementor-widget elementor-widget-html\" data-id=\"40bb15f\" data-element_type=\"widget\" data-e-type=\"widget\" data-widget_type=\"html.default\">\n\t\t\t\t<div class=\"elementor-widget-container\">\n\t\t\t\t\t<html xmlns:o=\"urn:schemas-microsoft-com:office:office\"\r\nxmlns:x=\"urn:schemas-microsoft-com:office:excel\"\r\nxmlns=\"http:\/\/www.w3.org\/TR\/REC-html40\">\r\n\r\n<head>\r\n<meta http-equiv=Content-Type content=\"text\/html; charset=windows-1252\">\r\n<meta name=ProgId content=Excel.Sheet>\r\n<meta name=Generator content=\"Microsoft Excel 15\">\r\n<link rel=File-List href=\"a70_f01_f5_archivos\/filelist.xml\">\r\n<style id=\"a70_f01_f5_27845_Styles\">\r\n<!--table\r\n\t{mso-displayed-decimal-separator:\"\\.\";\r\n\tmso-displayed-thousand-separator:\"\\,\";}\r\n.xl1527845\r\n\t{padding-top:1px;\r\n\tpadding-right:1px;\r\n\tpadding-left:1px;\r\n\tmso-ignore:padding;\r\n\tcolor:black;\r\n\tfont-size:11.0pt;\r\n\tfont-weight:400;\r\n\tfont-style:normal;\r\n\ttext-decoration:none;\r\n\tfont-family:Calibri, sans-serif;\r\n\tmso-font-charset:0;\r\n\tmso-number-format:General;\r\n\ttext-align:general;\r\n\tvertical-align:bottom;\r\n\tmso-background-source:auto;\r\n\tmso-pattern:auto;\r\n\twhite-space:nowrap;}\r\n.xl6327845\r\n\t{padding-top:1px;\r\n\tpadding-right:1px;\r\n\tpadding-left:1px;\r\n\tmso-ignore:padding;\r\n\tcolor:black;\r\n\tfont-size:10.0pt;\r\n\tfont-weight:400;\r\n\tfont-style:normal;\r\n\ttext-decoration:none;\r\n\tfont-family:Arial, sans-serif;\r\n\tmso-font-charset:0;\r\n\tmso-number-format:General;\r\n\ttext-align:center;\r\n\tvertical-align:bottom;\r\n\tborder:.5pt solid windowtext;\r\n\tbackground:#E1E1E1;\r\n\tmso-pattern:black none;\r\n\twhite-space:normal;}\r\n.xl6427845\r\n\t{padding-top:1px;\r\n\tpadding-right:1px;\r\n\tpadding-left:1px;\r\n\tmso-ignore:padding;\r\n\tcolor:black;\r\n\tfont-size:11.0pt;\r\n\tfont-weight:400;\r\n\tfont-style:normal;\r\n\ttext-decoration:none;\r\n\tfont-family:Calibri, sans-serif;\r\n\tmso-font-charset:0;\r\n\tmso-number-format:General;\r\n\ttext-align:general;\r\n\tvertical-align:bottom;\r\n\tborder:.5pt solid windowtext;\r\n\tmso-background-source:auto;\r\n\tmso-pattern:auto;\r\n\twhite-space:nowrap;}\r\n.xl6527845\r\n\t{padding-top:1px;\r\n\tpadding-right:1px;\r\n\tpadding-left:1px;\r\n\tmso-ignore:padding;\r\n\tcolor:black;\r\n\tfont-size:11.0pt;\r\n\tfont-weight:400;\r\n\tfont-style:normal;\r\n\ttext-decoration:none;\r\n\tfont-family:Calibri, sans-serif;\r\n\tmso-font-charset:0;\r\n\tmso-number-format:\"Short Date\";\r\n\ttext-align:general;\r\n\tvertical-align:bottom;\r\n\tborder:.5pt solid windowtext;\r\n\tmso-background-source:auto;\r\n\tmso-pattern:auto;\r\n\twhite-space:nowrap;}\r\n.xl6627845\r\n\t{padding-top:1px;\r\n\tpadding-right:1px;\r\n\tpadding-left:1px;\r\n\tmso-ignore:padding;\r\n\tcolor:black;\r\n\tfont-size:11.0pt;\r\n\tfont-weight:400;\r\n\tfont-style:normal;\r\n\ttext-decoration:none;\r\n\tfont-family:Calibri, sans-serif;\r\n\tmso-font-charset:0;\r\n\tmso-number-format:\"Short Date\";\r\n\ttext-align:right;\r\n\tvertical-align:bottom;\r\n\tborder:.5pt solid windowtext;\r\n\tmso-background-source:auto;\r\n\tmso-pattern:auto;\r\n\twhite-space:nowrap;}\r\n.xl6727845\r\n\t{padding-top:1px;\r\n\tpadding-right:1px;\r\n\tpadding-left:1px;\r\n\tmso-ignore:padding;\r\n\tcolor:white;\r\n\tfont-size:11.0pt;\r\n\tfont-weight:700;\r\n\tfont-style:normal;\r\n\ttext-decoration:none;\r\n\tfont-family:Arial, sans-serif;\r\n\tmso-font-charset:0;\r\n\tmso-number-format:General;\r\n\ttext-align:center;\r\n\tvertical-align:bottom;\r\n\tborder:.5pt solid windowtext;\r\n\tbackground:#333333;\r\n\tmso-pattern:black none;\r\n\twhite-space:nowrap;}\r\n.xl6827845\r\n\t{padding-top:1px;\r\n\tpadding-right:1px;\r\n\tpadding-left:1px;\r\n\tmso-ignore:padding;\r\n\tcolor:black;\r\n\tfont-size:10.0pt;\r\n\tfont-weight:400;\r\n\tfont-style:normal;\r\n\ttext-decoration:none;\r\n\tfont-family:Arial, sans-serif;\r\n\tmso-font-charset:0;\r\n\tmso-number-format:General;\r\n\ttext-align:general;\r\n\tvertical-align:bottom;\r\n\tborder:.5pt solid windowtext;\r\n\tbackground:#E1E1E1;\r\n\tmso-pattern:black none;\r\n\twhite-space:nowrap;}\r\n-->\r\n<\/style>\r\n<\/head>\r\n\r\n<body>\r\n<!--[if !excel]>&nbsp;&nbsp;<![endif]-->\r\n<!--La siguiente informaci\u00f3n se gener\u00f3 mediante el Asistente para publicar como\r\np\u00e1gina web de Microsoft Excel.-->\r\n<!--Si se vuelve a publicar el mismo elemento desde Excel, se reemplazar\u00e1 toda\r\nla informaci\u00f3n comprendida entre las etiquetas DIV.-->\r\n<!----------------------------->\r\n<!--INICIO DE LOS RESULTADOS DEL ASISTENTE PARA PUBLICAR COMO P\u00c1GINA WEB DE\r\nEXCEL -->\r\n<!----------------------------->\r\n\r\n<div id=\"a70_f01_f5_27845\" align=center x:publishsource=\"Excel\">\r\n\r\n<table border=0 cellpadding=0 cellspacing=0 width=4423 style='border-collapse:\r\n collapse;table-layout:fixed;width:3318pt'>\r\n <col width=56 style='mso-width-source:userset;mso-width-alt:2048;width:42pt'>\r\n <col width=255 style='mso-width-source:userset;mso-width-alt:9325;width:191pt'>\r\n <col width=270 style='mso-width-source:userset;mso-width-alt:9874;width:203pt'>\r\n <col width=309 style='mso-width-source:userset;mso-width-alt:11300;width:232pt'>\r\n <col width=331 style='mso-width-source:userset;mso-width-alt:12105;width:248pt'>\r\n <col width=315 style='mso-width-source:userset;mso-width-alt:11520;width:236pt'>\r\n <col width=322 style='mso-width-source:userset;mso-width-alt:11776;width:242pt'>\r\n <col width=512 style='mso-width-source:userset;mso-width-alt:18724;width:384pt'>\r\n <col width=123 style='mso-width-source:userset;mso-width-alt:4498;width:92pt'>\r\n <col width=140 style='mso-width-source:userset;mso-width-alt:5120;width:105pt'>\r\n <col width=1790 style='mso-width-source:userset;mso-width-alt:65462;\r\n width:1343pt'>\r\n <tr height=0 style='display:none'>\r\n  <td class=xl1527845 width=56 style='width:42pt'>46681<\/td>\r\n  <td class=xl1527845 width=255 style='width:191pt'><\/td>\r\n  <td class=xl1527845 width=270 style='width:203pt'><\/td>\r\n  <td class=xl1527845 width=309 style='width:232pt'><\/td>\r\n  <td class=xl1527845 width=331 style='width:248pt'><\/td>\r\n  <td class=xl1527845 width=315 style='width:236pt'><\/td>\r\n  <td class=xl1527845 width=322 style='width:242pt'><\/td>\r\n  <td class=xl1527845 width=512 style='width:384pt'><\/td>\r\n  <td class=xl1527845 width=123 style='width:92pt'><\/td>\r\n  <td class=xl1527845 width=140 style='width:105pt'><\/td>\r\n  <td class=xl1527845 width=1790 style='width:1343pt'><\/td>\r\n <\/tr>\r\n <tr height=20 style='height:15.0pt'>\r\n  <td colspan=3 height=20 class=xl6727845 style='height:15.0pt'>T\u00cdTULO<\/td>\r\n  <td colspan=3 class=xl6727845>NOMBRE CORTO<\/td>\r\n  <td colspan=3 class=xl6727845>DESCRIPCI\u00d3N<\/td>\r\n  <td class=xl1527845><\/td>\r\n  <td class=xl1527845><\/td>\r\n <\/tr>\r\n <tr height=20 style='height:15.0pt'>\r\n  <td colspan=3 height=20 class=xl6827845 style='height:15.0pt'>Tipos de uso de\r\n  suelo<\/td>\r\n  <td colspan=3 class=xl6827845>a70_f01_f5<\/td>\r\n  <td colspan=3 class=xl6827845>Se publicar\u00e1 las licencias de uso de suelo y\r\n  construcci\u00f3n, apelando a la competencia exclusiva del Municipio, derivado del\r\n  art\u00edculo 115 Constituciona, as\u00ed como a la Ley General de Asentamientos\r\n  Humanos, Ordenamiento Territorial y Desarrollo Urbano, en el que se\u00f1ala a los\r\n  municipios como los responsables de expedir las autorizaciones, licencias o\r\n  permisos de las diversas acciones urban\u00edsticas<\/td>\r\n  <td class=xl1527845><\/td>\r\n  <td class=xl1527845><\/td>\r\n <\/tr>\r\n <tr height=0 style='display:none'>\r\n  <td class=xl1527845>1<\/td>\r\n  <td class=xl1527845>4<\/td>\r\n  <td class=xl1527845>4<\/td>\r\n  <td class=xl1527845>7<\/td>\r\n  <td class=xl1527845>7<\/td>\r\n  <td class=xl1527845>3<\/td>\r\n  <td class=xl1527845>3<\/td>\r\n  <td class=xl1527845>2<\/td>\r\n  <td class=xl1527845>4<\/td>\r\n  <td class=xl1527845>13<\/td>\r\n  <td class=xl1527845>14<\/td>\r\n <\/tr>\r\n <tr height=0 style='display:none'>\r\n  <td class=xl1527845>395640<\/td>\r\n  <td class=xl1527845>395647<\/td>\r\n  <td class=xl1527845>395650<\/td>\r\n  <td class=xl1527845>395648<\/td>\r\n  <td class=xl1527845>395642<\/td>\r\n  <td class=xl1527845>395645<\/td>\r\n  <td class=xl1527845>395646<\/td>\r\n  <td class=xl1527845>395649<\/td>\r\n  <td class=xl1527845>395641<\/td>\r\n  <td class=xl1527845>395644<\/td>\r\n  <td class=xl1527845>395643<\/td>\r\n <\/tr>\r\n <tr height=20 style='height:15.0pt'>\r\n  <td colspan=11 height=20 class=xl6727845 style='height:15.0pt'>Tabla Campos<\/td>\r\n <\/tr>\r\n <tr height=35 style='height:26.25pt'>\r\n  <td height=35 class=xl6327845 width=56 style='height:26.25pt;width:42pt'>Ejercicio<\/td>\r\n  <td class=xl6327845 width=255 style='border-left:none;width:191pt'>Fecha de\r\n  inicio del periodo que se informa<\/td>\r\n  <td class=xl6327845 width=270 style='border-left:none;width:203pt'>Fecha de\r\n  t\u00e9rmino del periodo que se informa<\/td>\r\n  <td class=xl6327845 width=309 style='border-left:none;width:232pt'>Hiperv\u00ednculo\r\n  al listado con los tipos de uso de suelo<\/td>\r\n  <td class=xl6327845 width=331 style='border-left:none;width:248pt'>Hiperv\u00ednculo\r\n  a los mapas con tipolog\u00eda de uso del suelo<\/td>\r\n  <td class=xl6327845 width=315 style='border-left:none;width:236pt'>N\u00famero\r\n  total de cambios de uso de suelo solicitados<\/td>\r\n  <td class=xl6327845 width=322 style='border-left:none;width:242pt'>N\u00famero\r\n  total de cambios de uso de suelo autorizados<\/td>\r\n  <td class=xl6327845 width=512 style='border-left:none;width:384pt'>\u00c1rea(s)\r\n  responsable(s) que genera(n), posee(n), publica(n) y actualizan la\r\n  informaci\u00f3n<\/td>\r\n  <td class=xl6327845 width=123 style='border-left:none;width:92pt'>Fecha de\r\n  validaci\u00f3n<\/td>\r\n  <td class=xl6327845 width=140 style='border-left:none;width:105pt'>Fecha de\r\n  actualizaci\u00f3n<\/td>\r\n  <td class=xl6327845 width=1790 style='border-left:none;width:1343pt'>Nota<\/td>\r\n <\/tr>\r\n <tr height=20 style='height:15.0pt'>\r\n  <td height=20 class=xl6427845 align=right style='height:15.0pt;border-top:\r\n  none'>2023<\/td>\r\n  <td class=xl6527845 align=right style='border-top:none;border-left:none'>01\/01\/2023<\/td>\r\n  <td class=xl6627845 style='border-top:none;border-left:none'>31\/03\/2023<\/td>\r\n  <td class=xl6427845 style='border-top:none;border-left:none'>&nbsp;<\/td>\r\n  <td class=xl6427845 style='border-top:none;border-left:none'>&nbsp;<\/td>\r\n  <td class=xl6427845 style='border-top:none;border-left:none'>&nbsp;<\/td>\r\n  <td class=xl6427845 style='border-top:none;border-left:none'>&nbsp;<\/td>\r\n  <td class=xl6427845 style='border-top:none;border-left:none'>ECOLOGIA<span\r\n  style='mso-spacerun:yes'>\u00a0<\/span><\/td>\r\n  <td class=xl6527845 align=right style='border-top:none;border-left:none'>05\/04\/2023<\/td>\r\n  <td class=xl6527845 align=right style='border-top:none;border-left:none'>05\/04\/2023<\/td>\r\n  <td class=xl6427845 style='border-top:none;border-left:none'>En el caso de\r\n  este municipio no se tiene personalidad jur\u00eddica para este tipo de tr\u00e1mite es\r\n  facultad de la<span style='mso-spacerun:yes'>\u00a0 <\/span>Secretaria de\r\n  Desarrollo Urbano y Ordenamiento Territorial, Art\u00edculos 10 y 81 de la\r\n  Constituci\u00f3n Pol\u00edtica del Estado de Hidalgo, Art\u00edculos 13 fracci\u00f3n V, 28\r\n  fracciones XXVI y XXVIII, de la Ley Org\u00e1nica de la Administraci\u00f3n P\u00fablica\r\n  para el Estado de Hidalgo, Art\u00edculos 1, 2, 3, 5, 6, 7, 32, 33, 36, 48, 49,\r\n  50, 60, 61, 62, 63, 133 fracci\u00f3n II, 137 y 138 de la Ley de Asentamientos\r\n  Humanos, Desarrollo Urbano y Ordenamiento Territorial del Estado de Hidalgo,\r\n  Art\u00edculos 69 fracci\u00f3n II y 70 de su Reglamento de la Ley de Asentamientos\r\n  Humanos, Desarrollo Urbano y Ordenamiento Territorial del Estado de Hidalgo<\/td>\r\n <\/tr>\r\n <![if supportMisalignedColumns]>\r\n <tr height=0 style='display:none'>\r\n  <td width=56 style='width:42pt'><\/td>\r\n  <td width=255 style='width:191pt'><\/td>\r\n  <td width=270 style='width:203pt'><\/td>\r\n  <td width=309 style='width:232pt'><\/td>\r\n  <td width=331 style='width:248pt'><\/td>\r\n  <td width=315 style='width:236pt'><\/td>\r\n  <td width=322 style='width:242pt'><\/td>\r\n  <td width=512 style='width:384pt'><\/td>\r\n  <td width=123 style='width:92pt'><\/td>\r\n  <td width=140 style='width:105pt'><\/td>\r\n  <td width=1790 style='width:1343pt'><\/td>\r\n <\/tr>\r\n <![endif]>\r\n<\/table>\r\n\r\n<\/div>\r\n\r\n\r\n<!----------------------------->\r\n<!--FINAL DE LOS RESULTADOS DEL ASISTENTE PARA PUBLICAR COMO P\u00c1GINA WEB DE\r\nEXCEL-->\r\n<!----------------------------->\r\n<\/body>\r\n\r\n<\/html>\r\n\t\t\t\t<\/div>\n\t\t\t\t<\/div>\n\t\t\t\t\t<\/div>\n\t\t<\/div>\n\t\t\t\t\t<\/div>\n\t\t<\/section>\n\t\t\t\t<\/div>\n\t\t","protected":false},"excerpt":{"rendered":"<p>Descargar archivo Fracci\u00f3n f5 de art\u00edculo 70 46681 T\u00cdTULO NOMBRE CORTO DESCRIPCI\u00d3N Tipos de uso de suelo a70_f01_f5 Se publicar\u00e1 las licencias de uso de suelo y construcci\u00f3n, apelando a la competencia exclusiva del Municipio, derivado del art\u00edculo 115 Constituciona, as\u00ed como a la Ley General de Asentamientos Humanos, Ordenamiento Territorial y Desarrollo Urbano, en [&hellip;]<\/p>\n","protected":false},"author":1,"featured_media":0,"parent":14717,"menu_order":0,"comment_status":"closed","ping_status":"closed","template":"","meta":{"footnotes":""},"class_list":["post-15256","page","type-page","status-publish","hentry"],"jetpack_sharing_enabled":true,"_links":{"self":[{"href":"https:\/\/apan.gob.mx\/portal\/wp-json\/wp\/v2\/pages\/15256","targetHints":{"allow":["GET"]}}],"collection":[{"href":"https:\/\/apan.gob.mx\/portal\/wp-json\/wp\/v2\/pages"}],"about":[{"href":"https:\/\/apan.gob.mx\/portal\/wp-json\/wp\/v2\/types\/page"}],"author":[{"embeddable":true,"href":"https:\/\/apan.gob.mx\/portal\/wp-json\/wp\/v2\/users\/1"}],"replies":[{"embeddable":true,"href":"https:\/\/apan.gob.mx\/portal\/wp-json\/wp\/v2\/comments?post=15256"}],"version-history":[{"count":5,"href":"https:\/\/apan.gob.mx\/portal\/wp-json\/wp\/v2\/pages\/15256\/revisions"}],"predecessor-version":[{"id":15261,"href":"https:\/\/apan.gob.mx\/portal\/wp-json\/wp\/v2\/pages\/15256\/revisions\/15261"}],"up":[{"embeddable":true,"href":"https:\/\/apan.gob.mx\/portal\/wp-json\/wp\/v2\/pages\/14717"}],"wp:attachment":[{"href":"https:\/\/apan.gob.mx\/portal\/wp-json\/wp\/v2\/media?parent=15256"}],"curies":[{"name":"wp","href":"https:\/\/api.w.org\/{rel}","templated":true}]}}