{"id":1548,"date":"2018-03-14T02:02:36","date_gmt":"2018-03-14T02:02:36","guid":{"rendered":"https:\/\/apan.gob.mx\/portal\/?page_id=1548"},"modified":"2018-03-14T02:02:36","modified_gmt":"2018-03-14T02:02:36","slug":"fraccionxxxlx_cuarto","status":"publish","type":"page","link":"https:\/\/apan.gob.mx\/portal\/fraccionxxxlx_cuarto\/","title":{"rendered":"<!--fraccion xxxlx cuarto-->"},"content":{"rendered":"\t\t<div data-elementor-type=\"wp-page\" data-elementor-id=\"1548\" class=\"elementor elementor-1548 elementor-bc-flex-widget\">\n\t\t\t\t\t\t<section class=\"has_ae_slider elementor-section elementor-top-section elementor-element elementor-element-j7ms2jd elementor-section-boxed elementor-section-height-default elementor-section-height-default ae-bg-gallery-type-default\" data-id=\"j7ms2jd\" data-element_type=\"section\" data-e-type=\"section\">\n\t\t\t\t\t\t<div class=\"elementor-container elementor-column-gap-default\">\n\t\t\t\t\t<div class=\"has_ae_slider elementor-column elementor-col-100 elementor-top-column elementor-element elementor-element-t9pcob9 ae-bg-gallery-type-default\" data-id=\"t9pcob9\" data-element_type=\"column\" data-e-type=\"column\">\n\t\t\t<div class=\"elementor-widget-wrap elementor-element-populated\">\n\t\t\t\t\t\t<div class=\"elementor-element elementor-element-ocw5dko elementor-widget elementor-widget-html\" data-id=\"ocw5dko\" data-element_type=\"widget\" data-e-type=\"widget\" data-widget_type=\"html.default\">\n\t\t\t\t<div class=\"elementor-widget-container\">\n\t\t\t\t\t<style id=\"a69_f39_a_15282_Styles\"><!--table\r\n\t{mso-displayed-decimal-separator:\"\\.\";\r\n\tmso-displayed-thousand-separator:\"\\,\";}\r\n.xl1515282\r\n\t{padding-top:1px;\r\n\tpadding-right:1px;\r\n\tpadding-left:1px;\r\n\tmso-ignore:padding;\r\n\tcolor:black;\r\n\tfont-size:11.0pt;\r\n\tfont-weight:400;\r\n\tfont-style:normal;\r\n\ttext-decoration:none;\r\n\tfont-family:Calibri, sans-serif;\r\n\tmso-font-charset:0;\r\n\tmso-number-format:General;\r\n\ttext-align:general;\r\n\tvertical-align:bottom;\r\n\tmso-background-source:auto;\r\n\tmso-pattern:auto;\r\n\twhite-space:nowrap;}\r\n.xl6315282\r\n\t{padding-top:1px;\r\n\tpadding-right:1px;\r\n\tpadding-left:1px;\r\n\tmso-ignore:padding;\r\n\tcolor:black;\r\n\tfont-size:10.0pt;\r\n\tfont-weight:400;\r\n\tfont-style:normal;\r\n\ttext-decoration:none;\r\n\tfont-family:Arial, sans-serif;\r\n\tmso-font-charset:0;\r\n\tmso-number-format:General;\r\n\ttext-align:center;\r\n\tvertical-align:bottom;\r\n\tborder:.5pt solid windowtext;\r\n\tbackground:#E1E1E1;\r\n\tmso-pattern:black none;\r\n\twhite-space:normal;}\r\n.xl6415282\r\n\t{padding-top:1px;\r\n\tpadding-right:1px;\r\n\tpadding-left:1px;\r\n\tmso-ignore:padding;\r\n\tcolor:white;\r\n\tfont-size:11.0pt;\r\n\tfont-weight:700;\r\n\tfont-style:normal;\r\n\ttext-decoration:none;\r\n\tfont-family:Arial, sans-serif;\r\n\tmso-font-charset:0;\r\n\tmso-number-format:General;\r\n\ttext-align:center;\r\n\tvertical-align:bottom;\r\n\tborder:.5pt solid windowtext;\r\n\tbackground:#333333;\r\n\tmso-pattern:black none;\r\n\twhite-space:nowrap;}\r\n.xl6515282\r\n\t{padding-top:1px;\r\n\tpadding-right:1px;\r\n\tpadding-left:1px;\r\n\tmso-ignore:padding;\r\n\tcolor:black;\r\n\tfont-size:11.0pt;\r\n\tfont-weight:400;\r\n\tfont-style:normal;\r\n\ttext-decoration:none;\r\n\tfont-family:Calibri, sans-serif;\r\n\tmso-font-charset:0;\r\n\tmso-number-format:General;\r\n\ttext-align:general;\r\n\tvertical-align:bottom;\r\n\tmso-background-source:auto;\r\n\tmso-pattern:auto;\r\n\twhite-space:normal;}\r\n.xl6615282\r\n\t{padding-top:1px;\r\n\tpadding-right:1px;\r\n\tpadding-left:1px;\r\n\tmso-ignore:padding;\r\n\tcolor:black;\r\n\tfont-size:10.0pt;\r\n\tfont-weight:400;\r\n\tfont-style:normal;\r\n\ttext-decoration:none;\r\n\tfont-family:Arial, sans-serif;\r\n\tmso-font-charset:0;\r\n\tmso-number-format:General;\r\n\ttext-align:center;\r\n\tvertical-align:middle;\r\n\tborder-top:none;\r\n\tborder-right:none;\r\n\tborder-bottom:none;\r\n\tborder-left:.5pt solid windowtext;\r\n\tbackground:#E1E1E1;\r\n\tmso-pattern:black none;\r\n\twhite-space:normal;}\r\n.xl6715282\r\n\t{padding-top:1px;\r\n\tpadding-right:1px;\r\n\tpadding-left:1px;\r\n\tmso-ignore:padding;\r\n\tcolor:black;\r\n\tfont-size:10.0pt;\r\n\tfont-weight:400;\r\n\tfont-style:normal;\r\n\ttext-decoration:none;\r\n\tfont-family:Arial, sans-serif;\r\n\tmso-font-charset:0;\r\n\tmso-number-format:General;\r\n\ttext-align:center;\r\n\tvertical-align:middle;\r\n\tborder-top:none;\r\n\tborder-right:.5pt solid windowtext;\r\n\tborder-bottom:none;\r\n\tborder-left:none;\r\n\tbackground:#E1E1E1;\r\n\tmso-pattern:black none;\r\n\twhite-space:normal;}\r\n.xl6815282\r\n\t{padding-top:1px;\r\n\tpadding-right:1px;\r\n\tpadding-left:1px;\r\n\tmso-ignore:padding;\r\n\tcolor:black;\r\n\tfont-size:10.0pt;\r\n\tfont-weight:400;\r\n\tfont-style:normal;\r\n\ttext-decoration:none;\r\n\tfont-family:Arial, sans-serif;\r\n\tmso-font-charset:0;\r\n\tmso-number-format:General;\r\n\ttext-align:center;\r\n\tvertical-align:middle;\r\n\tborder:.5pt solid windowtext;\r\n\tbackground:#E1E1E1;\r\n\tmso-pattern:black none;\r\n\twhite-space:normal;}\r\n.xl6915282\r\n\t{padding-top:1px;\r\n\tpadding-right:1px;\r\n\tpadding-left:1px;\r\n\tmso-ignore:padding;\r\n\tcolor:black;\r\n\tfont-size:11.0pt;\r\n\tfont-weight:400;\r\n\tfont-style:normal;\r\n\ttext-decoration:none;\r\n\tfont-family:Calibri, sans-serif;\r\n\tmso-font-charset:0;\r\n\tmso-number-format:General;\r\n\ttext-align:center;\r\n\tvertical-align:middle;\r\n\tmso-background-source:auto;\r\n\tmso-pattern:auto;\r\n\twhite-space:nowrap;}\r\n.xl7015282\r\n\t{padding-top:1px;\r\n\tpadding-right:1px;\r\n\tpadding-left:1px;\r\n\tmso-ignore:padding;\r\n\tcolor:black;\r\n\tfont-size:11.0pt;\r\n\tfont-weight:400;\r\n\tfont-style:normal;\r\n\ttext-decoration:none;\r\n\tfont-family:Calibri, sans-serif;\r\n\tmso-font-charset:0;\r\n\tmso-number-format:General;\r\n\ttext-align:general;\r\n\tvertical-align:bottom;\r\n\tbackground:white;\r\n\tmso-pattern:black none;\r\n\twhite-space:nowrap;}\r\n.xl7115282\r\n\t{padding-top:1px;\r\n\tpadding-right:1px;\r\n\tpadding-left:1px;\r\n\tmso-ignore:padding;\r\n\tcolor:black;\r\n\tfont-size:11.0pt;\r\n\tfont-weight:400;\r\n\tfont-style:normal;\r\n\ttext-decoration:none;\r\n\tfont-family:Calibri, sans-serif;\r\n\tmso-font-charset:0;\r\n\tmso-number-format:General;\r\n\ttext-align:general;\r\n\tvertical-align:bottom;\r\n\tbackground:white;\r\n\tmso-pattern:black none;\r\n\twhite-space:normal;}\r\n.xl7215282\r\n\t{padding-top:1px;\r\n\tpadding-right:1px;\r\n\tpadding-left:1px;\r\n\tmso-ignore:padding;\r\n\tcolor:black;\r\n\tfont-size:11.0pt;\r\n\tfont-weight:400;\r\n\tfont-style:normal;\r\n\ttext-decoration:none;\r\n\tfont-family:Calibri, sans-serif;\r\n\tmso-font-charset:0;\r\n\tmso-number-format:General;\r\n\ttext-align:center;\r\n\tvertical-align:middle;\r\n\tbackground:white;\r\n\tmso-pattern:black none;\r\n\twhite-space:nowrap;}\r\n.xl7315282\r\n\t{padding-top:1px;\r\n\tpadding-right:1px;\r\n\tpadding-left:1px;\r\n\tmso-ignore:padding;\r\n\tcolor:black;\r\n\tfont-size:11.0pt;\r\n\tfont-weight:400;\r\n\tfont-style:normal;\r\n\ttext-decoration:none;\r\n\tfont-family:Calibri, sans-serif;\r\n\tmso-font-charset:0;\r\n\tmso-number-format:General;\r\n\ttext-align:center;\r\n\tvertical-align:middle;\r\n\tbackground:white;\r\n\tmso-pattern:black none;\r\n\twhite-space:normal;}\r\n.xl7415282\r\n\t{padding-top:1px;\r\n\tpadding-right:1px;\r\n\tpadding-left:1px;\r\n\tmso-ignore:padding;\r\n\tcolor:white;\r\n\tfont-size:11.0pt;\r\n\tfont-weight:700;\r\n\tfont-style:normal;\r\n\ttext-decoration:none;\r\n\tfont-family:Arial, sans-serif;\r\n\tmso-font-charset:0;\r\n\tmso-number-format:General;\r\n\ttext-align:center;\r\n\tvertical-align:bottom;\r\n\tborder-top:.5pt solid windowtext;\r\n\tborder-right:.5pt solid windowtext;\r\n\tborder-bottom:none;\r\n\tborder-left:.5pt solid windowtext;\r\n\tbackground:#333333;\r\n\tmso-pattern:black none;\r\n\twhite-space:nowrap;}\r\n.xl7515282\r\n\t{padding-top:1px;\r\n\tpadding-right:1px;\r\n\tpadding-left:1px;\r\n\tmso-ignore:padding;\r\n\tcolor:black;\r\n\tfont-size:11.0pt;\r\n\tfont-weight:400;\r\n\tfont-style:normal;\r\n\ttext-decoration:none;\r\n\tfont-family:Calibri, sans-serif;\r\n\tmso-font-charset:0;\r\n\tmso-number-format:General;\r\n\ttext-align:center;\r\n\tvertical-align:middle;\r\n\tborder:.5pt solid windowtext;\r\n\tmso-background-source:auto;\r\n\tmso-pattern:auto;\r\n\twhite-space:normal;}\r\n.xl7615282\r\n\t{padding-top:1px;\r\n\tpadding-right:1px;\r\n\tpadding-left:1px;\r\n\tmso-ignore:padding;\r\n\tcolor:black;\r\n\tfont-size:11.0pt;\r\n\tfont-weight:400;\r\n\tfont-style:normal;\r\n\ttext-decoration:none;\r\n\tfont-family:Calibri, sans-serif;\r\n\tmso-font-charset:0;\r\n\tmso-number-format:General;\r\n\ttext-align:center;\r\n\tvertical-align:middle;\r\n\tborder:.5pt solid windowtext;\r\n\tbackground:white;\r\n\tmso-pattern:black none;\r\n\twhite-space:nowrap;}\r\n.xl7715282\r\n\t{padding-top:1px;\r\n\tpadding-right:1px;\r\n\tpadding-left:1px;\r\n\tmso-ignore:padding;\r\n\tcolor:black;\r\n\tfont-size:11.0pt;\r\n\tfont-weight:400;\r\n\tfont-style:normal;\r\n\ttext-decoration:none;\r\n\tfont-family:Calibri, sans-serif;\r\n\tmso-font-charset:0;\r\n\tmso-number-format:\"Medium Date\";\r\n\ttext-align:center;\r\n\tvertical-align:middle;\r\n\tborder:.5pt solid windowtext;\r\n\tbackground:white;\r\n\tmso-pattern:black none;\r\n\twhite-space:nowrap;}\r\n.xl7815282\r\n\t{padding-top:1px;\r\n\tpadding-right:1px;\r\n\tpadding-left:1px;\r\n\tmso-ignore:padding;\r\n\tcolor:black;\r\n\tfont-size:11.0pt;\r\n\tfont-weight:400;\r\n\tfont-style:normal;\r\n\ttext-decoration:none;\r\n\tfont-family:Calibri, sans-serif;\r\n\tmso-font-charset:0;\r\n\tmso-number-format:General;\r\n\ttext-align:center;\r\n\tvertical-align:middle;\r\n\tborder:.5pt solid windowtext;\r\n\tbackground:white;\r\n\tmso-pattern:black none;\r\n\twhite-space:normal;}\r\n--><\/style>\r\n<\/head>\r\n\r\n<body>\r\n<!--[if !excel]>&nbsp;&nbsp;<![endif]-->\r\n<!--La siguiente informaci\u00f3n se gener\u00f3 mediante el Asistente para publicar como\r\np\u00e1gina web de Microsoft Excel.-->\r\n<!--Si se vuelve a publicar el mismo elemento desde Excel, se reemplazar\u00e1 toda\r\nla informaci\u00f3n comprendida entre las etiquetas DIV.-->\r\n<!----------------------------->\r\n<!--INICIO DE LOS RESULTADOS DEL ASISTENTE PARA PUBLICAR COMO P\u00c1GINA WEB DE\r\nEXCEL -->\r\n<!----------------------------->\r\n\r\n<div id=\"a69_f39_a_15282\" align=center x:publishsource=\"Excel\">\r\n\r\n<table border=0 cellpadding=0 cellspacing=0 width=1725 style='border-collapse:\r\n collapse;table-layout:fixed;width:1294pt'>\r\n <col width=59 style='mso-width-source:userset;mso-width-alt:2157;width:44pt'>\r\n <col width=273 style='mso-width-source:userset;mso-width-alt:9984;width:205pt'>\r\n <col width=231 style='mso-width-source:userset;mso-width-alt:8448;width:173pt'>\r\n <col width=73 style='mso-width-source:userset;mso-width-alt:2669;width:55pt'>\r\n <col width=161 style='mso-width-source:userset;mso-width-alt:5888;width:121pt'>\r\n <col width=128 style='mso-width-source:userset;mso-width-alt:4681;width:96pt'>\r\n <col width=224 style='mso-width-source:userset;mso-width-alt:8192;width:168pt'>\r\n <col width=56 style='mso-width-source:userset;mso-width-alt:2048;width:42pt'>\r\n <col width=145 style='mso-width-source:userset;mso-width-alt:5302;width:109pt'>\r\n <col class=xl6515282 width=375 style='mso-width-source:userset;mso-width-alt:\r\n 13714;width:281pt'>\r\n <tr height=0 style='display:none'>\r\n  <td class=xl1515282 width=59 style='width:44pt'>35970<\/td>\r\n  <td class=xl1515282 width=273 style='width:205pt'><\/td>\r\n  <td class=xl1515282 width=231 style='width:173pt'><\/td>\r\n  <td class=xl1515282 width=73 style='width:55pt'><\/td>\r\n  <td class=xl1515282 width=161 style='width:121pt'><\/td>\r\n  <td class=xl1515282 width=128 style='width:96pt'><\/td>\r\n  <td class=xl1515282 width=224 style='width:168pt'><\/td>\r\n  <td class=xl1515282 width=56 style='width:42pt'><\/td>\r\n  <td class=xl1515282 width=145 style='width:109pt'><\/td>\r\n  <td class=xl6515282 width=375 style='width:281pt'><\/td>\r\n <\/tr>\r\n <tr height=20 style='height:15.0pt'>\r\n  <td colspan=2 height=20 class=xl6415282 style='height:15.0pt'>T\u00cdTULO<\/td>\r\n  <td colspan=3 class=xl7415282>DESCRIPCI\u00d3N<\/td>\r\n  <td class=xl7015282>&nbsp;<\/td>\r\n  <td class=xl7015282>&nbsp;<\/td>\r\n  <td class=xl7015282>&nbsp;<\/td>\r\n  <td class=xl7015282>&nbsp;<\/td>\r\n  <td class=xl7115282 width=375 style='width:281pt'>&nbsp;<\/td>\r\n <\/tr>\r\n <tr class=xl6915282 height=61 style='mso-height-source:userset;height:45.75pt'>\r\n  <td colspan=2 height=61 class=xl6615282 width=332 style='border-right:.5pt solid black;\r\n  height:45.75pt;width:249pt'>FRACCI\u00d3N XXXIX.- Informe de sesiones del Comit\u00e9\r\n  de Transparencia.<\/td>\r\n  <td colspan=3 class=xl6815282 width=465 style='border-left:none;width:349pt'>Las\r\n  actas y resoluciones del Comit\u00e9 de Transparencia de los sujetos obligados;<\/td>\r\n  <td class=xl7215282>&nbsp;<\/td>\r\n  <td class=xl7215282>&nbsp;<\/td>\r\n  <td class=xl7215282>&nbsp;<\/td>\r\n  <td class=xl7215282>&nbsp;<\/td>\r\n  <td class=xl7315282 width=375 style='width:281pt'>&nbsp;<\/td>\r\n <\/tr>\r\n <tr height=0 style='display:none'>\r\n  <td class=xl1515282>1<\/td>\r\n  <td class=xl1515282>1<\/td>\r\n  <td class=xl1515282>1<\/td>\r\n  <td class=xl1515282>9<\/td>\r\n  <td class=xl1515282>9<\/td>\r\n  <td class=xl1515282>4<\/td>\r\n  <td class=xl1515282>1<\/td>\r\n  <td class=xl1515282>12<\/td>\r\n  <td class=xl1515282>13<\/td>\r\n  <td class=xl6515282 width=375 style='width:281pt'>14<\/td>\r\n <\/tr>\r\n <tr height=0 style='display:none'>\r\n  <td class=xl1515282>236401<\/td>\r\n  <td class=xl1515282>236399<\/td>\r\n  <td class=xl1515282>236403<\/td>\r\n  <td class=xl1515282>236409<\/td>\r\n  <td class=xl1515282>236410<\/td>\r\n  <td class=xl1515282>236407<\/td>\r\n  <td class=xl1515282>236404<\/td>\r\n  <td class=xl1515282>236412<\/td>\r\n  <td class=xl1515282>236413<\/td>\r\n  <td class=xl6515282 width=375 style='width:281pt'>236414<\/td>\r\n <\/tr>\r\n <tr height=20 style='height:15.0pt'>\r\n  <td colspan=10 height=20 class=xl6415282 style='height:15.0pt'>Tabla Campos<\/td>\r\n <\/tr>\r\n <tr height=35 style='height:26.25pt'>\r\n  <td height=35 class=xl6315282 width=59 style='height:26.25pt;width:44pt'><span\r\n  style='mso-spacerun:yes'>\u00a0<\/span>Ejercicio<\/td>\r\n  <td class=xl6315282 width=273 style='border-left:none;width:205pt'><span\r\n  style='mso-spacerun:yes'>\u00a0<\/span>Periodo Que Se Informa<\/td>\r\n  <td class=xl6315282 width=231 style='border-left:none;width:173pt'><span\r\n  style='mso-spacerun:yes'>\u00a0<\/span>\u00c1rea(s) Que Presenta(n) La Propuesta<\/td>\r\n  <td class=xl6315282 width=73 style='border-left:none;width:55pt'><span\r\n  style='mso-spacerun:yes'>\u00a0<\/span>Propuesta:<\/td>\r\n  <td class=xl6315282 width=161 style='border-left:none;width:121pt'><span\r\n  style='mso-spacerun:yes'>\u00a0<\/span>Sentido de La Resoluci\u00f3n:<\/td>\r\n  <td class=xl6315282 width=128 style='border-left:none;width:96pt'><span\r\n  style='mso-spacerun:yes'>\u00a0<\/span>Fecha de Validaci\u00f3n<\/td>\r\n  <td class=xl6315282 width=224 style='border-left:none;width:168pt'><span\r\n  style='mso-spacerun:yes'>\u00a0<\/span>\u00c1rea Responsable de La Informaci\u00f3n<\/td>\r\n  <td class=xl6315282 width=56 style='border-left:none;width:42pt'><span\r\n  style='mso-spacerun:yes'>\u00a0<\/span>A\u00f1o<\/td>\r\n  <td class=xl6315282 width=145 style='border-left:none;width:109pt'><span\r\n  style='mso-spacerun:yes'>\u00a0<\/span>Fecha de Actualizaci\u00f3n<\/td>\r\n  <td class=xl6315282 width=375 style='border-left:none;width:281pt'><span\r\n  style='mso-spacerun:yes'>\u00a0<\/span>Nota<\/td>\r\n <\/tr>\r\n <tr height=40 style='height:30.0pt'>\r\n  <td height=40 class=xl7615282 style='height:30.0pt;border-top:none'>2017<\/td>\r\n  <td class=xl7615282 style='border-top:none;border-left:none'>octubre<\/td>\r\n  <td class=xl7615282 style='border-top:none;border-left:none'>&nbsp;<\/td>\r\n  <td class=xl7615282 style='border-top:none;border-left:none'>&nbsp;<\/td>\r\n  <td class=xl7615282 style='border-top:none;border-left:none'>&nbsp;<\/td>\r\n  <td class=xl7715282 style='border-top:none;border-left:none'>04-dic-18<\/td>\r\n  <td class=xl7615282 style='border-top:none;border-left:none'>&nbsp;<\/td>\r\n  <td class=xl7615282 style='border-top:none;border-left:none'>2017<\/td>\r\n  <td class=xl7715282 style='border-top:none;border-left:none'>04-dic-18<\/td>\r\n  <td class=xl7815282 width=375 style='border-top:none;border-left:none;\r\n  width:281pt'>Durante este mes no se llevo a cabo ningunan sesion del comit\u00e9\r\n  de transparencia<span style='mso-spacerun:yes'>\u00a0<\/span><\/td>\r\n <\/tr>\r\n <tr height=40 style='height:30.0pt'>\r\n  <td height=40 class=xl7615282 style='height:30.0pt;border-top:none'>2017<\/td>\r\n  <td class=xl7615282 style='border-top:none;border-left:none'>noviembre<\/td>\r\n  <td class=xl7615282 style='border-top:none;border-left:none'>&nbsp;<\/td>\r\n  <td class=xl7615282 style='border-top:none;border-left:none'>&nbsp;<\/td>\r\n  <td class=xl7615282 style='border-top:none;border-left:none'>&nbsp;<\/td>\r\n  <td class=xl7715282 style='border-top:none;border-left:none'>04-dic-18<\/td>\r\n  <td class=xl7615282 style='border-top:none;border-left:none'>&nbsp;<\/td>\r\n  <td class=xl7615282 style='border-top:none;border-left:none'>2017<\/td>\r\n  <td class=xl7715282 style='border-top:none;border-left:none'>04-dic-18<\/td>\r\n  <td class=xl7815282 width=375 style='border-top:none;border-left:none;\r\n  width:281pt'>Durante este mes no se llevo a cabo ningunan sesion del comit\u00e9\r\n  de transparencia<span style='mso-spacerun:yes'>\u00a0<\/span><\/td>\r\n <\/tr>\r\n <tr height=40 style='height:30.0pt'>\r\n  <td height=40 class=xl7615282 style='height:30.0pt;border-top:none'>2017<\/td>\r\n  <td class=xl7615282 style='border-top:none;border-left:none'>diciembre<\/td>\r\n  <td class=xl7615282 style='border-top:none;border-left:none'>&nbsp;<\/td>\r\n  <td class=xl7615282 style='border-top:none;border-left:none'>&nbsp;<\/td>\r\n  <td class=xl7615282 style='border-top:none;border-left:none'>&nbsp;<\/td>\r\n  <td class=xl7715282 style='border-top:none;border-left:none'>04-dic-18<\/td>\r\n  <td class=xl7615282 style='border-top:none;border-left:none'>&nbsp;<\/td>\r\n  <td class=xl7615282 style='border-top:none;border-left:none'>2017<\/td>\r\n  <td class=xl7715282 style='border-top:none;border-left:none'>04-dic-18<\/td>\r\n  <td class=xl7815282 width=375 style='border-top:none;border-left:none;\r\n  width:281pt'>Durante este mes no se llevo a cabo ningunan sesion del comit\u00e9\r\n  de transparencia<span style='mso-spacerun:yes'>\u00a0<\/span><\/td>\r\n <\/tr>\r\n <![if supportMisalignedColumns]>\r\n <tr height=0 style='display:none'>\r\n  <td width=59 style='width:44pt'><\/td>\r\n  <td width=273 style='width:205pt'><\/td>\r\n  <td width=231 style='width:173pt'><\/td>\r\n  <td width=73 style='width:55pt'><\/td>\r\n  <td width=161 style='width:121pt'><\/td>\r\n  <td width=128 style='width:96pt'><\/td>\r\n  <td width=224 style='width:168pt'><\/td>\r\n  <td width=56 style='width:42pt'><\/td>\r\n  <td width=145 style='width:109pt'><\/td>\r\n  <td width=375 style='width:281pt'><\/td>\r\n <\/tr>\r\n <![endif]>\r\n<\/table>\r\n\r\n<\/div>\t\t\t\t<\/div>\n\t\t\t\t<\/div>\n\t\t\t\t\t<\/div>\n\t\t<\/div>\n\t\t\t\t\t<\/div>\n\t\t<\/section>\n\t\t\t\t<\/div>\n\t\t","protected":false},"excerpt":{"rendered":"<p>&lt;![if supportMisalignedColumns]&gt;&lt;![endif]&gt; 35970 T\u00cdTULO DESCRIPCI\u00d3N FRACCI\u00d3N XXXIX.- Informe de sesiones del Comit\u00e9 de Transparencia. Las actas y resoluciones del Comit\u00e9 de Transparencia de los sujetos obligados; 1 1 1 9 9 4 1 12 13 14 236401 236399 236403 236409 236410 236407 236404 236412 236413 236414 Tabla Campos \u00a0Ejercicio \u00a0Periodo Que Se Informa \u00a0\u00c1rea(s) Que [&hellip;]<\/p>\n","protected":false},"author":1,"featured_media":0,"parent":0,"menu_order":0,"comment_status":"closed","ping_status":"closed","template":"page-template-full.php","meta":{"footnotes":""},"class_list":["post-1548","page","type-page","status-publish","hentry"],"jetpack_sharing_enabled":true,"_links":{"self":[{"href":"https:\/\/apan.gob.mx\/portal\/wp-json\/wp\/v2\/pages\/1548","targetHints":{"allow":["GET"]}}],"collection":[{"href":"https:\/\/apan.gob.mx\/portal\/wp-json\/wp\/v2\/pages"}],"about":[{"href":"https:\/\/apan.gob.mx\/portal\/wp-json\/wp\/v2\/types\/page"}],"author":[{"embeddable":true,"href":"https:\/\/apan.gob.mx\/portal\/wp-json\/wp\/v2\/users\/1"}],"replies":[{"embeddable":true,"href":"https:\/\/apan.gob.mx\/portal\/wp-json\/wp\/v2\/comments?post=1548"}],"version-history":[{"count":2,"href":"https:\/\/apan.gob.mx\/portal\/wp-json\/wp\/v2\/pages\/1548\/revisions"}],"predecessor-version":[{"id":1550,"href":"https:\/\/apan.gob.mx\/portal\/wp-json\/wp\/v2\/pages\/1548\/revisions\/1550"}],"wp:attachment":[{"href":"https:\/\/apan.gob.mx\/portal\/wp-json\/wp\/v2\/media?parent=1548"}],"curies":[{"name":"wp","href":"https:\/\/api.w.org\/{rel}","templated":true}]}}