{"id":157,"date":"2017-02-25T09:18:02","date_gmt":"2017-02-25T09:18:02","guid":{"rendered":"https:\/\/apan.gob.mx\/portal\/?page_id=157"},"modified":"2017-03-03T00:46:08","modified_gmt":"2017-03-03T00:46:08","slug":"municipio","status":"publish","type":"page","link":"https:\/\/apan.gob.mx\/portal\/municipio\/","title":{"rendered":"Municipio"},"content":{"rendered":"\t\t<div data-elementor-type=\"wp-page\" data-elementor-id=\"157\" class=\"elementor elementor-157 elementor-bc-flex-widget\">\n\t\t\t\t\t\t<section class=\"has_ae_slider elementor-section elementor-top-section elementor-element elementor-element-omasdwf elementor-section-boxed elementor-section-height-default elementor-section-content-bottom elementor-section-height-default ae-bg-gallery-type-default\" data-id=\"omasdwf\" data-element_type=\"section\" data-e-type=\"section\" data-settings=\"{&quot;background_background&quot;:&quot;classic&quot;}\">\n\t\t\t\t\t\t<div class=\"elementor-container elementor-column-gap-default\">\n\t\t\t\t\t<div class=\"has_ae_slider elementor-column elementor-col-50 elementor-top-column elementor-element elementor-element-bzultoj animated-slow ae-bg-gallery-type-default elementor-invisible\" data-id=\"bzultoj\" data-element_type=\"column\" data-e-type=\"column\" data-settings=\"{&quot;background_background&quot;:&quot;classic&quot;,&quot;animation&quot;:&quot;fadeInRight&quot;}\">\n\t\t\t<div class=\"elementor-widget-wrap elementor-element-populated\">\n\t\t\t\t\t\t<div class=\"elementor-element elementor-element-zchwibw elementor-widget elementor-widget-heading\" data-id=\"zchwibw\" data-element_type=\"widget\" data-e-type=\"widget\" data-widget_type=\"heading.default\">\n\t\t\t\t<div class=\"elementor-widget-container\">\n\t\t\t\t\t<h1 class=\"elementor-heading-title elementor-size-large\">Apan<\/h1>\t\t\t\t<\/div>\n\t\t\t\t<\/div>\n\t\t\t\t\t<\/div>\n\t\t<\/div>\n\t\t\t\t<div class=\"has_ae_slider elementor-column elementor-col-50 elementor-top-column elementor-element elementor-element-kmsdncv ae-bg-gallery-type-default\" data-id=\"kmsdncv\" data-element_type=\"column\" data-e-type=\"column\">\n\t\t\t<div class=\"elementor-widget-wrap\">\n\t\t\t\t\t\t\t<\/div>\n\t\t<\/div>\n\t\t\t\t\t<\/div>\n\t\t<\/section>\n\t\t\t\t<section class=\"has_ae_slider elementor-section elementor-top-section elementor-element elementor-element-pvblghq elementor-section-boxed elementor-section-height-default elementor-section-height-default ae-bg-gallery-type-default elementor-invisible\" data-id=\"pvblghq\" data-element_type=\"section\" data-e-type=\"section\" data-settings=\"{&quot;background_background&quot;:&quot;classic&quot;,&quot;animation&quot;:&quot;zoomInLeft&quot;}\">\n\t\t\t\t\t\t<div class=\"elementor-container elementor-column-gap-default\">\n\t\t\t\t\t<div class=\"has_ae_slider elementor-column elementor-col-50 elementor-top-column elementor-element elementor-element-xvjpnls ae-bg-gallery-type-default\" data-id=\"xvjpnls\" data-element_type=\"column\" data-e-type=\"column\" data-settings=\"{&quot;background_background&quot;:&quot;classic&quot;}\">\n\t\t\t<div class=\"elementor-widget-wrap elementor-element-populated\">\n\t\t\t\t\t\t<div class=\"elementor-element elementor-element-jpazvgw elementor-widget elementor-widget-text-editor\" data-id=\"jpazvgw\" data-element_type=\"widget\" data-e-type=\"widget\" data-widget_type=\"text-editor.default\">\n\t\t\t\t<div class=\"elementor-widget-container\">\n\t\t\t\t\t\t\t\t\t<p>La palabra Apan es de origen n\u00e1huatl y proviene de las ra\u00edces: \u201catl\u201d cuyo significado es \u201cagua\u201d y \u201cpam\u201d locativo que se traduce como \u201cen\u201d o \u201csobre\u201d, de donde se obtiene \u201cen o sobre el agua\u201d. Sin embargo, hay quien le hacen derivar de a negaci\u00f3n y pam \u201csobre agua\u201d, es decir \u201cseco o sin agua\u201d lo cual no se puede admitir debido a que la part\u00edcula \u201cpam\u201d significa simplemente \u201cen\u201d o \u201csobre\u201d.<\/p><p>Algunos autores atribuyen el primer significado a que, en \u00e9pocas precortesianas hab\u00edan peque\u00f1as lagunas alrededor de la poblaci\u00f3n, y cuando se desbordaban, sobre todo en tiempo de lluvias, inundaban a la poblaci\u00f3n; por lo tanto siempre estaba sobre agua.\u00a0<\/p>\t\t\t\t\t\t\t\t<\/div>\n\t\t\t\t<\/div>\n\t\t\t\t\t<\/div>\n\t\t<\/div>\n\t\t\t\t<div class=\"has_ae_slider elementor-column elementor-col-50 elementor-top-column elementor-element elementor-element-kilknte ae-bg-gallery-type-default\" data-id=\"kilknte\" data-element_type=\"column\" data-e-type=\"column\">\n\t\t\t<div class=\"elementor-widget-wrap elementor-element-populated\">\n\t\t\t\t\t\t<section class=\"has_ae_slider elementor-section elementor-inner-section elementor-element elementor-element-nz1fs9t elementor-section-boxed elementor-section-height-default animated-slow elementor-section-height-default ae-bg-gallery-type-default elementor-invisible\" data-id=\"nz1fs9t\" data-element_type=\"section\" data-e-type=\"section\" data-settings=\"{&quot;animation&quot;:&quot;fadeInUp&quot;}\">\n\t\t\t\t\t\t<div class=\"elementor-container elementor-column-gap-default\">\n\t\t\t\t\t<div class=\"has_ae_slider elementor-column elementor-col-50 elementor-inner-column elementor-element elementor-element-ovfq5n2 ae-bg-gallery-type-default\" data-id=\"ovfq5n2\" data-element_type=\"column\" data-e-type=\"column\">\n\t\t\t<div class=\"elementor-widget-wrap elementor-element-populated\">\n\t\t\t\t\t\t<div class=\"elementor-element elementor-element-ane7xgu elementor-widget elementor-widget-image\" data-id=\"ane7xgu\" data-element_type=\"widget\" data-e-type=\"widget\" data-widget_type=\"image.default\">\n\t\t\t\t<div class=\"elementor-widget-container\">\n\t\t\t\t\t\t\t\t\t\t\t\t\t\t\t<img fetchpriority=\"high\" decoding=\"async\" width=\"960\" height=\"641\" src=\"https:\/\/i0.wp.com\/apan.gob.mx\/portal\/wp-content\/uploads\/2017\/02\/16602956_399002510456480_5286586636027666193_n.jpg?fit=960%2C641&amp;ssl=1\" class=\"attachment-large size-large wp-image-171\" alt=\"\" srcset=\"https:\/\/i0.wp.com\/apan.gob.mx\/portal\/wp-content\/uploads\/2017\/02\/16602956_399002510456480_5286586636027666193_n.jpg?w=960&amp;ssl=1 960w, https:\/\/i0.wp.com\/apan.gob.mx\/portal\/wp-content\/uploads\/2017\/02\/16602956_399002510456480_5286586636027666193_n.jpg?resize=300%2C200&amp;ssl=1 300w, https:\/\/i0.wp.com\/apan.gob.mx\/portal\/wp-content\/uploads\/2017\/02\/16602956_399002510456480_5286586636027666193_n.jpg?resize=768%2C513&amp;ssl=1 768w\" sizes=\"(max-width: 960px) 100vw, 960px\" \/>\t\t\t\t\t\t\t\t\t\t\t\t\t\t\t<\/div>\n\t\t\t\t<\/div>\n\t\t\t\t\t<\/div>\n\t\t<\/div>\n\t\t\t\t<div class=\"has_ae_slider elementor-column elementor-col-50 elementor-inner-column elementor-element elementor-element-f6bsvhi ae-bg-gallery-type-default\" data-id=\"f6bsvhi\" data-element_type=\"column\" data-e-type=\"column\">\n\t\t\t<div class=\"elementor-widget-wrap\">\n\t\t\t\t\t\t\t<\/div>\n\t\t<\/div>\n\t\t\t\t\t<\/div>\n\t\t<\/section>\n\t\t\t\t<section class=\"has_ae_slider elementor-section elementor-inner-section elementor-element elementor-element-hy2sxkl elementor-section-boxed elementor-section-height-default elementor-section-height-default ae-bg-gallery-type-default elementor-invisible\" data-id=\"hy2sxkl\" data-element_type=\"section\" data-e-type=\"section\" data-settings=\"{&quot;animation&quot;:&quot;fadeInUp&quot;}\">\n\t\t\t\t\t\t<div class=\"elementor-container elementor-column-gap-default\">\n\t\t\t\t\t<div class=\"has_ae_slider elementor-column elementor-col-100 elementor-inner-column elementor-element elementor-element-akfa2un ae-bg-gallery-type-default\" data-id=\"akfa2un\" data-element_type=\"column\" data-e-type=\"column\">\n\t\t\t<div class=\"elementor-widget-wrap elementor-element-populated\">\n\t\t\t\t\t\t<div class=\"elementor-element elementor-element-8t4k9h0 elementor-widget elementor-widget-image\" data-id=\"8t4k9h0\" data-element_type=\"widget\" data-e-type=\"widget\" data-widget_type=\"image.default\">\n\t\t\t\t<div class=\"elementor-widget-container\">\n\t\t\t\t\t\t\t\t\t\t\t\t\t\t\t<img decoding=\"async\" width=\"960\" height=\"641\" src=\"https:\/\/i0.wp.com\/apan.gob.mx\/portal\/wp-content\/uploads\/2017\/02\/16865135_409062666117131_6547353985505633446_n.jpg?fit=960%2C641&amp;ssl=1\" class=\"attachment-large size-large wp-image-168\" alt=\"\" srcset=\"https:\/\/i0.wp.com\/apan.gob.mx\/portal\/wp-content\/uploads\/2017\/02\/16865135_409062666117131_6547353985505633446_n.jpg?w=960&amp;ssl=1 960w, https:\/\/i0.wp.com\/apan.gob.mx\/portal\/wp-content\/uploads\/2017\/02\/16865135_409062666117131_6547353985505633446_n.jpg?resize=300%2C200&amp;ssl=1 300w, https:\/\/i0.wp.com\/apan.gob.mx\/portal\/wp-content\/uploads\/2017\/02\/16865135_409062666117131_6547353985505633446_n.jpg?resize=768%2C513&amp;ssl=1 768w\" sizes=\"(max-width: 960px) 100vw, 960px\" \/>\t\t\t\t\t\t\t\t\t\t\t\t\t\t\t<\/div>\n\t\t\t\t<\/div>\n\t\t\t\t\t<\/div>\n\t\t<\/div>\n\t\t\t\t\t<\/div>\n\t\t<\/section>\n\t\t\t\t<section class=\"has_ae_slider elementor-section elementor-inner-section elementor-element elementor-element-830s4k3 elementor-section-boxed elementor-section-height-default elementor-section-height-default ae-bg-gallery-type-default elementor-invisible\" data-id=\"830s4k3\" data-element_type=\"section\" data-e-type=\"section\" data-settings=\"{&quot;animation&quot;:&quot;fadeInUp&quot;}\">\n\t\t\t\t\t\t<div class=\"elementor-container elementor-column-gap-default\">\n\t\t\t\t\t<div class=\"has_ae_slider elementor-column elementor-col-50 elementor-inner-column elementor-element elementor-element-g8448tt ae-bg-gallery-type-default\" data-id=\"g8448tt\" data-element_type=\"column\" data-e-type=\"column\">\n\t\t\t<div class=\"elementor-widget-wrap elementor-element-populated\">\n\t\t\t\t\t\t<div class=\"elementor-element elementor-element-x0kb5fv elementor-widget elementor-widget-image\" data-id=\"x0kb5fv\" data-element_type=\"widget\" data-e-type=\"widget\" data-widget_type=\"image.default\">\n\t\t\t\t<div class=\"elementor-widget-container\">\n\t\t\t\t\t\t\t\t\t\t\t\t\t\t\t<img decoding=\"async\" width=\"1024\" height=\"576\" src=\"https:\/\/i0.wp.com\/apan.gob.mx\/portal\/wp-content\/uploads\/2017\/02\/15994914_389166501440081_246087231158624944_o.jpg?fit=1024%2C576&amp;ssl=1\" class=\"attachment-large size-large wp-image-173\" alt=\"\" srcset=\"https:\/\/i0.wp.com\/apan.gob.mx\/portal\/wp-content\/uploads\/2017\/02\/15994914_389166501440081_246087231158624944_o.jpg?w=1152&amp;ssl=1 1152w, https:\/\/i0.wp.com\/apan.gob.mx\/portal\/wp-content\/uploads\/2017\/02\/15994914_389166501440081_246087231158624944_o.jpg?resize=300%2C169&amp;ssl=1 300w, https:\/\/i0.wp.com\/apan.gob.mx\/portal\/wp-content\/uploads\/2017\/02\/15994914_389166501440081_246087231158624944_o.jpg?resize=768%2C432&amp;ssl=1 768w, https:\/\/i0.wp.com\/apan.gob.mx\/portal\/wp-content\/uploads\/2017\/02\/15994914_389166501440081_246087231158624944_o.jpg?resize=1024%2C576&amp;ssl=1 1024w\" sizes=\"(max-width: 1024px) 100vw, 1024px\" \/>\t\t\t\t\t\t\t\t\t\t\t\t\t\t\t<\/div>\n\t\t\t\t<\/div>\n\t\t\t\t\t<\/div>\n\t\t<\/div>\n\t\t\t\t<div class=\"has_ae_slider elementor-column elementor-col-50 elementor-inner-column elementor-element elementor-element-lucii0y ae-bg-gallery-type-default\" data-id=\"lucii0y\" data-element_type=\"column\" data-e-type=\"column\">\n\t\t\t<div class=\"elementor-widget-wrap\">\n\t\t\t\t\t\t\t<\/div>\n\t\t<\/div>\n\t\t\t\t\t<\/div>\n\t\t<\/section>\n\t\t\t\t\t<\/div>\n\t\t<\/div>\n\t\t\t\t\t<\/div>\n\t\t<\/section>\n\t\t\t\t<\/div>\n\t\t","protected":false},"excerpt":{"rendered":"<p>Apan La palabra Apan es de origen n\u00e1huatl y proviene de las ra\u00edces: \u201catl\u201d cuyo significado es \u201cagua\u201d y \u201cpam\u201d locativo que se traduce como \u201cen\u201d o \u201csobre\u201d, de donde se obtiene \u201cen o sobre el agua\u201d. Sin embargo, hay quien le hacen derivar de a negaci\u00f3n y pam \u201csobre agua\u201d, es decir \u201cseco o [&hellip;]<\/p>\n","protected":false},"author":1,"featured_media":0,"parent":0,"menu_order":0,"comment_status":"closed","ping_status":"closed","template":"","meta":{"footnotes":""},"class_list":["post-157","page","type-page","status-publish","hentry"],"jetpack_sharing_enabled":true,"_links":{"self":[{"href":"https:\/\/apan.gob.mx\/portal\/wp-json\/wp\/v2\/pages\/157","targetHints":{"allow":["GET"]}}],"collection":[{"href":"https:\/\/apan.gob.mx\/portal\/wp-json\/wp\/v2\/pages"}],"about":[{"href":"https:\/\/apan.gob.mx\/portal\/wp-json\/wp\/v2\/types\/page"}],"author":[{"embeddable":true,"href":"https:\/\/apan.gob.mx\/portal\/wp-json\/wp\/v2\/users\/1"}],"replies":[{"embeddable":true,"href":"https:\/\/apan.gob.mx\/portal\/wp-json\/wp\/v2\/comments?post=157"}],"version-history":[{"count":15,"href":"https:\/\/apan.gob.mx\/portal\/wp-json\/wp\/v2\/pages\/157\/revisions"}],"predecessor-version":[{"id":279,"href":"https:\/\/apan.gob.mx\/portal\/wp-json\/wp\/v2\/pages\/157\/revisions\/279"}],"wp:attachment":[{"href":"https:\/\/apan.gob.mx\/portal\/wp-json\/wp\/v2\/media?parent=157"}],"curies":[{"name":"wp","href":"https:\/\/api.w.org\/{rel}","templated":true}]}}