{"id":16758,"date":"2023-07-14T12:09:15","date_gmt":"2023-07-14T18:09:15","guid":{"rendered":"https:\/\/apan.gob.mx\/portal\/?page_id=16758"},"modified":"2023-07-14T12:12:23","modified_gmt":"2023-07-14T18:12:23","slug":"secretaria-11-2023-2","status":"publish","type":"page","link":"https:\/\/apan.gob.mx\/portal\/2-trimestre-2023\/secretaria-11-2023-2\/","title":{"rendered":"<!--secretaria-11-2023-2-->"},"content":{"rendered":"\t\t<div data-elementor-type=\"wp-page\" data-elementor-id=\"16758\" class=\"elementor elementor-16758\">\n\t\t\t\t\t\t<section class=\"has_ae_slider elementor-section elementor-top-section elementor-element elementor-element-1186f6b elementor-section-boxed elementor-section-height-default elementor-section-height-default ae-bg-gallery-type-default\" data-id=\"1186f6b\" data-element_type=\"section\" data-e-type=\"section\">\n\t\t\t\t\t\t<div class=\"elementor-container elementor-column-gap-default\">\n\t\t\t\t\t<div class=\"has_ae_slider elementor-column elementor-col-100 elementor-top-column elementor-element elementor-element-362581c ae-bg-gallery-type-default\" data-id=\"362581c\" data-element_type=\"column\" data-e-type=\"column\">\n\t\t\t<div class=\"elementor-widget-wrap elementor-element-populated\">\n\t\t\t\t\t\t<div class=\"elementor-element elementor-element-faad73b elementor-widget elementor-widget-button\" data-id=\"faad73b\" data-element_type=\"widget\" data-e-type=\"widget\" data-widget_type=\"button.default\">\n\t\t\t\t<div class=\"elementor-widget-container\">\n\t\t\t\t\t\t\t\t\t<div class=\"elementor-button-wrapper\">\n\t\t\t\t\t<a class=\"elementor-button elementor-button-link elementor-size-sm\" href=\"https:\/\/www.apan.gob.mx\/descargables\/transparencia\/articulo69\/fraccion11\/2023_2\/secgral\/a69_f11.xlsx\" target=\"_blank\">\n\t\t\t\t\t\t<span class=\"elementor-button-content-wrapper\">\n\t\t\t\t\t\t\t\t\t<span class=\"elementor-button-text\">Descargar archivo<\/span>\n\t\t\t\t\t<\/span>\n\t\t\t\t\t<\/a>\n\t\t\t\t<\/div>\n\t\t\t\t\t\t\t\t<\/div>\n\t\t\t\t<\/div>\n\t\t\t\t<div class=\"elementor-element elementor-element-0c14d98 elementor-widget elementor-widget-heading\" data-id=\"0c14d98\" data-element_type=\"widget\" data-e-type=\"widget\" data-widget_type=\"heading.default\">\n\t\t\t\t<div class=\"elementor-widget-container\">\n\t\t\t\t\t<h2 class=\"elementor-heading-title elementor-size-medium\">Fracci\u00f3n XI<\/h2>\t\t\t\t<\/div>\n\t\t\t\t<\/div>\n\t\t\t\t<div class=\"elementor-element elementor-element-0fde89f elementor-widget elementor-widget-html\" data-id=\"0fde89f\" data-element_type=\"widget\" data-e-type=\"widget\" data-widget_type=\"html.default\">\n\t\t\t\t<div class=\"elementor-widget-container\">\n\t\t\t\t\t<html xmlns:o=\"urn:schemas-microsoft-com:office:office\"\r\nxmlns:x=\"urn:schemas-microsoft-com:office:excel\"\r\nxmlns=\"http:\/\/www.w3.org\/TR\/REC-html40\">\r\n\r\n<head>\r\n<meta http-equiv=Content-Type content=\"text\/html; charset=windows-1252\">\r\n<meta name=ProgId content=Excel.Sheet>\r\n<meta name=Generator content=\"Microsoft Excel 15\">\r\n<link rel=File-List href=\"a69_f11_archivos\/filelist.xml\">\r\n<style id=\"a69_f11_14097_Styles\">\r\n<!--table\r\n\t{mso-displayed-decimal-separator:\"\\.\";\r\n\tmso-displayed-thousand-separator:\"\\,\";}\r\n.xl1514097\r\n\t{padding-top:1px;\r\n\tpadding-right:1px;\r\n\tpadding-left:1px;\r\n\tmso-ignore:padding;\r\n\tcolor:black;\r\n\tfont-size:11.0pt;\r\n\tfont-weight:400;\r\n\tfont-style:normal;\r\n\ttext-decoration:none;\r\n\tfont-family:Calibri, sans-serif;\r\n\tmso-font-charset:0;\r\n\tmso-number-format:General;\r\n\ttext-align:general;\r\n\tvertical-align:bottom;\r\n\tmso-background-source:auto;\r\n\tmso-pattern:auto;\r\n\twhite-space:nowrap;}\r\n.xl6314097\r\n\t{padding-top:1px;\r\n\tpadding-right:1px;\r\n\tpadding-left:1px;\r\n\tmso-ignore:padding;\r\n\tcolor:black;\r\n\tfont-size:10.0pt;\r\n\tfont-weight:400;\r\n\tfont-style:normal;\r\n\ttext-decoration:none;\r\n\tfont-family:Arial;\r\n\tmso-generic-font-family:auto;\r\n\tmso-font-charset:0;\r\n\tmso-number-format:General;\r\n\ttext-align:center;\r\n\tvertical-align:bottom;\r\n\tborder:.5pt solid windowtext;\r\n\tbackground:#E1E1E1;\r\n\tmso-pattern:black none;\r\n\twhite-space:normal;}\r\n.xl6414097\r\n\t{padding-top:1px;\r\n\tpadding-right:1px;\r\n\tpadding-left:1px;\r\n\tmso-ignore:padding;\r\n\tcolor:black;\r\n\tfont-size:11.0pt;\r\n\tfont-weight:400;\r\n\tfont-style:normal;\r\n\ttext-decoration:none;\r\n\tfont-family:Calibri, sans-serif;\r\n\tmso-font-charset:0;\r\n\tmso-number-format:General;\r\n\ttext-align:general;\r\n\tvertical-align:bottom;\r\n\tborder:.5pt solid windowtext;\r\n\tmso-background-source:auto;\r\n\tmso-pattern:auto;\r\n\twhite-space:nowrap;}\r\n.xl6514097\r\n\t{padding-top:1px;\r\n\tpadding-right:1px;\r\n\tpadding-left:1px;\r\n\tmso-ignore:padding;\r\n\tcolor:black;\r\n\tfont-size:11.0pt;\r\n\tfont-weight:400;\r\n\tfont-style:normal;\r\n\ttext-decoration:none;\r\n\tfont-family:Calibri, sans-serif;\r\n\tmso-font-charset:0;\r\n\tmso-number-format:\"Short Date\";\r\n\ttext-align:general;\r\n\tvertical-align:bottom;\r\n\tborder:.5pt solid windowtext;\r\n\tmso-background-source:auto;\r\n\tmso-pattern:auto;\r\n\twhite-space:nowrap;}\r\n.xl6614097\r\n\t{padding-top:1px;\r\n\tpadding-right:1px;\r\n\tpadding-left:1px;\r\n\tmso-ignore:padding;\r\n\tcolor:black;\r\n\tfont-size:11.0pt;\r\n\tfont-weight:400;\r\n\tfont-style:normal;\r\n\ttext-decoration:none;\r\n\tfont-family:Calibri, sans-serif;\r\n\tmso-font-charset:0;\r\n\tmso-number-format:General;\r\n\ttext-align:general;\r\n\tvertical-align:bottom;\r\n\tborder:.5pt solid windowtext;\r\n\tmso-background-source:auto;\r\n\tmso-pattern:auto;\r\n\twhite-space:normal;}\r\n.xl6714097\r\n\t{padding-top:1px;\r\n\tpadding-right:1px;\r\n\tpadding-left:1px;\r\n\tmso-ignore:padding;\r\n\tcolor:white;\r\n\tfont-size:11.0pt;\r\n\tfont-weight:700;\r\n\tfont-style:normal;\r\n\ttext-decoration:none;\r\n\tfont-family:Arial;\r\n\tmso-generic-font-family:auto;\r\n\tmso-font-charset:0;\r\n\tmso-number-format:General;\r\n\ttext-align:center;\r\n\tvertical-align:bottom;\r\n\tborder:.5pt solid windowtext;\r\n\tbackground:#333333;\r\n\tmso-pattern:black none;\r\n\twhite-space:nowrap;}\r\n.xl6814097\r\n\t{padding-top:1px;\r\n\tpadding-right:1px;\r\n\tpadding-left:1px;\r\n\tmso-ignore:padding;\r\n\tcolor:black;\r\n\tfont-size:10.0pt;\r\n\tfont-weight:400;\r\n\tfont-style:normal;\r\n\ttext-decoration:none;\r\n\tfont-family:Arial;\r\n\tmso-generic-font-family:auto;\r\n\tmso-font-charset:0;\r\n\tmso-number-format:General;\r\n\ttext-align:general;\r\n\tvertical-align:bottom;\r\n\tborder:.5pt solid windowtext;\r\n\tbackground:#E1E1E1;\r\n\tmso-pattern:black none;\r\n\twhite-space:nowrap;}\r\n-->\r\n<\/style>\r\n<\/head>\r\n\r\n<body>\r\n<!--[if !excel]>&nbsp;&nbsp;<![endif]-->\r\n<!--La siguiente informaci\u00f3n se gener\u00f3 mediante el Asistente para publicar como\r\np\u00e1gina web de Microsoft Excel.-->\r\n<!--Si se vuelve a publicar el mismo elemento desde Excel, se reemplazar\u00e1 toda\r\nla informaci\u00f3n comprendida entre las etiquetas DIV.-->\r\n<!----------------------------->\r\n<!--INICIO DE LOS RESULTADOS DEL ASISTENTE PARA PUBLICAR COMO P\u00c1GINA WEB DE\r\nEXCEL -->\r\n<!----------------------------->\r\n\r\n<div id=\"a69_f11_14097\" align=center x:publishsource=\"Excel\">\r\n\r\n<table border=0 cellpadding=0 cellspacing=0 width=6761 style='border-collapse:\r\n collapse;table-layout:fixed;width:5073pt'>\r\n <col width=56 style='mso-width-source:userset;mso-width-alt:2048;width:42pt'>\r\n <col width=255 style='mso-width-source:userset;mso-width-alt:9325;width:191pt'>\r\n <col width=270 style='mso-width-source:userset;mso-width-alt:9874;width:203pt'>\r\n <col width=190 style='mso-width-source:userset;mso-width-alt:6948;width:143pt'>\r\n <col width=220 style='mso-width-source:userset;mso-width-alt:8045;width:165pt'>\r\n <col width=223 style='mso-width-source:userset;mso-width-alt:8155;width:167pt'>\r\n <col width=249 style='mso-width-source:userset;mso-width-alt:9106;width:187pt'>\r\n <col width=262 style='mso-width-source:userset;mso-width-alt:9581;width:197pt'>\r\n <col width=407 style='mso-width-source:userset;mso-width-alt:14884;width:305pt'>\r\n <col width=124 style='mso-width-source:userset;mso-width-alt:4534;width:93pt'>\r\n <col width=147 style='mso-width-source:userset;mso-width-alt:5376;width:110pt'>\r\n <col width=169 style='mso-width-source:userset;mso-width-alt:6180;width:127pt'>\r\n <col width=184 style='mso-width-source:userset;mso-width-alt:6729;width:138pt'>\r\n <col width=374 style='mso-width-source:userset;mso-width-alt:13677;width:281pt'>\r\n <col width=293 style='mso-width-source:userset;mso-width-alt:10715;width:220pt'>\r\n <col width=122 style='mso-width-source:userset;mso-width-alt:4461;width:92pt'>\r\n <col width=151 style='mso-width-source:userset;mso-width-alt:5522;width:113pt'>\r\n <col width=500 style='mso-width-source:userset;mso-width-alt:18285;width:375pt'>\r\n <col width=512 style='mso-width-source:userset;mso-width-alt:18724;width:384pt'>\r\n <col width=123 style='mso-width-source:userset;mso-width-alt:4498;width:92pt'>\r\n <col width=140 style='mso-width-source:userset;mso-width-alt:5120;width:105pt'>\r\n <col width=1790 style='mso-width-source:userset;mso-width-alt:65462;\r\n width:1343pt'>\r\n <tr height=0 style='display:none'>\r\n  <td class=xl1514097 width=56 style='width:42pt'>44234<\/td>\r\n  <td class=xl1514097 width=255 style='width:191pt'><\/td>\r\n  <td class=xl1514097 width=270 style='width:203pt'><\/td>\r\n  <td class=xl1514097 width=190 style='width:143pt'><\/td>\r\n  <td class=xl1514097 width=220 style='width:165pt'><\/td>\r\n  <td class=xl1514097 width=223 style='width:167pt'><\/td>\r\n  <td class=xl1514097 width=249 style='width:187pt'><\/td>\r\n  <td class=xl1514097 width=262 style='width:197pt'><\/td>\r\n  <td class=xl1514097 width=407 style='width:305pt'><\/td>\r\n  <td class=xl1514097 width=124 style='width:93pt'><\/td>\r\n  <td class=xl1514097 width=147 style='width:110pt'><\/td>\r\n  <td class=xl1514097 width=169 style='width:127pt'><\/td>\r\n  <td class=xl1514097 width=184 style='width:138pt'><\/td>\r\n  <td class=xl1514097 width=374 style='width:281pt'><\/td>\r\n  <td class=xl1514097 width=293 style='width:220pt'><\/td>\r\n  <td class=xl1514097 width=122 style='width:92pt'><\/td>\r\n  <td class=xl1514097 width=151 style='width:113pt'><\/td>\r\n  <td class=xl1514097 width=500 style='width:375pt'><\/td>\r\n  <td class=xl1514097 width=512 style='width:384pt'><\/td>\r\n  <td class=xl1514097 width=123 style='width:92pt'><\/td>\r\n  <td class=xl1514097 width=140 style='width:105pt'><\/td>\r\n  <td class=xl1514097 width=1790 style='width:1343pt'><\/td>\r\n <\/tr>\r\n <tr height=20 style='height:15.0pt'>\r\n  <td colspan=3 height=20 class=xl6714097 style='height:15.0pt'>T\u00cdTULO<\/td>\r\n  <td colspan=3 class=xl6714097>NOMBRE CORTO<\/td>\r\n  <td colspan=3 class=xl6714097>DESCRIPCI\u00d3N<\/td>\r\n  <td class=xl1514097><\/td>\r\n  <td class=xl1514097><\/td>\r\n  <td class=xl1514097><\/td>\r\n  <td class=xl1514097><\/td>\r\n  <td class=xl1514097><\/td>\r\n  <td class=xl1514097><\/td>\r\n  <td class=xl1514097><\/td>\r\n  <td class=xl1514097><\/td>\r\n  <td class=xl1514097><\/td>\r\n  <td class=xl1514097><\/td>\r\n  <td class=xl1514097><\/td>\r\n  <td class=xl1514097><\/td>\r\n  <td class=xl1514097><\/td>\r\n <\/tr>\r\n <tr height=20 style='height:15.0pt'>\r\n  <td colspan=3 height=20 class=xl6814097 style='height:15.0pt'>Personal\r\n  contratado por honorarios<\/td>\r\n  <td colspan=3 class=xl6814097>a69_f11<\/td>\r\n  <td colspan=3 class=xl6814097>Los sujetos obligados publicar\u00e1n informaci\u00f3n de\r\n  las personas contratadas bajo el r\u00e9gimen de servicios profesionales por\r\n  honorarios y servicios profesionales por honorarios asimilados a salarios;\r\n  entendi\u00e9ndose \u00e9stos como los servicios que se contratan y\/o prestan a cambio\r\n  de una retribuci\u00f3n por ellos.<\/td>\r\n  <td class=xl1514097><\/td>\r\n  <td class=xl1514097><\/td>\r\n  <td class=xl1514097><\/td>\r\n  <td class=xl1514097><\/td>\r\n  <td class=xl1514097><\/td>\r\n  <td class=xl1514097><\/td>\r\n  <td class=xl1514097><\/td>\r\n  <td class=xl1514097><\/td>\r\n  <td class=xl1514097><\/td>\r\n  <td class=xl1514097><\/td>\r\n  <td class=xl1514097><\/td>\r\n  <td class=xl1514097><\/td>\r\n  <td class=xl1514097><\/td>\r\n <\/tr>\r\n <tr height=0 style='display:none'>\r\n  <td class=xl1514097>1<\/td>\r\n  <td class=xl1514097>4<\/td>\r\n  <td class=xl1514097>4<\/td>\r\n  <td class=xl1514097>9<\/td>\r\n  <td class=xl1514097>1<\/td>\r\n  <td class=xl1514097>1<\/td>\r\n  <td class=xl1514097>1<\/td>\r\n  <td class=xl1514097>1<\/td>\r\n  <td class=xl1514097>9<\/td>\r\n  <td class=xl1514097>1<\/td>\r\n  <td class=xl1514097>7<\/td>\r\n  <td class=xl1514097>4<\/td>\r\n  <td class=xl1514097>4<\/td>\r\n  <td class=xl1514097>2<\/td>\r\n  <td class=xl1514097>6<\/td>\r\n  <td class=xl1514097>6<\/td>\r\n  <td class=xl1514097>2<\/td>\r\n  <td class=xl1514097>7<\/td>\r\n  <td class=xl1514097>2<\/td>\r\n  <td class=xl1514097>4<\/td>\r\n  <td class=xl1514097>13<\/td>\r\n  <td class=xl1514097>14<\/td>\r\n <\/tr>\r\n <tr height=0 style='display:none'>\r\n  <td class=xl1514097>350329<\/td>\r\n  <td class=xl1514097>350331<\/td>\r\n  <td class=xl1514097>350332<\/td>\r\n  <td class=xl1514097>350342<\/td>\r\n  <td class=xl1514097>350324<\/td>\r\n  <td class=xl1514097>350325<\/td>\r\n  <td class=xl1514097>350326<\/td>\r\n  <td class=xl1514097>350327<\/td>\r\n  <td class=xl1514097>570763<\/td>\r\n  <td class=xl1514097>350328<\/td>\r\n  <td class=xl1514097>350336<\/td>\r\n  <td class=xl1514097>350344<\/td>\r\n  <td class=xl1514097>350345<\/td>\r\n  <td class=xl1514097>350330<\/td>\r\n  <td class=xl1514097>350334<\/td>\r\n  <td class=xl1514097>350335<\/td>\r\n  <td class=xl1514097>350343<\/td>\r\n  <td class=xl1514097>350337<\/td>\r\n  <td class=xl1514097>350341<\/td>\r\n  <td class=xl1514097>350333<\/td>\r\n  <td class=xl1514097>350340<\/td>\r\n  <td class=xl1514097>350339<\/td>\r\n <\/tr>\r\n <tr height=20 style='height:15.0pt'>\r\n  <td colspan=22 height=20 class=xl6714097 style='height:15.0pt'>Tabla Campos<\/td>\r\n <\/tr>\r\n <tr height=35 style='height:26.25pt'>\r\n  <td height=35 class=xl6314097 width=56 style='height:26.25pt;width:42pt'>Ejercicio<\/td>\r\n  <td class=xl6314097 width=255 style='border-left:none;width:191pt'>Fecha de\r\n  inicio del periodo que se informa<\/td>\r\n  <td class=xl6314097 width=270 style='border-left:none;width:203pt'>Fecha de\r\n  t\u00e9rmino del periodo que se informa<\/td>\r\n  <td class=xl6314097 width=190 style='border-left:none;width:143pt'>Tipo de\r\n  contrataci\u00f3n (cat\u00e1logo)<\/td>\r\n  <td class=xl6314097 width=220 style='border-left:none;width:165pt'>Partida\r\n  presupuestal de los recursos<\/td>\r\n  <td class=xl6314097 width=223 style='border-left:none;width:167pt'>Nombre(s)\r\n  de la persona contratada<span style='mso-spacerun:yes'>\u00a0<\/span><\/td>\r\n  <td class=xl6314097 width=249 style='border-left:none;width:187pt'>Primer\r\n  apellido de la persona contratada<span style='mso-spacerun:yes'>\u00a0<\/span><\/td>\r\n  <td class=xl6314097 width=262 style='border-left:none;width:197pt'>Segundo\r\n  apellido de la persona contratada<span style='mso-spacerun:yes'>\u00a0<\/span><\/td>\r\n  <td class=xl6314097 width=407 style='border-left:none;width:305pt'>ESTE\r\n  CRITERIO APLICA A PARTIR DEL 01\/07\/2023 -&gt; Sexo (cat\u00e1logo)<\/td>\r\n  <td class=xl6314097 width=124 style='border-left:none;width:93pt'>N\u00famero de\r\n  contrato<\/td>\r\n  <td class=xl6314097 width=147 style='border-left:none;width:110pt'>Hiperv\u00ednculo\r\n  al contrato<\/td>\r\n  <td class=xl6314097 width=169 style='border-left:none;width:127pt'>Fecha de\r\n  inicio del contrato<\/td>\r\n  <td class=xl6314097 width=184 style='border-left:none;width:138pt'>Fecha de\r\n  t\u00e9rmino del contrato<\/td>\r\n  <td class=xl6314097 width=374 style='border-left:none;width:281pt'>Servicios\r\n  contratados (Redactados con perspectiva de g\u00e9nero)<\/td>\r\n  <td class=xl6314097 width=293 style='border-left:none;width:220pt'>Remuneraci\u00f3n\r\n  mensual bruta o contraprestaci\u00f3n<\/td>\r\n  <td class=xl6314097 width=122 style='border-left:none;width:92pt'>Monto total\r\n  a pagar<\/td>\r\n  <td class=xl6314097 width=151 style='border-left:none;width:113pt'>Prestaciones,\r\n  en su caso<\/td>\r\n  <td class=xl6314097 width=500 style='border-left:none;width:375pt'>Hiperv\u00ednculo\r\n  a la normatividad que regula la celebraci\u00f3n de contratos de honorarios<\/td>\r\n  <td class=xl6314097 width=512 style='border-left:none;width:384pt'>\u00c1rea(s)\r\n  responsable(s) que genera(n), posee(n), publica(n) y actualizan la\r\n  informaci\u00f3n<\/td>\r\n  <td class=xl6314097 width=123 style='border-left:none;width:92pt'>Fecha de\r\n  validaci\u00f3n<\/td>\r\n  <td class=xl6314097 width=140 style='border-left:none;width:105pt'>Fecha de\r\n  actualizaci\u00f3n<\/td>\r\n  <td class=xl6314097 width=1790 style='border-left:none;width:1343pt'>Nota<\/td>\r\n <\/tr>\r\n <tr height=60 style='height:45.0pt'>\r\n  <td height=60 class=xl6414097 align=right style='height:45.0pt;border-top:\r\n  none'>2023<\/td>\r\n  <td class=xl6514097 align=right style='border-top:none;border-left:none'>01\/04\/2023<\/td>\r\n  <td class=xl6514097 align=right style='border-top:none;border-left:none'>30\/06\/2023<\/td>\r\n  <td class=xl6414097 style='border-top:none;border-left:none'>&nbsp;<\/td>\r\n  <td class=xl6414097 style='border-top:none;border-left:none'>&nbsp;<\/td>\r\n  <td class=xl6414097 style='border-top:none;border-left:none'>&nbsp;<\/td>\r\n  <td class=xl6414097 style='border-top:none;border-left:none'>&nbsp;<\/td>\r\n  <td class=xl6414097 style='border-top:none;border-left:none'>&nbsp;<\/td>\r\n  <td class=xl6414097 style='border-top:none;border-left:none'>&nbsp;<\/td>\r\n  <td class=xl6414097 style='border-top:none;border-left:none'>&nbsp;<\/td>\r\n  <td class=xl6414097 style='border-top:none;border-left:none'>&nbsp;<\/td>\r\n  <td class=xl6414097 style='border-top:none;border-left:none'>&nbsp;<\/td>\r\n  <td class=xl6414097 style='border-top:none;border-left:none'>&nbsp;<\/td>\r\n  <td class=xl6414097 style='border-top:none;border-left:none'>&nbsp;<\/td>\r\n  <td class=xl6414097 style='border-top:none;border-left:none'>&nbsp;<\/td>\r\n  <td class=xl6414097 style='border-top:none;border-left:none'>&nbsp;<\/td>\r\n  <td class=xl6414097 style='border-top:none;border-left:none'>&nbsp;<\/td>\r\n  <td class=xl6414097 style='border-top:none;border-left:none'>&nbsp;<\/td>\r\n  <td class=xl6414097 style='border-top:none;border-left:none'>Secretar\u00eda\r\n  General Municipal<\/td>\r\n  <td class=xl6514097 align=right style='border-top:none;border-left:none'>07\/07\/2023<\/td>\r\n  <td class=xl6514097 align=right style='border-top:none;border-left:none'>07\/07\/2023<\/td>\r\n  <td class=xl6614097 width=1790 style='border-top:none;border-left:none;\r\n  width:1343pt'>Para el periodo que se informa esta Presidencia Municipal de\r\n  Apan, Hidalgo, no tiene personal contratado por honorarios, por lo que los\r\n  campos tipo de contrataci\u00f3n, partida presupuestal de los recursos, nombre de\r\n  la persona contratada, segundo apellido de la persona contratada, sexo,\r\n  n\u00famero de contrato, hipervinculo al contrato, fecha de inicio del contrato,\r\n  servicios contratados, remuneraci\u00f3n mensual bruta o contraprestaci\u00f3n, monto\r\n  total a pagar, hipervinculo a la normatividad que regula la celebracion de\r\n  contratos de honorarios apareceran sin informaci\u00f3n.<\/td>\r\n <\/tr>\r\n <![if supportMisalignedColumns]>\r\n <tr height=0 style='display:none'>\r\n  <td width=56 style='width:42pt'><\/td>\r\n  <td width=255 style='width:191pt'><\/td>\r\n  <td width=270 style='width:203pt'><\/td>\r\n  <td width=190 style='width:143pt'><\/td>\r\n  <td width=220 style='width:165pt'><\/td>\r\n  <td width=223 style='width:167pt'><\/td>\r\n  <td width=249 style='width:187pt'><\/td>\r\n  <td width=262 style='width:197pt'><\/td>\r\n  <td width=407 style='width:305pt'><\/td>\r\n  <td width=124 style='width:93pt'><\/td>\r\n  <td width=147 style='width:110pt'><\/td>\r\n  <td width=169 style='width:127pt'><\/td>\r\n  <td width=184 style='width:138pt'><\/td>\r\n  <td width=374 style='width:281pt'><\/td>\r\n  <td width=293 style='width:220pt'><\/td>\r\n  <td width=122 style='width:92pt'><\/td>\r\n  <td width=151 style='width:113pt'><\/td>\r\n  <td width=500 style='width:375pt'><\/td>\r\n  <td width=512 style='width:384pt'><\/td>\r\n  <td width=123 style='width:92pt'><\/td>\r\n  <td width=140 style='width:105pt'><\/td>\r\n  <td width=1790 style='width:1343pt'><\/td>\r\n <\/tr>\r\n <![endif]>\r\n<\/table>\r\n\r\n<\/div>\r\n\r\n\r\n<!----------------------------->\r\n<!--FINAL DE LOS RESULTADOS DEL ASISTENTE PARA PUBLICAR COMO P\u00c1GINA WEB DE\r\nEXCEL-->\r\n<!----------------------------->\r\n<\/body>\r\n\r\n<\/html>\r\n\t\t\t\t<\/div>\n\t\t\t\t<\/div>\n\t\t\t\t\t<\/div>\n\t\t<\/div>\n\t\t\t\t\t<\/div>\n\t\t<\/section>\n\t\t\t\t<\/div>\n\t\t","protected":false},"excerpt":{"rendered":"<p>Descargar archivo Fracci\u00f3n XI 44234 T\u00cdTULO NOMBRE CORTO DESCRIPCI\u00d3N Personal contratado por honorarios a69_f11 Los sujetos obligados publicar\u00e1n informaci\u00f3n de las personas contratadas bajo el r\u00e9gimen de servicios profesionales por honorarios y servicios profesionales por honorarios asimilados a salarios; entendi\u00e9ndose \u00e9stos como los servicios que se contratan y\/o prestan a cambio de una retribuci\u00f3n por [&hellip;]<\/p>\n","protected":false},"author":1,"featured_media":0,"parent":16411,"menu_order":0,"comment_status":"closed","ping_status":"closed","template":"","meta":{"footnotes":""},"class_list":["post-16758","page","type-page","status-publish","hentry"],"jetpack_sharing_enabled":true,"_links":{"self":[{"href":"https:\/\/apan.gob.mx\/portal\/wp-json\/wp\/v2\/pages\/16758","targetHints":{"allow":["GET"]}}],"collection":[{"href":"https:\/\/apan.gob.mx\/portal\/wp-json\/wp\/v2\/pages"}],"about":[{"href":"https:\/\/apan.gob.mx\/portal\/wp-json\/wp\/v2\/types\/page"}],"author":[{"embeddable":true,"href":"https:\/\/apan.gob.mx\/portal\/wp-json\/wp\/v2\/users\/1"}],"replies":[{"embeddable":true,"href":"https:\/\/apan.gob.mx\/portal\/wp-json\/wp\/v2\/comments?post=16758"}],"version-history":[{"count":4,"href":"https:\/\/apan.gob.mx\/portal\/wp-json\/wp\/v2\/pages\/16758\/revisions"}],"predecessor-version":[{"id":16763,"href":"https:\/\/apan.gob.mx\/portal\/wp-json\/wp\/v2\/pages\/16758\/revisions\/16763"}],"up":[{"embeddable":true,"href":"https:\/\/apan.gob.mx\/portal\/wp-json\/wp\/v2\/pages\/16411"}],"wp:attachment":[{"href":"https:\/\/apan.gob.mx\/portal\/wp-json\/wp\/v2\/media?parent=16758"}],"curies":[{"name":"wp","href":"https:\/\/api.w.org\/{rel}","templated":true}]}}