{"id":181,"date":"2017-02-25T20:33:54","date_gmt":"2017-02-25T20:33:54","guid":{"rendered":"https:\/\/apan.gob.mx\/portal\/?page_id=181"},"modified":"2018-03-22T00:44:26","modified_gmt":"2018-03-22T00:44:26","slug":"fraccion-xlll","status":"publish","type":"page","link":"https:\/\/apan.gob.mx\/portal\/transparencia\/fraccion-xlll\/","title":{"rendered":"Fracci\u00f3n XIII"},"content":{"rendered":"<p>Descripci\u00f3n:\u00a0El domicilio de la Unidad de Transparencia, adem\u00e1s de la direcci\u00f3n electr\u00f3nica donde podr\u00e1n recibirse las solicitudes para obtener la informaci\u00f3n<\/p>\n<p>\u00c1rea responsable: Unidad de Transparencia<\/p>\n<p>Calle y numero: Lauro L. Mendez No. 4<\/p>\n<p>Colonia: Centro<\/p>\n<p>Municipio: Apan<\/p>\n<p>Estado: Hidalgo<\/p>\n<p>C.P. 43900<\/p>\n<p>Tel\u00e9fono: 01(748)91-2-03-16 Ext. 111<\/p>\n<p>Horario de atenci\u00f3n: 9:00 a 17:00 hrs<\/p>\n<p>Correo electr\u00f3nico: <a href=\"mailto:transparencia@apan.gob.mx\">transparencia@apan.gob.mx<\/a><\/p>\n<p>Fecha de actualizaci\u00f3n de la informaci\u00f3n: 31-mar-17<br \/>\n<iframe style=\"border: 0;\" src=\"https:\/\/www.google.com\/maps\/embed?pb=!1m18!1m12!1m3!1d939.018834623132!2d-98.45353327082432!3d19.709416399170493!2m3!1f0!2f0!3f0!3m2!1i1024!2i768!4f13.1!3m3!1m2!1s0x85d0351b6926fc71%3A0xabd4066fc1f33c82!2sLauro+L+M%C3%A9ndez+Pte+4%2C+Centro%2C+43900+Apan%2C+Hgo.!5e0!3m2!1ses!2smx!4v1504837731069\" width=\"400\" height=\"300\" frameborder=\"0\" allowfullscreen=\"allowfullscreen\"><\/iframe><\/p>\n","protected":false},"excerpt":{"rendered":"<p>Descripci\u00f3n:\u00a0El domicilio de la Unidad de Transparencia, adem\u00e1s de la direcci\u00f3n electr\u00f3nica donde podr\u00e1n recibirse las solicitudes para obtener la informaci\u00f3n \u00c1rea responsable: Unidad de Transparencia Calle y numero: Lauro L. Mendez No. 4 Colonia: Centro Municipio: Apan Estado: Hidalgo C.P. 43900 Tel\u00e9fono: 01(748)91-2-03-16 Ext. 111 Horario de atenci\u00f3n: 9:00 a 17:00 hrs Correo electr\u00f3nico: [&hellip;]<\/p>\n","protected":false},"author":1,"featured_media":0,"parent":13,"menu_order":0,"comment_status":"closed","ping_status":"closed","template":"","meta":{"footnotes":""},"class_list":["post-181","page","type-page","status-publish","hentry"],"jetpack_sharing_enabled":true,"_links":{"self":[{"href":"https:\/\/apan.gob.mx\/portal\/wp-json\/wp\/v2\/pages\/181","targetHints":{"allow":["GET"]}}],"collection":[{"href":"https:\/\/apan.gob.mx\/portal\/wp-json\/wp\/v2\/pages"}],"about":[{"href":"https:\/\/apan.gob.mx\/portal\/wp-json\/wp\/v2\/types\/page"}],"author":[{"embeddable":true,"href":"https:\/\/apan.gob.mx\/portal\/wp-json\/wp\/v2\/users\/1"}],"replies":[{"embeddable":true,"href":"https:\/\/apan.gob.mx\/portal\/wp-json\/wp\/v2\/comments?post=181"}],"version-history":[{"count":6,"href":"https:\/\/apan.gob.mx\/portal\/wp-json\/wp\/v2\/pages\/181\/revisions"}],"predecessor-version":[{"id":979,"href":"https:\/\/apan.gob.mx\/portal\/wp-json\/wp\/v2\/pages\/181\/revisions\/979"}],"up":[{"embeddable":true,"href":"https:\/\/apan.gob.mx\/portal\/wp-json\/wp\/v2\/pages\/13"}],"wp:attachment":[{"href":"https:\/\/apan.gob.mx\/portal\/wp-json\/wp\/v2\/media?parent=181"}],"curies":[{"name":"wp","href":"https:\/\/api.w.org\/{rel}","templated":true}]}}