{"id":1870,"date":"2018-04-19T00:20:21","date_gmt":"2018-04-19T00:20:21","guid":{"rendered":"https:\/\/apan.gob.mx\/portal\/?page_id=1870"},"modified":"2018-04-19T18:53:25","modified_gmt":"2018-04-19T18:53:25","slug":"planeacion_30_2016_4","status":"publish","type":"page","link":"https:\/\/apan.gob.mx\/portal\/planeacion_30_2016_4\/","title":{"rendered":"<!--planeacion_30_2016_4-->"},"content":{"rendered":"\t\t<div data-elementor-type=\"wp-page\" data-elementor-id=\"1870\" class=\"elementor elementor-1870 elementor-bc-flex-widget\">\n\t\t\t\t\t\t<div class=\"elementor-inner\">\n\t\t\t\t<div class=\"elementor-section-wrap\">\n\t\t\t\t\t\t\t\t\t<section class=\"has_ae_slider elementor-section elementor-top-section elementor-element elementor-element-e743dxl elementor-section-boxed elementor-section-height-default elementor-section-height-default ae-bg-gallery-type-default\" data-id=\"e743dxl\" data-element_type=\"section\">\n\t\t\t\t\t\t<div class=\"elementor-container elementor-column-gap-default\">\n\t\t\t\t\t\t\t<div class=\"elementor-row\">\n\t\t\t\t\t<div class=\"has_ae_slider elementor-column elementor-col-100 elementor-top-column elementor-element elementor-element-r3shy07 ae-bg-gallery-type-default\" data-id=\"r3shy07\" data-element_type=\"column\">\n\t\t\t<div class=\"elementor-column-wrap elementor-element-populated\">\n\t\t\t\t\t\t\t<div class=\"elementor-widget-wrap\">\n\t\t\t\t\t\t<div class=\"elementor-element elementor-element-8tmxwwy elementor-widget elementor-widget-html\" data-id=\"8tmxwwy\" data-element_type=\"widget\" data-widget_type=\"html.default\">\n\t\t\t\t<div class=\"elementor-widget-container\">\n\t\t\t<style id=\"a69_f30_5613_Styles\">\r\n<!--table\r\n\t{mso-displayed-decimal-separator:\"\\.\";\r\n\tmso-displayed-thousand-separator:\"\\,\";}\r\n.xl155613\r\n\t{padding-top:1px;\r\n\tpadding-right:1px;\r\n\tpadding-left:1px;\r\n\tmso-ignore:padding;\r\n\tcolor:black;\r\n\tfont-size:11.0pt;\r\n\tfont-weight:400;\r\n\tfont-style:normal;\r\n\ttext-decoration:none;\r\n\tfont-family:Calibri, sans-serif;\r\n\tmso-font-charset:0;\r\n\tmso-number-format:General;\r\n\ttext-align:general;\r\n\tvertical-align:bottom;\r\n\tmso-background-source:auto;\r\n\tmso-pattern:auto;\r\n\twhite-space:nowrap;}\r\n.xl655613\r\n\t{padding-top:1px;\r\n\tpadding-right:1px;\r\n\tpadding-left:1px;\r\n\tmso-ignore:padding;\r\n\tcolor:black;\r\n\tfont-size:10.0pt;\r\n\tfont-weight:400;\r\n\tfont-style:normal;\r\n\ttext-decoration:none;\r\n\tfont-family:Arial;\r\n\tmso-generic-font-family:auto;\r\n\tmso-font-charset:0;\r\n\tmso-number-format:General;\r\n\ttext-align:center;\r\n\tvertical-align:bottom;\r\n\tborder:.5pt solid windowtext;\r\n\tbackground:#E1E1E1;\r\n\tmso-pattern:black none;\r\n\twhite-space:normal;}\r\n.xl665613\r\n\t{padding-top:1px;\r\n\tpadding-right:1px;\r\n\tpadding-left:1px;\r\n\tmso-ignore:padding;\r\n\tcolor:white;\r\n\tfont-size:11.0pt;\r\n\tfont-weight:700;\r\n\tfont-style:normal;\r\n\ttext-decoration:none;\r\n\tfont-family:Arial;\r\n\tmso-generic-font-family:auto;\r\n\tmso-font-charset:0;\r\n\tmso-number-format:General;\r\n\ttext-align:center;\r\n\tvertical-align:bottom;\r\n\tborder:.5pt solid windowtext;\r\n\tbackground:#333333;\r\n\tmso-pattern:black none;\r\n\twhite-space:nowrap;}\r\n.xl675613\r\n\t{padding-top:1px;\r\n\tpadding-right:1px;\r\n\tpadding-left:1px;\r\n\tmso-ignore:padding;\r\n\tcolor:black;\r\n\tfont-size:10.0pt;\r\n\tfont-weight:400;\r\n\tfont-style:normal;\r\n\ttext-decoration:none;\r\n\tfont-family:Arial;\r\n\tmso-generic-font-family:auto;\r\n\tmso-font-charset:0;\r\n\tmso-number-format:General;\r\n\ttext-align:general;\r\n\tvertical-align:bottom;\r\n\tborder:.5pt solid windowtext;\r\n\tbackground:#E1E1E1;\r\n\tmso-pattern:black none;\r\n\twhite-space:nowrap;}\r\n.xl685613\r\n\t{padding-top:1px;\r\n\tpadding-right:1px;\r\n\tpadding-left:1px;\r\n\tmso-ignore:padding;\r\n\tcolor:black;\r\n\tfont-size:11.0pt;\r\n\tfont-weight:400;\r\n\tfont-style:normal;\r\n\ttext-decoration:none;\r\n\tfont-family:Calibri, sans-serif;\r\n\tmso-font-charset:0;\r\n\tmso-number-format:General;\r\n\ttext-align:center;\r\n\tvertical-align:middle;\r\n\tborder:.5pt solid windowtext;\r\n\tbackground:white;\r\n\tmso-pattern:black none;\r\n\twhite-space:nowrap;}\r\n.xl695613\r\n\t{padding-top:1px;\r\n\tpadding-right:1px;\r\n\tpadding-left:1px;\r\n\tmso-ignore:padding;\r\n\tcolor:windowtext;\r\n\tfont-size:10.0pt;\r\n\tfont-weight:400;\r\n\tfont-style:normal;\r\n\ttext-decoration:none;\r\n\tfont-family:Arial, sans-serif;\r\n\tmso-font-charset:0;\r\n\tmso-number-format:General;\r\n\ttext-align:center;\r\n\tvertical-align:middle;\r\n\tborder:.5pt solid windowtext;\r\n\tbackground:white;\r\n\tmso-pattern:black none;\r\n\twhite-space:nowrap;}\r\n.xl705613\r\n\t{padding-top:1px;\r\n\tpadding-right:1px;\r\n\tpadding-left:1px;\r\n\tmso-ignore:padding;\r\n\tcolor:#0563C1;\r\n\tfont-size:11.0pt;\r\n\tfont-weight:400;\r\n\tfont-style:normal;\r\n\ttext-decoration:underline;\r\n\ttext-underline-style:single;\r\n\tfont-family:Calibri, sans-serif;\r\n\tmso-font-charset:0;\r\n\tmso-number-format:General;\r\n\ttext-align:center;\r\n\tvertical-align:middle;\r\n\tborder:.5pt solid windowtext;\r\n\tbackground:white;\r\n\tmso-pattern:black none;\r\n\twhite-space:nowrap;}\r\n.xl715613\r\n\t{padding-top:1px;\r\n\tpadding-right:1px;\r\n\tpadding-left:1px;\r\n\tmso-ignore:padding;\r\n\tcolor:black;\r\n\tfont-size:11.0pt;\r\n\tfont-weight:400;\r\n\tfont-style:normal;\r\n\ttext-decoration:none;\r\n\tfont-family:Calibri, sans-serif;\r\n\tmso-font-charset:0;\r\n\tmso-number-format:\"Medium Date\";\r\n\ttext-align:center;\r\n\tvertical-align:middle;\r\n\tborder:.5pt solid windowtext;\r\n\tbackground:white;\r\n\tmso-pattern:black none;\r\n\twhite-space:nowrap;}\r\n-->\r\n<\/style>\r\n<\/head>\r\n\r\n<body>\r\n<!--[if !excel]>&nbsp;&nbsp;<![endif]-->\r\n<!--La siguiente informaci\u00f3n se gener\u00f3 mediante el Asistente para publicar como\r\np\u00e1gina web de Microsoft Excel.-->\r\n<!--Si se vuelve a publicar el mismo elemento desde Excel, se reemplazar\u00e1 toda\r\nla informaci\u00f3n comprendida entre las etiquetas DIV.-->\r\n<!----------------------------->\r\n<!--INICIO DE LOS RESULTADOS DEL ASISTENTE PARA PUBLICAR COMO P\u00c1GINA WEB DE\r\nEXCEL -->\r\n<!----------------------------->\r\n\r\n<div id=\"a69_f30_5613\" align=center x:publishsource=\"Excel\">\r\n\r\n<table border=0 cellpadding=0 cellspacing=0 width=3762 style='border-collapse:\r\n collapse;table-layout:fixed;width:2825pt'>\r\n <col width=66 style='mso-width-source:userset;mso-width-alt:2413;width:50pt'>\r\n <col width=113 style='mso-width-source:userset;mso-width-alt:4132;width:85pt'>\r\n <col width=155 style='mso-width-source:userset;mso-width-alt:5668;width:116pt'>\r\n <col width=146 style='mso-width-source:userset;mso-width-alt:5339;width:110pt'>\r\n <col width=274 style='mso-width-source:userset;mso-width-alt:10020;width:206pt'>\r\n <col width=200 style='mso-width-source:userset;mso-width-alt:7314;width:150pt'>\r\n <col width=437 style='mso-width-source:userset;mso-width-alt:15981;width:328pt'>\r\n <col width=233 style='mso-width-source:userset;mso-width-alt:8521;width:175pt'>\r\n <col width=728 style='mso-width-source:userset;mso-width-alt:26624;width:546pt'>\r\n <col width=714 style='mso-width-source:userset;mso-width-alt:26112;width:536pt'>\r\n <col width=122 style='mso-width-source:userset;mso-width-alt:4461;width:92pt'>\r\n <col width=313 style='mso-width-source:userset;mso-width-alt:11446;width:235pt'>\r\n <col width=56 style='mso-width-source:userset;mso-width-alt:2048;width:42pt'>\r\n <col width=140 style='mso-width-source:userset;mso-width-alt:5120;width:105pt'>\r\n <col width=65 style='mso-width-source:userset;mso-width-alt:2377;width:49pt'>\r\n <tr height=0 style='display:none'>\r\n  <td class=xl155613 width=66 style='width:50pt'>35961<\/td>\r\n  <td class=xl155613 width=113 style='width:85pt'><\/td>\r\n  <td class=xl155613 width=155 style='width:116pt'><\/td>\r\n  <td class=xl155613 width=146 style='width:110pt'><\/td>\r\n  <td class=xl155613 width=274 style='width:206pt'><\/td>\r\n  <td class=xl155613 width=200 style='width:150pt'><\/td>\r\n  <td class=xl155613 width=437 style='width:328pt'><\/td>\r\n  <td class=xl155613 width=233 style='width:175pt'><\/td>\r\n  <td class=xl155613 width=728 style='width:546pt'><\/td>\r\n  <td class=xl155613 width=714 style='width:536pt'><\/td>\r\n  <td class=xl155613 width=122 style='width:92pt'><\/td>\r\n  <td class=xl155613 width=313 style='width:235pt'><\/td>\r\n  <td class=xl155613 width=56 style='width:42pt'><\/td>\r\n  <td class=xl155613 width=140 style='width:105pt'><\/td>\r\n  <td class=xl155613 width=65 style='width:49pt'><\/td>\r\n <\/tr>\r\n <tr height=20 style='height:15.0pt'>\r\n  <td colspan=3 height=20 class=xl665613 style='height:15.0pt'>T\u00cdTULO<\/td>\r\n  <td colspan=3 class=xl665613>NOMBRE CORTO<\/td>\r\n  <td colspan=3 class=xl665613>DESCRIPCI\u00d3N<\/td>\r\n  <td class=xl155613><\/td>\r\n  <td class=xl155613><\/td>\r\n  <td class=xl155613><\/td>\r\n  <td class=xl155613><\/td>\r\n  <td class=xl155613><\/td>\r\n  <td class=xl155613><\/td>\r\n <\/tr>\r\n <tr height=20 style='height:15.0pt'>\r\n  <td colspan=3 height=20 class=xl675613 style='height:15.0pt'>FRACCI\u00d3N XXX.-\r\n  Estad\u00edsticas.<\/td>\r\n  <td colspan=3 class=xl675613>a69_f30<\/td>\r\n  <td colspan=3 class=xl675613>Las estad\u00edsticas que generen en cumplimiento de\r\n  sus facultades, competencias o funciones con la mayor desagregaci\u00f3n posible;<\/td>\r\n  <td class=xl155613><\/td>\r\n  <td class=xl155613><\/td>\r\n  <td class=xl155613><\/td>\r\n  <td class=xl155613><\/td>\r\n  <td class=xl155613><\/td>\r\n  <td class=xl155613><\/td>\r\n <\/tr>\r\n <tr height=0 style='display:none'>\r\n  <td class=xl155613>1<\/td>\r\n  <td class=xl155613>2<\/td>\r\n  <td class=xl155613>1<\/td>\r\n  <td class=xl155613>1<\/td>\r\n  <td class=xl155613>2<\/td>\r\n  <td class=xl155613>2<\/td>\r\n  <td class=xl155613>7<\/td>\r\n  <td class=xl155613>9<\/td>\r\n  <td class=xl155613>7<\/td>\r\n  <td class=xl155613>7<\/td>\r\n  <td class=xl155613>4<\/td>\r\n  <td class=xl155613>1<\/td>\r\n  <td class=xl155613>12<\/td>\r\n  <td class=xl155613>13<\/td>\r\n  <td class=xl155613>14<\/td>\r\n <\/tr>\r\n <tr height=0 style='display:none'>\r\n  <td class=xl155613>236217<\/td>\r\n  <td class=xl155613>236221<\/td>\r\n  <td class=xl155613>236220<\/td>\r\n  <td class=xl155613>236219<\/td>\r\n  <td class=xl155613>236222<\/td>\r\n  <td class=xl155613>236223<\/td>\r\n  <td class=xl155613>236225<\/td>\r\n  <td class=xl155613>236228<\/td>\r\n  <td class=xl155613>236226<\/td>\r\n  <td class=xl155613>236227<\/td>\r\n  <td class=xl155613>236224<\/td>\r\n  <td class=xl155613>236218<\/td>\r\n  <td class=xl155613>236229<\/td>\r\n  <td class=xl155613>236231<\/td>\r\n  <td class=xl155613>236230<\/td>\r\n <\/tr>\r\n <tr height=20 style='height:15.0pt'>\r\n  <td colspan=15 height=20 class=xl665613 style='height:15.0pt'>Tabla Campos<\/td>\r\n <\/tr>\r\n <tr height=35 style='height:26.25pt'>\r\n  <td height=35 class=xl655613 width=66 style='height:26.25pt;width:50pt'>Ejercicio<\/td>\r\n  <td class=xl655613 width=113 style='border-left:none;width:85pt'>Temas<\/td>\r\n  <td class=xl655613 width=155 style='border-left:none;width:116pt'>Periodo de\r\n  actualizaci\u00f3n<\/td>\r\n  <td class=xl655613 width=146 style='border-left:none;width:110pt'>Periodo que\r\n  se informa<span style='mso-spacerun:yes'>\u00a0<\/span><\/td>\r\n  <td class=xl655613 width=274 style='border-left:none;width:206pt'>Denominaci\u00f3n\r\n  del Proyecto<\/td>\r\n  <td class=xl655613 width=200 style='border-left:none;width:150pt'>Descripci\u00f3n\r\n  de variables<\/td>\r\n  <td class=xl655613 width=437 style='border-left:none;width:328pt'>Documentos\r\n  t\u00e9cnicos, metodol\u00f3gicos y normativos<\/td>\r\n  <td class=xl655613 width=233 style='border-left:none;width:175pt'>Tipos de\r\n  archivo de las bases de datos<\/td>\r\n  <td class=xl655613 width=728 style='border-left:none;width:546pt'>Hiperv\u00ednculo\r\n  a las bases de datos<\/td>\r\n  <td class=xl655613 width=714 style='border-left:none;width:536pt'>Hiperv\u00ednculo\r\n  a las series o bancos de datos<\/td>\r\n  <td class=xl655613 width=122 style='border-left:none;width:92pt'>Fecha de\r\n  validaci\u00f3n<\/td>\r\n  <td class=xl655613 width=313 style='border-left:none;width:235pt'>\u00c1rea\r\n  responsable de la informaci\u00f3n<\/td>\r\n  <td class=xl655613 width=56 style='border-left:none;width:42pt'>A\u00f1o<\/td>\r\n  <td class=xl655613 width=140 style='border-left:none;width:105pt'>Fecha de\r\n  actualizaci\u00f3n<\/td>\r\n  <td class=xl655613 width=65 style='border-left:none;width:49pt'>Nota<\/td>\r\n <\/tr>\r\n <tr height=20 style='height:15.0pt'>\r\n  <td height=20 class=xl685613 style='height:15.0pt;border-top:none'>2016<\/td>\r\n  <td class=xl695613 style='border-top:none;border-left:none'>INDICADORES<\/td>\r\n  <td class=xl695613 style='border-top:none;border-left:none'>2016<\/td>\r\n  <td class=xl695613 style='border-top:none;border-left:none'>2016<\/td>\r\n  <td class=xl695613 style='border-top:none;border-left:none'>AGENDA DE\r\n  DESARROLLO MUNICIPAL<\/td>\r\n  <td class=xl695613 style='border-top:none;border-left:none'>INDICADORES DE\r\n  GESTI\u00d3N<\/td>\r\n  <td class=xl705613 style='border-top:none;border-left:none'><a\r\n  href=\"http:\/\/www.congreso-hidalgo.gob.mx\/biblioteca_legislativa.html\">http:\/\/www.congreso-hidalgo.gob.mx\/biblioteca_legislativa.html<\/a><\/td>\r\n  <td class=xl685613 style='border-top:none;border-left:none'>HTML<\/td>\r\n  <td class=xl705613 style='border-top:none;border-left:none'><a\r\n  href=\"https:\/\/www.apan.gob.mx\/descargables\/transparencia\/articulo69\/fraccion30\/2016_4\/planeacion\/FrXXXa1_1.pdf\">https:\/\/www.apan.gob.mx\/descargables\/transparencia\/articulo69\/fraccion30\/2016_4\/planeacion\/FrXXXa1_1.pdf<\/a><\/td>\r\n  <td class=xl705613 style='border-top:none;border-left:none'><a\r\n  href=\"https:\/\/www.apan.gob.mx\/descargables\/transparencia\/articulo69\/fraccion30\/2016_4\/planeacion\/FrXXXa1_2.pdf\">https:\/\/www.apan.gob.mx\/descargables\/transparencia\/articulo69\/fraccion30\/2016_4\/planeacion\/FrXXXa1_2.pdf<\/a><\/td>\r\n  <td class=xl715613 style='border-top:none;border-left:none'>31-dic-16<\/td>\r\n  <td class=xl695613 style='border-top:none;border-left:none'>PLANEACI\u00d3N Y\r\n  EVALUACI\u00d3N DEL DESEMPE\u00d1O<\/td>\r\n  <td class=xl685613 style='border-top:none;border-left:none'>2016<\/td>\r\n  <td class=xl715613 style='border-top:none;border-left:none'>31-dic-16<\/td>\r\n  <td class=xl695613 style='border-top:none;border-left:none'>NINGUNA<\/td>\r\n <\/tr>\r\n <![if supportMisalignedColumns]>\r\n <tr height=0 style='display:none'>\r\n  <td width=66 style='width:50pt'><\/td>\r\n  <td width=113 style='width:85pt'><\/td>\r\n  <td width=155 style='width:116pt'><\/td>\r\n  <td width=146 style='width:110pt'><\/td>\r\n  <td width=274 style='width:206pt'><\/td>\r\n  <td width=200 style='width:150pt'><\/td>\r\n  <td width=437 style='width:328pt'><\/td>\r\n  <td width=233 style='width:175pt'><\/td>\r\n  <td width=728 style='width:546pt'><\/td>\r\n  <td width=714 style='width:536pt'><\/td>\r\n  <td width=122 style='width:92pt'><\/td>\r\n  <td width=313 style='width:235pt'><\/td>\r\n  <td width=56 style='width:42pt'><\/td>\r\n  <td width=140 style='width:105pt'><\/td>\r\n  <td width=65 style='width:49pt'><\/td>\r\n <\/tr>\r\n <![endif]>\r\n<\/table>\r\n\r\n<\/div>\r\n\r\n\t\t<\/div>\n\t\t\t\t<\/div>\n\t\t\t\t\t\t<\/div>\n\t\t\t\t\t<\/div>\n\t\t<\/div>\n\t\t\t\t\t\t\t\t<\/div>\n\t\t\t\t\t<\/div>\n\t\t<\/section>\n\t\t\t\t<section class=\"has_ae_slider elementor-section elementor-top-section elementor-element elementor-element-kr1nawd elementor-section-boxed elementor-section-height-default elementor-section-height-default ae-bg-gallery-type-default\" data-id=\"kr1nawd\" data-element_type=\"section\">\n\t\t\t\t\t\t<div class=\"elementor-container elementor-column-gap-default\">\n\t\t\t\t\t\t\t<div class=\"elementor-row\">\n\t\t\t\t\t<div class=\"has_ae_slider elementor-column elementor-col-100 elementor-top-column elementor-element elementor-element-cfuf6k6 ae-bg-gallery-type-default\" data-id=\"cfuf6k6\" data-element_type=\"column\">\n\t\t\t<div class=\"elementor-column-wrap elementor-element-populated\">\n\t\t\t\t\t\t\t<div class=\"elementor-widget-wrap\">\n\t\t\t\t\t\t<div class=\"elementor-element elementor-element-xcjiav3 elementor-widget elementor-widget-heading\" data-id=\"xcjiav3\" data-element_type=\"widget\" data-widget_type=\"heading.default\">\n\t\t\t\t<div class=\"elementor-widget-container\">\n\t\t\t<h2 class=\"elementor-heading-title elementor-size-small\">Se actualizo informaci\u00f3n por observaciones.<\/h2>\t\t<\/div>\n\t\t\t\t<\/div>\n\t\t\t\t<div class=\"elementor-element elementor-element-ahoziur elementor-widget elementor-widget-heading\" data-id=\"ahoziur\" data-element_type=\"widget\" data-widget_type=\"heading.default\">\n\t\t\t\t<div class=\"elementor-widget-container\">\n\t\t\t<h2 class=\"elementor-heading-title elementor-size-small\">Fecha en que se subi\u00f3 la informaci\u00f3n: 18-abril-18<\/h2>\t\t<\/div>\n\t\t\t\t<\/div>\n\t\t\t\t\t\t<\/div>\n\t\t\t\t\t<\/div>\n\t\t<\/div>\n\t\t\t\t\t\t\t\t<\/div>\n\t\t\t\t\t<\/div>\n\t\t<\/section>\n\t\t\t\t\t\t\t\t\t<\/div>\n\t\t\t<\/div>\n\t\t\t\t\t<\/div>\n\t\t","protected":false},"excerpt":{"rendered":"<p>35961 T\u00cdTULO NOMBRE CORTO DESCRIPCI\u00d3N FRACCI\u00d3N XXX.- Estad\u00edsticas. a69_f30 Las estad\u00edsticas que generen en cumplimiento de sus facultades, competencias o funciones con la mayor desagregaci\u00f3n posible; 1 2 1 1 2 2 7 9 7 7 4 1 12 13 14 236217 236221 236220 236219 236222 236223 236225 236228 236226 236227 236224 236218 236229 236231 [&hellip;]<\/p>\n","protected":false},"author":1,"featured_media":0,"parent":0,"menu_order":0,"comment_status":"closed","ping_status":"closed","template":"page-template-full.php","meta":[],"jetpack_sharing_enabled":true,"_links":{"self":[{"href":"https:\/\/apan.gob.mx\/portal\/wp-json\/wp\/v2\/pages\/1870"}],"collection":[{"href":"https:\/\/apan.gob.mx\/portal\/wp-json\/wp\/v2\/pages"}],"about":[{"href":"https:\/\/apan.gob.mx\/portal\/wp-json\/wp\/v2\/types\/page"}],"author":[{"embeddable":true,"href":"https:\/\/apan.gob.mx\/portal\/wp-json\/wp\/v2\/users\/1"}],"replies":[{"embeddable":true,"href":"https:\/\/apan.gob.mx\/portal\/wp-json\/wp\/v2\/comments?post=1870"}],"version-history":[{"count":3,"href":"https:\/\/apan.gob.mx\/portal\/wp-json\/wp\/v2\/pages\/1870\/revisions"}],"predecessor-version":[{"id":1924,"href":"https:\/\/apan.gob.mx\/portal\/wp-json\/wp\/v2\/pages\/1870\/revisions\/1924"}],"wp:attachment":[{"href":"https:\/\/apan.gob.mx\/portal\/wp-json\/wp\/v2\/media?parent=1870"}],"curies":[{"name":"wp","href":"https:\/\/api.w.org\/{rel}","templated":true}]}}