{"id":1874,"date":"2018-04-19T00:57:02","date_gmt":"2018-04-19T00:57:02","guid":{"rendered":"https:\/\/apan.gob.mx\/portal\/?page_id=1874"},"modified":"2018-04-19T18:54:33","modified_gmt":"2018-04-19T18:54:33","slug":"planeacion_30_2016_4-2","status":"publish","type":"page","link":"https:\/\/apan.gob.mx\/portal\/planeacion_30_2016_4-2\/","title":{"rendered":"<!--planeacion_37_2016_4-->"},"content":{"rendered":"\t\t<div data-elementor-type=\"wp-page\" data-elementor-id=\"1874\" class=\"elementor elementor-1874 elementor-bc-flex-widget\">\n\t\t\t\t\t\t<div class=\"elementor-inner\">\n\t\t\t\t<div class=\"elementor-section-wrap\">\n\t\t\t\t\t\t\t\t\t<section class=\"has_ae_slider elementor-section elementor-top-section elementor-element elementor-element-q4emscs elementor-section-boxed elementor-section-height-default elementor-section-height-default ae-bg-gallery-type-default\" data-id=\"q4emscs\" data-element_type=\"section\">\n\t\t\t\t\t\t<div class=\"elementor-container elementor-column-gap-default\">\n\t\t\t\t\t\t\t<div class=\"elementor-row\">\n\t\t\t\t\t<div class=\"has_ae_slider elementor-column elementor-col-100 elementor-top-column elementor-element elementor-element-ca8s05e ae-bg-gallery-type-default\" data-id=\"ca8s05e\" data-element_type=\"column\">\n\t\t\t<div class=\"elementor-column-wrap elementor-element-populated\">\n\t\t\t\t\t\t\t<div class=\"elementor-widget-wrap\">\n\t\t\t\t\t\t<div class=\"elementor-element elementor-element-pvmc1lm elementor-widget elementor-widget-html\" data-id=\"pvmc1lm\" data-element_type=\"widget\" data-widget_type=\"html.default\">\n\t\t\t\t<div class=\"elementor-widget-container\">\n\t\t\t<style id=\"a69_f37_329_Styles\">\r\n<!--table\r\n\t{mso-displayed-decimal-separator:\"\\.\";\r\n\tmso-displayed-thousand-separator:\"\\,\";}\r\n.xl15329\r\n\t{padding-top:1px;\r\n\tpadding-right:1px;\r\n\tpadding-left:1px;\r\n\tmso-ignore:padding;\r\n\tcolor:black;\r\n\tfont-size:11.0pt;\r\n\tfont-weight:400;\r\n\tfont-style:normal;\r\n\ttext-decoration:none;\r\n\tfont-family:Calibri, sans-serif;\r\n\tmso-font-charset:0;\r\n\tmso-number-format:General;\r\n\ttext-align:general;\r\n\tvertical-align:bottom;\r\n\tmso-background-source:auto;\r\n\tmso-pattern:auto;\r\n\twhite-space:nowrap;}\r\n.xl65329\r\n\t{padding-top:1px;\r\n\tpadding-right:1px;\r\n\tpadding-left:1px;\r\n\tmso-ignore:padding;\r\n\tcolor:black;\r\n\tfont-size:10.0pt;\r\n\tfont-weight:400;\r\n\tfont-style:normal;\r\n\ttext-decoration:none;\r\n\tfont-family:Arial;\r\n\tmso-generic-font-family:auto;\r\n\tmso-font-charset:0;\r\n\tmso-number-format:General;\r\n\ttext-align:center;\r\n\tvertical-align:bottom;\r\n\tborder:.5pt solid windowtext;\r\n\tbackground:#E1E1E1;\r\n\tmso-pattern:black none;\r\n\twhite-space:normal;}\r\n.xl66329\r\n\t{padding-top:1px;\r\n\tpadding-right:1px;\r\n\tpadding-left:1px;\r\n\tmso-ignore:padding;\r\n\tcolor:white;\r\n\tfont-size:11.0pt;\r\n\tfont-weight:700;\r\n\tfont-style:normal;\r\n\ttext-decoration:none;\r\n\tfont-family:Arial;\r\n\tmso-generic-font-family:auto;\r\n\tmso-font-charset:0;\r\n\tmso-number-format:General;\r\n\ttext-align:center;\r\n\tvertical-align:bottom;\r\n\tborder:.5pt solid windowtext;\r\n\tbackground:#333333;\r\n\tmso-pattern:black none;\r\n\twhite-space:normal;}\r\n.xl67329\r\n\t{padding-top:1px;\r\n\tpadding-right:1px;\r\n\tpadding-left:1px;\r\n\tmso-ignore:padding;\r\n\tcolor:black;\r\n\tfont-size:10.0pt;\r\n\tfont-weight:400;\r\n\tfont-style:normal;\r\n\ttext-decoration:none;\r\n\tfont-family:Arial;\r\n\tmso-generic-font-family:auto;\r\n\tmso-font-charset:0;\r\n\tmso-number-format:General;\r\n\ttext-align:general;\r\n\tvertical-align:bottom;\r\n\tborder:.5pt solid windowtext;\r\n\tbackground:#E1E1E1;\r\n\tmso-pattern:black none;\r\n\twhite-space:nowrap;}\r\n.xl68329\r\n\t{padding-top:1px;\r\n\tpadding-right:1px;\r\n\tpadding-left:1px;\r\n\tmso-ignore:padding;\r\n\tcolor:black;\r\n\tfont-size:11.0pt;\r\n\tfont-weight:400;\r\n\tfont-style:normal;\r\n\ttext-decoration:none;\r\n\tfont-family:Calibri, sans-serif;\r\n\tmso-font-charset:0;\r\n\tmso-number-format:General;\r\n\ttext-align:general;\r\n\tvertical-align:bottom;\r\n\tborder:.5pt solid windowtext;\r\n\tbackground:white;\r\n\tmso-pattern:black none;\r\n\twhite-space:nowrap;}\r\n.xl69329\r\n\t{padding-top:1px;\r\n\tpadding-right:1px;\r\n\tpadding-left:1px;\r\n\tmso-ignore:padding;\r\n\tcolor:#0563C1;\r\n\tfont-size:11.0pt;\r\n\tfont-weight:400;\r\n\tfont-style:normal;\r\n\ttext-decoration:underline;\r\n\ttext-underline-style:single;\r\n\tfont-family:Calibri, sans-serif;\r\n\tmso-font-charset:0;\r\n\tmso-number-format:General;\r\n\ttext-align:general;\r\n\tvertical-align:bottom;\r\n\tborder:.5pt solid windowtext;\r\n\tbackground:white;\r\n\tmso-pattern:black none;\r\n\twhite-space:nowrap;}\r\n.xl70329\r\n\t{padding-top:1px;\r\n\tpadding-right:1px;\r\n\tpadding-left:1px;\r\n\tmso-ignore:padding;\r\n\tcolor:black;\r\n\tfont-size:11.0pt;\r\n\tfont-weight:400;\r\n\tfont-style:normal;\r\n\ttext-decoration:none;\r\n\tfont-family:Calibri, sans-serif;\r\n\tmso-font-charset:0;\r\n\tmso-number-format:\"Medium Date\";\r\n\ttext-align:general;\r\n\tvertical-align:bottom;\r\n\tborder:.5pt solid windowtext;\r\n\tbackground:white;\r\n\tmso-pattern:black none;\r\n\twhite-space:nowrap;}\r\n.xl71329\r\n\t{padding-top:1px;\r\n\tpadding-right:1px;\r\n\tpadding-left:1px;\r\n\tmso-ignore:padding;\r\n\tcolor:black;\r\n\tfont-size:10.0pt;\r\n\tfont-weight:400;\r\n\tfont-style:normal;\r\n\ttext-decoration:none;\r\n\tfont-family:Arial, sans-serif;\r\n\tmso-font-charset:0;\r\n\tmso-number-format:General;\r\n\ttext-align:center;\r\n\tvertical-align:bottom;\r\n\tborder:.5pt solid windowtext;\r\n\tbackground:#E1E1E1;\r\n\tmso-pattern:black none;\r\n\twhite-space:normal;}\r\n-->\r\n<\/style>\r\n<\/head>\r\n\r\n<body>\r\n<!--[if !excel]>&nbsp;&nbsp;<![endif]-->\r\n<!--La siguiente informaci\u00f3n se gener\u00f3 mediante el Asistente para publicar como\r\np\u00e1gina web de Microsoft Excel.-->\r\n<!--Si se vuelve a publicar el mismo elemento desde Excel, se reemplazar\u00e1 toda\r\nla informaci\u00f3n comprendida entre las etiquetas DIV.-->\r\n<!----------------------------->\r\n<!--INICIO DE LOS RESULTADOS DEL ASISTENTE PARA PUBLICAR COMO P\u00c1GINA WEB DE\r\nEXCEL -->\r\n<!----------------------------->\r\n\r\n<div id=\"a69_f37_329\" align=center x:publishsource=\"Excel\">\r\n\r\n<table border=0 cellpadding=0 cellspacing=0 width=4851 style='border-collapse:\r\n collapse;table-layout:fixed;width:3638pt'>\r\n <col width=56 style='mso-width-source:userset;mso-width-alt:2048;width:42pt'>\r\n <col width=187 style='mso-width-source:userset;mso-width-alt:6838;width:140pt'>\r\n <col width=394 style='mso-width-source:userset;mso-width-alt:14409;width:296pt'>\r\n <col width=587 style='mso-width-source:userset;mso-width-alt:21467;width:440pt'>\r\n <col width=163 style='mso-width-source:userset;mso-width-alt:5961;width:122pt'>\r\n <col width=736 style='mso-width-source:userset;mso-width-alt:26916;width:552pt'>\r\n <col width=151 style='mso-width-source:userset;mso-width-alt:5522;width:113pt'>\r\n <col width=183 style='mso-width-source:userset;mso-width-alt:6692;width:137pt'>\r\n <col width=288 style='mso-width-source:userset;mso-width-alt:10532;width:216pt'>\r\n <col width=211 style='mso-width-source:userset;mso-width-alt:7716;width:158pt'>\r\n <col width=155 style='mso-width-source:userset;mso-width-alt:5668;width:116pt'>\r\n <col width=176 style='mso-width-source:userset;mso-width-alt:6436;width:132pt'>\r\n <col width=325 style='mso-width-source:userset;mso-width-alt:11885;width:244pt'>\r\n <col width=260 style='mso-width-source:userset;mso-width-alt:9508;width:195pt'>\r\n <col width=182 style='mso-width-source:userset;mso-width-alt:6656;width:137pt'>\r\n <col width=185 style='mso-width-source:userset;mso-width-alt:6765;width:139pt'>\r\n <col width=123 style='mso-width-source:userset;mso-width-alt:4498;width:92pt'>\r\n <col width=293 style='mso-width-source:userset;mso-width-alt:10715;width:220pt'>\r\n <col width=56 style='mso-width-source:userset;mso-width-alt:2048;width:42pt'>\r\n <col width=140 style='mso-width-source:userset;mso-width-alt:5120;width:105pt'>\r\n <tr height=0 style='display:none'>\r\n  <td class=xl15329 width=56 style='width:42pt'>35966<\/td>\r\n  <td class=xl15329 width=187 style='width:140pt'><\/td>\r\n  <td class=xl15329 width=394 style='width:296pt'><\/td>\r\n  <td class=xl15329 width=587 style='width:440pt'><\/td>\r\n  <td class=xl15329 width=163 style='width:122pt'><\/td>\r\n  <td class=xl15329 width=736 style='width:552pt'><\/td>\r\n  <td class=xl15329 width=151 style='width:113pt'><\/td>\r\n  <td class=xl15329 width=183 style='width:137pt'><\/td>\r\n  <td class=xl15329 width=288 style='width:216pt'><\/td>\r\n  <td class=xl15329 width=211 style='width:158pt'><\/td>\r\n  <td class=xl15329 width=155 style='width:116pt'><\/td>\r\n  <td class=xl15329 width=176 style='width:132pt'><\/td>\r\n  <td class=xl15329 width=325 style='width:244pt'><\/td>\r\n  <td class=xl15329 width=260 style='width:195pt'><\/td>\r\n  <td class=xl15329 width=182 style='width:137pt'><\/td>\r\n  <td class=xl15329 width=185 style='width:139pt'><\/td>\r\n  <td class=xl15329 width=123 style='width:92pt'><\/td>\r\n  <td class=xl15329 width=293 style='width:220pt'><\/td>\r\n  <td class=xl15329 width=56 style='width:42pt'><\/td>\r\n  <td class=xl15329 width=140 style='width:105pt'><\/td>\r\n <\/tr>\r\n <tr height=20 style='height:15.0pt'>\r\n  <td colspan=3 height=20 class=xl66329 width=637 style='height:15.0pt;\r\n  width:478pt'>T\u00cdTULO<\/td>\r\n  <td colspan=3 class=xl66329 width=1486 style='width:1114pt'>NOMBRE CORTO<\/td>\r\n  <td colspan=3 class=xl66329 width=622 style='width:466pt'>DESCRIPCI\u00d3N<\/td>\r\n  <td class=xl15329><\/td>\r\n  <td class=xl15329><\/td>\r\n  <td class=xl15329><\/td>\r\n  <td class=xl15329><\/td>\r\n  <td class=xl15329><\/td>\r\n  <td class=xl15329><\/td>\r\n  <td class=xl15329><\/td>\r\n  <td class=xl15329><\/td>\r\n  <td class=xl15329><\/td>\r\n  <td class=xl15329><\/td>\r\n  <td class=xl15329><\/td>\r\n <\/tr>\r\n <tr height=20 style='height:15.0pt'>\r\n  <td colspan=3 height=20 class=xl67329 style='height:15.0pt'>FRACCI\u00d3N XXXVII.-\r\n  Mecanismos de participaci\u00f3n ciudadana.<\/td>\r\n  <td colspan=3 class=xl67329>a69_f37<\/td>\r\n  <td colspan=3 class=xl67329>Los mecanismos de participaci\u00f3n ciudadana;<\/td>\r\n  <td class=xl15329><\/td>\r\n  <td class=xl15329><\/td>\r\n  <td class=xl15329><\/td>\r\n  <td class=xl15329><\/td>\r\n  <td class=xl15329><\/td>\r\n  <td class=xl15329><\/td>\r\n  <td class=xl15329><\/td>\r\n  <td class=xl15329><\/td>\r\n  <td class=xl15329><\/td>\r\n  <td class=xl15329><\/td>\r\n  <td class=xl15329><\/td>\r\n <\/tr>\r\n <tr height=0 style='display:none'>\r\n  <td class=xl15329>1<\/td>\r\n  <td class=xl15329>2<\/td>\r\n  <td class=xl15329>2<\/td>\r\n  <td class=xl15329>2<\/td>\r\n  <td class=xl15329>9<\/td>\r\n  <td class=xl15329>7<\/td>\r\n  <td class=xl15329>2<\/td>\r\n  <td class=xl15329>2<\/td>\r\n  <td class=xl15329>2<\/td>\r\n  <td class=xl15329>2<\/td>\r\n  <td class=xl15329>4<\/td>\r\n  <td class=xl15329>4<\/td>\r\n  <td class=xl15329>10<\/td>\r\n  <td class=xl15329>2<\/td>\r\n  <td class=xl15329>3<\/td>\r\n  <td class=xl15329>2<\/td>\r\n  <td class=xl15329>4<\/td>\r\n  <td class=xl15329>1<\/td>\r\n  <td class=xl15329>12<\/td>\r\n  <td class=xl15329>13<\/td>\r\n <\/tr>\r\n <tr height=0 style='display:none'>\r\n  <td class=xl15329>236335<\/td>\r\n  <td class=xl15329>236339<\/td>\r\n  <td class=xl15329>236338<\/td>\r\n  <td class=xl15329>236344<\/td>\r\n  <td class=xl15329>236350<\/td>\r\n  <td class=xl15329>236349<\/td>\r\n  <td class=xl15329>236340<\/td>\r\n  <td class=xl15329>236341<\/td>\r\n  <td class=xl15329>236336<\/td>\r\n  <td class=xl15329>236337<\/td>\r\n  <td class=xl15329>236346<\/td>\r\n  <td class=xl15329>236347<\/td>\r\n  <td class=xl15329>236351<\/td>\r\n  <td class=xl15329>236342<\/td>\r\n  <td class=xl15329>236345<\/td>\r\n  <td class=xl15329>236343<\/td>\r\n  <td class=xl15329>236348<\/td>\r\n  <td class=xl15329>236334<\/td>\r\n  <td class=xl15329>236352<\/td>\r\n  <td class=xl15329>236353<\/td>\r\n <\/tr>\r\n <tr height=20 style='height:15.0pt'>\r\n  <td colspan=20 height=20 class=xl66329 width=4851 style='height:15.0pt;\r\n  width:3638pt'>Tabla Campos<\/td>\r\n <\/tr>\r\n <tr height=35 style='height:26.25pt'>\r\n  <td height=35 class=xl65329 width=56 style='height:26.25pt;width:42pt'>Ejercicio<\/td>\r\n  <td class=xl65329 width=187 style='border-left:none;width:140pt'>Denominaci\u00f3n\r\n  del mecanismo.<\/td>\r\n  <td class=xl65329 width=394 style='border-left:none;width:296pt'>Fundamento\r\n  jur\u00eddico<\/td>\r\n  <td class=xl65329 width=587 style='border-left:none;width:440pt'>Objetivo del\r\n  mecanismo<\/td>\r\n  <td class=xl65329 width=163 style='border-left:none;width:122pt'>Alcances del\r\n  mecanismo<\/td>\r\n  <td class=xl65329 width=736 style='border-left:none;width:552pt'>Hiperv\u00ednculo\r\n  a la convocatoria<\/td>\r\n  <td class=xl65329 width=151 style='border-left:none;width:113pt'>Temas\r\n  sujetos a revisi\u00f3n<\/td>\r\n  <td class=xl65329 width=183 style='border-left:none;width:137pt'>Requisitos\r\n  de participaci\u00f3n<\/td>\r\n  <td class=xl65329 width=288 style='border-left:none;width:216pt'>C\u00f3mo\r\n  recibir\u00e1 el sujeto obligado las propuestas.<\/td>\r\n  <td class=xl65329 width=211 style='border-left:none;width:158pt'>Medio de\r\n  recepci\u00f3n de propuestas<\/td>\r\n  <td class=xl65329 width=155 style='border-left:none;width:116pt'>Fecha de\r\n  inicio recepci\u00f3n<\/td>\r\n  <td class=xl65329 width=176 style='border-left:none;width:132pt'>Fecha de\r\n  t\u00e9rmino recepci\u00f3n<\/td>\r\n  <td class=xl71329 width=325 style='border-left:none;width:244pt'>Respecto a\r\n  la Unidad Admva de contacto<span style='mso-spacerun:yes'>\u00a0<\/span><\/td>\r\n  <td class=xl65329 width=260 style='border-left:none;width:195pt'>Resultados<\/td>\r\n  <td class=xl65329 width=182 style='border-left:none;width:137pt'>N\u00famero total\r\n  de participantes<\/td>\r\n  <td class=xl65329 width=185 style='border-left:none;width:139pt'>Respuesta de\r\n  la dependencia<\/td>\r\n  <td class=xl65329 width=123 style='border-left:none;width:92pt'>Fecha de\r\n  validaci\u00f3n<\/td>\r\n  <td class=xl65329 width=293 style='border-left:none;width:220pt'>\u00c1rea\r\n  responsable de la informaci\u00f3n<\/td>\r\n  <td class=xl65329 width=56 style='border-left:none;width:42pt'>A\u00f1o<\/td>\r\n  <td class=xl65329 width=140 style='border-left:none;width:105pt'>Fecha de\r\n  actualizaci\u00f3n<\/td>\r\n <\/tr>\r\n <tr height=20 style='height:15.0pt'>\r\n  <td height=20 class=xl68329 align=right style='height:15.0pt;border-top:none'>2016<\/td>\r\n  <td class=xl68329 style='border-top:none;border-left:none'>COPLADEM<\/td>\r\n  <td class=xl68329 style='border-top:none;border-left:none'>LEY DE PLANEACI\u00d3N\r\n  Y PROSPECCI\u00d3N DEL ESTADO DE HIDALGO<\/td>\r\n  <td class=xl68329 style='border-top:none;border-left:none'>FOMENTAR LA\r\n  PARTICIPACI\u00d3N DE LA CIUDADAN\u00cdA EN LA PLANEACI\u00d3N PARA EL DESARROLLO<\/td>\r\n  <td class=xl68329 style='border-top:none;border-left:none'>Municipal<\/td>\r\n  <td class=xl69329 style='border-top:none;border-left:none'><a\r\n  href=\"https:\/\/www.apan.gob.mx\/descargables\/transparencia\/articulo69\/fraccion37\/2016_4\/planeacion\/FrXXXVIIa1_1.pdf\">https:\/\/www.apan.gob.mx\/descargables\/transparencia\/articulo69\/fraccion37\/2016_4\/planeacion\/FrXXXVIIa1_1.pdf<\/a><\/td>\r\n  <td class=xl68329 style='border-top:none;border-left:none'>PLANEACI\u00d3N<\/td>\r\n  <td class=xl68329 style='border-top:none;border-left:none'>CIUDADAN\u00cdA\r\n  ORGANIZADA<\/td>\r\n  <td class=xl68329 style='border-top:none;border-left:none'>EN SESI\u00d3N DE\r\n  ASAMBLEA DE COPLADEM<\/td>\r\n  <td class=xl68329 style='border-top:none;border-left:none'>PARTICIPACI\u00d3N\r\n  DIRECTA<\/td>\r\n  <td class=xl70329 align=right style='border-top:none;border-left:none'>31-dic-16<\/td>\r\n  <td class=xl70329 align=right style='border-top:none;border-left:none'>31-dic-16<\/td>\r\n  <td class=xl68329 style='border-top:none;border-left:none'>PLANEACI\u00d3N Y\r\n  EVALUACI\u00d3N DE LDESEMPE\u00d1O<\/td>\r\n  <td class=xl68329 style='border-top:none;border-left:none'>PLANEACI\u00d3N\r\n  DEM\u00d3CRATICA MUNICIPAL<\/td>\r\n  <td class=xl68329 align=right style='border-top:none;border-left:none'>20<\/td>\r\n  <td class=xl68329 style='border-top:none;border-left:none'>ATENCI\u00d3N DIRECTA<\/td>\r\n  <td class=xl70329 align=right style='border-top:none;border-left:none'>31-dic-16<\/td>\r\n  <td class=xl68329 style='border-top:none;border-left:none'>PLANEACI\u00d3N Y\r\n  EVALUACI\u00d3N DEL DESEMPE\u00d1O<\/td>\r\n  <td class=xl68329 align=right style='border-top:none;border-left:none'>2016<\/td>\r\n  <td class=xl70329 align=right style='border-top:none;border-left:none'>31-dic-16<\/td>\r\n <\/tr>\r\n <![if supportMisalignedColumns]>\r\n <tr height=0 style='display:none'>\r\n  <td width=56 style='width:42pt'><\/td>\r\n  <td width=187 style='width:140pt'><\/td>\r\n  <td width=394 style='width:296pt'><\/td>\r\n  <td width=587 style='width:440pt'><\/td>\r\n  <td width=163 style='width:122pt'><\/td>\r\n  <td width=736 style='width:552pt'><\/td>\r\n  <td width=151 style='width:113pt'><\/td>\r\n  <td width=183 style='width:137pt'><\/td>\r\n  <td width=288 style='width:216pt'><\/td>\r\n  <td width=211 style='width:158pt'><\/td>\r\n  <td width=155 style='width:116pt'><\/td>\r\n  <td width=176 style='width:132pt'><\/td>\r\n  <td width=325 style='width:244pt'><\/td>\r\n  <td width=260 style='width:195pt'><\/td>\r\n  <td width=182 style='width:137pt'><\/td>\r\n  <td width=185 style='width:139pt'><\/td>\r\n  <td width=123 style='width:92pt'><\/td>\r\n  <td width=293 style='width:220pt'><\/td>\r\n  <td width=56 style='width:42pt'><\/td>\r\n  <td width=140 style='width:105pt'><\/td>\r\n <\/tr>\r\n <![endif]>\r\n<\/table>\r\n\r\n<\/div>\r\n\t\t<\/div>\n\t\t\t\t<\/div>\n\t\t\t\t\t\t<\/div>\n\t\t\t\t\t<\/div>\n\t\t<\/div>\n\t\t\t\t\t\t\t\t<\/div>\n\t\t\t\t\t<\/div>\n\t\t<\/section>\n\t\t\t\t<section class=\"has_ae_slider elementor-section elementor-top-section elementor-element elementor-element-uf4dl8g elementor-section-boxed elementor-section-height-default elementor-section-height-default ae-bg-gallery-type-default\" data-id=\"uf4dl8g\" data-element_type=\"section\">\n\t\t\t\t\t\t<div class=\"elementor-container elementor-column-gap-default\">\n\t\t\t\t\t\t\t<div class=\"elementor-row\">\n\t\t\t\t\t<div class=\"has_ae_slider elementor-column elementor-col-100 elementor-top-column elementor-element elementor-element-hex307b ae-bg-gallery-type-default\" data-id=\"hex307b\" data-element_type=\"column\">\n\t\t\t<div class=\"elementor-column-wrap elementor-element-populated\">\n\t\t\t\t\t\t\t<div class=\"elementor-widget-wrap\">\n\t\t\t\t\t\t<div class=\"elementor-element elementor-element-hs5pggg elementor-widget elementor-widget-heading\" data-id=\"hs5pggg\" data-element_type=\"widget\" data-widget_type=\"heading.default\">\n\t\t\t\t<div class=\"elementor-widget-container\">\n\t\t\t<h2 class=\"elementor-heading-title elementor-size-small\">Se actualizo informaci\u00f3n por observaciones.<\/h2>\t\t<\/div>\n\t\t\t\t<\/div>\n\t\t\t\t<div class=\"elementor-element elementor-element-dejiejp elementor-widget elementor-widget-heading\" data-id=\"dejiejp\" data-element_type=\"widget\" data-widget_type=\"heading.default\">\n\t\t\t\t<div class=\"elementor-widget-container\">\n\t\t\t<h2 class=\"elementor-heading-title elementor-size-small\">Fecha en que se subi\u00f3 la informaci\u00f3n: 18-abril-18<\/h2>\t\t<\/div>\n\t\t\t\t<\/div>\n\t\t\t\t\t\t<\/div>\n\t\t\t\t\t<\/div>\n\t\t<\/div>\n\t\t\t\t\t\t\t\t<\/div>\n\t\t\t\t\t<\/div>\n\t\t<\/section>\n\t\t\t\t\t\t\t\t\t<\/div>\n\t\t\t<\/div>\n\t\t\t\t\t<\/div>\n\t\t","protected":false},"excerpt":{"rendered":"<p>35966 T\u00cdTULO NOMBRE CORTO DESCRIPCI\u00d3N FRACCI\u00d3N XXXVII.- Mecanismos de participaci\u00f3n ciudadana. a69_f37 Los mecanismos de participaci\u00f3n ciudadana; 1 2 2 2 9 7 2 2 2 2 4 4 10 2 3 2 4 1 12 13 236335 236339 236338 236344 236350 236349 236340 236341 236336 236337 236346 236347 236351 236342 236345 236343 236348 236334 [&hellip;]<\/p>\n","protected":false},"author":1,"featured_media":0,"parent":0,"menu_order":0,"comment_status":"closed","ping_status":"closed","template":"page-template-full.php","meta":[],"jetpack_sharing_enabled":true,"_links":{"self":[{"href":"https:\/\/apan.gob.mx\/portal\/wp-json\/wp\/v2\/pages\/1874"}],"collection":[{"href":"https:\/\/apan.gob.mx\/portal\/wp-json\/wp\/v2\/pages"}],"about":[{"href":"https:\/\/apan.gob.mx\/portal\/wp-json\/wp\/v2\/types\/page"}],"author":[{"embeddable":true,"href":"https:\/\/apan.gob.mx\/portal\/wp-json\/wp\/v2\/users\/1"}],"replies":[{"embeddable":true,"href":"https:\/\/apan.gob.mx\/portal\/wp-json\/wp\/v2\/comments?post=1874"}],"version-history":[{"count":4,"href":"https:\/\/apan.gob.mx\/portal\/wp-json\/wp\/v2\/pages\/1874\/revisions"}],"predecessor-version":[{"id":1925,"href":"https:\/\/apan.gob.mx\/portal\/wp-json\/wp\/v2\/pages\/1874\/revisions\/1925"}],"wp:attachment":[{"href":"https:\/\/apan.gob.mx\/portal\/wp-json\/wp\/v2\/media?parent=1874"}],"curies":[{"name":"wp","href":"https:\/\/api.w.org\/{rel}","templated":true}]}}