{"id":2009,"date":"2018-04-25T15:26:50","date_gmt":"2018-04-25T15:26:50","guid":{"rendered":"https:\/\/apan.gob.mx\/portal\/?page_id=2009"},"modified":"2018-04-25T15:36:34","modified_gmt":"2018-04-25T15:36:34","slug":"transparencia_39_2018_1","status":"publish","type":"page","link":"https:\/\/apan.gob.mx\/portal\/transparencia_39_2018_1\/","title":{"rendered":"<!--transparencia_39_2018_1-->"},"content":{"rendered":"\t\t<div data-elementor-type=\"wp-page\" data-elementor-id=\"2009\" class=\"elementor elementor-2009 elementor-bc-flex-widget\">\n\t\t\t\t\t\t<section class=\"has_ae_slider elementor-section elementor-top-section elementor-element elementor-element-gl8dqcp elementor-section-boxed elementor-section-height-default elementor-section-height-default ae-bg-gallery-type-default\" data-id=\"gl8dqcp\" data-element_type=\"section\" data-e-type=\"section\">\n\t\t\t\t\t\t<div class=\"elementor-container elementor-column-gap-default\">\n\t\t\t\t\t<div class=\"has_ae_slider elementor-column elementor-col-100 elementor-top-column elementor-element elementor-element-71qwica ae-bg-gallery-type-default\" data-id=\"71qwica\" data-element_type=\"column\" data-e-type=\"column\">\n\t\t\t<div class=\"elementor-widget-wrap elementor-element-populated\">\n\t\t\t\t\t\t<div class=\"elementor-element elementor-element-x94bp09 elementor-widget elementor-widget-heading\" data-id=\"x94bp09\" data-element_type=\"widget\" data-e-type=\"widget\" data-widget_type=\"heading.default\">\n\t\t\t\t<div class=\"elementor-widget-container\">\n\t\t\t\t\t<h2 class=\"elementor-heading-title elementor-size-medium\">Fracci\u00f3n XXXlX<\/h2>\t\t\t\t<\/div>\n\t\t\t\t<\/div>\n\t\t\t\t<div class=\"elementor-element elementor-element-6eiozji elementor-widget elementor-widget-html\" data-id=\"6eiozji\" data-element_type=\"widget\" data-e-type=\"widget\" data-widget_type=\"html.default\">\n\t\t\t\t<div class=\"elementor-widget-container\">\n\t\t\t\t\t<style id=\"a69_f39c_13199_Styles\">\r\n<!--table\r\n\t{mso-displayed-decimal-separator:\"\\.\";\r\n\tmso-displayed-thousand-separator:\"\\,\";}\r\n.xl1513199\r\n\t{padding-top:1px;\r\n\tpadding-right:1px;\r\n\tpadding-left:1px;\r\n\tmso-ignore:padding;\r\n\tcolor:black;\r\n\tfont-size:11.0pt;\r\n\tfont-weight:400;\r\n\tfont-style:normal;\r\n\ttext-decoration:none;\r\n\tfont-family:Calibri, sans-serif;\r\n\tmso-font-charset:0;\r\n\tmso-number-format:General;\r\n\ttext-align:general;\r\n\tvertical-align:bottom;\r\n\tmso-background-source:auto;\r\n\tmso-pattern:auto;\r\n\twhite-space:nowrap;}\r\n.xl6513199\r\n\t{padding-top:1px;\r\n\tpadding-right:1px;\r\n\tpadding-left:1px;\r\n\tmso-ignore:padding;\r\n\tcolor:black;\r\n\tfont-size:10.0pt;\r\n\tfont-weight:400;\r\n\tfont-style:normal;\r\n\ttext-decoration:none;\r\n\tfont-family:Arial;\r\n\tmso-generic-font-family:auto;\r\n\tmso-font-charset:0;\r\n\tmso-number-format:General;\r\n\ttext-align:center;\r\n\tvertical-align:bottom;\r\n\tborder:.5pt solid windowtext;\r\n\tbackground:#E1E1E1;\r\n\tmso-pattern:black none;\r\n\twhite-space:normal;}\r\n.xl6613199\r\n\t{padding-top:1px;\r\n\tpadding-right:1px;\r\n\tpadding-left:1px;\r\n\tmso-ignore:padding;\r\n\tcolor:white;\r\n\tfont-size:11.0pt;\r\n\tfont-weight:700;\r\n\tfont-style:normal;\r\n\ttext-decoration:none;\r\n\tfont-family:Arial;\r\n\tmso-generic-font-family:auto;\r\n\tmso-font-charset:0;\r\n\tmso-number-format:General;\r\n\ttext-align:center;\r\n\tvertical-align:bottom;\r\n\tborder:.5pt solid windowtext;\r\n\tbackground:#333333;\r\n\tmso-pattern:black none;\r\n\twhite-space:nowrap;}\r\n.xl6713199\r\n\t{padding-top:1px;\r\n\tpadding-right:1px;\r\n\tpadding-left:1px;\r\n\tmso-ignore:padding;\r\n\tcolor:black;\r\n\tfont-size:11.0pt;\r\n\tfont-weight:400;\r\n\tfont-style:normal;\r\n\ttext-decoration:none;\r\n\tfont-family:Calibri, sans-serif;\r\n\tmso-font-charset:0;\r\n\tmso-number-format:General;\r\n\ttext-align:general;\r\n\tvertical-align:bottom;\r\n\tmso-background-source:auto;\r\n\tmso-pattern:auto;\r\n\twhite-space:normal;}\r\n.xl6813199\r\n\t{padding-top:1px;\r\n\tpadding-right:1px;\r\n\tpadding-left:1px;\r\n\tmso-ignore:padding;\r\n\tcolor:black;\r\n\tfont-size:11.0pt;\r\n\tfont-weight:400;\r\n\tfont-style:normal;\r\n\ttext-decoration:none;\r\n\tfont-family:Calibri, sans-serif;\r\n\tmso-font-charset:0;\r\n\tmso-number-format:General;\r\n\ttext-align:center;\r\n\tvertical-align:middle;\r\n\tmso-background-source:auto;\r\n\tmso-pattern:auto;\r\n\twhite-space:nowrap;}\r\n.xl6913199\r\n\t{padding-top:1px;\r\n\tpadding-right:1px;\r\n\tpadding-left:1px;\r\n\tmso-ignore:padding;\r\n\tcolor:black;\r\n\tfont-size:10.0pt;\r\n\tfont-weight:400;\r\n\tfont-style:normal;\r\n\ttext-decoration:none;\r\n\tfont-family:Arial;\r\n\tmso-generic-font-family:auto;\r\n\tmso-font-charset:0;\r\n\tmso-number-format:General;\r\n\ttext-align:general;\r\n\tvertical-align:bottom;\r\n\tborder:.5pt solid windowtext;\r\n\tbackground:#E1E1E1;\r\n\tmso-pattern:black none;\r\n\twhite-space:normal;}\r\n.xl7013199\r\n\t{padding-top:1px;\r\n\tpadding-right:1px;\r\n\tpadding-left:1px;\r\n\tmso-ignore:padding;\r\n\tcolor:black;\r\n\tfont-size:11.0pt;\r\n\tfont-weight:400;\r\n\tfont-style:normal;\r\n\ttext-decoration:none;\r\n\tfont-family:Calibri, sans-serif;\r\n\tmso-font-charset:0;\r\n\tmso-number-format:General;\r\n\ttext-align:center;\r\n\tvertical-align:middle;\r\n\tborder:.5pt solid windowtext;\r\n\tbackground:white;\r\n\tmso-pattern:black none;\r\n\twhite-space:nowrap;}\r\n.xl7113199\r\n\t{padding-top:1px;\r\n\tpadding-right:1px;\r\n\tpadding-left:1px;\r\n\tmso-ignore:padding;\r\n\tcolor:black;\r\n\tfont-size:11.0pt;\r\n\tfont-weight:400;\r\n\tfont-style:normal;\r\n\ttext-decoration:none;\r\n\tfont-family:Calibri, sans-serif;\r\n\tmso-font-charset:0;\r\n\tmso-number-format:\"Medium Date\";\r\n\ttext-align:center;\r\n\tvertical-align:middle;\r\n\tborder:.5pt solid windowtext;\r\n\tbackground:white;\r\n\tmso-pattern:black none;\r\n\twhite-space:nowrap;}\r\n.xl7213199\r\n\t{padding-top:1px;\r\n\tpadding-right:1px;\r\n\tpadding-left:1px;\r\n\tmso-ignore:padding;\r\n\tcolor:blue;\r\n\tfont-size:11.0pt;\r\n\tfont-weight:400;\r\n\tfont-style:normal;\r\n\ttext-decoration:underline;\r\n\ttext-underline-style:single;\r\n\tfont-family:Calibri, sans-serif;\r\n\tmso-font-charset:0;\r\n\tmso-number-format:General;\r\n\ttext-align:center;\r\n\tvertical-align:middle;\r\n\tborder:.5pt solid windowtext;\r\n\tbackground:white;\r\n\tmso-pattern:black none;\r\n\twhite-space:nowrap;}\r\n.xl7313199\r\n\t{padding-top:1px;\r\n\tpadding-right:1px;\r\n\tpadding-left:1px;\r\n\tmso-ignore:padding;\r\n\tcolor:black;\r\n\tfont-size:11.0pt;\r\n\tfont-weight:400;\r\n\tfont-style:normal;\r\n\ttext-decoration:none;\r\n\tfont-family:Calibri, sans-serif;\r\n\tmso-font-charset:0;\r\n\tmso-number-format:General;\r\n\ttext-align:center;\r\n\tvertical-align:middle;\r\n\tborder:.5pt solid windowtext;\r\n\tbackground:white;\r\n\tmso-pattern:black none;\r\n\twhite-space:normal;}\r\n-->\r\n<\/style>\r\n<\/head>\r\n\r\n<body>\r\n<!--[if !excel]>&nbsp;&nbsp;<![endif]-->\r\n<!--La siguiente informaci\u00f3n se gener\u00f3 mediante el Asistente para publicar como\r\np\u00e1gina web de Microsoft Excel.-->\r\n<!--Si se vuelve a publicar el mismo elemento desde Excel, se reemplazar\u00e1 toda\r\nla informaci\u00f3n comprendida entre las etiquetas DIV.-->\r\n<!----------------------------->\r\n<!--INICIO DE LOS RESULTADOS DEL ASISTENTE PARA PUBLICAR COMO P\u00c1GINA WEB DE\r\nEXCEL -->\r\n<!----------------------------->\r\n\r\n<div id=\"a69_f39c_13199\" align=center x:publishsource=\"Excel\">\r\n\r\n<table border=0 cellpadding=0 cellspacing=0 width=2874 style='border-collapse:\r\n collapse;table-layout:fixed;width:2157pt'>\r\n <col width=56 style='mso-width-source:userset;mso-width-alt:2048;width:42pt'>\r\n <col width=255 style='mso-width-source:userset;mso-width-alt:9325;width:191pt'>\r\n <col width=270 style='mso-width-source:userset;mso-width-alt:9874;width:203pt'>\r\n <col width=68 style='mso-width-source:userset;mso-width-alt:2486;width:51pt'>\r\n <col width=95 style='mso-width-source:userset;mso-width-alt:3474;width:71pt'>\r\n <col width=108 style='mso-width-source:userset;mso-width-alt:3949;width:81pt'>\r\n <col width=286 style='mso-width-source:userset;mso-width-alt:10459;width:215pt'>\r\n <col width=390 style='mso-width-source:userset;mso-width-alt:14262;width:293pt'>\r\n <col width=236 style='mso-width-source:userset;mso-width-alt:8630;width:177pt'>\r\n <col width=512 style='mso-width-source:userset;mso-width-alt:18724;width:384pt'>\r\n <col width=130 style='mso-width-source:userset;mso-width-alt:4754;width:98pt'>\r\n <col width=157 style='mso-width-source:userset;mso-width-alt:5741;width:118pt'>\r\n <col width=311 style='mso-width-source:userset;mso-width-alt:11373;width:233pt'>\r\n <tr class=xl6713199 height=41 style='mso-height-source:userset;height:30.75pt'>\r\n  <td colspan=3 height=41 class=xl6913199 width=581 style='height:30.75pt;\r\n  width:436pt'>Actas y resoluciones Comit\u00e9 de Transparencia_Integrantes del\r\n  Comit\u00e9 de Transparencia<\/td>\r\n  <td colspan=3 class=xl6913199 width=271 style='width:203pt'>a69_f39c<\/td>\r\n  <td colspan=3 class=xl6913199 width=912 style='width:685pt'>Se detallar\u00e1n los\r\n  datos del presidente y los dem\u00e1s integrantes del Comit\u00e9 de Transparencia, del\r\n  sujeto obligado para cumplir con las funciones establecidas en el Cap\u00edtulo\r\n  III, T\u00edtulo Segundo de la Ley General, independientemente de que su nivel sea\r\n  menor al de jefe de departamento u hom\u00f3logo<\/td>\r\n  <td class=xl6713199 width=512 style='width:384pt'><\/td>\r\n  <td class=xl6713199 width=130 style='width:98pt'><\/td>\r\n  <td class=xl6713199 width=157 style='width:118pt'><\/td>\r\n  <td class=xl6713199 width=311 style='width:233pt'><\/td>\r\n <\/tr>\r\n <tr height=0 style='display:none'>\r\n  <td class=xl1513199>1<\/td>\r\n  <td class=xl1513199>4<\/td>\r\n  <td class=xl1513199>4<\/td>\r\n  <td class=xl1513199>1<\/td>\r\n  <td class=xl1513199>1<\/td>\r\n  <td class=xl1513199>1<\/td>\r\n  <td class=xl1513199>1<\/td>\r\n  <td class=xl1513199>1<\/td>\r\n  <td class=xl1513199>1<\/td>\r\n  <td class=xl1513199>2<\/td>\r\n  <td class=xl1513199>4<\/td>\r\n  <td class=xl1513199>13<\/td>\r\n  <td class=xl1513199>14<\/td>\r\n <\/tr>\r\n <tr height=0 style='display:none'>\r\n  <td class=xl1513199>397227<\/td>\r\n  <td class=xl1513199>397228<\/td>\r\n  <td class=xl1513199>397229<\/td>\r\n  <td class=xl1513199>397232<\/td>\r\n  <td class=xl1513199>397233<\/td>\r\n  <td class=xl1513199>397234<\/td>\r\n  <td class=xl1513199>397222<\/td>\r\n  <td class=xl1513199>397223<\/td>\r\n  <td class=xl1513199>397226<\/td>\r\n  <td class=xl1513199>397230<\/td>\r\n  <td class=xl1513199>397224<\/td>\r\n  <td class=xl1513199>397225<\/td>\r\n  <td class=xl1513199>397231<\/td>\r\n <\/tr>\r\n <tr height=20 style='height:15.0pt'>\r\n  <td colspan=13 height=20 class=xl6613199 style='height:15.0pt'>Tabla Campos<\/td>\r\n <\/tr>\r\n <tr height=35 style='height:26.25pt'>\r\n  <td height=35 class=xl6513199 width=56 style='height:26.25pt;width:42pt'>Ejercicio<\/td>\r\n  <td class=xl6513199 width=255 style='border-left:none;width:191pt'>Fecha de\r\n  inicio del periodo que se informa<\/td>\r\n  <td class=xl6513199 width=270 style='border-left:none;width:203pt'>Fecha de\r\n  t\u00e9rmino del periodo que se informa<\/td>\r\n  <td class=xl6513199 width=68 style='border-left:none;width:51pt'>Nombre(s)<\/td>\r\n  <td class=xl6513199 width=95 style='border-left:none;width:71pt'>Primer\r\n  apellido<\/td>\r\n  <td class=xl6513199 width=108 style='border-left:none;width:81pt'>Segundo\r\n  apellido<\/td>\r\n  <td class=xl6513199 width=286 style='border-left:none;width:215pt'>Cargo o\r\n  puesto que ocupa en el sujeto obligado<\/td>\r\n  <td class=xl6513199 width=390 style='border-left:none;width:293pt'>Cargo y\/o\r\n  funci\u00f3n que desempe\u00f1a en el Comit\u00e9 de Transparencia<\/td>\r\n  <td class=xl6513199 width=236 style='border-left:none;width:177pt'>Correo\r\n  electr\u00f3nico oficial<span style='mso-spacerun:yes'>\u00a0<\/span><\/td>\r\n  <td class=xl6513199 width=512 style='border-left:none;width:384pt'>\u00c1rea(s)\r\n  responsable(s) que genera(n), posee(n), publica(n) y actualizan la\r\n  informaci\u00f3n<\/td>\r\n  <td class=xl6513199 width=130 style='border-left:none;width:98pt'>Fecha de\r\n  validaci\u00f3n<\/td>\r\n  <td class=xl6513199 width=157 style='border-left:none;width:118pt'>Fecha de\r\n  actualizaci\u00f3n<\/td>\r\n  <td class=xl6513199 width=311 style='border-left:none;width:233pt'>Nota<\/td>\r\n <\/tr>\r\n <tr class=xl6813199 height=40 style='height:30.0pt'>\r\n  <td height=40 class=xl7013199 style='height:30.0pt;border-top:none'>2018<\/td>\r\n  <td class=xl7113199 style='border-top:none;border-left:none'>01-ene-18<\/td>\r\n  <td class=xl7113199 style='border-top:none;border-left:none'>31-mar-18<\/td>\r\n  <td class=xl7013199 style='border-top:none;border-left:none'>Vicente<\/td>\r\n  <td class=xl7013199 style='border-top:none;border-left:none'>Mu\u00f1oz<\/td>\r\n  <td class=xl7013199 style='border-top:none;border-left:none'>Fern\u00e1ndez<\/td>\r\n  <td class=xl7013199 style='border-top:none;border-left:none'>Titular de la\r\n  Unidad de Transparencia<\/td>\r\n  <td class=xl7013199 style='border-top:none;border-left:none'>Presidente del\r\n  comit\u00e9 de Transparencia<\/td>\r\n  <td class=xl7213199 style='border-top:none;border-left:none'><a\r\n  href=\"mailto:transparencia@apan.gob.mx\">transparencia@apan.gob.mx<\/a><\/td>\r\n  <td class=xl7013199 style='border-top:none;border-left:none'>Unidad de\r\n  Transparencia<\/td>\r\n  <td class=xl7113199 style='border-top:none;border-left:none'>01-abr-18<\/td>\r\n  <td class=xl7113199 style='border-top:none;border-left:none'>01-ene-18<\/td>\r\n  <td class=xl7313199 width=311 style='border-top:none;border-left:none;\r\n  width:233pt'>durante el periodo que se informa no hubo sesiones de comit\u00e9 de\r\n  tranparencia<span style='mso-spacerun:yes'>\u00a0<\/span><\/td>\r\n <\/tr>\r\n <![if supportMisalignedColumns]>\r\n <tr height=0 style='display:none'>\r\n  <td width=56 style='width:42pt'><\/td>\r\n  <td width=255 style='width:191pt'><\/td>\r\n  <td width=270 style='width:203pt'><\/td>\r\n  <td width=68 style='width:51pt'><\/td>\r\n  <td width=95 style='width:71pt'><\/td>\r\n  <td width=108 style='width:81pt'><\/td>\r\n  <td width=286 style='width:215pt'><\/td>\r\n  <td width=390 style='width:293pt'><\/td>\r\n  <td width=236 style='width:177pt'><\/td>\r\n  <td width=512 style='width:384pt'><\/td>\r\n  <td width=130 style='width:98pt'><\/td>\r\n  <td width=157 style='width:118pt'><\/td>\r\n  <td width=311 style='width:233pt'><\/td>\r\n <\/tr>\r\n <![endif]>\r\n<\/table>\r\n\r\n<\/div>\r\n\t\t\t\t<\/div>\n\t\t\t\t<\/div>\n\t\t\t\t<div class=\"elementor-element elementor-element-qa4hs8m elementor-widget elementor-widget-heading\" data-id=\"qa4hs8m\" data-element_type=\"widget\" data-e-type=\"widget\" data-widget_type=\"heading.default\">\n\t\t\t\t<div class=\"elementor-widget-container\">\n\t\t\t\t\t<h2 class=\"elementor-heading-title elementor-size-small\">Fecha en que se subi\u00f3 la informaci\u00f3n: 25-abril-18<\/h2>\t\t\t\t<\/div>\n\t\t\t\t<\/div>\n\t\t\t\t\t<\/div>\n\t\t<\/div>\n\t\t\t\t\t<\/div>\n\t\t<\/section>\n\t\t\t\t<\/div>\n\t\t","protected":false},"excerpt":{"rendered":"<p>Fracci\u00f3n XXXlX Actas y resoluciones Comit\u00e9 de Transparencia_Integrantes del Comit\u00e9 de Transparencia a69_f39c Se detallar\u00e1n los datos del presidente y los dem\u00e1s integrantes del Comit\u00e9 de Transparencia, del sujeto obligado para cumplir con las funciones establecidas en el Cap\u00edtulo III, T\u00edtulo Segundo de la Ley General, independientemente de que su nivel sea menor al de [&hellip;]<\/p>\n","protected":false},"author":1,"featured_media":0,"parent":0,"menu_order":0,"comment_status":"closed","ping_status":"closed","template":"page-template-full.php","meta":{"footnotes":""},"class_list":["post-2009","page","type-page","status-publish","hentry"],"jetpack_sharing_enabled":true,"_links":{"self":[{"href":"https:\/\/apan.gob.mx\/portal\/wp-json\/wp\/v2\/pages\/2009","targetHints":{"allow":["GET"]}}],"collection":[{"href":"https:\/\/apan.gob.mx\/portal\/wp-json\/wp\/v2\/pages"}],"about":[{"href":"https:\/\/apan.gob.mx\/portal\/wp-json\/wp\/v2\/types\/page"}],"author":[{"embeddable":true,"href":"https:\/\/apan.gob.mx\/portal\/wp-json\/wp\/v2\/users\/1"}],"replies":[{"embeddable":true,"href":"https:\/\/apan.gob.mx\/portal\/wp-json\/wp\/v2\/comments?post=2009"}],"version-history":[{"count":4,"href":"https:\/\/apan.gob.mx\/portal\/wp-json\/wp\/v2\/pages\/2009\/revisions"}],"predecessor-version":[{"id":2017,"href":"https:\/\/apan.gob.mx\/portal\/wp-json\/wp\/v2\/pages\/2009\/revisions\/2017"}],"wp:attachment":[{"href":"https:\/\/apan.gob.mx\/portal\/wp-json\/wp\/v2\/media?parent=2009"}],"curies":[{"name":"wp","href":"https:\/\/api.w.org\/{rel}","templated":true}]}}