{"id":2019,"date":"2018-04-25T16:35:48","date_gmt":"2018-04-25T16:35:48","guid":{"rendered":"https:\/\/apan.gob.mx\/portal\/?page_id=2019"},"modified":"2018-04-25T16:43:00","modified_gmt":"2018-04-25T16:43:00","slug":"transparencia_19_2018_1","status":"publish","type":"page","link":"https:\/\/apan.gob.mx\/portal\/transparencia_19_2018_1\/","title":{"rendered":"<!--transparencia_19_2018_1-->"},"content":{"rendered":"\t\t<div data-elementor-type=\"wp-page\" data-elementor-id=\"2019\" class=\"elementor elementor-2019 elementor-bc-flex-widget\">\n\t\t\t\t\t\t<section class=\"has_ae_slider elementor-section elementor-top-section elementor-element elementor-element-n293fsa elementor-section-boxed elementor-section-height-default elementor-section-height-default ae-bg-gallery-type-default\" data-id=\"n293fsa\" data-element_type=\"section\" data-e-type=\"section\">\n\t\t\t\t\t\t<div class=\"elementor-container elementor-column-gap-default\">\n\t\t\t\t\t<div class=\"has_ae_slider elementor-column elementor-col-100 elementor-top-column elementor-element elementor-element-5ghjqk8 ae-bg-gallery-type-default\" data-id=\"5ghjqk8\" data-element_type=\"column\" data-e-type=\"column\">\n\t\t\t<div class=\"elementor-widget-wrap elementor-element-populated\">\n\t\t\t\t\t\t<div class=\"elementor-element elementor-element-6dz0mdb elementor-widget elementor-widget-heading\" data-id=\"6dz0mdb\" data-element_type=\"widget\" data-e-type=\"widget\" data-widget_type=\"heading.default\">\n\t\t\t\t<div class=\"elementor-widget-container\">\n\t\t\t\t\t<h2 class=\"elementor-heading-title elementor-size-medium\">Fraccion XlX Unidad de Transparencia<\/h2>\t\t\t\t<\/div>\n\t\t\t\t<\/div>\n\t\t\t\t<div class=\"elementor-element elementor-element-0d952ko elementor-widget elementor-widget-html\" data-id=\"0d952ko\" data-element_type=\"widget\" data-e-type=\"widget\" data-widget_type=\"html.default\">\n\t\t\t\t<div class=\"elementor-widget-container\">\n\t\t\t\t\t<style id=\"a69_f19_30540_Styles\">\r\n<!--table\r\n\t{mso-displayed-decimal-separator:\"\\.\";\r\n\tmso-displayed-thousand-separator:\"\\,\";}\r\n.xl1530540\r\n\t{padding-top:1px;\r\n\tpadding-right:1px;\r\n\tpadding-left:1px;\r\n\tmso-ignore:padding;\r\n\tcolor:black;\r\n\tfont-size:11.0pt;\r\n\tfont-weight:400;\r\n\tfont-style:normal;\r\n\ttext-decoration:none;\r\n\tfont-family:Calibri, sans-serif;\r\n\tmso-font-charset:0;\r\n\tmso-number-format:General;\r\n\ttext-align:general;\r\n\tvertical-align:bottom;\r\n\tmso-background-source:auto;\r\n\tmso-pattern:auto;\r\n\twhite-space:nowrap;}\r\n.xl6530540\r\n\t{padding-top:1px;\r\n\tpadding-right:1px;\r\n\tpadding-left:1px;\r\n\tmso-ignore:padding;\r\n\tcolor:black;\r\n\tfont-size:10.0pt;\r\n\tfont-weight:400;\r\n\tfont-style:normal;\r\n\ttext-decoration:none;\r\n\tfont-family:Arial, sans-serif;\r\n\tmso-font-charset:0;\r\n\tmso-number-format:General;\r\n\ttext-align:center;\r\n\tvertical-align:bottom;\r\n\tborder:.5pt solid windowtext;\r\n\tbackground:#E1E1E1;\r\n\tmso-pattern:black none;\r\n\twhite-space:normal;}\r\n.xl6630540\r\n\t{padding-top:1px;\r\n\tpadding-right:1px;\r\n\tpadding-left:1px;\r\n\tmso-ignore:padding;\r\n\tcolor:white;\r\n\tfont-size:11.0pt;\r\n\tfont-weight:700;\r\n\tfont-style:normal;\r\n\ttext-decoration:none;\r\n\tfont-family:Arial, sans-serif;\r\n\tmso-font-charset:0;\r\n\tmso-number-format:General;\r\n\ttext-align:center;\r\n\tvertical-align:bottom;\r\n\tborder:.5pt solid windowtext;\r\n\tbackground:#333333;\r\n\tmso-pattern:black none;\r\n\twhite-space:normal;}\r\n.xl6730540\r\n\t{padding-top:1px;\r\n\tpadding-right:1px;\r\n\tpadding-left:1px;\r\n\tmso-ignore:padding;\r\n\tcolor:black;\r\n\tfont-size:11.0pt;\r\n\tfont-weight:400;\r\n\tfont-style:normal;\r\n\ttext-decoration:none;\r\n\tfont-family:Calibri, sans-serif;\r\n\tmso-font-charset:0;\r\n\tmso-number-format:General;\r\n\ttext-align:general;\r\n\tvertical-align:bottom;\r\n\tmso-background-source:auto;\r\n\tmso-pattern:auto;\r\n\twhite-space:normal;}\r\n.xl6830540\r\n\t{padding-top:1px;\r\n\tpadding-right:1px;\r\n\tpadding-left:1px;\r\n\tmso-ignore:padding;\r\n\tcolor:black;\r\n\tfont-size:10.0pt;\r\n\tfont-weight:400;\r\n\tfont-style:normal;\r\n\ttext-decoration:none;\r\n\tfont-family:Arial, sans-serif;\r\n\tmso-font-charset:0;\r\n\tmso-number-format:General;\r\n\ttext-align:center;\r\n\tvertical-align:middle;\r\n\tborder:.5pt solid windowtext;\r\n\tbackground:#E1E1E1;\r\n\tmso-pattern:black none;\r\n\twhite-space:normal;}\r\n.xl6930540\r\n\t{padding-top:1px;\r\n\tpadding-right:1px;\r\n\tpadding-left:1px;\r\n\tmso-ignore:padding;\r\n\tcolor:black;\r\n\tfont-size:11.0pt;\r\n\tfont-weight:400;\r\n\tfont-style:normal;\r\n\ttext-decoration:none;\r\n\tfont-family:Calibri, sans-serif;\r\n\tmso-font-charset:0;\r\n\tmso-number-format:General;\r\n\ttext-align:center;\r\n\tvertical-align:middle;\r\n\tmso-background-source:auto;\r\n\tmso-pattern:auto;\r\n\twhite-space:normal;}\r\n.xl7030540\r\n\t{padding-top:1px;\r\n\tpadding-right:1px;\r\n\tpadding-left:1px;\r\n\tmso-ignore:padding;\r\n\tcolor:black;\r\n\tfont-size:11.0pt;\r\n\tfont-weight:400;\r\n\tfont-style:normal;\r\n\ttext-decoration:none;\r\n\tfont-family:Calibri, sans-serif;\r\n\tmso-font-charset:0;\r\n\tmso-number-format:General;\r\n\ttext-align:center;\r\n\tvertical-align:middle;\r\n\tborder:.5pt solid windowtext;\r\n\tbackground:white;\r\n\tmso-pattern:black none;\r\n\twhite-space:normal;}\r\n.xl7130540\r\n\t{padding-top:1px;\r\n\tpadding-right:1px;\r\n\tpadding-left:1px;\r\n\tmso-ignore:padding;\r\n\tcolor:black;\r\n\tfont-size:11.0pt;\r\n\tfont-weight:400;\r\n\tfont-style:normal;\r\n\ttext-decoration:none;\r\n\tfont-family:Calibri, sans-serif;\r\n\tmso-font-charset:0;\r\n\tmso-number-format:\"Medium Date\";\r\n\ttext-align:center;\r\n\tvertical-align:middle;\r\n\tborder:.5pt solid windowtext;\r\n\tbackground:white;\r\n\tmso-pattern:black none;\r\n\twhite-space:normal;}\r\n.xl7230540\r\n\t{padding-top:1px;\r\n\tpadding-right:1px;\r\n\tpadding-left:1px;\r\n\tmso-ignore:padding;\r\n\tcolor:blue;\r\n\tfont-size:11.0pt;\r\n\tfont-weight:400;\r\n\tfont-style:normal;\r\n\ttext-decoration:underline;\r\n\ttext-underline-style:single;\r\n\tfont-family:Calibri, sans-serif;\r\n\tmso-font-charset:0;\r\n\tmso-number-format:General;\r\n\ttext-align:center;\r\n\tvertical-align:middle;\r\n\tborder:.5pt solid windowtext;\r\n\tbackground:white;\r\n\tmso-pattern:black none;\r\n\twhite-space:normal;}\r\n-->\r\n<\/style>\r\n<\/head>\r\n\r\n<body>\r\n<!--[if !excel]>&nbsp;&nbsp;<![endif]-->\r\n<!--La siguiente informaci\u00f3n se gener\u00f3 mediante el Asistente para publicar como\r\np\u00e1gina web de Microsoft Excel.-->\r\n<!--Si se vuelve a publicar el mismo elemento desde Excel, se reemplazar\u00e1 toda\r\nla informaci\u00f3n comprendida entre las etiquetas DIV.-->\r\n<!----------------------------->\r\n<!--INICIO DE LOS RESULTADOS DEL ASISTENTE PARA PUBLICAR COMO P\u00c1GINA WEB DE\r\nEXCEL -->\r\n<!----------------------------->\r\n\r\n<div id=\"a69_f19_30540\" align=center x:publishsource=\"Excel\">\r\n\r\n<table border=0 cellpadding=0 cellspacing=0 width=6117 style='border-collapse:\r\n collapse;table-layout:fixed;width:4591pt'>\r\n <col width=74 style='mso-width-source:userset;mso-width-alt:2706;width:56pt'>\r\n <col width=255 style='mso-width-source:userset;mso-width-alt:9325;width:191pt'>\r\n <col width=270 style='mso-width-source:userset;mso-width-alt:9874;width:203pt'>\r\n <col width=376 style='mso-width-source:userset;mso-width-alt:13750;width:282pt'>\r\n <col width=162 style='mso-width-source:userset;mso-width-alt:5924;width:122pt'>\r\n <col width=229 style='mso-width-source:userset;mso-width-alt:8374;width:172pt'>\r\n <col width=524 style='mso-width-source:userset;mso-width-alt:19163;width:393pt'>\r\n <col width=162 style='mso-width-source:userset;mso-width-alt:5924;width:122pt'>\r\n <col width=208 style='mso-width-source:userset;mso-width-alt:7606;width:156pt'>\r\n <col width=187 style='mso-width-source:userset;mso-width-alt:6838;width:140pt'>\r\n <col width=782 style='mso-width-source:userset;mso-width-alt:28598;width:587pt'>\r\n <col width=179 style='mso-width-source:userset;mso-width-alt:6546;width:134pt'>\r\n <col width=389 style='mso-width-source:userset;mso-width-alt:14226;width:292pt'>\r\n <col width=269 style='mso-width-source:userset;mso-width-alt:9837;width:202pt'>\r\n <col width=286 style='mso-width-source:userset;mso-width-alt:10459;width:215pt'>\r\n <col width=284 style='mso-width-source:userset;mso-width-alt:10386;width:213pt'>\r\n <col width=322 style='mso-width-source:userset;mso-width-alt:11776;width:242pt'>\r\n <col width=384 style='mso-width-source:userset;mso-width-alt:14043;width:288pt'>\r\n <col width=512 style='mso-width-source:userset;mso-width-alt:18724;width:384pt'>\r\n <col width=123 style='mso-width-source:userset;mso-width-alt:4498;width:92pt'>\r\n <col width=140 style='mso-width-source:userset;mso-width-alt:5120;width:105pt'>\r\n <tr height=0 style='display:none'>\r\n  <td class=xl1530540 width=74 style='width:56pt'>44250<\/td>\r\n  <td class=xl1530540 width=255 style='width:191pt'><\/td>\r\n  <td class=xl1530540 width=270 style='width:203pt'><\/td>\r\n  <td class=xl1530540 width=376 style='width:282pt'><\/td>\r\n  <td class=xl1530540 width=162 style='width:122pt'><\/td>\r\n  <td class=xl1530540 width=229 style='width:172pt'><\/td>\r\n  <td class=xl1530540 width=524 style='width:393pt'><\/td>\r\n  <td class=xl1530540 width=162 style='width:122pt'><\/td>\r\n  <td class=xl1530540 width=208 style='width:156pt'><\/td>\r\n  <td class=xl1530540 width=187 style='width:140pt'><\/td>\r\n  <td class=xl1530540 width=782 style='width:587pt'><\/td>\r\n  <td class=xl1530540 width=179 style='width:134pt'><\/td>\r\n  <td class=xl1530540 width=389 style='width:292pt'><\/td>\r\n  <td class=xl1530540 width=269 style='width:202pt'><\/td>\r\n  <td class=xl1530540 width=286 style='width:215pt'><\/td>\r\n  <td class=xl1530540 width=284 style='width:213pt'><\/td>\r\n  <td class=xl1530540 width=322 style='width:242pt'><\/td>\r\n  <td class=xl1530540 width=384 style='width:288pt'><\/td>\r\n  <td class=xl1530540 width=512 style='width:384pt'><\/td>\r\n  <td class=xl1530540 width=123 style='width:92pt'><\/td>\r\n  <td class=xl1530540 width=140 style='width:105pt'><\/td>\r\n <\/tr>\r\n <tr height=20 style='height:15.0pt'>\r\n  <td colspan=3 height=20 class=xl6630540 width=599 style='height:15.0pt;\r\n  width:450pt'>T\u00cdTULO<\/td>\r\n  <td colspan=3 class=xl6630540 width=767 style='width:576pt'>NOMBRE CORTO<\/td>\r\n  <td colspan=3 class=xl6630540 width=894 style='width:671pt'>DESCRIPCI\u00d3N<\/td>\r\n  <td class=xl1530540><\/td>\r\n  <td class=xl1530540><\/td>\r\n  <td class=xl1530540><\/td>\r\n  <td class=xl1530540><\/td>\r\n  <td class=xl1530540><\/td>\r\n  <td class=xl1530540><\/td>\r\n  <td class=xl1530540><\/td>\r\n  <td class=xl1530540><\/td>\r\n  <td class=xl1530540><\/td>\r\n  <td class=xl1530540><\/td>\r\n  <td class=xl1530540><\/td>\r\n  <td class=xl1530540><\/td>\r\n <\/tr>\r\n <tr class=xl6930540 height=79 style='mso-height-source:userset;height:59.25pt'>\r\n  <td colspan=3 height=79 class=xl6830540 width=599 style='height:59.25pt;\r\n  width:450pt'>Servicios ofrecidos<\/td>\r\n  <td colspan=3 class=xl6830540 width=767 style='width:576pt'>a69_f19<\/td>\r\n  <td colspan=3 class=xl6830540 width=894 style='width:671pt'>La informaci\u00f3n\r\n  para dar a conocer los servicios p\u00fablicos que presta el sujeto obligado,\r\n  tanto de las actividades realizadas por la administraci\u00f3n p\u00fablica para\r\n  satisfacer necesidades de la poblaci\u00f3n, como las realizadas por los sujetos\r\n  obligados que no formen parte de la Administraci\u00f3n P\u00fablica, pero que\r\n  involucren el uso de recursos p\u00fablicos. Los servicios deben estar al alcance\r\n  de la poblaci\u00f3n sin necesidad de que el \u00e9sta los exija, como es el caso de\r\n  los tr\u00e1mites.<\/td>\r\n  <td class=xl6930540 width=187 style='width:140pt'><\/td>\r\n  <td class=xl6930540 width=782 style='width:587pt'><\/td>\r\n  <td class=xl6930540 width=179 style='width:134pt'><\/td>\r\n  <td class=xl6930540 width=389 style='width:292pt'><\/td>\r\n  <td class=xl6930540 width=269 style='width:202pt'><\/td>\r\n  <td class=xl6930540 width=286 style='width:215pt'><\/td>\r\n  <td class=xl6930540 width=284 style='width:213pt'><\/td>\r\n  <td class=xl6930540 width=322 style='width:242pt'><\/td>\r\n  <td class=xl6930540 width=384 style='width:288pt'><\/td>\r\n  <td class=xl6930540 width=512 style='width:384pt'><\/td>\r\n  <td class=xl6930540 width=123 style='width:92pt'><\/td>\r\n  <td class=xl6930540 width=140 style='width:105pt'><\/td>\r\n <\/tr>\r\n <tr height=0 style='display:none'>\r\n  <td class=xl1530540>1<\/td>\r\n  <td class=xl1530540>4<\/td>\r\n  <td class=xl1530540>4<\/td>\r\n  <td class=xl1530540>2<\/td>\r\n  <td class=xl1530540>9<\/td>\r\n  <td class=xl1530540>1<\/td>\r\n  <td class=xl1530540>2<\/td>\r\n  <td class=xl1530540>1<\/td>\r\n  <td class=xl1530540>2<\/td>\r\n  <td class=xl1530540>2<\/td>\r\n  <td class=xl1530540>7<\/td>\r\n  <td class=xl1530540>1<\/td>\r\n  <td class=xl1530540>10<\/td>\r\n  <td class=xl1530540>1<\/td>\r\n  <td class=xl1530540>2<\/td>\r\n  <td class=xl1530540>2<\/td>\r\n  <td class=xl1530540>10<\/td>\r\n  <td class=xl1530540>7<\/td>\r\n  <td class=xl1530540>2<\/td>\r\n  <td class=xl1530540>4<\/td>\r\n  <td class=xl1530540>13<\/td>\r\n <\/tr>\r\n <tr height=0 style='display:none'>\r\n  <td class=xl1530540>350704<\/td>\r\n  <td class=xl1530540>350705<\/td>\r\n  <td class=xl1530540>350706<\/td>\r\n  <td class=xl1530540>350690<\/td>\r\n  <td class=xl1530540>350709<\/td>\r\n  <td class=xl1530540>350713<\/td>\r\n  <td class=xl1530540>350692<\/td>\r\n  <td class=xl1530540>350711<\/td>\r\n  <td class=xl1530540>350693<\/td>\r\n  <td class=xl1530540>350694<\/td>\r\n  <td class=xl1530540>350700<\/td>\r\n  <td class=xl1530540>350688<\/td>\r\n  <td class=xl1530540>350710<\/td>\r\n  <td class=xl1530540>350689<\/td>\r\n  <td class=xl1530540>350691<\/td>\r\n  <td class=xl1530540>350696<\/td>\r\n  <td class=xl1530540>350701<\/td>\r\n  <td class=xl1530540>350699<\/td>\r\n  <td class=xl1530540>350708<\/td>\r\n  <td class=xl1530540>350697<\/td>\r\n  <td class=xl1530540>350703<\/td>\r\n <\/tr>\r\n <tr height=20 style='height:15.0pt'>\r\n  <td colspan=21 height=20 class=xl6630540 width=6117 style='height:15.0pt;\r\n  width:4591pt'>Tabla Campos<\/td>\r\n <\/tr>\r\n <tr height=35 style='height:26.25pt'>\r\n  <td height=35 class=xl6530540 width=74 style='height:26.25pt;width:56pt'>Ejercicio<\/td>\r\n  <td class=xl6530540 width=255 style='border-left:none;width:191pt'>Fecha de\r\n  inicio del periodo que se informa<\/td>\r\n  <td class=xl6530540 width=270 style='border-left:none;width:203pt'>Fecha de\r\n  t\u00e9rmino del periodo que se informa<\/td>\r\n  <td class=xl6530540 width=376 style='border-left:none;width:282pt'>Denominaci\u00f3n\r\n  del servicio<\/td>\r\n  <td class=xl6530540 width=162 style='border-left:none;width:122pt'>Tipo de\r\n  servicio (cat\u00e1logo)<\/td>\r\n  <td class=xl6530540 width=229 style='border-left:none;width:172pt'>Tipo de\r\n  usuario y\/o poblaci\u00f3n objetivo<\/td>\r\n  <td class=xl6530540 width=524 style='border-left:none;width:393pt'>Descripci\u00f3n\r\n  del objetivo del servicio<\/td>\r\n  <td class=xl6530540 width=162 style='border-left:none;width:122pt'>Modalidad\r\n  del servicio<\/td>\r\n  <td class=xl6530540 width=208 style='border-left:none;width:156pt'>Requisitos\r\n  para obtener el servicio<\/td>\r\n  <td class=xl6530540 width=187 style='border-left:none;width:140pt'>Documentos\r\n  requeridos, en su caso<\/td>\r\n  <td class=xl6530540 width=782 style='border-left:none;width:587pt'>Hiperv\u00ednculo\r\n  a los formatos respectivo(s) publicado(s) en medio oficial<\/td>\r\n  <td class=xl6530540 width=179 style='border-left:none;width:134pt'>Tiempo de\r\n  respuesta<\/td>\r\n  <td class=xl6530540 width=389 style='border-left:none;width:292pt'>\u00c1rea en la\r\n  que se proporciona el servicio y los datos de contacto<\/td>\r\n  <td class=xl6530540 width=269 style='border-left:none;width:202pt'>Costo, en\r\n  su caso especificar que es gratuito<\/td>\r\n  <td class=xl6530540 width=286 style='border-left:none;width:215pt'>Fundamento\r\n  jur\u00eddico-administrativo del servicio<\/td>\r\n  <td class=xl6530540 width=284 style='border-left:none;width:213pt'>Derechos\r\n  del usuario ante la negativa o la falta<\/td>\r\n  <td class=xl6530540 width=322 style='border-left:none;width:242pt'>Lugar para\r\n  reportar presuntas anomalias<span style='mso-spacerun:yes'>\u00a0<\/span><\/td>\r\n  <td class=xl6530540 width=384 style='border-left:none;width:288pt'>Hiperv\u00ednculo\r\n  informaci\u00f3n adicional del servicio<\/td>\r\n  <td class=xl6530540 width=512 style='border-left:none;width:384pt'>\u00c1rea(s)\r\n  responsable(s) que genera(n), posee(n), publica(n) y actualizan la\r\n  informaci\u00f3n<\/td>\r\n  <td class=xl6530540 width=123 style='border-left:none;width:92pt'>Fecha de\r\n  validaci\u00f3n<\/td>\r\n  <td class=xl6530540 width=140 style='border-left:none;width:105pt'>Fecha de\r\n  actualizaci\u00f3n<\/td>\r\n <\/tr>\r\n <tr class=xl6730540 height=66 style='mso-height-source:userset;height:49.5pt'>\r\n  <td height=66 class=xl7030540 width=74 style='height:49.5pt;border-top:none;\r\n  width:56pt'>2018<\/td>\r\n  <td class=xl7130540 width=255 style='border-top:none;border-left:none;\r\n  width:191pt'>01-ene-18<\/td>\r\n  <td class=xl7130540 width=270 style='border-top:none;border-left:none;\r\n  width:203pt'>31-mar-18<\/td>\r\n  <td class=xl7030540 width=376 style='border-top:none;border-left:none;\r\n  width:282pt'>orientaci\u00f3n de llenado de solicitud de informaci\u00f3n<\/td>\r\n  <td class=xl7030540 width=162 style='border-top:none;border-left:none;\r\n  width:122pt'>Directo<\/td>\r\n  <td class=xl7030540 width=229 style='border-top:none;border-left:none;\r\n  width:172pt'>Poblaci\u00f3n en general<span style='mso-spacerun:yes'>\u00a0<\/span><\/td>\r\n  <td class=xl7030540 width=524 style='border-top:none;border-left:none;\r\n  width:393pt'>Accesar a la informacion p\u00fablica<\/td>\r\n  <td class=xl7030540 width=162 style='border-top:none;border-left:none;\r\n  width:122pt'>presencial\/no presencial<\/td>\r\n  <td class=xl7030540 width=208 style='border-top:none;border-left:none;\r\n  width:156pt'>presentar solicitud elaborada<\/td>\r\n  <td class=xl7030540 width=187 style='border-top:none;border-left:none;\r\n  width:140pt'>solicitud<\/td>\r\n  <td class=xl7230540 width=782 style='border-top:none;border-left:none;\r\n  width:587pt'><a\r\n  href=\"https:\/\/www.apan.gob.mx\/descargables\/transparencia\/articulo69\/fraccion19\/2018_1\/transparencia\/fraXIXa1_1.pdf\">https:\/\/www.apan.gob.mx\/descargables\/transparencia\/articulo69\/fraccion19\/2018_1\/transparencia\/fraXIXa1_1.pdf<\/a><\/td>\r\n  <td class=xl7030540 width=179 style='border-top:none;border-left:none;\r\n  width:134pt'>lo estipulado en el art\u00edculo<span\r\n  style='mso-spacerun:yes'>\u00a0\u00a0<\/span><\/td>\r\n  <td class=xl7030540 width=389 style='border-top:none;border-left:none;\r\n  width:292pt'>Unidad de Transparencia<span style='mso-spacerun:yes'>\u00a0<\/span><\/td>\r\n  <td class=xl7030540 width=269 style='border-top:none;border-left:none;\r\n  width:202pt'>Este servicio no tiene ningun costo<\/td>\r\n  <td class=xl7030540 width=286 style='border-top:none;border-left:none;\r\n  width:215pt'>art\u00edculo 41 Fracci\u00f3n II de la Ley de Transparencia y Acceso a la\r\n  Informaci\u00f3n P\u00fablica para el Estado de Hidalgo.<\/td>\r\n  <td class=xl7030540 width=284 style='border-top:none;border-left:none;\r\n  width:213pt'>Contemplado en el articulo 140 de la Ley de Transparencia y\r\n  Acceso a la Informaci\u00f3n P\u00fablica para el Estado de Hidalgo.<\/td>\r\n  <td class=xl7230540 width=322 style='border-top:none;border-left:none;\r\n  width:242pt'><a href=\"mailto:contralor\u00eda@apan.gob.mx\">contralor\u00eda@apan.gob.mx<\/a><\/td>\r\n  <td class=xl7230540 width=384 style='border-top:none;border-left:none;\r\n  width:288pt'><a href=\"http:\/\/itaih.org.mx\/A69\/XIX\/2017\/1107-Q8.pdf\">http:\/\/itaih.org.mx\/A69\/XIX\/2017\/1107-Q8.pdf<\/a><\/td>\r\n  <td class=xl7030540 width=512 style='border-top:none;border-left:none;\r\n  width:384pt'>Unidad de Transparencia del Municipio de Apan, Hidalgo.<\/td>\r\n  <td class=xl7130540 width=123 style='border-top:none;border-left:none;\r\n  width:92pt'>01-abr-18<\/td>\r\n  <td class=xl7130540 width=140 style='border-top:none;border-left:none;\r\n  width:105pt'>01-ene-18<\/td>\r\n <\/tr>\r\n <tr class=xl6730540 height=85 style='mso-height-source:userset;height:63.75pt'>\r\n  <td height=85 class=xl7030540 width=74 style='height:63.75pt;border-top:none;\r\n  width:56pt'>2018<\/td>\r\n  <td class=xl7130540 width=255 style='border-top:none;border-left:none;\r\n  width:191pt'>01-ene-18<\/td>\r\n  <td class=xl7130540 width=270 style='border-top:none;border-left:none;\r\n  width:203pt'>31-mar-18<\/td>\r\n  <td class=xl7030540 width=376 style='border-top:none;border-left:none;\r\n  width:282pt'>orientaci\u00f3n de llenado de solicitud de de datos personales<\/td>\r\n  <td class=xl7030540 width=162 style='border-top:none;border-left:none;\r\n  width:122pt'>Directo<\/td>\r\n  <td class=xl7030540 width=229 style='border-top:none;border-left:none;\r\n  width:172pt'>Poblaci\u00f3n en general<span style='mso-spacerun:yes'>\u00a0<\/span><\/td>\r\n  <td class=xl7030540 width=524 style='border-top:none;border-left:none;\r\n  width:393pt'>Accesar a la informacion de datos personales en posesion de los\r\n  sujetos obligados<\/td>\r\n  <td class=xl7030540 width=162 style='border-top:none;border-left:none;\r\n  width:122pt'>presencial\/no presencial<\/td>\r\n  <td class=xl7030540 width=208 style='border-top:none;border-left:none;\r\n  width:156pt'>presentar solicitud elaborada<\/td>\r\n  <td class=xl7030540 width=187 style='border-top:none;border-left:none;\r\n  width:140pt'>solicitud<\/td>\r\n  <td class=xl7230540 width=782 style='border-top:none;border-left:none;\r\n  width:587pt'><a\r\n  href=\"https:\/\/www.apan.gob.mx\/descargables\/transparencia\/articulo69\/fraccion19\/2018_1\/transparencia\/fraXIXa2_1.pdf\">https:\/\/www.apan.gob.mx\/descargables\/transparencia\/articulo69\/fraccion19\/2018_1\/transparencia\/fraXIXa2_1.pdf<\/a><\/td>\r\n  <td class=xl7030540 width=179 style='border-top:none;border-left:none;\r\n  width:134pt'>lo estipulado en el art\u00edculo<span\r\n  style='mso-spacerun:yes'>\u00a0\u00a0<\/span><\/td>\r\n  <td class=xl7030540 width=389 style='border-top:none;border-left:none;\r\n  width:292pt'>Unidad de Transparencia<span style='mso-spacerun:yes'>\u00a0<\/span><\/td>\r\n  <td class=xl7030540 width=269 style='border-top:none;border-left:none;\r\n  width:202pt'>Este servicio no tiene ningun costo<\/td>\r\n  <td class=xl7030540 width=286 style='border-top:none;border-left:none;\r\n  width:215pt'>Art\u00edculos del<span style='mso-spacerun:yes'>\u00a0 <\/span>43 al 47 y\r\n  del 48 al 56 de lab LEY GENERAL DE PROTECCI\u00d3N DE DATOS PERSONALES EN POSESI\u00d3N\r\n  DE SUJETOS OBLIGADOS<\/td>\r\n  <td class=xl7030540 width=284 style='border-top:none;border-left:none;\r\n  width:213pt'>Contemplado en el articulo 43 y 94 de la Ley General de\r\n  Protecci\u00f3n de Datos Personales en Posesi\u00f3n de Sujetos Obligados.<\/td>\r\n  <td class=xl7230540 width=322 style='border-top:none;border-left:none;\r\n  width:242pt'><a href=\"mailto:contralor\u00eda@apan.gob.mx\">contralor\u00eda@apan.gob.mx<\/a><\/td>\r\n  <td class=xl7230540 width=384 style='border-top:none;border-left:none;\r\n  width:288pt'><a href=\"http:\/\/itaih.org.mx\/DERECHOS%20ARCO.pdf\">http:\/\/itaih.org.mx\/DERECHOS%20ARCO.pdf<\/a><\/td>\r\n  <td class=xl7030540 width=512 style='border-top:none;border-left:none;\r\n  width:384pt'>Unidad de Transparencia del Municipio de Apan, Hidalgo.<\/td>\r\n  <td class=xl7130540 width=123 style='border-top:none;border-left:none;\r\n  width:92pt'>01-abr-18<\/td>\r\n  <td class=xl7130540 width=140 style='border-top:none;border-left:none;\r\n  width:105pt'>01-ene-18<\/td>\r\n <\/tr>\r\n <![if supportMisalignedColumns]>\r\n <tr height=0 style='display:none'>\r\n  <td width=74 style='width:56pt'><\/td>\r\n  <td width=255 style='width:191pt'><\/td>\r\n  <td width=270 style='width:203pt'><\/td>\r\n  <td width=376 style='width:282pt'><\/td>\r\n  <td width=162 style='width:122pt'><\/td>\r\n  <td width=229 style='width:172pt'><\/td>\r\n  <td width=524 style='width:393pt'><\/td>\r\n  <td width=162 style='width:122pt'><\/td>\r\n  <td width=208 style='width:156pt'><\/td>\r\n  <td width=187 style='width:140pt'><\/td>\r\n  <td width=782 style='width:587pt'><\/td>\r\n  <td width=179 style='width:134pt'><\/td>\r\n  <td width=389 style='width:292pt'><\/td>\r\n  <td width=269 style='width:202pt'><\/td>\r\n  <td width=286 style='width:215pt'><\/td>\r\n  <td width=284 style='width:213pt'><\/td>\r\n  <td width=322 style='width:242pt'><\/td>\r\n  <td width=384 style='width:288pt'><\/td>\r\n  <td width=512 style='width:384pt'><\/td>\r\n  <td width=123 style='width:92pt'><\/td>\r\n  <td width=140 style='width:105pt'><\/td>\r\n <\/tr>\r\n <![endif]>\r\n<\/table>\r\n\r\n<\/div>\r\n\t\t\t\t<\/div>\n\t\t\t\t<\/div>\n\t\t\t\t<div class=\"elementor-element elementor-element-g2hqbm8 elementor-widget elementor-widget-heading\" data-id=\"g2hqbm8\" data-element_type=\"widget\" data-e-type=\"widget\" data-widget_type=\"heading.default\">\n\t\t\t\t<div class=\"elementor-widget-container\">\n\t\t\t\t\t<h2 class=\"elementor-heading-title elementor-size-small\">Fecha en que se subi\u00f3 la informaci\u00f3n: 25-abril-18<\/h2>\t\t\t\t<\/div>\n\t\t\t\t<\/div>\n\t\t\t\t\t<\/div>\n\t\t<\/div>\n\t\t\t\t\t<\/div>\n\t\t<\/section>\n\t\t\t\t<\/div>\n\t\t","protected":false},"excerpt":{"rendered":"<p>Fraccion XlX Unidad de Transparencia 44250 T\u00cdTULO NOMBRE CORTO DESCRIPCI\u00d3N Servicios ofrecidos a69_f19 La informaci\u00f3n para dar a conocer los servicios p\u00fablicos que presta el sujeto obligado, tanto de las actividades realizadas por la administraci\u00f3n p\u00fablica para satisfacer necesidades de la poblaci\u00f3n, como las realizadas por los sujetos obligados que no formen parte de la [&hellip;]<\/p>\n","protected":false},"author":1,"featured_media":0,"parent":0,"menu_order":0,"comment_status":"closed","ping_status":"closed","template":"page-template-full.php","meta":{"footnotes":""},"class_list":["post-2019","page","type-page","status-publish","hentry"],"jetpack_sharing_enabled":true,"_links":{"self":[{"href":"https:\/\/apan.gob.mx\/portal\/wp-json\/wp\/v2\/pages\/2019","targetHints":{"allow":["GET"]}}],"collection":[{"href":"https:\/\/apan.gob.mx\/portal\/wp-json\/wp\/v2\/pages"}],"about":[{"href":"https:\/\/apan.gob.mx\/portal\/wp-json\/wp\/v2\/types\/page"}],"author":[{"embeddable":true,"href":"https:\/\/apan.gob.mx\/portal\/wp-json\/wp\/v2\/users\/1"}],"replies":[{"embeddable":true,"href":"https:\/\/apan.gob.mx\/portal\/wp-json\/wp\/v2\/comments?post=2019"}],"version-history":[{"count":2,"href":"https:\/\/apan.gob.mx\/portal\/wp-json\/wp\/v2\/pages\/2019\/revisions"}],"predecessor-version":[{"id":2021,"href":"https:\/\/apan.gob.mx\/portal\/wp-json\/wp\/v2\/pages\/2019\/revisions\/2021"}],"wp:attachment":[{"href":"https:\/\/apan.gob.mx\/portal\/wp-json\/wp\/v2\/media?parent=2019"}],"curies":[{"name":"wp","href":"https:\/\/api.w.org\/{rel}","templated":true}]}}