{"id":2024,"date":"2018-04-25T23:58:50","date_gmt":"2018-04-25T23:58:50","guid":{"rendered":"https:\/\/apan.gob.mx\/portal\/?page_id=2024"},"modified":"2018-04-26T00:02:02","modified_gmt":"2018-04-26T00:02:02","slug":"transparencia_20_2018_1","status":"publish","type":"page","link":"https:\/\/apan.gob.mx\/portal\/transparencia_20_2018_1\/","title":{"rendered":"<!--transparencia_20_2018_1-->"},"content":{"rendered":"\t\t<div data-elementor-type=\"wp-page\" data-elementor-id=\"2024\" class=\"elementor elementor-2024 elementor-bc-flex-widget\">\n\t\t\t\t\t\t<section class=\"has_ae_slider elementor-section elementor-top-section elementor-element elementor-element-ap7h2zo elementor-section-boxed elementor-section-height-default elementor-section-height-default ae-bg-gallery-type-default\" data-id=\"ap7h2zo\" data-element_type=\"section\" data-e-type=\"section\">\n\t\t\t\t\t\t<div class=\"elementor-container elementor-column-gap-default\">\n\t\t\t\t\t<div class=\"has_ae_slider elementor-column elementor-col-100 elementor-top-column elementor-element elementor-element-2mb7adj ae-bg-gallery-type-default\" data-id=\"2mb7adj\" data-element_type=\"column\" data-e-type=\"column\">\n\t\t\t<div class=\"elementor-widget-wrap elementor-element-populated\">\n\t\t\t\t\t\t<div class=\"elementor-element elementor-element-qesuks1 elementor-widget elementor-widget-heading\" data-id=\"qesuks1\" data-element_type=\"widget\" data-e-type=\"widget\" data-widget_type=\"heading.default\">\n\t\t\t\t<div class=\"elementor-widget-container\">\n\t\t\t\t\t<h2 class=\"elementor-heading-title elementor-size-medium\">Fracci\u00f3n XX Transparencia<\/h2>\t\t\t\t<\/div>\n\t\t\t\t<\/div>\n\t\t\t\t<div class=\"elementor-element elementor-element-kfow14a elementor-widget elementor-widget-html\" data-id=\"kfow14a\" data-element_type=\"widget\" data-e-type=\"widget\" data-widget_type=\"html.default\">\n\t\t\t\t<div class=\"elementor-widget-container\">\n\t\t\t\t\t<style id=\"a69_f20 (3)_18624_Styles\">\r\n<!--table\r\n\t{mso-displayed-decimal-separator:\"\\.\";\r\n\tmso-displayed-thousand-separator:\"\\,\";}\r\n.xl1518624\r\n\t{padding-top:1px;\r\n\tpadding-right:1px;\r\n\tpadding-left:1px;\r\n\tmso-ignore:padding;\r\n\tcolor:black;\r\n\tfont-size:11.0pt;\r\n\tfont-weight:400;\r\n\tfont-style:normal;\r\n\ttext-decoration:none;\r\n\tfont-family:Calibri, sans-serif;\r\n\tmso-font-charset:0;\r\n\tmso-number-format:General;\r\n\ttext-align:general;\r\n\tvertical-align:bottom;\r\n\tmso-background-source:auto;\r\n\tmso-pattern:auto;\r\n\twhite-space:nowrap;}\r\n.xl6518624\r\n\t{padding-top:1px;\r\n\tpadding-right:1px;\r\n\tpadding-left:1px;\r\n\tmso-ignore:padding;\r\n\tcolor:black;\r\n\tfont-size:10.0pt;\r\n\tfont-weight:400;\r\n\tfont-style:normal;\r\n\ttext-decoration:none;\r\n\tfont-family:Arial, sans-serif;\r\n\tmso-font-charset:0;\r\n\tmso-number-format:General;\r\n\ttext-align:center;\r\n\tvertical-align:bottom;\r\n\tborder:.5pt solid windowtext;\r\n\tbackground:#E1E1E1;\r\n\tmso-pattern:black none;\r\n\twhite-space:normal;}\r\n.xl6618624\r\n\t{padding-top:1px;\r\n\tpadding-right:1px;\r\n\tpadding-left:1px;\r\n\tmso-ignore:padding;\r\n\tcolor:white;\r\n\tfont-size:11.0pt;\r\n\tfont-weight:700;\r\n\tfont-style:normal;\r\n\ttext-decoration:none;\r\n\tfont-family:Arial, sans-serif;\r\n\tmso-font-charset:0;\r\n\tmso-number-format:General;\r\n\ttext-align:center;\r\n\tvertical-align:bottom;\r\n\tborder:.5pt solid windowtext;\r\n\tbackground:#333333;\r\n\tmso-pattern:black none;\r\n\twhite-space:normal;}\r\n.xl6718624\r\n\t{padding-top:1px;\r\n\tpadding-right:1px;\r\n\tpadding-left:1px;\r\n\tmso-ignore:padding;\r\n\tcolor:black;\r\n\tfont-size:10.0pt;\r\n\tfont-weight:400;\r\n\tfont-style:normal;\r\n\ttext-decoration:none;\r\n\tfont-family:Arial, sans-serif;\r\n\tmso-font-charset:0;\r\n\tmso-number-format:General;\r\n\ttext-align:center;\r\n\tvertical-align:middle;\r\n\tborder:.5pt solid windowtext;\r\n\tbackground:#E1E1E1;\r\n\tmso-pattern:black none;\r\n\twhite-space:normal;}\r\n.xl6818624\r\n\t{padding-top:1px;\r\n\tpadding-right:1px;\r\n\tpadding-left:1px;\r\n\tmso-ignore:padding;\r\n\tcolor:black;\r\n\tfont-size:11.0pt;\r\n\tfont-weight:400;\r\n\tfont-style:normal;\r\n\ttext-decoration:none;\r\n\tfont-family:Calibri, sans-serif;\r\n\tmso-font-charset:0;\r\n\tmso-number-format:General;\r\n\ttext-align:center;\r\n\tvertical-align:middle;\r\n\tmso-background-source:auto;\r\n\tmso-pattern:auto;\r\n\twhite-space:normal;}\r\n.xl6918624\r\n\t{padding-top:1px;\r\n\tpadding-right:1px;\r\n\tpadding-left:1px;\r\n\tmso-ignore:padding;\r\n\tcolor:black;\r\n\tfont-size:11.0pt;\r\n\tfont-weight:400;\r\n\tfont-style:normal;\r\n\ttext-decoration:none;\r\n\tfont-family:Calibri, sans-serif;\r\n\tmso-font-charset:0;\r\n\tmso-number-format:General;\r\n\ttext-align:center;\r\n\tvertical-align:middle;\r\n\tborder:.5pt solid windowtext;\r\n\tbackground:white;\r\n\tmso-pattern:black none;\r\n\twhite-space:normal;}\r\n.xl7018624\r\n\t{padding-top:1px;\r\n\tpadding-right:1px;\r\n\tpadding-left:1px;\r\n\tmso-ignore:padding;\r\n\tcolor:black;\r\n\tfont-size:11.0pt;\r\n\tfont-weight:400;\r\n\tfont-style:normal;\r\n\ttext-decoration:none;\r\n\tfont-family:Calibri, sans-serif;\r\n\tmso-font-charset:0;\r\n\tmso-number-format:\"Short Date\";\r\n\ttext-align:center;\r\n\tvertical-align:middle;\r\n\tborder:.5pt solid windowtext;\r\n\tbackground:white;\r\n\tmso-pattern:black none;\r\n\twhite-space:normal;}\r\n.xl7118624\r\n\t{padding-top:1px;\r\n\tpadding-right:1px;\r\n\tpadding-left:1px;\r\n\tmso-ignore:padding;\r\n\tcolor:blue;\r\n\tfont-size:11.0pt;\r\n\tfont-weight:400;\r\n\tfont-style:normal;\r\n\ttext-decoration:underline;\r\n\ttext-underline-style:single;\r\n\tfont-family:Calibri, sans-serif;\r\n\tmso-font-charset:0;\r\n\tmso-number-format:General;\r\n\ttext-align:center;\r\n\tvertical-align:middle;\r\n\tborder:.5pt solid windowtext;\r\n\tbackground:white;\r\n\tmso-pattern:black none;\r\n\twhite-space:normal;}\r\n.xl7218624\r\n\t{padding-top:1px;\r\n\tpadding-right:1px;\r\n\tpadding-left:1px;\r\n\tmso-ignore:padding;\r\n\tcolor:black;\r\n\tfont-size:11.0pt;\r\n\tfont-weight:400;\r\n\tfont-style:normal;\r\n\ttext-decoration:none;\r\n\tfont-family:Calibri, sans-serif;\r\n\tmso-font-charset:0;\r\n\tmso-number-format:\"Medium Date\";\r\n\ttext-align:center;\r\n\tvertical-align:middle;\r\n\tborder:.5pt solid windowtext;\r\n\tbackground:white;\r\n\tmso-pattern:black none;\r\n\twhite-space:normal;}\r\n-->\r\n<\/style>\r\n<\/head>\r\n\r\n<body>\r\n<!--[if !excel]>&nbsp;&nbsp;<![endif]-->\r\n<!--La siguiente informaci\u00f3n se gener\u00f3 mediante el Asistente para publicar como\r\np\u00e1gina web de Microsoft Excel.-->\r\n<!--Si se vuelve a publicar el mismo elemento desde Excel, se reemplazar\u00e1 toda\r\nla informaci\u00f3n comprendida entre las etiquetas DIV.-->\r\n<!----------------------------->\r\n<!--INICIO DE LOS RESULTADOS DEL ASISTENTE PARA PUBLICAR COMO P\u00c1GINA WEB DE\r\nEXCEL -->\r\n<!----------------------------->\r\n\r\n<div id=\"a69_f20 (3)_18624\" align=center x:publishsource=\"Excel\">\r\n\r\n<table border=0 cellpadding=0 cellspacing=0 width=6084 style='border-collapse:\r\n collapse;table-layout:fixed;width:4564pt'>\r\n <col width=56 style='mso-width-source:userset;mso-width-alt:2048;width:42pt'>\r\n <col width=255 style='mso-width-source:userset;mso-width-alt:9325;width:191pt'>\r\n <col width=270 style='mso-width-source:userset;mso-width-alt:9874;width:203pt'>\r\n <col width=159 style='mso-width-source:userset;mso-width-alt:5814;width:119pt'>\r\n <col width=229 style='mso-width-source:userset;mso-width-alt:8374;width:172pt'>\r\n <col width=404 style='mso-width-source:userset;mso-width-alt:14774;width:303pt'>\r\n <col width=294 style='mso-width-source:userset;mso-width-alt:10752;width:221pt'>\r\n <col width=373 style='mso-width-source:userset;mso-width-alt:13641;width:280pt'>\r\n <col width=248 style='mso-width-source:userset;mso-width-alt:9069;width:186pt'>\r\n <col width=373 style='mso-width-source:userset;mso-width-alt:13641;width:280pt'>\r\n <col width=284 style='mso-width-source:userset;mso-width-alt:10386;width:213pt'>\r\n <col width=843 style='mso-width-source:userset;mso-width-alt:30829;width:632pt'>\r\n <col width=791 style='mso-width-source:userset;mso-width-alt:28928;width:593pt'>\r\n <col width=322 style='mso-width-source:userset;mso-width-alt:11776;width:242pt'>\r\n <col width=397 style='mso-width-source:userset;mso-width-alt:14518;width:298pt'>\r\n <col width=512 style='mso-width-source:userset;mso-width-alt:18724;width:384pt'>\r\n <col width=123 style='mso-width-source:userset;mso-width-alt:4498;width:92pt'>\r\n <col width=151 style='mso-width-source:userset;mso-width-alt:5522;width:113pt'>\r\n <tr height=0 style='display:none'>\r\n  <td class=xl1518624 width=56 style='width:42pt'>44251<\/td>\r\n  <td class=xl1518624 width=255 style='width:191pt'><\/td>\r\n  <td class=xl1518624 width=270 style='width:203pt'><\/td>\r\n  <td class=xl1518624 width=159 style='width:119pt'><\/td>\r\n  <td class=xl1518624 width=229 style='width:172pt'><\/td>\r\n  <td class=xl1518624 width=404 style='width:303pt'><\/td>\r\n  <td class=xl1518624 width=294 style='width:221pt'><\/td>\r\n  <td class=xl1518624 width=373 style='width:280pt'><\/td>\r\n  <td class=xl1518624 width=248 style='width:186pt'><\/td>\r\n  <td class=xl1518624 width=373 style='width:280pt'><\/td>\r\n  <td class=xl1518624 width=284 style='width:213pt'><\/td>\r\n  <td class=xl1518624 width=843 style='width:632pt'><\/td>\r\n  <td class=xl1518624 width=791 style='width:593pt'><\/td>\r\n  <td class=xl1518624 width=322 style='width:242pt'><\/td>\r\n  <td class=xl1518624 width=397 style='width:298pt'><\/td>\r\n  <td class=xl1518624 width=512 style='width:384pt'><\/td>\r\n  <td class=xl1518624 width=123 style='width:92pt'><\/td>\r\n  <td class=xl1518624 width=151 style='width:113pt'><\/td>\r\n <\/tr>\r\n <tr height=20 style='height:15.0pt'>\r\n  <td colspan=3 height=20 class=xl6618624 width=581 style='height:15.0pt;\r\n  width:436pt'>T\u00cdTULO<\/td>\r\n  <td colspan=3 class=xl6618624 width=792 style='width:594pt'>NOMBRE CORTO<\/td>\r\n  <td colspan=2 class=xl6618624 width=667 style='width:501pt'>DESCRIPCI\u00d3N<\/td>\r\n  <td class=xl1518624><\/td>\r\n  <td class=xl1518624><\/td>\r\n  <td class=xl1518624><\/td>\r\n  <td class=xl1518624><\/td>\r\n  <td class=xl1518624><\/td>\r\n  <td class=xl1518624><\/td>\r\n  <td class=xl1518624><\/td>\r\n  <td class=xl1518624><\/td>\r\n  <td class=xl1518624><\/td>\r\n  <td class=xl1518624><\/td>\r\n <\/tr>\r\n <tr class=xl6818624 height=90 style='mso-height-source:userset;height:67.5pt'>\r\n  <td colspan=3 height=90 class=xl6718624 width=581 style='height:67.5pt;\r\n  width:436pt'>Tr\u00e1mites ofrecidos<\/td>\r\n  <td colspan=3 class=xl6718624 width=792 style='width:594pt'>a69_f20<\/td>\r\n  <td colspan=2 class=xl6718624 width=667 style='width:501pt'>La informaci\u00f3n\r\n  relacionada con las tareas administrativas que realizan los sujetos obligados\r\n  en sus diferentes \u00e1mbitos con el objeto de atender las peticiones que\r\n  realicen los particulares ya sea para la obtenci\u00f3n de un beneficio, o cumplir\r\n  con alguna obligaci\u00f3n ante una autoridad, de conformidad con la normatividad\r\n  respecto de los tr\u00e1mites que realizan. Generalmente \u00e9stos implican la entrega\r\n  de informaci\u00f3n ante una autoridad por parte de los particulares.<\/td>\r\n  <td class=xl6818624 width=248 style='width:186pt'><\/td>\r\n  <td class=xl6818624 width=373 style='width:280pt'><\/td>\r\n  <td class=xl6818624 width=284 style='width:213pt'><\/td>\r\n  <td class=xl6818624 width=843 style='width:632pt'><\/td>\r\n  <td class=xl6818624 width=791 style='width:593pt'><\/td>\r\n  <td class=xl6818624 width=322 style='width:242pt'><\/td>\r\n  <td class=xl6818624 width=397 style='width:298pt'><\/td>\r\n  <td class=xl6818624 width=512 style='width:384pt'><\/td>\r\n  <td class=xl6818624 width=123 style='width:92pt'><\/td>\r\n  <td class=xl6818624 width=151 style='width:113pt'><\/td>\r\n <\/tr>\r\n <tr height=0 style='display:none'>\r\n  <td class=xl1518624>1<\/td>\r\n  <td class=xl1518624>4<\/td>\r\n  <td class=xl1518624>4<\/td>\r\n  <td class=xl1518624>2<\/td>\r\n  <td class=xl1518624>2<\/td>\r\n  <td class=xl1518624>2<\/td>\r\n  <td class=xl1518624>1<\/td>\r\n  <td class=xl1518624>2<\/td>\r\n  <td class=xl1518624>1<\/td>\r\n  <td class=xl1518624>10<\/td>\r\n  <td class=xl1518624>6<\/td>\r\n  <td class=xl1518624>2<\/td>\r\n  <td class=xl1518624>2<\/td>\r\n  <td class=xl1518624>10<\/td>\r\n  <td class=xl1518624>7<\/td>\r\n  <td class=xl1518624>2<\/td>\r\n  <td class=xl1518624>4<\/td>\r\n  <td class=xl1518624>13<\/td>\r\n <\/tr>\r\n <tr height=0 style='display:none'>\r\n  <td class=xl1518624>350731<\/td>\r\n  <td class=xl1518624>350733<\/td>\r\n  <td class=xl1518624>350732<\/td>\r\n  <td class=xl1518624>350716<\/td>\r\n  <td class=xl1518624>350744<\/td>\r\n  <td class=xl1518624>350717<\/td>\r\n  <td class=xl1518624>350715<\/td>\r\n  <td class=xl1518624>350745<\/td>\r\n  <td class=xl1518624>350714<\/td>\r\n  <td class=xl1518624>350724<\/td>\r\n  <td class=xl1518624>350721<\/td>\r\n  <td class=xl1518624>350718<\/td>\r\n  <td class=xl1518624>350741<\/td>\r\n  <td class=xl1518624>350725<\/td>\r\n  <td class=xl1518624>350722<\/td>\r\n  <td class=xl1518624>350737<\/td>\r\n  <td class=xl1518624>350720<\/td>\r\n  <td class=xl1518624>350730<\/td>\r\n <\/tr>\r\n <tr height=20 style='height:15.0pt'>\r\n  <td colspan=18 height=20 class=xl6618624 width=6084 style='height:15.0pt;\r\n  width:4564pt'>Tabla Campos<\/td>\r\n <\/tr>\r\n <tr height=35 style='height:26.25pt'>\r\n  <td height=35 class=xl6518624 width=56 style='height:26.25pt;width:42pt'>Ejercicio<\/td>\r\n  <td class=xl6518624 width=255 style='border-left:none;width:191pt'>Fecha de\r\n  inicio del periodo que se informa<\/td>\r\n  <td class=xl6518624 width=270 style='border-left:none;width:203pt'>Fecha de\r\n  t\u00e9rmino del periodo que se informa<\/td>\r\n  <td class=xl6518624 width=159 style='border-left:none;width:119pt'>Denominaci\u00f3n\r\n  del tr\u00e1mite<\/td>\r\n  <td class=xl6518624 width=229 style='border-left:none;width:172pt'>Tipo de\r\n  usuario y\/o poblaci\u00f3n objetivo<\/td>\r\n  <td class=xl6518624 width=404 style='border-left:none;width:303pt'>Descripci\u00f3n\r\n  del objetivo del tr\u00e1mite<\/td>\r\n  <td class=xl6518624 width=294 style='border-left:none;width:221pt'>Modalidad\r\n  del tr\u00e1mite<\/td>\r\n  <td class=xl6518624 width=373 style='border-left:none;width:280pt'>Documentos\r\n  requeridos<\/td>\r\n  <td class=xl6518624 width=248 style='border-left:none;width:186pt'>Vigencia\r\n  de los resultados del tr\u00e1mite<\/td>\r\n  <td class=xl6518624 width=373 style='border-left:none;width:280pt'>\u00c1rea y\r\n  datos de contacto del lugar donde se realiza el tr\u00e1mite<span\r\n  style='mso-spacerun:yes'>\u00a0<\/span><\/td>\r\n  <td class=xl6518624 width=284 style='border-left:none;width:213pt'>Costo, en\r\n  su caso, especificar que es gratuito<\/td>\r\n  <td class=xl6518624 width=843 style='border-left:none;width:632pt'>Fundamento\r\n  jur\u00eddico-administrativo del tr\u00e1mite<\/td>\r\n  <td class=xl6518624 width=791 style='border-left:none;width:593pt'>Derechos\r\n  del usuario<\/td>\r\n  <td class=xl6518624 width=322 style='border-left:none;width:242pt'>Lugares\r\n  para reportar presuntas anomal\u00edas<span style='mso-spacerun:yes'>\u00a0<\/span><\/td>\r\n  <td class=xl6518624 width=397 style='border-left:none;width:298pt'>Hiperv\u00ednculo\r\n  informaci\u00f3n adicional del tr\u00e1mite<\/td>\r\n  <td class=xl6518624 width=512 style='border-left:none;width:384pt'>\u00c1rea(s)\r\n  responsable(s) que genera(n), posee(n), publica(n) y actualizan la\r\n  informaci\u00f3n<\/td>\r\n  <td class=xl6518624 width=123 style='border-left:none;width:92pt'>Fecha de\r\n  validaci\u00f3n<\/td>\r\n  <td class=xl6518624 width=151 style='border-left:none;width:113pt'>Fecha de\r\n  actualizaci\u00f3n<\/td>\r\n <\/tr>\r\n <tr class=xl6818624 height=60 style='height:45.0pt'>\r\n  <td height=60 class=xl6918624 width=56 style='height:45.0pt;border-top:none;\r\n  width:42pt'>2018<\/td>\r\n  <td class=xl7018624 width=255 style='border-top:none;border-left:none;\r\n  width:191pt'>01\/01\/2018<\/td>\r\n  <td class=xl7018624 width=270 style='border-top:none;border-left:none;\r\n  width:203pt'>31\/03\/2018<\/td>\r\n  <td class=xl6918624 width=159 style='border-top:none;border-left:none;\r\n  width:119pt'>solicitud<\/td>\r\n  <td class=xl6918624 width=229 style='border-top:none;border-left:none;\r\n  width:172pt'>Poblaci\u00f3n en general<span style='mso-spacerun:yes'>\u00a0<\/span><\/td>\r\n  <td class=xl6918624 width=404 style='border-top:none;border-left:none;\r\n  width:303pt'>Dar cumplimiento a lo dispuesto en el articulo 6\u00b0 constitucional\r\n  y los emanados de las leyes General y estatal de Transparencia y Acceso a la\r\n  informaci\u00f3n P\u00fablica<\/td>\r\n  <td class=xl6918624 width=294 style='border-top:none;border-left:none;\r\n  width:221pt'>presencial y\/o no presencial<\/td>\r\n  <td class=xl6918624 width=373 style='border-top:none;border-left:none;\r\n  width:280pt'>solicitud elaborada<\/td>\r\n  <td class=xl6918624 width=248 style='border-top:none;border-left:none;\r\n  width:186pt'>no tiene vigencia<\/td>\r\n  <td class=xl6918624 width=373 style='border-top:none;border-left:none;\r\n  width:280pt'>Unidad de transparencia<span style='mso-spacerun:yes'>\u00a0<\/span><\/td>\r\n  <td class=xl6918624 width=284 style='border-top:none;border-left:none;\r\n  width:213pt'>0<\/td>\r\n  <td class=xl6918624 width=843 style='border-top:none;border-left:none;\r\n  width:632pt'>art\u00edculo 41 Fracci\u00f3n II de la Ley de Transparencia y Acceso a la\r\n  Informaci\u00f3n P\u00fablica para el Estado de Hidalgo.<\/td>\r\n  <td class=xl6918624 width=791 style='border-top:none;border-left:none;\r\n  width:593pt'>Contemplado en el articulo 140 de la Ley de Transparencia y\r\n  Acceso a la Informaci\u00f3n P\u00fablica para el Estado de Hidalgo.<\/td>\r\n  <td class=xl6918624 width=322 style='border-top:none;border-left:none;\r\n  width:242pt'>contraloria@apan.gob.mx<\/td>\r\n  <td class=xl7118624 width=397 style='border-top:none;border-left:none;\r\n  width:298pt'><a href=\"http:\/\/itaih.org.mx\/A69\/XIX\/2017\/1107-Q8.pdf\">http:\/\/itaih.org.mx\/A69\/XIX\/2017\/1107-Q8.pdf<\/a><\/td>\r\n  <td class=xl6918624 width=512 style='border-top:none;border-left:none;\r\n  width:384pt'>Unidad de Transparencia del municipio de Apan, Hidalgo.<\/td>\r\n  <td class=xl7218624 width=123 style='border-top:none;border-left:none;\r\n  width:92pt'>01-abr-18<\/td>\r\n  <td class=xl7218624 width=151 style='border-top:none;border-left:none;\r\n  width:113pt'>01-ene-18<\/td>\r\n <\/tr>\r\n <tr class=xl6818624 height=60 style='height:45.0pt'>\r\n  <td height=60 class=xl6918624 width=56 style='height:45.0pt;border-top:none;\r\n  width:42pt'>2018<\/td>\r\n  <td class=xl7018624 width=255 style='border-top:none;border-left:none;\r\n  width:191pt'>01\/01\/2018<\/td>\r\n  <td class=xl7018624 width=270 style='border-top:none;border-left:none;\r\n  width:203pt'>31\/03\/2018<\/td>\r\n  <td class=xl6918624 width=159 style='border-top:none;border-left:none;\r\n  width:119pt'>solicitud<\/td>\r\n  <td class=xl6918624 width=229 style='border-top:none;border-left:none;\r\n  width:172pt'>Poblaci\u00f3n en general<span style='mso-spacerun:yes'>\u00a0<\/span><\/td>\r\n  <td class=xl6918624 width=404 style='border-top:none;border-left:none;\r\n  width:303pt'>Dar cumplimiento a lo dispuesto en la leyes General de\r\n  proteccion de datos personales en posesion de los sujetos obligados<\/td>\r\n  <td class=xl6918624 width=294 style='border-top:none;border-left:none;\r\n  width:221pt'>presencial y\/o no presencial<\/td>\r\n  <td class=xl6918624 width=373 style='border-top:none;border-left:none;\r\n  width:280pt'>solicitud elaborada<\/td>\r\n  <td class=xl6918624 width=248 style='border-top:none;border-left:none;\r\n  width:186pt'>no tiene vigencia<\/td>\r\n  <td class=xl6918624 width=373 style='border-top:none;border-left:none;\r\n  width:280pt'>Unidad de transparencia<span style='mso-spacerun:yes'>\u00a0<\/span><\/td>\r\n  <td class=xl6918624 width=284 style='border-top:none;border-left:none;\r\n  width:213pt'>0<\/td>\r\n  <td class=xl6918624 width=843 style='border-top:none;border-left:none;\r\n  width:632pt'>Art\u00edculos del<span style='mso-spacerun:yes'>\u00a0 <\/span>43 al 47 y\r\n  del 48 al 56 de lab LEY GENERAL DE PROTECCI\u00d3N DE DATOS PERSONALES EN POSESI\u00d3N\r\n  DE SUJETOS OBLIGADOS<\/td>\r\n  <td class=xl6918624 width=791 style='border-top:none;border-left:none;\r\n  width:593pt'>Contemplado en el articulo 43 y 94 de la Ley General de\r\n  Protecci\u00f3n de Datos Personales en Posesi\u00f3n de Sujetos Obligados.<\/td>\r\n  <td class=xl6918624 width=322 style='border-top:none;border-left:none;\r\n  width:242pt'>contraloria@apan.gob.mx<\/td>\r\n  <td class=xl7118624 width=397 style='border-top:none;border-left:none;\r\n  width:298pt'><a href=\"http:\/\/itaih.org.mx\/DERECHOS%20ARCO.pdf\">http:\/\/itaih.org.mx\/DERECHOS%20ARCO.pdf<\/a><\/td>\r\n  <td class=xl6918624 width=512 style='border-top:none;border-left:none;\r\n  width:384pt'>Unidad de Transparencia del municipio de Apan, Hidalgo.<\/td>\r\n  <td class=xl7218624 width=123 style='border-top:none;border-left:none;\r\n  width:92pt'>01-abr-18<\/td>\r\n  <td class=xl7218624 width=151 style='border-top:none;border-left:none;\r\n  width:113pt'>01-ene-18<\/td>\r\n <\/tr>\r\n <![if supportMisalignedColumns]>\r\n <tr height=0 style='display:none'>\r\n  <td width=56 style='width:42pt'><\/td>\r\n  <td width=255 style='width:191pt'><\/td>\r\n  <td width=270 style='width:203pt'><\/td>\r\n  <td width=159 style='width:119pt'><\/td>\r\n  <td width=229 style='width:172pt'><\/td>\r\n  <td width=404 style='width:303pt'><\/td>\r\n  <td width=294 style='width:221pt'><\/td>\r\n  <td width=373 style='width:280pt'><\/td>\r\n  <td width=248 style='width:186pt'><\/td>\r\n  <td width=373 style='width:280pt'><\/td>\r\n  <td width=284 style='width:213pt'><\/td>\r\n  <td width=843 style='width:632pt'><\/td>\r\n  <td width=791 style='width:593pt'><\/td>\r\n  <td width=322 style='width:242pt'><\/td>\r\n  <td width=397 style='width:298pt'><\/td>\r\n  <td width=512 style='width:384pt'><\/td>\r\n  <td width=123 style='width:92pt'><\/td>\r\n  <td width=151 style='width:113pt'><\/td>\r\n <\/tr>\r\n <![endif]>\r\n<\/table>\r\n\r\n<\/div>\t\t\t\t<\/div>\n\t\t\t\t<\/div>\n\t\t\t\t<div class=\"elementor-element elementor-element-xhrk004 elementor-widget elementor-widget-heading\" data-id=\"xhrk004\" data-element_type=\"widget\" data-e-type=\"widget\" data-widget_type=\"heading.default\">\n\t\t\t\t<div class=\"elementor-widget-container\">\n\t\t\t\t\t<h2 class=\"elementor-heading-title elementor-size-small\">Fecha en que se subi\u00f3 la informaci\u00f3n: 25-abril-18<\/h2>\t\t\t\t<\/div>\n\t\t\t\t<\/div>\n\t\t\t\t\t<\/div>\n\t\t<\/div>\n\t\t\t\t\t<\/div>\n\t\t<\/section>\n\t\t\t\t<\/div>\n\t\t","protected":false},"excerpt":{"rendered":"<p>Fracci\u00f3n XX Transparencia 44251 T\u00cdTULO NOMBRE CORTO DESCRIPCI\u00d3N Tr\u00e1mites ofrecidos a69_f20 La informaci\u00f3n relacionada con las tareas administrativas que realizan los sujetos obligados en sus diferentes \u00e1mbitos con el objeto de atender las peticiones que realicen los particulares ya sea para la obtenci\u00f3n de un beneficio, o cumplir con alguna obligaci\u00f3n ante una autoridad, de [&hellip;]<\/p>\n","protected":false},"author":1,"featured_media":0,"parent":0,"menu_order":0,"comment_status":"closed","ping_status":"closed","template":"page-template-full.php","meta":{"footnotes":""},"class_list":["post-2024","page","type-page","status-publish","hentry"],"jetpack_sharing_enabled":true,"_links":{"self":[{"href":"https:\/\/apan.gob.mx\/portal\/wp-json\/wp\/v2\/pages\/2024","targetHints":{"allow":["GET"]}}],"collection":[{"href":"https:\/\/apan.gob.mx\/portal\/wp-json\/wp\/v2\/pages"}],"about":[{"href":"https:\/\/apan.gob.mx\/portal\/wp-json\/wp\/v2\/types\/page"}],"author":[{"embeddable":true,"href":"https:\/\/apan.gob.mx\/portal\/wp-json\/wp\/v2\/users\/1"}],"replies":[{"embeddable":true,"href":"https:\/\/apan.gob.mx\/portal\/wp-json\/wp\/v2\/comments?post=2024"}],"version-history":[{"count":2,"href":"https:\/\/apan.gob.mx\/portal\/wp-json\/wp\/v2\/pages\/2024\/revisions"}],"predecessor-version":[{"id":2026,"href":"https:\/\/apan.gob.mx\/portal\/wp-json\/wp\/v2\/pages\/2024\/revisions\/2026"}],"wp:attachment":[{"href":"https:\/\/apan.gob.mx\/portal\/wp-json\/wp\/v2\/media?parent=2024"}],"curies":[{"name":"wp","href":"https:\/\/api.w.org\/{rel}","templated":true}]}}