{"id":2143,"date":"2018-04-28T08:38:57","date_gmt":"2018-04-28T08:38:57","guid":{"rendered":"https:\/\/apan.gob.mx\/portal\/?page_id=2143"},"modified":"2018-04-28T08:43:52","modified_gmt":"2018-04-28T08:43:52","slug":"catastro_20_2018_1","status":"publish","type":"page","link":"https:\/\/apan.gob.mx\/portal\/catastro_20_2018_1\/","title":{"rendered":"<!--catastro_20_2018_1-->"},"content":{"rendered":"\t\t<div data-elementor-type=\"wp-page\" data-elementor-id=\"2143\" class=\"elementor elementor-2143 elementor-bc-flex-widget\">\n\t\t\t\t\t\t<section class=\"has_ae_slider elementor-section elementor-top-section elementor-element elementor-element-mnqptzu elementor-section-boxed elementor-section-height-default elementor-section-height-default ae-bg-gallery-type-default\" data-id=\"mnqptzu\" data-element_type=\"section\" data-e-type=\"section\">\n\t\t\t\t\t\t<div class=\"elementor-container elementor-column-gap-default\">\n\t\t\t\t\t<div class=\"has_ae_slider elementor-column elementor-col-100 elementor-top-column elementor-element elementor-element-jrsodox ae-bg-gallery-type-default\" data-id=\"jrsodox\" data-element_type=\"column\" data-e-type=\"column\">\n\t\t\t<div class=\"elementor-widget-wrap elementor-element-populated\">\n\t\t\t\t\t\t<div class=\"elementor-element elementor-element-xhennzr elementor-widget elementor-widget-heading\" data-id=\"xhennzr\" data-element_type=\"widget\" data-e-type=\"widget\" data-widget_type=\"heading.default\">\n\t\t\t\t<div class=\"elementor-widget-container\">\n\t\t\t\t\t<h2 class=\"elementor-heading-title elementor-size-medium\">Fracci\u00f3n XX<\/h2>\t\t\t\t<\/div>\n\t\t\t\t<\/div>\n\t\t\t\t<div class=\"elementor-element elementor-element-uzm4wfu elementor-widget elementor-widget-html\" data-id=\"uzm4wfu\" data-element_type=\"widget\" data-e-type=\"widget\" data-widget_type=\"html.default\">\n\t\t\t\t<div class=\"elementor-widget-container\">\n\t\t\t\t\t<style id=\"a69_f20 (5)_31346_Styles\"><!--table\r\n\t{mso-displayed-decimal-separator:\"\\.\";\r\n\tmso-displayed-thousand-separator:\"\\,\";}\r\n.xl1531346\r\n\t{padding-top:1px;\r\n\tpadding-right:1px;\r\n\tpadding-left:1px;\r\n\tmso-ignore:padding;\r\n\tcolor:black;\r\n\tfont-size:11.0pt;\r\n\tfont-weight:400;\r\n\tfont-style:normal;\r\n\ttext-decoration:none;\r\n\tfont-family:Calibri, sans-serif;\r\n\tmso-font-charset:0;\r\n\tmso-number-format:General;\r\n\ttext-align:general;\r\n\tvertical-align:bottom;\r\n\tmso-background-source:auto;\r\n\tmso-pattern:auto;\r\n\twhite-space:nowrap;}\r\n.xl6531346\r\n\t{padding-top:1px;\r\n\tpadding-right:1px;\r\n\tpadding-left:1px;\r\n\tmso-ignore:padding;\r\n\tcolor:black;\r\n\tfont-size:11.0pt;\r\n\tfont-weight:400;\r\n\tfont-style:normal;\r\n\ttext-decoration:none;\r\n\tfont-family:Calibri, sans-serif;\r\n\tmso-font-charset:0;\r\n\tmso-number-format:General;\r\n\ttext-align:general;\r\n\tvertical-align:bottom;\r\n\tmso-background-source:auto;\r\n\tmso-pattern:auto;\r\n\twhite-space:normal;}\r\n.xl6631346\r\n\t{padding-top:1px;\r\n\tpadding-right:1px;\r\n\tpadding-left:1px;\r\n\tmso-ignore:padding;\r\n\tcolor:white;\r\n\tfont-size:11.0pt;\r\n\tfont-weight:700;\r\n\tfont-style:normal;\r\n\ttext-decoration:none;\r\n\tfont-family:Arial, sans-serif;\r\n\tmso-font-charset:0;\r\n\tmso-number-format:General;\r\n\ttext-align:center;\r\n\tvertical-align:middle;\r\n\tborder:.5pt solid windowtext;\r\n\tbackground:#333333;\r\n\tmso-pattern:black none;\r\n\twhite-space:normal;}\r\n.xl6731346\r\n\t{padding-top:1px;\r\n\tpadding-right:1px;\r\n\tpadding-left:1px;\r\n\tmso-ignore:padding;\r\n\tcolor:black;\r\n\tfont-size:10.0pt;\r\n\tfont-weight:400;\r\n\tfont-style:normal;\r\n\ttext-decoration:none;\r\n\tfont-family:Arial, sans-serif;\r\n\tmso-font-charset:0;\r\n\tmso-number-format:General;\r\n\ttext-align:center;\r\n\tvertical-align:middle;\r\n\tborder:.5pt solid windowtext;\r\n\tbackground:#E1E1E1;\r\n\tmso-pattern:black none;\r\n\twhite-space:normal;}\r\n.xl6831346\r\n\t{padding-top:1px;\r\n\tpadding-right:1px;\r\n\tpadding-left:1px;\r\n\tmso-ignore:padding;\r\n\tcolor:black;\r\n\tfont-size:11.0pt;\r\n\tfont-weight:400;\r\n\tfont-style:normal;\r\n\ttext-decoration:none;\r\n\tfont-family:Calibri, sans-serif;\r\n\tmso-font-charset:0;\r\n\tmso-number-format:General;\r\n\ttext-align:center;\r\n\tvertical-align:middle;\r\n\tmso-background-source:auto;\r\n\tmso-pattern:auto;\r\n\twhite-space:nowrap;}\r\n.xl6931346\r\n\t{padding-top:1px;\r\n\tpadding-right:1px;\r\n\tpadding-left:1px;\r\n\tmso-ignore:padding;\r\n\tcolor:black;\r\n\tfont-size:11.0pt;\r\n\tfont-weight:400;\r\n\tfont-style:normal;\r\n\ttext-decoration:none;\r\n\tfont-family:Calibri, sans-serif;\r\n\tmso-font-charset:0;\r\n\tmso-number-format:General;\r\n\ttext-align:center;\r\n\tvertical-align:middle;\r\n\tmso-background-source:auto;\r\n\tmso-pattern:auto;\r\n\twhite-space:normal;}\r\n.xl7031346\r\n\t{padding-top:1px;\r\n\tpadding-right:1px;\r\n\tpadding-left:1px;\r\n\tmso-ignore:padding;\r\n\tcolor:black;\r\n\tfont-size:10.0pt;\r\n\tfont-weight:400;\r\n\tfont-style:normal;\r\n\ttext-decoration:none;\r\n\tfont-family:Arial, sans-serif;\r\n\tmso-font-charset:0;\r\n\tmso-number-format:General;\r\n\ttext-align:center;\r\n\tvertical-align:middle;\r\n\tborder:.5pt solid windowtext;\r\n\tbackground:#E1E1E1;\r\n\tmso-pattern:black none;\r\n\twhite-space:nowrap;}\r\n.xl7131346\r\n\t{padding-top:1px;\r\n\tpadding-right:1px;\r\n\tpadding-left:1px;\r\n\tmso-ignore:padding;\r\n\tcolor:black;\r\n\tfont-size:11.0pt;\r\n\tfont-weight:400;\r\n\tfont-style:normal;\r\n\ttext-decoration:none;\r\n\tfont-family:Calibri, sans-serif;\r\n\tmso-font-charset:0;\r\n\tmso-number-format:General;\r\n\ttext-align:center;\r\n\tvertical-align:middle;\r\n\tborder:.5pt solid windowtext;\r\n\tbackground:white;\r\n\tmso-pattern:black none;\r\n\twhite-space:nowrap;}\r\n.xl7231346\r\n\t{padding-top:1px;\r\n\tpadding-right:1px;\r\n\tpadding-left:1px;\r\n\tmso-ignore:padding;\r\n\tcolor:black;\r\n\tfont-size:11.0pt;\r\n\tfont-weight:400;\r\n\tfont-style:normal;\r\n\ttext-decoration:none;\r\n\tfont-family:Calibri, sans-serif;\r\n\tmso-font-charset:0;\r\n\tmso-number-format:\"Medium Date\";\r\n\ttext-align:center;\r\n\tvertical-align:middle;\r\n\tborder:.5pt solid windowtext;\r\n\tbackground:white;\r\n\tmso-pattern:black none;\r\n\twhite-space:nowrap;}\r\n.xl7331346\r\n\t{padding-top:1px;\r\n\tpadding-right:1px;\r\n\tpadding-left:1px;\r\n\tmso-ignore:padding;\r\n\tcolor:black;\r\n\tfont-size:11.0pt;\r\n\tfont-weight:400;\r\n\tfont-style:normal;\r\n\ttext-decoration:none;\r\n\tfont-family:Calibri, sans-serif;\r\n\tmso-font-charset:0;\r\n\tmso-number-format:General;\r\n\ttext-align:center;\r\n\tvertical-align:middle;\r\n\tborder:.5pt solid windowtext;\r\n\tbackground:white;\r\n\tmso-pattern:black none;\r\n\twhite-space:normal;}\r\n.xl7431346\r\n\t{padding-top:1px;\r\n\tpadding-right:1px;\r\n\tpadding-left:1px;\r\n\tmso-ignore:padding;\r\n\tcolor:#0563C1;\r\n\tfont-size:11.0pt;\r\n\tfont-weight:400;\r\n\tfont-style:normal;\r\n\ttext-decoration:underline;\r\n\ttext-underline-style:single;\r\n\tfont-family:Calibri, sans-serif;\r\n\tmso-font-charset:0;\r\n\tmso-number-format:General;\r\n\ttext-align:center;\r\n\tvertical-align:middle;\r\n\tborder:.5pt solid windowtext;\r\n\tbackground:white;\r\n\tmso-pattern:black none;\r\n\twhite-space:nowrap;}\r\n--><\/style>\r\n<\/head>\r\n\r\n<body>\r\n<!--[if !excel]>&nbsp;&nbsp;<![endif]-->\r\n<!--La siguiente informaci\u00f3n se gener\u00f3 mediante el Asistente para publicar como\r\np\u00e1gina web de Microsoft Excel.-->\r\n<!--Si se vuelve a publicar el mismo elemento desde Excel, se reemplazar\u00e1 toda\r\nla informaci\u00f3n comprendida entre las etiquetas DIV.-->\r\n<!----------------------------->\r\n<!--INICIO DE LOS RESULTADOS DEL ASISTENTE PARA PUBLICAR COMO P\u00c1GINA WEB DE\r\nEXCEL -->\r\n<!----------------------------->\r\n\r\n<div id=\"a69_f20 (5)_31346\" align=center x:publishsource=\"Excel\">\r\n\r\n<table border=0 cellpadding=0 cellspacing=0 width=8287 style='border-collapse:\r\n collapse;table-layout:fixed;width:6218pt'>\r\n <col width=56 style='mso-width-source:userset;mso-width-alt:2048;width:42pt'>\r\n <col width=255 style='mso-width-source:userset;mso-width-alt:9325;width:191pt'>\r\n <col width=270 style='mso-width-source:userset;mso-width-alt:9874;width:203pt'>\r\n <col width=188 style='mso-width-source:userset;mso-width-alt:6875;width:141pt'>\r\n <col width=210 style='mso-width-source:userset;mso-width-alt:7680;width:158pt'>\r\n <col class=xl6531346 width=215 style='mso-width-source:userset;mso-width-alt:\r\n 7862;width:161pt'>\r\n <col width=135 style='mso-width-source:userset;mso-width-alt:4937;width:101pt'>\r\n <col width=709 style='mso-width-source:userset;mso-width-alt:25929;width:532pt'>\r\n <col width=180 style='mso-width-source:userset;mso-width-alt:6582;width:135pt'>\r\n <col width=725 style='mso-width-source:userset;mso-width-alt:26514;width:544pt'>\r\n <col width=304 style='mso-width-source:userset;mso-width-alt:11117;width:228pt'>\r\n <col width=228 style='mso-width-source:userset;mso-width-alt:8338;width:171pt'>\r\n <col width=373 style='mso-width-source:userset;mso-width-alt:13641;width:280pt'>\r\n <col width=293 style='mso-width-source:userset;mso-width-alt:10715;width:220pt'>\r\n <col class=xl6531346 width=368 style='mso-width-source:userset;mso-width-alt:\r\n 13458;width:276pt'>\r\n <col width=191 style='mso-width-source:userset;mso-width-alt:6985;width:143pt'>\r\n <col width=225 style='mso-width-source:userset;mso-width-alt:8228;width:169pt'>\r\n <col width=278 style='mso-width-source:userset;mso-width-alt:10166;width:209pt'>\r\n <col width=248 style='mso-width-source:userset;mso-width-alt:9069;width:186pt'>\r\n <col width=310 style='mso-width-source:userset;mso-width-alt:11337;width:233pt'>\r\n <col width=720 style='mso-width-source:userset;mso-width-alt:26331;width:540pt'>\r\n <col width=713 style='mso-width-source:userset;mso-width-alt:26075;width:535pt'>\r\n <col width=374 style='mso-width-source:userset;mso-width-alt:13677;width:281pt'>\r\n <col width=123 style='mso-width-source:userset;mso-width-alt:4498;width:92pt'>\r\n <col width=140 style='mso-width-source:userset;mso-width-alt:5120;width:105pt'>\r\n <col class=xl6531346 width=456 style='mso-width-source:userset;mso-width-alt:\r\n 16676;width:342pt'>\r\n <tr height=0 style='display:none'>\r\n  <td class=xl6831346 width=56 style='width:42pt'>44251<\/td>\r\n  <td class=xl6831346 width=255 style='width:191pt'><\/td>\r\n  <td class=xl6831346 width=270 style='width:203pt'><\/td>\r\n  <td class=xl6831346 width=188 style='width:141pt'><\/td>\r\n  <td class=xl6831346 width=210 style='width:158pt'><\/td>\r\n  <td class=xl6931346 width=215 style='width:161pt'><\/td>\r\n  <td class=xl6831346 width=135 style='width:101pt'><\/td>\r\n  <td class=xl6831346 width=709 style='width:532pt'><\/td>\r\n  <td class=xl6831346 width=180 style='width:135pt'><\/td>\r\n  <td class=xl6831346 width=725 style='width:544pt'><\/td>\r\n  <td class=xl6831346 width=304 style='width:228pt'><\/td>\r\n  <td class=xl6831346 width=228 style='width:171pt'><\/td>\r\n  <td class=xl6831346 width=373 style='width:280pt'><\/td>\r\n  <td class=xl6831346 width=293 style='width:220pt'><\/td>\r\n  <td class=xl6931346 width=368 style='width:276pt'><\/td>\r\n  <td class=xl6831346 width=191 style='width:143pt'><\/td>\r\n  <td class=xl6831346 width=225 style='width:169pt'><\/td>\r\n  <td class=xl6831346 width=278 style='width:209pt'><\/td>\r\n  <td class=xl6831346 width=248 style='width:186pt'><\/td>\r\n  <td class=xl6831346 width=310 style='width:233pt'><\/td>\r\n  <td class=xl6831346 width=720 style='width:540pt'><\/td>\r\n  <td class=xl6831346 width=713 style='width:535pt'><\/td>\r\n  <td class=xl6831346 width=374 style='width:281pt'><\/td>\r\n  <td class=xl6831346 width=123 style='width:92pt'><\/td>\r\n  <td class=xl6831346 width=140 style='width:105pt'><\/td>\r\n  <td class=xl6931346 width=456 style='width:342pt'><\/td>\r\n <\/tr>\r\n <tr height=20 style='height:15.0pt'>\r\n  <td colspan=3 height=20 class=xl6631346 width=581 style='height:15.0pt;\r\n  width:436pt'>T\u00cdTULO<\/td>\r\n  <td colspan=3 class=xl6631346 width=613 style='width:460pt'>NOMBRE CORTO<\/td>\r\n  <td colspan=3 class=xl6631346 width=1024 style='width:768pt'>DESCRIPCI\u00d3N<\/td>\r\n  <td class=xl6831346><\/td>\r\n  <td class=xl6831346><\/td>\r\n  <td class=xl6831346><\/td>\r\n  <td class=xl6831346><\/td>\r\n  <td class=xl6831346><\/td>\r\n  <td class=xl6931346 width=368 style='width:276pt'><\/td>\r\n  <td class=xl6831346><\/td>\r\n  <td class=xl6831346><\/td>\r\n  <td class=xl6831346><\/td>\r\n  <td class=xl6831346><\/td>\r\n  <td class=xl6831346><\/td>\r\n  <td class=xl6831346><\/td>\r\n  <td class=xl6831346><\/td>\r\n  <td class=xl6831346><\/td>\r\n  <td class=xl6831346><\/td>\r\n  <td class=xl6831346><\/td>\r\n  <td class=xl6931346 width=456 style='width:342pt'><\/td>\r\n <\/tr>\r\n <tr height=90 style='mso-height-source:userset;height:67.5pt'>\r\n  <td colspan=3 height=90 class=xl7031346 style='height:67.5pt'>Tr\u00e1mites\r\n  ofrecidos<\/td>\r\n  <td colspan=3 class=xl7031346>a69_f20<\/td>\r\n  <td colspan=3 class=xl6731346 width=1024 style='width:768pt'>La informaci\u00f3n\r\n  relacionada con las tareas administrativas que realizan los sujetos obligados\r\n  en sus diferentes \u00e1mbitos con el objeto de atender las peticiones que\r\n  realicen los particulares ya sea para la obtenci\u00f3n de un beneficio, o cumplir\r\n  con alguna obligaci\u00f3n ante una autoridad, de conformidad con la normatividad\r\n  respecto de los tr\u00e1mites que realizan. Generalmente \u00e9stos implican la entrega\r\n  de informaci\u00f3n ante una autoridad por parte de los particulares.<\/td>\r\n  <td class=xl6831346><\/td>\r\n  <td class=xl6831346><\/td>\r\n  <td class=xl6831346><\/td>\r\n  <td class=xl6831346><\/td>\r\n  <td class=xl6831346><\/td>\r\n  <td class=xl6931346 width=368 style='width:276pt'><\/td>\r\n  <td class=xl6831346><\/td>\r\n  <td class=xl6831346><\/td>\r\n  <td class=xl6831346><\/td>\r\n  <td class=xl6831346><\/td>\r\n  <td class=xl6831346><\/td>\r\n  <td class=xl6831346><\/td>\r\n  <td class=xl6831346><\/td>\r\n  <td class=xl6831346><\/td>\r\n  <td class=xl6831346><\/td>\r\n  <td class=xl6831346><\/td>\r\n  <td class=xl6931346 width=456 style='width:342pt'><\/td>\r\n <\/tr>\r\n <tr height=0 style='display:none'>\r\n  <td class=xl6831346>1<\/td>\r\n  <td class=xl6831346>4<\/td>\r\n  <td class=xl6831346>4<\/td>\r\n  <td class=xl6831346>2<\/td>\r\n  <td class=xl6831346>2<\/td>\r\n  <td class=xl6931346 width=215 style='width:161pt'>2<\/td>\r\n  <td class=xl6831346>1<\/td>\r\n  <td class=xl6831346>7<\/td>\r\n  <td class=xl6831346>2<\/td>\r\n  <td class=xl6831346>7<\/td>\r\n  <td class=xl6831346>1<\/td>\r\n  <td class=xl6831346>1<\/td>\r\n  <td class=xl6831346>10<\/td>\r\n  <td class=xl6831346>6<\/td>\r\n  <td class=xl6931346 width=368 style='width:276pt'>2<\/td>\r\n  <td class=xl6831346>10<\/td>\r\n  <td class=xl6831346>2<\/td>\r\n  <td class=xl6831346>2<\/td>\r\n  <td class=xl6831346>10<\/td>\r\n  <td class=xl6831346>2<\/td>\r\n  <td class=xl6831346>7<\/td>\r\n  <td class=xl6831346>7<\/td>\r\n  <td class=xl6831346>2<\/td>\r\n  <td class=xl6831346>4<\/td>\r\n  <td class=xl6831346>13<\/td>\r\n  <td class=xl6931346 width=456 style='width:342pt'>14<\/td>\r\n <\/tr>\r\n <tr height=0 style='display:none'>\r\n  <td class=xl6831346>350731<\/td>\r\n  <td class=xl6831346>350733<\/td>\r\n  <td class=xl6831346>350732<\/td>\r\n  <td class=xl6831346>350716<\/td>\r\n  <td class=xl6831346>350744<\/td>\r\n  <td class=xl6931346 width=215 style='width:161pt'>350717<\/td>\r\n  <td class=xl6831346>350715<\/td>\r\n  <td class=xl6831346>350734<\/td>\r\n  <td class=xl6831346>350745<\/td>\r\n  <td class=xl6831346>350738<\/td>\r\n  <td class=xl6831346>350735<\/td>\r\n  <td class=xl6831346>350714<\/td>\r\n  <td class=xl6831346>350724<\/td>\r\n  <td class=xl6831346>350721<\/td>\r\n  <td class=xl6931346 width=368 style='width:276pt'>350719<\/td>\r\n  <td class=xl6831346>350726<\/td>\r\n  <td class=xl6831346>350718<\/td>\r\n  <td class=xl6831346>350741<\/td>\r\n  <td class=xl6831346>350725<\/td>\r\n  <td class=xl6831346>350743<\/td>\r\n  <td class=xl6831346>350722<\/td>\r\n  <td class=xl6831346>350723<\/td>\r\n  <td class=xl6831346>350737<\/td>\r\n  <td class=xl6831346>350720<\/td>\r\n  <td class=xl6831346>350730<\/td>\r\n  <td class=xl6931346 width=456 style='width:342pt'>350736<\/td>\r\n <\/tr>\r\n <tr height=20 style='height:15.0pt'>\r\n  <td colspan=26 height=20 class=xl6631346 width=8287 style='height:15.0pt;\r\n  width:6218pt'>Tabla Campos<\/td>\r\n <\/tr>\r\n <tr height=34 style='height:25.5pt'>\r\n  <td height=34 class=xl6731346 width=56 style='height:25.5pt;width:42pt'>Ejercicio<\/td>\r\n  <td class=xl6731346 width=255 style='border-left:none;width:191pt'>Fecha de\r\n  inicio del periodo que se informa<\/td>\r\n  <td class=xl6731346 width=270 style='border-left:none;width:203pt'>Fecha de\r\n  t\u00e9rmino del periodo que se informa<\/td>\r\n  <td class=xl6731346 width=188 style='border-left:none;width:141pt'>Denominaci\u00f3n\r\n  del tr\u00e1mite<\/td>\r\n  <td class=xl6731346 width=210 style='border-left:none;width:158pt'>Tipo de\r\n  usuario y\/o poblaci\u00f3n objetivo<\/td>\r\n  <td class=xl6731346 width=215 style='border-left:none;width:161pt'>Descripci\u00f3n\r\n  del objetivo del tr\u00e1mite<\/td>\r\n  <td class=xl6731346 width=135 style='border-left:none;width:101pt'>Modalidad\r\n  del tr\u00e1mite<\/td>\r\n  <td class=xl6731346 width=709 style='border-left:none;width:532pt'>Hiperv\u00ednculo\r\n  a los requisitos para llevar a cabo el tr\u00e1mite<\/td>\r\n  <td class=xl6731346 width=180 style='border-left:none;width:135pt'>Documentos\r\n  requeridos<\/td>\r\n  <td class=xl6731346 width=725 style='border-left:none;width:544pt'>Hiperv\u00ednculo\r\n  al\/los formatos respectivos<\/td>\r\n  <td class=xl6731346 width=304 style='border-left:none;width:228pt'>Tiempo de\r\n  respuesta por parte del sujeto Obligado<\/td>\r\n  <td class=xl6731346 width=228 style='border-left:none;width:171pt'>Vigencia\r\n  de los resultados del tr\u00e1mite<\/td>\r\n  <td class=xl6731346 width=373 style='border-left:none;width:280pt'>\u00c1rea y\r\n  datos de contacto del lugar donde se realiza el tr\u00e1mite<\/td>\r\n  <td class=xl6731346 width=293 style='border-left:none;width:220pt'>Costo, en\r\n  su caso, especificar que es gratuito<\/td>\r\n  <td class=xl6731346 width=368 style='border-left:none;width:276pt'>Sustento\r\n  legal para su cobro<\/td>\r\n  <td class=xl6731346 width=191 style='border-left:none;width:143pt'>Lugares\r\n  donde se efect\u00faa el pago<\/td>\r\n  <td class=xl6731346 width=225 style='border-left:none;width:169pt'>Fundamento\r\n  jur\u00eddico-administrativo del tr\u00e1mite<\/td>\r\n  <td class=xl6731346 width=278 style='border-left:none;width:209pt'>Derechos\r\n  del usuario<\/td>\r\n  <td class=xl6731346 width=248 style='border-left:none;width:186pt'>Lugares\r\n  para reportar presuntas anomal\u00edas<\/td>\r\n  <td class=xl6731346 width=310 style='border-left:none;width:233pt'>Otros\r\n  datos, en su caso, para el env\u00edo de consultas, documentos y quejas<\/td>\r\n  <td class=xl6731346 width=720 style='border-left:none;width:540pt'>Hiperv\u00ednculo\r\n  informaci\u00f3n adicional del tr\u00e1mite<\/td>\r\n  <td class=xl6731346 width=713 style='border-left:none;width:535pt'>Hiperv\u00ednculo\r\n  al sistema correspondiente<\/td>\r\n  <td class=xl6731346 width=374 style='border-left:none;width:281pt'>\u00c1rea(s)\r\n  responsable(s) que genera(n), posee(n), publica(n) y actualizan la\r\n  informaci\u00f3n<\/td>\r\n  <td class=xl6731346 width=123 style='border-left:none;width:92pt'>Fecha de\r\n  validaci\u00f3n<\/td>\r\n  <td class=xl6731346 width=140 style='border-left:none;width:105pt'>Fecha de\r\n  actualizaci\u00f3n<\/td>\r\n  <td class=xl6731346 width=456 style='border-left:none;width:342pt'>Nota<\/td>\r\n <\/tr>\r\n <tr height=80 style='height:60.0pt'>\r\n  <td height=80 class=xl7131346 style='height:60.0pt;border-top:none'>2018<\/td>\r\n  <td class=xl7231346 style='border-top:none;border-left:none'>01-ene-18<\/td>\r\n  <td class=xl7231346 style='border-top:none;border-left:none'>31-mar-18<\/td>\r\n  <td class=xl7131346 style='border-top:none;border-left:none'>Cobro de\r\n  impuesto predial<\/td>\r\n  <td class=xl7131346 style='border-top:none;border-left:none'>Cidadania en\r\n  general<\/td>\r\n  <td class=xl7331346 width=215 style='border-top:none;border-left:none;\r\n  width:161pt'>Mejores Servicios Publicos para el ayuntamiento<span\r\n  style='mso-spacerun:yes'>\u00a0<\/span><\/td>\r\n  <td class=xl7131346 style='border-top:none;border-left:none'>Presencial<\/td>\r\n  <td class=xl7431346 style='border-top:none;border-left:none'><a\r\n  href=\"https:\/\/www.apan.gob.mx\/descargables\/transparencia\/articulo69\/fraccion20\/2018_1\/catastro\/FrXXa1_1.pdf\">https:\/\/www.apan.gob.mx\/descargables\/transparencia\/articulo69\/fraccion20\/2018_1\/catastro\/FrXXa1_1.pdf<\/a><\/td>\r\n  <td class=xl7131346 style='border-top:none;border-left:none'>Tarjeta Predial\r\n  y Escritura<\/td>\r\n  <td class=xl7431346 style='border-top:none;border-left:none'><a\r\n  href=\"https:\/\/www.apan.gob.mx\/descargables\/transparencia\/articulo69\/fraccion20\/2018_1\/catastro\/FrXXa1_2.pdf\">https:\/\/www.apan.gob.mx\/descargables\/transparencia\/articulo69\/fraccion20\/2018_1\/catastro\/FrXXa1_2.pdf<\/a><\/td>\r\n  <td class=xl7131346 style='border-top:none;border-left:none'>Inmediato<\/td>\r\n  <td class=xl7131346 style='border-top:none;border-left:none'>Inmediato<\/td>\r\n  <td class=xl7131346 style='border-top:none;border-left:none'>Catastro<\/td>\r\n  <td class=xl7131346 style='border-top:none;border-left:none'>&nbsp;<\/td>\r\n  <td class=xl7331346 width=368 style='border-top:none;border-left:none;\r\n  width:276pt'>Ley de ingresos correspondiente al ejercicio fiscal 2018\r\n  dispuesto por los Art.28 al 40 de la Ley de hacienda para los municipios del\r\n  Estado de Hidalgo.<\/td>\r\n  <td class=xl7131346 style='border-top:none;border-left:none'>Palacio\r\n  Municipal<\/td>\r\n  <td class=xl7131346 style='border-top:none;border-left:none'>Procuraduria\r\n  Fiscal del Estado<\/td>\r\n  <td class=xl7131346 style='border-top:none;border-left:none'>Quejas en\r\n  Oficina de la Tesorer\u00eda Municipal<\/td>\r\n  <td class=xl7431346 style='border-top:none;border-left:none'><a\r\n  href=\"mailto:catastroapan@gmail.com\">catastroapan@gmail.com<\/a><\/td>\r\n  <td class=xl7431346 style='border-top:none;border-left:none'><a\r\n  href=\"mailto:catastroapan@gmail.com\">catastroapan@gmail.com<\/a><\/td>\r\n  <td class=xl7431346 style='border-top:none;border-left:none'><a\r\n  href=\"https:\/\/www.apan.gob.mx\/descargables\/transparencia\/articulo69\/fraccion20\/2018_1\/catastro\/FrXXa1_3.pdf\">https:\/\/www.apan.gob.mx\/descargables\/transparencia\/articulo69\/fraccion20\/2018_1\/catastro\/FrXXa1_3.pdf<\/a><\/td>\r\n  <td class=xl7431346 style='border-top:none;border-left:none'><a\r\n  href=\"https:\/\/www.apan.gob.mx\/descargables\/transparencia\/articulo69\/fraccion20\/2018_1\/catastro\/FrXXa1_4.pdf\">https:\/\/www.apan.gob.mx\/descargables\/transparencia\/articulo69\/fraccion20\/2018_1\/catastro\/FrXXa1_4.pdf<\/a><\/td>\r\n  <td class=xl7131346 style='border-top:none;border-left:none'>Catastro\r\n  Municipal<\/td>\r\n  <td class=xl7231346 style='border-top:none;border-left:none'>01-ene-18<\/td>\r\n  <td class=xl7231346 style='border-top:none;border-left:none'>01-abr-18<\/td>\r\n  <td class=xl7331346 width=456 style='border-top:none;border-left:none;\r\n  width:342pt'>Costo: 60% valor catastral x tasa anual 0.9 %. Enero con el 30%\r\n  de descuento, Febrero con el 20% de descuento, Marzo con el 10% de descuento,\r\n  con credencial de INAPAM-PENSIONADO-JUBILADO aplica el descuento del 50%<span\r\n  style='mso-spacerun:yes'>\u00a0<\/span><\/td>\r\n <\/tr>\r\n <![if supportMisalignedColumns]>\r\n <tr height=0 style='display:none'>\r\n  <td width=56 style='width:42pt'><\/td>\r\n  <td width=255 style='width:191pt'><\/td>\r\n  <td width=270 style='width:203pt'><\/td>\r\n  <td width=188 style='width:141pt'><\/td>\r\n  <td width=210 style='width:158pt'><\/td>\r\n  <td width=215 style='width:161pt'><\/td>\r\n  <td width=135 style='width:101pt'><\/td>\r\n  <td width=709 style='width:532pt'><\/td>\r\n  <td width=180 style='width:135pt'><\/td>\r\n  <td width=725 style='width:544pt'><\/td>\r\n  <td width=304 style='width:228pt'><\/td>\r\n  <td width=228 style='width:171pt'><\/td>\r\n  <td width=373 style='width:280pt'><\/td>\r\n  <td width=293 style='width:220pt'><\/td>\r\n  <td width=368 style='width:276pt'><\/td>\r\n  <td width=191 style='width:143pt'><\/td>\r\n  <td width=225 style='width:169pt'><\/td>\r\n  <td width=278 style='width:209pt'><\/td>\r\n  <td width=248 style='width:186pt'><\/td>\r\n  <td width=310 style='width:233pt'><\/td>\r\n  <td width=720 style='width:540pt'><\/td>\r\n  <td width=713 style='width:535pt'><\/td>\r\n  <td width=374 style='width:281pt'><\/td>\r\n  <td width=123 style='width:92pt'><\/td>\r\n  <td width=140 style='width:105pt'><\/td>\r\n  <td width=456 style='width:342pt'><\/td>\r\n <\/tr>\r\n <![endif]>\r\n<\/table>\r\n\r\n<\/div>\r\n\t\t\t\t<\/div>\n\t\t\t\t<\/div>\n\t\t\t\t<div class=\"elementor-element elementor-element-nvntwxz elementor-widget elementor-widget-heading\" data-id=\"nvntwxz\" data-element_type=\"widget\" data-e-type=\"widget\" data-widget_type=\"heading.default\">\n\t\t\t\t<div class=\"elementor-widget-container\">\n\t\t\t\t\t<h2 class=\"elementor-heading-title elementor-size-small\">Fecha en que se subi\u00f3 la informaci\u00f3n: 28-abril-18<\/h2>\t\t\t\t<\/div>\n\t\t\t\t<\/div>\n\t\t\t\t\t<\/div>\n\t\t<\/div>\n\t\t\t\t\t<\/div>\n\t\t<\/section>\n\t\t\t\t<\/div>\n\t\t","protected":false},"excerpt":{"rendered":"<p>Fracci\u00f3n XX 44251 T\u00cdTULO NOMBRE CORTO DESCRIPCI\u00d3N Tr\u00e1mites ofrecidos a69_f20 La informaci\u00f3n relacionada con las tareas administrativas que realizan los sujetos obligados en sus diferentes \u00e1mbitos con el objeto de atender las peticiones que realicen los particulares ya sea para la obtenci\u00f3n de un beneficio, o cumplir con alguna obligaci\u00f3n ante una autoridad, de conformidad [&hellip;]<\/p>\n","protected":false},"author":1,"featured_media":0,"parent":0,"menu_order":0,"comment_status":"closed","ping_status":"closed","template":"page-template-full.php","meta":{"footnotes":""},"class_list":["post-2143","page","type-page","status-publish","hentry"],"jetpack_sharing_enabled":true,"_links":{"self":[{"href":"https:\/\/apan.gob.mx\/portal\/wp-json\/wp\/v2\/pages\/2143","targetHints":{"allow":["GET"]}}],"collection":[{"href":"https:\/\/apan.gob.mx\/portal\/wp-json\/wp\/v2\/pages"}],"about":[{"href":"https:\/\/apan.gob.mx\/portal\/wp-json\/wp\/v2\/types\/page"}],"author":[{"embeddable":true,"href":"https:\/\/apan.gob.mx\/portal\/wp-json\/wp\/v2\/users\/1"}],"replies":[{"embeddable":true,"href":"https:\/\/apan.gob.mx\/portal\/wp-json\/wp\/v2\/comments?post=2143"}],"version-history":[{"count":3,"href":"https:\/\/apan.gob.mx\/portal\/wp-json\/wp\/v2\/pages\/2143\/revisions"}],"predecessor-version":[{"id":2147,"href":"https:\/\/apan.gob.mx\/portal\/wp-json\/wp\/v2\/pages\/2143\/revisions\/2147"}],"wp:attachment":[{"href":"https:\/\/apan.gob.mx\/portal\/wp-json\/wp\/v2\/media?parent=2143"}],"curies":[{"name":"wp","href":"https:\/\/api.w.org\/{rel}","templated":true}]}}