{"id":2151,"date":"2018-04-28T09:01:05","date_gmt":"2018-04-28T09:01:05","guid":{"rendered":"https:\/\/apan.gob.mx\/portal\/?page_id=2151"},"modified":"2018-04-28T09:02:27","modified_gmt":"2018-04-28T09:02:27","slug":"juvdep_20_2018_1","status":"publish","type":"page","link":"https:\/\/apan.gob.mx\/portal\/juvdep_20_2018_1\/","title":{"rendered":"<!--juvdep_20_2018_1-->"},"content":{"rendered":"\t\t<div data-elementor-type=\"wp-page\" data-elementor-id=\"2151\" class=\"elementor elementor-2151 elementor-bc-flex-widget\">\n\t\t\t\t\t\t<section class=\"has_ae_slider elementor-section elementor-top-section elementor-element elementor-element-bdtqaxl elementor-section-boxed elementor-section-height-default elementor-section-height-default ae-bg-gallery-type-default\" data-id=\"bdtqaxl\" data-element_type=\"section\" data-e-type=\"section\">\n\t\t\t\t\t\t<div class=\"elementor-container elementor-column-gap-default\">\n\t\t\t\t\t<div class=\"has_ae_slider elementor-column elementor-col-100 elementor-top-column elementor-element elementor-element-bxlthkr ae-bg-gallery-type-default\" data-id=\"bxlthkr\" data-element_type=\"column\" data-e-type=\"column\">\n\t\t\t<div class=\"elementor-widget-wrap elementor-element-populated\">\n\t\t\t\t\t\t<div class=\"elementor-element elementor-element-lsfzuto elementor-widget elementor-widget-heading\" data-id=\"lsfzuto\" data-element_type=\"widget\" data-e-type=\"widget\" data-widget_type=\"heading.default\">\n\t\t\t\t<div class=\"elementor-widget-container\">\n\t\t\t\t\t<h2 class=\"elementor-heading-title elementor-size-medium\">Fracci\u00f3n XX<\/h2>\t\t\t\t<\/div>\n\t\t\t\t<\/div>\n\t\t\t\t<div class=\"elementor-element elementor-element-bcveswl elementor-widget elementor-widget-html\" data-id=\"bcveswl\" data-element_type=\"widget\" data-e-type=\"widget\" data-widget_type=\"html.default\">\n\t\t\t\t<div class=\"elementor-widget-container\">\n\t\t\t\t\t<style id=\"a69_f20 (6)_10133_Styles\">\r\n<!--table\r\n\t{mso-displayed-decimal-separator:\"\\.\";\r\n\tmso-displayed-thousand-separator:\"\\,\";}\r\n.xl1510133\r\n\t{padding-top:1px;\r\n\tpadding-right:1px;\r\n\tpadding-left:1px;\r\n\tmso-ignore:padding;\r\n\tcolor:black;\r\n\tfont-size:11.0pt;\r\n\tfont-weight:400;\r\n\tfont-style:normal;\r\n\ttext-decoration:none;\r\n\tfont-family:Calibri, sans-serif;\r\n\tmso-font-charset:0;\r\n\tmso-number-format:General;\r\n\ttext-align:general;\r\n\tvertical-align:bottom;\r\n\tmso-background-source:auto;\r\n\tmso-pattern:auto;\r\n\twhite-space:nowrap;}\r\n.xl6510133\r\n\t{padding-top:1px;\r\n\tpadding-right:1px;\r\n\tpadding-left:1px;\r\n\tmso-ignore:padding;\r\n\tcolor:black;\r\n\tfont-size:10.0pt;\r\n\tfont-weight:400;\r\n\tfont-style:normal;\r\n\ttext-decoration:none;\r\n\tfont-family:Arial;\r\n\tmso-generic-font-family:auto;\r\n\tmso-font-charset:0;\r\n\tmso-number-format:General;\r\n\ttext-align:center;\r\n\tvertical-align:bottom;\r\n\tborder:.5pt solid windowtext;\r\n\tbackground:#E1E1E1;\r\n\tmso-pattern:black none;\r\n\twhite-space:normal;}\r\n.xl6610133\r\n\t{padding-top:1px;\r\n\tpadding-right:1px;\r\n\tpadding-left:1px;\r\n\tmso-ignore:padding;\r\n\tcolor:white;\r\n\tfont-size:11.0pt;\r\n\tfont-weight:700;\r\n\tfont-style:normal;\r\n\ttext-decoration:none;\r\n\tfont-family:Arial;\r\n\tmso-generic-font-family:auto;\r\n\tmso-font-charset:0;\r\n\tmso-number-format:General;\r\n\ttext-align:center;\r\n\tvertical-align:bottom;\r\n\tborder:.5pt solid windowtext;\r\n\tbackground:#333333;\r\n\tmso-pattern:black none;\r\n\twhite-space:normal;}\r\n.xl6710133\r\n\t{padding-top:1px;\r\n\tpadding-right:1px;\r\n\tpadding-left:1px;\r\n\tmso-ignore:padding;\r\n\tcolor:black;\r\n\tfont-size:10.0pt;\r\n\tfont-weight:400;\r\n\tfont-style:normal;\r\n\ttext-decoration:none;\r\n\tfont-family:Arial, sans-serif;\r\n\tmso-font-charset:0;\r\n\tmso-number-format:General;\r\n\ttext-align:center;\r\n\tvertical-align:bottom;\r\n\tborder:.5pt solid windowtext;\r\n\tbackground:#E1E1E1;\r\n\tmso-pattern:black none;\r\n\twhite-space:normal;}\r\n.xl6810133\r\n\t{padding-top:1px;\r\n\tpadding-right:1px;\r\n\tpadding-left:1px;\r\n\tmso-ignore:padding;\r\n\tcolor:black;\r\n\tfont-size:11.0pt;\r\n\tfont-weight:400;\r\n\tfont-style:normal;\r\n\ttext-decoration:none;\r\n\tfont-family:Calibri, sans-serif;\r\n\tmso-font-charset:0;\r\n\tmso-number-format:General;\r\n\ttext-align:general;\r\n\tvertical-align:bottom;\r\n\tmso-background-source:auto;\r\n\tmso-pattern:auto;\r\n\twhite-space:normal;}\r\n.xl6910133\r\n\t{padding-top:1px;\r\n\tpadding-right:1px;\r\n\tpadding-left:1px;\r\n\tmso-ignore:padding;\r\n\tcolor:black;\r\n\tfont-size:11.0pt;\r\n\tfont-weight:400;\r\n\tfont-style:normal;\r\n\ttext-decoration:none;\r\n\tfont-family:Calibri, sans-serif;\r\n\tmso-font-charset:0;\r\n\tmso-number-format:General;\r\n\ttext-align:general;\r\n\tvertical-align:bottom;\r\n\tborder:.5pt solid windowtext;\r\n\tbackground:white;\r\n\tmso-pattern:black none;\r\n\twhite-space:nowrap;}\r\n.xl7010133\r\n\t{padding-top:1px;\r\n\tpadding-right:1px;\r\n\tpadding-left:1px;\r\n\tmso-ignore:padding;\r\n\tcolor:black;\r\n\tfont-size:11.0pt;\r\n\tfont-weight:400;\r\n\tfont-style:normal;\r\n\ttext-decoration:none;\r\n\tfont-family:Calibri, sans-serif;\r\n\tmso-font-charset:0;\r\n\tmso-number-format:\"Medium Date\";\r\n\ttext-align:general;\r\n\tvertical-align:bottom;\r\n\tborder:.5pt solid windowtext;\r\n\tbackground:white;\r\n\tmso-pattern:black none;\r\n\twhite-space:nowrap;}\r\n.xl7110133\r\n\t{padding-top:1px;\r\n\tpadding-right:1px;\r\n\tpadding-left:1px;\r\n\tmso-ignore:padding;\r\n\tcolor:#0563C1;\r\n\tfont-size:11.0pt;\r\n\tfont-weight:400;\r\n\tfont-style:normal;\r\n\ttext-decoration:underline;\r\n\ttext-underline-style:single;\r\n\tfont-family:Calibri, sans-serif;\r\n\tmso-font-charset:0;\r\n\tmso-number-format:General;\r\n\ttext-align:general;\r\n\tvertical-align:bottom;\r\n\tborder:.5pt solid windowtext;\r\n\tbackground:white;\r\n\tmso-pattern:#E1E1E1 none;\r\n\twhite-space:nowrap;}\r\n.xl7210133\r\n\t{padding-top:1px;\r\n\tpadding-right:1px;\r\n\tpadding-left:1px;\r\n\tmso-ignore:padding;\r\n\tcolor:black;\r\n\tfont-size:11.0pt;\r\n\tfont-weight:400;\r\n\tfont-style:normal;\r\n\ttext-decoration:none;\r\n\tfont-family:Calibri, sans-serif;\r\n\tmso-font-charset:0;\r\n\tmso-number-format:General;\r\n\ttext-align:general;\r\n\tvertical-align:bottom;\r\n\tborder:.5pt solid windowtext;\r\n\tbackground:white;\r\n\tmso-pattern:black none;\r\n\twhite-space:normal;}\r\n.xl7310133\r\n\t{padding-top:1px;\r\n\tpadding-right:1px;\r\n\tpadding-left:1px;\r\n\tmso-ignore:padding;\r\n\tcolor:black;\r\n\tfont-size:10.0pt;\r\n\tfont-weight:400;\r\n\tfont-style:normal;\r\n\ttext-decoration:none;\r\n\tfont-family:Arial;\r\n\tmso-generic-font-family:auto;\r\n\tmso-font-charset:0;\r\n\tmso-number-format:General;\r\n\ttext-align:center;\r\n\tvertical-align:middle;\r\n\tborder:.5pt solid windowtext;\r\n\tbackground:#E1E1E1;\r\n\tmso-pattern:black none;\r\n\twhite-space:normal;}\r\n.xl7410133\r\n\t{padding-top:1px;\r\n\tpadding-right:1px;\r\n\tpadding-left:1px;\r\n\tmso-ignore:padding;\r\n\tcolor:black;\r\n\tfont-size:11.0pt;\r\n\tfont-weight:400;\r\n\tfont-style:normal;\r\n\ttext-decoration:none;\r\n\tfont-family:Calibri, sans-serif;\r\n\tmso-font-charset:0;\r\n\tmso-number-format:General;\r\n\ttext-align:center;\r\n\tvertical-align:middle;\r\n\tmso-background-source:auto;\r\n\tmso-pattern:auto;\r\n\twhite-space:normal;}\r\n-->\r\n<\/style>\r\n<\/head>\r\n\r\n<body>\r\n<!--[if !excel]>&nbsp;&nbsp;<![endif]-->\r\n<!--La siguiente informaci\u00f3n se gener\u00f3 mediante el Asistente para publicar como\r\np\u00e1gina web de Microsoft Excel.-->\r\n<!--Si se vuelve a publicar el mismo elemento desde Excel, se reemplazar\u00e1 toda\r\nla informaci\u00f3n comprendida entre las etiquetas DIV.-->\r\n<!----------------------------->\r\n<!--INICIO DE LOS RESULTADOS DEL ASISTENTE PARA PUBLICAR COMO P\u00c1GINA WEB DE\r\nEXCEL -->\r\n<!----------------------------->\r\n\r\n<div id=\"a69_f20 (6)_10133\" align=center x:publishsource=\"Excel\">\r\n\r\n<table border=0 cellpadding=0 cellspacing=0 width=8044 style='border-collapse:\r\n collapse;table-layout:fixed;width:6035pt'>\r\n <col width=56 style='mso-width-source:userset;mso-width-alt:2048;width:42pt'>\r\n <col width=255 style='mso-width-source:userset;mso-width-alt:9325;width:191pt'>\r\n <col width=270 style='mso-width-source:userset;mso-width-alt:9874;width:203pt'>\r\n <col width=251 style='mso-width-source:userset;mso-width-alt:9179;width:188pt'>\r\n <col width=285 style='mso-width-source:userset;mso-width-alt:10422;width:214pt'>\r\n <col width=215 style='mso-width-source:userset;mso-width-alt:7862;width:161pt'>\r\n <col width=135 style='mso-width-source:userset;mso-width-alt:4937;width:101pt'>\r\n <col width=705 style='mso-width-source:userset;mso-width-alt:25782;width:529pt'>\r\n <col width=147 style='mso-width-source:userset;mso-width-alt:5376;width:110pt'>\r\n <col width=709 style='mso-width-source:userset;mso-width-alt:25929;width:532pt'>\r\n <col width=304 style='mso-width-source:userset;mso-width-alt:11117;width:228pt'>\r\n <col width=228 style='mso-width-source:userset;mso-width-alt:8338;width:171pt'>\r\n <col width=373 style='mso-width-source:userset;mso-width-alt:13641;width:280pt'>\r\n <col width=273 style='mso-width-source:userset;mso-width-alt:9984;width:205pt'>\r\n <col class=xl6810133 width=247 style='mso-width-source:userset;mso-width-alt:\r\n 9033;width:185pt'>\r\n <col width=322 style='mso-width-source:userset;mso-width-alt:11776;width:242pt'>\r\n <col width=283 style='mso-width-source:userset;mso-width-alt:10349;width:212pt'>\r\n <col width=152 style='mso-width-source:userset;mso-width-alt:5558;width:114pt'>\r\n <col width=322 span=2 style='mso-width-source:userset;mso-width-alt:11776;\r\n width:242pt'>\r\n <col width=713 style='mso-width-source:userset;mso-width-alt:26075;width:535pt'>\r\n <col width=705 style='mso-width-source:userset;mso-width-alt:25782;width:529pt'>\r\n <col width=289 style='mso-width-source:userset;mso-width-alt:10569;width:217pt'>\r\n <col width=123 style='mso-width-source:userset;mso-width-alt:4498;width:92pt'>\r\n <col width=140 style='mso-width-source:userset;mso-width-alt:5120;width:105pt'>\r\n <col width=220 style='mso-width-source:userset;mso-width-alt:8045;width:165pt'>\r\n <tr height=0 style='display:none'>\r\n  <td class=xl1510133 width=56 style='width:42pt'>44251<\/td>\r\n  <td class=xl1510133 width=255 style='width:191pt'><\/td>\r\n  <td class=xl1510133 width=270 style='width:203pt'><\/td>\r\n  <td class=xl1510133 width=251 style='width:188pt'><\/td>\r\n  <td class=xl1510133 width=285 style='width:214pt'><\/td>\r\n  <td class=xl1510133 width=215 style='width:161pt'><\/td>\r\n  <td class=xl1510133 width=135 style='width:101pt'><\/td>\r\n  <td class=xl1510133 width=705 style='width:529pt'><\/td>\r\n  <td class=xl1510133 width=147 style='width:110pt'><\/td>\r\n  <td class=xl1510133 width=709 style='width:532pt'><\/td>\r\n  <td class=xl1510133 width=304 style='width:228pt'><\/td>\r\n  <td class=xl1510133 width=228 style='width:171pt'><\/td>\r\n  <td class=xl1510133 width=373 style='width:280pt'><\/td>\r\n  <td class=xl1510133 width=273 style='width:205pt'><\/td>\r\n  <td class=xl6810133 width=247 style='width:185pt'><\/td>\r\n  <td class=xl1510133 width=322 style='width:242pt'><\/td>\r\n  <td class=xl1510133 width=283 style='width:212pt'><\/td>\r\n  <td class=xl1510133 width=152 style='width:114pt'><\/td>\r\n  <td class=xl1510133 width=322 style='width:242pt'><\/td>\r\n  <td class=xl1510133 width=322 style='width:242pt'><\/td>\r\n  <td class=xl1510133 width=713 style='width:535pt'><\/td>\r\n  <td class=xl1510133 width=705 style='width:529pt'><\/td>\r\n  <td class=xl1510133 width=289 style='width:217pt'><\/td>\r\n  <td class=xl1510133 width=123 style='width:92pt'><\/td>\r\n  <td class=xl1510133 width=140 style='width:105pt'><\/td>\r\n  <td class=xl1510133 width=220 style='width:165pt'><\/td>\r\n <\/tr>\r\n <tr height=20 style='height:15.0pt'>\r\n  <td colspan=3 height=20 class=xl6610133 width=581 style='height:15.0pt;\r\n  width:436pt'>T\u00cdTULO<\/td>\r\n  <td colspan=3 class=xl6610133 width=751 style='width:563pt'>NOMBRE CORTO<\/td>\r\n  <td colspan=3 class=xl6610133 width=987 style='width:740pt'>DESCRIPCI\u00d3N<\/td>\r\n  <td class=xl1510133><\/td>\r\n  <td class=xl1510133><\/td>\r\n  <td class=xl1510133><\/td>\r\n  <td class=xl1510133><\/td>\r\n  <td class=xl1510133><\/td>\r\n  <td class=xl6810133 width=247 style='width:185pt'><\/td>\r\n  <td class=xl1510133><\/td>\r\n  <td class=xl1510133><\/td>\r\n  <td class=xl1510133><\/td>\r\n  <td class=xl1510133><\/td>\r\n  <td class=xl1510133><\/td>\r\n  <td class=xl1510133><\/td>\r\n  <td class=xl1510133><\/td>\r\n  <td class=xl1510133><\/td>\r\n  <td class=xl1510133><\/td>\r\n  <td class=xl1510133><\/td>\r\n  <td class=xl1510133><\/td>\r\n <\/tr>\r\n <tr class=xl7410133 height=77 style='mso-height-source:userset;height:57.75pt'>\r\n  <td colspan=3 height=77 class=xl7310133 width=581 style='height:57.75pt;\r\n  width:436pt'>Tr\u00e1mites ofrecidos<\/td>\r\n  <td colspan=3 class=xl7310133 width=751 style='width:563pt'>a69_f20<\/td>\r\n  <td colspan=3 class=xl7310133 width=987 style='width:740pt'>La informaci\u00f3n\r\n  relacionada con las tareas administrativas que realizan los sujetos obligados\r\n  en sus diferentes \u00e1mbitos con el objeto de atender las peticiones que\r\n  realicen los particulares ya sea para la obtenci\u00f3n de un beneficio, o cumplir\r\n  con alguna obligaci\u00f3n ante una autoridad, de conformidad con la normatividad\r\n  respecto de los tr\u00e1mites que realizan. Generalmente \u00e9stos implican la entrega\r\n  de informaci\u00f3n ante una autoridad por parte de los particulares.<\/td>\r\n  <td class=xl7410133 width=709 style='width:532pt'><\/td>\r\n  <td class=xl7410133 width=304 style='width:228pt'><\/td>\r\n  <td class=xl7410133 width=228 style='width:171pt'><\/td>\r\n  <td class=xl7410133 width=373 style='width:280pt'><\/td>\r\n  <td class=xl7410133 width=273 style='width:205pt'><\/td>\r\n  <td class=xl7410133 width=247 style='width:185pt'><\/td>\r\n  <td class=xl7410133 width=322 style='width:242pt'><\/td>\r\n  <td class=xl7410133 width=283 style='width:212pt'><\/td>\r\n  <td class=xl7410133 width=152 style='width:114pt'><\/td>\r\n  <td class=xl7410133 width=322 style='width:242pt'><\/td>\r\n  <td class=xl7410133 width=322 style='width:242pt'><\/td>\r\n  <td class=xl7410133 width=713 style='width:535pt'><\/td>\r\n  <td class=xl7410133 width=705 style='width:529pt'><\/td>\r\n  <td class=xl7410133 width=289 style='width:217pt'><\/td>\r\n  <td class=xl7410133 width=123 style='width:92pt'><\/td>\r\n  <td class=xl7410133 width=140 style='width:105pt'><\/td>\r\n  <td class=xl7410133 width=220 style='width:165pt'><\/td>\r\n <\/tr>\r\n <tr height=0 style='display:none'>\r\n  <td class=xl1510133>1<\/td>\r\n  <td class=xl1510133>4<\/td>\r\n  <td class=xl1510133>4<\/td>\r\n  <td class=xl1510133>2<\/td>\r\n  <td class=xl1510133>2<\/td>\r\n  <td class=xl1510133>2<\/td>\r\n  <td class=xl1510133>1<\/td>\r\n  <td class=xl1510133>7<\/td>\r\n  <td class=xl1510133>2<\/td>\r\n  <td class=xl1510133>7<\/td>\r\n  <td class=xl1510133>1<\/td>\r\n  <td class=xl1510133>1<\/td>\r\n  <td class=xl1510133>10<\/td>\r\n  <td class=xl1510133>6<\/td>\r\n  <td class=xl6810133 width=247 style='width:185pt'>2<\/td>\r\n  <td class=xl1510133>10<\/td>\r\n  <td class=xl1510133>2<\/td>\r\n  <td class=xl1510133>2<\/td>\r\n  <td class=xl1510133>10<\/td>\r\n  <td class=xl1510133>2<\/td>\r\n  <td class=xl1510133>7<\/td>\r\n  <td class=xl1510133>7<\/td>\r\n  <td class=xl1510133>2<\/td>\r\n  <td class=xl1510133>4<\/td>\r\n  <td class=xl1510133>13<\/td>\r\n  <td class=xl1510133>14<\/td>\r\n <\/tr>\r\n <tr height=0 style='display:none'>\r\n  <td class=xl1510133>350731<\/td>\r\n  <td class=xl1510133>350733<\/td>\r\n  <td class=xl1510133>350732<\/td>\r\n  <td class=xl1510133>350716<\/td>\r\n  <td class=xl1510133>350744<\/td>\r\n  <td class=xl1510133>350717<\/td>\r\n  <td class=xl1510133>350715<\/td>\r\n  <td class=xl1510133>350734<\/td>\r\n  <td class=xl1510133>350745<\/td>\r\n  <td class=xl1510133>350738<\/td>\r\n  <td class=xl1510133>350735<\/td>\r\n  <td class=xl1510133>350714<\/td>\r\n  <td class=xl1510133>350724<\/td>\r\n  <td class=xl1510133>350721<\/td>\r\n  <td class=xl6810133 width=247 style='width:185pt'>350719<\/td>\r\n  <td class=xl1510133>350726<\/td>\r\n  <td class=xl1510133>350718<\/td>\r\n  <td class=xl1510133>350741<\/td>\r\n  <td class=xl1510133>350725<\/td>\r\n  <td class=xl1510133>350743<\/td>\r\n  <td class=xl1510133>350722<\/td>\r\n  <td class=xl1510133>350723<\/td>\r\n  <td class=xl1510133>350737<\/td>\r\n  <td class=xl1510133>350720<\/td>\r\n  <td class=xl1510133>350730<\/td>\r\n  <td class=xl1510133>350736<\/td>\r\n <\/tr>\r\n <tr height=20 style='height:15.0pt'>\r\n  <td colspan=26 height=20 class=xl6610133 width=8044 style='height:15.0pt;\r\n  width:6035pt'>Tabla Campos<\/td>\r\n <\/tr>\r\n <tr height=35 style='height:26.25pt'>\r\n  <td height=35 class=xl6510133 width=56 style='height:26.25pt;width:42pt'>Ejercicio<\/td>\r\n  <td class=xl6510133 width=255 style='border-left:none;width:191pt'>Fecha de\r\n  inicio del periodo que se informa<\/td>\r\n  <td class=xl6510133 width=270 style='border-left:none;width:203pt'>Fecha de\r\n  t\u00e9rmino del periodo que se informa<\/td>\r\n  <td class=xl6510133 width=251 style='border-left:none;width:188pt'>Denominaci\u00f3n\r\n  del tr\u00e1mite<\/td>\r\n  <td class=xl6510133 width=285 style='border-left:none;width:214pt'>Tipo de\r\n  usuario y\/o poblaci\u00f3n objetivo<\/td>\r\n  <td class=xl6510133 width=215 style='border-left:none;width:161pt'>Descripci\u00f3n\r\n  del objetivo del tr\u00e1mite<\/td>\r\n  <td class=xl6510133 width=135 style='border-left:none;width:101pt'>Modalidad\r\n  del tr\u00e1mite<\/td>\r\n  <td class=xl6510133 width=705 style='border-left:none;width:529pt'>Hiperv\u00ednculo\r\n  a los requisitos para llevar a cabo el tr\u00e1mite<\/td>\r\n  <td class=xl6510133 width=147 style='border-left:none;width:110pt'>Documentos\r\n  requeridos<\/td>\r\n  <td class=xl6510133 width=709 style='border-left:none;width:532pt'>Hiperv\u00ednculo\r\n  al\/los formatos respectivos<\/td>\r\n  <td class=xl6510133 width=304 style='border-left:none;width:228pt'>Tiempo de\r\n  respuesta por parte del sujeto Obligado<\/td>\r\n  <td class=xl6510133 width=228 style='border-left:none;width:171pt'>Vigencia\r\n  de los resultados del tr\u00e1mite<\/td>\r\n  <td class=xl6710133 width=373 style='border-left:none;width:280pt'>\u00c1rea y\r\n  datos de contacto del lugar donde se realiza el tr\u00e1mite<\/td>\r\n  <td class=xl6510133 width=273 style='border-left:none;width:205pt'>Costo, en\r\n  su caso, especificar que es gratuito<\/td>\r\n  <td class=xl6510133 width=247 style='border-left:none;width:185pt'>Sustento\r\n  legal para su cobro<\/td>\r\n  <td class=xl6510133 width=322 style='border-left:none;width:242pt'>Lugares\r\n  donde se efect\u00faa el pago <br>\r\n    Tabla_350726<\/td>\r\n  <td class=xl6510133 width=283 style='border-left:none;width:212pt'>Fundamento\r\n  jur\u00eddico-administrativo del tr\u00e1mite<\/td>\r\n  <td class=xl6510133 width=152 style='border-left:none;width:114pt'>Derechos\r\n  del usuario<\/td>\r\n  <td class=xl6710133 width=322 style='border-left:none;width:242pt'>Lugares\r\n  para reportar presuntas anomal\u00edas<\/td>\r\n  <td class=xl6510133 width=322 style='border-left:none;width:242pt'>Otros\r\n  datos, en su caso, para el env\u00edo de consultas, documentos y quejas<\/td>\r\n  <td class=xl6510133 width=713 style='border-left:none;width:535pt'>Hiperv\u00ednculo\r\n  informaci\u00f3n adicional del tr\u00e1mite<\/td>\r\n  <td class=xl6510133 width=705 style='border-left:none;width:529pt'>Hiperv\u00ednculo\r\n  al sistema correspondiente<\/td>\r\n  <td class=xl6510133 width=289 style='border-left:none;width:217pt'>\u00c1rea(s)\r\n  responsable(s) que genera(n), posee(n), publica(n) y actualizan la\r\n  informaci\u00f3n<\/td>\r\n  <td class=xl6510133 width=123 style='border-left:none;width:92pt'>Fecha de\r\n  validaci\u00f3n<\/td>\r\n  <td class=xl6510133 width=140 style='border-left:none;width:105pt'>Fecha de\r\n  actualizaci\u00f3n<\/td>\r\n  <td class=xl6510133 width=220 style='border-left:none;width:165pt'>Nota<\/td>\r\n <\/tr>\r\n <tr height=40 style='height:30.0pt'>\r\n  <td height=40 class=xl6910133 align=right style='height:30.0pt;border-top:\r\n  none'>2018<\/td>\r\n  <td class=xl7010133 align=right style='border-top:none;border-left:none'>01-ene-18<\/td>\r\n  <td class=xl7010133 align=right style='border-top:none;border-left:none'>31-mar-18<\/td>\r\n  <td class=xl6910133 style='border-top:none;border-left:none'>uso exclusivo de\r\n  las areas deportivas<\/td>\r\n  <td class=xl6910133 style='border-top:none;border-left:none'>poblacion\r\n  deportista que asi lo demande<\/td>\r\n  <td class=xl6910133 style='border-top:none;border-left:none'>bienestar y\r\n  salud<\/td>\r\n  <td class=xl6910133 style='border-top:none;border-left:none'>presencial<\/td>\r\n  <td class=xl7110133 style='border-top:none;border-left:none'><a\r\n  href=\"https:\/\/www.apan.gob.mx\/descargables\/transparencia\/articulo69\/fraccion20\/2018_1\/juvdep\/FrXXa1_1.pdf\">https:\/\/www.apan.gob.mx\/descargables\/transparencia\/articulo69\/fraccion20\/2018_1\/juvdep\/FrXXa1_1.pdf<\/a><\/td>\r\n  <td class=xl6910133 style='border-top:none;border-left:none'>llenado de\r\n  formato<\/td>\r\n  <td class=xl7110133 style='border-top:none;border-left:none'><a\r\n  href=\"https:\/\/www.apan.gob.mx\/descargables\/transparencia\/articulo69\/fraccion20\/2018_1\/juvdep\/FrXXa1_1.pdf\">https:\/\/www.apan.gob.mx\/descargables\/transparencia\/articulo69\/fraccion20\/2018_1\/juvdep\/FrXXa1_1.pdf<\/a><\/td>\r\n  <td class=xl6910133 style='border-top:none;border-left:none'>10 minutos<\/td>\r\n  <td class=xl6910133 style='border-top:none;border-left:none'>indefinido<\/td>\r\n  <td class=xl6910133 style='border-top:none;border-left:none'>coordinacion de\r\n  juventud y deporte<\/td>\r\n  <td class=xl6910133 align=right style='border-top:none;border-left:none'>0<\/td>\r\n  <td class=xl7210133 width=247 style='border-top:none;border-left:none;\r\n  width:185pt'>ley de cultura f\u00edsica,deporte y recreacion para el estado de\r\n  hidalgo<\/td>\r\n  <td class=xl6910133 style='border-top:none;border-left:none'>no aplica porque\r\n  el servicio es gratuito<\/td>\r\n  <td class=xl7210133 width=283 style='border-top:none;border-left:none;\r\n  width:212pt'>ley de cultura f\u00edsica,deporte y recreacion para el estado de\r\n  hidalgo<\/td>\r\n  <td class=xl6910133 style='border-top:none;border-left:none'>quejas y\r\n  sugerencias<\/td>\r\n  <td class=xl6910133 style='border-top:none;border-left:none'>01-748-91-2-03-16<\/td>\r\n  <td class=xl6910133 style='border-top:none;border-left:none'>Acudir a la\r\n  dependencia correspondiente<\/td>\r\n  <td class=xl7110133 style='border-top:none;border-left:none'><a\r\n  href=\"https:\/\/www.apan.gob.mx\/descargables\/transparencia\/articulo69\/fraccion20\/2018_1\/juvdep\/FrXXa1_2.pdf\">https:\/\/www.apan.gob.mx\/descargables\/transparencia\/articulo69\/fraccion20\/2018_1\/juvdep\/FrXXa1_2.pdf<\/a><\/td>\r\n  <td class=xl7110133 style='border-top:none;border-left:none'><a\r\n  href=\"https:\/\/www.apan.gob.mx\/descargables\/transparencia\/articulo69\/fraccion20\/2018_1\/juvdep\/FrXXa1_3.pdf\">https:\/\/www.apan.gob.mx\/descargables\/transparencia\/articulo69\/fraccion20\/2018_1\/juvdep\/FrXXa1_3.pdf<\/a><\/td>\r\n  <td class=xl6910133 style='border-top:none;border-left:none'>coordinacion de\r\n  juventud y deporte<\/td>\r\n  <td class=xl7010133 align=right style='border-top:none;border-left:none'>06-abr-18<\/td>\r\n  <td class=xl7010133 align=right style='border-top:none;border-left:none'>01-ene-18<\/td>\r\n  <td class=xl6910133 style='border-top:none;border-left:none'>el costo del\r\n  tramite es gratuito<\/td>\r\n <\/tr>\r\n <![if supportMisalignedColumns]>\r\n <tr height=0 style='display:none'>\r\n  <td width=56 style='width:42pt'><\/td>\r\n  <td width=255 style='width:191pt'><\/td>\r\n  <td width=270 style='width:203pt'><\/td>\r\n  <td width=251 style='width:188pt'><\/td>\r\n  <td width=285 style='width:214pt'><\/td>\r\n  <td width=215 style='width:161pt'><\/td>\r\n  <td width=135 style='width:101pt'><\/td>\r\n  <td width=705 style='width:529pt'><\/td>\r\n  <td width=147 style='width:110pt'><\/td>\r\n  <td width=709 style='width:532pt'><\/td>\r\n  <td width=304 style='width:228pt'><\/td>\r\n  <td width=228 style='width:171pt'><\/td>\r\n  <td width=373 style='width:280pt'><\/td>\r\n  <td width=273 style='width:205pt'><\/td>\r\n  <td width=247 style='width:185pt'><\/td>\r\n  <td width=322 style='width:242pt'><\/td>\r\n  <td width=283 style='width:212pt'><\/td>\r\n  <td width=152 style='width:114pt'><\/td>\r\n  <td width=322 style='width:242pt'><\/td>\r\n  <td width=322 style='width:242pt'><\/td>\r\n  <td width=713 style='width:535pt'><\/td>\r\n  <td width=705 style='width:529pt'><\/td>\r\n  <td width=289 style='width:217pt'><\/td>\r\n  <td width=123 style='width:92pt'><\/td>\r\n  <td width=140 style='width:105pt'><\/td>\r\n  <td width=220 style='width:165pt'><\/td>\r\n <\/tr>\r\n <![endif]>\r\n<\/table>\r\n\r\n<\/div>\r\n\t\t\t\t<\/div>\n\t\t\t\t<\/div>\n\t\t\t\t<div class=\"elementor-element elementor-element-nfsqhaj elementor-widget elementor-widget-heading\" data-id=\"nfsqhaj\" data-element_type=\"widget\" data-e-type=\"widget\" data-widget_type=\"heading.default\">\n\t\t\t\t<div class=\"elementor-widget-container\">\n\t\t\t\t\t<h2 class=\"elementor-heading-title elementor-size-small\">Fecha en que se subi\u00f3 la informaci\u00f3n: 28-abril-18<\/h2>\t\t\t\t<\/div>\n\t\t\t\t<\/div>\n\t\t\t\t\t<\/div>\n\t\t<\/div>\n\t\t\t\t\t<\/div>\n\t\t<\/section>\n\t\t\t\t<\/div>\n\t\t","protected":false},"excerpt":{"rendered":"<p>Fracci\u00f3n XX 44251 T\u00cdTULO NOMBRE CORTO DESCRIPCI\u00d3N Tr\u00e1mites ofrecidos a69_f20 La informaci\u00f3n relacionada con las tareas administrativas que realizan los sujetos obligados en sus diferentes \u00e1mbitos con el objeto de atender las peticiones que realicen los particulares ya sea para la obtenci\u00f3n de un beneficio, o cumplir con alguna obligaci\u00f3n ante una autoridad, de conformidad [&hellip;]<\/p>\n","protected":false},"author":1,"featured_media":0,"parent":0,"menu_order":0,"comment_status":"closed","ping_status":"closed","template":"page-template-full.php","meta":{"footnotes":""},"class_list":["post-2151","page","type-page","status-publish","hentry"],"jetpack_sharing_enabled":true,"_links":{"self":[{"href":"https:\/\/apan.gob.mx\/portal\/wp-json\/wp\/v2\/pages\/2151","targetHints":{"allow":["GET"]}}],"collection":[{"href":"https:\/\/apan.gob.mx\/portal\/wp-json\/wp\/v2\/pages"}],"about":[{"href":"https:\/\/apan.gob.mx\/portal\/wp-json\/wp\/v2\/types\/page"}],"author":[{"embeddable":true,"href":"https:\/\/apan.gob.mx\/portal\/wp-json\/wp\/v2\/users\/1"}],"replies":[{"embeddable":true,"href":"https:\/\/apan.gob.mx\/portal\/wp-json\/wp\/v2\/comments?post=2151"}],"version-history":[{"count":2,"href":"https:\/\/apan.gob.mx\/portal\/wp-json\/wp\/v2\/pages\/2151\/revisions"}],"predecessor-version":[{"id":2153,"href":"https:\/\/apan.gob.mx\/portal\/wp-json\/wp\/v2\/pages\/2151\/revisions\/2153"}],"wp:attachment":[{"href":"https:\/\/apan.gob.mx\/portal\/wp-json\/wp\/v2\/media?parent=2151"}],"curies":[{"name":"wp","href":"https:\/\/api.w.org\/{rel}","templated":true}]}}