{"id":2231,"date":"2018-05-02T23:51:54","date_gmt":"2018-05-02T23:51:54","guid":{"rendered":"https:\/\/apan.gob.mx\/portal\/?page_id=2231"},"modified":"2018-05-03T00:05:53","modified_gmt":"2018-05-03T00:05:53","slug":"conciliador_20_2018_1","status":"publish","type":"page","link":"https:\/\/apan.gob.mx\/portal\/conciliador_20_2018_1\/","title":{"rendered":"<!--conciliador_20_2018_1-->"},"content":{"rendered":"\t\t<div data-elementor-type=\"wp-page\" data-elementor-id=\"2231\" class=\"elementor elementor-2231 elementor-bc-flex-widget\">\n\t\t\t\t\t\t<section class=\"has_ae_slider elementor-section elementor-top-section elementor-element elementor-element-eiyqrgo elementor-section-boxed elementor-section-height-default elementor-section-height-default ae-bg-gallery-type-default\" data-id=\"eiyqrgo\" data-element_type=\"section\" data-e-type=\"section\">\n\t\t\t\t\t\t<div class=\"elementor-container elementor-column-gap-default\">\n\t\t\t\t\t<div class=\"has_ae_slider elementor-column elementor-col-100 elementor-top-column elementor-element elementor-element-cobgehq ae-bg-gallery-type-default\" data-id=\"cobgehq\" data-element_type=\"column\" data-e-type=\"column\">\n\t\t\t<div class=\"elementor-widget-wrap elementor-element-populated\">\n\t\t\t\t\t\t<div class=\"elementor-element elementor-element-yvczrqd elementor-widget elementor-widget-heading\" data-id=\"yvczrqd\" data-element_type=\"widget\" data-e-type=\"widget\" data-widget_type=\"heading.default\">\n\t\t\t\t<div class=\"elementor-widget-container\">\n\t\t\t\t\t<h2 class=\"elementor-heading-title elementor-size-medium\">Fracci\u00f3n XX<\/h2>\t\t\t\t<\/div>\n\t\t\t\t<\/div>\n\t\t\t\t<div class=\"elementor-element elementor-element-xyhmod3 elementor-widget elementor-widget-html\" data-id=\"xyhmod3\" data-element_type=\"widget\" data-e-type=\"widget\" data-widget_type=\"html.default\">\n\t\t\t\t<div class=\"elementor-widget-container\">\n\t\t\t\t\t<style id=\"a69_f20 (9)_547_Styles\">\r\n<!--table\r\n\t{mso-displayed-decimal-separator:\"\\.\";\r\n\tmso-displayed-thousand-separator:\"\\,\";}\r\n.xl15547\r\n\t{padding-top:1px;\r\n\tpadding-right:1px;\r\n\tpadding-left:1px;\r\n\tmso-ignore:padding;\r\n\tcolor:black;\r\n\tfont-size:11.0pt;\r\n\tfont-weight:400;\r\n\tfont-style:normal;\r\n\ttext-decoration:none;\r\n\tfont-family:Calibri, sans-serif;\r\n\tmso-font-charset:0;\r\n\tmso-number-format:General;\r\n\ttext-align:general;\r\n\tvertical-align:bottom;\r\n\tmso-background-source:auto;\r\n\tmso-pattern:auto;\r\n\twhite-space:nowrap;}\r\n.xl65547\r\n\t{padding-top:1px;\r\n\tpadding-right:1px;\r\n\tpadding-left:1px;\r\n\tmso-ignore:padding;\r\n\tcolor:black;\r\n\tfont-size:11.0pt;\r\n\tfont-weight:400;\r\n\tfont-style:normal;\r\n\ttext-decoration:none;\r\n\tfont-family:Calibri, sans-serif;\r\n\tmso-font-charset:0;\r\n\tmso-number-format:General;\r\n\ttext-align:general;\r\n\tvertical-align:bottom;\r\n\tmso-background-source:auto;\r\n\tmso-pattern:auto;\r\n\twhite-space:normal;}\r\n.xl66547\r\n\t{padding-top:1px;\r\n\tpadding-right:1px;\r\n\tpadding-left:1px;\r\n\tmso-ignore:padding;\r\n\tcolor:black;\r\n\tfont-size:11.0pt;\r\n\tfont-weight:400;\r\n\tfont-style:normal;\r\n\ttext-decoration:none;\r\n\tfont-family:Calibri, sans-serif;\r\n\tmso-font-charset:0;\r\n\tmso-number-format:General;\r\n\ttext-align:center;\r\n\tvertical-align:middle;\r\n\tmso-background-source:auto;\r\n\tmso-pattern:auto;\r\n\twhite-space:nowrap;}\r\n.xl67547\r\n\t{padding-top:1px;\r\n\tpadding-right:1px;\r\n\tpadding-left:1px;\r\n\tmso-ignore:padding;\r\n\tcolor:black;\r\n\tfont-size:11.0pt;\r\n\tfont-weight:400;\r\n\tfont-style:normal;\r\n\ttext-decoration:none;\r\n\tfont-family:Calibri, sans-serif;\r\n\tmso-font-charset:0;\r\n\tmso-number-format:General;\r\n\ttext-align:center;\r\n\tvertical-align:middle;\r\n\tmso-background-source:auto;\r\n\tmso-pattern:auto;\r\n\twhite-space:normal;}\r\n.xl68547\r\n\t{padding-top:1px;\r\n\tpadding-right:1px;\r\n\tpadding-left:1px;\r\n\tmso-ignore:padding;\r\n\tcolor:white;\r\n\tfont-size:11.0pt;\r\n\tfont-weight:700;\r\n\tfont-style:normal;\r\n\ttext-decoration:none;\r\n\tfont-family:Arial, sans-serif;\r\n\tmso-font-charset:0;\r\n\tmso-number-format:General;\r\n\ttext-align:center;\r\n\tvertical-align:middle;\r\n\tborder:.5pt solid windowtext;\r\n\tbackground:#333333;\r\n\tmso-pattern:black none;\r\n\twhite-space:normal;}\r\n.xl69547\r\n\t{padding-top:1px;\r\n\tpadding-right:1px;\r\n\tpadding-left:1px;\r\n\tmso-ignore:padding;\r\n\tcolor:black;\r\n\tfont-size:10.0pt;\r\n\tfont-weight:400;\r\n\tfont-style:normal;\r\n\ttext-decoration:none;\r\n\tfont-family:Arial, sans-serif;\r\n\tmso-font-charset:0;\r\n\tmso-number-format:General;\r\n\ttext-align:center;\r\n\tvertical-align:middle;\r\n\tborder:.5pt solid windowtext;\r\n\tbackground:#E1E1E1;\r\n\tmso-pattern:black none;\r\n\twhite-space:nowrap;}\r\n.xl70547\r\n\t{padding-top:1px;\r\n\tpadding-right:1px;\r\n\tpadding-left:1px;\r\n\tmso-ignore:padding;\r\n\tcolor:black;\r\n\tfont-size:10.0pt;\r\n\tfont-weight:400;\r\n\tfont-style:normal;\r\n\ttext-decoration:none;\r\n\tfont-family:Arial, sans-serif;\r\n\tmso-font-charset:0;\r\n\tmso-number-format:General;\r\n\ttext-align:center;\r\n\tvertical-align:middle;\r\n\tborder:.5pt solid windowtext;\r\n\tbackground:#E1E1E1;\r\n\tmso-pattern:black none;\r\n\twhite-space:normal;}\r\n.xl71547\r\n\t{padding-top:1px;\r\n\tpadding-right:1px;\r\n\tpadding-left:1px;\r\n\tmso-ignore:padding;\r\n\tcolor:black;\r\n\tfont-size:11.0pt;\r\n\tfont-weight:400;\r\n\tfont-style:normal;\r\n\ttext-decoration:none;\r\n\tfont-family:Calibri, sans-serif;\r\n\tmso-font-charset:0;\r\n\tmso-number-format:General;\r\n\ttext-align:center;\r\n\tvertical-align:middle;\r\n\tborder:.5pt solid windowtext;\r\n\tbackground:white;\r\n\tmso-pattern:black none;\r\n\twhite-space:nowrap;}\r\n.xl72547\r\n\t{padding-top:1px;\r\n\tpadding-right:1px;\r\n\tpadding-left:1px;\r\n\tmso-ignore:padding;\r\n\tcolor:black;\r\n\tfont-size:11.0pt;\r\n\tfont-weight:400;\r\n\tfont-style:normal;\r\n\ttext-decoration:none;\r\n\tfont-family:Calibri, sans-serif;\r\n\tmso-font-charset:0;\r\n\tmso-number-format:\"Medium Date\";\r\n\ttext-align:center;\r\n\tvertical-align:middle;\r\n\tborder:.5pt solid windowtext;\r\n\tbackground:white;\r\n\tmso-pattern:black none;\r\n\twhite-space:nowrap;}\r\n.xl73547\r\n\t{padding-top:1px;\r\n\tpadding-right:1px;\r\n\tpadding-left:1px;\r\n\tmso-ignore:padding;\r\n\tcolor:blue;\r\n\tfont-size:11.0pt;\r\n\tfont-weight:400;\r\n\tfont-style:normal;\r\n\ttext-decoration:underline;\r\n\ttext-underline-style:single;\r\n\tfont-family:Calibri, sans-serif;\r\n\tmso-font-charset:0;\r\n\tmso-number-format:General;\r\n\ttext-align:center;\r\n\tvertical-align:middle;\r\n\tborder:.5pt solid windowtext;\r\n\tbackground:white;\r\n\tmso-pattern:black none;\r\n\twhite-space:nowrap;}\r\n.xl74547\r\n\t{padding-top:1px;\r\n\tpadding-right:1px;\r\n\tpadding-left:1px;\r\n\tmso-ignore:padding;\r\n\tcolor:black;\r\n\tfont-size:11.0pt;\r\n\tfont-weight:400;\r\n\tfont-style:normal;\r\n\ttext-decoration:none;\r\n\tfont-family:Calibri, sans-serif;\r\n\tmso-font-charset:0;\r\n\tmso-number-format:General;\r\n\ttext-align:center;\r\n\tvertical-align:middle;\r\n\tborder:.5pt solid windowtext;\r\n\tbackground:white;\r\n\tmso-pattern:black none;\r\n\twhite-space:normal;}\r\n-->\r\n<\/style>\r\n<\/head>\r\n\r\n<body>\r\n<!--[if !excel]>&nbsp;&nbsp;<![endif]-->\r\n<!--La siguiente informaci\u00f3n se gener\u00f3 mediante el Asistente para publicar como\r\np\u00e1gina web de Microsoft Excel.-->\r\n<!--Si se vuelve a publicar el mismo elemento desde Excel, se reemplazar\u00e1 toda\r\nla informaci\u00f3n comprendida entre las etiquetas DIV.-->\r\n<!----------------------------->\r\n<!--INICIO DE LOS RESULTADOS DEL ASISTENTE PARA PUBLICAR COMO P\u00c1GINA WEB DE\r\nEXCEL -->\r\n<!----------------------------->\r\n\r\n<div id=\"a69_f20 (9)_547\" align=center x:publishsource=\"Excel\">\r\n\r\n<table border=0 cellpadding=0 cellspacing=0 width=6683 style='border-collapse:\r\n collapse;table-layout:fixed;width:5015pt'>\r\n <col width=56 style='mso-width-source:userset;mso-width-alt:2048;width:42pt'>\r\n <col width=255 style='mso-width-source:userset;mso-width-alt:9325;width:191pt'>\r\n <col width=270 style='mso-width-source:userset;mso-width-alt:9874;width:203pt'>\r\n <col width=159 style='mso-width-source:userset;mso-width-alt:5814;width:119pt'>\r\n <col width=229 style='mso-width-source:userset;mso-width-alt:8374;width:172pt'>\r\n <col width=215 style='mso-width-source:userset;mso-width-alt:7862;width:161pt'>\r\n <col width=135 style='mso-width-source:userset;mso-width-alt:4937;width:101pt'>\r\n <col width=717 style='mso-width-source:userset;mso-width-alt:26221;width:538pt'>\r\n <col width=147 style='mso-width-source:userset;mso-width-alt:5376;width:110pt'>\r\n <col width=717 style='mso-width-source:userset;mso-width-alt:26221;width:538pt'>\r\n <col width=304 style='mso-width-source:userset;mso-width-alt:11117;width:228pt'>\r\n <col width=228 style='mso-width-source:userset;mso-width-alt:8338;width:171pt'>\r\n <col width=373 style='mso-width-source:userset;mso-width-alt:13641;width:280pt'>\r\n <col width=273 style='mso-width-source:userset;mso-width-alt:9984;width:205pt'>\r\n <col width=174 style='mso-width-source:userset;mso-width-alt:6363;width:131pt'>\r\n <col width=322 style='mso-width-source:userset;mso-width-alt:11776;width:242pt'>\r\n <col width=402 style='mso-width-source:userset;mso-width-alt:14701;width:302pt'>\r\n <col width=192 style='mso-width-source:userset;mso-width-alt:7021;width:144pt'>\r\n <col width=322 style='mso-width-source:userset;mso-width-alt:11776;width:242pt'>\r\n <col width=512 style='mso-width-source:userset;mso-width-alt:18724;width:384pt'>\r\n <col width=123 style='mso-width-source:userset;mso-width-alt:4498;width:92pt'>\r\n <col width=140 style='mso-width-source:userset;mso-width-alt:5120;width:105pt'>\r\n <col class=xl65547 width=418 style='mso-width-source:userset;mso-width-alt:\r\n 15286;width:314pt'>\r\n <tr height=0 style='display:none'>\r\n  <td class=xl66547 width=56 style='width:42pt'>44251<\/td>\r\n  <td class=xl66547 width=255 style='width:191pt'><\/td>\r\n  <td class=xl66547 width=270 style='width:203pt'><\/td>\r\n  <td class=xl66547 width=159 style='width:119pt'><\/td>\r\n  <td class=xl66547 width=229 style='width:172pt'><\/td>\r\n  <td class=xl66547 width=215 style='width:161pt'><\/td>\r\n  <td class=xl66547 width=135 style='width:101pt'><\/td>\r\n  <td class=xl66547 width=717 style='width:538pt'><\/td>\r\n  <td class=xl66547 width=147 style='width:110pt'><\/td>\r\n  <td class=xl66547 width=717 style='width:538pt'><\/td>\r\n  <td class=xl66547 width=304 style='width:228pt'><\/td>\r\n  <td class=xl66547 width=228 style='width:171pt'><\/td>\r\n  <td class=xl66547 width=373 style='width:280pt'><\/td>\r\n  <td class=xl66547 width=273 style='width:205pt'><\/td>\r\n  <td class=xl66547 width=174 style='width:131pt'><\/td>\r\n  <td class=xl66547 width=322 style='width:242pt'><\/td>\r\n  <td class=xl66547 width=402 style='width:302pt'><\/td>\r\n  <td class=xl66547 width=192 style='width:144pt'><\/td>\r\n  <td class=xl66547 width=322 style='width:242pt'><\/td>\r\n  <td class=xl66547 width=512 style='width:384pt'><\/td>\r\n  <td class=xl66547 width=123 style='width:92pt'><\/td>\r\n  <td class=xl66547 width=140 style='width:105pt'><\/td>\r\n  <td class=xl67547 width=418 style='width:314pt'><\/td>\r\n <\/tr>\r\n <tr height=20 style='height:15.0pt'>\r\n  <td colspan=3 height=20 class=xl68547 width=581 style='height:15.0pt;\r\n  width:436pt'>T\u00cdTULO<\/td>\r\n  <td colspan=3 class=xl68547 width=603 style='width:452pt'>NOMBRE CORTO<\/td>\r\n  <td colspan=3 class=xl68547 width=999 style='width:749pt'>DESCRIPCI\u00d3N<\/td>\r\n  <td class=xl66547><\/td>\r\n  <td class=xl66547><\/td>\r\n  <td class=xl66547><\/td>\r\n  <td class=xl66547><\/td>\r\n  <td class=xl66547><\/td>\r\n  <td class=xl66547><\/td>\r\n  <td class=xl66547><\/td>\r\n  <td class=xl66547><\/td>\r\n  <td class=xl66547><\/td>\r\n  <td class=xl66547><\/td>\r\n  <td class=xl66547><\/td>\r\n  <td class=xl66547><\/td>\r\n  <td class=xl66547><\/td>\r\n  <td class=xl67547 width=418 style='width:314pt'><\/td>\r\n <\/tr>\r\n <tr height=20 style='height:15.0pt'>\r\n  <td colspan=3 height=20 class=xl69547 style='height:15.0pt'>Tr\u00e1mites\r\n  ofrecidos<\/td>\r\n  <td colspan=3 class=xl69547>a69_f20<\/td>\r\n  <td colspan=3 class=xl69547>La informaci\u00f3n relacionada con las tareas\r\n  administrativas que realizan los sujetos obligados en sus diferentes \u00e1mbitos\r\n  con el objeto de atender las peticiones que realicen los particulares ya sea\r\n  para la obtenci\u00f3n de un beneficio, o cumplir con alguna obligaci\u00f3n ante una\r\n  autoridad, de conformidad con la normatividad respecto de los tr\u00e1mites que\r\n  realizan. Generalmente \u00e9stos implican la entrega de informaci\u00f3n ante una\r\n  autoridad por parte de los particulares.<\/td>\r\n  <td class=xl66547><\/td>\r\n  <td class=xl66547><\/td>\r\n  <td class=xl66547><\/td>\r\n  <td class=xl66547><\/td>\r\n  <td class=xl66547><\/td>\r\n  <td class=xl66547><\/td>\r\n  <td class=xl66547><\/td>\r\n  <td class=xl66547><\/td>\r\n  <td class=xl66547><\/td>\r\n  <td class=xl66547><\/td>\r\n  <td class=xl66547><\/td>\r\n  <td class=xl66547><\/td>\r\n  <td class=xl66547><\/td>\r\n  <td class=xl67547 width=418 style='width:314pt'><\/td>\r\n <\/tr>\r\n <tr height=0 style='display:none'>\r\n  <td class=xl66547>1<\/td>\r\n  <td class=xl66547>4<\/td>\r\n  <td class=xl66547>4<\/td>\r\n  <td class=xl66547>2<\/td>\r\n  <td class=xl66547>2<\/td>\r\n  <td class=xl66547>2<\/td>\r\n  <td class=xl66547>1<\/td>\r\n  <td class=xl66547>7<\/td>\r\n  <td class=xl66547>2<\/td>\r\n  <td class=xl66547>7<\/td>\r\n  <td class=xl66547>1<\/td>\r\n  <td class=xl66547>1<\/td>\r\n  <td class=xl66547>10<\/td>\r\n  <td class=xl66547>6<\/td>\r\n  <td class=xl66547>2<\/td>\r\n  <td class=xl66547>10<\/td>\r\n  <td class=xl66547>2<\/td>\r\n  <td class=xl66547>2<\/td>\r\n  <td class=xl66547>10<\/td>\r\n  <td class=xl66547>2<\/td>\r\n  <td class=xl66547>4<\/td>\r\n  <td class=xl66547>13<\/td>\r\n  <td class=xl67547 width=418 style='width:314pt'>14<\/td>\r\n <\/tr>\r\n <tr height=0 style='display:none'>\r\n  <td class=xl66547>350731<\/td>\r\n  <td class=xl66547>350733<\/td>\r\n  <td class=xl66547>350732<\/td>\r\n  <td class=xl66547>350716<\/td>\r\n  <td class=xl66547>350744<\/td>\r\n  <td class=xl66547>350717<\/td>\r\n  <td class=xl66547>350715<\/td>\r\n  <td class=xl66547>350734<\/td>\r\n  <td class=xl66547>350745<\/td>\r\n  <td class=xl66547>350738<\/td>\r\n  <td class=xl66547>350735<\/td>\r\n  <td class=xl66547>350714<\/td>\r\n  <td class=xl66547>350724<\/td>\r\n  <td class=xl66547>350721<\/td>\r\n  <td class=xl66547>350719<\/td>\r\n  <td class=xl66547>350726<\/td>\r\n  <td class=xl66547>350718<\/td>\r\n  <td class=xl66547>350741<\/td>\r\n  <td class=xl66547>350725<\/td>\r\n  <td class=xl66547>350737<\/td>\r\n  <td class=xl66547>350720<\/td>\r\n  <td class=xl66547>350730<\/td>\r\n  <td class=xl67547 width=418 style='width:314pt'>350736<\/td>\r\n <\/tr>\r\n <tr height=20 style='height:15.0pt'>\r\n  <td colspan=23 height=20 class=xl68547 width=6683 style='height:15.0pt;\r\n  width:5015pt'>Tabla Campos<\/td>\r\n <\/tr>\r\n <tr height=34 style='height:25.5pt'>\r\n  <td height=34 class=xl70547 width=56 style='height:25.5pt;width:42pt'>Ejercicio<\/td>\r\n  <td class=xl70547 width=255 style='border-left:none;width:191pt'>Fecha de\r\n  inicio del periodo que se informa<\/td>\r\n  <td class=xl70547 width=270 style='border-left:none;width:203pt'>Fecha de\r\n  t\u00e9rmino del periodo que se informa<\/td>\r\n  <td class=xl70547 width=159 style='border-left:none;width:119pt'>Denominaci\u00f3n\r\n  del tr\u00e1mite<\/td>\r\n  <td class=xl70547 width=229 style='border-left:none;width:172pt'>Tipo de\r\n  usuario y\/o poblaci\u00f3n objetivo<\/td>\r\n  <td class=xl70547 width=215 style='border-left:none;width:161pt'>Descripci\u00f3n\r\n  del objetivo del tr\u00e1mite<\/td>\r\n  <td class=xl70547 width=135 style='border-left:none;width:101pt'>Modalidad\r\n  del tr\u00e1mite<\/td>\r\n  <td class=xl70547 width=717 style='border-left:none;width:538pt'>Hiperv\u00ednculo\r\n  a los requisitos para llevar a cabo el tr\u00e1mite<\/td>\r\n  <td class=xl70547 width=147 style='border-left:none;width:110pt'>Documentos\r\n  requeridos<\/td>\r\n  <td class=xl70547 width=717 style='border-left:none;width:538pt'>Hiperv\u00ednculo\r\n  al\/los formatos respectivos<\/td>\r\n  <td class=xl70547 width=304 style='border-left:none;width:228pt'>Tiempo de\r\n  respuesta por parte del sujeto Obligado<\/td>\r\n  <td class=xl70547 width=228 style='border-left:none;width:171pt'>Vigencia de\r\n  los resultados del tr\u00e1mite<\/td>\r\n  <td class=xl70547 width=373 style='border-left:none;width:280pt'>\u00c1rea y datos\r\n  de contacto del lugar donde se realiza el tr\u00e1mite<\/td>\r\n  <td class=xl70547 width=273 style='border-left:none;width:205pt'>Costo, en su\r\n  caso, especificar que es gratuito<\/td>\r\n  <td class=xl70547 width=174 style='border-left:none;width:131pt'>Sustento\r\n  legal para su cobro<\/td>\r\n  <td class=xl70547 width=322 style='border-left:none;width:242pt'>Lugares\r\n  donde se efect\u00faa el pago<span style='mso-spacerun:yes'>\u00a0<\/span><\/td>\r\n  <td class=xl70547 width=402 style='border-left:none;width:302pt'>Fundamento\r\n  jur\u00eddico-administrativo del tr\u00e1mite<\/td>\r\n  <td class=xl70547 width=192 style='border-left:none;width:144pt'>Derechos del\r\n  usuario<\/td>\r\n  <td class=xl70547 width=322 style='border-left:none;width:242pt'>Lugares para\r\n  reportar presuntas anomal\u00edas<span style='mso-spacerun:yes'>\u00a0<\/span><\/td>\r\n  <td class=xl70547 width=512 style='border-left:none;width:384pt'>\u00c1rea(s)\r\n  responsable(s) que genera(n), posee(n), publica(n) y actualizan la\r\n  informaci\u00f3n<\/td>\r\n  <td class=xl70547 width=123 style='border-left:none;width:92pt'>Fecha de\r\n  validaci\u00f3n<\/td>\r\n  <td class=xl70547 width=140 style='border-left:none;width:105pt'>Fecha de\r\n  actualizaci\u00f3n<\/td>\r\n  <td class=xl70547 width=418 style='border-left:none;width:314pt'>Nota<\/td>\r\n <\/tr>\r\n <tr height=60 style='height:45.0pt'>\r\n  <td height=60 class=xl71547 style='height:45.0pt;border-top:none'>2018<\/td>\r\n  <td class=xl72547 style='border-top:none;border-left:none'>01-ene-18<\/td>\r\n  <td class=xl72547 style='border-top:none;border-left:none'>31-mar-18<\/td>\r\n  <td class=xl71547 style='border-top:none;border-left:none'>Acta Informativa<\/td>\r\n  <td class=xl71547 style='border-top:none;border-left:none'>A la poblaci\u00f3n que\r\n  lo solicite<\/td>\r\n  <td class=xl71547 style='border-top:none;border-left:none'>Obtener una Acta\r\n  Informativa<\/td>\r\n  <td class=xl71547 style='border-top:none;border-left:none'>Presencial<\/td>\r\n  <td class=xl73547 style='border-top:none;border-left:none'><a\r\n  href=\"https:\/\/www.apan.gob.mx\/descargables\/transparencia\/articulo69\/fraccion20\/2018_1\/conciliador\/FraXXa1_1.pdf\">https:\/\/www.apan.gob.mx\/descargables\/transparencia\/articulo69\/fraccion20\/2018_1\/conciliador\/FraXXa1_1.pdf<\/a><\/td>\r\n  <td class=xl71547 style='border-top:none;border-left:none'>Identificaci\u00f3n\r\n  Ofical<\/td>\r\n  <td class=xl73547 style='border-top:none;border-left:none'><a\r\n  href=\"https:\/\/www.apan.gob.mx\/descargables\/transparencia\/articulo69\/fraccion20\/2018_1\/conciliador\/FraXXa1_2.pdf\">https:\/\/www.apan.gob.mx\/descargables\/transparencia\/articulo69\/fraccion20\/2018_1\/conciliador\/FraXXa1_2.pdf<\/a><\/td>\r\n  <td class=xl71547 style='border-top:none;border-left:none'>De 10<span\r\n  style='mso-spacerun:yes'>\u00a0 <\/span>45 minutos<\/td>\r\n  <td class=xl71547 style='border-top:none;border-left:none'>No tiene\r\n  Vigencia<span style='mso-spacerun:yes'>\u00a0<\/span><\/td>\r\n  <td class=xl71547 style='border-top:none;border-left:none'>transparencia.juzcon@gmail.com<\/td>\r\n  <td class=xl71547 style='border-top:none;border-left:none'>80<\/td>\r\n  <td class=xl71547 style='border-top:none;border-left:none'>Ley de Ingresos\r\n  Vigente<\/td>\r\n  <td class=xl71547 style='border-top:none;border-left:none'>Tesoreria<\/td>\r\n  <td class=xl71547 style='border-top:none;border-left:none'>Art\u00edculo 162 de la\r\n  Ley Org\u00e1nica Municipal del Estado de Hidalgo<\/td>\r\n  <td class=xl71547 style='border-top:none;border-left:none'>Levantar una acta\r\n  informativa<\/td>\r\n  <td class=xl71547 style='border-top:none;border-left:none'>Contraloria<\/td>\r\n  <td class=xl71547 style='border-top:none;border-left:none'>Juzgado\r\n  Conciliador de Apan, Hidalgo.<\/td>\r\n  <td class=xl72547 style='border-top:none;border-left:none'>01-abr-18<\/td>\r\n  <td class=xl72547 style='border-top:none;border-left:none'>01-ene-18<\/td>\r\n  <td class=xl74547 width=418 style='border-top:none;border-left:none;\r\n  width:314pt'>No existe sistema para este tramite,ni informaci\u00f3n adicional,\r\n  tampoco<span style='mso-spacerun:yes'>\u00a0 <\/span>existen otros datos para\r\n  consultas, documentos y quejas.<\/td>\r\n <\/tr>\r\n <![if supportMisalignedColumns]>\r\n <tr height=0 style='display:none'>\r\n  <td width=56 style='width:42pt'><\/td>\r\n  <td width=255 style='width:191pt'><\/td>\r\n  <td width=270 style='width:203pt'><\/td>\r\n  <td width=159 style='width:119pt'><\/td>\r\n  <td width=229 style='width:172pt'><\/td>\r\n  <td width=215 style='width:161pt'><\/td>\r\n  <td width=135 style='width:101pt'><\/td>\r\n  <td width=717 style='width:538pt'><\/td>\r\n  <td width=147 style='width:110pt'><\/td>\r\n  <td width=717 style='width:538pt'><\/td>\r\n  <td width=304 style='width:228pt'><\/td>\r\n  <td width=228 style='width:171pt'><\/td>\r\n  <td width=373 style='width:280pt'><\/td>\r\n  <td width=273 style='width:205pt'><\/td>\r\n  <td width=174 style='width:131pt'><\/td>\r\n  <td width=322 style='width:242pt'><\/td>\r\n  <td width=402 style='width:302pt'><\/td>\r\n  <td width=192 style='width:144pt'><\/td>\r\n  <td width=322 style='width:242pt'><\/td>\r\n  <td width=512 style='width:384pt'><\/td>\r\n  <td width=123 style='width:92pt'><\/td>\r\n  <td width=140 style='width:105pt'><\/td>\r\n  <td width=418 style='width:314pt'><\/td>\r\n <\/tr>\r\n <![endif]>\r\n<\/table>\r\n\r\n<\/div>\r\n\t\t\t\t<\/div>\n\t\t\t\t<\/div>\n\t\t\t\t<div class=\"elementor-element elementor-element-qgxwnwu elementor-widget elementor-widget-heading\" data-id=\"qgxwnwu\" data-element_type=\"widget\" data-e-type=\"widget\" data-widget_type=\"heading.default\">\n\t\t\t\t<div class=\"elementor-widget-container\">\n\t\t\t\t\t<h2 class=\"elementor-heading-title elementor-size-small\">Fecha en que se subi\u00f3 la informaci\u00f3n:02-mayo-18<\/h2>\t\t\t\t<\/div>\n\t\t\t\t<\/div>\n\t\t\t\t\t<\/div>\n\t\t<\/div>\n\t\t\t\t\t<\/div>\n\t\t<\/section>\n\t\t\t\t<\/div>\n\t\t","protected":false},"excerpt":{"rendered":"<p>Fracci\u00f3n XX 44251 T\u00cdTULO NOMBRE CORTO DESCRIPCI\u00d3N Tr\u00e1mites ofrecidos a69_f20 La informaci\u00f3n relacionada con las tareas administrativas que realizan los sujetos obligados en sus diferentes \u00e1mbitos con el objeto de atender las peticiones que realicen los particulares ya sea para la obtenci\u00f3n de un beneficio, o cumplir con alguna obligaci\u00f3n ante una autoridad, de conformidad [&hellip;]<\/p>\n","protected":false},"author":1,"featured_media":0,"parent":0,"menu_order":0,"comment_status":"closed","ping_status":"closed","template":"page-template-full.php","meta":{"footnotes":""},"class_list":["post-2231","page","type-page","status-publish","hentry"],"jetpack_sharing_enabled":true,"_links":{"self":[{"href":"https:\/\/apan.gob.mx\/portal\/wp-json\/wp\/v2\/pages\/2231","targetHints":{"allow":["GET"]}}],"collection":[{"href":"https:\/\/apan.gob.mx\/portal\/wp-json\/wp\/v2\/pages"}],"about":[{"href":"https:\/\/apan.gob.mx\/portal\/wp-json\/wp\/v2\/types\/page"}],"author":[{"embeddable":true,"href":"https:\/\/apan.gob.mx\/portal\/wp-json\/wp\/v2\/users\/1"}],"replies":[{"embeddable":true,"href":"https:\/\/apan.gob.mx\/portal\/wp-json\/wp\/v2\/comments?post=2231"}],"version-history":[{"count":6,"href":"https:\/\/apan.gob.mx\/portal\/wp-json\/wp\/v2\/pages\/2231\/revisions"}],"predecessor-version":[{"id":2238,"href":"https:\/\/apan.gob.mx\/portal\/wp-json\/wp\/v2\/pages\/2231\/revisions\/2238"}],"wp:attachment":[{"href":"https:\/\/apan.gob.mx\/portal\/wp-json\/wp\/v2\/media?parent=2231"}],"curies":[{"name":"wp","href":"https:\/\/api.w.org\/{rel}","templated":true}]}}