{"id":2239,"date":"2018-05-03T00:12:16","date_gmt":"2018-05-03T00:12:16","guid":{"rendered":"https:\/\/apan.gob.mx\/portal\/?page_id=2239"},"modified":"2018-05-03T00:16:29","modified_gmt":"2018-05-03T00:16:29","slug":"conciliador_19_2018_1","status":"publish","type":"page","link":"https:\/\/apan.gob.mx\/portal\/conciliador_19_2018_1\/","title":{"rendered":"<!--conciliador_19_2018_1-->"},"content":{"rendered":"\t\t<div data-elementor-type=\"wp-page\" data-elementor-id=\"2239\" class=\"elementor elementor-2239 elementor-bc-flex-widget\">\n\t\t\t\t\t\t<section class=\"has_ae_slider elementor-section elementor-top-section elementor-element elementor-element-hqwzpsd elementor-section-boxed elementor-section-height-default elementor-section-height-default ae-bg-gallery-type-default\" data-id=\"hqwzpsd\" data-element_type=\"section\" data-e-type=\"section\">\n\t\t\t\t\t\t<div class=\"elementor-container elementor-column-gap-default\">\n\t\t\t\t\t<div class=\"has_ae_slider elementor-column elementor-col-100 elementor-top-column elementor-element elementor-element-ngoltom ae-bg-gallery-type-default\" data-id=\"ngoltom\" data-element_type=\"column\" data-e-type=\"column\">\n\t\t\t<div class=\"elementor-widget-wrap elementor-element-populated\">\n\t\t\t\t\t\t<div class=\"elementor-element elementor-element-todfrid elementor-widget elementor-widget-heading\" data-id=\"todfrid\" data-element_type=\"widget\" data-e-type=\"widget\" data-widget_type=\"heading.default\">\n\t\t\t\t<div class=\"elementor-widget-container\">\n\t\t\t\t\t<h2 class=\"elementor-heading-title elementor-size-medium\">Fracci\u00f3n XlX<\/h2>\t\t\t\t<\/div>\n\t\t\t\t<\/div>\n\t\t\t\t<div class=\"elementor-element elementor-element-enz3wcb elementor-widget elementor-widget-html\" data-id=\"enz3wcb\" data-element_type=\"widget\" data-e-type=\"widget\" data-widget_type=\"html.default\">\n\t\t\t\t<div class=\"elementor-widget-container\">\n\t\t\t\t\t<style id=\"a69_f19 (4)_29550_Styles\">\r\n<!--table\r\n\t{mso-displayed-decimal-separator:\"\\.\";\r\n\tmso-displayed-thousand-separator:\"\\,\";}\r\n.xl1529550\r\n\t{padding-top:1px;\r\n\tpadding-right:1px;\r\n\tpadding-left:1px;\r\n\tmso-ignore:padding;\r\n\tcolor:black;\r\n\tfont-size:11.0pt;\r\n\tfont-weight:400;\r\n\tfont-style:normal;\r\n\ttext-decoration:none;\r\n\tfont-family:Calibri, sans-serif;\r\n\tmso-font-charset:0;\r\n\tmso-number-format:General;\r\n\ttext-align:general;\r\n\tvertical-align:bottom;\r\n\tmso-background-source:auto;\r\n\tmso-pattern:auto;\r\n\twhite-space:nowrap;}\r\n.xl6529550\r\n\t{padding-top:1px;\r\n\tpadding-right:1px;\r\n\tpadding-left:1px;\r\n\tmso-ignore:padding;\r\n\tcolor:black;\r\n\tfont-size:10.0pt;\r\n\tfont-weight:400;\r\n\tfont-style:normal;\r\n\ttext-decoration:none;\r\n\tfont-family:Arial, sans-serif;\r\n\tmso-font-charset:0;\r\n\tmso-number-format:General;\r\n\ttext-align:center;\r\n\tvertical-align:bottom;\r\n\tborder:.5pt solid windowtext;\r\n\tbackground:#E1E1E1;\r\n\tmso-pattern:black none;\r\n\twhite-space:normal;}\r\n.xl6629550\r\n\t{padding-top:1px;\r\n\tpadding-right:1px;\r\n\tpadding-left:1px;\r\n\tmso-ignore:padding;\r\n\tcolor:white;\r\n\tfont-size:11.0pt;\r\n\tfont-weight:700;\r\n\tfont-style:normal;\r\n\ttext-decoration:none;\r\n\tfont-family:Arial, sans-serif;\r\n\tmso-font-charset:0;\r\n\tmso-number-format:General;\r\n\ttext-align:center;\r\n\tvertical-align:bottom;\r\n\tborder:.5pt solid windowtext;\r\n\tbackground:#333333;\r\n\tmso-pattern:black none;\r\n\twhite-space:normal;}\r\n.xl6729550\r\n\t{padding-top:1px;\r\n\tpadding-right:1px;\r\n\tpadding-left:1px;\r\n\tmso-ignore:padding;\r\n\tcolor:black;\r\n\tfont-size:10.0pt;\r\n\tfont-weight:400;\r\n\tfont-style:normal;\r\n\ttext-decoration:none;\r\n\tfont-family:Arial, sans-serif;\r\n\tmso-font-charset:0;\r\n\tmso-number-format:General;\r\n\ttext-align:general;\r\n\tvertical-align:bottom;\r\n\tborder:.5pt solid windowtext;\r\n\tbackground:#E1E1E1;\r\n\tmso-pattern:black none;\r\n\twhite-space:nowrap;}\r\n.xl6829550\r\n\t{padding-top:1px;\r\n\tpadding-right:1px;\r\n\tpadding-left:1px;\r\n\tmso-ignore:padding;\r\n\tcolor:black;\r\n\tfont-size:11.0pt;\r\n\tfont-weight:400;\r\n\tfont-style:normal;\r\n\ttext-decoration:none;\r\n\tfont-family:Calibri, sans-serif;\r\n\tmso-font-charset:0;\r\n\tmso-number-format:General;\r\n\ttext-align:general;\r\n\tvertical-align:bottom;\r\n\tmso-background-source:auto;\r\n\tmso-pattern:auto;\r\n\twhite-space:normal;}\r\n.xl6929550\r\n\t{padding-top:1px;\r\n\tpadding-right:1px;\r\n\tpadding-left:1px;\r\n\tmso-ignore:padding;\r\n\tcolor:black;\r\n\tfont-size:11.0pt;\r\n\tfont-weight:400;\r\n\tfont-style:normal;\r\n\ttext-decoration:none;\r\n\tfont-family:Calibri, sans-serif;\r\n\tmso-font-charset:0;\r\n\tmso-number-format:General;\r\n\ttext-align:general;\r\n\tvertical-align:bottom;\r\n\tborder:.5pt solid windowtext;\r\n\tbackground:white;\r\n\tmso-pattern:black none;\r\n\twhite-space:nowrap;}\r\n.xl7029550\r\n\t{padding-top:1px;\r\n\tpadding-right:1px;\r\n\tpadding-left:1px;\r\n\tmso-ignore:padding;\r\n\tcolor:blue;\r\n\tfont-size:11.0pt;\r\n\tfont-weight:400;\r\n\tfont-style:normal;\r\n\ttext-decoration:underline;\r\n\ttext-underline-style:single;\r\n\tfont-family:Calibri, sans-serif;\r\n\tmso-font-charset:0;\r\n\tmso-number-format:General;\r\n\ttext-align:general;\r\n\tvertical-align:bottom;\r\n\tborder:.5pt solid windowtext;\r\n\tbackground:white;\r\n\tmso-pattern:black none;\r\n\twhite-space:nowrap;}\r\n.xl7129550\r\n\t{padding-top:1px;\r\n\tpadding-right:1px;\r\n\tpadding-left:1px;\r\n\tmso-ignore:padding;\r\n\tcolor:black;\r\n\tfont-size:11.0pt;\r\n\tfont-weight:400;\r\n\tfont-style:normal;\r\n\ttext-decoration:none;\r\n\tfont-family:Calibri, sans-serif;\r\n\tmso-font-charset:0;\r\n\tmso-number-format:General;\r\n\ttext-align:general;\r\n\tvertical-align:bottom;\r\n\tborder:.5pt solid windowtext;\r\n\tbackground:white;\r\n\tmso-pattern:black none;\r\n\twhite-space:normal;}\r\n.xl7229550\r\n\t{padding-top:1px;\r\n\tpadding-right:1px;\r\n\tpadding-left:1px;\r\n\tmso-ignore:padding;\r\n\tcolor:black;\r\n\tfont-size:11.0pt;\r\n\tfont-weight:400;\r\n\tfont-style:normal;\r\n\ttext-decoration:none;\r\n\tfont-family:Calibri, sans-serif;\r\n\tmso-font-charset:0;\r\n\tmso-number-format:\"Medium Date\";\r\n\ttext-align:general;\r\n\tvertical-align:bottom;\r\n\tborder:.5pt solid windowtext;\r\n\tbackground:white;\r\n\tmso-pattern:black none;\r\n\twhite-space:nowrap;}\r\n.xl7329550\r\n\t{padding-top:1px;\r\n\tpadding-right:1px;\r\n\tpadding-left:1px;\r\n\tmso-ignore:padding;\r\n\tcolor:black;\r\n\tfont-size:10.0pt;\r\n\tfont-weight:400;\r\n\tfont-style:normal;\r\n\ttext-decoration:none;\r\n\tfont-family:Arial, sans-serif;\r\n\tmso-font-charset:0;\r\n\tmso-number-format:General;\r\n\ttext-align:general;\r\n\tvertical-align:bottom;\r\n\tborder:.5pt solid windowtext;\r\n\tbackground:#E1E1E1;\r\n\tmso-pattern:black none;\r\n\twhite-space:normal;}\r\n-->\r\n<\/style>\r\n<\/head>\r\n\r\n<body>\r\n<!--[if !excel]>&nbsp;&nbsp;<![endif]-->\r\n<!--La siguiente informaci\u00f3n se gener\u00f3 mediante el Asistente para publicar como\r\np\u00e1gina web de Microsoft Excel.-->\r\n<!--Si se vuelve a publicar el mismo elemento desde Excel, se reemplazar\u00e1 toda\r\nla informaci\u00f3n comprendida entre las etiquetas DIV.-->\r\n<!----------------------------->\r\n<!--INICIO DE LOS RESULTADOS DEL ASISTENTE PARA PUBLICAR COMO P\u00c1GINA WEB DE\r\nEXCEL -->\r\n<!----------------------------->\r\n\r\n<div id=\"a69_f19 (4)_29550\" align=center x:publishsource=\"Excel\">\r\n\r\n<table border=0 cellpadding=0 cellspacing=0 width=5879 style='border-collapse:\r\n collapse;table-layout:fixed;width:4414pt'>\r\n <col width=56 style='mso-width-source:userset;mso-width-alt:2048;width:42pt'>\r\n <col width=255 style='mso-width-source:userset;mso-width-alt:9325;width:191pt'>\r\n <col width=270 style='mso-width-source:userset;mso-width-alt:9874;width:203pt'>\r\n <col width=161 style='mso-width-source:userset;mso-width-alt:5888;width:121pt'>\r\n <col width=162 style='mso-width-source:userset;mso-width-alt:5924;width:122pt'>\r\n <col width=229 style='mso-width-source:userset;mso-width-alt:8374;width:172pt'>\r\n <col width=319 style='mso-width-source:userset;mso-width-alt:11666;width:239pt'>\r\n <col width=137 style='mso-width-source:userset;mso-width-alt:5010;width:103pt'>\r\n <col width=209 style='mso-width-source:userset;mso-width-alt:7643;width:157pt'>\r\n <col width=216 style='mso-width-source:userset;mso-width-alt:7899;width:162pt'>\r\n <col width=773 style='mso-width-source:userset;mso-width-alt:28269;width:580pt'>\r\n <col width=130 style='mso-width-source:userset;mso-width-alt:4754;width:98pt'>\r\n <col width=389 style='mso-width-source:userset;mso-width-alt:14226;width:292pt'>\r\n <col width=269 style='mso-width-source:userset;mso-width-alt:9837;width:202pt'>\r\n <col width=174 style='mso-width-source:userset;mso-width-alt:6363;width:131pt'>\r\n <col width=205 style='mso-width-source:userset;mso-width-alt:7497;width:154pt'>\r\n <col width=286 style='mso-width-source:userset;mso-width-alt:10459;width:215pt'>\r\n <col width=284 style='mso-width-source:userset;mso-width-alt:10386;width:213pt'>\r\n <col width=322 style='mso-width-source:userset;mso-width-alt:11776;width:242pt'>\r\n <col width=512 style='mso-width-source:userset;mso-width-alt:18724;width:384pt'>\r\n <col width=123 style='mso-width-source:userset;mso-width-alt:4498;width:92pt'>\r\n <col width=140 style='mso-width-source:userset;mso-width-alt:5120;width:105pt'>\r\n <col class=xl6829550 width=258 style='mso-width-source:userset;mso-width-alt:\r\n 9435;width:194pt'>\r\n <tr height=20 style='height:15.0pt'>\r\n  <td colspan=3 height=20 class=xl6629550 width=581 style='height:15.0pt;\r\n  width:436pt'>T\u00cdTULO<\/td>\r\n  <td colspan=3 class=xl6629550 width=552 style='width:415pt'>NOMBRE CORTO<\/td>\r\n  <td colspan=3 class=xl6629550 width=665 style='width:499pt'>DESCRIPCI\u00d3N<\/td>\r\n  <td class=xl1529550 width=216 style='width:162pt'><\/td>\r\n  <td class=xl1529550 width=773 style='width:580pt'><\/td>\r\n  <td class=xl1529550 width=130 style='width:98pt'><\/td>\r\n  <td class=xl1529550 width=389 style='width:292pt'><\/td>\r\n  <td class=xl1529550 width=269 style='width:202pt'><\/td>\r\n  <td class=xl1529550 width=174 style='width:131pt'><\/td>\r\n  <td class=xl1529550 width=205 style='width:154pt'><\/td>\r\n  <td class=xl1529550 width=286 style='width:215pt'><\/td>\r\n  <td class=xl1529550 width=284 style='width:213pt'><\/td>\r\n  <td class=xl1529550 width=322 style='width:242pt'><\/td>\r\n  <td class=xl1529550 width=512 style='width:384pt'><\/td>\r\n  <td class=xl1529550 width=123 style='width:92pt'><\/td>\r\n  <td class=xl1529550 width=140 style='width:105pt'><\/td>\r\n  <td class=xl6829550 width=258 style='width:194pt'><\/td>\r\n <\/tr>\r\n <tr height=99 style='mso-height-source:userset;height:74.25pt'>\r\n  <td colspan=3 height=99 class=xl6729550 style='height:74.25pt'>Servicios\r\n  ofrecidos<\/td>\r\n  <td colspan=3 class=xl6729550>a69_f19<\/td>\r\n  <td colspan=3 class=xl7329550 width=665 style='width:499pt'>La informaci\u00f3n\r\n  para dar a conocer los servicios p\u00fablicos que presta el sujeto obligado,\r\n  tanto de las actividades realizadas por la administraci\u00f3n p\u00fablica para\r\n  satisfacer necesidades de la poblaci\u00f3n, como las realizadas por los sujetos\r\n  obligados que no formen parte de la Administraci\u00f3n P\u00fablica, pero que\r\n  involucren el uso de recursos p\u00fablicos. Los servicios deben estar al alcance\r\n  de la poblaci\u00f3n sin necesidad de que el \u00e9sta los exija, como es el caso de\r\n  los tr\u00e1mites.<\/td>\r\n  <td class=xl1529550><\/td>\r\n  <td class=xl1529550><\/td>\r\n  <td class=xl1529550><\/td>\r\n  <td class=xl1529550><\/td>\r\n  <td class=xl1529550><\/td>\r\n  <td class=xl1529550><\/td>\r\n  <td class=xl1529550><\/td>\r\n  <td class=xl1529550><\/td>\r\n  <td class=xl1529550><\/td>\r\n  <td class=xl1529550><\/td>\r\n  <td class=xl1529550><\/td>\r\n  <td class=xl1529550><\/td>\r\n  <td class=xl1529550><\/td>\r\n  <td class=xl6829550 width=258 style='width:194pt'><\/td>\r\n <\/tr>\r\n <tr height=0 style='display:none'>\r\n  <td class=xl1529550>1<\/td>\r\n  <td class=xl1529550>4<\/td>\r\n  <td class=xl1529550>4<\/td>\r\n  <td class=xl1529550>2<\/td>\r\n  <td class=xl1529550>9<\/td>\r\n  <td class=xl1529550>1<\/td>\r\n  <td class=xl1529550>2<\/td>\r\n  <td class=xl1529550>1<\/td>\r\n  <td class=xl1529550>2<\/td>\r\n  <td class=xl1529550>2<\/td>\r\n  <td class=xl1529550>7<\/td>\r\n  <td class=xl1529550>1<\/td>\r\n  <td class=xl1529550>10<\/td>\r\n  <td class=xl1529550>1<\/td>\r\n  <td class=xl1529550>2<\/td>\r\n  <td class=xl1529550>2<\/td>\r\n  <td class=xl1529550>2<\/td>\r\n  <td class=xl1529550>2<\/td>\r\n  <td class=xl1529550>10<\/td>\r\n  <td class=xl1529550>2<\/td>\r\n  <td class=xl1529550>4<\/td>\r\n  <td class=xl1529550>13<\/td>\r\n  <td class=xl6829550 width=258 style='width:194pt'>14<\/td>\r\n <\/tr>\r\n <tr height=0 style='display:none'>\r\n  <td class=xl1529550>350704<\/td>\r\n  <td class=xl1529550>350705<\/td>\r\n  <td class=xl1529550>350706<\/td>\r\n  <td class=xl1529550>350690<\/td>\r\n  <td class=xl1529550>350709<\/td>\r\n  <td class=xl1529550>350713<\/td>\r\n  <td class=xl1529550>350692<\/td>\r\n  <td class=xl1529550>350711<\/td>\r\n  <td class=xl1529550>350693<\/td>\r\n  <td class=xl1529550>350694<\/td>\r\n  <td class=xl1529550>350700<\/td>\r\n  <td class=xl1529550>350688<\/td>\r\n  <td class=xl1529550>350710<\/td>\r\n  <td class=xl1529550>350689<\/td>\r\n  <td class=xl1529550>350695<\/td>\r\n  <td class=xl1529550>350712<\/td>\r\n  <td class=xl1529550>350691<\/td>\r\n  <td class=xl1529550>350696<\/td>\r\n  <td class=xl1529550>350701<\/td>\r\n  <td class=xl1529550>350708<\/td>\r\n  <td class=xl1529550>350697<\/td>\r\n  <td class=xl1529550>350703<\/td>\r\n  <td class=xl6829550 width=258 style='width:194pt'>350707<\/td>\r\n <\/tr>\r\n <tr height=20 style='height:15.0pt'>\r\n  <td colspan=23 height=20 class=xl6629550 width=5879 style='height:15.0pt;\r\n  width:4414pt'>Tabla Campos<\/td>\r\n <\/tr>\r\n <tr height=35 style='height:26.25pt'>\r\n  <td height=35 class=xl6529550 width=56 style='height:26.25pt;width:42pt'>Ejercicio<\/td>\r\n  <td class=xl6529550 width=255 style='border-left:none;width:191pt'>Fecha de\r\n  inicio del periodo que se informa<\/td>\r\n  <td class=xl6529550 width=270 style='border-left:none;width:203pt'>Fecha de\r\n  t\u00e9rmino del periodo que se informa<\/td>\r\n  <td class=xl6529550 width=161 style='border-left:none;width:121pt'>Denominaci\u00f3n\r\n  del servicio<\/td>\r\n  <td class=xl6529550 width=162 style='border-left:none;width:122pt'>Tipo de\r\n  servicio (cat\u00e1logo)<\/td>\r\n  <td class=xl6529550 width=229 style='border-left:none;width:172pt'>Tipo de\r\n  usuario y\/o poblaci\u00f3n objetivo<\/td>\r\n  <td class=xl6529550 width=319 style='border-left:none;width:239pt'>Descripci\u00f3n\r\n  del objetivo del servicio<\/td>\r\n  <td class=xl6529550 width=137 style='border-left:none;width:103pt'>Modalidad\r\n  del servicio<\/td>\r\n  <td class=xl6529550 width=209 style='border-left:none;width:157pt'>Requisitos\r\n  para obtener el servicio<\/td>\r\n  <td class=xl6529550 width=216 style='border-left:none;width:162pt'>Documentos\r\n  requeridos, en su caso<\/td>\r\n  <td class=xl6529550 width=773 style='border-left:none;width:580pt'>Hiperv\u00ednculo\r\n  a los formatos respectivo(s) publicado(s) en medio oficial<\/td>\r\n  <td class=xl6529550 width=130 style='border-left:none;width:98pt'>Tiempo de\r\n  respuesta<\/td>\r\n  <td class=xl6529550 width=389 style='border-left:none;width:292pt'>\u00c1rea en la\r\n  que se proporciona el servicio y los datos de contacto<span\r\n  style='mso-spacerun:yes'>\u00a0<\/span><\/td>\r\n  <td class=xl6529550 width=269 style='border-left:none;width:202pt'>Costo, en\r\n  su caso especificar que es gratuito<\/td>\r\n  <td class=xl6529550 width=174 style='border-left:none;width:131pt'>Sustento\r\n  legal para su cobro<\/td>\r\n  <td class=xl6529550 width=205 style='border-left:none;width:154pt'>Lugares\r\n  donde se efect\u00faa el pago<\/td>\r\n  <td class=xl6529550 width=286 style='border-left:none;width:215pt'>Fundamento\r\n  jur\u00eddico-administrativo del servicio<\/td>\r\n  <td class=xl6529550 width=284 style='border-left:none;width:213pt'>Derechos\r\n  del usuario ante la negativa o la falta<\/td>\r\n  <td class=xl6529550 width=322 style='border-left:none;width:242pt'>Lugar para\r\n  reportar presuntas anomalias<span style='mso-spacerun:yes'>\u00a0<\/span><\/td>\r\n  <td class=xl6529550 width=512 style='border-left:none;width:384pt'>\u00c1rea(s)\r\n  responsable(s) que genera(n), posee(n), publica(n) y actualizan la\r\n  informaci\u00f3n<\/td>\r\n  <td class=xl6529550 width=123 style='border-left:none;width:92pt'>Fecha de\r\n  validaci\u00f3n<\/td>\r\n  <td class=xl6529550 width=140 style='border-left:none;width:105pt'>Fecha de\r\n  actualizaci\u00f3n<\/td>\r\n  <td class=xl6529550 width=258 style='border-left:none;width:194pt'>Nota<\/td>\r\n <\/tr>\r\n <tr height=60 style='height:45.0pt'>\r\n  <td height=60 class=xl6929550 align=right style='height:45.0pt;border-top:\r\n  none'>2018<\/td>\r\n  <td class=xl7229550 align=right style='border-top:none;border-left:none'>01-ene-18<\/td>\r\n  <td class=xl7229550 align=right style='border-top:none;border-left:none'>31-mar-18<\/td>\r\n  <td class=xl6929550 style='border-top:none;border-left:none'>Orientaci\u00f3n\r\n  legal<\/td>\r\n  <td class=xl6929550 style='border-top:none;border-left:none'>Directo<\/td>\r\n  <td class=xl6929550 style='border-top:none;border-left:none'>A la poblaci\u00f3n\r\n  que lo solicite<\/td>\r\n  <td class=xl6929550 style='border-top:none;border-left:none'>Dar orientaci\u00f3n\r\n  \u00fatil a la ciudadania<span style='mso-spacerun:yes'>\u00a0 <\/span>que lo solicite<\/td>\r\n  <td class=xl6929550 style='border-top:none;border-left:none'>Personal<\/td>\r\n  <td class=xl6929550 style='border-top:none;border-left:none'>Solicitarlo<span\r\n  style='mso-spacerun:yes'>\u00a0<\/span><\/td>\r\n  <td class=xl6929550 style='border-top:none;border-left:none'>Ninguno<span\r\n  style='mso-spacerun:yes'>\u00a0<\/span><\/td>\r\n  <td class=xl7029550 style='border-top:none;border-left:none'><a\r\n  href=\"https:\/\/www.apan.gob.mx\/descargables\/transparencia\/articulo69\/fraccion19\/2018_1\/conciliador\/FraXIXa1_1.pdf\">https:\/\/www.apan.gob.mx\/descargables\/transparencia\/articulo69\/fraccion19\/2018_1\/conciliador\/FraXIXa1_1.pdf<\/a><\/td>\r\n  <td class=xl6929550 style='border-top:none;border-left:none'>de 10 a 45\r\n  minutos<\/td>\r\n  <td class=xl6929550 style='border-top:none;border-left:none'>Juzgado\r\n  Conciliador de Apan, Hidalgo.<\/td>\r\n  <td class=xl6929550 style='border-top:none;border-left:none'>Servicio\r\n  gratuito<\/td>\r\n  <td class=xl6929550 style='border-top:none;border-left:none'>No existe\r\n  sustento legal<span style='mso-spacerun:yes'>\u00a0<\/span><\/td>\r\n  <td class=xl6929550 style='border-top:none;border-left:none'>No aplica<\/td>\r\n  <td class=xl6929550 style='border-top:none;border-left:none'>No aplica<\/td>\r\n  <td class=xl6929550 style='border-top:none;border-left:none'>Levantar queja o\r\n  denuncia<span style='mso-spacerun:yes'>\u00a0<\/span><\/td>\r\n  <td class=xl6929550 style='border-top:none;border-left:none'>contraloria@apan.gob.mx<\/td>\r\n  <td class=xl6929550 style='border-top:none;border-left:none'>Juzgado\r\n  conciliador<\/td>\r\n  <td class=xl7229550 align=right style='border-top:none;border-left:none'>01-abr-18<\/td>\r\n  <td class=xl7229550 align=right style='border-top:none;border-left:none'>01-ene-18<\/td>\r\n  <td class=xl7129550 width=258 style='border-top:none;border-left:none;\r\n  width:194pt'>No existe catalogo, manual \u00f3 sistema para este tramite,asi como\r\n  ninguna informaci\u00f3n adicional.<\/td>\r\n <\/tr>\r\n <![if supportMisalignedColumns]>\r\n <tr height=0 style='display:none'>\r\n  <td width=56 style='width:42pt'><\/td>\r\n  <td width=255 style='width:191pt'><\/td>\r\n  <td width=270 style='width:203pt'><\/td>\r\n  <td width=161 style='width:121pt'><\/td>\r\n  <td width=162 style='width:122pt'><\/td>\r\n  <td width=229 style='width:172pt'><\/td>\r\n  <td width=319 style='width:239pt'><\/td>\r\n  <td width=137 style='width:103pt'><\/td>\r\n  <td width=209 style='width:157pt'><\/td>\r\n  <td width=216 style='width:162pt'><\/td>\r\n  <td width=773 style='width:580pt'><\/td>\r\n  <td width=130 style='width:98pt'><\/td>\r\n  <td width=389 style='width:292pt'><\/td>\r\n  <td width=269 style='width:202pt'><\/td>\r\n  <td width=174 style='width:131pt'><\/td>\r\n  <td width=205 style='width:154pt'><\/td>\r\n  <td width=286 style='width:215pt'><\/td>\r\n  <td width=284 style='width:213pt'><\/td>\r\n  <td width=322 style='width:242pt'><\/td>\r\n  <td width=512 style='width:384pt'><\/td>\r\n  <td width=123 style='width:92pt'><\/td>\r\n  <td width=140 style='width:105pt'><\/td>\r\n  <td width=258 style='width:194pt'><\/td>\r\n <\/tr>\r\n <![endif]>\r\n<\/table>\r\n\r\n<\/div>\r\n\t\t\t\t<\/div>\n\t\t\t\t<\/div>\n\t\t\t\t<div class=\"elementor-element elementor-element-sqyemht elementor-widget elementor-widget-heading\" data-id=\"sqyemht\" data-element_type=\"widget\" data-e-type=\"widget\" data-widget_type=\"heading.default\">\n\t\t\t\t<div class=\"elementor-widget-container\">\n\t\t\t\t\t<h2 class=\"elementor-heading-title elementor-size-small\">Fecha en que se subi\u00f3 la informaci\u00f3n: 02-mayo-18<\/h2>\t\t\t\t<\/div>\n\t\t\t\t<\/div>\n\t\t\t\t\t<\/div>\n\t\t<\/div>\n\t\t\t\t\t<\/div>\n\t\t<\/section>\n\t\t\t\t<\/div>\n\t\t","protected":false},"excerpt":{"rendered":"<p>Fracci\u00f3n XlX T\u00cdTULO NOMBRE CORTO DESCRIPCI\u00d3N Servicios ofrecidos a69_f19 La informaci\u00f3n para dar a conocer los servicios p\u00fablicos que presta el sujeto obligado, tanto de las actividades realizadas por la administraci\u00f3n p\u00fablica para satisfacer necesidades de la poblaci\u00f3n, como las realizadas por los sujetos obligados que no formen parte de la Administraci\u00f3n P\u00fablica, pero que [&hellip;]<\/p>\n","protected":false},"author":1,"featured_media":0,"parent":0,"menu_order":0,"comment_status":"closed","ping_status":"closed","template":"page-template-full.php","meta":{"footnotes":""},"class_list":["post-2239","page","type-page","status-publish","hentry"],"jetpack_sharing_enabled":true,"_links":{"self":[{"href":"https:\/\/apan.gob.mx\/portal\/wp-json\/wp\/v2\/pages\/2239","targetHints":{"allow":["GET"]}}],"collection":[{"href":"https:\/\/apan.gob.mx\/portal\/wp-json\/wp\/v2\/pages"}],"about":[{"href":"https:\/\/apan.gob.mx\/portal\/wp-json\/wp\/v2\/types\/page"}],"author":[{"embeddable":true,"href":"https:\/\/apan.gob.mx\/portal\/wp-json\/wp\/v2\/users\/1"}],"replies":[{"embeddable":true,"href":"https:\/\/apan.gob.mx\/portal\/wp-json\/wp\/v2\/comments?post=2239"}],"version-history":[{"count":5,"href":"https:\/\/apan.gob.mx\/portal\/wp-json\/wp\/v2\/pages\/2239\/revisions"}],"predecessor-version":[{"id":2244,"href":"https:\/\/apan.gob.mx\/portal\/wp-json\/wp\/v2\/pages\/2239\/revisions\/2244"}],"wp:attachment":[{"href":"https:\/\/apan.gob.mx\/portal\/wp-json\/wp\/v2\/media?parent=2239"}],"curies":[{"name":"wp","href":"https:\/\/api.w.org\/{rel}","templated":true}]}}