{"id":2303,"date":"2018-05-04T02:44:39","date_gmt":"2018-05-04T02:44:39","guid":{"rendered":"https:\/\/apan.gob.mx\/portal\/?page_id=2303"},"modified":"2018-10-25T01:38:02","modified_gmt":"2018-10-25T01:38:02","slug":"secgral_11_2018_1","status":"publish","type":"page","link":"https:\/\/apan.gob.mx\/portal\/secgral_11_2018_1\/","title":{"rendered":"<!--secgral_11_2018_1-->"},"content":{"rendered":"\t\t<div data-elementor-type=\"wp-page\" data-elementor-id=\"2303\" class=\"elementor elementor-2303 elementor-bc-flex-widget\">\n\t\t\t\t\t\t<section class=\"has_ae_slider elementor-section elementor-top-section elementor-element elementor-element-phuwzuf elementor-section-boxed elementor-section-height-default elementor-section-height-default ae-bg-gallery-type-default\" data-id=\"phuwzuf\" data-element_type=\"section\" data-e-type=\"section\">\n\t\t\t\t\t\t<div class=\"elementor-container elementor-column-gap-default\">\n\t\t\t\t\t<div class=\"has_ae_slider elementor-column elementor-col-100 elementor-top-column elementor-element elementor-element-hxshcrq ae-bg-gallery-type-default\" data-id=\"hxshcrq\" data-element_type=\"column\" data-e-type=\"column\">\n\t\t\t<div class=\"elementor-widget-wrap elementor-element-populated\">\n\t\t\t\t\t\t<div class=\"elementor-element elementor-element-pcfjios elementor-widget elementor-widget-heading\" data-id=\"pcfjios\" data-element_type=\"widget\" data-e-type=\"widget\" data-widget_type=\"heading.default\">\n\t\t\t\t<div class=\"elementor-widget-container\">\n\t\t\t\t\t<h2 class=\"elementor-heading-title elementor-size-medium\">Fracci\u00f3n Xl<\/h2>\t\t\t\t<\/div>\n\t\t\t\t<\/div>\n\t\t\t\t<div class=\"elementor-element elementor-element-kkeqpg0 elementor-widget elementor-widget-html\" data-id=\"kkeqpg0\" data-element_type=\"widget\" data-e-type=\"widget\" data-widget_type=\"html.default\">\n\t\t\t\t<div class=\"elementor-widget-container\">\n\t\t\t\t\t\r\n<style id=\"a69_f11_14991_Styles\">\r\n<!--table\r\n\t{mso-displayed-decimal-separator:\"\\.\";\r\n\tmso-displayed-thousand-separator:\"\\,\";}\r\n.xl1514991\r\n\t{padding-top:1px;\r\n\tpadding-right:1px;\r\n\tpadding-left:1px;\r\n\tmso-ignore:padding;\r\n\tcolor:black;\r\n\tfont-size:11.0pt;\r\n\tfont-weight:400;\r\n\tfont-style:normal;\r\n\ttext-decoration:none;\r\n\tfont-family:Calibri, sans-serif;\r\n\tmso-font-charset:0;\r\n\tmso-number-format:General;\r\n\ttext-align:general;\r\n\tvertical-align:bottom;\r\n\tmso-background-source:auto;\r\n\tmso-pattern:auto;\r\n\twhite-space:nowrap;}\r\n.xl6514991\r\n\t{padding-top:1px;\r\n\tpadding-right:1px;\r\n\tpadding-left:1px;\r\n\tmso-ignore:padding;\r\n\tcolor:black;\r\n\tfont-size:11.0pt;\r\n\tfont-weight:400;\r\n\tfont-style:normal;\r\n\ttext-decoration:none;\r\n\tfont-family:Calibri, sans-serif;\r\n\tmso-font-charset:0;\r\n\tmso-number-format:General;\r\n\ttext-align:center;\r\n\tvertical-align:middle;\r\n\tmso-background-source:auto;\r\n\tmso-pattern:auto;\r\n\twhite-space:nowrap;}\r\n.xl6614991\r\n\t{padding-top:1px;\r\n\tpadding-right:1px;\r\n\tpadding-left:1px;\r\n\tmso-ignore:padding;\r\n\tcolor:white;\r\n\tfont-size:11.0pt;\r\n\tfont-weight:700;\r\n\tfont-style:normal;\r\n\ttext-decoration:none;\r\n\tfont-family:Arial, sans-serif;\r\n\tmso-font-charset:0;\r\n\tmso-number-format:General;\r\n\ttext-align:center;\r\n\tvertical-align:middle;\r\n\tborder:.5pt solid windowtext;\r\n\tbackground:#333333;\r\n\tmso-pattern:black none;\r\n\twhite-space:nowrap;}\r\n.xl6714991\r\n\t{padding-top:1px;\r\n\tpadding-right:1px;\r\n\tpadding-left:1px;\r\n\tmso-ignore:padding;\r\n\tcolor:black;\r\n\tfont-size:10.0pt;\r\n\tfont-weight:400;\r\n\tfont-style:normal;\r\n\ttext-decoration:none;\r\n\tfont-family:Arial, sans-serif;\r\n\tmso-font-charset:0;\r\n\tmso-number-format:General;\r\n\ttext-align:center;\r\n\tvertical-align:middle;\r\n\tborder:.5pt solid windowtext;\r\n\tbackground:#E1E1E1;\r\n\tmso-pattern:black none;\r\n\twhite-space:nowrap;}\r\n.xl6814991\r\n\t{padding-top:1px;\r\n\tpadding-right:1px;\r\n\tpadding-left:1px;\r\n\tmso-ignore:padding;\r\n\tcolor:black;\r\n\tfont-size:10.0pt;\r\n\tfont-weight:400;\r\n\tfont-style:normal;\r\n\ttext-decoration:none;\r\n\tfont-family:Arial, sans-serif;\r\n\tmso-font-charset:0;\r\n\tmso-number-format:General;\r\n\ttext-align:center;\r\n\tvertical-align:middle;\r\n\tborder:.5pt solid windowtext;\r\n\tbackground:#E1E1E1;\r\n\tmso-pattern:black none;\r\n\twhite-space:normal;}\r\n.xl6914991\r\n\t{padding-top:1px;\r\n\tpadding-right:1px;\r\n\tpadding-left:1px;\r\n\tmso-ignore:padding;\r\n\tcolor:black;\r\n\tfont-size:11.0pt;\r\n\tfont-weight:400;\r\n\tfont-style:normal;\r\n\ttext-decoration:none;\r\n\tfont-family:Calibri, sans-serif;\r\n\tmso-font-charset:0;\r\n\tmso-number-format:General;\r\n\ttext-align:center;\r\n\tvertical-align:middle;\r\n\tborder:.5pt solid windowtext;\r\n\tbackground:white;\r\n\tmso-pattern:black none;\r\n\twhite-space:nowrap;}\r\n.xl7014991\r\n\t{padding-top:1px;\r\n\tpadding-right:1px;\r\n\tpadding-left:1px;\r\n\tmso-ignore:padding;\r\n\tcolor:black;\r\n\tfont-size:11.0pt;\r\n\tfont-weight:400;\r\n\tfont-style:normal;\r\n\ttext-decoration:none;\r\n\tfont-family:Calibri, sans-serif;\r\n\tmso-font-charset:0;\r\n\tmso-number-format:\"Medium Date\";\r\n\ttext-align:center;\r\n\tvertical-align:middle;\r\n\tborder:.5pt solid windowtext;\r\n\tbackground:white;\r\n\tmso-pattern:black none;\r\n\twhite-space:nowrap;}\r\n.xl7114991\r\n\t{padding-top:1px;\r\n\tpadding-right:1px;\r\n\tpadding-left:1px;\r\n\tmso-ignore:padding;\r\n\tcolor:#0563C1;\r\n\tfont-size:11.0pt;\r\n\tfont-weight:400;\r\n\tfont-style:normal;\r\n\ttext-decoration:underline;\r\n\ttext-underline-style:single;\r\n\tfont-family:Calibri, sans-serif;\r\n\tmso-font-charset:0;\r\n\tmso-number-format:General;\r\n\ttext-align:center;\r\n\tvertical-align:middle;\r\n\tborder:.5pt solid windowtext;\r\n\tbackground:white;\r\n\tmso-pattern:black none;\r\n\twhite-space:nowrap;}\r\n.xl7214991\r\n\t{padding-top:1px;\r\n\tpadding-right:1px;\r\n\tpadding-left:1px;\r\n\tmso-ignore:padding;\r\n\tcolor:black;\r\n\tfont-size:11.0pt;\r\n\tfont-weight:400;\r\n\tfont-style:normal;\r\n\ttext-decoration:none;\r\n\tfont-family:Calibri, sans-serif;\r\n\tmso-font-charset:0;\r\n\tmso-number-format:Fixed;\r\n\ttext-align:center;\r\n\tvertical-align:middle;\r\n\tborder:.5pt solid windowtext;\r\n\tbackground:white;\r\n\tmso-pattern:black none;\r\n\twhite-space:nowrap;}\r\n.xl7314991\r\n\t{padding-top:1px;\r\n\tpadding-right:1px;\r\n\tpadding-left:1px;\r\n\tmso-ignore:padding;\r\n\tcolor:black;\r\n\tfont-size:11.0pt;\r\n\tfont-weight:400;\r\n\tfont-style:normal;\r\n\ttext-decoration:none;\r\n\tfont-family:Calibri, sans-serif;\r\n\tmso-font-charset:0;\r\n\tmso-number-format:General;\r\n\ttext-align:center;\r\n\tvertical-align:middle;\r\n\tmso-background-source:auto;\r\n\tmso-pattern:auto;\r\n\twhite-space:normal;}\r\n-->\r\n<\/style>\r\n<\/head>\r\n\r\n<body>\r\n<!--[if !excel]>&nbsp;&nbsp;<![endif]-->\r\n<!--La siguiente informaci\u00f3n se gener\u00f3 mediante el Asistente para publicar como\r\np\u00e1gina web de Microsoft Excel.-->\r\n<!--Si se vuelve a publicar el mismo elemento desde Excel, se reemplazar\u00e1 toda\r\nla informaci\u00f3n comprendida entre las etiquetas DIV.-->\r\n<!----------------------------->\r\n<!--INICIO DE LOS RESULTADOS DEL ASISTENTE PARA PUBLICAR COMO P\u00c1GINA WEB DE\r\nEXCEL -->\r\n<!----------------------------->\r\n\r\n<div id=\"a69_f11_14991\" align=center x:publishsource=\"Excel\">\r\n\r\n<table border=0 cellpadding=0 cellspacing=0 width=5223 style='border-collapse:\r\n collapse;table-layout:fixed;width:3919pt'>\r\n <col width=56 style='mso-width-source:userset;mso-width-alt:2048;width:42pt'>\r\n <col width=255 style='mso-width-source:userset;mso-width-alt:9325;width:191pt'>\r\n <col width=270 style='mso-width-source:userset;mso-width-alt:9874;width:203pt'>\r\n <col width=279 style='mso-width-source:userset;mso-width-alt:10203;width:209pt'>\r\n <col width=220 style='mso-width-source:userset;mso-width-alt:8045;width:165pt'>\r\n <col width=223 style='mso-width-source:userset;mso-width-alt:8155;width:167pt'>\r\n <col width=249 style='mso-width-source:userset;mso-width-alt:9106;width:187pt'>\r\n <col width=262 style='mso-width-source:userset;mso-width-alt:9581;width:197pt'>\r\n <col width=124 style='mso-width-source:userset;mso-width-alt:4534;width:93pt'>\r\n <col width=701 style='mso-width-source:userset;mso-width-alt:25636;width:526pt'>\r\n <col width=169 style='mso-width-source:userset;mso-width-alt:6180;width:127pt'>\r\n <col width=184 style='mso-width-source:userset;mso-width-alt:6729;width:138pt'>\r\n <col width=133 style='mso-width-source:userset;mso-width-alt:4864;width:100pt'>\r\n <col width=293 style='mso-width-source:userset;mso-width-alt:10715;width:220pt'>\r\n <col width=122 style='mso-width-source:userset;mso-width-alt:4461;width:92pt'>\r\n <col width=151 style='mso-width-source:userset;mso-width-alt:5522;width:113pt'>\r\n <col width=701 style='mso-width-source:userset;mso-width-alt:25636;width:526pt'>\r\n <col width=512 style='mso-width-source:userset;mso-width-alt:18724;width:384pt'>\r\n <col width=123 style='mso-width-source:userset;mso-width-alt:4498;width:92pt'>\r\n <col width=140 style='mso-width-source:userset;mso-width-alt:5120;width:105pt'>\r\n <col width=56 style='mso-width-source:userset;mso-width-alt:2048;width:42pt'>\r\n <tr height=0 style='display:none'>\r\n  <td class=xl6514991 width=56 style='width:42pt'>44234<\/td>\r\n  <td class=xl6514991 width=255 style='width:191pt'><\/td>\r\n  <td class=xl6514991 width=270 style='width:203pt'><\/td>\r\n  <td class=xl6514991 width=279 style='width:209pt'><\/td>\r\n  <td class=xl6514991 width=220 style='width:165pt'><\/td>\r\n  <td class=xl6514991 width=223 style='width:167pt'><\/td>\r\n  <td class=xl6514991 width=249 style='width:187pt'><\/td>\r\n  <td class=xl6514991 width=262 style='width:197pt'><\/td>\r\n  <td class=xl6514991 width=124 style='width:93pt'><\/td>\r\n  <td class=xl6514991 width=701 style='width:526pt'><\/td>\r\n  <td class=xl6514991 width=169 style='width:127pt'><\/td>\r\n  <td class=xl6514991 width=184 style='width:138pt'><\/td>\r\n  <td class=xl6514991 width=133 style='width:100pt'><\/td>\r\n  <td class=xl6514991 width=293 style='width:220pt'><\/td>\r\n  <td class=xl6514991 width=122 style='width:92pt'><\/td>\r\n  <td class=xl6514991 width=151 style='width:113pt'><\/td>\r\n  <td class=xl6514991 width=701 style='width:526pt'><\/td>\r\n  <td class=xl6514991 width=512 style='width:384pt'><\/td>\r\n  <td class=xl6514991 width=123 style='width:92pt'><\/td>\r\n  <td class=xl6514991 width=140 style='width:105pt'><\/td>\r\n  <td class=xl6514991 width=56 style='width:42pt'><\/td>\r\n <\/tr>\r\n <tr height=20 style='height:15.0pt'>\r\n  <td colspan=3 height=20 class=xl6614991 style='height:15.0pt'>T\u00cdTULO<\/td>\r\n  <td colspan=3 class=xl6614991>NOMBRE CORTO<\/td>\r\n  <td colspan=3 class=xl6614991>DESCRIPCI\u00d3N<\/td>\r\n  <td class=xl6514991><\/td>\r\n  <td class=xl6514991><\/td>\r\n  <td class=xl6514991><\/td>\r\n  <td class=xl6514991><\/td>\r\n  <td class=xl6514991><\/td>\r\n  <td class=xl6514991><\/td>\r\n  <td class=xl6514991><\/td>\r\n  <td class=xl6514991><\/td>\r\n  <td class=xl6514991><\/td>\r\n  <td class=xl6514991><\/td>\r\n  <td class=xl6514991><\/td>\r\n  <td class=xl6514991><\/td>\r\n <\/tr>\r\n <tr height=63 style='mso-height-source:userset;height:47.25pt'>\r\n  <td colspan=3 height=63 class=xl6714991 style='height:47.25pt'>Personal\r\n  contratado por honorarios<\/td>\r\n  <td colspan=3 class=xl6714991>a69_f11<\/td>\r\n  <td colspan=3 class=xl6814991 width=635 style='width:477pt'>Los sujetos\r\n  obligados publicar\u00e1n informaci\u00f3n de las personas contratadas bajo el r\u00e9gimen\r\n  de servicios profesionales por honorarios y servicios profesionales por\r\n  honorarios asimilados a salarios; entendi\u00e9ndose \u00e9stos como los servicios que\r\n  se contratan y\/o prestan a cambio de una retribuci\u00f3n por ellos.<\/td>\r\n  <td class=xl6514991><\/td>\r\n  <td class=xl6514991><\/td>\r\n  <td class=xl6514991><\/td>\r\n  <td class=xl6514991><\/td>\r\n  <td class=xl6514991><\/td>\r\n  <td class=xl6514991><\/td>\r\n  <td class=xl6514991><\/td>\r\n  <td class=xl6514991><\/td>\r\n  <td class=xl6514991><\/td>\r\n  <td class=xl6514991><\/td>\r\n  <td class=xl6514991><\/td>\r\n  <td class=xl6514991><\/td>\r\n <\/tr>\r\n <tr height=0 style='display:none'>\r\n  <td class=xl6514991>1<\/td>\r\n  <td class=xl6514991>4<\/td>\r\n  <td class=xl6514991>4<\/td>\r\n  <td class=xl6514991>9<\/td>\r\n  <td class=xl6514991>1<\/td>\r\n  <td class=xl6514991>1<\/td>\r\n  <td class=xl6514991>1<\/td>\r\n  <td class=xl6514991>1<\/td>\r\n  <td class=xl6514991>1<\/td>\r\n  <td class=xl6514991>7<\/td>\r\n  <td class=xl6514991>4<\/td>\r\n  <td class=xl6514991>4<\/td>\r\n  <td class=xl6514991>2<\/td>\r\n  <td class=xl6514991>6<\/td>\r\n  <td class=xl6514991>6<\/td>\r\n  <td class=xl6514991>2<\/td>\r\n  <td class=xl6514991>7<\/td>\r\n  <td class=xl6514991>2<\/td>\r\n  <td class=xl6514991>4<\/td>\r\n  <td class=xl6514991>13<\/td>\r\n  <td class=xl6514991>14<\/td>\r\n <\/tr>\r\n <tr height=0 style='display:none'>\r\n  <td class=xl6514991>350329<\/td>\r\n  <td class=xl6514991>350331<\/td>\r\n  <td class=xl6514991>350332<\/td>\r\n  <td class=xl6514991>350342<\/td>\r\n  <td class=xl6514991>350324<\/td>\r\n  <td class=xl6514991>350325<\/td>\r\n  <td class=xl6514991>350326<\/td>\r\n  <td class=xl6514991>350327<\/td>\r\n  <td class=xl6514991>350328<\/td>\r\n  <td class=xl6514991>350336<\/td>\r\n  <td class=xl6514991>350344<\/td>\r\n  <td class=xl6514991>350345<\/td>\r\n  <td class=xl6514991>350330<\/td>\r\n  <td class=xl6514991>350334<\/td>\r\n  <td class=xl6514991>350335<\/td>\r\n  <td class=xl6514991>350343<\/td>\r\n  <td class=xl6514991>350337<\/td>\r\n  <td class=xl6514991>350341<\/td>\r\n  <td class=xl6514991>350333<\/td>\r\n  <td class=xl6514991>350340<\/td>\r\n  <td class=xl6514991>350339<\/td>\r\n <\/tr>\r\n <tr height=20 style='height:15.0pt'>\r\n  <td colspan=21 height=20 class=xl6614991 style='height:15.0pt'>Tabla Campos<\/td>\r\n <\/tr>\r\n <tr height=34 style='height:25.5pt'>\r\n  <td height=34 class=xl6814991 width=56 style='height:25.5pt;width:42pt'>Ejercicio<\/td>\r\n  <td class=xl6814991 width=255 style='border-left:none;width:191pt'>Fecha de\r\n  inicio del periodo que se informa<\/td>\r\n  <td class=xl6814991 width=270 style='border-left:none;width:203pt'>Fecha de\r\n  t\u00e9rmino del periodo que se informa<\/td>\r\n  <td class=xl6814991 width=279 style='border-left:none;width:209pt'>Tipo de\r\n  contrataci\u00f3n (cat\u00e1logo)<\/td>\r\n  <td class=xl6814991 width=220 style='border-left:none;width:165pt'>Partida\r\n  presupuestal de los recursos<\/td>\r\n  <td class=xl6814991 width=223 style='border-left:none;width:167pt'>Nombre(s)\r\n  de la persona contratada<span style='mso-spacerun:yes'>\u00a0<\/span><\/td>\r\n  <td class=xl6814991 width=249 style='border-left:none;width:187pt'>Primer\r\n  apellido de la persona contratada<span style='mso-spacerun:yes'>\u00a0<\/span><\/td>\r\n  <td class=xl6814991 width=262 style='border-left:none;width:197pt'>Segundo\r\n  apellido de la persona contratada<span style='mso-spacerun:yes'>\u00a0<\/span><\/td>\r\n  <td class=xl6814991 width=124 style='border-left:none;width:93pt'>N\u00famero de\r\n  contrato<\/td>\r\n  <td class=xl6814991 width=701 style='border-left:none;width:526pt'>Hiperv\u00ednculo\r\n  al contrato<\/td>\r\n  <td class=xl6814991 width=169 style='border-left:none;width:127pt'>Fecha de\r\n  inicio del contrato<\/td>\r\n  <td class=xl6814991 width=184 style='border-left:none;width:138pt'>Fecha de\r\n  t\u00e9rmino del contrato<\/td>\r\n  <td class=xl6814991 width=133 style='border-left:none;width:100pt'>Servicios\r\n  contratados<\/td>\r\n  <td class=xl6814991 width=293 style='border-left:none;width:220pt'>Remuneraci\u00f3n\r\n  mensual bruta o contraprestaci\u00f3n<\/td>\r\n  <td class=xl6814991 width=122 style='border-left:none;width:92pt'>Monto total\r\n  a pagar<\/td>\r\n  <td class=xl6814991 width=151 style='border-left:none;width:113pt'>Prestaciones,\r\n  en su caso<\/td>\r\n  <td class=xl6814991 width=701 style='border-left:none;width:526pt'>Hiperv\u00ednculo\r\n  a la normatividad que regula la celebraci\u00f3n de contratos de honorarios<\/td>\r\n  <td class=xl6814991 width=512 style='border-left:none;width:384pt'>\u00c1rea(s)\r\n  responsable(s) que genera(n), posee(n), publica(n) y actualizan la\r\n  informaci\u00f3n<\/td>\r\n  <td class=xl6814991 width=123 style='border-left:none;width:92pt'>Fecha de\r\n  validaci\u00f3n<\/td>\r\n  <td class=xl6814991 width=140 style='border-left:none;width:105pt'>Fecha de\r\n  actualizaci\u00f3n<\/td>\r\n  <td class=xl6814991 width=56 style='border-left:none;width:42pt'>Nota<\/td>\r\n <\/tr>\r\n <tr height=20 style='height:15.0pt'>\r\n  <td height=20 class=xl6914991 style='height:15.0pt;border-top:none'>2018<\/td>\r\n  <td class=xl7014991 style='border-top:none;border-left:none'>01-ene-18<\/td>\r\n  <td class=xl7014991 style='border-top:none;border-left:none'>31-mar-18<\/td>\r\n  <td class=xl6914991 style='border-top:none;border-left:none'>Servicios\r\n  profesionales por honorarios<\/td>\r\n  <td class=xl6914991 style='border-top:none;border-left:none'>333001<\/td>\r\n  <td class=xl6914991 style='border-top:none;border-left:none'>Pedro<span\r\n  style='mso-spacerun:yes'>\u00a0<\/span><\/td>\r\n  <td class=xl6914991 style='border-top:none;border-left:none'>Fern\u00e1ndez<\/td>\r\n  <td class=xl6914991 style='border-top:none;border-left:none'>Silva<\/td>\r\n  <td class=xl6914991 style='border-top:none;border-left:none'>&nbsp;<\/td>\r\n  <td class=xl7114991 style='border-top:none;border-left:none'><a\r\n  href=\"https:\/\/www.apan.gob.mx\/descargables\/transparencia\/articulo69\/fraccion11\/2018_1\/sec_gral\/FraXIa1_1.pdf\">https:\/\/www.apan.gob.mx\/descargables\/transparencia\/articulo69\/fraccion11\/2018_1\/sec_gral\/FraXIa1_1.pdf<\/a><\/td>\r\n  <td class=xl7014991 style='border-top:none;border-left:none'>23-sep-17<\/td>\r\n  <td class=xl7014991 style='border-top:none;border-left:none'>31-dic-17<\/td>\r\n  <td class=xl6914991 style='border-top:none;border-left:none'>1<\/td>\r\n  <td class=xl7214991 style='border-top:none;border-left:none'>11611.85<\/td>\r\n  <td class=xl7214991 style='border-top:none;border-left:none'>11000.00<\/td>\r\n  <td class=xl6914991 style='border-top:none;border-left:none'>Ninguno<\/td>\r\n  <td class=xl7114991 style='border-top:none;border-left:none'><a\r\n  href=\"https:\/\/www.apan.gob.mx\/descargables\/transparencia\/articulo69\/fraccion11\/2018_1\/sec_gral\/FraXIa1_2.pdf\">https:\/\/www.apan.gob.mx\/descargables\/transparencia\/articulo69\/fraccion11\/2018_1\/sec_gral\/FraXIa1_2.pdf<\/a><\/td>\r\n  <td class=xl6914991 style='border-top:none;border-left:none'>Secretria\r\n  General Municipal<\/td>\r\n  <td class=xl7014991 style='border-top:none;border-left:none'>01-abr-18<\/td>\r\n  <td class=xl7014991 style='border-top:none;border-left:none'>01-ene-18<\/td>\r\n  <td class=xl6914991 style='border-top:none;border-left:none'>&nbsp;<\/td>\r\n <\/tr>\r\n <![if supportMisalignedColumns]>\r\n <tr height=0 style='display:none'>\r\n  <td width=56 style='width:42pt'><\/td>\r\n  <td width=255 style='width:191pt'><\/td>\r\n  <td width=270 style='width:203pt'><\/td>\r\n  <td width=279 style='width:209pt'><\/td>\r\n  <td width=220 style='width:165pt'><\/td>\r\n  <td width=223 style='width:167pt'><\/td>\r\n  <td width=249 style='width:187pt'><\/td>\r\n  <td width=262 style='width:197pt'><\/td>\r\n  <td width=124 style='width:93pt'><\/td>\r\n  <td width=701 style='width:526pt'><\/td>\r\n  <td width=169 style='width:127pt'><\/td>\r\n  <td width=184 style='width:138pt'><\/td>\r\n  <td width=133 style='width:100pt'><\/td>\r\n  <td width=293 style='width:220pt'><\/td>\r\n  <td width=122 style='width:92pt'><\/td>\r\n  <td width=151 style='width:113pt'><\/td>\r\n  <td width=701 style='width:526pt'><\/td>\r\n  <td width=512 style='width:384pt'><\/td>\r\n  <td width=123 style='width:92pt'><\/td>\r\n  <td width=140 style='width:105pt'><\/td>\r\n  <td width=56 style='width:42pt'><\/td>\r\n <\/tr>\r\n <![endif]>\r\n<\/table>\r\n\r\n<\/div>\r\n\r\n\r\n\r\n\t\t\t\t<\/div>\n\t\t\t\t<\/div>\n\t\t\t\t<div class=\"elementor-element elementor-element-cokxgjo elementor-widget elementor-widget-button\" data-id=\"cokxgjo\" data-element_type=\"widget\" data-e-type=\"widget\" data-widget_type=\"button.default\">\n\t\t\t\t<div class=\"elementor-widget-container\">\n\t\t\t\t\t\t\t\t\t<div class=\"elementor-button-wrapper\">\n\t\t\t\t\t<a class=\"elementor-button elementor-button-link elementor-size-sm\" href=\"https:\/\/www.apan.gob.mx\/descargables\/transparencia\/articulo69\/fraccion11\/2018_1\/sec_gral\/a69_f11.xlsx\">\n\t\t\t\t\t\t<span class=\"elementor-button-content-wrapper\">\n\t\t\t\t\t\t\t\t\t<span class=\"elementor-button-text\">Descargar<\/span>\n\t\t\t\t\t<\/span>\n\t\t\t\t\t<\/a>\n\t\t\t\t<\/div>\n\t\t\t\t\t\t\t\t<\/div>\n\t\t\t\t<\/div>\n\t\t\t\t<div class=\"elementor-element elementor-element-akdywmt elementor-widget elementor-widget-heading\" data-id=\"akdywmt\" data-element_type=\"widget\" data-e-type=\"widget\" data-widget_type=\"heading.default\">\n\t\t\t\t<div class=\"elementor-widget-container\">\n\t\t\t\t\t<h2 class=\"elementor-heading-title elementor-size-small\">\u00daltima fecha de modificaci\u00f3n de la informaci\u00f3n: 24-octubre-18<\/h2>\t\t\t\t<\/div>\n\t\t\t\t<\/div>\n\t\t\t\t\t<\/div>\n\t\t<\/div>\n\t\t\t\t\t<\/div>\n\t\t<\/section>\n\t\t\t\t<\/div>\n\t\t","protected":false},"excerpt":{"rendered":"<p>Fracci\u00f3n Xl 44234 T\u00cdTULO NOMBRE CORTO DESCRIPCI\u00d3N Personal contratado por honorarios a69_f11 Los sujetos obligados publicar\u00e1n informaci\u00f3n de las personas contratadas bajo el r\u00e9gimen de servicios profesionales por honorarios y servicios profesionales por honorarios asimilados a salarios; entendi\u00e9ndose \u00e9stos como los servicios que se contratan y\/o prestan a cambio de una retribuci\u00f3n por ellos. 1 [&hellip;]<\/p>\n","protected":false},"author":1,"featured_media":0,"parent":0,"menu_order":0,"comment_status":"closed","ping_status":"closed","template":"page-template-full.php","meta":{"footnotes":""},"class_list":["post-2303","page","type-page","status-publish","hentry"],"jetpack_sharing_enabled":true,"_links":{"self":[{"href":"https:\/\/apan.gob.mx\/portal\/wp-json\/wp\/v2\/pages\/2303","targetHints":{"allow":["GET"]}}],"collection":[{"href":"https:\/\/apan.gob.mx\/portal\/wp-json\/wp\/v2\/pages"}],"about":[{"href":"https:\/\/apan.gob.mx\/portal\/wp-json\/wp\/v2\/types\/page"}],"author":[{"embeddable":true,"href":"https:\/\/apan.gob.mx\/portal\/wp-json\/wp\/v2\/users\/1"}],"replies":[{"embeddable":true,"href":"https:\/\/apan.gob.mx\/portal\/wp-json\/wp\/v2\/comments?post=2303"}],"version-history":[{"count":5,"href":"https:\/\/apan.gob.mx\/portal\/wp-json\/wp\/v2\/pages\/2303\/revisions"}],"predecessor-version":[{"id":3360,"href":"https:\/\/apan.gob.mx\/portal\/wp-json\/wp\/v2\/pages\/2303\/revisions\/3360"}],"wp:attachment":[{"href":"https:\/\/apan.gob.mx\/portal\/wp-json\/wp\/v2\/media?parent=2303"}],"curies":[{"name":"wp","href":"https:\/\/api.w.org\/{rel}","templated":true}]}}