{"id":2308,"date":"2018-05-04T02:59:16","date_gmt":"2018-05-04T02:59:16","guid":{"rendered":"https:\/\/apan.gob.mx\/portal\/?page_id=2308"},"modified":"2018-10-25T01:48:37","modified_gmt":"2018-10-25T01:48:37","slug":"secgral_14_2018_1","status":"publish","type":"page","link":"https:\/\/apan.gob.mx\/portal\/secgral_14_2018_1\/","title":{"rendered":"<!--secgral_14_2018_1-->"},"content":{"rendered":"\t\t<div data-elementor-type=\"wp-page\" data-elementor-id=\"2308\" class=\"elementor elementor-2308 elementor-bc-flex-widget\">\n\t\t\t\t\t\t<section class=\"has_ae_slider elementor-section elementor-top-section elementor-element elementor-element-nyyezvz elementor-section-boxed elementor-section-height-default elementor-section-height-default ae-bg-gallery-type-default\" data-id=\"nyyezvz\" data-element_type=\"section\" data-e-type=\"section\">\n\t\t\t\t\t\t<div class=\"elementor-container elementor-column-gap-default\">\n\t\t\t\t\t<div class=\"has_ae_slider elementor-column elementor-col-100 elementor-top-column elementor-element elementor-element-cjditmf ae-bg-gallery-type-default\" data-id=\"cjditmf\" data-element_type=\"column\" data-e-type=\"column\">\n\t\t\t<div class=\"elementor-widget-wrap elementor-element-populated\">\n\t\t\t\t\t\t<div class=\"elementor-element elementor-element-gbdzcfa elementor-widget elementor-widget-heading\" data-id=\"gbdzcfa\" data-element_type=\"widget\" data-e-type=\"widget\" data-widget_type=\"heading.default\">\n\t\t\t\t<div class=\"elementor-widget-container\">\n\t\t\t\t\t<h2 class=\"elementor-heading-title elementor-size-medium\">Fracci\u00f3n XlV<\/h2>\t\t\t\t<\/div>\n\t\t\t\t<\/div>\n\t\t\t\t<div class=\"elementor-element elementor-element-8j4swz6 elementor-widget elementor-widget-heading\" data-id=\"8j4swz6\" data-element_type=\"widget\" data-e-type=\"widget\" data-widget_type=\"heading.default\">\n\t\t\t\t<div class=\"elementor-widget-container\">\n\t\t\t\t\t<h2 class=\"elementor-heading-title elementor-size-medium\">a)<\/h2>\t\t\t\t<\/div>\n\t\t\t\t<\/div>\n\t\t\t\t<div class=\"elementor-element elementor-element-fzmwdgw elementor-widget elementor-widget-html\" data-id=\"fzmwdgw\" data-element_type=\"widget\" data-e-type=\"widget\" data-widget_type=\"html.default\">\n\t\t\t\t<div class=\"elementor-widget-container\">\n\t\t\t\t\t<style id=\"a69_f14 (1)_16974_Styles\">\r\n<!--table\r\n\t{mso-displayed-decimal-separator:\"\\.\";\r\n\tmso-displayed-thousand-separator:\"\\,\";}\r\n.xl1516974\r\n\t{padding-top:1px;\r\n\tpadding-right:1px;\r\n\tpadding-left:1px;\r\n\tmso-ignore:padding;\r\n\tcolor:black;\r\n\tfont-size:11.0pt;\r\n\tfont-weight:400;\r\n\tfont-style:normal;\r\n\ttext-decoration:none;\r\n\tfont-family:Calibri, sans-serif;\r\n\tmso-font-charset:0;\r\n\tmso-number-format:General;\r\n\ttext-align:general;\r\n\tvertical-align:bottom;\r\n\tmso-background-source:auto;\r\n\tmso-pattern:auto;\r\n\twhite-space:nowrap;}\r\n.xl6516974\r\n\t{padding-top:1px;\r\n\tpadding-right:1px;\r\n\tpadding-left:1px;\r\n\tmso-ignore:padding;\r\n\tcolor:black;\r\n\tfont-size:10.0pt;\r\n\tfont-weight:400;\r\n\tfont-style:normal;\r\n\ttext-decoration:none;\r\n\tfont-family:Arial, sans-serif;\r\n\tmso-font-charset:0;\r\n\tmso-number-format:General;\r\n\ttext-align:center;\r\n\tvertical-align:bottom;\r\n\tborder:.5pt solid windowtext;\r\n\tbackground:#E1E1E1;\r\n\tmso-pattern:black none;\r\n\twhite-space:normal;}\r\n.xl6616974\r\n\t{padding-top:1px;\r\n\tpadding-right:1px;\r\n\tpadding-left:1px;\r\n\tmso-ignore:padding;\r\n\tcolor:white;\r\n\tfont-size:11.0pt;\r\n\tfont-weight:700;\r\n\tfont-style:normal;\r\n\ttext-decoration:none;\r\n\tfont-family:Arial, sans-serif;\r\n\tmso-font-charset:0;\r\n\tmso-number-format:General;\r\n\ttext-align:center;\r\n\tvertical-align:bottom;\r\n\tborder:.5pt solid windowtext;\r\n\tbackground:#333333;\r\n\tmso-pattern:black none;\r\n\twhite-space:nowrap;}\r\n.xl6716974\r\n\t{padding-top:1px;\r\n\tpadding-right:1px;\r\n\tpadding-left:1px;\r\n\tmso-ignore:padding;\r\n\tcolor:black;\r\n\tfont-size:10.0pt;\r\n\tfont-weight:400;\r\n\tfont-style:normal;\r\n\ttext-decoration:none;\r\n\tfont-family:Arial, sans-serif;\r\n\tmso-font-charset:0;\r\n\tmso-number-format:General;\r\n\ttext-align:general;\r\n\tvertical-align:bottom;\r\n\tborder:.5pt solid windowtext;\r\n\tbackground:#E1E1E1;\r\n\tmso-pattern:black none;\r\n\twhite-space:nowrap;}\r\n.xl6816974\r\n\t{padding-top:1px;\r\n\tpadding-right:1px;\r\n\tpadding-left:1px;\r\n\tmso-ignore:padding;\r\n\tcolor:black;\r\n\tfont-size:11.0pt;\r\n\tfont-weight:400;\r\n\tfont-style:normal;\r\n\ttext-decoration:none;\r\n\tfont-family:Calibri, sans-serif;\r\n\tmso-font-charset:0;\r\n\tmso-number-format:General;\r\n\ttext-align:general;\r\n\tvertical-align:bottom;\r\n\tborder:.5pt solid windowtext;\r\n\tbackground:white;\r\n\tmso-pattern:black none;\r\n\twhite-space:nowrap;}\r\n.xl6916974\r\n\t{padding-top:1px;\r\n\tpadding-right:1px;\r\n\tpadding-left:1px;\r\n\tmso-ignore:padding;\r\n\tcolor:black;\r\n\tfont-size:11.0pt;\r\n\tfont-weight:400;\r\n\tfont-style:normal;\r\n\ttext-decoration:none;\r\n\tfont-family:Calibri, sans-serif;\r\n\tmso-font-charset:0;\r\n\tmso-number-format:\"Medium Date\";\r\n\ttext-align:general;\r\n\tvertical-align:bottom;\r\n\tborder:.5pt solid windowtext;\r\n\tbackground:white;\r\n\tmso-pattern:black none;\r\n\twhite-space:nowrap;}\r\n.xl7016974\r\n\t{padding-top:1px;\r\n\tpadding-right:1px;\r\n\tpadding-left:1px;\r\n\tmso-ignore:padding;\r\n\tcolor:#0563C1;\r\n\tfont-size:11.0pt;\r\n\tfont-weight:400;\r\n\tfont-style:normal;\r\n\ttext-decoration:underline;\r\n\ttext-underline-style:single;\r\n\tfont-family:Calibri, sans-serif;\r\n\tmso-font-charset:0;\r\n\tmso-number-format:General;\r\n\ttext-align:general;\r\n\tvertical-align:bottom;\r\n\tborder:.5pt solid windowtext;\r\n\tbackground:white;\r\n\tmso-pattern:#E1E1E1 none;\r\n\twhite-space:nowrap;}\r\n-->\r\n<\/style>\r\n<\/head>\r\n\r\n<body>\r\n<!--[if !excel]>&nbsp;&nbsp;<![endif]-->\r\n<!--La siguiente informaci\u00f3n se gener\u00f3 mediante el Asistente para publicar como\r\np\u00e1gina web de Microsoft Excel.-->\r\n<!--Si se vuelve a publicar el mismo elemento desde Excel, se reemplazar\u00e1 toda\r\nla informaci\u00f3n comprendida entre las etiquetas DIV.-->\r\n<!----------------------------->\r\n<!--INICIO DE LOS RESULTADOS DEL ASISTENTE PARA PUBLICAR COMO P\u00c1GINA WEB DE\r\nEXCEL -->\r\n<!----------------------------->\r\n\r\n<div id=\"a69_f14 (1)_16974\" align=center x:publishsource=\"Excel\">\r\n\r\n<table border=0 cellpadding=0 cellspacing=0 width=5479 style='border-collapse:\r\n collapse;table-layout:fixed;width:4111pt'>\r\n <col width=56 style='mso-width-source:userset;mso-width-alt:2048;width:42pt'>\r\n <col width=255 style='mso-width-source:userset;mso-width-alt:9325;width:191pt'>\r\n <col width=270 style='mso-width-source:userset;mso-width-alt:9874;width:203pt'>\r\n <col width=157 style='mso-width-source:userset;mso-width-alt:5741;width:118pt'>\r\n <col width=193 style='mso-width-source:userset;mso-width-alt:7058;width:145pt'>\r\n <col width=204 style='mso-width-source:userset;mso-width-alt:7460;width:153pt'>\r\n <col width=226 style='mso-width-source:userset;mso-width-alt:8265;width:170pt'>\r\n <col width=206 style='mso-width-source:userset;mso-width-alt:7533;width:155pt'>\r\n <col width=288 style='mso-width-source:userset;mso-width-alt:10532;width:216pt'>\r\n <col width=135 style='mso-width-source:userset;mso-width-alt:4937;width:101pt'>\r\n <col width=130 style='mso-width-source:userset;mso-width-alt:4754;width:98pt'>\r\n <col width=411 style='mso-width-source:userset;mso-width-alt:15030;width:308pt'>\r\n <col width=165 style='mso-width-source:userset;mso-width-alt:6034;width:124pt'>\r\n <col width=259 style='mso-width-source:userset;mso-width-alt:9472;width:194pt'>\r\n <col width=239 style='mso-width-source:userset;mso-width-alt:8740;width:179pt'>\r\n <col width=210 style='mso-width-source:userset;mso-width-alt:7680;width:158pt'>\r\n <col width=236 style='mso-width-source:userset;mso-width-alt:8630;width:177pt'>\r\n <col width=249 style='mso-width-source:userset;mso-width-alt:9106;width:187pt'>\r\n <col width=815 style='mso-width-source:userset;mso-width-alt:29805;width:611pt'>\r\n <col width=512 style='mso-width-source:userset;mso-width-alt:18724;width:384pt'>\r\n <col width=123 style='mso-width-source:userset;mso-width-alt:4498;width:92pt'>\r\n <col width=140 style='mso-width-source:userset;mso-width-alt:5120;width:105pt'>\r\n <tr height=0 style='display:none'>\r\n  <td class=xl1516974 width=56 style='width:42pt'>44242<\/td>\r\n  <td class=xl1516974 width=255 style='width:191pt'><\/td>\r\n  <td class=xl1516974 width=270 style='width:203pt'><\/td>\r\n  <td class=xl1516974 width=157 style='width:118pt'><\/td>\r\n  <td class=xl1516974 width=193 style='width:145pt'><\/td>\r\n  <td class=xl1516974 width=204 style='width:153pt'><\/td>\r\n  <td class=xl1516974 width=226 style='width:170pt'><\/td>\r\n  <td class=xl1516974 width=206 style='width:155pt'><\/td>\r\n  <td class=xl1516974 width=288 style='width:216pt'><\/td>\r\n  <td class=xl1516974 width=135 style='width:101pt'><\/td>\r\n  <td class=xl1516974 width=130 style='width:98pt'><\/td>\r\n  <td class=xl1516974 width=411 style='width:308pt'><\/td>\r\n  <td class=xl1516974 width=165 style='width:124pt'><\/td>\r\n  <td class=xl1516974 width=259 style='width:194pt'><\/td>\r\n  <td class=xl1516974 width=239 style='width:179pt'><\/td>\r\n  <td class=xl1516974 width=210 style='width:158pt'><\/td>\r\n  <td class=xl1516974 width=236 style='width:177pt'><\/td>\r\n  <td class=xl1516974 width=249 style='width:187pt'><\/td>\r\n  <td class=xl1516974 width=815 style='width:611pt'><\/td>\r\n  <td class=xl1516974 width=512 style='width:384pt'><\/td>\r\n  <td class=xl1516974 width=123 style='width:92pt'><\/td>\r\n  <td class=xl1516974 width=140 style='width:105pt'><\/td>\r\n <\/tr>\r\n <tr height=20 style='height:15.0pt'>\r\n  <td colspan=3 height=20 class=xl6616974 style='height:15.0pt'>T\u00cdTULO<\/td>\r\n  <td colspan=3 class=xl6616974>NOMBRE CORTO<\/td>\r\n  <td colspan=2 class=xl1516974><\/td>\r\n  <td class=xl1516974><\/td>\r\n  <td class=xl1516974><\/td>\r\n  <td class=xl1516974><\/td>\r\n  <td class=xl1516974><\/td>\r\n  <td class=xl1516974><\/td>\r\n  <td class=xl1516974><\/td>\r\n  <td class=xl1516974><\/td>\r\n  <td class=xl1516974><\/td>\r\n  <td class=xl1516974><\/td>\r\n  <td class=xl1516974><\/td>\r\n  <td class=xl1516974><\/td>\r\n  <td class=xl1516974><\/td>\r\n  <td class=xl1516974><\/td>\r\n  <td class=xl1516974><\/td>\r\n <\/tr>\r\n <tr height=20 style='height:15.0pt'>\r\n  <td colspan=3 height=20 class=xl6716974 style='height:15.0pt'>Concursos para\r\n  ocupar cargos p\u00fablicos<\/td>\r\n  <td colspan=3 class=xl6716974>a69_f14<\/td>\r\n  <td colspan=2 class=xl1516974><\/td>\r\n  <td class=xl1516974><\/td>\r\n  <td class=xl1516974><\/td>\r\n  <td class=xl1516974><\/td>\r\n  <td class=xl1516974><\/td>\r\n  <td class=xl1516974><\/td>\r\n  <td class=xl1516974><\/td>\r\n  <td class=xl1516974><\/td>\r\n  <td class=xl1516974><\/td>\r\n  <td class=xl1516974><\/td>\r\n  <td class=xl1516974><\/td>\r\n  <td class=xl1516974><\/td>\r\n  <td class=xl1516974><\/td>\r\n  <td class=xl1516974><\/td>\r\n  <td class=xl1516974><\/td>\r\n <\/tr>\r\n <tr height=0 style='display:none'>\r\n  <td class=xl1516974>1<\/td>\r\n  <td class=xl1516974>4<\/td>\r\n  <td class=xl1516974>4<\/td>\r\n  <td class=xl1516974>9<\/td>\r\n  <td class=xl1516974>9<\/td>\r\n  <td class=xl1516974>9<\/td>\r\n  <td class=xl1516974>1<\/td>\r\n  <td class=xl1516974>2<\/td>\r\n  <td class=xl1516974>1<\/td>\r\n  <td class=xl1516974>6<\/td>\r\n  <td class=xl1516974>6<\/td>\r\n  <td class=xl1516974>4<\/td>\r\n  <td class=xl1516974>1<\/td>\r\n  <td class=xl1516974>9<\/td>\r\n  <td class=xl1516974>3<\/td>\r\n  <td class=xl1516974>1<\/td>\r\n  <td class=xl1516974>1<\/td>\r\n  <td class=xl1516974>1<\/td>\r\n  <td class=xl1516974>7<\/td>\r\n  <td class=xl1516974>2<\/td>\r\n  <td class=xl1516974>4<\/td>\r\n  <td class=xl1516974>13<\/td>\r\n <\/tr>\r\n <tr height=0 style='display:none'>\r\n  <td class=xl1516974>350492<\/td>\r\n  <td class=xl1516974>350494<\/td>\r\n  <td class=xl1516974>350493<\/td>\r\n  <td class=xl1516974>350488<\/td>\r\n  <td class=xl1516974>350498<\/td>\r\n  <td class=xl1516974>350489<\/td>\r\n  <td class=xl1516974>350499<\/td>\r\n  <td class=xl1516974>350479<\/td>\r\n  <td class=xl1516974>350478<\/td>\r\n  <td class=xl1516974>350482<\/td>\r\n  <td class=xl1516974>350483<\/td>\r\n  <td class=xl1516974>350490<\/td>\r\n  <td class=xl1516974>350497<\/td>\r\n  <td class=xl1516974>350485<\/td>\r\n  <td class=xl1516974>350480<\/td>\r\n  <td class=xl1516974>350476<\/td>\r\n  <td class=xl1516974>350477<\/td>\r\n  <td class=xl1516974>350491<\/td>\r\n  <td class=xl1516974>350501<\/td>\r\n  <td class=xl1516974>350495<\/td>\r\n  <td class=xl1516974>350481<\/td>\r\n  <td class=xl1516974>350487<\/td>\r\n <\/tr>\r\n <tr height=20 style='height:15.0pt'>\r\n  <td colspan=22 height=20 class=xl6616974 style='height:15.0pt'>Tabla Campos<\/td>\r\n <\/tr>\r\n <tr height=35 style='height:26.25pt'>\r\n  <td height=35 class=xl6516974 width=56 style='height:26.25pt;width:42pt'>Ejercicio<\/td>\r\n  <td class=xl6516974 width=255 style='border-left:none;width:191pt'>Fecha de\r\n  inicio del periodo que se informa<\/td>\r\n  <td class=xl6516974 width=270 style='border-left:none;width:203pt'>Fecha de\r\n  t\u00e9rmino del periodo que se informa<\/td>\r\n  <td class=xl6516974 width=157 style='border-left:none;width:118pt'>Tipo de\r\n  evento (cat\u00e1logo)<\/td>\r\n  <td class=xl6516974 width=193 style='border-left:none;width:145pt'>Alcance\r\n  del concurso (cat\u00e1logo)<\/td>\r\n  <td class=xl6516974 width=204 style='border-left:none;width:153pt'>Tipo de\r\n  cargo o puesto (cat\u00e1logo)<\/td>\r\n  <td class=xl6516974 width=226 style='border-left:none;width:170pt'>Denominaci\u00f3n\r\n  del puesto<\/td>\r\n  <td class=xl6516974 width=206 style='border-left:none;width:155pt'>Denominaci\u00f3n\r\n  del cargo o funci\u00f3n<\/td>\r\n  <td class=xl6516974 width=288 style='border-left:none;width:216pt'>Denominaci\u00f3n\r\n  del \u00e1rea o unidad<\/td>\r\n  <td class=xl6516974 width=135 style='border-left:none;width:101pt'>Salario\r\n  bruto mensual<\/td>\r\n  <td class=xl6516974 width=130 style='border-left:none;width:98pt'>Salario\r\n  neto mensual<\/td>\r\n  <td class=xl6516974 width=411 style='border-left:none;width:308pt'>Fecha de\r\n  publicaci\u00f3n del concurso, convocatoria, invitaci\u00f3n y\/o aviso<\/td>\r\n  <td class=xl6516974 width=165 style='border-left:none;width:124pt'>N\u00famero de\r\n  la convocatoria<\/td>\r\n  <td class=xl6516974 width=259 style='border-left:none;width:194pt'>Estado del\r\n  proceso del concurso (cat\u00e1logo)<\/td>\r\n  <td class=xl6516974 width=239 style='border-left:none;width:179pt'>N\u00famero\r\n  total de candidatos registrados<\/td>\r\n  <td class=xl6516974 width=210 style='border-left:none;width:158pt'>Nombre(s)\r\n  de la persona aceptada<\/td>\r\n  <td class=xl6516974 width=236 style='border-left:none;width:177pt'>Primer\r\n  apellido de la persona aceptada<\/td>\r\n  <td class=xl6516974 width=249 style='border-left:none;width:187pt'>Segundo\r\n  apellido de la persona aceptada<\/td>\r\n  <td class=xl6516974 width=815 style='border-left:none;width:611pt'>Hiperv\u00ednculo\r\n  al sistema electr\u00f3nico de convocatorias y\/o concursos, en su caso<\/td>\r\n  <td class=xl6516974 width=512 style='border-left:none;width:384pt'>\u00c1rea(s)\r\n  responsable(s) que genera(n), posee(n), publica(n) y actualizan la\r\n  informaci\u00f3n<\/td>\r\n  <td class=xl6516974 width=123 style='border-left:none;width:92pt'>Fecha de\r\n  validaci\u00f3n<\/td>\r\n  <td class=xl6516974 width=140 style='border-left:none;width:105pt'>Fecha de\r\n  actualizaci\u00f3n<\/td>\r\n <\/tr>\r\n <tr height=20 style='height:15.0pt'>\r\n  <td height=20 class=xl6816974 align=right style='height:15.0pt;border-top:\r\n  none'>2018<\/td>\r\n  <td class=xl6916974 align=right style='border-top:none;border-left:none'>01-ene-18<\/td>\r\n  <td class=xl6916974 align=right style='border-top:none;border-left:none'>01-abr-18<\/td>\r\n  <td class=xl6816974 style='border-top:none;border-left:none'>Convocatoria<\/td>\r\n  <td class=xl6816974 style='border-top:none;border-left:none'>Abierto al\r\n  p\u00fablico en general<\/td>\r\n  <td class=xl6816974 style='border-top:none;border-left:none'>Confianza<\/td>\r\n  <td class=xl6816974 style='border-top:none;border-left:none'>Direcci\u00f3n De\r\n  Desarrollo Ec\u00f3nomico<\/td>\r\n  <td class=xl6816974 style='border-top:none;border-left:none'>Director<\/td>\r\n  <td class=xl6816974 style='border-top:none;border-left:none'>Direcci\u00f3n De\r\n  Desarrollo Ec\u00f3nomico y turismo<\/td>\r\n  <td class=xl6816974 align=right style='border-top:none;border-left:none'>12600<\/td>\r\n  <td class=xl6816974 align=right style='border-top:none;border-left:none'>11202<\/td>\r\n  <td class=xl6916974 align=right style='border-top:none;border-left:none'>06-ene-18<\/td>\r\n  <td class=xl6816974 style='border-top:none;border-left:none'>SN<\/td>\r\n  <td class=xl6816974 style='border-top:none;border-left:none'>Finalizado<\/td>\r\n  <td class=xl6816974 align=right style='border-top:none;border-left:none'>12<\/td>\r\n  <td class=xl6816974 style='border-top:none;border-left:none'>Gustavo<\/td>\r\n  <td class=xl6816974 style='border-top:none;border-left:none'>Hern\u00e1ndez<\/td>\r\n  <td class=xl6816974 style='border-top:none;border-left:none'>Fuentes<\/td>\r\n  <td class=xl7016974 style='border-top:none;border-left:none'><a\r\n  href=\"https:\/\/www.facebook.com\/Apancontigo\/photos\/pcb.555738678116195\/555736818116381\/?type=3&theater\">https:\/\/www.facebook.com\/Apancontigo\/photos\/pcb.555738678116195\/555736818116381\/?type=3&theater<\/a><\/td>\r\n  <td class=xl6816974 style='border-top:none;border-left:none'>Secretaria\r\n  General Municipal<\/td>\r\n  <td class=xl6916974 align=right style='border-top:none;border-left:none'>01-abr-18<\/td>\r\n  <td class=xl6916974 align=right style='border-top:none;border-left:none'>01-ene-18<\/td>\r\n <\/tr>\r\n <![if supportMisalignedColumns]>\r\n <tr height=0 style='display:none'>\r\n  <td width=56 style='width:42pt'><\/td>\r\n  <td width=255 style='width:191pt'><\/td>\r\n  <td width=270 style='width:203pt'><\/td>\r\n  <td width=157 style='width:118pt'><\/td>\r\n  <td width=193 style='width:145pt'><\/td>\r\n  <td width=204 style='width:153pt'><\/td>\r\n  <td width=226 style='width:170pt'><\/td>\r\n  <td width=206 style='width:155pt'><\/td>\r\n  <td width=288 style='width:216pt'><\/td>\r\n  <td width=135 style='width:101pt'><\/td>\r\n  <td width=130 style='width:98pt'><\/td>\r\n  <td width=411 style='width:308pt'><\/td>\r\n  <td width=165 style='width:124pt'><\/td>\r\n  <td width=259 style='width:194pt'><\/td>\r\n  <td width=239 style='width:179pt'><\/td>\r\n  <td width=210 style='width:158pt'><\/td>\r\n  <td width=236 style='width:177pt'><\/td>\r\n  <td width=249 style='width:187pt'><\/td>\r\n  <td width=815 style='width:611pt'><\/td>\r\n  <td width=512 style='width:384pt'><\/td>\r\n  <td width=123 style='width:92pt'><\/td>\r\n  <td width=140 style='width:105pt'><\/td>\r\n <\/tr>\r\n <![endif]>\r\n<\/table>\r\n\r\n<\/div>\t\t\t\t<\/div>\n\t\t\t\t<\/div>\n\t\t\t\t<div class=\"elementor-element elementor-element-cc85b1b elementor-widget elementor-widget-button\" data-id=\"cc85b1b\" data-element_type=\"widget\" data-e-type=\"widget\" data-widget_type=\"button.default\">\n\t\t\t\t<div class=\"elementor-widget-container\">\n\t\t\t\t\t\t\t\t\t<div class=\"elementor-button-wrapper\">\n\t\t\t\t\t<a class=\"elementor-button elementor-button-link elementor-size-sm\" href=\"https:\/\/www.apan.gob.mx\/descargables\/transparencia\/articulo69\/fraccion14\/2018_1\/secgral\/a69_f14.xlsx\">\n\t\t\t\t\t\t<span class=\"elementor-button-content-wrapper\">\n\t\t\t\t\t\t\t\t\t<span class=\"elementor-button-text\">Descargar<\/span>\n\t\t\t\t\t<\/span>\n\t\t\t\t\t<\/a>\n\t\t\t\t<\/div>\n\t\t\t\t\t\t\t\t<\/div>\n\t\t\t\t<\/div>\n\t\t\t\t<div class=\"elementor-element elementor-element-nvbkcfm elementor-widget elementor-widget-heading\" data-id=\"nvbkcfm\" data-element_type=\"widget\" data-e-type=\"widget\" data-widget_type=\"heading.default\">\n\t\t\t\t<div class=\"elementor-widget-container\">\n\t\t\t\t\t<h2 class=\"elementor-heading-title elementor-size-small\">Fecha en que se subi\u00f3 la informaci\u00f3n: 03-mayo-18<\/h2>\t\t\t\t<\/div>\n\t\t\t\t<\/div>\n\t\t\t\t<div class=\"elementor-element elementor-element-g47rjco elementor-widget elementor-widget-heading\" data-id=\"g47rjco\" data-element_type=\"widget\" data-e-type=\"widget\" data-widget_type=\"heading.default\">\n\t\t\t\t<div class=\"elementor-widget-container\">\n\t\t\t\t\t<h2 class=\"elementor-heading-title elementor-size-small\">Se actualizo informaci\u00f3n por observaciones: 24-octubre-18<\/h2>\t\t\t\t<\/div>\n\t\t\t\t<\/div>\n\t\t\t\t\t<\/div>\n\t\t<\/div>\n\t\t\t\t\t<\/div>\n\t\t<\/section>\n\t\t\t\t<\/div>\n\t\t","protected":false},"excerpt":{"rendered":"<p>Fracci\u00f3n XlV a) 44242 T\u00cdTULO NOMBRE CORTO Concursos para ocupar cargos p\u00fablicos a69_f14 1 4 4 9 9 9 1 2 1 6 6 4 1 9 3 1 1 1 7 2 4 13 350492 350494 350493 350488 350498 350489 350499 350479 350478 350482 350483 350490 350497 350485 350480 350476 350477 350491 350501 350495 [&hellip;]<\/p>\n","protected":false},"author":1,"featured_media":0,"parent":0,"menu_order":0,"comment_status":"closed","ping_status":"closed","template":"page-template-full.php","meta":{"footnotes":""},"class_list":["post-2308","page","type-page","status-publish","hentry"],"jetpack_sharing_enabled":true,"_links":{"self":[{"href":"https:\/\/apan.gob.mx\/portal\/wp-json\/wp\/v2\/pages\/2308","targetHints":{"allow":["GET"]}}],"collection":[{"href":"https:\/\/apan.gob.mx\/portal\/wp-json\/wp\/v2\/pages"}],"about":[{"href":"https:\/\/apan.gob.mx\/portal\/wp-json\/wp\/v2\/types\/page"}],"author":[{"embeddable":true,"href":"https:\/\/apan.gob.mx\/portal\/wp-json\/wp\/v2\/users\/1"}],"replies":[{"embeddable":true,"href":"https:\/\/apan.gob.mx\/portal\/wp-json\/wp\/v2\/comments?post=2308"}],"version-history":[{"count":6,"href":"https:\/\/apan.gob.mx\/portal\/wp-json\/wp\/v2\/pages\/2308\/revisions"}],"predecessor-version":[{"id":3361,"href":"https:\/\/apan.gob.mx\/portal\/wp-json\/wp\/v2\/pages\/2308\/revisions\/3361"}],"wp:attachment":[{"href":"https:\/\/apan.gob.mx\/portal\/wp-json\/wp\/v2\/media?parent=2308"}],"curies":[{"name":"wp","href":"https:\/\/api.w.org\/{rel}","templated":true}]}}