{"id":2318,"date":"2018-05-04T15:43:23","date_gmt":"2018-05-04T15:43:23","guid":{"rendered":"https:\/\/apan.gob.mx\/portal\/?page_id=2318"},"modified":"2019-11-08T13:23:15","modified_gmt":"2019-11-08T19:23:15","slug":"secgral_29_2018_1","status":"publish","type":"page","link":"https:\/\/apan.gob.mx\/portal\/secgral_29_2018_1\/","title":{"rendered":"<!--secgral_29_2018_1-->"},"content":{"rendered":"\t\t<div data-elementor-type=\"wp-page\" data-elementor-id=\"2318\" class=\"elementor elementor-2318 elementor-bc-flex-widget\">\n\t\t\t\t\t\t<section class=\"has_ae_slider elementor-section elementor-top-section elementor-element elementor-element-ejmmdgo elementor-section-boxed elementor-section-height-default elementor-section-height-default ae-bg-gallery-type-default\" data-id=\"ejmmdgo\" data-element_type=\"section\" data-e-type=\"section\">\n\t\t\t\t\t\t<div class=\"elementor-container elementor-column-gap-default\">\n\t\t\t\t\t<div class=\"has_ae_slider elementor-column elementor-col-100 elementor-top-column elementor-element elementor-element-mxwpabm ae-bg-gallery-type-default\" data-id=\"mxwpabm\" data-element_type=\"column\" data-e-type=\"column\">\n\t\t\t<div class=\"elementor-widget-wrap elementor-element-populated\">\n\t\t\t\t\t\t<div class=\"elementor-element elementor-element-vonvrhq elementor-widget elementor-widget-heading\" data-id=\"vonvrhq\" data-element_type=\"widget\" data-e-type=\"widget\" data-widget_type=\"heading.default\">\n\t\t\t\t<div class=\"elementor-widget-container\">\n\t\t\t\t\t<h2 class=\"elementor-heading-title elementor-size-medium\">Fracci\u00f3n XXlX<\/h2>\t\t\t\t<\/div>\n\t\t\t\t<\/div>\n\t\t\t\t<div class=\"elementor-element elementor-element-kacspyf elementor-widget elementor-widget-html\" data-id=\"kacspyf\" data-element_type=\"widget\" data-e-type=\"widget\" data-widget_type=\"html.default\">\n\t\t\t\t<div class=\"elementor-widget-container\">\n\t\t\t\t\t\r\n<style id=\"a69_f29_15113_Styles\">\r\n<!--table\r\n\t{mso-displayed-decimal-separator:\"\\.\";\r\n\tmso-displayed-thousand-separator:\"\\,\";}\r\n.xl1515113\r\n\t{padding-top:1px;\r\n\tpadding-right:1px;\r\n\tpadding-left:1px;\r\n\tmso-ignore:padding;\r\n\tcolor:black;\r\n\tfont-size:11.0pt;\r\n\tfont-weight:400;\r\n\tfont-style:normal;\r\n\ttext-decoration:none;\r\n\tfont-family:Calibri, sans-serif;\r\n\tmso-font-charset:0;\r\n\tmso-number-format:General;\r\n\ttext-align:general;\r\n\tvertical-align:bottom;\r\n\tmso-background-source:auto;\r\n\tmso-pattern:auto;\r\n\twhite-space:nowrap;}\r\n.xl6515113\r\n\t{padding-top:1px;\r\n\tpadding-right:1px;\r\n\tpadding-left:1px;\r\n\tmso-ignore:padding;\r\n\tcolor:black;\r\n\tfont-size:10.0pt;\r\n\tfont-weight:400;\r\n\tfont-style:normal;\r\n\ttext-decoration:none;\r\n\tfont-family:Arial, sans-serif;\r\n\tmso-font-charset:0;\r\n\tmso-number-format:General;\r\n\ttext-align:center;\r\n\tvertical-align:bottom;\r\n\tborder:.5pt solid windowtext;\r\n\tbackground:#E1E1E1;\r\n\tmso-pattern:black none;\r\n\twhite-space:normal;}\r\n.xl6615113\r\n\t{padding-top:1px;\r\n\tpadding-right:1px;\r\n\tpadding-left:1px;\r\n\tmso-ignore:padding;\r\n\tcolor:white;\r\n\tfont-size:11.0pt;\r\n\tfont-weight:700;\r\n\tfont-style:normal;\r\n\ttext-decoration:none;\r\n\tfont-family:Arial, sans-serif;\r\n\tmso-font-charset:0;\r\n\tmso-number-format:General;\r\n\ttext-align:center;\r\n\tvertical-align:bottom;\r\n\tborder:.5pt solid windowtext;\r\n\tbackground:#333333;\r\n\tmso-pattern:black none;\r\n\twhite-space:nowrap;}\r\n.xl6715113\r\n\t{padding-top:1px;\r\n\tpadding-right:1px;\r\n\tpadding-left:1px;\r\n\tmso-ignore:padding;\r\n\tcolor:black;\r\n\tfont-size:10.0pt;\r\n\tfont-weight:400;\r\n\tfont-style:normal;\r\n\ttext-decoration:none;\r\n\tfont-family:Arial, sans-serif;\r\n\tmso-font-charset:0;\r\n\tmso-number-format:General;\r\n\ttext-align:general;\r\n\tvertical-align:bottom;\r\n\tborder:.5pt solid windowtext;\r\n\tbackground:#E1E1E1;\r\n\tmso-pattern:black none;\r\n\twhite-space:nowrap;}\r\n.xl6815113\r\n\t{padding-top:1px;\r\n\tpadding-right:1px;\r\n\tpadding-left:1px;\r\n\tmso-ignore:padding;\r\n\tcolor:black;\r\n\tfont-size:11.0pt;\r\n\tfont-weight:400;\r\n\tfont-style:normal;\r\n\ttext-decoration:none;\r\n\tfont-family:Calibri, sans-serif;\r\n\tmso-font-charset:0;\r\n\tmso-number-format:General;\r\n\ttext-align:general;\r\n\tvertical-align:bottom;\r\n\tmso-background-source:auto;\r\n\tmso-pattern:auto;\r\n\twhite-space:normal;}\r\n.xl6915113\r\n\t{padding-top:1px;\r\n\tpadding-right:1px;\r\n\tpadding-left:1px;\r\n\tmso-ignore:padding;\r\n\tcolor:black;\r\n\tfont-size:10.0pt;\r\n\tfont-weight:400;\r\n\tfont-style:normal;\r\n\ttext-decoration:none;\r\n\tfont-family:Arial, sans-serif;\r\n\tmso-font-charset:0;\r\n\tmso-number-format:General;\r\n\ttext-align:general;\r\n\tvertical-align:bottom;\r\n\tborder:.5pt solid windowtext;\r\n\tbackground:#E1E1E1;\r\n\tmso-pattern:black none;\r\n\twhite-space:normal;}\r\n.xl7015113\r\n\t{padding-top:1px;\r\n\tpadding-right:1px;\r\n\tpadding-left:1px;\r\n\tmso-ignore:padding;\r\n\tcolor:black;\r\n\tfont-size:11.0pt;\r\n\tfont-weight:400;\r\n\tfont-style:normal;\r\n\ttext-decoration:none;\r\n\tfont-family:Calibri, sans-serif;\r\n\tmso-font-charset:0;\r\n\tmso-number-format:General;\r\n\ttext-align:general;\r\n\tvertical-align:bottom;\r\n\tborder:.5pt solid windowtext;\r\n\tbackground:white;\r\n\tmso-pattern:black none;\r\n\twhite-space:nowrap;}\r\n.xl7115113\r\n\t{padding-top:1px;\r\n\tpadding-right:1px;\r\n\tpadding-left:1px;\r\n\tmso-ignore:padding;\r\n\tcolor:black;\r\n\tfont-size:11.0pt;\r\n\tfont-weight:400;\r\n\tfont-style:normal;\r\n\ttext-decoration:none;\r\n\tfont-family:Calibri, sans-serif;\r\n\tmso-font-charset:0;\r\n\tmso-number-format:\"Medium Date\";\r\n\ttext-align:general;\r\n\tvertical-align:bottom;\r\n\tborder:.5pt solid windowtext;\r\n\tbackground:white;\r\n\tmso-pattern:black none;\r\n\twhite-space:nowrap;}\r\n.xl7215113\r\n\t{padding-top:1px;\r\n\tpadding-right:1px;\r\n\tpadding-left:1px;\r\n\tmso-ignore:padding;\r\n\tcolor:black;\r\n\tfont-size:11.0pt;\r\n\tfont-weight:400;\r\n\tfont-style:normal;\r\n\ttext-decoration:none;\r\n\tfont-family:Calibri, sans-serif;\r\n\tmso-font-charset:0;\r\n\tmso-number-format:\"Short Date\";\r\n\ttext-align:general;\r\n\tvertical-align:bottom;\r\n\tborder:.5pt solid windowtext;\r\n\tbackground:white;\r\n\tmso-pattern:black none;\r\n\twhite-space:nowrap;}\r\n.xl7315113\r\n\t{padding-top:1px;\r\n\tpadding-right:1px;\r\n\tpadding-left:1px;\r\n\tmso-ignore:padding;\r\n\tcolor:#0563C1;\r\n\tfont-size:11.0pt;\r\n\tfont-weight:400;\r\n\tfont-style:normal;\r\n\ttext-decoration:underline;\r\n\ttext-underline-style:single;\r\n\tfont-family:Calibri, sans-serif;\r\n\tmso-font-charset:0;\r\n\tmso-number-format:General;\r\n\ttext-align:general;\r\n\tvertical-align:bottom;\r\n\tborder:.5pt solid windowtext;\r\n\tbackground:white;\r\n\tmso-pattern:black none;\r\n\twhite-space:nowrap;}\r\n.xl7415113\r\n\t{padding-top:1px;\r\n\tpadding-right:1px;\r\n\tpadding-left:1px;\r\n\tmso-ignore:padding;\r\n\tcolor:black;\r\n\tfont-size:11.0pt;\r\n\tfont-weight:400;\r\n\tfont-style:normal;\r\n\ttext-decoration:none;\r\n\tfont-family:Calibri, sans-serif;\r\n\tmso-font-charset:0;\r\n\tmso-number-format:General;\r\n\ttext-align:general;\r\n\tvertical-align:bottom;\r\n\tborder:.5pt solid windowtext;\r\n\tbackground:white;\r\n\tmso-pattern:black none;\r\n\twhite-space:normal;}\r\n-->\r\n<\/style>\r\n<\/head>\r\n\r\n<body>\r\n<!--[if !excel]>&nbsp;&nbsp;<![endif]-->\r\n<!--La siguiente informaci\u00f3n se gener\u00f3 mediante el Asistente para publicar como\r\np\u00e1gina web de Microsoft Excel.-->\r\n<!--Si se vuelve a publicar el mismo elemento desde Excel, se reemplazar\u00e1 toda\r\nla informaci\u00f3n comprendida entre las etiquetas DIV.-->\r\n<!----------------------------->\r\n<!--INICIO DE LOS RESULTADOS DEL ASISTENTE PARA PUBLICAR COMO P\u00c1GINA WEB DE\r\nEXCEL -->\r\n<!----------------------------->\r\n\r\n<div id=\"a69_f29_15113\" align=center x:publishsource=\"Excel\">\r\n\r\n<table border=0 cellpadding=0 cellspacing=0 width=3906 style='border-collapse:\r\n collapse;table-layout:fixed;width:2931pt'>\r\n <col width=56 style='mso-width-source:userset;mso-width-alt:2048;width:42pt'>\r\n <col width=255 style='mso-width-source:userset;mso-width-alt:9325;width:191pt'>\r\n <col width=270 style='mso-width-source:userset;mso-width-alt:9874;width:203pt'>\r\n <col width=190 style='mso-width-source:userset;mso-width-alt:6948;width:143pt'>\r\n <col width=493 style='mso-width-source:userset;mso-width-alt:18029;width:370pt'>\r\n <col width=116 style='mso-width-source:userset;mso-width-alt:4242;width:87pt'>\r\n <col width=306 style='mso-width-source:userset;mso-width-alt:11190;width:230pt'>\r\n <col width=292 style='mso-width-source:userset;mso-width-alt:10678;width:219pt'>\r\n <col width=762 style='mso-width-source:userset;mso-width-alt:27867;width:572pt'>\r\n <col width=512 style='mso-width-source:userset;mso-width-alt:18724;width:384pt'>\r\n <col width=123 style='mso-width-source:userset;mso-width-alt:4498;width:92pt'>\r\n <col width=140 style='mso-width-source:userset;mso-width-alt:5120;width:105pt'>\r\n <col class=xl6815113 width=391 style='mso-width-source:userset;mso-width-alt:\r\n 14299;width:293pt'>\r\n <tr height=0 style='display:none'>\r\n  <td class=xl1515113 width=56 style='width:42pt'>45731<\/td>\r\n  <td class=xl1515113 width=255 style='width:191pt'><\/td>\r\n  <td class=xl1515113 width=270 style='width:203pt'><\/td>\r\n  <td class=xl1515113 width=190 style='width:143pt'><\/td>\r\n  <td class=xl1515113 width=493 style='width:370pt'><\/td>\r\n  <td class=xl1515113 width=116 style='width:87pt'><\/td>\r\n  <td class=xl1515113 width=306 style='width:230pt'><\/td>\r\n  <td class=xl1515113 width=292 style='width:219pt'><\/td>\r\n  <td class=xl1515113 width=762 style='width:572pt'><\/td>\r\n  <td class=xl1515113 width=512 style='width:384pt'><\/td>\r\n  <td class=xl1515113 width=123 style='width:92pt'><\/td>\r\n  <td class=xl1515113 width=140 style='width:105pt'><\/td>\r\n  <td class=xl6815113 width=391 style='width:293pt'><\/td>\r\n <\/tr>\r\n <tr height=20 style='height:15.0pt'>\r\n  <td colspan=3 height=20 class=xl6615113 style='height:15.0pt'>T\u00cdTULO<\/td>\r\n  <td colspan=3 class=xl6615113>NOMBRE CORTO<\/td>\r\n  <td colspan=3 class=xl6615113>DESCRIPCI\u00d3N<\/td>\r\n  <td class=xl1515113><\/td>\r\n  <td class=xl1515113><\/td>\r\n  <td class=xl1515113><\/td>\r\n  <td class=xl6815113 width=391 style='width:293pt'><\/td>\r\n <\/tr>\r\n <tr height=65 style='mso-height-source:userset;height:48.75pt'>\r\n  <td colspan=3 height=65 class=xl6715113 style='height:48.75pt'>Informes\r\n  emitidos<\/td>\r\n  <td colspan=3 class=xl6715113>a69_f29<\/td>\r\n  <td colspan=3 class=xl6915113 width=1360 style='width:1021pt'>La relaci\u00f3n de\r\n  informes que de acuerdo con su naturaleza y la normatividad les sea aplicable\r\n  o se encuentren obligados a rendir ante cualquier otro sujeto obligado.\r\n  Deber\u00e1 incluir, los informes de gobierno; labores o actividades; en materia\r\n  de transparencia y protecci\u00f3n de datos personales. La informaci\u00f3n no debe\r\n  estar relacionada con informes program\u00e1ticos presupuestales y financieros ni\r\n  procedimientos de adjudicaci\u00f3n directa, invitaci\u00f3n restringida y licitaci\u00f3n\r\n  de cualquier naturaleza.<\/td>\r\n  <td class=xl1515113><\/td>\r\n  <td class=xl1515113><\/td>\r\n  <td class=xl1515113><\/td>\r\n  <td class=xl6815113 width=391 style='width:293pt'><\/td>\r\n <\/tr>\r\n <tr height=0 style='display:none'>\r\n  <td class=xl1515113>1<\/td>\r\n  <td class=xl1515113>4<\/td>\r\n  <td class=xl1515113>4<\/td>\r\n  <td class=xl1515113>2<\/td>\r\n  <td class=xl1515113>2<\/td>\r\n  <td class=xl1515113>2<\/td>\r\n  <td class=xl1515113>1<\/td>\r\n  <td class=xl1515113>4<\/td>\r\n  <td class=xl1515113>7<\/td>\r\n  <td class=xl1515113>2<\/td>\r\n  <td class=xl1515113>4<\/td>\r\n  <td class=xl1515113>13<\/td>\r\n  <td class=xl6815113 width=391 style='width:293pt'>14<\/td>\r\n <\/tr>\r\n <tr height=0 style='display:none'>\r\n  <td class=xl1515113>378497<\/td>\r\n  <td class=xl1515113>378502<\/td>\r\n  <td class=xl1515113>378503<\/td>\r\n  <td class=xl1515113>378507<\/td>\r\n  <td class=xl1515113>378498<\/td>\r\n  <td class=xl1515113>378508<\/td>\r\n  <td class=xl1515113>378509<\/td>\r\n  <td class=xl1515113>378499<\/td>\r\n  <td class=xl1515113>378501<\/td>\r\n  <td class=xl1515113>378505<\/td>\r\n  <td class=xl1515113>378500<\/td>\r\n  <td class=xl1515113>378504<\/td>\r\n  <td class=xl6815113 width=391 style='width:293pt'>378506<\/td>\r\n <\/tr>\r\n <tr height=20 style='height:15.0pt'>\r\n  <td colspan=13 height=20 class=xl6615113 style='height:15.0pt'>Tabla Campos<\/td>\r\n <\/tr>\r\n <tr height=35 style='height:26.25pt'>\r\n  <td height=35 class=xl6515113 width=56 style='height:26.25pt;width:42pt'>Ejercicio<\/td>\r\n  <td class=xl6515113 width=255 style='border-left:none;width:191pt'>Fecha de\r\n  inicio del periodo que se informa<\/td>\r\n  <td class=xl6515113 width=270 style='border-left:none;width:203pt'>Fecha de\r\n  t\u00e9rmino del periodo que se informa<\/td>\r\n  <td class=xl6515113 width=190 style='border-left:none;width:143pt'>Denominaci\u00f3n\r\n  de cada informe<\/td>\r\n  <td class=xl6515113 width=493 style='border-left:none;width:370pt'>Denominaci\u00f3n\r\n  del \u00e1rea responsable de la elaboraci\u00f3n y\/o presentaci\u00f3n del informe<\/td>\r\n  <td class=xl6515113 width=116 style='border-left:none;width:87pt'>Fundamento\r\n  legal<span style='mso-spacerun:yes'>\u00a0<\/span><\/td>\r\n  <td class=xl6515113 width=306 style='border-left:none;width:230pt'>Periodicidad\r\n  para elaborar y\/o presentar el informe<\/td>\r\n  <td class=xl6515113 width=292 style='border-left:none;width:219pt'>Fecha en\r\n  que se present\u00f3 y\/o entreg\u00f3 el informe<\/td>\r\n  <td class=xl6515113 width=762 style='border-left:none;width:572pt'>Hiperv\u00ednculo\r\n  al documento del informe correspondiente<\/td>\r\n  <td class=xl6515113 width=512 style='border-left:none;width:384pt'>\u00c1rea(s)\r\n  responsable(s) que genera(n), posee(n), publica(n) y actualizan la\r\n  informaci\u00f3n<\/td>\r\n  <td class=xl6515113 width=123 style='border-left:none;width:92pt'>Fecha de\r\n  validaci\u00f3n<\/td>\r\n  <td class=xl6515113 width=140 style='border-left:none;width:105pt'>Fecha de\r\n  actualizaci\u00f3n<\/td>\r\n  <td class=xl6515113 width=391 style='border-left:none;width:293pt'>Nota<\/td>\r\n <\/tr>\r\n <tr height=20 style='height:15.0pt'>\r\n  <td height=20 class=xl7015113 align=right style='height:15.0pt;border-top:\r\n  none'>2017<\/td>\r\n  <td class=xl7115113 align=right style='border-top:none;border-left:none'>01-ene-18<\/td>\r\n  <td class=xl7115113 align=right style='border-top:none;border-left:none'>31-mar-18<\/td>\r\n  <td class=xl7015113 style='border-top:none;border-left:none'>Informe de\r\n  Gobierno<\/td>\r\n  <td class=xl7015113 style='border-top:none;border-left:none'>Comunicaci\u00f3n\r\n  social<\/td>\r\n  <td class=xl7015113 style='border-top:none;border-left:none'>&nbsp;<\/td>\r\n  <td class=xl7015113 style='border-top:none;border-left:none'>tres meses<\/td>\r\n  <td class=xl7215113 align=right style='border-top:none;border-left:none'>05\/09\/2017<\/td>\r\n  <td class=xl7315113 style='border-top:none;border-left:none'><a\r\n  href=\"https:\/\/www.apan.gob.mx\/descargables\/transparencia\/articulo69\/fraccion29\/2018_1\/secgral\/FrXXIXa1_1.pdf\">https:\/\/www.apan.gob.mx\/descargables\/transparencia\/articulo69\/fraccion29\/2018_1\/secgral\/FrXXIXa1_1.pdf<\/a><\/td>\r\n  <td class=xl7015113 style='border-top:none;border-left:none'>Secretaria\r\n  General Municipal<\/td>\r\n  <td class=xl7115113 align=right style='border-top:none;border-left:none'>01-abr-18<\/td>\r\n  <td class=xl7115113 align=right style='border-top:none;border-left:none'>01-ene-18<\/td>\r\n  <td class=xl7415113 width=391 style='border-top:none;border-left:none;\r\n  width:293pt'>&nbsp;<\/td>\r\n <\/tr>\r\n <tr height=46 style='mso-height-source:userset;height:34.5pt'>\r\n  <td height=46 class=xl7015113 align=right style='height:34.5pt;border-top:\r\n  none'>2018<\/td>\r\n  <td class=xl7115113 align=right style='border-top:none;border-left:none'>01-ene-18<\/td>\r\n  <td class=xl7115113 align=right style='border-top:none;border-left:none'>31-mar-18<\/td>\r\n  <td class=xl7015113 style='border-top:none;border-left:none'>Aun no existe\r\n  Informacio<\/td>\r\n  <td class=xl7015113 style='border-top:none;border-left:none'>Aun no existe\r\n  Informacio<\/td>\r\n  <td class=xl7015113 style='border-top:none;border-left:none'>Aun no existe\r\n  Info<span style='display:none'>rmacio<\/span><\/td>\r\n  <td class=xl7015113 style='border-top:none;border-left:none'>Aun no existe\r\n  Informacio<\/td>\r\n  <td class=xl7215113 align=right style='border-top:none;border-left:none'>05\/09\/2018<\/td>\r\n  <td class=xl7315113 style='border-top:none;border-left:none'><a\r\n  href=\"https:\/\/www.apan.gob.mx\/descargables\/transparencia\/articulo69\/fraccion29\/2018_1\/secgral\/FraXXIXa2_1.pdf\">https:\/\/www.apan.gob.mx\/descargables\/transparencia\/articulo69\/fraccion29\/2018_1\/secgral\/FraXXIXa2_1.pdf<\/a><\/td>\r\n  <td class=xl7015113 style='border-top:none;border-left:none'>Secretaria\r\n  General Municipal<\/td>\r\n  <td class=xl7115113 align=right style='border-top:none;border-left:none'>01-abr-18<\/td>\r\n  <td class=xl7115113 align=right style='border-top:none;border-left:none'>01-ene-18<\/td>\r\n  <td class=xl7415113 width=391 style='border-top:none;border-left:none;\r\n  width:293pt'>No se genera informe en este trimestre<span\r\n  style='mso-spacerun:yes'>\u00a0 <\/span>ya que aun no llegamos a la fecha\r\n  correspondiente 05\/09\/2018.<\/td>\r\n <\/tr>\r\n <![if supportMisalignedColumns]>\r\n <tr height=0 style='display:none'>\r\n  <td width=56 style='width:42pt'><\/td>\r\n  <td width=255 style='width:191pt'><\/td>\r\n  <td width=270 style='width:203pt'><\/td>\r\n  <td width=190 style='width:143pt'><\/td>\r\n  <td width=493 style='width:370pt'><\/td>\r\n  <td width=116 style='width:87pt'><\/td>\r\n  <td width=306 style='width:230pt'><\/td>\r\n  <td width=292 style='width:219pt'><\/td>\r\n  <td width=762 style='width:572pt'><\/td>\r\n  <td width=512 style='width:384pt'><\/td>\r\n  <td width=123 style='width:92pt'><\/td>\r\n  <td width=140 style='width:105pt'><\/td>\r\n  <td width=391 style='width:293pt'><\/td>\r\n <\/tr>\r\n <![endif]>\r\n<\/table>\r\n\r\n<\/div>\r\n\r\n\t\t\t\t<\/div>\n\t\t\t\t<\/div>\n\t\t\t\t<div class=\"elementor-element elementor-element-0bxx8kw elementor-widget elementor-widget-button\" data-id=\"0bxx8kw\" data-element_type=\"widget\" data-e-type=\"widget\" data-widget_type=\"button.default\">\n\t\t\t\t<div class=\"elementor-widget-container\">\n\t\t\t\t\t\t\t\t\t<div class=\"elementor-button-wrapper\">\n\t\t\t\t\t<a class=\"elementor-button elementor-button-link elementor-size-sm\" href=\"https:\/\/www.apan.gob.mx\/descargables\/transparencia\/articulo69\/fraccion29\/2018_1\/secgral\/a69_f29.xlsx\">\n\t\t\t\t\t\t<span class=\"elementor-button-content-wrapper\">\n\t\t\t\t\t\t\t\t\t<span class=\"elementor-button-text\">Descargar<\/span>\n\t\t\t\t\t<\/span>\n\t\t\t\t\t<\/a>\n\t\t\t\t<\/div>\n\t\t\t\t\t\t\t\t<\/div>\n\t\t\t\t<\/div>\n\t\t\t\t<div class=\"elementor-element elementor-element-upxkpev elementor-widget elementor-widget-heading\" data-id=\"upxkpev\" data-element_type=\"widget\" data-e-type=\"widget\" data-widget_type=\"heading.default\">\n\t\t\t\t<div class=\"elementor-widget-container\">\n\t\t\t\t\t<h2 class=\"elementor-heading-title elementor-size-small\">Fecha en que se subi\u00f3 la informaci\u00f3n: 04-mayo-18<\/h2>\t\t\t\t<\/div>\n\t\t\t\t<\/div>\n\t\t\t\t<div class=\"elementor-element elementor-element-dqh0fsd elementor-widget elementor-widget-heading\" data-id=\"dqh0fsd\" data-element_type=\"widget\" data-e-type=\"widget\" data-widget_type=\"heading.default\">\n\t\t\t\t<div class=\"elementor-widget-container\">\n\t\t\t\t\t<h2 class=\"elementor-heading-title elementor-size-small\"><a href=\"https:\/\/www.apan.gob.mx\/descargables\/transparencia\/articulo69\/fraccion29\/2018_1\/secgral\/a69_f29.xlsx\">Fecha en que se realizaron cambios a la informaci\u00f3n por observaciones: 26-octubre-18<\/a><\/h2>\t\t\t\t<\/div>\n\t\t\t\t<\/div>\n\t\t\t\t\t<\/div>\n\t\t<\/div>\n\t\t\t\t\t<\/div>\n\t\t<\/section>\n\t\t\t\t<\/div>\n\t\t","protected":false},"excerpt":{"rendered":"<p>Fracci\u00f3n XXlX 45731 T\u00cdTULO NOMBRE CORTO DESCRIPCI\u00d3N Informes emitidos a69_f29 La relaci\u00f3n de informes que de acuerdo con su naturaleza y la normatividad les sea aplicable o se encuentren obligados a rendir ante cualquier otro sujeto obligado. Deber\u00e1 incluir, los informes de gobierno; labores o actividades; en materia de transparencia y protecci\u00f3n de datos personales. [&hellip;]<\/p>\n","protected":false},"author":1,"featured_media":0,"parent":0,"menu_order":0,"comment_status":"closed","ping_status":"closed","template":"page-template-full.php","meta":{"footnotes":""},"class_list":["post-2318","page","type-page","status-publish","hentry"],"jetpack_sharing_enabled":true,"_links":{"self":[{"href":"https:\/\/apan.gob.mx\/portal\/wp-json\/wp\/v2\/pages\/2318","targetHints":{"allow":["GET"]}}],"collection":[{"href":"https:\/\/apan.gob.mx\/portal\/wp-json\/wp\/v2\/pages"}],"about":[{"href":"https:\/\/apan.gob.mx\/portal\/wp-json\/wp\/v2\/types\/page"}],"author":[{"embeddable":true,"href":"https:\/\/apan.gob.mx\/portal\/wp-json\/wp\/v2\/users\/1"}],"replies":[{"embeddable":true,"href":"https:\/\/apan.gob.mx\/portal\/wp-json\/wp\/v2\/comments?post=2318"}],"version-history":[{"count":11,"href":"https:\/\/apan.gob.mx\/portal\/wp-json\/wp\/v2\/pages\/2318\/revisions"}],"predecessor-version":[{"id":7342,"href":"https:\/\/apan.gob.mx\/portal\/wp-json\/wp\/v2\/pages\/2318\/revisions\/7342"}],"wp:attachment":[{"href":"https:\/\/apan.gob.mx\/portal\/wp-json\/wp\/v2\/media?parent=2318"}],"curies":[{"name":"wp","href":"https:\/\/api.w.org\/{rel}","templated":true}]}}