{"id":24348,"date":"2024-07-31T19:27:56","date_gmt":"2024-08-01T01:27:56","guid":{"rendered":"https:\/\/apan.gob.mx\/portal\/?page_id=24348"},"modified":"2025-11-25T16:14:58","modified_gmt":"2025-11-25T22:14:58","slug":"tesoreria-21-2024-2","status":"publish","type":"page","link":"https:\/\/apan.gob.mx\/portal\/2-trimestre-2024\/tesoreria-21-2024-2\/","title":{"rendered":"<--tesoreria-21-2024-2-->"},"content":{"rendered":"\t\t<div data-elementor-type=\"wp-page\" data-elementor-id=\"24348\" class=\"elementor elementor-24348\">\n\t\t\t\t\t\t<div class=\"elementor-inner\">\n\t\t\t\t<div class=\"elementor-section-wrap\">\n\t\t\t\t\t\t\t\t\t<section class=\"has_ae_slider elementor-section elementor-top-section elementor-element elementor-element-36174e3 elementor-section-boxed elementor-section-height-default elementor-section-height-default ae-bg-gallery-type-default\" data-id=\"36174e3\" data-element_type=\"section\">\n\t\t\t\t\t\t<div class=\"elementor-container elementor-column-gap-default\">\n\t\t\t\t\t\t\t<div class=\"elementor-row\">\n\t\t\t\t\t<div class=\"has_ae_slider elementor-column elementor-col-100 elementor-top-column elementor-element elementor-element-4fd15f2 ae-bg-gallery-type-default\" data-id=\"4fd15f2\" data-element_type=\"column\">\n\t\t\t<div class=\"elementor-column-wrap elementor-element-populated\">\n\t\t\t\t\t\t\t<div class=\"elementor-widget-wrap\">\n\t\t\t\t\t\t<div class=\"elementor-element elementor-element-f232398 elementor-widget elementor-widget-heading\" data-id=\"f232398\" data-element_type=\"widget\" data-widget_type=\"heading.default\">\n\t\t\t\t<div class=\"elementor-widget-container\">\n\t\t\t<h2 class=\"elementor-heading-title elementor-size-medium\"><a href=\"https:\/\/www.apan.gob.mx\/descargables\/transparencia\/articulo69\/fraccion21\/2024_1\/tesoreria\/a\/a69_f21_a.xlsx\">Fracci\u00f3n XXI a, esta fracci\u00f3n podr\u00e1 consultarla en el cuarto trimestre del presente a\u00f1o, por ser una fracci\u00f3n de publicaci\u00f3n anual<\/a><\/h2>\t\t<\/div>\n\t\t\t\t<\/div>\n\t\t\t\t<div class=\"elementor-element elementor-element-7b07160 elementor-widget elementor-widget-button\" data-id=\"7b07160\" data-element_type=\"widget\" data-widget_type=\"button.default\">\n\t\t\t\t<div class=\"elementor-widget-container\">\n\t\t\t\t\t<div class=\"elementor-button-wrapper\">\n\t\t\t<a href=\"https:\/\/www.apan.gob.mx\/descargables\/transparencia\/articulo69\/fraccion21\/2024_2\/tesoreria\/b\/a69_f21_bDana.xlsx\" target=\"_blank\" class=\"elementor-button-link elementor-button elementor-size-sm\" role=\"button\">\n\t\t\t\t\t\t<span class=\"elementor-button-content-wrapper\">\n\t\t\t\t\t\t<span class=\"elementor-button-text\">Descargar archivo<\/span>\n\t\t<\/span>\n\t\t\t\t\t<\/a>\n\t\t<\/div>\n\t\t\t\t<\/div>\n\t\t\t\t<\/div>\n\t\t\t\t<div class=\"elementor-element elementor-element-fa49201 elementor-widget elementor-widget-heading\" data-id=\"fa49201\" data-element_type=\"widget\" data-widget_type=\"heading.default\">\n\t\t\t\t<div class=\"elementor-widget-container\">\n\t\t\t<h2 class=\"elementor-heading-title elementor-size-medium\"><a href=\"http:\/\/http\">Fracci\u00f3n XXI b<\/a><\/h2>\t\t<\/div>\n\t\t\t\t<\/div>\n\t\t\t\t<div class=\"elementor-element elementor-element-d0e9b6b elementor-widget elementor-widget-html\" data-id=\"d0e9b6b\" data-element_type=\"widget\" data-widget_type=\"html.default\">\n\t\t\t\t<div class=\"elementor-widget-container\">\n\t\t\t<html xmlns:o=\"urn:schemas-microsoft-com:office:office\"\r\nxmlns:x=\"urn:schemas-microsoft-com:office:excel\"\r\nxmlns=\"http:\/\/www.w3.org\/TR\/REC-html40\">\r\n\r\n<head>\r\n<meta http-equiv=Content-Type content=\"text\/html; charset=windows-1252\">\r\n<meta name=ProgId content=Excel.Sheet>\r\n<meta name=Generator content=\"Microsoft Excel 15\">\r\n<link rel=File-List href=\"a69_f21_bDana_archivos\/filelist.xml\">\r\n<style id=\"a69_f21_bDana_21924_Styles\">\r\n<!--table\r\n\t{mso-displayed-decimal-separator:\"\\.\";\r\n\tmso-displayed-thousand-separator:\"\\,\";}\r\n.xl1521924\r\n\t{padding-top:1px;\r\n\tpadding-right:1px;\r\n\tpadding-left:1px;\r\n\tmso-ignore:padding;\r\n\tcolor:black;\r\n\tfont-size:11.0pt;\r\n\tfont-weight:400;\r\n\tfont-style:normal;\r\n\ttext-decoration:none;\r\n\tfont-family:Calibri, sans-serif;\r\n\tmso-font-charset:0;\r\n\tmso-number-format:General;\r\n\ttext-align:general;\r\n\tvertical-align:bottom;\r\n\tmso-background-source:auto;\r\n\tmso-pattern:auto;\r\n\twhite-space:nowrap;}\r\n.xl6521924\r\n\t{padding-top:1px;\r\n\tpadding-right:1px;\r\n\tpadding-left:1px;\r\n\tmso-ignore:padding;\r\n\tcolor:black;\r\n\tfont-size:10.0pt;\r\n\tfont-weight:400;\r\n\tfont-style:normal;\r\n\ttext-decoration:none;\r\n\tfont-family:Arial;\r\n\tmso-generic-font-family:auto;\r\n\tmso-font-charset:0;\r\n\tmso-number-format:General;\r\n\ttext-align:center;\r\n\tvertical-align:bottom;\r\n\tborder:.5pt solid windowtext;\r\n\tbackground:#E1E1E1;\r\n\tmso-pattern:black none;\r\n\twhite-space:normal;}\r\n.xl6621924\r\n\t{padding-top:1px;\r\n\tpadding-right:1px;\r\n\tpadding-left:1px;\r\n\tmso-ignore:padding;\r\n\tcolor:white;\r\n\tfont-size:11.0pt;\r\n\tfont-weight:700;\r\n\tfont-style:normal;\r\n\ttext-decoration:none;\r\n\tfont-family:Arial;\r\n\tmso-generic-font-family:auto;\r\n\tmso-font-charset:0;\r\n\tmso-number-format:General;\r\n\ttext-align:center;\r\n\tvertical-align:bottom;\r\n\tborder:.5pt solid windowtext;\r\n\tbackground:#333333;\r\n\tmso-pattern:black none;\r\n\twhite-space:normal;}\r\n.xl6721924\r\n\t{padding-top:1px;\r\n\tpadding-right:1px;\r\n\tpadding-left:1px;\r\n\tmso-ignore:padding;\r\n\tcolor:black;\r\n\tfont-size:10.0pt;\r\n\tfont-weight:400;\r\n\tfont-style:normal;\r\n\ttext-decoration:none;\r\n\tfont-family:Arial;\r\n\tmso-generic-font-family:auto;\r\n\tmso-font-charset:0;\r\n\tmso-number-format:General;\r\n\ttext-align:general;\r\n\tvertical-align:bottom;\r\n\tborder:.5pt solid windowtext;\r\n\tbackground:#E1E1E1;\r\n\tmso-pattern:black none;\r\n\twhite-space:nowrap;}\r\n.xl6821924\r\n\t{padding-top:1px;\r\n\tpadding-right:1px;\r\n\tpadding-left:1px;\r\n\tmso-ignore:padding;\r\n\tcolor:black;\r\n\tfont-size:11.0pt;\r\n\tfont-weight:400;\r\n\tfont-style:normal;\r\n\ttext-decoration:none;\r\n\tfont-family:Calibri, sans-serif;\r\n\tmso-font-charset:0;\r\n\tmso-number-format:General;\r\n\ttext-align:general;\r\n\tvertical-align:bottom;\r\n\tborder:.5pt solid windowtext;\r\n\tmso-background-source:auto;\r\n\tmso-pattern:auto;\r\n\twhite-space:nowrap;}\r\n.xl6921924\r\n\t{padding-top:1px;\r\n\tpadding-right:1px;\r\n\tpadding-left:1px;\r\n\tmso-ignore:padding;\r\n\tcolor:black;\r\n\tfont-size:11.0pt;\r\n\tfont-weight:400;\r\n\tfont-style:normal;\r\n\ttext-decoration:none;\r\n\tfont-family:Calibri, sans-serif;\r\n\tmso-font-charset:0;\r\n\tmso-number-format:\"Short Date\";\r\n\ttext-align:general;\r\n\tvertical-align:bottom;\r\n\tborder:.5pt solid windowtext;\r\n\tmso-background-source:auto;\r\n\tmso-pattern:auto;\r\n\twhite-space:nowrap;}\r\n.xl7021924\r\n\t{padding-top:1px;\r\n\tpadding-right:1px;\r\n\tpadding-left:1px;\r\n\tmso-ignore:padding;\r\n\tcolor:#0563C1;\r\n\tfont-size:11.0pt;\r\n\tfont-weight:400;\r\n\tfont-style:normal;\r\n\ttext-decoration:underline;\r\n\ttext-underline-style:single;\r\n\tfont-family:Calibri, sans-serif;\r\n\tmso-font-charset:0;\r\n\tmso-number-format:General;\r\n\ttext-align:general;\r\n\tvertical-align:bottom;\r\n\tborder:.5pt solid windowtext;\r\n\tmso-background-source:auto;\r\n\tmso-pattern:auto;\r\n\twhite-space:nowrap;}\r\n-->\r\n<\/style>\r\n<\/head>\r\n\r\n<body>\r\n<!--[if !excel]>&nbsp;&nbsp;<![endif]-->\r\n<!--La siguiente informaci n se gener  mediante el Asistente para publicar como\r\np gina web de Microsoft Excel.-->\r\n<!--Si se vuelve a publicar el mismo elemento desde Excel, se reemplazar  toda\r\nla informaci n comprendida entre las etiquetas DIV.-->\r\n<!----------------------------->\r\n<!--INICIO DE LOS RESULTADOS DEL ASISTENTE PARA PUBLICAR COMO P GINA WEB DE\r\nEXCEL -->\r\n<!----------------------------->\r\n\r\n<div id=\"a69_f21_bDana_21924\" align=center x:publishsource=\"Excel\">\r\n\r\n<table border=0 cellpadding=0 cellspacing=0 width=2670 style='border-collapse:\r\n collapse;table-layout:fixed;width:2003pt'>\r\n <col width=56 style='mso-width-source:userset;mso-width-alt:2048;width:42pt'>\r\n <col width=255 style='mso-width-source:userset;mso-width-alt:9325;width:191pt'>\r\n <col width=270 style='mso-width-source:userset;mso-width-alt:9874;width:203pt'>\r\n <col width=491 style='mso-width-source:userset;mso-width-alt:17956;width:368pt'>\r\n <col width=826 style='mso-width-source:userset;mso-width-alt:30208;width:620pt'>\r\n <col width=512 style='mso-width-source:userset;mso-width-alt:18724;width:384pt'>\r\n <col width=140 style='mso-width-source:userset;mso-width-alt:5120;width:105pt'>\r\n <col width=56 style='mso-width-source:userset;mso-width-alt:2048;width:42pt'>\r\n <col width=64 style='width:48pt'>\r\n <tr height=0 style='display:none'>\r\n  <td class=xl1521924 width=56 style='width:42pt'>46582<\/td>\r\n  <td class=xl1521924 width=255 style='width:191pt'><\/td>\r\n  <td class=xl1521924 width=270 style='width:203pt'><\/td>\r\n  <td class=xl1521924 width=491 style='width:368pt'><\/td>\r\n  <td class=xl1521924 width=826 style='width:620pt'><\/td>\r\n  <td class=xl1521924 width=512 style='width:384pt'><\/td>\r\n  <td class=xl1521924 width=140 style='width:105pt'><\/td>\r\n  <td class=xl1521924 width=56 style='width:42pt'><\/td>\r\n  <td class=xl1521924 width=64 style='width:48pt'><\/td>\r\n <\/tr>\r\n <tr height=20 style='height:15.0pt'>\r\n  <td colspan=3 height=20 class=xl6621924 width=581 style='height:15.0pt;\r\n  width:436pt'>T TULO<\/td>\r\n  <td colspan=3 class=xl6621924 width=1829 style='width:1372pt'>NOMBRE CORTO<\/td>\r\n  <td colspan=3 class=xl6621924 width=260 style='width:195pt'>DESCRIPCI N<\/td>\r\n <\/tr>\r\n <tr height=20 style='height:15.0pt'>\r\n  <td colspan=3 height=20 class=xl6721924 style='height:15.0pt'>Presupuesto\r\n  asignado_Ejercicio de los egresos presupuestarios<\/td>\r\n  <td colspan=3 class=xl6721924>a69_f21_b<\/td>\r\n  <td colspan=3 class=xl6721924>El ejercicio de los egresos presupuestarios\r\n  pertenece al Estado Anal tico del Ejercicio del Presupuesto de Egresos,\r\n  generado de manera peri dica y de acuerdo con la Ley General de Contabilidad\r\n  Gubernamental  ste deber  contener  nicamente los datos desglosados\r\n  correspondientes a la Clasificaci n por Objeto del Gasto (Cap tulo y\r\n  Concepto), el hiperv nculo al Estado Anal tico del Ejercicio del Presupuesto\r\n  de Egresos completo.<\/td>\r\n <\/tr>\r\n <tr height=0 style='display:none'>\r\n  <td class=xl1521924>1<\/td>\r\n  <td class=xl1521924>4<\/td>\r\n  <td class=xl1521924>4<\/td>\r\n  <td class=xl1521924>10<\/td>\r\n  <td class=xl1521924>7<\/td>\r\n  <td class=xl1521924>2<\/td>\r\n  <td class=xl1521924>13<\/td>\r\n  <td class=xl1521924>14<\/td>\r\n  <td class=xl1521924><\/td>\r\n <\/tr>\r\n <tr height=0 style='display:none'>\r\n  <td class=xl1521924>393851<\/td>\r\n  <td class=xl1521924>393856<\/td>\r\n  <td class=xl1521924>393855<\/td>\r\n  <td class=xl1521924>393859<\/td>\r\n  <td class=xl1521924>393854<\/td>\r\n  <td class=xl1521924>393858<\/td>\r\n  <td class=xl1521924>393853<\/td>\r\n  <td class=xl1521924>393857<\/td>\r\n  <td class=xl1521924><\/td>\r\n <\/tr>\r\n <tr height=20 style='height:15.0pt'>\r\n  <td colspan=8 height=20 class=xl6621924 width=2606 style='height:15.0pt;\r\n  width:1955pt'>Tabla Campos<\/td>\r\n  <td class=xl1521924><\/td>\r\n <\/tr>\r\n <tr height=35 style='height:26.25pt'>\r\n  <td height=35 class=xl6521924 width=56 style='height:26.25pt;width:42pt'>Ejercicio<\/td>\r\n  <td class=xl6521924 width=255 style='border-left:none;width:191pt'>Fecha de\r\n  inicio del periodo que se informa<\/td>\r\n  <td class=xl6521924 width=270 style='border-left:none;width:203pt'>Fecha de\r\n  t rmino del periodo que se informa<\/td>\r\n  <td class=xl6521924 width=491 style='border-left:none;width:368pt'>Clasificaci n\r\n  del estado anal tico del ejercicio del presupuesto por objeto de gasto <br>\r\n    Tabla_393859<\/td>\r\n  <td class=xl6521924 width=826 style='border-left:none;width:620pt'>Hiperv nculo\r\n  al Estado anal tico del ejercicio del Presupuesto de Egresos<\/td>\r\n  <td class=xl6521924 width=512 style='border-left:none;width:384pt'> rea(s)\r\n  responsable(s) que genera(n), posee(n), publica(n) y actualizan la\r\n  informaci n<\/td>\r\n  <td class=xl6521924 width=140 style='border-left:none;width:105pt'>Fecha de\r\n  actualizaci n<\/td>\r\n  <td class=xl6521924 width=56 style='border-left:none;width:42pt'>Nota<\/td>\r\n  <td class=xl1521924><\/td>\r\n <\/tr>\r\n <tr height=20 style='height:15.0pt'>\r\n  <td height=20 class=xl6821924 align=right style='height:15.0pt;border-top:\r\n  none'>2024<\/td>\r\n  <td class=xl6921924 align=right style='border-top:none;border-left:none'>01\/04\/2024<\/td>\r\n  <td class=xl6921924 align=right style='border-top:none;border-left:none'>30\/06\/2024<\/td>\r\n  <td class=xl6821924 align=right style='border-top:none;border-left:none'>1<\/td>\r\n  <td class=xl7021924 style='border-top:none;border-left:none'><a\r\n  href=\"https:\/\/www.apan.gob.mx\/descargables\/transparencia\/articulo69\/fraccion21\/2024_2\/tesoreria\/b\/analitico%20por%20concepto%20de%20gasto.pdf\">https:\/\/www.apan.gob.mx\/descargables\/transparencia\/articulo69\/fraccion21\/2024_2\/tesoreria\/b\/analitico\r\n  por concepto de gasto.pdf<\/a><\/td>\r\n  <td class=xl6821924 style='border-top:none;border-left:none'>Tesorer a<\/td>\r\n  <td class=xl6921924 align=right style='border-top:none;border-left:none'>07\/07\/2024<\/td>\r\n  <td class=xl6821924 style='border-top:none;border-left:none'>&nbsp;<\/td>\r\n  <td class=xl1521924><\/td>\r\n <\/tr>\r\n <tr height=20 style='height:15.0pt'>\r\n  <td height=20 class=xl6821924 align=right style='height:15.0pt;border-top:\r\n  none'>2024<\/td>\r\n  <td class=xl6921924 align=right style='border-top:none;border-left:none'>01\/04\/2024<\/td>\r\n  <td class=xl6921924 align=right style='border-top:none;border-left:none'>30\/06\/2024<\/td>\r\n  <td class=xl6821924 align=right style='border-top:none;border-left:none'>2<\/td>\r\n  <td class=xl7021924 style='border-top:none;border-left:none'><a\r\n  href=\"https:\/\/www.apan.gob.mx\/descargables\/transparencia\/articulo69\/fraccion21\/2024_2\/tesoreria\/b\/analitico%20por%20concepto%20de%20gasto.pdf\">https:\/\/www.apan.gob.mx\/descargables\/transparencia\/articulo69\/fraccion21\/2024_2\/tesoreria\/b\/analitico\r\n  por concepto de gasto.pdf<\/a><\/td>\r\n  <td class=xl6821924 style='border-top:none;border-left:none'>Tesorer a<\/td>\r\n  <td class=xl6921924 align=right style='border-top:none;border-left:none'>07\/07\/2024<\/td>\r\n  <td class=xl6821924 style='border-top:none;border-left:none'>&nbsp;<\/td>\r\n  <td class=xl1521924><\/td>\r\n <\/tr>\r\n <tr height=20 style='height:15.0pt'>\r\n  <td height=20 class=xl6821924 align=right style='height:15.0pt;border-top:\r\n  none'>2024<\/td>\r\n  <td class=xl6921924 align=right style='border-top:none;border-left:none'>01\/04\/2024<\/td>\r\n  <td class=xl6921924 align=right style='border-top:none;border-left:none'>30\/06\/2024<\/td>\r\n  <td class=xl6821924 align=right style='border-top:none;border-left:none'>3<\/td>\r\n  <td class=xl7021924 style='border-top:none;border-left:none'><a\r\n  href=\"https:\/\/www.apan.gob.mx\/descargables\/transparencia\/articulo69\/fraccion21\/2024_2\/tesoreria\/b\/analitico%20por%20concepto%20de%20gasto.pdf\">https:\/\/www.apan.gob.mx\/descargables\/transparencia\/articulo69\/fraccion21\/2024_2\/tesoreria\/b\/analitico\r\n  por concepto de gasto.pdf<\/a><\/td>\r\n  <td class=xl6821924 style='border-top:none;border-left:none'>Tesorer a<\/td>\r\n  <td class=xl6921924 align=right style='border-top:none;border-left:none'>07\/07\/2024<\/td>\r\n  <td class=xl6821924 style='border-top:none;border-left:none'>&nbsp;<\/td>\r\n  <td class=xl1521924><\/td>\r\n <\/tr>\r\n <tr height=20 style='height:15.0pt'>\r\n  <td height=20 class=xl6821924 align=right style='height:15.0pt;border-top:\r\n  none'>2024<\/td>\r\n  <td class=xl6921924 align=right style='border-top:none;border-left:none'>01\/04\/2024<\/td>\r\n  <td class=xl6921924 align=right style='border-top:none;border-left:none'>30\/06\/2024<\/td>\r\n  <td class=xl6821924 align=right style='border-top:none;border-left:none'>4<\/td>\r\n  <td class=xl7021924 style='border-top:none;border-left:none'><a\r\n  href=\"https:\/\/www.apan.gob.mx\/descargables\/transparencia\/articulo69\/fraccion21\/2024_2\/tesoreria\/b\/analitico%20por%20concepto%20de%20gasto.pdf\">https:\/\/www.apan.gob.mx\/descargables\/transparencia\/articulo69\/fraccion21\/2024_2\/tesoreria\/b\/analitico\r\n  por concepto de gasto.pdf<\/a><\/td>\r\n  <td class=xl6821924 style='border-top:none;border-left:none'>Tesorer a<\/td>\r\n  <td class=xl6921924 align=right style='border-top:none;border-left:none'>07\/07\/2024<\/td>\r\n  <td class=xl6821924 style='border-top:none;border-left:none'>&nbsp;<\/td>\r\n  <td class=xl1521924><\/td>\r\n <\/tr>\r\n <tr height=20 style='height:15.0pt'>\r\n  <td height=20 class=xl6821924 align=right style='height:15.0pt;border-top:\r\n  none'>2024<\/td>\r\n  <td class=xl6921924 align=right style='border-top:none;border-left:none'>01\/04\/2024<\/td>\r\n  <td class=xl6921924 align=right style='border-top:none;border-left:none'>30\/06\/2024<\/td>\r\n  <td class=xl6821924 align=right style='border-top:none;border-left:none'>5<\/td>\r\n  <td class=xl7021924 style='border-top:none;border-left:none'><a\r\n  href=\"https:\/\/www.apan.gob.mx\/descargables\/transparencia\/articulo69\/fraccion21\/2024_2\/tesoreria\/b\/analitico%20por%20concepto%20de%20gasto.pdf\">https:\/\/www.apan.gob.mx\/descargables\/transparencia\/articulo69\/fraccion21\/2024_2\/tesoreria\/b\/analitico\r\n  por concepto de gasto.pdf<\/a><\/td>\r\n  <td class=xl6821924 style='border-top:none;border-left:none'>Tesorer a<\/td>\r\n  <td class=xl6921924 align=right style='border-top:none;border-left:none'>07\/07\/2024<\/td>\r\n  <td class=xl6821924 style='border-top:none;border-left:none'>&nbsp;<\/td>\r\n  <td class=xl1521924><\/td>\r\n <\/tr>\r\n <tr height=20 style='height:15.0pt'>\r\n  <td height=20 class=xl6821924 align=right style='height:15.0pt;border-top:\r\n  none'>2024<\/td>\r\n  <td class=xl6921924 align=right style='border-top:none;border-left:none'>01\/04\/2024<\/td>\r\n  <td class=xl6921924 align=right style='border-top:none;border-left:none'>30\/06\/2024<\/td>\r\n  <td class=xl6821924 align=right style='border-top:none;border-left:none'>6<\/td>\r\n  <td class=xl7021924 style='border-top:none;border-left:none'><a\r\n  href=\"https:\/\/www.apan.gob.mx\/descargables\/transparencia\/articulo69\/fraccion21\/2024_2\/tesoreria\/b\/analitico%20por%20concepto%20de%20gasto.pdf\">https:\/\/www.apan.gob.mx\/descargables\/transparencia\/articulo69\/fraccion21\/2024_2\/tesoreria\/b\/analitico\r\n  por concepto de gasto.pdf<\/a><\/td>\r\n  <td class=xl6821924 style='border-top:none;border-left:none'>Tesorer a<\/td>\r\n  <td class=xl6921924 align=right style='border-top:none;border-left:none'>07\/07\/2024<\/td>\r\n  <td class=xl6821924 style='border-top:none;border-left:none'>&nbsp;<\/td>\r\n  <td class=xl1521924><\/td>\r\n <\/tr>\r\n <![if supportMisalignedColumns]>\r\n <tr height=0 style='display:none'>\r\n  <td width=56 style='width:42pt'><\/td>\r\n  <td width=255 style='width:191pt'><\/td>\r\n  <td width=270 style='width:203pt'><\/td>\r\n  <td width=491 style='width:368pt'><\/td>\r\n  <td width=826 style='width:620pt'><\/td>\r\n  <td width=512 style='width:384pt'><\/td>\r\n  <td width=140 style='width:105pt'><\/td>\r\n  <td width=56 style='width:42pt'><\/td>\r\n  <td width=64 style='width:48pt'><\/td>\r\n <\/tr>\r\n <![endif]>\r\n<\/table>\r\n\r\n<\/div>\r\n\r\n\r\n<!----------------------------->\r\n<!--FINAL DE LOS RESULTADOS DEL ASISTENTE PARA PUBLICAR COMO P GINA WEB DE\r\nEXCEL-->\r\n<!----------------------------->\r\n<\/body>\r\n\r\n<\/html>\r\n\t\t<\/div>\n\t\t\t\t<\/div>\n\t\t\t\t<div class=\"elementor-element elementor-element-eb3e66a elementor-widget elementor-widget-heading\" data-id=\"eb3e66a\" data-element_type=\"widget\" data-widget_type=\"heading.default\">\n\t\t\t\t<div class=\"elementor-widget-container\">\n\t\t\t<h2 class=\"elementor-heading-title elementor-size-medium\"><a href=\"https:\/\/www.apan.gob.mx\/descargables\/transparencia\/articulo69\/fraccion21\/2024_4\/tesoreria\/c\/a69_f21_c.xlsx\">\nFracci\u00f3n XXI c, esta fracci\u00f3n podr\u00e1 consultarla en el cuarto trimestre del presente a\u00f1o, por ser una fracci\u00f3n de publicaci\u00f3n anual<\/a><\/h2>\t\t<\/div>\n\t\t\t\t<\/div>\n\t\t\t\t\t\t<\/div>\n\t\t\t\t\t<\/div>\n\t\t<\/div>\n\t\t\t\t\t\t\t\t<\/div>\n\t\t\t\t\t<\/div>\n\t\t<\/section>\n\t\t\t\t\t\t\t\t\t<\/div>\n\t\t\t<\/div>\n\t\t\t\t\t<\/div>\n\t\t","protected":false},"excerpt":{"rendered":"<p>Fracci\u00f3n XXI a, esta fracci\u00f3n podr\u00e1 consultarla en el cuarto trimestre del presente a\u00f1o, por ser una fracci\u00f3n de publicaci\u00f3n anual Descargar archivo Fracci\u00f3n XXI b 46582 T TULO NOMBRE CORTO DESCRIPCI N Presupuesto asignado_Ejercicio de los egresos presupuestarios a69_f21_b El ejercicio de los egresos presupuestarios pertenece al Estado Anal tico del Ejercicio del Presupuesto [&hellip;]<\/p>\n","protected":false},"author":1,"featured_media":0,"parent":23368,"menu_order":0,"comment_status":"closed","ping_status":"closed","template":"","meta":[],"jetpack_sharing_enabled":true,"_links":{"self":[{"href":"https:\/\/apan.gob.mx\/portal\/wp-json\/wp\/v2\/pages\/24348"}],"collection":[{"href":"https:\/\/apan.gob.mx\/portal\/wp-json\/wp\/v2\/pages"}],"about":[{"href":"https:\/\/apan.gob.mx\/portal\/wp-json\/wp\/v2\/types\/page"}],"author":[{"embeddable":true,"href":"https:\/\/apan.gob.mx\/portal\/wp-json\/wp\/v2\/users\/1"}],"replies":[{"embeddable":true,"href":"https:\/\/apan.gob.mx\/portal\/wp-json\/wp\/v2\/comments?post=24348"}],"version-history":[{"count":10,"href":"https:\/\/apan.gob.mx\/portal\/wp-json\/wp\/v2\/pages\/24348\/revisions"}],"predecessor-version":[{"id":31053,"href":"https:\/\/apan.gob.mx\/portal\/wp-json\/wp\/v2\/pages\/24348\/revisions\/31053"}],"up":[{"embeddable":true,"href":"https:\/\/apan.gob.mx\/portal\/wp-json\/wp\/v2\/pages\/23368"}],"wp:attachment":[{"href":"https:\/\/apan.gob.mx\/portal\/wp-json\/wp\/v2\/media?parent=24348"}],"curies":[{"name":"wp","href":"https:\/\/api.w.org\/{rel}","templated":true}]}}