{"id":2437,"date":"2018-05-10T18:13:23","date_gmt":"2018-05-10T18:13:23","guid":{"rendered":"https:\/\/apan.gob.mx\/portal\/?page_id=2437"},"modified":"2018-05-10T18:16:55","modified_gmt":"2018-05-10T18:16:55","slug":"tesoreria_22_2018_1","status":"publish","type":"page","link":"https:\/\/apan.gob.mx\/portal\/tesoreria_22_2018_1\/","title":{"rendered":"<!--tesoreria_22_2018_1-->"},"content":{"rendered":"\t\t<div data-elementor-type=\"wp-page\" data-elementor-id=\"2437\" class=\"elementor elementor-2437 elementor-bc-flex-widget\">\n\t\t\t\t\t\t<section class=\"has_ae_slider elementor-section elementor-top-section elementor-element elementor-element-bokegky elementor-section-boxed elementor-section-height-default elementor-section-height-default ae-bg-gallery-type-default\" data-id=\"bokegky\" data-element_type=\"section\" data-e-type=\"section\">\n\t\t\t\t\t\t<div class=\"elementor-container elementor-column-gap-default\">\n\t\t\t\t\t<div class=\"has_ae_slider elementor-column elementor-col-100 elementor-top-column elementor-element elementor-element-ckktmfy ae-bg-gallery-type-default\" data-id=\"ckktmfy\" data-element_type=\"column\" data-e-type=\"column\">\n\t\t\t<div class=\"elementor-widget-wrap elementor-element-populated\">\n\t\t\t\t\t\t<div class=\"elementor-element elementor-element-fwylpyg elementor-widget elementor-widget-heading\" data-id=\"fwylpyg\" data-element_type=\"widget\" data-e-type=\"widget\" data-widget_type=\"heading.default\">\n\t\t\t\t<div class=\"elementor-widget-container\">\n\t\t\t\t\t<h2 class=\"elementor-heading-title elementor-size-medium\">Fracci\u00f3n XXll<\/h2>\t\t\t\t<\/div>\n\t\t\t\t<\/div>\n\t\t\t\t<div class=\"elementor-element elementor-element-yx8trtm elementor-widget elementor-widget-html\" data-id=\"yx8trtm\" data-element_type=\"widget\" data-e-type=\"widget\" data-widget_type=\"html.default\">\n\t\t\t\t<div class=\"elementor-widget-container\">\n\t\t\t\t\t\r\n<style id=\"a69_f22 T1_8245_Styles\">\r\n<!--table\r\n\t{mso-displayed-decimal-separator:\"\\.\";\r\n\tmso-displayed-thousand-separator:\"\\,\";}\r\n.xl158245\r\n\t{padding-top:1px;\r\n\tpadding-right:1px;\r\n\tpadding-left:1px;\r\n\tmso-ignore:padding;\r\n\tcolor:black;\r\n\tfont-size:11.0pt;\r\n\tfont-weight:400;\r\n\tfont-style:normal;\r\n\ttext-decoration:none;\r\n\tfont-family:Calibri, sans-serif;\r\n\tmso-font-charset:0;\r\n\tmso-number-format:General;\r\n\ttext-align:general;\r\n\tvertical-align:bottom;\r\n\tmso-background-source:auto;\r\n\tmso-pattern:auto;\r\n\twhite-space:nowrap;}\r\n.xl638245\r\n\t{padding-top:1px;\r\n\tpadding-right:1px;\r\n\tpadding-left:1px;\r\n\tmso-ignore:padding;\r\n\tcolor:black;\r\n\tfont-size:11.0pt;\r\n\tfont-weight:400;\r\n\tfont-style:normal;\r\n\ttext-decoration:none;\r\n\tfont-family:Calibri, sans-serif;\r\n\tmso-font-charset:0;\r\n\tmso-number-format:General;\r\n\ttext-align:general;\r\n\tvertical-align:bottom;\r\n\tmso-background-source:auto;\r\n\tmso-pattern:auto;\r\n\twhite-space:normal;}\r\n.xl648245\r\n\t{padding-top:1px;\r\n\tpadding-right:1px;\r\n\tpadding-left:1px;\r\n\tmso-ignore:padding;\r\n\tcolor:white;\r\n\tfont-size:11.0pt;\r\n\tfont-weight:700;\r\n\tfont-style:normal;\r\n\ttext-decoration:none;\r\n\tfont-family:Arial, sans-serif;\r\n\tmso-font-charset:0;\r\n\tmso-number-format:General;\r\n\ttext-align:center;\r\n\tvertical-align:middle;\r\n\tborder:.5pt solid windowtext;\r\n\tbackground:#333333;\r\n\tmso-pattern:black none;\r\n\twhite-space:nowrap;}\r\n.xl658245\r\n\t{padding-top:1px;\r\n\tpadding-right:1px;\r\n\tpadding-left:1px;\r\n\tmso-ignore:padding;\r\n\tcolor:black;\r\n\tfont-size:10.0pt;\r\n\tfont-weight:400;\r\n\tfont-style:normal;\r\n\ttext-decoration:none;\r\n\tfont-family:Arial, sans-serif;\r\n\tmso-font-charset:0;\r\n\tmso-number-format:General;\r\n\ttext-align:center;\r\n\tvertical-align:middle;\r\n\tborder:.5pt solid windowtext;\r\n\tbackground:#E1E1E1;\r\n\tmso-pattern:black none;\r\n\twhite-space:normal;}\r\n.xl668245\r\n\t{padding-top:1px;\r\n\tpadding-right:1px;\r\n\tpadding-left:1px;\r\n\tmso-ignore:padding;\r\n\tcolor:black;\r\n\tfont-size:11.0pt;\r\n\tfont-weight:400;\r\n\tfont-style:normal;\r\n\ttext-decoration:none;\r\n\tfont-family:Calibri, sans-serif;\r\n\tmso-font-charset:0;\r\n\tmso-number-format:General;\r\n\ttext-align:center;\r\n\tvertical-align:middle;\r\n\tmso-background-source:auto;\r\n\tmso-pattern:auto;\r\n\twhite-space:nowrap;}\r\n.xl678245\r\n\t{padding-top:1px;\r\n\tpadding-right:1px;\r\n\tpadding-left:1px;\r\n\tmso-ignore:padding;\r\n\tcolor:black;\r\n\tfont-size:11.0pt;\r\n\tfont-weight:400;\r\n\tfont-style:normal;\r\n\ttext-decoration:none;\r\n\tfont-family:Calibri, sans-serif;\r\n\tmso-font-charset:0;\r\n\tmso-number-format:General;\r\n\ttext-align:center;\r\n\tvertical-align:middle;\r\n\tmso-background-source:auto;\r\n\tmso-pattern:auto;\r\n\twhite-space:normal;}\r\n.xl688245\r\n\t{padding-top:1px;\r\n\tpadding-right:1px;\r\n\tpadding-left:1px;\r\n\tmso-ignore:padding;\r\n\tcolor:black;\r\n\tfont-size:10.0pt;\r\n\tfont-weight:400;\r\n\tfont-style:normal;\r\n\ttext-decoration:none;\r\n\tfont-family:Arial, sans-serif;\r\n\tmso-font-charset:0;\r\n\tmso-number-format:General;\r\n\ttext-align:center;\r\n\tvertical-align:middle;\r\n\tborder:.5pt solid windowtext;\r\n\tbackground:#E1E1E1;\r\n\tmso-pattern:black none;\r\n\twhite-space:nowrap;}\r\n.xl698245\r\n\t{padding-top:1px;\r\n\tpadding-right:1px;\r\n\tpadding-left:1px;\r\n\tmso-ignore:padding;\r\n\tcolor:black;\r\n\tfont-size:11.0pt;\r\n\tfont-weight:400;\r\n\tfont-style:normal;\r\n\ttext-decoration:none;\r\n\tfont-family:Calibri, sans-serif;\r\n\tmso-font-charset:0;\r\n\tmso-number-format:General;\r\n\ttext-align:center;\r\n\tvertical-align:middle;\r\n\tborder:.5pt solid windowtext;\r\n\tbackground:white;\r\n\tmso-pattern:black none;\r\n\twhite-space:nowrap;}\r\n.xl708245\r\n\t{padding-top:1px;\r\n\tpadding-right:1px;\r\n\tpadding-left:1px;\r\n\tmso-ignore:padding;\r\n\tcolor:black;\r\n\tfont-size:11.0pt;\r\n\tfont-weight:400;\r\n\tfont-style:normal;\r\n\ttext-decoration:none;\r\n\tfont-family:Calibri, sans-serif;\r\n\tmso-font-charset:0;\r\n\tmso-number-format:\"Medium Date\";\r\n\ttext-align:center;\r\n\tvertical-align:middle;\r\n\tborder:.5pt solid windowtext;\r\n\tbackground:white;\r\n\tmso-pattern:black none;\r\n\twhite-space:nowrap;}\r\n.xl718245\r\n\t{padding-top:1px;\r\n\tpadding-right:1px;\r\n\tpadding-left:1px;\r\n\tmso-ignore:padding;\r\n\tcolor:black;\r\n\tfont-size:11.0pt;\r\n\tfont-weight:400;\r\n\tfont-style:normal;\r\n\ttext-decoration:none;\r\n\tfont-family:Calibri, sans-serif;\r\n\tmso-font-charset:0;\r\n\tmso-number-format:General;\r\n\ttext-align:center;\r\n\tvertical-align:middle;\r\n\tborder:.5pt solid windowtext;\r\n\tbackground:white;\r\n\tmso-pattern:black none;\r\n\twhite-space:normal;}\r\n-->\r\n<\/style>\r\n<\/head>\r\n\r\n<body>\r\n<!--[if !excel]>&nbsp;&nbsp;<![endif]-->\r\n<!--La siguiente informaci\u00f3n se gener\u00f3 mediante el Asistente para publicar como\r\np\u00e1gina web de Microsoft Excel.-->\r\n<!--Si se vuelve a publicar el mismo elemento desde Excel, se reemplazar\u00e1 toda\r\nla informaci\u00f3n comprendida entre las etiquetas DIV.-->\r\n<!----------------------------->\r\n<!--INICIO DE LOS RESULTADOS DEL ASISTENTE PARA PUBLICAR COMO P\u00c1GINA WEB DE\r\nEXCEL -->\r\n<!----------------------------->\r\n\r\n<div id=\"a69_f22 T1_8245\" align=center x:publishsource=\"Excel\">\r\n\r\n<table border=0 cellpadding=0 cellspacing=0 width=2944 style='border-collapse:\r\n collapse;table-layout:fixed;width:2210pt'>\r\n <col width=56 style='mso-width-source:userset;mso-width-alt:2048;width:42pt'>\r\n <col width=255 style='mso-width-source:userset;mso-width-alt:9325;width:191pt'>\r\n <col width=270 style='mso-width-source:userset;mso-width-alt:9874;width:203pt'>\r\n <col width=70 style='mso-width-source:userset;mso-width-alt:2560;width:53pt'>\r\n <col width=238 style='mso-width-source:userset;mso-width-alt:8704;width:179pt'>\r\n <col width=176 style='mso-width-source:userset;mso-width-alt:6436;width:132pt'>\r\n <col width=60 style='mso-width-source:userset;mso-width-alt:2194;width:45pt'>\r\n <col width=169 style='mso-width-source:userset;mso-width-alt:6180;width:127pt'>\r\n <col width=438 style='mso-width-source:userset;mso-width-alt:16018;width:329pt'>\r\n <col width=512 style='mso-width-source:userset;mso-width-alt:18724;width:384pt'>\r\n <col width=123 style='mso-width-source:userset;mso-width-alt:4498;width:92pt'>\r\n <col width=140 style='mso-width-source:userset;mso-width-alt:5120;width:105pt'>\r\n <col class=xl638245 width=437 style='mso-width-source:userset;mso-width-alt:\r\n 15981;width:328pt'>\r\n <tr height=0 style='display:none'>\r\n  <td class=xl668245 width=56 style='width:42pt'>44256<\/td>\r\n  <td class=xl668245 width=255 style='width:191pt'><\/td>\r\n  <td class=xl668245 width=270 style='width:203pt'><\/td>\r\n  <td class=xl668245 width=70 style='width:53pt'><\/td>\r\n  <td class=xl668245 width=238 style='width:179pt'><\/td>\r\n  <td class=xl668245 width=176 style='width:132pt'><\/td>\r\n  <td class=xl668245 width=60 style='width:45pt'><\/td>\r\n  <td class=xl668245 width=169 style='width:127pt'><\/td>\r\n  <td class=xl668245 width=438 style='width:329pt'><\/td>\r\n  <td class=xl668245 width=512 style='width:384pt'><\/td>\r\n  <td class=xl668245 width=123 style='width:92pt'><\/td>\r\n  <td class=xl668245 width=140 style='width:105pt'><\/td>\r\n  <td class=xl678245 width=437 style='width:328pt'><\/td>\r\n <\/tr>\r\n <tr height=20 style='height:15.0pt'>\r\n  <td colspan=3 height=20 class=xl648245 style='height:15.0pt'>T\u00cdTULO<\/td>\r\n  <td colspan=3 class=xl648245>NOMBRE CORTO<\/td>\r\n  <td colspan=3 class=xl648245>DESCRIPCI\u00d3N<\/td>\r\n  <td class=xl668245><\/td>\r\n  <td class=xl668245><\/td>\r\n  <td class=xl668245><\/td>\r\n  <td class=xl678245 width=437 style='width:328pt'><\/td>\r\n <\/tr>\r\n <tr height=84 style='mso-height-source:userset;height:63.0pt'>\r\n  <td colspan=3 height=84 class=xl688245 style='height:63.0pt'>Deuda P\u00fablica<\/td>\r\n  <td colspan=3 class=xl688245>a69_f22<\/td>\r\n  <td colspan=3 class=xl658245 width=667 style='width:501pt'>Los sujetos\r\n  obligados publicar\u00e1n la informaci\u00f3n que hagan del conocimiento de la\r\n  Secretar\u00eda de Hacienda y Cr\u00e9dito P\u00fablico (SHCP) (o su hom\u00f3loga estatal) sobre\r\n  los datos de todos los financiamientos contratados o empr\u00e9stitos, as\u00ed como de\r\n  los movimientos que se efect\u00faen en \u00e9stos, de acuerdo con lo se\u00f1alado en el\r\n  art\u00edculo 28 de la Ley General de Deuda P\u00fablica o norma que resulte aplicable.<\/td>\r\n  <td class=xl668245><\/td>\r\n  <td class=xl668245><\/td>\r\n  <td class=xl668245><\/td>\r\n  <td class=xl678245 width=437 style='width:328pt'><\/td>\r\n <\/tr>\r\n <tr height=0 style='display:none'>\r\n  <td class=xl668245>1<\/td>\r\n  <td class=xl668245>4<\/td>\r\n  <td class=xl668245>4<\/td>\r\n  <td class=xl668245>1<\/td>\r\n  <td class=xl668245>1<\/td>\r\n  <td class=xl668245>9<\/td>\r\n  <td class=xl668245>1<\/td>\r\n  <td class=xl668245>4<\/td>\r\n  <td class=xl668245>6<\/td>\r\n  <td class=xl668245>2<\/td>\r\n  <td class=xl668245>4<\/td>\r\n  <td class=xl668245>13<\/td>\r\n  <td class=xl678245 width=437 style='width:328pt'>14<\/td>\r\n <\/tr>\r\n <tr height=0 style='display:none'>\r\n  <td class=xl668245>350832<\/td>\r\n  <td class=xl668245>350833<\/td>\r\n  <td class=xl668245>350834<\/td>\r\n  <td class=xl668245>350812<\/td>\r\n  <td class=xl668245>350813<\/td>\r\n  <td class=xl668245>350839<\/td>\r\n  <td class=xl668245>350814<\/td>\r\n  <td class=xl668245>350817<\/td>\r\n  <td class=xl668245>350837<\/td>\r\n  <td class=xl668245>350835<\/td>\r\n  <td class=xl668245>350820<\/td>\r\n  <td class=xl668245>350831<\/td>\r\n  <td class=xl678245 width=437 style='width:328pt'>350836<\/td>\r\n <\/tr>\r\n <tr height=20 style='height:15.0pt'>\r\n  <td colspan=13 height=20 class=xl648245 style='height:15.0pt'>Tabla Campos<\/td>\r\n <\/tr>\r\n <tr height=34 style='height:25.5pt'>\r\n  <td height=34 class=xl658245 width=56 style='height:25.5pt;width:42pt'>Ejercicio<\/td>\r\n  <td class=xl658245 width=255 style='border-left:none;width:191pt'>Fecha de\r\n  inicio del periodo que se informa<\/td>\r\n  <td class=xl658245 width=270 style='border-left:none;width:203pt'>Fecha de\r\n  t\u00e9rmino del periodo que se informa<\/td>\r\n  <td class=xl658245 width=70 style='border-left:none;width:53pt'>Acreditado<\/td>\r\n  <td class=xl658245 width=238 style='border-left:none;width:179pt'>Denominaci\u00f3n\r\n  de la instancia ejecutora<\/td>\r\n  <td class=xl658245 width=176 style='border-left:none;width:132pt'>Tipo de\r\n  obligaci\u00f3n (cat\u00e1logo)<\/td>\r\n  <td class=xl658245 width=60 style='border-left:none;width:45pt'>Acreedor<\/td>\r\n  <td class=xl658245 width=169 style='border-left:none;width:127pt'>Fecha de\r\n  firma del contrato<\/td>\r\n  <td class=xl658245 width=438 style='border-left:none;width:329pt'>Monto\r\n  original contratado<\/td>\r\n  <td class=xl658245 width=512 style='border-left:none;width:384pt'>\u00c1rea(s)\r\n  responsable(s) que genera(n), posee(n), publica(n) y actualizan la\r\n  informaci\u00f3n<\/td>\r\n  <td class=xl658245 width=123 style='border-left:none;width:92pt'>Fecha de\r\n  validaci\u00f3n<\/td>\r\n  <td class=xl658245 width=140 style='border-left:none;width:105pt'>Fecha de\r\n  actualizaci\u00f3n<\/td>\r\n  <td class=xl658245 width=437 style='border-left:none;width:328pt'>Nota<\/td>\r\n <\/tr>\r\n <tr height=40 style='height:30.0pt'>\r\n  <td height=40 class=xl698245 style='height:30.0pt;border-top:none'>2018<\/td>\r\n  <td class=xl708245 style='border-top:none;border-left:none'>01-ene-18<\/td>\r\n  <td class=xl708245 style='border-top:none;border-left:none'>31-mar-18<\/td>\r\n  <td class=xl698245 style='border-top:none;border-left:none'>&nbsp;<\/td>\r\n  <td class=xl698245 style='border-top:none;border-left:none'>&nbsp;<\/td>\r\n  <td class=xl698245 style='border-top:none;border-left:none'>&nbsp;<\/td>\r\n  <td class=xl698245 style='border-top:none;border-left:none'>&nbsp;<\/td>\r\n  <td class=xl698245 style='border-top:none;border-left:none'>&nbsp;<\/td>\r\n  <td class=xl698245 style='border-top:none;border-left:none'>&nbsp;<\/td>\r\n  <td class=xl698245 style='border-top:none;border-left:none'>Tesoreria\r\n  Municipal de Apan Hidalgo<\/td>\r\n  <td class=xl708245 style='border-top:none;border-left:none'>06-abr-18<\/td>\r\n  <td class=xl708245 style='border-top:none;border-left:none'>06-abr-18<\/td>\r\n  <td class=xl718245 width=437 style='border-top:none;border-left:none;\r\n  width:328pt'>Al per\u00edodo reportado, el municipio no tiene financiamiento,\r\n  cr\u00e9dito<span style='mso-spacerun:yes'>\u00a0 <\/span>o cualquier otra forma de\r\n  deuda p\u00fablica<span style='mso-spacerun:yes'>\u00a0 <\/span>vigente.<\/td>\r\n <\/tr>\r\n <![if supportMisalignedColumns]>\r\n <tr height=0 style='display:none'>\r\n  <td width=56 style='width:42pt'><\/td>\r\n  <td width=255 style='width:191pt'><\/td>\r\n  <td width=270 style='width:203pt'><\/td>\r\n  <td width=70 style='width:53pt'><\/td>\r\n  <td width=238 style='width:179pt'><\/td>\r\n  <td width=176 style='width:132pt'><\/td>\r\n  <td width=60 style='width:45pt'><\/td>\r\n  <td width=169 style='width:127pt'><\/td>\r\n  <td width=438 style='width:329pt'><\/td>\r\n  <td width=512 style='width:384pt'><\/td>\r\n  <td width=123 style='width:92pt'><\/td>\r\n  <td width=140 style='width:105pt'><\/td>\r\n  <td width=437 style='width:328pt'><\/td>\r\n <\/tr>\r\n <![endif]>\r\n<\/table>\r\n\r\n<\/div>\r\n\r\n\t\t\t\t<\/div>\n\t\t\t\t<\/div>\n\t\t\t\t<div class=\"elementor-element elementor-element-fwypxec elementor-widget elementor-widget-heading\" data-id=\"fwypxec\" data-element_type=\"widget\" data-e-type=\"widget\" data-widget_type=\"heading.default\">\n\t\t\t\t<div class=\"elementor-widget-container\">\n\t\t\t\t\t<h2 class=\"elementor-heading-title elementor-size-small\">Fecha en que se subi\u00f3 la informaci\u00f3n: 10-mayo-18<\/h2>\t\t\t\t<\/div>\n\t\t\t\t<\/div>\n\t\t\t\t\t<\/div>\n\t\t<\/div>\n\t\t\t\t\t<\/div>\n\t\t<\/section>\n\t\t\t\t<\/div>\n\t\t","protected":false},"excerpt":{"rendered":"<p>Fracci\u00f3n XXll 44256 T\u00cdTULO NOMBRE CORTO DESCRIPCI\u00d3N Deuda P\u00fablica a69_f22 Los sujetos obligados publicar\u00e1n la informaci\u00f3n que hagan del conocimiento de la Secretar\u00eda de Hacienda y Cr\u00e9dito P\u00fablico (SHCP) (o su hom\u00f3loga estatal) sobre los datos de todos los financiamientos contratados o empr\u00e9stitos, as\u00ed como de los movimientos que se efect\u00faen en \u00e9stos, de acuerdo [&hellip;]<\/p>\n","protected":false},"author":1,"featured_media":0,"parent":0,"menu_order":0,"comment_status":"closed","ping_status":"closed","template":"page-template-full.php","meta":{"footnotes":""},"class_list":["post-2437","page","type-page","status-publish","hentry"],"jetpack_sharing_enabled":true,"_links":{"self":[{"href":"https:\/\/apan.gob.mx\/portal\/wp-json\/wp\/v2\/pages\/2437","targetHints":{"allow":["GET"]}}],"collection":[{"href":"https:\/\/apan.gob.mx\/portal\/wp-json\/wp\/v2\/pages"}],"about":[{"href":"https:\/\/apan.gob.mx\/portal\/wp-json\/wp\/v2\/types\/page"}],"author":[{"embeddable":true,"href":"https:\/\/apan.gob.mx\/portal\/wp-json\/wp\/v2\/users\/1"}],"replies":[{"embeddable":true,"href":"https:\/\/apan.gob.mx\/portal\/wp-json\/wp\/v2\/comments?post=2437"}],"version-history":[{"count":4,"href":"https:\/\/apan.gob.mx\/portal\/wp-json\/wp\/v2\/pages\/2437\/revisions"}],"predecessor-version":[{"id":2441,"href":"https:\/\/apan.gob.mx\/portal\/wp-json\/wp\/v2\/pages\/2437\/revisions\/2441"}],"wp:attachment":[{"href":"https:\/\/apan.gob.mx\/portal\/wp-json\/wp\/v2\/media?parent=2437"}],"curies":[{"name":"wp","href":"https:\/\/api.w.org\/{rel}","templated":true}]}}