{"id":2443,"date":"2018-05-10T22:52:40","date_gmt":"2018-05-10T22:52:40","guid":{"rendered":"https:\/\/apan.gob.mx\/portal\/?page_id=2443"},"modified":"2018-10-17T22:21:13","modified_gmt":"2018-10-17T22:21:13","slug":"tesoreria_24_2018_1","status":"publish","type":"page","link":"https:\/\/apan.gob.mx\/portal\/tesoreria_24_2018_1\/","title":{"rendered":"<!--tesoreria_24_2018_1-->"},"content":{"rendered":"\t\t<div data-elementor-type=\"wp-page\" data-elementor-id=\"2443\" class=\"elementor elementor-2443 elementor-bc-flex-widget\">\n\t\t\t\t\t\t<section class=\"has_ae_slider elementor-section elementor-top-section elementor-element elementor-element-ytavyjf elementor-section-boxed elementor-section-height-default elementor-section-height-default ae-bg-gallery-type-default\" data-id=\"ytavyjf\" data-element_type=\"section\" data-e-type=\"section\">\n\t\t\t\t\t\t<div class=\"elementor-container elementor-column-gap-default\">\n\t\t\t\t\t<div class=\"has_ae_slider elementor-column elementor-col-100 elementor-top-column elementor-element elementor-element-cpzfuhb ae-bg-gallery-type-default\" data-id=\"cpzfuhb\" data-element_type=\"column\" data-e-type=\"column\">\n\t\t\t<div class=\"elementor-widget-wrap elementor-element-populated\">\n\t\t\t\t\t\t<div class=\"elementor-element elementor-element-caoroct elementor-widget elementor-widget-heading\" data-id=\"caoroct\" data-element_type=\"widget\" data-e-type=\"widget\" data-widget_type=\"heading.default\">\n\t\t\t\t<div class=\"elementor-widget-container\">\n\t\t\t\t\t<h2 class=\"elementor-heading-title elementor-size-medium\">Fracci\u00f3n XXlV<\/h2>\t\t\t\t<\/div>\n\t\t\t\t<\/div>\n\t\t\t\t<div class=\"elementor-element elementor-element-txhirab elementor-widget elementor-widget-html\" data-id=\"txhirab\" data-element_type=\"widget\" data-e-type=\"widget\" data-widget_type=\"html.default\">\n\t\t\t\t<div class=\"elementor-widget-container\">\n\t\t\t\t\t\r\n<style id=\"a69_f24 T1_6161_Styles\">\r\n<!--table\r\n\t{mso-displayed-decimal-separator:\"\\.\";\r\n\tmso-displayed-thousand-separator:\"\\,\";}\r\n.xl156161\r\n\t{padding-top:1px;\r\n\tpadding-right:1px;\r\n\tpadding-left:1px;\r\n\tmso-ignore:padding;\r\n\tcolor:black;\r\n\tfont-size:11.0pt;\r\n\tfont-weight:400;\r\n\tfont-style:normal;\r\n\ttext-decoration:none;\r\n\tfont-family:Calibri, sans-serif;\r\n\tmso-font-charset:0;\r\n\tmso-number-format:General;\r\n\ttext-align:general;\r\n\tvertical-align:bottom;\r\n\tmso-background-source:auto;\r\n\tmso-pattern:auto;\r\n\twhite-space:nowrap;}\r\n.xl636161\r\n\t{padding-top:1px;\r\n\tpadding-right:1px;\r\n\tpadding-left:1px;\r\n\tmso-ignore:padding;\r\n\tcolor:black;\r\n\tfont-size:10.0pt;\r\n\tfont-weight:400;\r\n\tfont-style:normal;\r\n\ttext-decoration:none;\r\n\tfont-family:Arial, sans-serif;\r\n\tmso-font-charset:0;\r\n\tmso-number-format:General;\r\n\ttext-align:center;\r\n\tvertical-align:bottom;\r\n\tborder:.5pt solid windowtext;\r\n\tbackground:#E1E1E1;\r\n\tmso-pattern:black none;\r\n\twhite-space:normal;}\r\n.xl646161\r\n\t{padding-top:1px;\r\n\tpadding-right:1px;\r\n\tpadding-left:1px;\r\n\tmso-ignore:padding;\r\n\tcolor:white;\r\n\tfont-size:11.0pt;\r\n\tfont-weight:700;\r\n\tfont-style:normal;\r\n\ttext-decoration:none;\r\n\tfont-family:Arial, sans-serif;\r\n\tmso-font-charset:0;\r\n\tmso-number-format:General;\r\n\ttext-align:center;\r\n\tvertical-align:bottom;\r\n\tborder:.5pt solid windowtext;\r\n\tbackground:#333333;\r\n\tmso-pattern:black none;\r\n\twhite-space:nowrap;}\r\n.xl656161\r\n\t{padding-top:1px;\r\n\tpadding-right:1px;\r\n\tpadding-left:1px;\r\n\tmso-ignore:padding;\r\n\tcolor:black;\r\n\tfont-size:10.0pt;\r\n\tfont-weight:400;\r\n\tfont-style:normal;\r\n\ttext-decoration:none;\r\n\tfont-family:Arial, sans-serif;\r\n\tmso-font-charset:0;\r\n\tmso-number-format:General;\r\n\ttext-align:general;\r\n\tvertical-align:bottom;\r\n\tborder:.5pt solid windowtext;\r\n\tbackground:#E1E1E1;\r\n\tmso-pattern:black none;\r\n\twhite-space:nowrap;}\r\n.xl666161\r\n\t{padding-top:1px;\r\n\tpadding-right:1px;\r\n\tpadding-left:1px;\r\n\tmso-ignore:padding;\r\n\tcolor:black;\r\n\tfont-size:11.0pt;\r\n\tfont-weight:400;\r\n\tfont-style:normal;\r\n\ttext-decoration:none;\r\n\tfont-family:Calibri, sans-serif;\r\n\tmso-font-charset:0;\r\n\tmso-number-format:General;\r\n\ttext-align:general;\r\n\tvertical-align:bottom;\r\n\tborder:.5pt solid windowtext;\r\n\tbackground:white;\r\n\tmso-pattern:black none;\r\n\twhite-space:nowrap;}\r\n.xl676161\r\n\t{padding-top:1px;\r\n\tpadding-right:1px;\r\n\tpadding-left:1px;\r\n\tmso-ignore:padding;\r\n\tcolor:black;\r\n\tfont-size:11.0pt;\r\n\tfont-weight:400;\r\n\tfont-style:normal;\r\n\ttext-decoration:none;\r\n\tfont-family:Calibri, sans-serif;\r\n\tmso-font-charset:0;\r\n\tmso-number-format:\"Medium Date\";\r\n\ttext-align:general;\r\n\tvertical-align:bottom;\r\n\tborder:.5pt solid windowtext;\r\n\tbackground:white;\r\n\tmso-pattern:black none;\r\n\twhite-space:nowrap;}\r\n.xl686161\r\n\t{padding-top:1px;\r\n\tpadding-right:1px;\r\n\tpadding-left:1px;\r\n\tmso-ignore:padding;\r\n\tcolor:black;\r\n\tfont-size:10.0pt;\r\n\tfont-weight:400;\r\n\tfont-style:normal;\r\n\ttext-decoration:none;\r\n\tfont-family:Arial, sans-serif;\r\n\tmso-font-charset:0;\r\n\tmso-number-format:General;\r\n\ttext-align:general;\r\n\tvertical-align:bottom;\r\n\tborder:.5pt solid windowtext;\r\n\tbackground:#E1E1E1;\r\n\tmso-pattern:black none;\r\n\twhite-space:normal;}\r\n.xl696161\r\n\t{padding-top:1px;\r\n\tpadding-right:1px;\r\n\tpadding-left:1px;\r\n\tmso-ignore:padding;\r\n\tcolor:black;\r\n\tfont-size:11.0pt;\r\n\tfont-weight:400;\r\n\tfont-style:normal;\r\n\ttext-decoration:none;\r\n\tfont-family:Calibri, sans-serif;\r\n\tmso-font-charset:0;\r\n\tmso-number-format:General;\r\n\ttext-align:general;\r\n\tvertical-align:bottom;\r\n\tmso-background-source:auto;\r\n\tmso-pattern:auto;\r\n\twhite-space:normal;}\r\n-->\r\n<\/style>\r\n<\/head>\r\n\r\n<body>\r\n<!--[if !excel]>&nbsp;&nbsp;<![endif]-->\r\n<!--La siguiente informaci\u00f3n se gener\u00f3 mediante el Asistente para publicar como\r\np\u00e1gina web de Microsoft Excel.-->\r\n<!--Si se vuelve a publicar el mismo elemento desde Excel, se reemplazar\u00e1 toda\r\nla informaci\u00f3n comprendida entre las etiquetas DIV.-->\r\n<!----------------------------->\r\n<!--INICIO DE LOS RESULTADOS DEL ASISTENTE PARA PUBLICAR COMO P\u00c1GINA WEB DE\r\nEXCEL -->\r\n<!----------------------------->\r\n\r\n<div id=\"a69_f24 T1_6161\" align=center x:publishsource=\"Excel\">\r\n\r\n<table border=0 cellpadding=0 cellspacing=0 width=2801 style='border-collapse:\r\n collapse;table-layout:fixed;width:2102pt'>\r\n <col width=56 style='mso-width-source:userset;mso-width-alt:2048;width:42pt'>\r\n <col width=255 style='mso-width-source:userset;mso-width-alt:9325;width:191pt'>\r\n <col width=270 style='mso-width-source:userset;mso-width-alt:9874;width:203pt'>\r\n <col width=141 style='mso-width-source:userset;mso-width-alt:5156;width:106pt'>\r\n <col width=106 style='mso-width-source:userset;mso-width-alt:3876;width:80pt'>\r\n <col width=105 style='mso-width-source:userset;mso-width-alt:3840;width:79pt'>\r\n <col width=106 style='mso-width-source:userset;mso-width-alt:3876;width:80pt'>\r\n <col width=127 style='mso-width-source:userset;mso-width-alt:4644;width:95pt'>\r\n <col width=388 style='mso-width-source:userset;mso-width-alt:14189;width:291pt'>\r\n <col width=132 style='mso-width-source:userset;mso-width-alt:4827;width:99pt'>\r\n <col width=512 style='mso-width-source:userset;mso-width-alt:18724;width:384pt'>\r\n <col width=123 style='mso-width-source:userset;mso-width-alt:4498;width:92pt'>\r\n <col width=140 style='mso-width-source:userset;mso-width-alt:5120;width:105pt'>\r\n <col width=340 style='mso-width-source:userset;mso-width-alt:12434;width:255pt'>\r\n <tr height=0 style='display:none'>\r\n  <td class=xl156161 width=56 style='width:42pt'>44266<\/td>\r\n  <td class=xl156161 width=255 style='width:191pt'><\/td>\r\n  <td class=xl156161 width=270 style='width:203pt'><\/td>\r\n  <td class=xl156161 width=141 style='width:106pt'><\/td>\r\n  <td class=xl156161 width=106 style='width:80pt'><\/td>\r\n  <td class=xl156161 width=105 style='width:79pt'><\/td>\r\n  <td class=xl156161 width=106 style='width:80pt'><\/td>\r\n  <td class=xl156161 width=127 style='width:95pt'><\/td>\r\n  <td class=xl156161 width=388 style='width:291pt'><\/td>\r\n  <td class=xl156161 width=132 style='width:99pt'><\/td>\r\n  <td class=xl156161 width=512 style='width:384pt'><\/td>\r\n  <td class=xl156161 width=123 style='width:92pt'><\/td>\r\n  <td class=xl156161 width=140 style='width:105pt'><\/td>\r\n  <td class=xl156161 width=340 style='width:255pt'><\/td>\r\n <\/tr>\r\n <tr height=20 style='height:15.0pt'>\r\n  <td colspan=3 height=20 class=xl646161 style='height:15.0pt'>T\u00cdTULO<\/td>\r\n  <td colspan=3 class=xl646161>NOMBRE CORTO<\/td>\r\n  <td colspan=3 class=xl646161>DESCRIPCI\u00d3N<\/td>\r\n  <td class=xl156161><\/td>\r\n  <td class=xl156161><\/td>\r\n  <td class=xl156161><\/td>\r\n  <td class=xl156161><\/td>\r\n  <td class=xl156161><\/td>\r\n <\/tr>\r\n <tr height=71 style='mso-height-source:userset;height:53.25pt'>\r\n  <td colspan=3 height=71 class=xl656161 style='height:53.25pt'>Resultados de\r\n  auditor\u00edas realizadas<\/td>\r\n  <td colspan=3 class=xl656161>a69_f24<\/td>\r\n  <td colspan=3 class=xl686161 width=621 style='width:466pt'>La informaci\u00f3n\r\n  correspondiente a los resultados de las auditor\u00edas internas y externas\r\n  realizadas a su ejercicio presupuestal, as\u00ed como los hallazgos,\r\n  observaciones, conclusiones, recomendaciones, dict\u00e1menes o documentos\r\n  correspondientes, entregados por la instancia que las haya realizado y, en su\r\n  caso, el seguimiento a cada una de ellas.<\/td>\r\n  <td class=xl156161><\/td>\r\n  <td class=xl156161><\/td>\r\n  <td class=xl156161><\/td>\r\n  <td class=xl156161><\/td>\r\n  <td class=xl156161><\/td>\r\n <\/tr>\r\n <tr height=0 style='display:none'>\r\n  <td class=xl156161>1<\/td>\r\n  <td class=xl156161>4<\/td>\r\n  <td class=xl156161>4<\/td>\r\n  <td class=xl156161>1<\/td>\r\n  <td class=xl156161>1<\/td>\r\n  <td class=xl156161>9<\/td>\r\n  <td class=xl156161>1<\/td>\r\n  <td class=xl156161>1<\/td>\r\n  <td class=xl156161>1<\/td>\r\n  <td class=xl156161>2<\/td>\r\n  <td class=xl156161>2<\/td>\r\n  <td class=xl156161>4<\/td>\r\n  <td class=xl156161>13<\/td>\r\n  <td class=xl156161>14<\/td>\r\n <\/tr>\r\n <tr height=0 style='display:none'>\r\n  <td class=xl156161>351010<\/td>\r\n  <td class=xl156161>351021<\/td>\r\n  <td class=xl156161>351022<\/td>\r\n  <td class=xl156161>351002<\/td>\r\n  <td class=xl156161>351003<\/td>\r\n  <td class=xl156161>351019<\/td>\r\n  <td class=xl156161>351004<\/td>\r\n  <td class=xl156161>351005<\/td>\r\n  <td class=xl156161>351006<\/td>\r\n  <td class=xl156161>351012<\/td>\r\n  <td class=xl156161>351027<\/td>\r\n  <td class=xl156161>351017<\/td>\r\n  <td class=xl156161>351024<\/td>\r\n  <td class=xl156161>351029<\/td>\r\n <\/tr>\r\n <tr height=20 style='height:15.0pt'>\r\n  <td colspan=14 height=20 class=xl646161 style='height:15.0pt'>Tabla Campos<\/td>\r\n <\/tr>\r\n <tr height=35 style='height:26.25pt'>\r\n  <td height=35 class=xl636161 width=56 style='height:26.25pt;width:42pt'>Ejercicio<\/td>\r\n  <td class=xl636161 width=255 style='border-left:none;width:191pt'>Fecha de\r\n  inicio del periodo que se informa<\/td>\r\n  <td class=xl636161 width=270 style='border-left:none;width:203pt'>Fecha de\r\n  t\u00e9rmino del periodo que se informa<\/td>\r\n  <td class=xl636161 width=141 style='border-left:none;width:106pt'>Ejercicio(s)\r\n  auditado(s)<\/td>\r\n  <td class=xl636161 width=106 style='border-left:none;width:80pt'>Periodo\r\n  auditado<\/td>\r\n  <td class=xl636161 width=105 style='border-left:none;width:79pt'>Rubro\r\n  (cat\u00e1logo)<\/td>\r\n  <td class=xl636161 width=106 style='border-left:none;width:80pt'>Tipo de\r\n  auditor\u00eda<\/td>\r\n  <td class=xl636161 width=127 style='border-left:none;width:95pt'>N\u00famero de\r\n  auditor\u00eda<\/td>\r\n  <td class=xl636161 width=388 style='border-left:none;width:291pt'>\u00d3rgano que\r\n  realiz\u00f3 la revisi\u00f3n o auditor\u00eda<\/td>\r\n  <td class=xl636161 width=132 style='border-left:none;width:99pt'>Fundamentos\r\n  legales<\/td>\r\n  <td class=xl636161 width=512 style='border-left:none;width:384pt'>\u00c1rea(s)\r\n  responsable(s) que genera(n), posee(n), publica(n) y actualizan la\r\n  informaci\u00f3n<\/td>\r\n  <td class=xl636161 width=123 style='border-left:none;width:92pt'>Fecha de\r\n  validaci\u00f3n<\/td>\r\n  <td class=xl636161 width=140 style='border-left:none;width:105pt'>Fecha de\r\n  actualizaci\u00f3n<\/td>\r\n  <td class=xl636161 width=340 style='border-left:none;width:255pt'>Nota<\/td>\r\n <\/tr>\r\n <tr height=20 style='height:15.0pt'>\r\n  <td height=20 class=xl666161 align=right style='height:15.0pt;border-top:\r\n  none'>2018<\/td>\r\n  <td class=xl676161 align=right style='border-top:none;border-left:none'>01-ene-18<\/td>\r\n  <td class=xl676161 align=right style='border-top:none;border-left:none'>31-mar-18<\/td>\r\n  <td class=xl666161 style='border-top:none;border-left:none'>&nbsp;<\/td>\r\n  <td class=xl666161 style='border-top:none;border-left:none'>&nbsp;<\/td>\r\n  <td class=xl666161 style='border-top:none;border-left:none'>&nbsp;<\/td>\r\n  <td class=xl666161 style='border-top:none;border-left:none'>&nbsp;<\/td>\r\n  <td class=xl666161 style='border-top:none;border-left:none'>&nbsp;<\/td>\r\n  <td class=xl666161 style='border-top:none;border-left:none'>&nbsp;<\/td>\r\n  <td class=xl666161 style='border-top:none;border-left:none'>&nbsp;<\/td>\r\n  <td class=xl666161 style='border-top:none;border-left:none'>Tesoreria\r\n  Municipal de Apan Hidalgo<\/td>\r\n  <td class=xl676161 align=right style='border-top:none;border-left:none'>06-abr-18<\/td>\r\n  <td class=xl676161 align=right style='border-top:none;border-left:none'>06-abr-18<\/td>\r\n  <td class=xl666161 style='border-top:none;border-left:none'>Al periodo\r\n  reportado<span style='mso-spacerun:yes'>\u00a0\u00a0 <\/span>no se tiene ejercicio\r\n  auditado.<\/td>\r\n <\/tr>\r\n <![if supportMisalignedColumns]>\r\n <tr height=0 style='display:none'>\r\n  <td width=56 style='width:42pt'><\/td>\r\n  <td width=255 style='width:191pt'><\/td>\r\n  <td width=270 style='width:203pt'><\/td>\r\n  <td width=141 style='width:106pt'><\/td>\r\n  <td width=106 style='width:80pt'><\/td>\r\n  <td width=105 style='width:79pt'><\/td>\r\n  <td width=106 style='width:80pt'><\/td>\r\n  <td width=127 style='width:95pt'><\/td>\r\n  <td width=388 style='width:291pt'><\/td>\r\n  <td width=132 style='width:99pt'><\/td>\r\n  <td width=512 style='width:384pt'><\/td>\r\n  <td width=123 style='width:92pt'><\/td>\r\n  <td width=140 style='width:105pt'><\/td>\r\n  <td width=340 style='width:255pt'><\/td>\r\n <\/tr>\r\n <![endif]>\r\n<\/table>\r\n\r\n<\/div>\r\n\r\n\r\n\t\t\t\t<\/div>\n\t\t\t\t<\/div>\n\t\t\t\t<div class=\"elementor-element elementor-element-vq9zrwx elementor-widget elementor-widget-button\" data-id=\"vq9zrwx\" data-element_type=\"widget\" data-e-type=\"widget\" data-widget_type=\"button.default\">\n\t\t\t\t<div class=\"elementor-widget-container\">\n\t\t\t\t\t\t\t\t\t<div class=\"elementor-button-wrapper\">\n\t\t\t\t\t<a class=\"elementor-button elementor-button-link elementor-size-sm\" href=\"https:\/\/www.apan.gob.mx\/descargables\/transparencia\/articulo69\/fraccion24\/2018_1\/tesoreria\/1er_trim_2018_a69_f24_T1.xlsx\">\n\t\t\t\t\t\t<span class=\"elementor-button-content-wrapper\">\n\t\t\t\t\t\t\t\t\t<span class=\"elementor-button-text\">Descargar<\/span>\n\t\t\t\t\t<\/span>\n\t\t\t\t\t<\/a>\n\t\t\t\t<\/div>\n\t\t\t\t\t\t\t\t<\/div>\n\t\t\t\t<\/div>\n\t\t\t\t<div class=\"elementor-element elementor-element-hbzaqwa elementor-widget elementor-widget-heading\" data-id=\"hbzaqwa\" data-element_type=\"widget\" data-e-type=\"widget\" data-widget_type=\"heading.default\">\n\t\t\t\t<div class=\"elementor-widget-container\">\n\t\t\t\t\t<h2 class=\"elementor-heading-title elementor-size-small\">\u00daltima fecha de modificaci\u00f3n de la informaci\u00f3n: 17-octubre-18<\/h2>\t\t\t\t<\/div>\n\t\t\t\t<\/div>\n\t\t\t\t\t<\/div>\n\t\t<\/div>\n\t\t\t\t\t<\/div>\n\t\t<\/section>\n\t\t\t\t<\/div>\n\t\t","protected":false},"excerpt":{"rendered":"<p>Fracci\u00f3n XXlV 44266 T\u00cdTULO NOMBRE CORTO DESCRIPCI\u00d3N Resultados de auditor\u00edas realizadas a69_f24 La informaci\u00f3n correspondiente a los resultados de las auditor\u00edas internas y externas realizadas a su ejercicio presupuestal, as\u00ed como los hallazgos, observaciones, conclusiones, recomendaciones, dict\u00e1menes o documentos correspondientes, entregados por la instancia que las haya realizado y, en su caso, el seguimiento a [&hellip;]<\/p>\n","protected":false},"author":1,"featured_media":0,"parent":0,"menu_order":0,"comment_status":"closed","ping_status":"closed","template":"page-template-full.php","meta":{"footnotes":""},"class_list":["post-2443","page","type-page","status-publish","hentry"],"jetpack_sharing_enabled":true,"_links":{"self":[{"href":"https:\/\/apan.gob.mx\/portal\/wp-json\/wp\/v2\/pages\/2443","targetHints":{"allow":["GET"]}}],"collection":[{"href":"https:\/\/apan.gob.mx\/portal\/wp-json\/wp\/v2\/pages"}],"about":[{"href":"https:\/\/apan.gob.mx\/portal\/wp-json\/wp\/v2\/types\/page"}],"author":[{"embeddable":true,"href":"https:\/\/apan.gob.mx\/portal\/wp-json\/wp\/v2\/users\/1"}],"replies":[{"embeddable":true,"href":"https:\/\/apan.gob.mx\/portal\/wp-json\/wp\/v2\/comments?post=2443"}],"version-history":[{"count":7,"href":"https:\/\/apan.gob.mx\/portal\/wp-json\/wp\/v2\/pages\/2443\/revisions"}],"predecessor-version":[{"id":3217,"href":"https:\/\/apan.gob.mx\/portal\/wp-json\/wp\/v2\/pages\/2443\/revisions\/3217"}],"wp:attachment":[{"href":"https:\/\/apan.gob.mx\/portal\/wp-json\/wp\/v2\/media?parent=2443"}],"curies":[{"name":"wp","href":"https:\/\/api.w.org\/{rel}","templated":true}]}}