{"id":2449,"date":"2018-05-10T23:17:57","date_gmt":"2018-05-10T23:17:57","guid":{"rendered":"https:\/\/apan.gob.mx\/portal\/?page_id=2449"},"modified":"2018-05-11T06:09:15","modified_gmt":"2018-05-11T06:09:15","slug":"tesoreria_25_2018_1","status":"publish","type":"page","link":"https:\/\/apan.gob.mx\/portal\/tesoreria_25_2018_1\/","title":{"rendered":"<!--tesoreria_25_2018_1-->"},"content":{"rendered":"\t\t<div data-elementor-type=\"wp-page\" data-elementor-id=\"2449\" class=\"elementor elementor-2449 elementor-bc-flex-widget\">\n\t\t\t\t\t\t<section class=\"has_ae_slider elementor-section elementor-top-section elementor-element elementor-element-bqikbmy elementor-section-boxed elementor-section-height-default elementor-section-height-default ae-bg-gallery-type-default\" data-id=\"bqikbmy\" data-element_type=\"section\" data-e-type=\"section\">\n\t\t\t\t\t\t<div class=\"elementor-container elementor-column-gap-default\">\n\t\t\t\t\t<div class=\"has_ae_slider elementor-column elementor-col-100 elementor-top-column elementor-element elementor-element-piqzclk ae-bg-gallery-type-default\" data-id=\"piqzclk\" data-element_type=\"column\" data-e-type=\"column\">\n\t\t\t<div class=\"elementor-widget-wrap elementor-element-populated\">\n\t\t\t\t\t\t<div class=\"elementor-element elementor-element-gnvuzty elementor-widget elementor-widget-heading\" data-id=\"gnvuzty\" data-element_type=\"widget\" data-e-type=\"widget\" data-widget_type=\"heading.default\">\n\t\t\t\t<div class=\"elementor-widget-container\">\n\t\t\t\t\t<h2 class=\"elementor-heading-title elementor-size-medium\">Fracci\u00f3n XXV<\/h2>\t\t\t\t<\/div>\n\t\t\t\t<\/div>\n\t\t\t\t<div class=\"elementor-element elementor-element-hmqa16t elementor-widget elementor-widget-html\" data-id=\"hmqa16t\" data-element_type=\"widget\" data-e-type=\"widget\" data-widget_type=\"html.default\">\n\t\t\t\t<div class=\"elementor-widget-container\">\n\t\t\t\t\t\r\n<style id=\"a69_f25 T1_4691_Styles\">\r\n<!--table\r\n\t{mso-displayed-decimal-separator:\"\\.\";\r\n\tmso-displayed-thousand-separator:\"\\,\";}\r\n.xl154691\r\n\t{padding-top:1px;\r\n\tpadding-right:1px;\r\n\tpadding-left:1px;\r\n\tmso-ignore:padding;\r\n\tcolor:black;\r\n\tfont-size:11.0pt;\r\n\tfont-weight:400;\r\n\tfont-style:normal;\r\n\ttext-decoration:none;\r\n\tfont-family:Calibri, sans-serif;\r\n\tmso-font-charset:0;\r\n\tmso-number-format:General;\r\n\ttext-align:general;\r\n\tvertical-align:bottom;\r\n\tmso-background-source:auto;\r\n\tmso-pattern:auto;\r\n\twhite-space:nowrap;}\r\n.xl634691\r\n\t{padding-top:1px;\r\n\tpadding-right:1px;\r\n\tpadding-left:1px;\r\n\tmso-ignore:padding;\r\n\tcolor:black;\r\n\tfont-size:11.0pt;\r\n\tfont-weight:400;\r\n\tfont-style:normal;\r\n\ttext-decoration:none;\r\n\tfont-family:Calibri, sans-serif;\r\n\tmso-font-charset:0;\r\n\tmso-number-format:General;\r\n\ttext-align:center;\r\n\tvertical-align:middle;\r\n\tmso-background-source:auto;\r\n\tmso-pattern:auto;\r\n\twhite-space:nowrap;}\r\n.xl644691\r\n\t{padding-top:1px;\r\n\tpadding-right:1px;\r\n\tpadding-left:1px;\r\n\tmso-ignore:padding;\r\n\tcolor:white;\r\n\tfont-size:11.0pt;\r\n\tfont-weight:700;\r\n\tfont-style:normal;\r\n\ttext-decoration:none;\r\n\tfont-family:Arial;\r\n\tmso-generic-font-family:auto;\r\n\tmso-font-charset:0;\r\n\tmso-number-format:General;\r\n\ttext-align:center;\r\n\tvertical-align:middle;\r\n\tborder:.5pt solid windowtext;\r\n\tbackground:#333333;\r\n\tmso-pattern:black none;\r\n\twhite-space:nowrap;}\r\n.xl654691\r\n\t{padding-top:1px;\r\n\tpadding-right:1px;\r\n\tpadding-left:1px;\r\n\tmso-ignore:padding;\r\n\tcolor:black;\r\n\tfont-size:10.0pt;\r\n\tfont-weight:400;\r\n\tfont-style:normal;\r\n\ttext-decoration:none;\r\n\tfont-family:Arial;\r\n\tmso-generic-font-family:auto;\r\n\tmso-font-charset:0;\r\n\tmso-number-format:General;\r\n\ttext-align:center;\r\n\tvertical-align:middle;\r\n\tborder:.5pt solid windowtext;\r\n\tbackground:#E1E1E1;\r\n\tmso-pattern:black none;\r\n\twhite-space:nowrap;}\r\n.xl664691\r\n\t{padding-top:1px;\r\n\tpadding-right:1px;\r\n\tpadding-left:1px;\r\n\tmso-ignore:padding;\r\n\tcolor:black;\r\n\tfont-size:10.0pt;\r\n\tfont-weight:400;\r\n\tfont-style:normal;\r\n\ttext-decoration:none;\r\n\tfont-family:Arial;\r\n\tmso-generic-font-family:auto;\r\n\tmso-font-charset:0;\r\n\tmso-number-format:General;\r\n\ttext-align:center;\r\n\tvertical-align:middle;\r\n\tborder:.5pt solid windowtext;\r\n\tbackground:#E1E1E1;\r\n\tmso-pattern:black none;\r\n\twhite-space:normal;}\r\n.xl674691\r\n\t{padding-top:1px;\r\n\tpadding-right:1px;\r\n\tpadding-left:1px;\r\n\tmso-ignore:padding;\r\n\tcolor:black;\r\n\tfont-size:11.0pt;\r\n\tfont-weight:400;\r\n\tfont-style:normal;\r\n\ttext-decoration:none;\r\n\tfont-family:Calibri, sans-serif;\r\n\tmso-font-charset:0;\r\n\tmso-number-format:General;\r\n\ttext-align:center;\r\n\tvertical-align:middle;\r\n\tmso-background-source:auto;\r\n\tmso-pattern:auto;\r\n\twhite-space:normal;}\r\n.xl684691\r\n\t{padding-top:1px;\r\n\tpadding-right:1px;\r\n\tpadding-left:1px;\r\n\tmso-ignore:padding;\r\n\tcolor:black;\r\n\tfont-size:11.0pt;\r\n\tfont-weight:400;\r\n\tfont-style:normal;\r\n\ttext-decoration:none;\r\n\tfont-family:Calibri, sans-serif;\r\n\tmso-font-charset:0;\r\n\tmso-number-format:General;\r\n\ttext-align:center;\r\n\tvertical-align:middle;\r\n\tborder:.5pt solid windowtext;\r\n\tbackground:white;\r\n\tmso-pattern:black none;\r\n\twhite-space:nowrap;}\r\n.xl694691\r\n\t{padding-top:1px;\r\n\tpadding-right:1px;\r\n\tpadding-left:1px;\r\n\tmso-ignore:padding;\r\n\tcolor:black;\r\n\tfont-size:11.0pt;\r\n\tfont-weight:400;\r\n\tfont-style:normal;\r\n\ttext-decoration:none;\r\n\tfont-family:Calibri, sans-serif;\r\n\tmso-font-charset:0;\r\n\tmso-number-format:\"Medium Date\";\r\n\ttext-align:center;\r\n\tvertical-align:middle;\r\n\tborder:.5pt solid windowtext;\r\n\tbackground:white;\r\n\tmso-pattern:black none;\r\n\twhite-space:nowrap;}\r\n-->\r\n<\/style>\r\n<\/head>\r\n\r\n<body>\r\n<!--[if !excel]>&nbsp;&nbsp;<![endif]-->\r\n<!--La siguiente informaci\u00f3n se gener\u00f3 mediante el Asistente para publicar como\r\np\u00e1gina web de Microsoft Excel.-->\r\n<!--Si se vuelve a publicar el mismo elemento desde Excel, se reemplazar\u00e1 toda\r\nla informaci\u00f3n comprendida entre las etiquetas DIV.-->\r\n<!----------------------------->\r\n<!--INICIO DE LOS RESULTADOS DEL ASISTENTE PARA PUBLICAR COMO P\u00c1GINA WEB DE\r\nEXCEL -->\r\n<!----------------------------->\r\n\r\n<div id=\"a69_f25 T1_4691\" align=center x:publishsource=\"Excel\">\r\n\r\n<table border=0 cellpadding=0 cellspacing=0 width=3329 style='border-collapse:\r\n collapse;table-layout:fixed;width:2497pt'>\r\n <col width=56 style='mso-width-source:userset;mso-width-alt:2048;width:42pt'>\r\n <col width=255 style='mso-width-source:userset;mso-width-alt:9325;width:191pt'>\r\n <col width=270 style='mso-width-source:userset;mso-width-alt:9874;width:203pt'>\r\n <col width=111 style='mso-width-source:userset;mso-width-alt:4059;width:83pt'>\r\n <col width=310 style='mso-width-source:userset;mso-width-alt:11337;width:233pt'>\r\n <col width=189 style='mso-width-source:userset;mso-width-alt:6912;width:142pt'>\r\n <col width=288 style='mso-width-source:userset;mso-width-alt:10532;width:216pt'>\r\n <col width=211 style='mso-width-source:userset;mso-width-alt:7716;width:158pt'>\r\n <col width=200 style='mso-width-source:userset;mso-width-alt:7314;width:150pt'>\r\n <col width=512 style='mso-width-source:userset;mso-width-alt:18724;width:384pt'>\r\n <col width=123 style='mso-width-source:userset;mso-width-alt:4498;width:92pt'>\r\n <col width=140 style='mso-width-source:userset;mso-width-alt:5120;width:105pt'>\r\n <col width=664 style='mso-width-source:userset;mso-width-alt:24283;width:498pt'>\r\n <tr height=0 style='display:none'>\r\n  <td class=xl634691 width=56 style='width:42pt'>44270<\/td>\r\n  <td class=xl634691 width=255 style='width:191pt'><\/td>\r\n  <td class=xl634691 width=270 style='width:203pt'><\/td>\r\n  <td class=xl634691 width=111 style='width:83pt'><\/td>\r\n  <td class=xl634691 width=310 style='width:233pt'><\/td>\r\n  <td class=xl634691 width=189 style='width:142pt'><\/td>\r\n  <td class=xl634691 width=288 style='width:216pt'><\/td>\r\n  <td class=xl634691 width=211 style='width:158pt'><\/td>\r\n  <td class=xl634691 width=200 style='width:150pt'><\/td>\r\n  <td class=xl634691 width=512 style='width:384pt'><\/td>\r\n  <td class=xl634691 width=123 style='width:92pt'><\/td>\r\n  <td class=xl634691 width=140 style='width:105pt'><\/td>\r\n  <td class=xl634691 width=664 style='width:498pt'><\/td>\r\n <\/tr>\r\n <tr height=20 style='height:15.0pt'>\r\n  <td colspan=3 height=20 class=xl644691 style='height:15.0pt'>T\u00cdTULO<\/td>\r\n  <td colspan=3 class=xl644691>NOMBRE CORTO<\/td>\r\n  <td colspan=3 class=xl644691>DESCRIPCI\u00d3N<\/td>\r\n  <td class=xl634691><\/td>\r\n  <td class=xl634691><\/td>\r\n  <td class=xl634691><\/td>\r\n  <td class=xl634691><\/td>\r\n <\/tr>\r\n <tr height=42 style='mso-height-source:userset;height:31.5pt'>\r\n  <td colspan=3 height=42 class=xl654691 style='height:31.5pt'>Resultados de la\r\n  dictaminaci\u00f3n de los estados financieros<\/td>\r\n  <td colspan=3 class=xl654691>a69_f25<\/td>\r\n  <td colspan=3 class=xl664691 width=699 style='width:524pt'>Todos los sujetos\r\n  obligados publicar\u00e1n los resultados de los dict\u00e1menes realizados a sus\r\n  estados financieros por las empresas auditoras contratadas para tal fin.<\/td>\r\n  <td class=xl634691><\/td>\r\n  <td class=xl634691><\/td>\r\n  <td class=xl634691><\/td>\r\n  <td class=xl634691><\/td>\r\n <\/tr>\r\n <tr height=0 style='display:none'>\r\n  <td class=xl634691>1<\/td>\r\n  <td class=xl634691>4<\/td>\r\n  <td class=xl634691>4<\/td>\r\n  <td class=xl634691>1<\/td>\r\n  <td class=xl634691>7<\/td>\r\n  <td class=xl634691>4<\/td>\r\n  <td class=xl634691>7<\/td>\r\n  <td class=xl634691>1<\/td>\r\n  <td class=xl634691>1<\/td>\r\n  <td class=xl634691>2<\/td>\r\n  <td class=xl634691>4<\/td>\r\n  <td class=xl634691>13<\/td>\r\n  <td class=xl634691>14<\/td>\r\n <\/tr>\r\n <tr height=0 style='display:none'>\r\n  <td class=xl634691>351096<\/td>\r\n  <td class=xl634691>351104<\/td>\r\n  <td class=xl634691>351105<\/td>\r\n  <td class=xl634691>351088<\/td>\r\n  <td class=xl634691>351099<\/td>\r\n  <td class=xl634691>351097<\/td>\r\n  <td class=xl634691>351100<\/td>\r\n  <td class=xl634691>351093<\/td>\r\n  <td class=xl634691>351094<\/td>\r\n  <td class=xl634691>351106<\/td>\r\n  <td class=xl634691>351098<\/td>\r\n  <td class=xl634691>351102<\/td>\r\n  <td class=xl634691>351103<\/td>\r\n <\/tr>\r\n <tr height=20 style='height:15.0pt'>\r\n  <td colspan=13 height=20 class=xl644691 style='height:15.0pt'>Tabla Campos<\/td>\r\n <\/tr>\r\n <tr height=34 style='height:25.5pt'>\r\n  <td height=34 class=xl664691 width=56 style='height:25.5pt;width:42pt'>Ejercicio<\/td>\r\n  <td class=xl664691 width=255 style='border-left:none;width:191pt'>Fecha de\r\n  inicio del periodo que se informa<\/td>\r\n  <td class=xl664691 width=270 style='border-left:none;width:203pt'>Fecha de\r\n  t\u00e9rmino del periodo que se informa<\/td>\r\n  <td class=xl664691 width=111 style='border-left:none;width:83pt'>Ejercicio\r\n  auditado<\/td>\r\n  <td class=xl664691 width=310 style='border-left:none;width:233pt'>Hiperv\u00ednculo\r\n  a los estados financieros dictaminados<\/td>\r\n  <td class=xl664691 width=189 style='border-left:none;width:142pt'>Fecha de\r\n  emisi\u00f3n del dictamen<\/td>\r\n  <td class=xl664691 width=288 style='border-left:none;width:216pt'>Hiperv\u00ednculo\r\n  al dictamen de estados financieros<\/td>\r\n  <td class=xl664691 width=211 style='border-left:none;width:158pt'>Total de\r\n  observaciones resultantes<\/td>\r\n  <td class=xl664691 width=200 style='border-left:none;width:150pt'>Total de\r\n  aclaraciones efectuadas<\/td>\r\n  <td class=xl664691 width=512 style='border-left:none;width:384pt'>\u00c1rea(s)\r\n  responsable(s) que genera(n), posee(n), publica(n) y actualizan la\r\n  informaci\u00f3n<\/td>\r\n  <td class=xl664691 width=123 style='border-left:none;width:92pt'>Fecha de\r\n  validaci\u00f3n<\/td>\r\n  <td class=xl664691 width=140 style='border-left:none;width:105pt'>Fecha de\r\n  actualizaci\u00f3n<\/td>\r\n  <td class=xl664691 width=664 style='border-left:none;width:498pt'>Nota<\/td>\r\n <\/tr>\r\n <tr height=20 style='height:15.0pt'>\r\n  <td height=20 class=xl684691 style='height:15.0pt;border-top:none'>2018<\/td>\r\n  <td class=xl694691 style='border-top:none;border-left:none'>01-ene-18<\/td>\r\n  <td class=xl694691 style='border-top:none;border-left:none'>31-mar-18<\/td>\r\n  <td class=xl684691 style='border-top:none;border-left:none'>&nbsp;<\/td>\r\n  <td class=xl684691 style='border-top:none;border-left:none'>&nbsp;<\/td>\r\n  <td class=xl684691 style='border-top:none;border-left:none'>&nbsp;<\/td>\r\n  <td class=xl684691 style='border-top:none;border-left:none'>&nbsp;<\/td>\r\n  <td class=xl684691 style='border-top:none;border-left:none'>&nbsp;<\/td>\r\n  <td class=xl684691 style='border-top:none;border-left:none'>&nbsp;<\/td>\r\n  <td class=xl684691 style='border-top:none;border-left:none'>Tesoreria\r\n  Municipal<span style='mso-spacerun:yes'>\u00a0 <\/span>de Apan Hidalgo<\/td>\r\n  <td class=xl694691 style='border-top:none;border-left:none'>06-abr-18<\/td>\r\n  <td class=xl694691 style='border-top:none;border-left:none'>06-abr-18<\/td>\r\n  <td class=xl684691 style='border-top:none;border-left:none'>Al per\u00edodo que se\r\n  informa, los estados financieros del Municipio no han sido dictaminados por\r\n  terceros.<span style='mso-spacerun:yes'>\u00a0<\/span><\/td>\r\n <\/tr>\r\n <![if supportMisalignedColumns]>\r\n <tr height=0 style='display:none'>\r\n  <td width=56 style='width:42pt'><\/td>\r\n  <td width=255 style='width:191pt'><\/td>\r\n  <td width=270 style='width:203pt'><\/td>\r\n  <td width=111 style='width:83pt'><\/td>\r\n  <td width=310 style='width:233pt'><\/td>\r\n  <td width=189 style='width:142pt'><\/td>\r\n  <td width=288 style='width:216pt'><\/td>\r\n  <td width=211 style='width:158pt'><\/td>\r\n  <td width=200 style='width:150pt'><\/td>\r\n  <td width=512 style='width:384pt'><\/td>\r\n  <td width=123 style='width:92pt'><\/td>\r\n  <td width=140 style='width:105pt'><\/td>\r\n  <td width=664 style='width:498pt'><\/td>\r\n <\/tr>\r\n <![endif]>\r\n<\/table>\r\n\r\n<\/div>\r\n\r\n\t\t\t\t<\/div>\n\t\t\t\t<\/div>\n\t\t\t\t<div class=\"elementor-element elementor-element-wyjsetz elementor-widget elementor-widget-heading\" data-id=\"wyjsetz\" data-element_type=\"widget\" data-e-type=\"widget\" data-widget_type=\"heading.default\">\n\t\t\t\t<div class=\"elementor-widget-container\">\n\t\t\t\t\t<h2 class=\"elementor-heading-title elementor-size-small\">Fecha en que se subi\u00f3 la informaci\u00f3n: 10-mayo-18<\/h2>\t\t\t\t<\/div>\n\t\t\t\t<\/div>\n\t\t\t\t\t<\/div>\n\t\t<\/div>\n\t\t\t\t\t<\/div>\n\t\t<\/section>\n\t\t\t\t<\/div>\n\t\t","protected":false},"excerpt":{"rendered":"<p>Fracci\u00f3n XXV 44270 T\u00cdTULO NOMBRE CORTO DESCRIPCI\u00d3N Resultados de la dictaminaci\u00f3n de los estados financieros a69_f25 Todos los sujetos obligados publicar\u00e1n los resultados de los dict\u00e1menes realizados a sus estados financieros por las empresas auditoras contratadas para tal fin. 1 4 4 1 7 4 7 1 1 2 4 13 14 351096 351104 351105 [&hellip;]<\/p>\n","protected":false},"author":1,"featured_media":0,"parent":0,"menu_order":0,"comment_status":"closed","ping_status":"closed","template":"page-template-full.php","meta":{"footnotes":""},"class_list":["post-2449","page","type-page","status-publish","hentry"],"jetpack_sharing_enabled":true,"_links":{"self":[{"href":"https:\/\/apan.gob.mx\/portal\/wp-json\/wp\/v2\/pages\/2449","targetHints":{"allow":["GET"]}}],"collection":[{"href":"https:\/\/apan.gob.mx\/portal\/wp-json\/wp\/v2\/pages"}],"about":[{"href":"https:\/\/apan.gob.mx\/portal\/wp-json\/wp\/v2\/types\/page"}],"author":[{"embeddable":true,"href":"https:\/\/apan.gob.mx\/portal\/wp-json\/wp\/v2\/users\/1"}],"replies":[{"embeddable":true,"href":"https:\/\/apan.gob.mx\/portal\/wp-json\/wp\/v2\/comments?post=2449"}],"version-history":[{"count":5,"href":"https:\/\/apan.gob.mx\/portal\/wp-json\/wp\/v2\/pages\/2449\/revisions"}],"predecessor-version":[{"id":2476,"href":"https:\/\/apan.gob.mx\/portal\/wp-json\/wp\/v2\/pages\/2449\/revisions\/2476"}],"wp:attachment":[{"href":"https:\/\/apan.gob.mx\/portal\/wp-json\/wp\/v2\/media?parent=2449"}],"curies":[{"name":"wp","href":"https:\/\/api.w.org\/{rel}","templated":true}]}}