{"id":2455,"date":"2018-05-11T02:13:53","date_gmt":"2018-05-11T02:13:53","guid":{"rendered":"https:\/\/apan.gob.mx\/portal\/?page_id=2455"},"modified":"2018-05-11T02:14:56","modified_gmt":"2018-05-11T02:14:56","slug":"tesoreria_26_2018_1","status":"publish","type":"page","link":"https:\/\/apan.gob.mx\/portal\/tesoreria_26_2018_1\/","title":{"rendered":"<!--tesoreria_26_2018_1-->"},"content":{"rendered":"\t\t<div data-elementor-type=\"wp-page\" data-elementor-id=\"2455\" class=\"elementor elementor-2455 elementor-bc-flex-widget\">\n\t\t\t\t\t\t<section class=\"has_ae_slider elementor-section elementor-top-section elementor-element elementor-element-nhrytdi elementor-section-boxed elementor-section-height-default elementor-section-height-default ae-bg-gallery-type-default\" data-id=\"nhrytdi\" data-element_type=\"section\" data-e-type=\"section\">\n\t\t\t\t\t\t<div class=\"elementor-container elementor-column-gap-default\">\n\t\t\t\t\t<div class=\"has_ae_slider elementor-column elementor-col-100 elementor-top-column elementor-element elementor-element-xfyddqk ae-bg-gallery-type-default\" data-id=\"xfyddqk\" data-element_type=\"column\" data-e-type=\"column\">\n\t\t\t<div class=\"elementor-widget-wrap elementor-element-populated\">\n\t\t\t\t\t\t<div class=\"elementor-element elementor-element-vthilkw elementor-widget elementor-widget-heading\" data-id=\"vthilkw\" data-element_type=\"widget\" data-e-type=\"widget\" data-widget_type=\"heading.default\">\n\t\t\t\t<div class=\"elementor-widget-container\">\n\t\t\t\t\t<h2 class=\"elementor-heading-title elementor-size-medium\">Fracci\u00f3n XVl<\/h2>\t\t\t\t<\/div>\n\t\t\t\t<\/div>\n\t\t\t\t<div class=\"elementor-element elementor-element-hpzsbok elementor-widget elementor-widget-html\" data-id=\"hpzsbok\" data-element_type=\"widget\" data-e-type=\"widget\" data-widget_type=\"html.default\">\n\t\t\t\t<div class=\"elementor-widget-container\">\n\t\t\t\t\t\r\n<style id=\"a69_f26 T1_8626_Styles\">\r\n<!--table\r\n\t{mso-displayed-decimal-separator:\"\\.\";\r\n\tmso-displayed-thousand-separator:\"\\,\";}\r\n.xl158626\r\n\t{padding-top:1px;\r\n\tpadding-right:1px;\r\n\tpadding-left:1px;\r\n\tmso-ignore:padding;\r\n\tcolor:black;\r\n\tfont-size:11.0pt;\r\n\tfont-weight:400;\r\n\tfont-style:normal;\r\n\ttext-decoration:none;\r\n\tfont-family:Calibri, sans-serif;\r\n\tmso-font-charset:0;\r\n\tmso-number-format:General;\r\n\ttext-align:general;\r\n\tvertical-align:bottom;\r\n\tmso-background-source:auto;\r\n\tmso-pattern:auto;\r\n\twhite-space:nowrap;}\r\n.xl638626\r\n\t{padding-top:1px;\r\n\tpadding-right:1px;\r\n\tpadding-left:1px;\r\n\tmso-ignore:padding;\r\n\tcolor:white;\r\n\tfont-size:11.0pt;\r\n\tfont-weight:700;\r\n\tfont-style:normal;\r\n\ttext-decoration:none;\r\n\tfont-family:Arial;\r\n\tmso-generic-font-family:auto;\r\n\tmso-font-charset:0;\r\n\tmso-number-format:General;\r\n\ttext-align:center;\r\n\tvertical-align:middle;\r\n\tborder:.5pt solid windowtext;\r\n\tbackground:#333333;\r\n\tmso-pattern:black none;\r\n\twhite-space:nowrap;}\r\n.xl648626\r\n\t{padding-top:1px;\r\n\tpadding-right:1px;\r\n\tpadding-left:1px;\r\n\tmso-ignore:padding;\r\n\tcolor:black;\r\n\tfont-size:10.0pt;\r\n\tfont-weight:400;\r\n\tfont-style:normal;\r\n\ttext-decoration:none;\r\n\tfont-family:Arial;\r\n\tmso-generic-font-family:auto;\r\n\tmso-font-charset:0;\r\n\tmso-number-format:General;\r\n\ttext-align:center;\r\n\tvertical-align:middle;\r\n\tborder:.5pt solid windowtext;\r\n\tbackground:#E1E1E1;\r\n\tmso-pattern:black none;\r\n\twhite-space:normal;}\r\n.xl658626\r\n\t{padding-top:1px;\r\n\tpadding-right:1px;\r\n\tpadding-left:1px;\r\n\tmso-ignore:padding;\r\n\tcolor:black;\r\n\tfont-size:11.0pt;\r\n\tfont-weight:400;\r\n\tfont-style:normal;\r\n\ttext-decoration:none;\r\n\tfont-family:Calibri, sans-serif;\r\n\tmso-font-charset:0;\r\n\tmso-number-format:General;\r\n\ttext-align:center;\r\n\tvertical-align:middle;\r\n\tmso-background-source:auto;\r\n\tmso-pattern:auto;\r\n\twhite-space:nowrap;}\r\n.xl668626\r\n\t{padding-top:1px;\r\n\tpadding-right:1px;\r\n\tpadding-left:1px;\r\n\tmso-ignore:padding;\r\n\tcolor:black;\r\n\tfont-size:10.0pt;\r\n\tfont-weight:400;\r\n\tfont-style:normal;\r\n\ttext-decoration:none;\r\n\tfont-family:Arial;\r\n\tmso-generic-font-family:auto;\r\n\tmso-font-charset:0;\r\n\tmso-number-format:General;\r\n\ttext-align:center;\r\n\tvertical-align:middle;\r\n\tborder:.5pt solid windowtext;\r\n\tbackground:#E1E1E1;\r\n\tmso-pattern:black none;\r\n\twhite-space:nowrap;}\r\n.xl678626\r\n\t{padding-top:1px;\r\n\tpadding-right:1px;\r\n\tpadding-left:1px;\r\n\tmso-ignore:padding;\r\n\tcolor:black;\r\n\tfont-size:11.0pt;\r\n\tfont-weight:400;\r\n\tfont-style:normal;\r\n\ttext-decoration:none;\r\n\tfont-family:Calibri, sans-serif;\r\n\tmso-font-charset:0;\r\n\tmso-number-format:General;\r\n\ttext-align:center;\r\n\tvertical-align:middle;\r\n\tmso-background-source:auto;\r\n\tmso-pattern:auto;\r\n\twhite-space:normal;}\r\n.xl688626\r\n\t{padding-top:1px;\r\n\tpadding-right:1px;\r\n\tpadding-left:1px;\r\n\tmso-ignore:padding;\r\n\tcolor:black;\r\n\tfont-size:11.0pt;\r\n\tfont-weight:400;\r\n\tfont-style:normal;\r\n\ttext-decoration:none;\r\n\tfont-family:Calibri, sans-serif;\r\n\tmso-font-charset:0;\r\n\tmso-number-format:General;\r\n\ttext-align:center;\r\n\tvertical-align:middle;\r\n\tborder:.5pt solid windowtext;\r\n\tbackground:white;\r\n\tmso-pattern:black none;\r\n\twhite-space:nowrap;}\r\n.xl698626\r\n\t{padding-top:1px;\r\n\tpadding-right:1px;\r\n\tpadding-left:1px;\r\n\tmso-ignore:padding;\r\n\tcolor:black;\r\n\tfont-size:11.0pt;\r\n\tfont-weight:400;\r\n\tfont-style:normal;\r\n\ttext-decoration:none;\r\n\tfont-family:Calibri, sans-serif;\r\n\tmso-font-charset:0;\r\n\tmso-number-format:\"Medium Date\";\r\n\ttext-align:center;\r\n\tvertical-align:middle;\r\n\tborder:.5pt solid windowtext;\r\n\tbackground:white;\r\n\tmso-pattern:black none;\r\n\twhite-space:nowrap;}\r\n-->\r\n<\/style>\r\n<\/head>\r\n\r\n<body>\r\n<!--[if !excel]>&nbsp;&nbsp;<![endif]-->\r\n<!--La siguiente informaci\u00f3n se gener\u00f3 mediante el Asistente para publicar como\r\np\u00e1gina web de Microsoft Excel.-->\r\n<!--Si se vuelve a publicar el mismo elemento desde Excel, se reemplazar\u00e1 toda\r\nla informaci\u00f3n comprendida entre las etiquetas DIV.-->\r\n<!----------------------------->\r\n<!--INICIO DE LOS RESULTADOS DEL ASISTENTE PARA PUBLICAR COMO P\u00c1GINA WEB DE\r\nEXCEL -->\r\n<!----------------------------->\r\n\r\n<div id=\"a69_f26 T1_8626\" align=center x:publishsource=\"Excel\">\r\n\r\n<table border=0 cellpadding=0 cellspacing=0 width=3672 style='border-collapse:\r\n collapse;table-layout:fixed;width:2755pt'>\r\n <col width=56 style='mso-width-source:userset;mso-width-alt:2048;width:42pt'>\r\n <col width=255 style='mso-width-source:userset;mso-width-alt:9325;width:191pt'>\r\n <col width=270 style='mso-width-source:userset;mso-width-alt:9874;width:203pt'>\r\n <col width=388 style='mso-width-source:userset;mso-width-alt:14189;width:291pt'>\r\n <col width=414 style='mso-width-source:userset;mso-width-alt:15140;width:311pt'>\r\n <col width=427 style='mso-width-source:userset;mso-width-alt:15616;width:320pt'>\r\n <col width=269 style='mso-width-source:userset;mso-width-alt:9837;width:202pt'>\r\n <col width=178 style='mso-width-source:userset;mso-width-alt:6509;width:134pt'>\r\n <col width=204 style='mso-width-source:userset;mso-width-alt:7460;width:153pt'>\r\n <col width=353 style='mso-width-source:userset;mso-width-alt:12909;width:265pt'>\r\n <col width=123 style='mso-width-source:userset;mso-width-alt:4498;width:92pt'>\r\n <col width=140 style='mso-width-source:userset;mso-width-alt:5120;width:105pt'>\r\n <col width=595 style='mso-width-source:userset;mso-width-alt:21760;width:446pt'>\r\n <tr height=0 style='display:none'>\r\n  <td class=xl658626 width=56 style='width:42pt'>44271<\/td>\r\n  <td class=xl658626 width=255 style='width:191pt'><\/td>\r\n  <td class=xl658626 width=270 style='width:203pt'><\/td>\r\n  <td class=xl658626 width=388 style='width:291pt'><\/td>\r\n  <td class=xl658626 width=414 style='width:311pt'><\/td>\r\n  <td class=xl658626 width=427 style='width:320pt'><\/td>\r\n  <td class=xl658626 width=269 style='width:202pt'><\/td>\r\n  <td class=xl658626 width=178 style='width:134pt'><\/td>\r\n  <td class=xl658626 width=204 style='width:153pt'><\/td>\r\n  <td class=xl658626 width=353 style='width:265pt'><\/td>\r\n  <td class=xl658626 width=123 style='width:92pt'><\/td>\r\n  <td class=xl658626 width=140 style='width:105pt'><\/td>\r\n  <td class=xl658626 width=595 style='width:446pt'><\/td>\r\n <\/tr>\r\n <tr height=20 style='height:15.0pt'>\r\n  <td colspan=3 height=20 class=xl638626 style='height:15.0pt'>T\u00cdTULO<\/td>\r\n  <td colspan=3 class=xl638626>NOMBRE CORTO<\/td>\r\n  <td colspan=3 class=xl638626>DESCRIPCI\u00d3N<\/td>\r\n  <td class=xl658626><\/td>\r\n  <td class=xl658626><\/td>\r\n  <td class=xl658626><\/td>\r\n  <td class=xl658626><\/td>\r\n <\/tr>\r\n <tr height=94 style='mso-height-source:userset;height:70.5pt'>\r\n  <td colspan=3 height=94 class=xl668626 style='height:70.5pt'>Personas que\r\n  usan recursos p\u00fablicos<\/td>\r\n  <td colspan=3 class=xl668626>a69_f26<\/td>\r\n  <td colspan=3 class=xl648626 width=651 style='width:489pt'>El listado de\r\n  personas f\u00edsicas y\/o morales, nacionales y\/o extranjeras a quienes, por\r\n  cualquier motivo, han asignado o permitido el uso de recursos p\u00fablicos y de\r\n  aquellas que realizan actos de autoridad. La informaci\u00f3n que se reporte\r\n  deber\u00e1 corresponder con la enviada a<span style='mso-spacerun:yes'>\u00a0\r\n  <\/span>los organismos garantes, para su an\u00e1lisis y elaboraci\u00f3n de listados\r\n  de<span style='mso-spacerun:yes'>\u00a0 <\/span>personas f\u00edsicas y morales\r\n  requeridos por los art\u00edculos 81 y 82 de la Ley General de Transparencia<\/td>\r\n  <td class=xl658626><\/td>\r\n  <td class=xl658626><\/td>\r\n  <td class=xl658626><\/td>\r\n  <td class=xl658626><\/td>\r\n <\/tr>\r\n <tr height=0 style='display:none'>\r\n  <td class=xl658626>1<\/td>\r\n  <td class=xl658626>4<\/td>\r\n  <td class=xl658626>4<\/td>\r\n  <td class=xl658626>1<\/td>\r\n  <td class=xl658626>1<\/td>\r\n  <td class=xl658626>1<\/td>\r\n  <td class=xl658626>1<\/td>\r\n  <td class=xl658626>9<\/td>\r\n  <td class=xl658626>1<\/td>\r\n  <td class=xl658626>2<\/td>\r\n  <td class=xl658626>4<\/td>\r\n  <td class=xl658626>13<\/td>\r\n  <td class=xl658626>14<\/td>\r\n <\/tr>\r\n <tr height=0 style='display:none'>\r\n  <td class=xl658626>351108<\/td>\r\n  <td class=xl658626>351122<\/td>\r\n  <td class=xl658626>351123<\/td>\r\n  <td class=xl658626>351109<\/td>\r\n  <td class=xl658626>351110<\/td>\r\n  <td class=xl658626>351129<\/td>\r\n  <td class=xl658626>351111<\/td>\r\n  <td class=xl658626>351124<\/td>\r\n  <td class=xl658626>351133<\/td>\r\n  <td class=xl658626>351128<\/td>\r\n  <td class=xl658626>351114<\/td>\r\n  <td class=xl658626>351125<\/td>\r\n  <td class=xl658626>351130<\/td>\r\n <\/tr>\r\n <tr height=20 style='height:15.0pt'>\r\n  <td colspan=13 height=20 class=xl638626 style='height:15.0pt'>Tabla Campos<\/td>\r\n <\/tr>\r\n <tr height=34 style='height:25.5pt'>\r\n  <td height=34 class=xl648626 width=56 style='height:25.5pt;width:42pt'>Ejercicio<\/td>\r\n  <td class=xl648626 width=255 style='border-left:none;width:191pt'>Fecha de\r\n  inicio del periodo que se informa<\/td>\r\n  <td class=xl648626 width=270 style='border-left:none;width:203pt'>Fecha de\r\n  t\u00e9rmino del periodo que se informa<\/td>\r\n  <td class=xl648626 width=388 style='border-left:none;width:291pt'>Nombre(s)\r\n  de la persona que recibi\u00f3 los recursos del beneficiario<\/td>\r\n  <td class=xl648626 width=414 style='border-left:none;width:311pt'>Primer\r\n  apellido de la persona que recibi\u00f3 los recursos del beneficiario<\/td>\r\n  <td class=xl648626 width=427 style='border-left:none;width:320pt'>Segundo\r\n  apellido de la persona que recibi\u00f3 los recursos del beneficiario<\/td>\r\n  <td class=xl648626 width=269 style='border-left:none;width:202pt'>Denominaci\u00f3n\r\n  o raz\u00f3n social del beneficiario<\/td>\r\n  <td class=xl648626 width=178 style='border-left:none;width:134pt'>Personer\u00eda\r\n  jur\u00eddica (cat\u00e1logo)<\/td>\r\n  <td class=xl648626 width=204 style='border-left:none;width:153pt'>Clasificaci\u00f3n\r\n  de la persona moral<span style='mso-spacerun:yes'>\u00a0<\/span><\/td>\r\n  <td class=xl648626 width=353 style='border-left:none;width:265pt'>\u00c1rea(s)\r\n  responsable(s) que genera(n), posee(n), publica(n) y actualizan la\r\n  informaci\u00f3n<\/td>\r\n  <td class=xl648626 width=123 style='border-left:none;width:92pt'>Fecha de\r\n  validaci\u00f3n<\/td>\r\n  <td class=xl648626 width=140 style='border-left:none;width:105pt'>Fecha de\r\n  actualizaci\u00f3n<\/td>\r\n  <td class=xl648626 width=595 style='border-left:none;width:446pt'>Nota<\/td>\r\n <\/tr>\r\n <tr height=20 style='height:15.0pt'>\r\n  <td height=20 class=xl688626 style='height:15.0pt;border-top:none'>2018<\/td>\r\n  <td class=xl698626 style='border-top:none;border-left:none'>01-ene-18<\/td>\r\n  <td class=xl698626 style='border-top:none;border-left:none'>31-mar-18<\/td>\r\n  <td class=xl688626 style='border-top:none;border-left:none'>&nbsp;<\/td>\r\n  <td class=xl688626 style='border-top:none;border-left:none'>&nbsp;<\/td>\r\n  <td class=xl688626 style='border-top:none;border-left:none'>&nbsp;<\/td>\r\n  <td class=xl688626 style='border-top:none;border-left:none'>&nbsp;<\/td>\r\n  <td class=xl688626 style='border-top:none;border-left:none'>&nbsp;<\/td>\r\n  <td class=xl688626 style='border-top:none;border-left:none'>&nbsp;<\/td>\r\n  <td class=xl688626 style='border-top:none;border-left:none'>Tesoreria\r\n  Municipal de Apan Hidalgo<\/td>\r\n  <td class=xl698626 style='border-top:none;border-left:none'>06-abr-18<\/td>\r\n  <td class=xl698626 style='border-top:none;border-left:none'>06-abr-18<\/td>\r\n  <td class=xl688626 style='border-top:none;border-left:none'>En este periodo\r\n  el municipio reporta, que ningun tipo de recurso fue ejercido por terceros.<\/td>\r\n <\/tr>\r\n <![if supportMisalignedColumns]>\r\n <tr height=0 style='display:none'>\r\n  <td width=56 style='width:42pt'><\/td>\r\n  <td width=255 style='width:191pt'><\/td>\r\n  <td width=270 style='width:203pt'><\/td>\r\n  <td width=388 style='width:291pt'><\/td>\r\n  <td width=414 style='width:311pt'><\/td>\r\n  <td width=427 style='width:320pt'><\/td>\r\n  <td width=269 style='width:202pt'><\/td>\r\n  <td width=178 style='width:134pt'><\/td>\r\n  <td width=204 style='width:153pt'><\/td>\r\n  <td width=353 style='width:265pt'><\/td>\r\n  <td width=123 style='width:92pt'><\/td>\r\n  <td width=140 style='width:105pt'><\/td>\r\n  <td width=595 style='width:446pt'><\/td>\r\n <\/tr>\r\n <![endif]>\r\n<\/table>\r\n\r\n<\/div>\r\n\r\n\r\n\t\t\t\t<\/div>\n\t\t\t\t<\/div>\n\t\t\t\t<div class=\"elementor-element elementor-element-gowlria elementor-widget elementor-widget-heading\" data-id=\"gowlria\" data-element_type=\"widget\" data-e-type=\"widget\" data-widget_type=\"heading.default\">\n\t\t\t\t<div class=\"elementor-widget-container\">\n\t\t\t\t\t<h2 class=\"elementor-heading-title elementor-size-small\">Fecha en que se subi\u00f3 la informaci\u00f3n: 10-mayo-18<\/h2>\t\t\t\t<\/div>\n\t\t\t\t<\/div>\n\t\t\t\t\t<\/div>\n\t\t<\/div>\n\t\t\t\t\t<\/div>\n\t\t<\/section>\n\t\t\t\t<\/div>\n\t\t","protected":false},"excerpt":{"rendered":"<p>Fracci\u00f3n XVl 44271 T\u00cdTULO NOMBRE CORTO DESCRIPCI\u00d3N Personas que usan recursos p\u00fablicos a69_f26 El listado de personas f\u00edsicas y\/o morales, nacionales y\/o extranjeras a quienes, por cualquier motivo, han asignado o permitido el uso de recursos p\u00fablicos y de aquellas que realizan actos de autoridad. La informaci\u00f3n que se reporte deber\u00e1 corresponder con la enviada [&hellip;]<\/p>\n","protected":false},"author":1,"featured_media":0,"parent":0,"menu_order":0,"comment_status":"closed","ping_status":"closed","template":"page-template-full.php","meta":{"footnotes":""},"class_list":["post-2455","page","type-page","status-publish","hentry"],"jetpack_sharing_enabled":true,"_links":{"self":[{"href":"https:\/\/apan.gob.mx\/portal\/wp-json\/wp\/v2\/pages\/2455","targetHints":{"allow":["GET"]}}],"collection":[{"href":"https:\/\/apan.gob.mx\/portal\/wp-json\/wp\/v2\/pages"}],"about":[{"href":"https:\/\/apan.gob.mx\/portal\/wp-json\/wp\/v2\/types\/page"}],"author":[{"embeddable":true,"href":"https:\/\/apan.gob.mx\/portal\/wp-json\/wp\/v2\/users\/1"}],"replies":[{"embeddable":true,"href":"https:\/\/apan.gob.mx\/portal\/wp-json\/wp\/v2\/comments?post=2455"}],"version-history":[{"count":3,"href":"https:\/\/apan.gob.mx\/portal\/wp-json\/wp\/v2\/pages\/2455\/revisions"}],"predecessor-version":[{"id":2458,"href":"https:\/\/apan.gob.mx\/portal\/wp-json\/wp\/v2\/pages\/2455\/revisions\/2458"}],"wp:attachment":[{"href":"https:\/\/apan.gob.mx\/portal\/wp-json\/wp\/v2\/media?parent=2455"}],"curies":[{"name":"wp","href":"https:\/\/api.w.org\/{rel}","templated":true}]}}