{"id":2461,"date":"2018-05-11T02:25:08","date_gmt":"2018-05-11T02:25:08","guid":{"rendered":"https:\/\/apan.gob.mx\/portal\/?page_id=2461"},"modified":"2018-05-11T02:30:39","modified_gmt":"2018-05-11T02:30:39","slug":"tesoreria_41_2018_1","status":"publish","type":"page","link":"https:\/\/apan.gob.mx\/portal\/tesoreria_41_2018_1\/","title":{"rendered":"<!--tesoreria_41_2018_1-->"},"content":{"rendered":"\t\t<div data-elementor-type=\"wp-page\" data-elementor-id=\"2461\" class=\"elementor elementor-2461 elementor-bc-flex-widget\">\n\t\t\t\t\t\t<section class=\"has_ae_slider elementor-section elementor-top-section elementor-element elementor-element-bqdqelh elementor-section-boxed elementor-section-height-default elementor-section-height-default ae-bg-gallery-type-default\" data-id=\"bqdqelh\" data-element_type=\"section\" data-e-type=\"section\">\n\t\t\t\t\t\t<div class=\"elementor-container elementor-column-gap-default\">\n\t\t\t\t\t<div class=\"has_ae_slider elementor-column elementor-col-100 elementor-top-column elementor-element elementor-element-taxukqk ae-bg-gallery-type-default\" data-id=\"taxukqk\" data-element_type=\"column\" data-e-type=\"column\">\n\t\t\t<div class=\"elementor-widget-wrap elementor-element-populated\">\n\t\t\t\t\t\t<div class=\"elementor-element elementor-element-cqpkutr elementor-widget elementor-widget-heading\" data-id=\"cqpkutr\" data-element_type=\"widget\" data-e-type=\"widget\" data-widget_type=\"heading.default\">\n\t\t\t\t<div class=\"elementor-widget-container\">\n\t\t\t\t\t<h2 class=\"elementor-heading-title elementor-size-medium\">Fracci\u00f3n XLl<\/h2>\t\t\t\t<\/div>\n\t\t\t\t<\/div>\n\t\t\t\t<div class=\"elementor-element elementor-element-clrrqas elementor-widget elementor-widget-html\" data-id=\"clrrqas\" data-element_type=\"widget\" data-e-type=\"widget\" data-widget_type=\"html.default\">\n\t\t\t\t<div class=\"elementor-widget-container\">\n\t\t\t\t\t\r\n<style id=\"a69_f41 T1_16462_Styles\">\r\n<!--table\r\n\t{mso-displayed-decimal-separator:\"\\.\";\r\n\tmso-displayed-thousand-separator:\"\\,\";}\r\n.xl1516462\r\n\t{padding-top:1px;\r\n\tpadding-right:1px;\r\n\tpadding-left:1px;\r\n\tmso-ignore:padding;\r\n\tcolor:black;\r\n\tfont-size:11.0pt;\r\n\tfont-weight:400;\r\n\tfont-style:normal;\r\n\ttext-decoration:none;\r\n\tfont-family:Calibri, sans-serif;\r\n\tmso-font-charset:0;\r\n\tmso-number-format:General;\r\n\ttext-align:general;\r\n\tvertical-align:bottom;\r\n\tmso-background-source:auto;\r\n\tmso-pattern:auto;\r\n\twhite-space:nowrap;}\r\n.xl6316462\r\n\t{padding-top:1px;\r\n\tpadding-right:1px;\r\n\tpadding-left:1px;\r\n\tmso-ignore:padding;\r\n\tcolor:white;\r\n\tfont-size:11.0pt;\r\n\tfont-weight:700;\r\n\tfont-style:normal;\r\n\ttext-decoration:none;\r\n\tfont-family:Arial, sans-serif;\r\n\tmso-font-charset:0;\r\n\tmso-number-format:General;\r\n\ttext-align:center;\r\n\tvertical-align:middle;\r\n\tborder:.5pt solid windowtext;\r\n\tbackground:#333333;\r\n\tmso-pattern:black none;\r\n\twhite-space:normal;}\r\n.xl6416462\r\n\t{padding-top:1px;\r\n\tpadding-right:1px;\r\n\tpadding-left:1px;\r\n\tmso-ignore:padding;\r\n\tcolor:white;\r\n\tfont-size:11.0pt;\r\n\tfont-weight:700;\r\n\tfont-style:normal;\r\n\ttext-decoration:none;\r\n\tfont-family:Arial, sans-serif;\r\n\tmso-font-charset:0;\r\n\tmso-number-format:General;\r\n\ttext-align:center;\r\n\tvertical-align:middle;\r\n\tborder-top:none;\r\n\tborder-right:none;\r\n\tborder-bottom:none;\r\n\tborder-left:.5pt solid windowtext;\r\n\tbackground:#333333;\r\n\tmso-pattern:black none;\r\n\twhite-space:normal;}\r\n.xl6516462\r\n\t{padding-top:1px;\r\n\tpadding-right:1px;\r\n\tpadding-left:1px;\r\n\tmso-ignore:padding;\r\n\tcolor:white;\r\n\tfont-size:11.0pt;\r\n\tfont-weight:700;\r\n\tfont-style:normal;\r\n\ttext-decoration:none;\r\n\tfont-family:Arial, sans-serif;\r\n\tmso-font-charset:0;\r\n\tmso-number-format:General;\r\n\ttext-align:center;\r\n\tvertical-align:middle;\r\n\tbackground:#333333;\r\n\tmso-pattern:black none;\r\n\twhite-space:normal;}\r\n.xl6616462\r\n\t{padding-top:1px;\r\n\tpadding-right:1px;\r\n\tpadding-left:1px;\r\n\tmso-ignore:padding;\r\n\tcolor:black;\r\n\tfont-size:10.0pt;\r\n\tfont-weight:400;\r\n\tfont-style:normal;\r\n\ttext-decoration:none;\r\n\tfont-family:Arial, sans-serif;\r\n\tmso-font-charset:0;\r\n\tmso-number-format:General;\r\n\ttext-align:center;\r\n\tvertical-align:middle;\r\n\tborder:.5pt solid windowtext;\r\n\tbackground:#E1E1E1;\r\n\tmso-pattern:black none;\r\n\twhite-space:normal;}\r\n.xl6716462\r\n\t{padding-top:1px;\r\n\tpadding-right:1px;\r\n\tpadding-left:1px;\r\n\tmso-ignore:padding;\r\n\tcolor:black;\r\n\tfont-size:11.0pt;\r\n\tfont-weight:400;\r\n\tfont-style:normal;\r\n\ttext-decoration:none;\r\n\tfont-family:Calibri, sans-serif;\r\n\tmso-font-charset:0;\r\n\tmso-number-format:General;\r\n\ttext-align:center;\r\n\tvertical-align:middle;\r\n\tmso-background-source:auto;\r\n\tmso-pattern:auto;\r\n\twhite-space:nowrap;}\r\n.xl6816462\r\n\t{padding-top:1px;\r\n\tpadding-right:1px;\r\n\tpadding-left:1px;\r\n\tmso-ignore:padding;\r\n\tcolor:black;\r\n\tfont-size:10.0pt;\r\n\tfont-weight:400;\r\n\tfont-style:normal;\r\n\ttext-decoration:none;\r\n\tfont-family:Arial, sans-serif;\r\n\tmso-font-charset:0;\r\n\tmso-number-format:General;\r\n\ttext-align:center;\r\n\tvertical-align:middle;\r\n\tborder:.5pt solid windowtext;\r\n\tbackground:#E1E1E1;\r\n\tmso-pattern:black none;\r\n\twhite-space:nowrap;}\r\n.xl6916462\r\n\t{padding-top:1px;\r\n\tpadding-right:1px;\r\n\tpadding-left:1px;\r\n\tmso-ignore:padding;\r\n\tcolor:black;\r\n\tfont-size:10.0pt;\r\n\tfont-weight:400;\r\n\tfont-style:normal;\r\n\ttext-decoration:none;\r\n\tfont-family:Arial, sans-serif;\r\n\tmso-font-charset:0;\r\n\tmso-number-format:General;\r\n\ttext-align:center;\r\n\tvertical-align:middle;\r\n\tborder-top:none;\r\n\tborder-right:none;\r\n\tborder-bottom:none;\r\n\tborder-left:.5pt solid windowtext;\r\n\tbackground:#E1E1E1;\r\n\tmso-pattern:black none;\r\n\twhite-space:nowrap;}\r\n.xl7016462\r\n\t{padding-top:1px;\r\n\tpadding-right:1px;\r\n\tpadding-left:1px;\r\n\tmso-ignore:padding;\r\n\tcolor:black;\r\n\tfont-size:10.0pt;\r\n\tfont-weight:400;\r\n\tfont-style:normal;\r\n\ttext-decoration:none;\r\n\tfont-family:Arial, sans-serif;\r\n\tmso-font-charset:0;\r\n\tmso-number-format:General;\r\n\ttext-align:center;\r\n\tvertical-align:middle;\r\n\tborder-top:none;\r\n\tborder-right:.5pt solid windowtext;\r\n\tborder-bottom:none;\r\n\tborder-left:none;\r\n\tbackground:#E1E1E1;\r\n\tmso-pattern:black none;\r\n\twhite-space:nowrap;}\r\n.xl7116462\r\n\t{padding-top:1px;\r\n\tpadding-right:1px;\r\n\tpadding-left:1px;\r\n\tmso-ignore:padding;\r\n\tcolor:black;\r\n\tfont-size:11.0pt;\r\n\tfont-weight:400;\r\n\tfont-style:normal;\r\n\ttext-decoration:none;\r\n\tfont-family:Calibri, sans-serif;\r\n\tmso-font-charset:0;\r\n\tmso-number-format:General;\r\n\ttext-align:center;\r\n\tvertical-align:middle;\r\n\tborder:.5pt solid windowtext;\r\n\tbackground:white;\r\n\tmso-pattern:black none;\r\n\twhite-space:nowrap;}\r\n.xl7216462\r\n\t{padding-top:1px;\r\n\tpadding-right:1px;\r\n\tpadding-left:1px;\r\n\tmso-ignore:padding;\r\n\tcolor:black;\r\n\tfont-size:11.0pt;\r\n\tfont-weight:400;\r\n\tfont-style:normal;\r\n\ttext-decoration:none;\r\n\tfont-family:Calibri, sans-serif;\r\n\tmso-font-charset:0;\r\n\tmso-number-format:\"Medium Date\";\r\n\ttext-align:center;\r\n\tvertical-align:middle;\r\n\tborder:.5pt solid windowtext;\r\n\tbackground:white;\r\n\tmso-pattern:black none;\r\n\twhite-space:nowrap;}\r\n.xl7316462\r\n\t{padding-top:1px;\r\n\tpadding-right:1px;\r\n\tpadding-left:1px;\r\n\tmso-ignore:padding;\r\n\tcolor:black;\r\n\tfont-size:11.0pt;\r\n\tfont-weight:400;\r\n\tfont-style:normal;\r\n\ttext-decoration:none;\r\n\tfont-family:Calibri, sans-serif;\r\n\tmso-font-charset:0;\r\n\tmso-number-format:General;\r\n\ttext-align:center;\r\n\tvertical-align:middle;\r\n\tborder:.5pt solid windowtext;\r\n\tbackground:white;\r\n\tmso-pattern:black none;\r\n\twhite-space:normal;}\r\n-->\r\n<\/style>\r\n<\/head>\r\n\r\n<body>\r\n<!--[if !excel]>&nbsp;&nbsp;<![endif]-->\r\n<!--La siguiente informaci\u00f3n se gener\u00f3 mediante el Asistente para publicar como\r\np\u00e1gina web de Microsoft Excel.-->\r\n<!--Si se vuelve a publicar el mismo elemento desde Excel, se reemplazar\u00e1 toda\r\nla informaci\u00f3n comprendida entre las etiquetas DIV.-->\r\n<!----------------------------->\r\n<!--INICIO DE LOS RESULTADOS DEL ASISTENTE PARA PUBLICAR COMO P\u00c1GINA WEB DE\r\nEXCEL -->\r\n<!----------------------------->\r\n\r\n<div id=\"a69_f41 T1_16462\" align=center x:publishsource=\"Excel\">\r\n\r\n<table border=0 cellpadding=0 cellspacing=0 width=2039 style='border-collapse:\r\n collapse;table-layout:fixed;width:1529pt'>\r\n <col width=56 style='mso-width-source:userset;mso-width-alt:2048;width:42pt'>\r\n <col width=171 style='mso-width-source:userset;mso-width-alt:6253;width:128pt'>\r\n <col width=151 style='mso-width-source:userset;mso-width-alt:5522;width:113pt'>\r\n <col width=278 style='mso-width-source:userset;mso-width-alt:10166;width:209pt'>\r\n <col width=369 style='mso-width-source:userset;mso-width-alt:13494;width:277pt'>\r\n <col width=207 style='mso-width-source:userset;mso-width-alt:7570;width:155pt'>\r\n <col width=285 style='mso-width-source:userset;mso-width-alt:10422;width:214pt'>\r\n <col width=123 style='mso-width-source:userset;mso-width-alt:4498;width:92pt'>\r\n <col width=140 style='mso-width-source:userset;mso-width-alt:5120;width:105pt'>\r\n <col width=259 style='mso-width-source:userset;mso-width-alt:9472;width:194pt'>\r\n <tr height=0 style='display:none'>\r\n  <td class=xl6716462 width=56 style='width:42pt'>45768<\/td>\r\n  <td class=xl6716462 width=171 style='width:128pt'><\/td>\r\n  <td class=xl6716462 width=151 style='width:113pt'><\/td>\r\n  <td class=xl6716462 width=278 style='width:209pt'><\/td>\r\n  <td class=xl6716462 width=369 style='width:277pt'><\/td>\r\n  <td class=xl6716462 width=207 style='width:155pt'><\/td>\r\n  <td class=xl6716462 width=285 style='width:214pt'><\/td>\r\n  <td class=xl6716462 width=123 style='width:92pt'><\/td>\r\n  <td class=xl6716462 width=140 style='width:105pt'><\/td>\r\n  <td class=xl6716462 width=259 style='width:194pt'><\/td>\r\n <\/tr>\r\n <tr height=20 style='height:15.0pt'>\r\n  <td colspan=3 height=20 class=xl6316462 width=378 style='height:15.0pt;\r\n  width:283pt'>T\u00cdTULO<\/td>\r\n  <td class=xl6416462 width=278 style='width:209pt'>NOMBRE CORTO<\/td>\r\n  <td colspan=2 class=xl6416462 width=576 style='width:432pt'>DESCRIPCI\u00d3N<\/td>\r\n  <td class=xl6716462><\/td>\r\n  <td class=xl6716462><\/td>\r\n  <td class=xl6716462><\/td>\r\n  <td class=xl6716462><\/td>\r\n <\/tr>\r\n <tr height=20 style='height:15.0pt'>\r\n  <td colspan=3 height=20 class=xl6816462 style='height:15.0pt'>Estudios\r\n  financiados con recursos p\u00fablicos<\/td>\r\n  <td class=xl6916462>a69_f41<\/td>\r\n  <td colspan=2 class=xl6916462 style='border-right:.5pt solid black'>En este\r\n  apartado se deber\u00e1 publicar un cat\u00e1logo con todos los estudios,\r\n  investigaciones o an\u00e1lisis<\/td>\r\n  <td class=xl6716462><\/td>\r\n  <td class=xl6716462><\/td>\r\n  <td class=xl6716462><\/td>\r\n  <td class=xl6716462><\/td>\r\n <\/tr>\r\n <tr height=0 style='display:none'>\r\n  <td class=xl6716462>1<\/td>\r\n  <td class=xl6716462>4<\/td>\r\n  <td class=xl6716462>4<\/td>\r\n  <td class=xl6716462>9<\/td>\r\n  <td class=xl6716462>2<\/td>\r\n  <td class=xl6716462>2<\/td>\r\n  <td class=xl6716462>2<\/td>\r\n  <td class=xl6716462>4<\/td>\r\n  <td class=xl6716462>13<\/td>\r\n  <td class=xl6716462>14<\/td>\r\n <\/tr>\r\n <tr height=0 style='display:none'>\r\n  <td class=xl6716462>379107<\/td>\r\n  <td class=xl6716462>379119<\/td>\r\n  <td class=xl6716462>379121<\/td>\r\n  <td class=xl6716462>379125<\/td>\r\n  <td class=xl6716462>379122<\/td>\r\n  <td class=xl6716462>379110<\/td>\r\n  <td class=xl6716462>379124<\/td>\r\n  <td class=xl6716462>379111<\/td>\r\n  <td class=xl6716462>379117<\/td>\r\n  <td class=xl6716462>379118<\/td>\r\n <\/tr>\r\n <tr height=20 style='height:15.0pt'>\r\n  <td colspan=10 height=20 class=xl6316462 width=2039 style='height:15.0pt;\r\n  width:1529pt'>Tabla Campos<\/td>\r\n <\/tr>\r\n <tr height=34 style='height:25.5pt'>\r\n  <td height=34 class=xl6616462 width=56 style='height:25.5pt;width:42pt'>Ejercicio<\/td>\r\n  <td class=xl6616462 width=171 style='border-left:none;width:128pt'>Fecha de\r\n  inicio del periodo que se informa<\/td>\r\n  <td class=xl6616462 width=151 style='border-left:none;width:113pt'>Fecha de\r\n  t\u00e9rmino del periodo que se informa<\/td>\r\n  <td class=xl6616462 width=278 style='border-left:none;width:209pt'>Forma y\r\n  actores participantes en la elaboraci\u00f3n del estudio (cat\u00e1logo)<\/td>\r\n  <td class=xl6616462 width=369 style='border-left:none;width:277pt'>Denominaci\u00f3n\r\n  de la instituci\u00f3n u organismo p\u00fablico o privado<\/td>\r\n  <td class=xl6616462 width=207 style='border-left:none;width:155pt'>Objeto del\r\n  estudio<\/td>\r\n  <td class=xl6616462 width=285 style='border-left:none;width:214pt'>\u00c1rea(s)\r\n  responsable(s) que genera(n), posee(n), publica(n) y actualizan la\r\n  informaci\u00f3n<\/td>\r\n  <td class=xl6616462 width=123 style='border-left:none;width:92pt'>Fecha de\r\n  validaci\u00f3n<\/td>\r\n  <td class=xl6616462 width=140 style='border-left:none;width:105pt'>Fecha de\r\n  actualizaci\u00f3n<\/td>\r\n  <td class=xl6616462 width=259 style='border-left:none;width:194pt'>Nota<\/td>\r\n <\/tr>\r\n <tr height=60 style='height:45.0pt'>\r\n  <td height=60 class=xl7116462 style='height:45.0pt;border-top:none'>2018<\/td>\r\n  <td class=xl7216462 style='border-top:none;border-left:none'>01-ene-18<\/td>\r\n  <td class=xl7216462 style='border-top:none;border-left:none'>31-mar-18<\/td>\r\n  <td class=xl7116462 style='border-top:none;border-left:none'>&nbsp;<\/td>\r\n  <td class=xl7116462 style='border-top:none;border-left:none'>&nbsp;<\/td>\r\n  <td class=xl7116462 style='border-top:none;border-left:none'>&nbsp;<\/td>\r\n  <td class=xl7116462 style='border-top:none;border-left:none'>Tesoreria\r\n  Municipal de Apan Hidalgo<\/td>\r\n  <td class=xl7216462 style='border-top:none;border-left:none'>08-ene-18<\/td>\r\n  <td class=xl7216462 style='border-top:none;border-left:none'>08-ene-18<\/td>\r\n  <td class=xl7316462 width=259 style='border-top:none;border-left:none;\r\n  width:194pt'>A este periodo el municipio no a financiado estudios o\r\n  investigaciones con recursos p\u00fablicos.<\/td>\r\n <\/tr>\r\n <![if supportMisalignedColumns]>\r\n <tr height=0 style='display:none'>\r\n  <td width=56 style='width:42pt'><\/td>\r\n  <td width=171 style='width:128pt'><\/td>\r\n  <td width=151 style='width:113pt'><\/td>\r\n  <td width=278 style='width:209pt'><\/td>\r\n  <td width=369 style='width:277pt'><\/td>\r\n  <td width=207 style='width:155pt'><\/td>\r\n  <td width=285 style='width:214pt'><\/td>\r\n  <td width=123 style='width:92pt'><\/td>\r\n  <td width=140 style='width:105pt'><\/td>\r\n  <td width=259 style='width:194pt'><\/td>\r\n <\/tr>\r\n <![endif]>\r\n<\/table>\r\n\r\n<\/div>\r\n\r\n\r\n\t\t\t\t<\/div>\n\t\t\t\t<\/div>\n\t\t\t\t<div class=\"elementor-element elementor-element-lxjjlty elementor-widget elementor-widget-heading\" data-id=\"lxjjlty\" data-element_type=\"widget\" data-e-type=\"widget\" data-widget_type=\"heading.default\">\n\t\t\t\t<div class=\"elementor-widget-container\">\n\t\t\t\t\t<h2 class=\"elementor-heading-title elementor-size-small\">Fecha en que se subi\u00f3 la informaci\u00f3n: 10-mayo-18<\/h2>\t\t\t\t<\/div>\n\t\t\t\t<\/div>\n\t\t\t\t\t<\/div>\n\t\t<\/div>\n\t\t\t\t\t<\/div>\n\t\t<\/section>\n\t\t\t\t<\/div>\n\t\t","protected":false},"excerpt":{"rendered":"<p>Fracci\u00f3n XLl 45768 T\u00cdTULO NOMBRE CORTO DESCRIPCI\u00d3N Estudios financiados con recursos p\u00fablicos a69_f41 En este apartado se deber\u00e1 publicar un cat\u00e1logo con todos los estudios, investigaciones o an\u00e1lisis 1 4 4 9 2 2 2 4 13 14 379107 379119 379121 379125 379122 379110 379124 379111 379117 379118 Tabla Campos Ejercicio Fecha de inicio del [&hellip;]<\/p>\n","protected":false},"author":1,"featured_media":0,"parent":0,"menu_order":0,"comment_status":"closed","ping_status":"closed","template":"page-template-full.php","meta":{"footnotes":""},"class_list":["post-2461","page","type-page","status-publish","hentry"],"jetpack_sharing_enabled":true,"_links":{"self":[{"href":"https:\/\/apan.gob.mx\/portal\/wp-json\/wp\/v2\/pages\/2461","targetHints":{"allow":["GET"]}}],"collection":[{"href":"https:\/\/apan.gob.mx\/portal\/wp-json\/wp\/v2\/pages"}],"about":[{"href":"https:\/\/apan.gob.mx\/portal\/wp-json\/wp\/v2\/types\/page"}],"author":[{"embeddable":true,"href":"https:\/\/apan.gob.mx\/portal\/wp-json\/wp\/v2\/users\/1"}],"replies":[{"embeddable":true,"href":"https:\/\/apan.gob.mx\/portal\/wp-json\/wp\/v2\/comments?post=2461"}],"version-history":[{"count":2,"href":"https:\/\/apan.gob.mx\/portal\/wp-json\/wp\/v2\/pages\/2461\/revisions"}],"predecessor-version":[{"id":2463,"href":"https:\/\/apan.gob.mx\/portal\/wp-json\/wp\/v2\/pages\/2461\/revisions\/2463"}],"wp:attachment":[{"href":"https:\/\/apan.gob.mx\/portal\/wp-json\/wp\/v2\/media?parent=2461"}],"curies":[{"name":"wp","href":"https:\/\/api.w.org\/{rel}","templated":true}]}}