{"id":2546,"date":"2018-07-19T23:55:45","date_gmt":"2018-07-19T23:55:45","guid":{"rendered":"https:\/\/apan.gob.mx\/portal\/?page_id=2546"},"modified":"2018-10-15T22:11:34","modified_gmt":"2018-10-15T22:11:34","slug":"juridico_33_2018_2","status":"publish","type":"page","link":"https:\/\/apan.gob.mx\/portal\/juridico_33_2018_2\/","title":{"rendered":"<!--juridico_33_2018_2-->"},"content":{"rendered":"\t\t<div data-elementor-type=\"wp-page\" data-elementor-id=\"2546\" class=\"elementor elementor-2546 elementor-bc-flex-widget\">\n\t\t\t\t\t\t<section class=\"has_ae_slider elementor-section elementor-top-section elementor-element elementor-element-fkozpcl elementor-section-boxed elementor-section-height-default elementor-section-height-default ae-bg-gallery-type-default\" data-id=\"fkozpcl\" data-element_type=\"section\" data-e-type=\"section\">\n\t\t\t\t\t\t<div class=\"elementor-container elementor-column-gap-default\">\n\t\t\t\t\t<div class=\"has_ae_slider elementor-column elementor-col-100 elementor-top-column elementor-element elementor-element-ijvsyov ae-bg-gallery-type-default\" data-id=\"ijvsyov\" data-element_type=\"column\" data-e-type=\"column\">\n\t\t\t<div class=\"elementor-widget-wrap elementor-element-populated\">\n\t\t\t\t\t\t<div class=\"elementor-element elementor-element-rvxffrx elementor-widget elementor-widget-heading\" data-id=\"rvxffrx\" data-element_type=\"widget\" data-e-type=\"widget\" data-widget_type=\"heading.default\">\n\t\t\t\t<div class=\"elementor-widget-container\">\n\t\t\t\t\t<h2 class=\"elementor-heading-title elementor-size-medium\">Fracci\u00f3n XXXlll<\/h2>\t\t\t\t<\/div>\n\t\t\t\t<\/div>\n\t\t\t\t<div class=\"elementor-element elementor-element-mowawpb elementor-widget elementor-widget-html\" data-id=\"mowawpb\" data-element_type=\"widget\" data-e-type=\"widget\" data-widget_type=\"html.default\">\n\t\t\t\t<div class=\"elementor-widget-container\">\n\t\t\t\t\t<style id=\"a69_f33_23330_Styles\">\r\n<!--table\r\n\t{mso-displayed-decimal-separator:\"\\.\";\r\n\tmso-displayed-thousand-separator:\"\\,\";}\r\n.xl1523330\r\n\t{padding-top:1px;\r\n\tpadding-right:1px;\r\n\tpadding-left:1px;\r\n\tmso-ignore:padding;\r\n\tcolor:black;\r\n\tfont-size:11.0pt;\r\n\tfont-weight:400;\r\n\tfont-style:normal;\r\n\ttext-decoration:none;\r\n\tfont-family:Calibri, sans-serif;\r\n\tmso-font-charset:0;\r\n\tmso-number-format:General;\r\n\ttext-align:general;\r\n\tvertical-align:bottom;\r\n\tmso-background-source:auto;\r\n\tmso-pattern:auto;\r\n\twhite-space:nowrap;}\r\n.xl6523330\r\n\t{padding-top:1px;\r\n\tpadding-right:1px;\r\n\tpadding-left:1px;\r\n\tmso-ignore:padding;\r\n\tcolor:black;\r\n\tfont-size:11.0pt;\r\n\tfont-weight:400;\r\n\tfont-style:normal;\r\n\ttext-decoration:none;\r\n\tfont-family:Calibri, sans-serif;\r\n\tmso-font-charset:0;\r\n\tmso-number-format:General;\r\n\ttext-align:center;\r\n\tvertical-align:middle;\r\n\tmso-background-source:auto;\r\n\tmso-pattern:auto;\r\n\twhite-space:nowrap;}\r\n.xl6623330\r\n\t{padding-top:1px;\r\n\tpadding-right:1px;\r\n\tpadding-left:1px;\r\n\tmso-ignore:padding;\r\n\tcolor:white;\r\n\tfont-size:11.0pt;\r\n\tfont-weight:700;\r\n\tfont-style:normal;\r\n\ttext-decoration:none;\r\n\tfont-family:Arial;\r\n\tmso-generic-font-family:auto;\r\n\tmso-font-charset:0;\r\n\tmso-number-format:General;\r\n\ttext-align:center;\r\n\tvertical-align:middle;\r\n\tborder:.5pt solid windowtext;\r\n\tbackground:#333333;\r\n\tmso-pattern:black none;\r\n\twhite-space:normal;}\r\n.xl6723330\r\n\t{padding-top:1px;\r\n\tpadding-right:1px;\r\n\tpadding-left:1px;\r\n\tmso-ignore:padding;\r\n\tcolor:black;\r\n\tfont-size:10.0pt;\r\n\tfont-weight:400;\r\n\tfont-style:normal;\r\n\ttext-decoration:none;\r\n\tfont-family:Arial;\r\n\tmso-generic-font-family:auto;\r\n\tmso-font-charset:0;\r\n\tmso-number-format:General;\r\n\ttext-align:center;\r\n\tvertical-align:middle;\r\n\tborder:.5pt solid windowtext;\r\n\tbackground:#E1E1E1;\r\n\tmso-pattern:black none;\r\n\twhite-space:nowrap;}\r\n.xl6823330\r\n\t{padding-top:1px;\r\n\tpadding-right:1px;\r\n\tpadding-left:1px;\r\n\tmso-ignore:padding;\r\n\tcolor:black;\r\n\tfont-size:10.0pt;\r\n\tfont-weight:400;\r\n\tfont-style:normal;\r\n\ttext-decoration:none;\r\n\tfont-family:Arial;\r\n\tmso-generic-font-family:auto;\r\n\tmso-font-charset:0;\r\n\tmso-number-format:General;\r\n\ttext-align:center;\r\n\tvertical-align:middle;\r\n\tborder:.5pt solid windowtext;\r\n\tbackground:#E1E1E1;\r\n\tmso-pattern:black none;\r\n\twhite-space:normal;}\r\n.xl6923330\r\n\t{padding-top:1px;\r\n\tpadding-right:1px;\r\n\tpadding-left:1px;\r\n\tmso-ignore:padding;\r\n\tcolor:black;\r\n\tfont-size:11.0pt;\r\n\tfont-weight:400;\r\n\tfont-style:normal;\r\n\ttext-decoration:none;\r\n\tfont-family:Calibri, sans-serif;\r\n\tmso-font-charset:0;\r\n\tmso-number-format:General;\r\n\ttext-align:center;\r\n\tvertical-align:middle;\r\n\tborder:.5pt solid windowtext;\r\n\tbackground:white;\r\n\tmso-pattern:black none;\r\n\twhite-space:nowrap;}\r\n.xl7023330\r\n\t{padding-top:1px;\r\n\tpadding-right:1px;\r\n\tpadding-left:1px;\r\n\tmso-ignore:padding;\r\n\tcolor:#0563C1;\r\n\tfont-size:11.0pt;\r\n\tfont-weight:400;\r\n\tfont-style:normal;\r\n\ttext-decoration:underline;\r\n\ttext-underline-style:single;\r\n\tfont-family:Calibri, sans-serif;\r\n\tmso-font-charset:0;\r\n\tmso-number-format:General;\r\n\ttext-align:center;\r\n\tvertical-align:middle;\r\n\tborder:.5pt solid windowtext;\r\n\tbackground:white;\r\n\tmso-pattern:#E1E1E1 none;\r\n\twhite-space:nowrap;}\r\n.xl7123330\r\n\t{padding-top:1px;\r\n\tpadding-right:1px;\r\n\tpadding-left:1px;\r\n\tmso-ignore:padding;\r\n\tcolor:black;\r\n\tfont-size:11.0pt;\r\n\tfont-weight:400;\r\n\tfont-style:normal;\r\n\ttext-decoration:none;\r\n\tfont-family:Calibri, sans-serif;\r\n\tmso-font-charset:0;\r\n\tmso-number-format:\"Medium Date\";\r\n\ttext-align:center;\r\n\tvertical-align:middle;\r\n\tborder:.5pt solid windowtext;\r\n\tbackground:white;\r\n\tmso-pattern:black none;\r\n\twhite-space:nowrap;}\r\n.xl7223330\r\n\t{padding-top:1px;\r\n\tpadding-right:1px;\r\n\tpadding-left:1px;\r\n\tmso-ignore:padding;\r\n\tcolor:black;\r\n\tfont-size:10.0pt;\r\n\tfont-weight:400;\r\n\tfont-style:normal;\r\n\ttext-decoration:none;\r\n\tfont-family:Arial, sans-serif;\r\n\tmso-font-charset:0;\r\n\tmso-number-format:General;\r\n\ttext-align:center;\r\n\tvertical-align:middle;\r\n\tborder:.5pt solid windowtext;\r\n\tbackground:#E1E1E1;\r\n\tmso-pattern:black none;\r\n\twhite-space:normal;}\r\n.xl7323330\r\n\t{padding-top:1px;\r\n\tpadding-right:1px;\r\n\tpadding-left:1px;\r\n\tmso-ignore:padding;\r\n\tcolor:white;\r\n\tfont-size:11.0pt;\r\n\tfont-weight:700;\r\n\tfont-style:normal;\r\n\ttext-decoration:none;\r\n\tfont-family:Arial;\r\n\tmso-generic-font-family:auto;\r\n\tmso-font-charset:0;\r\n\tmso-number-format:General;\r\n\ttext-align:center;\r\n\tvertical-align:middle;\r\n\tborder-top:.5pt solid windowtext;\r\n\tborder-right:.5pt solid windowtext;\r\n\tborder-bottom:none;\r\n\tborder-left:.5pt solid windowtext;\r\n\tbackground:#333333;\r\n\tmso-pattern:black none;\r\n\twhite-space:normal;}\r\n.xl7423330\r\n\t{padding-top:1px;\r\n\tpadding-right:1px;\r\n\tpadding-left:1px;\r\n\tmso-ignore:padding;\r\n\tcolor:black;\r\n\tfont-size:11.0pt;\r\n\tfont-weight:400;\r\n\tfont-style:normal;\r\n\ttext-decoration:none;\r\n\tfont-family:Calibri, sans-serif;\r\n\tmso-font-charset:0;\r\n\tmso-number-format:General;\r\n\ttext-align:center;\r\n\tvertical-align:middle;\r\n\tborder:.5pt solid windowtext;\r\n\tmso-background-source:auto;\r\n\tmso-pattern:auto;\r\n\twhite-space:normal;}\r\n-->\r\n<\/style>\r\n<\/head>\r\n\r\n<body>\r\n<!--[if !excel]>&nbsp;&nbsp;<![endif]-->\r\n<!--La siguiente informaci\u00f3n se gener\u00f3 mediante el Asistente para publicar como\r\np\u00e1gina web de Microsoft Excel.-->\r\n<!--Si se vuelve a publicar el mismo elemento desde Excel, se reemplazar\u00e1 toda\r\nla informaci\u00f3n comprendida entre las etiquetas DIV.-->\r\n<!----------------------------->\r\n<!--INICIO DE LOS RESULTADOS DEL ASISTENTE PARA PUBLICAR COMO P\u00c1GINA WEB DE\r\nEXCEL -->\r\n<!----------------------------->\r\n\r\n<div id=\"a69_f33_23330\" align=center x:publishsource=\"Excel\">\r\n\r\n<table border=0 cellpadding=0 cellspacing=0 width=5232 style='border-collapse:\r\n collapse;table-layout:fixed;width:3925pt'>\r\n <col width=56 style='mso-width-source:userset;mso-width-alt:2048;width:42pt'>\r\n <col width=255 style='mso-width-source:userset;mso-width-alt:9325;width:191pt'>\r\n <col width=270 style='mso-width-source:userset;mso-width-alt:9874;width:203pt'>\r\n <col width=229 style='mso-width-source:userset;mso-width-alt:8374;width:172pt'>\r\n <col width=169 style='mso-width-source:userset;mso-width-alt:6180;width:127pt'>\r\n <col width=172 style='mso-width-source:userset;mso-width-alt:6290;width:129pt'>\r\n <col width=287 style='mso-width-source:userset;mso-width-alt:10496;width:215pt'>\r\n <col width=322 style='mso-width-source:userset;mso-width-alt:11776;width:242pt'>\r\n <col width=179 style='mso-width-source:userset;mso-width-alt:6546;width:134pt'>\r\n <col width=248 style='mso-width-source:userset;mso-width-alt:9069;width:186pt'>\r\n <col width=256 style='mso-width-source:userset;mso-width-alt:9362;width:192pt'>\r\n <col width=273 style='mso-width-source:userset;mso-width-alt:9984;width:205pt'>\r\n <col width=294 style='mso-width-source:userset;mso-width-alt:10752;width:221pt'>\r\n <col width=732 style='mso-width-source:userset;mso-width-alt:26770;width:549pt'>\r\n <col width=715 style='mso-width-source:userset;mso-width-alt:26148;width:536pt'>\r\n <col width=512 style='mso-width-source:userset;mso-width-alt:18724;width:384pt'>\r\n <col width=123 style='mso-width-source:userset;mso-width-alt:4498;width:92pt'>\r\n <col width=140 style='mso-width-source:userset;mso-width-alt:5120;width:105pt'>\r\n <tr height=0 style='display:none'>\r\n  <td class=xl6523330 width=56 style='width:42pt'>45749<\/td>\r\n  <td class=xl6523330 width=255 style='width:191pt'><\/td>\r\n  <td class=xl6523330 width=270 style='width:203pt'><\/td>\r\n  <td class=xl6523330 width=229 style='width:172pt'><\/td>\r\n  <td class=xl6523330 width=169 style='width:127pt'><\/td>\r\n  <td class=xl6523330 width=172 style='width:129pt'><\/td>\r\n  <td class=xl6523330 width=287 style='width:215pt'><\/td>\r\n  <td class=xl6523330 width=322 style='width:242pt'><\/td>\r\n  <td class=xl6523330 width=179 style='width:134pt'><\/td>\r\n  <td class=xl6523330 width=248 style='width:186pt'><\/td>\r\n  <td class=xl6523330 width=256 style='width:192pt'><\/td>\r\n  <td class=xl6523330 width=273 style='width:205pt'><\/td>\r\n  <td class=xl6523330 width=294 style='width:221pt'><\/td>\r\n  <td class=xl6523330 width=732 style='width:549pt'><\/td>\r\n  <td class=xl6523330 width=715 style='width:536pt'><\/td>\r\n  <td class=xl6523330 width=512 style='width:384pt'><\/td>\r\n  <td class=xl6523330 width=123 style='width:92pt'><\/td>\r\n  <td class=xl6523330 width=140 style='width:105pt'><\/td>\r\n <\/tr>\r\n <tr height=20 style='height:15.0pt'>\r\n  <td colspan=3 height=20 class=xl6623330 width=581 style='height:15.0pt;\r\n  width:436pt'>T\u00cdTULO<\/td>\r\n  <td colspan=3 class=xl6623330 width=570 style='width:428pt'>NOMBRE CORTO<\/td>\r\n  <td colspan=3 class=xl7323330 width=788 style='width:591pt'>DESCRIPCI\u00d3N<\/td>\r\n  <td class=xl6523330><\/td>\r\n  <td class=xl6523330><\/td>\r\n  <td class=xl6523330><\/td>\r\n  <td class=xl6523330><\/td>\r\n  <td class=xl6523330><\/td>\r\n  <td class=xl6523330><\/td>\r\n  <td class=xl6523330><\/td>\r\n  <td class=xl6523330><\/td>\r\n  <td class=xl6523330><\/td>\r\n <\/tr>\r\n <tr height=79 style='mso-height-source:userset;height:59.25pt'>\r\n  <td colspan=3 height=79 class=xl6723330 style='height:59.25pt'>Convenios de\r\n  coordinaci\u00f3n, de concertaci\u00f3n con el sector social o privado<\/td>\r\n  <td colspan=3 class=xl6723330>a69_f33<\/td>\r\n  <td colspan=3 class=xl6823330 width=788 style='width:591pt'>La informaci\u00f3n\r\n  relativa a cualquier convenio de coordinaci\u00f3n y\/o de concertaci\u00f3n que\r\n  suscriban para lograr los objetivos de la planeaci\u00f3n nacional del desarrollo\r\n  y que sea celebrado con los sectores social y privado, tanto en el \u00e1mbito\r\n  nacional como internacional. En el caso de este \u00faltimo se deber\u00e1n contemplar\r\n  de forma enunciativa m\u00e1s no limitativa los convenios celebrados con\r\n  organismos y organizaciones internacionales que persigan alg\u00fan inter\u00e9s social\r\n  o privado.<\/td>\r\n  <td class=xl6523330><\/td>\r\n  <td class=xl6523330><\/td>\r\n  <td class=xl6523330><\/td>\r\n  <td class=xl6523330><\/td>\r\n  <td class=xl6523330><\/td>\r\n  <td class=xl6523330><\/td>\r\n  <td class=xl6523330><\/td>\r\n  <td class=xl6523330><\/td>\r\n  <td class=xl6523330><\/td>\r\n <\/tr>\r\n <tr height=0 style='display:none'>\r\n  <td class=xl6523330>1<\/td>\r\n  <td class=xl6523330>4<\/td>\r\n  <td class=xl6523330>4<\/td>\r\n  <td class=xl6523330>9<\/td>\r\n  <td class=xl6523330>1<\/td>\r\n  <td class=xl6523330>4<\/td>\r\n  <td class=xl6523330>2<\/td>\r\n  <td class=xl6523330>10<\/td>\r\n  <td class=xl6523330>2<\/td>\r\n  <td class=xl6523330>2<\/td>\r\n  <td class=xl6523330>4<\/td>\r\n  <td class=xl6523330>4<\/td>\r\n  <td class=xl6523330>4<\/td>\r\n  <td class=xl6523330>7<\/td>\r\n  <td class=xl6523330>7<\/td>\r\n  <td class=xl6523330>2<\/td>\r\n  <td class=xl6523330>4<\/td>\r\n  <td class=xl6523330>13<\/td>\r\n <\/tr>\r\n <tr height=0 style='display:none'>\r\n  <td class=xl6523330>378792<\/td>\r\n  <td class=xl6523330>378806<\/td>\r\n  <td class=xl6523330>378807<\/td>\r\n  <td class=xl6523330>378801<\/td>\r\n  <td class=xl6523330>378810<\/td>\r\n  <td class=xl6523330>378799<\/td>\r\n  <td class=xl6523330>378794<\/td>\r\n  <td class=xl6523330>378802<\/td>\r\n  <td class=xl6523330>378793<\/td>\r\n  <td class=xl6523330>378795<\/td>\r\n  <td class=xl6523330>378796<\/td>\r\n  <td class=xl6523330>378797<\/td>\r\n  <td class=xl6523330>378803<\/td>\r\n  <td class=xl6523330>378804<\/td>\r\n  <td class=xl6523330>378800<\/td>\r\n  <td class=xl6523330>378808<\/td>\r\n  <td class=xl6523330>378798<\/td>\r\n  <td class=xl6523330>378805<\/td>\r\n <\/tr>\r\n <tr height=20 style='height:15.0pt'>\r\n  <td colspan=18 height=20 class=xl6623330 width=5232 style='height:15.0pt;\r\n  width:3925pt'>Tabla Campos<\/td>\r\n <\/tr>\r\n <tr height=34 style='height:25.5pt'>\r\n  <td height=34 class=xl6823330 width=56 style='height:25.5pt;width:42pt'>Ejercicio<\/td>\r\n  <td class=xl6823330 width=255 style='border-left:none;width:191pt'>Fecha de\r\n  inicio del periodo que se informa<\/td>\r\n  <td class=xl6823330 width=270 style='border-left:none;width:203pt'>Fecha de\r\n  t\u00e9rmino del periodo que se informa<\/td>\r\n  <td class=xl6823330 width=229 style='border-left:none;width:172pt'>Tipo de\r\n  convenio (cat\u00e1logo)<\/td>\r\n  <td class=xl6823330 width=169 style='border-left:none;width:127pt'>Denominaci\u00f3n\r\n  del convenio<\/td>\r\n  <td class=xl6823330 width=172 style='border-left:none;width:129pt'>Fecha de\r\n  firma del convenio<\/td>\r\n  <td class=xl6823330 width=287 style='border-left:none;width:215pt'>Unidad\r\n  Administrativa responsable seguimiento<\/td>\r\n  <td class=xl7223330 width=322 style='border-left:none;width:242pt'>Persona(s)\r\n  con quien se celebra el convenio<span style='mso-spacerun:yes'>\u00a0<\/span><\/td>\r\n  <td class=xl6823330 width=179 style='border-left:none;width:134pt'>Objetivo(s)\r\n  del convenio<\/td>\r\n  <td class=xl6823330 width=248 style='border-left:none;width:186pt'>Fuente de\r\n  los recursos que se emplear\u00e1n<\/td>\r\n  <td class=xl6823330 width=256 style='border-left:none;width:192pt'>Inicio del\r\n  periodo de vigencia del convenio<\/td>\r\n  <td class=xl6823330 width=273 style='border-left:none;width:205pt'>T\u00e9rmino\r\n  del periodo de vigencia del convenio<\/td>\r\n  <td class=xl6823330 width=294 style='border-left:none;width:221pt'>Fecha de\r\n  publicaci\u00f3n en DOF u otro medio oficial<\/td>\r\n  <td class=xl6823330 width=732 style='border-left:none;width:549pt'>Hiperv\u00ednculo\r\n  al documento, en su caso, a la versi\u00f3n p\u00fablica<\/td>\r\n  <td class=xl6823330 width=715 style='border-left:none;width:536pt'>Hiperv\u00ednculo\r\n  al documento con modificaciones, en su caso<\/td>\r\n  <td class=xl6823330 width=512 style='border-left:none;width:384pt'>\u00c1rea(s)\r\n  responsable(s) que genera(n), posee(n), publica(n) y actualizan la\r\n  informaci\u00f3n<\/td>\r\n  <td class=xl6823330 width=123 style='border-left:none;width:92pt'>Fecha de\r\n  validaci\u00f3n<\/td>\r\n  <td class=xl6823330 width=140 style='border-left:none;width:105pt'>Fecha de\r\n  actualizaci\u00f3n<\/td>\r\n <\/tr>\r\n <tr height=20 style='height:15.0pt'>\r\n  <td height=20 class=xl6923330 style='height:15.0pt;border-top:none'>2018<\/td>\r\n  <td class=xl7123330 style='border-top:none;border-left:none'>01-abr-18<\/td>\r\n  <td class=xl7123330 style='border-top:none;border-left:none'>30-jun-18<\/td>\r\n  <td class=xl6923330 style='border-top:none;border-left:none'>De concertaci\u00f3n\r\n  con el sector social<\/td>\r\n  <td class=xl6923330 style='border-top:none;border-left:none'>Vivero Municipal<\/td>\r\n  <td class=xl7123330 style='border-top:none;border-left:none'>25-nov-16<\/td>\r\n  <td class=xl6923330 style='border-top:none;border-left:none'>Desarrollo\r\n  Agropecuario y sustentabilidad<span style='mso-spacerun:yes'>\u00a0<\/span><\/td>\r\n  <td class=xl6923330 style='border-top:none;border-left:none'>Escuela CBTa\r\n  No152<\/td>\r\n  <td class=xl6923330 style='border-top:none;border-left:none'>Establecer\r\n  vivero municipal<\/td>\r\n  <td class=xl6923330 style='border-top:none;border-left:none'>humanos y\r\n  economicos<\/td>\r\n  <td class=xl7123330 style='border-top:none;border-left:none'>25-nov-16<\/td>\r\n  <td class=xl7123330 style='border-top:none;border-left:none'>25-nov-20<\/td>\r\n  <td class=xl7123330 style='border-top:none;border-left:none'>25-nov-20<\/td>\r\n  <td class=xl7023330 style='border-top:none;border-left:none'><a\r\n  href=\"https:\/\/www.apan.gob.mx\/descargables\/transparencia\/articulo69\/fraccion33\/2018_2\/juridico\/FrXXXIIIa1_1.pdf\">https:\/\/www.apan.gob.mx\/descargables\/transparencia\/articulo69\/fraccion33\/2018_2\/juridico\/FrXXXIIIa1_1.pdf<\/a><\/td>\r\n  <td class=xl7023330 style='border-top:none;border-left:none'><a\r\n  href=\"https:\/\/www.apan.gob.mx\/descargables\/transparencia\/articulo69\/fraccion33\/2018_2\/juridico\/FrXXXIIIa1_2.pdf\">https:\/\/www.apan.gob.mx\/descargables\/transparencia\/articulo69\/fraccion33\/2018_2\/juridico\/FrXXXIIIa1_2.pdf<\/a><\/td>\r\n  <td class=xl6923330 style='border-top:none;border-left:none'>Juridico\r\n  Municipal<\/td>\r\n  <td class=xl7123330 style='border-top:none;border-left:none'>03-jul-18<\/td>\r\n  <td class=xl7123330 style='border-top:none;border-left:none'>01-ene-18<\/td>\r\n <\/tr>\r\n <![if supportMisalignedColumns]>\r\n <tr height=0 style='display:none'>\r\n  <td width=56 style='width:42pt'><\/td>\r\n  <td width=255 style='width:191pt'><\/td>\r\n  <td width=270 style='width:203pt'><\/td>\r\n  <td width=229 style='width:172pt'><\/td>\r\n  <td width=169 style='width:127pt'><\/td>\r\n  <td width=172 style='width:129pt'><\/td>\r\n  <td width=287 style='width:215pt'><\/td>\r\n  <td width=322 style='width:242pt'><\/td>\r\n  <td width=179 style='width:134pt'><\/td>\r\n  <td width=248 style='width:186pt'><\/td>\r\n  <td width=256 style='width:192pt'><\/td>\r\n  <td width=273 style='width:205pt'><\/td>\r\n  <td width=294 style='width:221pt'><\/td>\r\n  <td width=732 style='width:549pt'><\/td>\r\n  <td width=715 style='width:536pt'><\/td>\r\n  <td width=512 style='width:384pt'><\/td>\r\n  <td width=123 style='width:92pt'><\/td>\r\n  <td width=140 style='width:105pt'><\/td>\r\n <\/tr>\r\n <![endif]>\r\n<\/table>\r\n\r\n<\/div>\r\n\r\n\t\t\t\t<\/div>\n\t\t\t\t<\/div>\n\t\t\t\t<div class=\"elementor-element elementor-element-q3pjd3y elementor-widget elementor-widget-button\" data-id=\"q3pjd3y\" data-element_type=\"widget\" data-e-type=\"widget\" data-widget_type=\"button.default\">\n\t\t\t\t<div class=\"elementor-widget-container\">\n\t\t\t\t\t\t\t\t\t<div class=\"elementor-button-wrapper\">\n\t\t\t\t\t<a class=\"elementor-button elementor-button-link elementor-size-sm\" href=\"https:\/\/www.apan.gob.mx\/descargables\/transparencia\/articulo69\/fraccion33\/2018_2\/juridico\/a69_f33.xlsx\">\n\t\t\t\t\t\t<span class=\"elementor-button-content-wrapper\">\n\t\t\t\t\t\t\t\t\t<span class=\"elementor-button-text\">Descargar<\/span>\n\t\t\t\t\t<\/span>\n\t\t\t\t\t<\/a>\n\t\t\t\t<\/div>\n\t\t\t\t\t\t\t\t<\/div>\n\t\t\t\t<\/div>\n\t\t\t\t<div class=\"elementor-element elementor-element-zuummne elementor-widget elementor-widget-heading\" data-id=\"zuummne\" data-element_type=\"widget\" data-e-type=\"widget\" data-widget_type=\"heading.default\">\n\t\t\t\t<div class=\"elementor-widget-container\">\n\t\t\t\t\t<h2 class=\"elementor-heading-title elementor-size-small\">\u00daltima fecha de modificaci\u00f3n de la informaci\u00f3n: 15-octubre-18<\/h2>\t\t\t\t<\/div>\n\t\t\t\t<\/div>\n\t\t\t\t\t<\/div>\n\t\t<\/div>\n\t\t\t\t\t<\/div>\n\t\t<\/section>\n\t\t\t\t<\/div>\n\t\t","protected":false},"excerpt":{"rendered":"<p>Fracci\u00f3n XXXlll 45749 T\u00cdTULO NOMBRE CORTO DESCRIPCI\u00d3N Convenios de coordinaci\u00f3n, de concertaci\u00f3n con el sector social o privado a69_f33 La informaci\u00f3n relativa a cualquier convenio de coordinaci\u00f3n y\/o de concertaci\u00f3n que suscriban para lograr los objetivos de la planeaci\u00f3n nacional del desarrollo y que sea celebrado con los sectores social y privado, tanto en el [&hellip;]<\/p>\n","protected":false},"author":1,"featured_media":0,"parent":0,"menu_order":0,"comment_status":"closed","ping_status":"closed","template":"page-template-full.php","meta":{"footnotes":""},"class_list":["post-2546","page","type-page","status-publish","hentry"],"jetpack_sharing_enabled":true,"_links":{"self":[{"href":"https:\/\/apan.gob.mx\/portal\/wp-json\/wp\/v2\/pages\/2546","targetHints":{"allow":["GET"]}}],"collection":[{"href":"https:\/\/apan.gob.mx\/portal\/wp-json\/wp\/v2\/pages"}],"about":[{"href":"https:\/\/apan.gob.mx\/portal\/wp-json\/wp\/v2\/types\/page"}],"author":[{"embeddable":true,"href":"https:\/\/apan.gob.mx\/portal\/wp-json\/wp\/v2\/users\/1"}],"replies":[{"embeddable":true,"href":"https:\/\/apan.gob.mx\/portal\/wp-json\/wp\/v2\/comments?post=2546"}],"version-history":[{"count":9,"href":"https:\/\/apan.gob.mx\/portal\/wp-json\/wp\/v2\/pages\/2546\/revisions"}],"predecessor-version":[{"id":3145,"href":"https:\/\/apan.gob.mx\/portal\/wp-json\/wp\/v2\/pages\/2546\/revisions\/3145"}],"wp:attachment":[{"href":"https:\/\/apan.gob.mx\/portal\/wp-json\/wp\/v2\/media?parent=2546"}],"curies":[{"name":"wp","href":"https:\/\/api.w.org\/{rel}","templated":true}]}}