{"id":2628,"date":"2018-07-25T21:56:48","date_gmt":"2018-07-25T21:56:48","guid":{"rendered":"https:\/\/apan.gob.mx\/portal\/?page_id=2628"},"modified":"2018-07-25T21:59:34","modified_gmt":"2018-07-25T21:59:34","slug":"secgral_29_2018_2","status":"publish","type":"page","link":"https:\/\/apan.gob.mx\/portal\/secgral_29_2018_2\/","title":{"rendered":"<!--secgral_29_2018_2-->"},"content":{"rendered":"\t\t<div data-elementor-type=\"wp-page\" data-elementor-id=\"2628\" class=\"elementor elementor-2628 elementor-bc-flex-widget\">\n\t\t\t\t\t\t<div class=\"elementor-inner\">\n\t\t\t\t<div class=\"elementor-section-wrap\">\n\t\t\t\t\t\t\t\t\t<section class=\"has_ae_slider elementor-section elementor-top-section elementor-element elementor-element-fjkzhbh elementor-section-boxed elementor-section-height-default elementor-section-height-default ae-bg-gallery-type-default\" data-id=\"fjkzhbh\" data-element_type=\"section\">\n\t\t\t\t\t\t<div class=\"elementor-container elementor-column-gap-default\">\n\t\t\t\t\t\t\t<div class=\"elementor-row\">\n\t\t\t\t\t<div class=\"has_ae_slider elementor-column elementor-col-100 elementor-top-column elementor-element elementor-element-rnmevri ae-bg-gallery-type-default\" data-id=\"rnmevri\" data-element_type=\"column\">\n\t\t\t<div class=\"elementor-column-wrap elementor-element-populated\">\n\t\t\t\t\t\t\t<div class=\"elementor-widget-wrap\">\n\t\t\t\t\t\t<div class=\"elementor-element elementor-element-zvgcgss elementor-widget elementor-widget-heading\" data-id=\"zvgcgss\" data-element_type=\"widget\" data-widget_type=\"heading.default\">\n\t\t\t\t<div class=\"elementor-widget-container\">\n\t\t\t<h2 class=\"elementor-heading-title elementor-size-medium\">Fracci\u00f3n XXlX<\/h2>\t\t<\/div>\n\t\t\t\t<\/div>\n\t\t\t\t<div class=\"elementor-element elementor-element-dssovrf elementor-widget elementor-widget-html\" data-id=\"dssovrf\" data-element_type=\"widget\" data-widget_type=\"html.default\">\n\t\t\t\t<div class=\"elementor-widget-container\">\n\t\t\t<style id=\"a69_f29 (4)_7212_Styles\">\r\n<!--table\r\n\t{mso-displayed-decimal-separator:\"\\.\";\r\n\tmso-displayed-thousand-separator:\"\\,\";}\r\n.xl157212\r\n\t{padding-top:1px;\r\n\tpadding-right:1px;\r\n\tpadding-left:1px;\r\n\tmso-ignore:padding;\r\n\tcolor:black;\r\n\tfont-size:11.0pt;\r\n\tfont-weight:400;\r\n\tfont-style:normal;\r\n\ttext-decoration:none;\r\n\tfont-family:Calibri, sans-serif;\r\n\tmso-font-charset:0;\r\n\tmso-number-format:General;\r\n\ttext-align:general;\r\n\tvertical-align:bottom;\r\n\tmso-background-source:auto;\r\n\tmso-pattern:auto;\r\n\twhite-space:nowrap;}\r\n.xl637212\r\n\t{padding-top:1px;\r\n\tpadding-right:1px;\r\n\tpadding-left:1px;\r\n\tmso-ignore:padding;\r\n\tcolor:black;\r\n\tfont-size:11.0pt;\r\n\tfont-weight:400;\r\n\tfont-style:normal;\r\n\ttext-decoration:none;\r\n\tfont-family:Calibri, sans-serif;\r\n\tmso-font-charset:0;\r\n\tmso-number-format:General;\r\n\ttext-align:center;\r\n\tvertical-align:middle;\r\n\tmso-background-source:auto;\r\n\tmso-pattern:auto;\r\n\twhite-space:nowrap;}\r\n.xl647212\r\n\t{padding-top:1px;\r\n\tpadding-right:1px;\r\n\tpadding-left:1px;\r\n\tmso-ignore:padding;\r\n\tcolor:white;\r\n\tfont-size:11.0pt;\r\n\tfont-weight:700;\r\n\tfont-style:normal;\r\n\ttext-decoration:none;\r\n\tfont-family:Arial;\r\n\tmso-generic-font-family:auto;\r\n\tmso-font-charset:0;\r\n\tmso-number-format:General;\r\n\ttext-align:center;\r\n\tvertical-align:middle;\r\n\tborder:.5pt solid windowtext;\r\n\tbackground:#333333;\r\n\tmso-pattern:black none;\r\n\twhite-space:nowrap;}\r\n.xl657212\r\n\t{padding-top:1px;\r\n\tpadding-right:1px;\r\n\tpadding-left:1px;\r\n\tmso-ignore:padding;\r\n\tcolor:white;\r\n\tfont-size:11.0pt;\r\n\tfont-weight:700;\r\n\tfont-style:normal;\r\n\ttext-decoration:none;\r\n\tfont-family:Arial;\r\n\tmso-generic-font-family:auto;\r\n\tmso-font-charset:0;\r\n\tmso-number-format:General;\r\n\ttext-align:center;\r\n\tvertical-align:middle;\r\n\tborder-top:.5pt solid windowtext;\r\n\tborder-right:.5pt solid windowtext;\r\n\tborder-bottom:none;\r\n\tborder-left:.5pt solid windowtext;\r\n\tbackground:#333333;\r\n\tmso-pattern:black none;\r\n\twhite-space:nowrap;}\r\n.xl667212\r\n\t{padding-top:1px;\r\n\tpadding-right:1px;\r\n\tpadding-left:1px;\r\n\tmso-ignore:padding;\r\n\tcolor:black;\r\n\tfont-size:10.0pt;\r\n\tfont-weight:400;\r\n\tfont-style:normal;\r\n\ttext-decoration:none;\r\n\tfont-family:Arial;\r\n\tmso-generic-font-family:auto;\r\n\tmso-font-charset:0;\r\n\tmso-number-format:General;\r\n\ttext-align:center;\r\n\tvertical-align:middle;\r\n\tborder:.5pt solid windowtext;\r\n\tbackground:#E1E1E1;\r\n\tmso-pattern:black none;\r\n\twhite-space:nowrap;}\r\n.xl677212\r\n\t{padding-top:1px;\r\n\tpadding-right:1px;\r\n\tpadding-left:1px;\r\n\tmso-ignore:padding;\r\n\tcolor:black;\r\n\tfont-size:10.0pt;\r\n\tfont-weight:400;\r\n\tfont-style:normal;\r\n\ttext-decoration:none;\r\n\tfont-family:Arial;\r\n\tmso-generic-font-family:auto;\r\n\tmso-font-charset:0;\r\n\tmso-number-format:General;\r\n\ttext-align:center;\r\n\tvertical-align:middle;\r\n\tborder:.5pt solid windowtext;\r\n\tbackground:#E1E1E1;\r\n\tmso-pattern:black none;\r\n\twhite-space:normal;}\r\n.xl687212\r\n\t{padding-top:1px;\r\n\tpadding-right:1px;\r\n\tpadding-left:1px;\r\n\tmso-ignore:padding;\r\n\tcolor:black;\r\n\tfont-size:11.0pt;\r\n\tfont-weight:400;\r\n\tfont-style:normal;\r\n\ttext-decoration:none;\r\n\tfont-family:Calibri, sans-serif;\r\n\tmso-font-charset:0;\r\n\tmso-number-format:General;\r\n\ttext-align:center;\r\n\tvertical-align:middle;\r\n\tborder:.5pt solid windowtext;\r\n\tmso-background-source:auto;\r\n\tmso-pattern:auto;\r\n\twhite-space:normal;}\r\n.xl697212\r\n\t{padding-top:1px;\r\n\tpadding-right:1px;\r\n\tpadding-left:1px;\r\n\tmso-ignore:padding;\r\n\tcolor:black;\r\n\tfont-size:11.0pt;\r\n\tfont-weight:400;\r\n\tfont-style:normal;\r\n\ttext-decoration:none;\r\n\tfont-family:Calibri, sans-serif;\r\n\tmso-font-charset:0;\r\n\tmso-number-format:General;\r\n\ttext-align:center;\r\n\tvertical-align:middle;\r\n\tborder:.5pt solid windowtext;\r\n\tbackground:white;\r\n\tmso-pattern:black none;\r\n\twhite-space:nowrap;}\r\n.xl707212\r\n\t{padding-top:1px;\r\n\tpadding-right:1px;\r\n\tpadding-left:1px;\r\n\tmso-ignore:padding;\r\n\tcolor:black;\r\n\tfont-size:11.0pt;\r\n\tfont-weight:400;\r\n\tfont-style:normal;\r\n\ttext-decoration:none;\r\n\tfont-family:Calibri, sans-serif;\r\n\tmso-font-charset:0;\r\n\tmso-number-format:\"Medium Date\";\r\n\ttext-align:center;\r\n\tvertical-align:middle;\r\n\tborder:.5pt solid windowtext;\r\n\tbackground:white;\r\n\tmso-pattern:black none;\r\n\twhite-space:nowrap;}\r\n.xl717212\r\n\t{padding-top:1px;\r\n\tpadding-right:1px;\r\n\tpadding-left:1px;\r\n\tmso-ignore:padding;\r\n\tcolor:black;\r\n\tfont-size:11.0pt;\r\n\tfont-weight:400;\r\n\tfont-style:normal;\r\n\ttext-decoration:none;\r\n\tfont-family:Calibri, sans-serif;\r\n\tmso-font-charset:0;\r\n\tmso-number-format:General;\r\n\ttext-align:center;\r\n\tvertical-align:middle;\r\n\tborder:.5pt solid windowtext;\r\n\tbackground:white;\r\n\tmso-pattern:black none;\r\n\twhite-space:normal;}\r\n-->\r\n<\/style>\r\n<\/head>\r\n\r\n<body>\r\n<!--[if !excel]>&nbsp;&nbsp;<![endif]-->\r\n<!--La siguiente informaci\u00f3n se gener\u00f3 mediante el Asistente para publicar como\r\np\u00e1gina web de Microsoft Excel.-->\r\n<!--Si se vuelve a publicar el mismo elemento desde Excel, se reemplazar\u00e1 toda\r\nla informaci\u00f3n comprendida entre las etiquetas DIV.-->\r\n<!----------------------------->\r\n<!--INICIO DE LOS RESULTADOS DEL ASISTENTE PARA PUBLICAR COMO P\u00c1GINA WEB DE\r\nEXCEL -->\r\n<!----------------------------->\r\n\r\n<div id=\"a69_f29 (4)_7212\" align=center x:publishsource=\"Excel\">\r\n\r\n<table border=0 cellpadding=0 cellspacing=0 width=3265 style='border-collapse:\r\n collapse;table-layout:fixed;width:2450pt'>\r\n <col width=56 style='mso-width-source:userset;mso-width-alt:2048;width:42pt'>\r\n <col width=255 style='mso-width-source:userset;mso-width-alt:9325;width:191pt'>\r\n <col width=270 style='mso-width-source:userset;mso-width-alt:9874;width:203pt'>\r\n <col width=190 style='mso-width-source:userset;mso-width-alt:6948;width:143pt'>\r\n <col width=493 style='mso-width-source:userset;mso-width-alt:18029;width:370pt'>\r\n <col width=116 style='mso-width-source:userset;mso-width-alt:4242;width:87pt'>\r\n <col width=306 style='mso-width-source:userset;mso-width-alt:11190;width:230pt'>\r\n <col width=292 style='mso-width-source:userset;mso-width-alt:10678;width:219pt'>\r\n <col width=333 style='mso-width-source:userset;mso-width-alt:12178;width:250pt'>\r\n <col width=316 style='mso-width-source:userset;mso-width-alt:11556;width:237pt'>\r\n <col width=123 style='mso-width-source:userset;mso-width-alt:4498;width:92pt'>\r\n <col width=140 style='mso-width-source:userset;mso-width-alt:5120;width:105pt'>\r\n <col width=375 style='mso-width-source:userset;mso-width-alt:13714;width:281pt'>\r\n <tr height=0 style='display:none'>\r\n  <td class=xl637212 width=56 style='width:42pt'>45731<\/td>\r\n  <td class=xl637212 width=255 style='width:191pt'><\/td>\r\n  <td class=xl637212 width=270 style='width:203pt'><\/td>\r\n  <td class=xl637212 width=190 style='width:143pt'><\/td>\r\n  <td class=xl637212 width=493 style='width:370pt'><\/td>\r\n  <td class=xl637212 width=116 style='width:87pt'><\/td>\r\n  <td class=xl637212 width=306 style='width:230pt'><\/td>\r\n  <td class=xl637212 width=292 style='width:219pt'><\/td>\r\n  <td class=xl637212 width=333 style='width:250pt'><\/td>\r\n  <td class=xl637212 width=316 style='width:237pt'><\/td>\r\n  <td class=xl637212 width=123 style='width:92pt'><\/td>\r\n  <td class=xl637212 width=140 style='width:105pt'><\/td>\r\n  <td class=xl637212 width=375 style='width:281pt'><\/td>\r\n <\/tr>\r\n <tr height=20 style='height:15.0pt'>\r\n  <td colspan=3 height=20 class=xl647212 style='height:15.0pt'>T\u00cdTULO<\/td>\r\n  <td colspan=3 class=xl647212>NOMBRE CORTO<\/td>\r\n  <td colspan=3 class=xl657212>DESCRIPCI\u00d3N<\/td>\r\n  <td class=xl637212><\/td>\r\n  <td class=xl637212><\/td>\r\n  <td class=xl637212><\/td>\r\n  <td class=xl637212><\/td>\r\n <\/tr>\r\n <tr height=76 style='mso-height-source:userset;height:57.0pt'>\r\n  <td colspan=3 height=76 class=xl667212 style='height:57.0pt'>Informes\r\n  emitidos<\/td>\r\n  <td colspan=3 class=xl667212>a69_f29<\/td>\r\n  <td colspan=3 class=xl677212 width=931 style='width:699pt'>La relaci\u00f3n de\r\n  informes que de acuerdo con su naturaleza y la normatividad les sea aplicable\r\n  o se encuentren obligados a rendir ante cualquier otro sujeto obligado.\r\n  Deber\u00e1 incluir, los informes de gobierno; labores o actividades; en materia\r\n  de transparencia y protecci\u00f3n de datos personales. La informaci\u00f3n no debe\r\n  estar relacionada con informes program\u00e1ticos presupuestales y financieros ni\r\n  procedimientos de adjudicaci\u00f3n directa, invitaci\u00f3n restringida y licitaci\u00f3n\r\n  de cualquier naturaleza.<\/td>\r\n  <td class=xl637212><\/td>\r\n  <td class=xl637212><\/td>\r\n  <td class=xl637212><\/td>\r\n  <td class=xl637212><\/td>\r\n <\/tr>\r\n <tr height=0 style='display:none'>\r\n  <td class=xl637212>1<\/td>\r\n  <td class=xl637212>4<\/td>\r\n  <td class=xl637212>4<\/td>\r\n  <td class=xl637212>2<\/td>\r\n  <td class=xl637212>2<\/td>\r\n  <td class=xl637212>2<\/td>\r\n  <td class=xl637212>1<\/td>\r\n  <td class=xl637212>4<\/td>\r\n  <td class=xl637212>7<\/td>\r\n  <td class=xl637212>2<\/td>\r\n  <td class=xl637212>4<\/td>\r\n  <td class=xl637212>13<\/td>\r\n  <td class=xl637212>14<\/td>\r\n <\/tr>\r\n <tr height=0 style='display:none'>\r\n  <td class=xl637212>378497<\/td>\r\n  <td class=xl637212>378502<\/td>\r\n  <td class=xl637212>378503<\/td>\r\n  <td class=xl637212>378507<\/td>\r\n  <td class=xl637212>378498<\/td>\r\n  <td class=xl637212>378508<\/td>\r\n  <td class=xl637212>378509<\/td>\r\n  <td class=xl637212>378499<\/td>\r\n  <td class=xl637212>378501<\/td>\r\n  <td class=xl637212>378505<\/td>\r\n  <td class=xl637212>378500<\/td>\r\n  <td class=xl637212>378504<\/td>\r\n  <td class=xl637212>378506<\/td>\r\n <\/tr>\r\n <tr height=20 style='height:15.0pt'>\r\n  <td colspan=13 height=20 class=xl647212 style='height:15.0pt'>Tabla Campos<\/td>\r\n <\/tr>\r\n <tr height=34 style='height:25.5pt'>\r\n  <td height=34 class=xl677212 width=56 style='height:25.5pt;width:42pt'>Ejercicio<\/td>\r\n  <td class=xl677212 width=255 style='border-left:none;width:191pt'>Fecha de\r\n  inicio del periodo que se informa<\/td>\r\n  <td class=xl677212 width=270 style='border-left:none;width:203pt'>Fecha de\r\n  t\u00e9rmino del periodo que se informa<\/td>\r\n  <td class=xl677212 width=190 style='border-left:none;width:143pt'>Denominaci\u00f3n\r\n  de cada informe<\/td>\r\n  <td class=xl677212 width=493 style='border-left:none;width:370pt'>Denominaci\u00f3n\r\n  del \u00e1rea responsable de la elaboraci\u00f3n y\/o presentaci\u00f3n del informe<\/td>\r\n  <td class=xl677212 width=116 style='border-left:none;width:87pt'>Fundamento\r\n  legal<span style='mso-spacerun:yes'>\u00a0<\/span><\/td>\r\n  <td class=xl677212 width=306 style='border-left:none;width:230pt'>Periodicidad\r\n  para elaborar y\/o presentar el informe<\/td>\r\n  <td class=xl677212 width=292 style='border-left:none;width:219pt'>Fecha en\r\n  que se present\u00f3 y\/o entreg\u00f3 el informe<\/td>\r\n  <td class=xl677212 width=333 style='border-left:none;width:250pt'>Hiperv\u00ednculo\r\n  al documento del informe correspondiente<\/td>\r\n  <td class=xl677212 width=316 style='border-left:none;width:237pt'>\u00c1rea(s)\r\n  responsable(s) que genera(n), posee(n), publica(n) y actualizan la\r\n  informaci\u00f3n<\/td>\r\n  <td class=xl677212 width=123 style='border-left:none;width:92pt'>Fecha de\r\n  validaci\u00f3n<\/td>\r\n  <td class=xl677212 width=140 style='border-left:none;width:105pt'>Fecha de\r\n  actualizaci\u00f3n<\/td>\r\n  <td class=xl677212 width=375 style='border-left:none;width:281pt'>Nota<\/td>\r\n <\/tr>\r\n <tr height=20 style='height:15.0pt'>\r\n  <td height=20 class=xl697212 style='height:15.0pt;border-top:none'>2017<\/td>\r\n  <td class=xl707212 style='border-top:none;border-left:none'>05-sep-17<\/td>\r\n  <td class=xl707212 style='border-top:none;border-left:none'>30-sep-18<\/td>\r\n  <td class=xl697212 style='border-top:none;border-left:none'>&nbsp;<\/td>\r\n  <td class=xl697212 style='border-top:none;border-left:none'>&nbsp;<\/td>\r\n  <td class=xl697212 style='border-top:none;border-left:none'>&nbsp;<\/td>\r\n  <td class=xl697212 style='border-top:none;border-left:none'>&nbsp;<\/td>\r\n  <td class=xl697212 style='border-top:none;border-left:none'>&nbsp;<\/td>\r\n  <td class=xl697212 style='border-top:none;border-left:none'>&nbsp;<\/td>\r\n  <td class=xl697212 style='border-top:none;border-left:none'>Secretaria\r\n  General Municipal<\/td>\r\n  <td class=xl707212 style='border-top:none;border-left:none'>01-abr-18<\/td>\r\n  <td class=xl707212 style='border-top:none;border-left:none'>01-ene-18<\/td>\r\n  <td class=xl697212 style='border-top:none;border-left:none'>&nbsp;<\/td>\r\n <\/tr>\r\n <tr height=51 style='mso-height-source:userset;height:38.25pt'>\r\n  <td height=51 class=xl697212 style='height:38.25pt;border-top:none'>2018<\/td>\r\n  <td class=xl707212 style='border-top:none;border-left:none'>01-abr-18<\/td>\r\n  <td class=xl707212 style='border-top:none;border-left:none'>30-jun-18<\/td>\r\n  <td class=xl697212 style='border-top:none;border-left:none'>&nbsp;<\/td>\r\n  <td class=xl697212 style='border-top:none;border-left:none'>&nbsp;<\/td>\r\n  <td class=xl697212 style='border-top:none;border-left:none'>&nbsp;<\/td>\r\n  <td class=xl697212 style='border-top:none;border-left:none'>&nbsp;<\/td>\r\n  <td class=xl697212 style='border-top:none;border-left:none'>&nbsp;<\/td>\r\n  <td class=xl697212 style='border-top:none;border-left:none'>&nbsp;<\/td>\r\n  <td class=xl697212 style='border-top:none;border-left:none'>Secretaria\r\n  General Municipal<\/td>\r\n  <td class=xl707212 style='border-top:none;border-left:none'>01-jul-18<\/td>\r\n  <td class=xl707212 style='border-top:none;border-left:none'>01-abr-18<\/td>\r\n  <td class=xl717212 width=375 style='border-top:none;border-left:none;\r\n  width:281pt'>No se genera informe en este trimestre<span\r\n  style='mso-spacerun:yes'>\u00a0 <\/span>ya que aun no llegamos a la fecha\r\n  correspondiente 05\/09\/2018.<\/td>\r\n <\/tr>\r\n <![if supportMisalignedColumns]>\r\n <tr height=0 style='display:none'>\r\n  <td width=56 style='width:42pt'><\/td>\r\n  <td width=255 style='width:191pt'><\/td>\r\n  <td width=270 style='width:203pt'><\/td>\r\n  <td width=190 style='width:143pt'><\/td>\r\n  <td width=493 style='width:370pt'><\/td>\r\n  <td width=116 style='width:87pt'><\/td>\r\n  <td width=306 style='width:230pt'><\/td>\r\n  <td width=292 style='width:219pt'><\/td>\r\n  <td width=333 style='width:250pt'><\/td>\r\n  <td width=316 style='width:237pt'><\/td>\r\n  <td width=123 style='width:92pt'><\/td>\r\n  <td width=140 style='width:105pt'><\/td>\r\n  <td width=375 style='width:281pt'><\/td>\r\n <\/tr>\r\n <![endif]>\r\n<\/table>\r\n\r\n<\/div>\r\n\r\n\t\t<\/div>\n\t\t\t\t<\/div>\n\t\t\t\t<div class=\"elementor-element elementor-element-hqpsxuw elementor-widget elementor-widget-heading\" data-id=\"hqpsxuw\" data-element_type=\"widget\" data-widget_type=\"heading.default\">\n\t\t\t\t<div class=\"elementor-widget-container\">\n\t\t\t<h2 class=\"elementor-heading-title elementor-size-small\">Fecha en que se subi\u00f3 la informaci\u00f3n: 25-julio-18<\/h2>\t\t<\/div>\n\t\t\t\t<\/div>\n\t\t\t\t\t\t<\/div>\n\t\t\t\t\t<\/div>\n\t\t<\/div>\n\t\t\t\t\t\t\t\t<\/div>\n\t\t\t\t\t<\/div>\n\t\t<\/section>\n\t\t\t\t\t\t\t\t\t<\/div>\n\t\t\t<\/div>\n\t\t\t\t\t<\/div>\n\t\t","protected":false},"excerpt":{"rendered":"<p>Fracci\u00f3n XXlX 45731 T\u00cdTULO NOMBRE CORTO DESCRIPCI\u00d3N Informes emitidos a69_f29 La relaci\u00f3n de informes que de acuerdo con su naturaleza y la normatividad les sea aplicable o se encuentren obligados a rendir ante cualquier otro sujeto obligado. Deber\u00e1 incluir, los informes de gobierno; labores o actividades; en materia de transparencia y protecci\u00f3n de datos personales. [&hellip;]<\/p>\n","protected":false},"author":1,"featured_media":0,"parent":0,"menu_order":0,"comment_status":"closed","ping_status":"closed","template":"page-template-full.php","meta":[],"jetpack_sharing_enabled":true,"_links":{"self":[{"href":"https:\/\/apan.gob.mx\/portal\/wp-json\/wp\/v2\/pages\/2628"}],"collection":[{"href":"https:\/\/apan.gob.mx\/portal\/wp-json\/wp\/v2\/pages"}],"about":[{"href":"https:\/\/apan.gob.mx\/portal\/wp-json\/wp\/v2\/types\/page"}],"author":[{"embeddable":true,"href":"https:\/\/apan.gob.mx\/portal\/wp-json\/wp\/v2\/users\/1"}],"replies":[{"embeddable":true,"href":"https:\/\/apan.gob.mx\/portal\/wp-json\/wp\/v2\/comments?post=2628"}],"version-history":[{"count":3,"href":"https:\/\/apan.gob.mx\/portal\/wp-json\/wp\/v2\/pages\/2628\/revisions"}],"predecessor-version":[{"id":2631,"href":"https:\/\/apan.gob.mx\/portal\/wp-json\/wp\/v2\/pages\/2628\/revisions\/2631"}],"wp:attachment":[{"href":"https:\/\/apan.gob.mx\/portal\/wp-json\/wp\/v2\/media?parent=2628"}],"curies":[{"name":"wp","href":"https:\/\/api.w.org\/{rel}","templated":true}]}}