{"id":2676,"date":"2018-07-27T18:43:18","date_gmt":"2018-07-27T18:43:18","guid":{"rendered":"https:\/\/apan.gob.mx\/portal\/?page_id=2676"},"modified":"2018-07-27T18:44:41","modified_gmt":"2018-07-27T18:44:41","slug":"juvdep_20_2018_2","status":"publish","type":"page","link":"https:\/\/apan.gob.mx\/portal\/juvdep_20_2018_2\/","title":{"rendered":"<!--juvdep_20_2018_2-->"},"content":{"rendered":"\t\t<div data-elementor-type=\"wp-page\" data-elementor-id=\"2676\" class=\"elementor elementor-2676 elementor-bc-flex-widget\">\n\t\t\t\t\t\t<section class=\"has_ae_slider elementor-section elementor-top-section elementor-element elementor-element-plngxhw elementor-section-boxed elementor-section-height-default elementor-section-height-default ae-bg-gallery-type-default\" data-id=\"plngxhw\" data-element_type=\"section\" data-e-type=\"section\">\n\t\t\t\t\t\t<div class=\"elementor-container elementor-column-gap-default\">\n\t\t\t\t\t<div class=\"has_ae_slider elementor-column elementor-col-100 elementor-top-column elementor-element elementor-element-dodzcbg ae-bg-gallery-type-default\" data-id=\"dodzcbg\" data-element_type=\"column\" data-e-type=\"column\">\n\t\t\t<div class=\"elementor-widget-wrap elementor-element-populated\">\n\t\t\t\t\t\t<div class=\"elementor-element elementor-element-fscuafh elementor-widget elementor-widget-heading\" data-id=\"fscuafh\" data-element_type=\"widget\" data-e-type=\"widget\" data-widget_type=\"heading.default\">\n\t\t\t\t<div class=\"elementor-widget-container\">\n\t\t\t\t\t<h2 class=\"elementor-heading-title elementor-size-medium\">Fracci\u00f3n XX<\/h2>\t\t\t\t<\/div>\n\t\t\t\t<\/div>\n\t\t\t\t<div class=\"elementor-element elementor-element-muluqxj elementor-widget elementor-widget-html\" data-id=\"muluqxj\" data-element_type=\"widget\" data-e-type=\"widget\" data-widget_type=\"html.default\">\n\t\t\t\t<div class=\"elementor-widget-container\">\n\t\t\t\t\t<style id=\"a69_f20_6219_Styles\">\r\n<!--table\r\n\t{mso-displayed-decimal-separator:\"\\.\";\r\n\tmso-displayed-thousand-separator:\"\\,\";}\r\n.xl156219\r\n\t{padding-top:1px;\r\n\tpadding-right:1px;\r\n\tpadding-left:1px;\r\n\tmso-ignore:padding;\r\n\tcolor:black;\r\n\tfont-size:11.0pt;\r\n\tfont-weight:400;\r\n\tfont-style:normal;\r\n\ttext-decoration:none;\r\n\tfont-family:Calibri, sans-serif;\r\n\tmso-font-charset:0;\r\n\tmso-number-format:General;\r\n\ttext-align:general;\r\n\tvertical-align:bottom;\r\n\tmso-background-source:auto;\r\n\tmso-pattern:auto;\r\n\twhite-space:nowrap;}\r\n.xl656219\r\n\t{padding-top:1px;\r\n\tpadding-right:1px;\r\n\tpadding-left:1px;\r\n\tmso-ignore:padding;\r\n\tcolor:black;\r\n\tfont-size:11.0pt;\r\n\tfont-weight:400;\r\n\tfont-style:normal;\r\n\ttext-decoration:none;\r\n\tfont-family:Calibri, sans-serif;\r\n\tmso-font-charset:0;\r\n\tmso-number-format:General;\r\n\ttext-align:center;\r\n\tvertical-align:middle;\r\n\tmso-background-source:auto;\r\n\tmso-pattern:auto;\r\n\twhite-space:nowrap;}\r\n.xl666219\r\n\t{padding-top:1px;\r\n\tpadding-right:1px;\r\n\tpadding-left:1px;\r\n\tmso-ignore:padding;\r\n\tcolor:white;\r\n\tfont-size:11.0pt;\r\n\tfont-weight:700;\r\n\tfont-style:normal;\r\n\ttext-decoration:none;\r\n\tfont-family:Arial, sans-serif;\r\n\tmso-font-charset:0;\r\n\tmso-number-format:General;\r\n\ttext-align:center;\r\n\tvertical-align:middle;\r\n\tborder:.5pt solid windowtext;\r\n\tbackground:#333333;\r\n\tmso-pattern:black none;\r\n\twhite-space:normal;}\r\n.xl676219\r\n\t{padding-top:1px;\r\n\tpadding-right:1px;\r\n\tpadding-left:1px;\r\n\tmso-ignore:padding;\r\n\tcolor:white;\r\n\tfont-size:11.0pt;\r\n\tfont-weight:700;\r\n\tfont-style:normal;\r\n\ttext-decoration:none;\r\n\tfont-family:Arial, sans-serif;\r\n\tmso-font-charset:0;\r\n\tmso-number-format:General;\r\n\ttext-align:center;\r\n\tvertical-align:middle;\r\n\tborder-top:.5pt solid windowtext;\r\n\tborder-right:.5pt solid windowtext;\r\n\tborder-bottom:none;\r\n\tborder-left:.5pt solid windowtext;\r\n\tbackground:#333333;\r\n\tmso-pattern:black none;\r\n\twhite-space:normal;}\r\n.xl686219\r\n\t{padding-top:1px;\r\n\tpadding-right:1px;\r\n\tpadding-left:1px;\r\n\tmso-ignore:padding;\r\n\tcolor:black;\r\n\tfont-size:10.0pt;\r\n\tfont-weight:400;\r\n\tfont-style:normal;\r\n\ttext-decoration:none;\r\n\tfont-family:Arial, sans-serif;\r\n\tmso-font-charset:0;\r\n\tmso-number-format:General;\r\n\ttext-align:center;\r\n\tvertical-align:middle;\r\n\tborder:.5pt solid windowtext;\r\n\tbackground:#E1E1E1;\r\n\tmso-pattern:black none;\r\n\twhite-space:nowrap;}\r\n.xl696219\r\n\t{padding-top:1px;\r\n\tpadding-right:1px;\r\n\tpadding-left:1px;\r\n\tmso-ignore:padding;\r\n\tcolor:black;\r\n\tfont-size:10.0pt;\r\n\tfont-weight:400;\r\n\tfont-style:normal;\r\n\ttext-decoration:none;\r\n\tfont-family:Arial, sans-serif;\r\n\tmso-font-charset:0;\r\n\tmso-number-format:General;\r\n\ttext-align:center;\r\n\tvertical-align:middle;\r\n\tborder:.5pt solid windowtext;\r\n\tbackground:#E1E1E1;\r\n\tmso-pattern:black none;\r\n\twhite-space:normal;}\r\n.xl706219\r\n\t{padding-top:1px;\r\n\tpadding-right:1px;\r\n\tpadding-left:1px;\r\n\tmso-ignore:padding;\r\n\tcolor:black;\r\n\tfont-size:11.0pt;\r\n\tfont-weight:400;\r\n\tfont-style:normal;\r\n\ttext-decoration:none;\r\n\tfont-family:Calibri, sans-serif;\r\n\tmso-font-charset:0;\r\n\tmso-number-format:General;\r\n\ttext-align:center;\r\n\tvertical-align:middle;\r\n\tborder:.5pt solid windowtext;\r\n\tmso-background-source:auto;\r\n\tmso-pattern:auto;\r\n\twhite-space:normal;}\r\n.xl716219\r\n\t{padding-top:1px;\r\n\tpadding-right:1px;\r\n\tpadding-left:1px;\r\n\tmso-ignore:padding;\r\n\tcolor:black;\r\n\tfont-size:11.0pt;\r\n\tfont-weight:400;\r\n\tfont-style:normal;\r\n\ttext-decoration:none;\r\n\tfont-family:Calibri, sans-serif;\r\n\tmso-font-charset:0;\r\n\tmso-number-format:General;\r\n\ttext-align:center;\r\n\tvertical-align:middle;\r\n\tborder:.5pt solid windowtext;\r\n\tbackground:white;\r\n\tmso-pattern:black none;\r\n\twhite-space:nowrap;}\r\n.xl726219\r\n\t{padding-top:1px;\r\n\tpadding-right:1px;\r\n\tpadding-left:1px;\r\n\tmso-ignore:padding;\r\n\tcolor:black;\r\n\tfont-size:11.0pt;\r\n\tfont-weight:400;\r\n\tfont-style:normal;\r\n\ttext-decoration:none;\r\n\tfont-family:Calibri, sans-serif;\r\n\tmso-font-charset:0;\r\n\tmso-number-format:\"Medium Date\";\r\n\ttext-align:center;\r\n\tvertical-align:middle;\r\n\tborder:.5pt solid windowtext;\r\n\tbackground:white;\r\n\tmso-pattern:black none;\r\n\twhite-space:nowrap;}\r\n.xl736219\r\n\t{padding-top:1px;\r\n\tpadding-right:1px;\r\n\tpadding-left:1px;\r\n\tmso-ignore:padding;\r\n\tcolor:#0563C1;\r\n\tfont-size:11.0pt;\r\n\tfont-weight:400;\r\n\tfont-style:normal;\r\n\ttext-decoration:underline;\r\n\ttext-underline-style:single;\r\n\tfont-family:Calibri, sans-serif;\r\n\tmso-font-charset:0;\r\n\tmso-number-format:General;\r\n\ttext-align:center;\r\n\tvertical-align:middle;\r\n\tborder:.5pt solid windowtext;\r\n\tbackground:white;\r\n\tmso-pattern:#E1E1E1 none;\r\n\twhite-space:nowrap;}\r\n.xl746219\r\n\t{padding-top:1px;\r\n\tpadding-right:1px;\r\n\tpadding-left:1px;\r\n\tmso-ignore:padding;\r\n\tcolor:#0563C1;\r\n\tfont-size:11.0pt;\r\n\tfont-weight:400;\r\n\tfont-style:normal;\r\n\ttext-decoration:underline;\r\n\ttext-underline-style:single;\r\n\tfont-family:Calibri, sans-serif;\r\n\tmso-font-charset:0;\r\n\tmso-number-format:General;\r\n\ttext-align:center;\r\n\tvertical-align:middle;\r\n\tborder:.5pt solid windowtext;\r\n\tbackground:white;\r\n\tmso-pattern:black none;\r\n\twhite-space:nowrap;}\r\n-->\r\n<\/style>\r\n<\/head>\r\n\r\n<body>\r\n<!--[if !excel]>&nbsp;&nbsp;<![endif]-->\r\n<!--La siguiente informaci\u00f3n se gener\u00f3 mediante el Asistente para publicar como\r\np\u00e1gina web de Microsoft Excel.-->\r\n<!--Si se vuelve a publicar el mismo elemento desde Excel, se reemplazar\u00e1 toda\r\nla informaci\u00f3n comprendida entre las etiquetas DIV.-->\r\n<!----------------------------->\r\n<!--INICIO DE LOS RESULTADOS DEL ASISTENTE PARA PUBLICAR COMO P\u00c1GINA WEB DE\r\nEXCEL -->\r\n<!----------------------------->\r\n\r\n<div id=\"a69_f20_6219\" align=center x:publishsource=\"Excel\">\r\n\r\n<table border=0 cellpadding=0 cellspacing=0 width=8652 style='border-collapse:\r\n collapse;table-layout:fixed;width:6491pt'>\r\n <col width=56 style='mso-width-source:userset;mso-width-alt:2048;width:42pt'>\r\n <col width=255 style='mso-width-source:userset;mso-width-alt:9325;width:191pt'>\r\n <col width=270 style='mso-width-source:userset;mso-width-alt:9874;width:203pt'>\r\n <col width=238 style='mso-width-source:userset;mso-width-alt:8704;width:179pt'>\r\n <col width=264 style='mso-width-source:userset;mso-width-alt:9654;width:198pt'>\r\n <col width=215 style='mso-width-source:userset;mso-width-alt:7862;width:161pt'>\r\n <col width=135 style='mso-width-source:userset;mso-width-alt:4937;width:101pt'>\r\n <col width=715 style='mso-width-source:userset;mso-width-alt:26148;width:536pt'>\r\n <col width=145 style='mso-width-source:userset;mso-width-alt:5302;width:109pt'>\r\n <col width=716 style='mso-width-source:userset;mso-width-alt:26185;width:537pt'>\r\n <col width=304 style='mso-width-source:userset;mso-width-alt:11117;width:228pt'>\r\n <col width=228 style='mso-width-source:userset;mso-width-alt:8338;width:171pt'>\r\n <col width=373 style='mso-width-source:userset;mso-width-alt:13641;width:280pt'>\r\n <col width=273 style='mso-width-source:userset;mso-width-alt:9984;width:205pt'>\r\n <col width=424 style='mso-width-source:userset;mso-width-alt:15506;width:318pt'>\r\n <col width=322 style='mso-width-source:userset;mso-width-alt:11776;width:242pt'>\r\n <col width=424 style='mso-width-source:userset;mso-width-alt:15506;width:318pt'>\r\n <col width=135 style='mso-width-source:userset;mso-width-alt:4937;width:101pt'>\r\n <col width=322 style='mso-width-source:userset;mso-width-alt:11776;width:242pt'>\r\n <col width=437 style='mso-width-source:userset;mso-width-alt:15981;width:328pt'>\r\n <col width=705 style='mso-width-source:userset;mso-width-alt:25782;width:529pt'>\r\n <col width=722 style='mso-width-source:userset;mso-width-alt:26404;width:542pt'>\r\n <col width=512 style='mso-width-source:userset;mso-width-alt:18724;width:384pt'>\r\n <col width=123 style='mso-width-source:userset;mso-width-alt:4498;width:92pt'>\r\n <col width=140 style='mso-width-source:userset;mso-width-alt:5120;width:105pt'>\r\n <col width=199 style='mso-width-source:userset;mso-width-alt:7277;width:149pt'>\r\n <tr height=0 style='display:none'>\r\n  <td class=xl656219 width=56 style='width:42pt'>44251<\/td>\r\n  <td class=xl656219 width=255 style='width:191pt'><\/td>\r\n  <td class=xl656219 width=270 style='width:203pt'><\/td>\r\n  <td class=xl656219 width=238 style='width:179pt'><\/td>\r\n  <td class=xl656219 width=264 style='width:198pt'><\/td>\r\n  <td class=xl656219 width=215 style='width:161pt'><\/td>\r\n  <td class=xl656219 width=135 style='width:101pt'><\/td>\r\n  <td class=xl656219 width=715 style='width:536pt'><\/td>\r\n  <td class=xl656219 width=145 style='width:109pt'><\/td>\r\n  <td class=xl656219 width=716 style='width:537pt'><\/td>\r\n  <td class=xl656219 width=304 style='width:228pt'><\/td>\r\n  <td class=xl656219 width=228 style='width:171pt'><\/td>\r\n  <td class=xl656219 width=373 style='width:280pt'><\/td>\r\n  <td class=xl656219 width=273 style='width:205pt'><\/td>\r\n  <td class=xl656219 width=424 style='width:318pt'><\/td>\r\n  <td class=xl656219 width=322 style='width:242pt'><\/td>\r\n  <td class=xl656219 width=424 style='width:318pt'><\/td>\r\n  <td class=xl656219 width=135 style='width:101pt'><\/td>\r\n  <td class=xl656219 width=322 style='width:242pt'><\/td>\r\n  <td class=xl656219 width=437 style='width:328pt'><\/td>\r\n  <td class=xl656219 width=705 style='width:529pt'><\/td>\r\n  <td class=xl656219 width=722 style='width:542pt'><\/td>\r\n  <td class=xl656219 width=512 style='width:384pt'><\/td>\r\n  <td class=xl656219 width=123 style='width:92pt'><\/td>\r\n  <td class=xl656219 width=140 style='width:105pt'><\/td>\r\n  <td class=xl656219 width=199 style='width:149pt'><\/td>\r\n <\/tr>\r\n <tr height=20 style='height:15.0pt'>\r\n  <td colspan=3 height=20 class=xl666219 width=581 style='height:15.0pt;\r\n  width:436pt'>T\u00cdTULO<\/td>\r\n  <td colspan=3 class=xl666219 width=717 style='width:538pt'>NOMBRE CORTO<\/td>\r\n  <td colspan=3 class=xl676219 width=995 style='width:746pt'>DESCRIPCI\u00d3N<\/td>\r\n  <td class=xl656219><\/td>\r\n  <td class=xl656219><\/td>\r\n  <td class=xl656219><\/td>\r\n  <td class=xl656219><\/td>\r\n  <td class=xl656219><\/td>\r\n  <td class=xl656219><\/td>\r\n  <td class=xl656219><\/td>\r\n  <td class=xl656219><\/td>\r\n  <td class=xl656219><\/td>\r\n  <td class=xl656219><\/td>\r\n  <td class=xl656219><\/td>\r\n  <td class=xl656219><\/td>\r\n  <td class=xl656219><\/td>\r\n  <td class=xl656219><\/td>\r\n  <td class=xl656219><\/td>\r\n  <td class=xl656219><\/td>\r\n  <td class=xl656219><\/td>\r\n <\/tr>\r\n <tr height=64 style='mso-height-source:userset;height:48.0pt'>\r\n  <td colspan=3 height=64 class=xl686219 style='height:48.0pt'>Tr\u00e1mites\r\n  ofrecidos<\/td>\r\n  <td colspan=3 class=xl686219>a69_f20<\/td>\r\n  <td colspan=3 class=xl696219 width=995 style='width:746pt'>La informaci\u00f3n\r\n  relacionada con las tareas administrativas que realizan los sujetos obligados\r\n  en sus diferentes \u00e1mbitos con el objeto de atender las peticiones que\r\n  realicen los particulares ya sea para la obtenci\u00f3n de un beneficio, o cumplir\r\n  con alguna obligaci\u00f3n ante una autoridad, de conformidad con la normatividad\r\n  respecto de los tr\u00e1mites que realizan. Generalmente \u00e9stos implican la entrega\r\n  de informaci\u00f3n ante una autoridad por parte de los particulares.<\/td>\r\n  <td class=xl656219><\/td>\r\n  <td class=xl656219><\/td>\r\n  <td class=xl656219><\/td>\r\n  <td class=xl656219><\/td>\r\n  <td class=xl656219><\/td>\r\n  <td class=xl656219><\/td>\r\n  <td class=xl656219><\/td>\r\n  <td class=xl656219><\/td>\r\n  <td class=xl656219><\/td>\r\n  <td class=xl656219><\/td>\r\n  <td class=xl656219><\/td>\r\n  <td class=xl656219><\/td>\r\n  <td class=xl656219><\/td>\r\n  <td class=xl656219><\/td>\r\n  <td class=xl656219><\/td>\r\n  <td class=xl656219><\/td>\r\n  <td class=xl656219><\/td>\r\n <\/tr>\r\n <tr height=0 style='display:none'>\r\n  <td class=xl656219>1<\/td>\r\n  <td class=xl656219>4<\/td>\r\n  <td class=xl656219>4<\/td>\r\n  <td class=xl656219>2<\/td>\r\n  <td class=xl656219>2<\/td>\r\n  <td class=xl656219>2<\/td>\r\n  <td class=xl656219>1<\/td>\r\n  <td class=xl656219>7<\/td>\r\n  <td class=xl656219>2<\/td>\r\n  <td class=xl656219>7<\/td>\r\n  <td class=xl656219>1<\/td>\r\n  <td class=xl656219>1<\/td>\r\n  <td class=xl656219>10<\/td>\r\n  <td class=xl656219>6<\/td>\r\n  <td class=xl656219>2<\/td>\r\n  <td class=xl656219>10<\/td>\r\n  <td class=xl656219>2<\/td>\r\n  <td class=xl656219>2<\/td>\r\n  <td class=xl656219>10<\/td>\r\n  <td class=xl656219>2<\/td>\r\n  <td class=xl656219>7<\/td>\r\n  <td class=xl656219>7<\/td>\r\n  <td class=xl656219>2<\/td>\r\n  <td class=xl656219>4<\/td>\r\n  <td class=xl656219>13<\/td>\r\n  <td class=xl656219>14<\/td>\r\n <\/tr>\r\n <tr height=0 style='display:none'>\r\n  <td class=xl656219>350731<\/td>\r\n  <td class=xl656219>350733<\/td>\r\n  <td class=xl656219>350732<\/td>\r\n  <td class=xl656219>350716<\/td>\r\n  <td class=xl656219>350744<\/td>\r\n  <td class=xl656219>350717<\/td>\r\n  <td class=xl656219>350715<\/td>\r\n  <td class=xl656219>350734<\/td>\r\n  <td class=xl656219>350745<\/td>\r\n  <td class=xl656219>350738<\/td>\r\n  <td class=xl656219>350735<\/td>\r\n  <td class=xl656219>350714<\/td>\r\n  <td class=xl656219>350724<\/td>\r\n  <td class=xl656219>350721<\/td>\r\n  <td class=xl656219>350719<\/td>\r\n  <td class=xl656219>350726<\/td>\r\n  <td class=xl656219>350718<\/td>\r\n  <td class=xl656219>350741<\/td>\r\n  <td class=xl656219>350725<\/td>\r\n  <td class=xl656219>350743<\/td>\r\n  <td class=xl656219>350722<\/td>\r\n  <td class=xl656219>350723<\/td>\r\n  <td class=xl656219>350737<\/td>\r\n  <td class=xl656219>350720<\/td>\r\n  <td class=xl656219>350730<\/td>\r\n  <td class=xl656219>350736<\/td>\r\n <\/tr>\r\n <tr height=20 style='height:15.0pt'>\r\n  <td colspan=26 height=20 class=xl666219 width=8652 style='height:15.0pt;\r\n  width:6491pt'>Tabla Campos<\/td>\r\n <\/tr>\r\n <tr height=34 style='height:25.5pt'>\r\n  <td height=34 class=xl696219 width=56 style='height:25.5pt;width:42pt'>Ejercicio<\/td>\r\n  <td class=xl696219 width=255 style='border-left:none;width:191pt'>Fecha de\r\n  inicio del periodo que se informa<\/td>\r\n  <td class=xl696219 width=270 style='border-left:none;width:203pt'>Fecha de\r\n  t\u00e9rmino del periodo que se informa<\/td>\r\n  <td class=xl696219 width=238 style='border-left:none;width:179pt'>Denominaci\u00f3n\r\n  del tr\u00e1mite<\/td>\r\n  <td class=xl696219 width=264 style='border-left:none;width:198pt'>Tipo de\r\n  usuario y\/o poblaci\u00f3n objetivo<\/td>\r\n  <td class=xl696219 width=215 style='border-left:none;width:161pt'>Descripci\u00f3n\r\n  del objetivo del tr\u00e1mite<\/td>\r\n  <td class=xl696219 width=135 style='border-left:none;width:101pt'>Modalidad\r\n  del tr\u00e1mite<\/td>\r\n  <td class=xl696219 width=715 style='border-left:none;width:536pt'>Hiperv\u00ednculo\r\n  a los requisitos para llevar a cabo el tr\u00e1mite<\/td>\r\n  <td class=xl696219 width=145 style='border-left:none;width:109pt'>Documentos\r\n  requeridos<\/td>\r\n  <td class=xl696219 width=716 style='border-left:none;width:537pt'>Hiperv\u00ednculo\r\n  al\/los formatos respectivos<\/td>\r\n  <td class=xl696219 width=304 style='border-left:none;width:228pt'>Tiempo de\r\n  respuesta por parte del sujeto Obligado<\/td>\r\n  <td class=xl696219 width=228 style='border-left:none;width:171pt'>Vigencia de\r\n  los resultados del tr\u00e1mite<\/td>\r\n  <td class=xl696219 width=373 style='border-left:none;width:280pt'>\u00c1rea y\r\n  datos de contacto del lugar donde se realiza el tr\u00e1mite<span\r\n  style='mso-spacerun:yes'>\u00a0<\/span><\/td>\r\n  <td class=xl696219 width=273 style='border-left:none;width:205pt'>Costo, en\r\n  su caso, especificar que es gratuito<\/td>\r\n  <td class=xl696219 width=424 style='border-left:none;width:318pt'>Sustento\r\n  legal para su cobro<\/td>\r\n  <td class=xl696219 width=322 style='border-left:none;width:242pt'>Lugares\r\n  donde se efect\u00faa el pago<span style='mso-spacerun:yes'>\u00a0<\/span><\/td>\r\n  <td class=xl696219 width=424 style='border-left:none;width:318pt'>Fundamento\r\n  jur\u00eddico-administrativo del tr\u00e1mite<\/td>\r\n  <td class=xl696219 width=135 style='border-left:none;width:101pt'>Derechos\r\n  del usuario<\/td>\r\n  <td class=xl696219 width=322 style='border-left:none;width:242pt'>Lugares\r\n  para reportar presuntas anomal\u00edas<\/td>\r\n  <td class=xl696219 width=437 style='border-left:none;width:328pt'>Otros\r\n  datos, en su caso, para el env\u00edo de consultas, documentos y quejas<\/td>\r\n  <td class=xl696219 width=705 style='border-left:none;width:529pt'>Hiperv\u00ednculo\r\n  informaci\u00f3n adicional del tr\u00e1mite<\/td>\r\n  <td class=xl696219 width=722 style='border-left:none;width:542pt'>Hiperv\u00ednculo\r\n  al sistema correspondiente<\/td>\r\n  <td class=xl696219 width=512 style='border-left:none;width:384pt'>\u00c1rea(s)\r\n  responsable(s) que genera(n), posee(n), publica(n) y actualizan la\r\n  informaci\u00f3n<\/td>\r\n  <td class=xl696219 width=123 style='border-left:none;width:92pt'>Fecha de\r\n  validaci\u00f3n<\/td>\r\n  <td class=xl696219 width=140 style='border-left:none;width:105pt'>Fecha de\r\n  actualizaci\u00f3n<\/td>\r\n  <td class=xl696219 width=199 style='border-left:none;width:149pt'>Nota<\/td>\r\n <\/tr>\r\n <tr height=20 style='height:15.0pt'>\r\n  <td height=20 class=xl716219 style='height:15.0pt;border-top:none'>2018<\/td>\r\n  <td class=xl726219 style='border-top:none;border-left:none'>01-abr-18<\/td>\r\n  <td class=xl726219 style='border-top:none;border-left:none'>30-jun-18<\/td>\r\n  <td class=xl716219 style='border-top:none;border-left:none'>uso exclusivo de\r\n  las areas deportivas<\/td>\r\n  <td class=xl716219 style='border-top:none;border-left:none'>poblacion\r\n  deportista que asi lo demande<\/td>\r\n  <td class=xl716219 style='border-top:none;border-left:none'>bienestar y salud<\/td>\r\n  <td class=xl716219 style='border-top:none;border-left:none'>presencial<\/td>\r\n  <td class=xl736219 style='border-top:none;border-left:none'><a\r\n  href=\"https:\/\/www.apan.gob.mx\/descargables\/transparencia\/articulo69\/fraccion20\/2018_2\/juvdep\/FrXXa1_1.pdf\">https:\/\/www.apan.gob.mx\/descargables\/transparencia\/articulo69\/fraccion20\/2018_2\/juvdep\/FrXXa1_1.pdf<\/a><\/td>\r\n  <td class=xl716219 style='border-top:none;border-left:none'>llenado de\r\n  formato<\/td>\r\n  <td class=xl736219 style='border-top:none;border-left:none'><a\r\n  href=\"https:\/\/www.apan.gob.mx\/descargables\/transparencia\/articulo69\/fraccion20\/2018_2\/juvdep\/FrXXa1_1.pdf\">https:\/\/www.apan.gob.mx\/descargables\/transparencia\/articulo69\/fraccion20\/2018_2\/juvdep\/FrXXa1_1.pdf<\/a><\/td>\r\n  <td class=xl716219 style='border-top:none;border-left:none'>10 minutos<\/td>\r\n  <td class=xl716219 style='border-top:none;border-left:none'>indefinido<\/td>\r\n  <td class=xl716219 style='border-top:none;border-left:none'>coordinacion de\r\n  juventud y deporte<\/td>\r\n  <td class=xl716219 style='border-top:none;border-left:none'>0<\/td>\r\n  <td class=xl716219 style='border-top:none;border-left:none'>ley de cultura\r\n  f\u00edsica,deporte y recreacion para el estado de hidalgo<\/td>\r\n  <td class=xl716219 style='border-top:none;border-left:none'>no aplica porque\r\n  el servicio es gratuito<\/td>\r\n  <td class=xl716219 style='border-top:none;border-left:none'>ley de cultura\r\n  f\u00edsica,deporte y recreacion para el estado de hidalgo<\/td>\r\n  <td class=xl716219 style='border-top:none;border-left:none'>quejas y\r\n  sugerencias<\/td>\r\n  <td class=xl746219 style='border-top:none;border-left:none'><a\r\n  href=\"mailto:contarloria@apan.gob.mx\">contarloria@apan.gob.mx<\/a><\/td>\r\n  <td class=xl716219 style='border-top:none;border-left:none'>Acudir a la\r\n  dependencia correspondiente<\/td>\r\n  <td class=xl736219 style='border-top:none;border-left:none'><a\r\n  href=\"https:\/\/www.apan.gob.mx\/descargables\/transparencia\/articulo69\/fraccion20\/2018_2\/juvdep\/FrXXa1_2.pdf\">https:\/\/www.apan.gob.mx\/descargables\/transparencia\/articulo69\/fraccion20\/2018_2\/juvdep\/FrXXa1_2.pdf<\/a><\/td>\r\n  <td class=xl736219 style='border-top:none;border-left:none'><a\r\n  href=\"https:\/\/www.apan.gob.mx\/descargables\/transparencia\/articulo69\/fraccion20\/2018_2\/juvdep\/FrXXa1_3.pdf\">https:\/\/www.apan.gob.mx\/descargables\/transparencia\/articulo69\/fraccion20\/2018_2\/juvdep\/FrXXa1_3.pdf<\/a><\/td>\r\n  <td class=xl716219 style='border-top:none;border-left:none'>coordinacion de\r\n  juventud y deporte<\/td>\r\n  <td class=xl726219 style='border-top:none;border-left:none'>03-jul-18<\/td>\r\n  <td class=xl726219 style='border-top:none;border-left:none'>01-ene-18<\/td>\r\n  <td class=xl716219 style='border-top:none;border-left:none'>el costo del\r\n  tramite es gratuito<\/td>\r\n <\/tr>\r\n <![if supportMisalignedColumns]>\r\n <tr height=0 style='display:none'>\r\n  <td width=56 style='width:42pt'><\/td>\r\n  <td width=255 style='width:191pt'><\/td>\r\n  <td width=270 style='width:203pt'><\/td>\r\n  <td width=238 style='width:179pt'><\/td>\r\n  <td width=264 style='width:198pt'><\/td>\r\n  <td width=215 style='width:161pt'><\/td>\r\n  <td width=135 style='width:101pt'><\/td>\r\n  <td width=715 style='width:536pt'><\/td>\r\n  <td width=145 style='width:109pt'><\/td>\r\n  <td width=716 style='width:537pt'><\/td>\r\n  <td width=304 style='width:228pt'><\/td>\r\n  <td width=228 style='width:171pt'><\/td>\r\n  <td width=373 style='width:280pt'><\/td>\r\n  <td width=273 style='width:205pt'><\/td>\r\n  <td width=424 style='width:318pt'><\/td>\r\n  <td width=322 style='width:242pt'><\/td>\r\n  <td width=424 style='width:318pt'><\/td>\r\n  <td width=135 style='width:101pt'><\/td>\r\n  <td width=322 style='width:242pt'><\/td>\r\n  <td width=437 style='width:328pt'><\/td>\r\n  <td width=705 style='width:529pt'><\/td>\r\n  <td width=722 style='width:542pt'><\/td>\r\n  <td width=512 style='width:384pt'><\/td>\r\n  <td width=123 style='width:92pt'><\/td>\r\n  <td width=140 style='width:105pt'><\/td>\r\n  <td width=199 style='width:149pt'><\/td>\r\n <\/tr>\r\n <![endif]>\r\n<\/table>\r\n\r\n<\/div>\r\n\r\n\t\t\t\t<\/div>\n\t\t\t\t<\/div>\n\t\t\t\t<div class=\"elementor-element elementor-element-khlsudp elementor-widget elementor-widget-heading\" data-id=\"khlsudp\" data-element_type=\"widget\" data-e-type=\"widget\" data-widget_type=\"heading.default\">\n\t\t\t\t<div class=\"elementor-widget-container\">\n\t\t\t\t\t<h2 class=\"elementor-heading-title elementor-size-small\">Fecha en que se subi\u00f3 la informaci\u00f3n: 27-julio-18<\/h2>\t\t\t\t<\/div>\n\t\t\t\t<\/div>\n\t\t\t\t\t<\/div>\n\t\t<\/div>\n\t\t\t\t\t<\/div>\n\t\t<\/section>\n\t\t\t\t<\/div>\n\t\t","protected":false},"excerpt":{"rendered":"<p>Fracci\u00f3n XX 44251 T\u00cdTULO NOMBRE CORTO DESCRIPCI\u00d3N Tr\u00e1mites ofrecidos a69_f20 La informaci\u00f3n relacionada con las tareas administrativas que realizan los sujetos obligados en sus diferentes \u00e1mbitos con el objeto de atender las peticiones que realicen los particulares ya sea para la obtenci\u00f3n de un beneficio, o cumplir con alguna obligaci\u00f3n ante una autoridad, de conformidad [&hellip;]<\/p>\n","protected":false},"author":1,"featured_media":0,"parent":0,"menu_order":0,"comment_status":"closed","ping_status":"closed","template":"page-template-full.php","meta":{"footnotes":""},"class_list":["post-2676","page","type-page","status-publish","hentry"],"jetpack_sharing_enabled":true,"_links":{"self":[{"href":"https:\/\/apan.gob.mx\/portal\/wp-json\/wp\/v2\/pages\/2676","targetHints":{"allow":["GET"]}}],"collection":[{"href":"https:\/\/apan.gob.mx\/portal\/wp-json\/wp\/v2\/pages"}],"about":[{"href":"https:\/\/apan.gob.mx\/portal\/wp-json\/wp\/v2\/types\/page"}],"author":[{"embeddable":true,"href":"https:\/\/apan.gob.mx\/portal\/wp-json\/wp\/v2\/users\/1"}],"replies":[{"embeddable":true,"href":"https:\/\/apan.gob.mx\/portal\/wp-json\/wp\/v2\/comments?post=2676"}],"version-history":[{"count":3,"href":"https:\/\/apan.gob.mx\/portal\/wp-json\/wp\/v2\/pages\/2676\/revisions"}],"predecessor-version":[{"id":2679,"href":"https:\/\/apan.gob.mx\/portal\/wp-json\/wp\/v2\/pages\/2676\/revisions\/2679"}],"wp:attachment":[{"href":"https:\/\/apan.gob.mx\/portal\/wp-json\/wp\/v2\/media?parent=2676"}],"curies":[{"name":"wp","href":"https:\/\/api.w.org\/{rel}","templated":true}]}}