{"id":2705,"date":"2018-07-30T16:33:07","date_gmt":"2018-07-30T16:33:07","guid":{"rendered":"https:\/\/apan.gob.mx\/portal\/?page_id=2705"},"modified":"2018-07-30T16:39:36","modified_gmt":"2018-07-30T16:39:36","slug":"conciliador_20_2018_2","status":"publish","type":"page","link":"https:\/\/apan.gob.mx\/portal\/conciliador_20_2018_2\/","title":{"rendered":"<!--conciliador_20_2018_2-->"},"content":{"rendered":"\t\t<div data-elementor-type=\"wp-page\" data-elementor-id=\"2705\" class=\"elementor elementor-2705 elementor-bc-flex-widget\">\n\t\t\t\t\t\t<section class=\"has_ae_slider elementor-section elementor-top-section elementor-element elementor-element-bqbcezu elementor-section-boxed elementor-section-height-default elementor-section-height-default ae-bg-gallery-type-default\" data-id=\"bqbcezu\" data-element_type=\"section\" data-e-type=\"section\">\n\t\t\t\t\t\t<div class=\"elementor-container elementor-column-gap-default\">\n\t\t\t\t\t<div class=\"has_ae_slider elementor-column elementor-col-100 elementor-top-column elementor-element elementor-element-wbdoknf ae-bg-gallery-type-default\" data-id=\"wbdoknf\" data-element_type=\"column\" data-e-type=\"column\">\n\t\t\t<div class=\"elementor-widget-wrap elementor-element-populated\">\n\t\t\t\t\t\t<div class=\"elementor-element elementor-element-lyehqsw elementor-widget elementor-widget-heading\" data-id=\"lyehqsw\" data-element_type=\"widget\" data-e-type=\"widget\" data-widget_type=\"heading.default\">\n\t\t\t\t<div class=\"elementor-widget-container\">\n\t\t\t\t\t<h2 class=\"elementor-heading-title elementor-size-medium\">Fracci\u00f3n XX<\/h2>\t\t\t\t<\/div>\n\t\t\t\t<\/div>\n\t\t\t\t<div class=\"elementor-element elementor-element-vxuhhyn elementor-widget elementor-widget-html\" data-id=\"vxuhhyn\" data-element_type=\"widget\" data-e-type=\"widget\" data-widget_type=\"html.default\">\n\t\t\t\t<div class=\"elementor-widget-container\">\n\t\t\t\t\t<style id=\"a69_f20_24075_Styles\">\r\n<!--table\r\n\t{mso-displayed-decimal-separator:\"\\.\";\r\n\tmso-displayed-thousand-separator:\"\\,\";}\r\n.xl1524075\r\n\t{padding-top:1px;\r\n\tpadding-right:1px;\r\n\tpadding-left:1px;\r\n\tmso-ignore:padding;\r\n\tcolor:black;\r\n\tfont-size:11.0pt;\r\n\tfont-weight:400;\r\n\tfont-style:normal;\r\n\ttext-decoration:none;\r\n\tfont-family:Calibri, sans-serif;\r\n\tmso-font-charset:0;\r\n\tmso-number-format:General;\r\n\ttext-align:general;\r\n\tvertical-align:bottom;\r\n\tmso-background-source:auto;\r\n\tmso-pattern:auto;\r\n\twhite-space:nowrap;}\r\n.xl6524075\r\n\t{padding-top:1px;\r\n\tpadding-right:1px;\r\n\tpadding-left:1px;\r\n\tmso-ignore:padding;\r\n\tcolor:white;\r\n\tfont-size:11.0pt;\r\n\tfont-weight:700;\r\n\tfont-style:normal;\r\n\ttext-decoration:none;\r\n\tfont-family:Arial, sans-serif;\r\n\tmso-font-charset:0;\r\n\tmso-number-format:General;\r\n\ttext-align:center;\r\n\tvertical-align:middle;\r\n\tborder:.5pt solid windowtext;\r\n\tbackground:#333333;\r\n\tmso-pattern:black none;\r\n\twhite-space:normal;}\r\n.xl6624075\r\n\t{padding-top:1px;\r\n\tpadding-right:1px;\r\n\tpadding-left:1px;\r\n\tmso-ignore:padding;\r\n\tcolor:black;\r\n\tfont-size:10.0pt;\r\n\tfont-weight:400;\r\n\tfont-style:normal;\r\n\ttext-decoration:none;\r\n\tfont-family:Arial, sans-serif;\r\n\tmso-font-charset:0;\r\n\tmso-number-format:General;\r\n\ttext-align:center;\r\n\tvertical-align:middle;\r\n\tborder:.5pt solid windowtext;\r\n\tbackground:#E1E1E1;\r\n\tmso-pattern:black none;\r\n\twhite-space:normal;}\r\n.xl6724075\r\n\t{padding-top:1px;\r\n\tpadding-right:1px;\r\n\tpadding-left:1px;\r\n\tmso-ignore:padding;\r\n\tcolor:black;\r\n\tfont-size:11.0pt;\r\n\tfont-weight:400;\r\n\tfont-style:normal;\r\n\ttext-decoration:none;\r\n\tfont-family:Calibri, sans-serif;\r\n\tmso-font-charset:0;\r\n\tmso-number-format:General;\r\n\ttext-align:center;\r\n\tvertical-align:middle;\r\n\tmso-background-source:auto;\r\n\tmso-pattern:auto;\r\n\twhite-space:nowrap;}\r\n.xl6824075\r\n\t{padding-top:1px;\r\n\tpadding-right:1px;\r\n\tpadding-left:1px;\r\n\tmso-ignore:padding;\r\n\tcolor:black;\r\n\tfont-size:10.0pt;\r\n\tfont-weight:400;\r\n\tfont-style:normal;\r\n\ttext-decoration:none;\r\n\tfont-family:Arial, sans-serif;\r\n\tmso-font-charset:0;\r\n\tmso-number-format:General;\r\n\ttext-align:center;\r\n\tvertical-align:middle;\r\n\tborder:.5pt solid windowtext;\r\n\tbackground:#E1E1E1;\r\n\tmso-pattern:black none;\r\n\twhite-space:nowrap;}\r\n.xl6924075\r\n\t{padding-top:1px;\r\n\tpadding-right:1px;\r\n\tpadding-left:1px;\r\n\tmso-ignore:padding;\r\n\tcolor:black;\r\n\tfont-size:11.0pt;\r\n\tfont-weight:400;\r\n\tfont-style:normal;\r\n\ttext-decoration:none;\r\n\tfont-family:Calibri, sans-serif;\r\n\tmso-font-charset:0;\r\n\tmso-number-format:General;\r\n\ttext-align:center;\r\n\tvertical-align:middle;\r\n\tmso-background-source:auto;\r\n\tmso-pattern:auto;\r\n\twhite-space:normal;}\r\n.xl7024075\r\n\t{padding-top:1px;\r\n\tpadding-right:1px;\r\n\tpadding-left:1px;\r\n\tmso-ignore:padding;\r\n\tcolor:black;\r\n\tfont-size:11.0pt;\r\n\tfont-weight:400;\r\n\tfont-style:normal;\r\n\ttext-decoration:none;\r\n\tfont-family:Calibri, sans-serif;\r\n\tmso-font-charset:0;\r\n\tmso-number-format:General;\r\n\ttext-align:center;\r\n\tvertical-align:middle;\r\n\tborder:.5pt solid windowtext;\r\n\tbackground:white;\r\n\tmso-pattern:black none;\r\n\twhite-space:nowrap;}\r\n.xl7124075\r\n\t{padding-top:1px;\r\n\tpadding-right:1px;\r\n\tpadding-left:1px;\r\n\tmso-ignore:padding;\r\n\tcolor:black;\r\n\tfont-size:11.0pt;\r\n\tfont-weight:400;\r\n\tfont-style:normal;\r\n\ttext-decoration:none;\r\n\tfont-family:Calibri, sans-serif;\r\n\tmso-font-charset:0;\r\n\tmso-number-format:\"Medium Date\";\r\n\ttext-align:center;\r\n\tvertical-align:middle;\r\n\tborder:.5pt solid windowtext;\r\n\tbackground:white;\r\n\tmso-pattern:black none;\r\n\twhite-space:nowrap;}\r\n.xl7224075\r\n\t{padding-top:1px;\r\n\tpadding-right:1px;\r\n\tpadding-left:1px;\r\n\tmso-ignore:padding;\r\n\tcolor:blue;\r\n\tfont-size:11.0pt;\r\n\tfont-weight:400;\r\n\tfont-style:normal;\r\n\ttext-decoration:underline;\r\n\ttext-underline-style:single;\r\n\tfont-family:Calibri, sans-serif;\r\n\tmso-font-charset:0;\r\n\tmso-number-format:General;\r\n\ttext-align:center;\r\n\tvertical-align:middle;\r\n\tborder:.5pt solid windowtext;\r\n\tbackground:white;\r\n\tmso-pattern:black none;\r\n\twhite-space:nowrap;}\r\n.xl7324075\r\n\t{padding-top:1px;\r\n\tpadding-right:1px;\r\n\tpadding-left:1px;\r\n\tmso-ignore:padding;\r\n\tcolor:black;\r\n\tfont-size:11.0pt;\r\n\tfont-weight:400;\r\n\tfont-style:normal;\r\n\ttext-decoration:none;\r\n\tfont-family:Calibri, sans-serif;\r\n\tmso-font-charset:0;\r\n\tmso-number-format:General;\r\n\ttext-align:center;\r\n\tvertical-align:middle;\r\n\tborder:.5pt solid windowtext;\r\n\tbackground:white;\r\n\tmso-pattern:black none;\r\n\twhite-space:normal;}\r\n-->\r\n<\/style>\r\n<\/head>\r\n\r\n<body>\r\n<!--[if !excel]>&nbsp;&nbsp;<![endif]-->\r\n<!--La siguiente informaci\u00f3n se gener\u00f3 mediante el Asistente para publicar como\r\np\u00e1gina web de Microsoft Excel.-->\r\n<!--Si se vuelve a publicar el mismo elemento desde Excel, se reemplazar\u00e1 toda\r\nla informaci\u00f3n comprendida entre las etiquetas DIV.-->\r\n<!----------------------------->\r\n<!--INICIO DE LOS RESULTADOS DEL ASISTENTE PARA PUBLICAR COMO P\u00c1GINA WEB DE\r\nEXCEL -->\r\n<!----------------------------->\r\n\r\n<div id=\"a69_f20_24075\" align=center x:publishsource=\"Excel\">\r\n\r\n<table border=0 cellpadding=0 cellspacing=0 width=6692 style='border-collapse:\r\n collapse;table-layout:fixed;width:5020pt'>\r\n <col width=56 style='mso-width-source:userset;mso-width-alt:2048;width:42pt'>\r\n <col width=255 style='mso-width-source:userset;mso-width-alt:9325;width:191pt'>\r\n <col width=270 style='mso-width-source:userset;mso-width-alt:9874;width:203pt'>\r\n <col width=159 style='mso-width-source:userset;mso-width-alt:5814;width:119pt'>\r\n <col width=229 style='mso-width-source:userset;mso-width-alt:8374;width:172pt'>\r\n <col width=215 style='mso-width-source:userset;mso-width-alt:7862;width:161pt'>\r\n <col width=135 style='mso-width-source:userset;mso-width-alt:4937;width:101pt'>\r\n <col width=731 style='mso-width-source:userset;mso-width-alt:26733;width:548pt'>\r\n <col width=147 style='mso-width-source:userset;mso-width-alt:5376;width:110pt'>\r\n <col width=739 style='mso-width-source:userset;mso-width-alt:27026;width:554pt'>\r\n <col width=304 style='mso-width-source:userset;mso-width-alt:11117;width:228pt'>\r\n <col width=228 style='mso-width-source:userset;mso-width-alt:8338;width:171pt'>\r\n <col width=373 style='mso-width-source:userset;mso-width-alt:13641;width:280pt'>\r\n <col width=273 style='mso-width-source:userset;mso-width-alt:9984;width:205pt'>\r\n <col width=174 style='mso-width-source:userset;mso-width-alt:6363;width:131pt'>\r\n <col width=322 style='mso-width-source:userset;mso-width-alt:11776;width:242pt'>\r\n <col width=402 style='mso-width-source:userset;mso-width-alt:14701;width:302pt'>\r\n <col width=192 style='mso-width-source:userset;mso-width-alt:7021;width:144pt'>\r\n <col width=322 style='mso-width-source:userset;mso-width-alt:11776;width:242pt'>\r\n <col width=512 style='mso-width-source:userset;mso-width-alt:18724;width:384pt'>\r\n <col width=123 style='mso-width-source:userset;mso-width-alt:4498;width:92pt'>\r\n <col width=140 style='mso-width-source:userset;mso-width-alt:5120;width:105pt'>\r\n <col width=391 style='mso-width-source:userset;mso-width-alt:14299;width:293pt'>\r\n <tr height=0 style='display:none'>\r\n  <td class=xl6724075 width=56 style='width:42pt'>44251<\/td>\r\n  <td class=xl6724075 width=255 style='width:191pt'><\/td>\r\n  <td class=xl6724075 width=270 style='width:203pt'><\/td>\r\n  <td class=xl6724075 width=159 style='width:119pt'><\/td>\r\n  <td class=xl6724075 width=229 style='width:172pt'><\/td>\r\n  <td class=xl6724075 width=215 style='width:161pt'><\/td>\r\n  <td class=xl6724075 width=135 style='width:101pt'><\/td>\r\n  <td class=xl6724075 width=731 style='width:548pt'><\/td>\r\n  <td class=xl6724075 width=147 style='width:110pt'><\/td>\r\n  <td class=xl6724075 width=739 style='width:554pt'><\/td>\r\n  <td class=xl6724075 width=304 style='width:228pt'><\/td>\r\n  <td class=xl6724075 width=228 style='width:171pt'><\/td>\r\n  <td class=xl6724075 width=373 style='width:280pt'><\/td>\r\n  <td class=xl6724075 width=273 style='width:205pt'><\/td>\r\n  <td class=xl6724075 width=174 style='width:131pt'><\/td>\r\n  <td class=xl6724075 width=322 style='width:242pt'><\/td>\r\n  <td class=xl6724075 width=402 style='width:302pt'><\/td>\r\n  <td class=xl6724075 width=192 style='width:144pt'><\/td>\r\n  <td class=xl6724075 width=322 style='width:242pt'><\/td>\r\n  <td class=xl6724075 width=512 style='width:384pt'><\/td>\r\n  <td class=xl6724075 width=123 style='width:92pt'><\/td>\r\n  <td class=xl6724075 width=140 style='width:105pt'><\/td>\r\n  <td class=xl6724075 width=391 style='width:293pt'><\/td>\r\n <\/tr>\r\n <tr height=20 style='height:15.0pt'>\r\n  <td colspan=3 height=20 class=xl6524075 width=581 style='height:15.0pt;\r\n  width:436pt'>T\u00cdTULO<\/td>\r\n  <td colspan=3 class=xl6524075 width=603 style='width:452pt'>NOMBRE CORTO<\/td>\r\n  <td colspan=3 class=xl6524075 width=1013 style='width:759pt'>DESCRIPCI\u00d3N<\/td>\r\n  <td class=xl6724075><\/td>\r\n  <td class=xl6724075><\/td>\r\n  <td class=xl6724075><\/td>\r\n  <td class=xl6724075><\/td>\r\n  <td class=xl6724075><\/td>\r\n  <td class=xl6724075><\/td>\r\n  <td class=xl6724075><\/td>\r\n  <td class=xl6724075><\/td>\r\n  <td class=xl6724075><\/td>\r\n  <td class=xl6724075><\/td>\r\n  <td class=xl6724075><\/td>\r\n  <td class=xl6724075><\/td>\r\n  <td class=xl6724075><\/td>\r\n  <td class=xl6724075><\/td>\r\n <\/tr>\r\n <tr height=67 style='mso-height-source:userset;height:50.25pt'>\r\n  <td colspan=3 height=67 class=xl6824075 style='height:50.25pt'>Tr\u00e1mites\r\n  ofrecidos<\/td>\r\n  <td colspan=3 class=xl6824075>a69_f20<\/td>\r\n  <td colspan=3 class=xl6624075 width=1013 style='width:759pt'>La informaci\u00f3n\r\n  relacionada con las tareas administrativas que realizan los sujetos obligados\r\n  en sus diferentes \u00e1mbitos con el objeto de atender las peticiones que\r\n  realicen los particulares ya sea para la obtenci\u00f3n de un beneficio, o cumplir\r\n  con alguna obligaci\u00f3n ante una autoridad, de conformidad con la normatividad\r\n  respecto de los tr\u00e1mites que realizan. Generalmente \u00e9stos implican la entrega\r\n  de informaci\u00f3n ante una autoridad por parte de los particulares.<\/td>\r\n  <td class=xl6724075><\/td>\r\n  <td class=xl6724075><\/td>\r\n  <td class=xl6724075><\/td>\r\n  <td class=xl6724075><\/td>\r\n  <td class=xl6724075><\/td>\r\n  <td class=xl6724075><\/td>\r\n  <td class=xl6724075><\/td>\r\n  <td class=xl6724075><\/td>\r\n  <td class=xl6724075><\/td>\r\n  <td class=xl6724075><\/td>\r\n  <td class=xl6724075><\/td>\r\n  <td class=xl6724075><\/td>\r\n  <td class=xl6724075><\/td>\r\n  <td class=xl6724075><\/td>\r\n <\/tr>\r\n <tr height=0 style='display:none'>\r\n  <td class=xl6724075>1<\/td>\r\n  <td class=xl6724075>4<\/td>\r\n  <td class=xl6724075>4<\/td>\r\n  <td class=xl6724075>2<\/td>\r\n  <td class=xl6724075>2<\/td>\r\n  <td class=xl6724075>2<\/td>\r\n  <td class=xl6724075>1<\/td>\r\n  <td class=xl6724075>7<\/td>\r\n  <td class=xl6724075>2<\/td>\r\n  <td class=xl6724075>7<\/td>\r\n  <td class=xl6724075>1<\/td>\r\n  <td class=xl6724075>1<\/td>\r\n  <td class=xl6724075>10<\/td>\r\n  <td class=xl6724075>6<\/td>\r\n  <td class=xl6724075>2<\/td>\r\n  <td class=xl6724075>10<\/td>\r\n  <td class=xl6724075>2<\/td>\r\n  <td class=xl6724075>2<\/td>\r\n  <td class=xl6724075>10<\/td>\r\n  <td class=xl6724075>2<\/td>\r\n  <td class=xl6724075>4<\/td>\r\n  <td class=xl6724075>13<\/td>\r\n  <td class=xl6724075>14<\/td>\r\n <\/tr>\r\n <tr height=0 style='display:none'>\r\n  <td class=xl6724075>350731<\/td>\r\n  <td class=xl6724075>350733<\/td>\r\n  <td class=xl6724075>350732<\/td>\r\n  <td class=xl6724075>350716<\/td>\r\n  <td class=xl6724075>350744<\/td>\r\n  <td class=xl6724075>350717<\/td>\r\n  <td class=xl6724075>350715<\/td>\r\n  <td class=xl6724075>350734<\/td>\r\n  <td class=xl6724075>350745<\/td>\r\n  <td class=xl6724075>350738<\/td>\r\n  <td class=xl6724075>350735<\/td>\r\n  <td class=xl6724075>350714<\/td>\r\n  <td class=xl6724075>350724<\/td>\r\n  <td class=xl6724075>350721<\/td>\r\n  <td class=xl6724075>350719<\/td>\r\n  <td class=xl6724075>350726<\/td>\r\n  <td class=xl6724075>350718<\/td>\r\n  <td class=xl6724075>350741<\/td>\r\n  <td class=xl6724075>350725<\/td>\r\n  <td class=xl6724075>350737<\/td>\r\n  <td class=xl6724075>350720<\/td>\r\n  <td class=xl6724075>350730<\/td>\r\n  <td class=xl6724075>350736<\/td>\r\n <\/tr>\r\n <tr height=20 style='height:15.0pt'>\r\n  <td colspan=23 height=20 class=xl6524075 width=6692 style='height:15.0pt;\r\n  width:5020pt'>Tabla Campos<\/td>\r\n <\/tr>\r\n <tr height=34 style='height:25.5pt'>\r\n  <td height=34 class=xl6624075 width=56 style='height:25.5pt;width:42pt'>Ejercicio<\/td>\r\n  <td class=xl6624075 width=255 style='border-left:none;width:191pt'>Fecha de\r\n  inicio del periodo que se informa<\/td>\r\n  <td class=xl6624075 width=270 style='border-left:none;width:203pt'>Fecha de\r\n  t\u00e9rmino del periodo que se informa<\/td>\r\n  <td class=xl6624075 width=159 style='border-left:none;width:119pt'>Denominaci\u00f3n\r\n  del tr\u00e1mite<\/td>\r\n  <td class=xl6624075 width=229 style='border-left:none;width:172pt'>Tipo de\r\n  usuario y\/o poblaci\u00f3n objetivo<\/td>\r\n  <td class=xl6624075 width=215 style='border-left:none;width:161pt'>Descripci\u00f3n\r\n  del objetivo del tr\u00e1mite<\/td>\r\n  <td class=xl6624075 width=135 style='border-left:none;width:101pt'>Modalidad\r\n  del tr\u00e1mite<\/td>\r\n  <td class=xl6624075 width=731 style='border-left:none;width:548pt'>Hiperv\u00ednculo\r\n  a los requisitos para llevar a cabo el tr\u00e1mite<\/td>\r\n  <td class=xl6624075 width=147 style='border-left:none;width:110pt'>Documentos\r\n  requeridos<\/td>\r\n  <td class=xl6624075 width=739 style='border-left:none;width:554pt'>Hiperv\u00ednculo\r\n  al\/los formatos respectivos<\/td>\r\n  <td class=xl6624075 width=304 style='border-left:none;width:228pt'>Tiempo de\r\n  respuesta por parte del sujeto Obligado<\/td>\r\n  <td class=xl6624075 width=228 style='border-left:none;width:171pt'>Vigencia\r\n  de los resultados del tr\u00e1mite<\/td>\r\n  <td class=xl6624075 width=373 style='border-left:none;width:280pt'>\u00c1rea y\r\n  datos de contacto del lugar donde se realiza el tr\u00e1mite<span\r\n  style='mso-spacerun:yes'>\u00a0<\/span><\/td>\r\n  <td class=xl6624075 width=273 style='border-left:none;width:205pt'>Costo, en\r\n  su caso, especificar que es gratuito<\/td>\r\n  <td class=xl6624075 width=174 style='border-left:none;width:131pt'>Sustento\r\n  legal para su cobro<\/td>\r\n  <td class=xl6624075 width=322 style='border-left:none;width:242pt'>Lugares\r\n  donde se efect\u00faa el pago<span style='mso-spacerun:yes'>\u00a0<\/span><\/td>\r\n  <td class=xl6624075 width=402 style='border-left:none;width:302pt'>Fundamento\r\n  jur\u00eddico-administrativo del tr\u00e1mite<\/td>\r\n  <td class=xl6624075 width=192 style='border-left:none;width:144pt'>Derechos\r\n  del usuario<\/td>\r\n  <td class=xl6624075 width=322 style='border-left:none;width:242pt'>Lugares\r\n  para reportar presuntas anomal\u00edas<span style='mso-spacerun:yes'>\u00a0<\/span><\/td>\r\n  <td class=xl6624075 width=512 style='border-left:none;width:384pt'>\u00c1rea(s)\r\n  responsable(s) que genera(n), posee(n), publica(n) y actualizan la\r\n  informaci\u00f3n<\/td>\r\n  <td class=xl6624075 width=123 style='border-left:none;width:92pt'>Fecha de\r\n  validaci\u00f3n<\/td>\r\n  <td class=xl6624075 width=140 style='border-left:none;width:105pt'>Fecha de\r\n  actualizaci\u00f3n<\/td>\r\n  <td class=xl6624075 width=391 style='border-left:none;width:293pt'>Nota<\/td>\r\n <\/tr>\r\n <tr height=60 style='height:45.0pt'>\r\n  <td height=60 class=xl7024075 style='height:45.0pt;border-top:none'>2018<\/td>\r\n  <td class=xl7124075 style='border-top:none;border-left:none'>01-ene-18<\/td>\r\n  <td class=xl7124075 style='border-top:none;border-left:none'>30-jun-18<\/td>\r\n  <td class=xl7024075 style='border-top:none;border-left:none'>Acta Informativa<\/td>\r\n  <td class=xl7024075 style='border-top:none;border-left:none'>A la poblaci\u00f3n\r\n  que lo solicite<\/td>\r\n  <td class=xl7024075 style='border-top:none;border-left:none'>Obtener una Acta\r\n  Informativa<\/td>\r\n  <td class=xl7024075 style='border-top:none;border-left:none'>Presencial<\/td>\r\n  <td class=xl7224075 style='border-top:none;border-left:none'><a\r\n  href=\"https:\/\/www.apan.gob.mx\/descargables\/transparencia\/articulo69\/fraccion20\/2018_2\/conciliador\/FraXXa1_1.pdf\">https:\/\/www.apan.gob.mx\/descargables\/transparencia\/articulo69\/fraccion20\/2018_2\/conciliador\/FraXXa1_1.pdf<\/a><\/td>\r\n  <td class=xl7024075 style='border-top:none;border-left:none'>Identificaci\u00f3n\r\n  Ofical<\/td>\r\n  <td class=xl7224075 style='border-top:none;border-left:none'><a\r\n  href=\"https:\/\/www.apan.gob.mx\/descargables\/transparencia\/articulo69\/fraccion20\/2018_2\/conciliador\/FraXXa1_2.pdf\">https:\/\/www.apan.gob.mx\/descargables\/transparencia\/articulo69\/fraccion20\/2018_2\/conciliador\/FraXXa1_2.pdf<\/a><\/td>\r\n  <td class=xl7024075 style='border-top:none;border-left:none'>De 10<span\r\n  style='mso-spacerun:yes'>\u00a0 <\/span>45 minutos<\/td>\r\n  <td class=xl7024075 style='border-top:none;border-left:none'>No tiene\r\n  Vigencia<span style='mso-spacerun:yes'>\u00a0<\/span><\/td>\r\n  <td class=xl7024075 style='border-top:none;border-left:none'>Conciliador\r\n  Municipal<\/td>\r\n  <td class=xl7024075 style='border-top:none;border-left:none'>80<\/td>\r\n  <td class=xl7024075 style='border-top:none;border-left:none'>Ley de Ingresos\r\n  Vigente<\/td>\r\n  <td class=xl7024075 style='border-top:none;border-left:none'>Tesoreria<\/td>\r\n  <td class=xl7024075 style='border-top:none;border-left:none'>Art\u00edculo 162 de\r\n  la Ley Org\u00e1nica Municipal del Estado de Hidalgo<\/td>\r\n  <td class=xl7024075 style='border-top:none;border-left:none'>Levantar una\r\n  acta informativa<\/td>\r\n  <td class=xl7024075 style='border-top:none;border-left:none'>017489120316 ext\r\n  115<\/td>\r\n  <td class=xl7024075 style='border-top:none;border-left:none'>Juzgado\r\n  Conciliador de Apan, Hidalgo.<\/td>\r\n  <td class=xl7124075 style='border-top:none;border-left:none'>01-abr-18<\/td>\r\n  <td class=xl7124075 style='border-top:none;border-left:none'>01-ene-18<\/td>\r\n  <td class=xl7324075 width=391 style='border-top:none;border-left:none;\r\n  width:293pt'>No existe sistema para este tramite,ni informaci\u00f3n adicional,\r\n  tampoco<span style='mso-spacerun:yes'>\u00a0 <\/span>existen otros datos para\r\n  consultas, documentos y quejas.<\/td>\r\n <\/tr>\r\n <![if supportMisalignedColumns]>\r\n <tr height=0 style='display:none'>\r\n  <td width=56 style='width:42pt'><\/td>\r\n  <td width=255 style='width:191pt'><\/td>\r\n  <td width=270 style='width:203pt'><\/td>\r\n  <td width=159 style='width:119pt'><\/td>\r\n  <td width=229 style='width:172pt'><\/td>\r\n  <td width=215 style='width:161pt'><\/td>\r\n  <td width=135 style='width:101pt'><\/td>\r\n  <td width=731 style='width:548pt'><\/td>\r\n  <td width=147 style='width:110pt'><\/td>\r\n  <td width=739 style='width:554pt'><\/td>\r\n  <td width=304 style='width:228pt'><\/td>\r\n  <td width=228 style='width:171pt'><\/td>\r\n  <td width=373 style='width:280pt'><\/td>\r\n  <td width=273 style='width:205pt'><\/td>\r\n  <td width=174 style='width:131pt'><\/td>\r\n  <td width=322 style='width:242pt'><\/td>\r\n  <td width=402 style='width:302pt'><\/td>\r\n  <td width=192 style='width:144pt'><\/td>\r\n  <td width=322 style='width:242pt'><\/td>\r\n  <td width=512 style='width:384pt'><\/td>\r\n  <td width=123 style='width:92pt'><\/td>\r\n  <td width=140 style='width:105pt'><\/td>\r\n  <td width=391 style='width:293pt'><\/td>\r\n <\/tr>\r\n <![endif]>\r\n<\/table>\r\n\r\n<\/div>\r\n\t\t\t\t<\/div>\n\t\t\t\t<\/div>\n\t\t\t\t<div class=\"elementor-element elementor-element-jgyrcet elementor-widget elementor-widget-heading\" data-id=\"jgyrcet\" data-element_type=\"widget\" data-e-type=\"widget\" data-widget_type=\"heading.default\">\n\t\t\t\t<div class=\"elementor-widget-container\">\n\t\t\t\t\t<h2 class=\"elementor-heading-title elementor-size-small\">Fecha en que se subi\u00f3 la informaci\u00f3n: 30-julio-18<\/h2>\t\t\t\t<\/div>\n\t\t\t\t<\/div>\n\t\t\t\t\t<\/div>\n\t\t<\/div>\n\t\t\t\t\t<\/div>\n\t\t<\/section>\n\t\t\t\t<\/div>\n\t\t","protected":false},"excerpt":{"rendered":"<p>Fracci\u00f3n XX 44251 T\u00cdTULO NOMBRE CORTO DESCRIPCI\u00d3N Tr\u00e1mites ofrecidos a69_f20 La informaci\u00f3n relacionada con las tareas administrativas que realizan los sujetos obligados en sus diferentes \u00e1mbitos con el objeto de atender las peticiones que realicen los particulares ya sea para la obtenci\u00f3n de un beneficio, o cumplir con alguna obligaci\u00f3n ante una autoridad, de conformidad [&hellip;]<\/p>\n","protected":false},"author":1,"featured_media":0,"parent":0,"menu_order":0,"comment_status":"closed","ping_status":"closed","template":"page-template-full.php","meta":{"footnotes":""},"class_list":["post-2705","page","type-page","status-publish","hentry"],"jetpack_sharing_enabled":true,"_links":{"self":[{"href":"https:\/\/apan.gob.mx\/portal\/wp-json\/wp\/v2\/pages\/2705","targetHints":{"allow":["GET"]}}],"collection":[{"href":"https:\/\/apan.gob.mx\/portal\/wp-json\/wp\/v2\/pages"}],"about":[{"href":"https:\/\/apan.gob.mx\/portal\/wp-json\/wp\/v2\/types\/page"}],"author":[{"embeddable":true,"href":"https:\/\/apan.gob.mx\/portal\/wp-json\/wp\/v2\/users\/1"}],"replies":[{"embeddable":true,"href":"https:\/\/apan.gob.mx\/portal\/wp-json\/wp\/v2\/comments?post=2705"}],"version-history":[{"count":4,"href":"https:\/\/apan.gob.mx\/portal\/wp-json\/wp\/v2\/pages\/2705\/revisions"}],"predecessor-version":[{"id":2710,"href":"https:\/\/apan.gob.mx\/portal\/wp-json\/wp\/v2\/pages\/2705\/revisions\/2710"}],"wp:attachment":[{"href":"https:\/\/apan.gob.mx\/portal\/wp-json\/wp\/v2\/media?parent=2705"}],"curies":[{"name":"wp","href":"https:\/\/api.w.org\/{rel}","templated":true}]}}