{"id":27168,"date":"2025-04-04T17:17:57","date_gmt":"2025-04-04T23:17:57","guid":{"rendered":"https:\/\/apan.gob.mx\/portal\/?page_id=27168"},"modified":"2025-04-04T17:22:31","modified_gmt":"2025-04-04T23:22:31","slug":"ut-up69-2025-1","status":"publish","type":"page","link":"https:\/\/apan.gob.mx\/portal\/1-trimestre-2025\/ut-up69-2025-1\/","title":{"rendered":"<--ut-UP69-2025-1-->"},"content":{"rendered":"\t\t<div data-elementor-type=\"wp-page\" data-elementor-id=\"27168\" class=\"elementor elementor-27168\">\n\t\t\t\t\t\t<div class=\"elementor-inner\">\n\t\t\t\t<div class=\"elementor-section-wrap\">\n\t\t\t\t\t\t\t\t\t<section class=\"has_ae_slider elementor-section elementor-top-section elementor-element elementor-element-1bd76ab elementor-section-boxed elementor-section-height-default elementor-section-height-default ae-bg-gallery-type-default\" data-id=\"1bd76ab\" data-element_type=\"section\">\n\t\t\t\t\t\t<div class=\"elementor-container elementor-column-gap-default\">\n\t\t\t\t\t\t\t<div class=\"elementor-row\">\n\t\t\t\t\t<div class=\"has_ae_slider elementor-column elementor-col-100 elementor-top-column elementor-element elementor-element-9566396 ae-bg-gallery-type-default\" data-id=\"9566396\" data-element_type=\"column\">\n\t\t\t<div class=\"elementor-column-wrap elementor-element-populated\">\n\t\t\t\t\t\t\t<div class=\"elementor-widget-wrap\">\n\t\t\t\t\t\t<div class=\"elementor-element elementor-element-778131f elementor-widget elementor-widget-button\" data-id=\"778131f\" data-element_type=\"widget\" data-widget_type=\"button.default\">\n\t\t\t\t<div class=\"elementor-widget-container\">\n\t\t\t\t\t<div class=\"elementor-button-wrapper\">\n\t\t\t<a href=\"https:\/\/www.apan.gob.mx\/descargables\/transparencia\/articulo69\/fraccionULT\/2025_1\/transparencia\/a69_UP.xlsx\" target=\"_blank\" class=\"elementor-button-link elementor-button elementor-size-sm\" role=\"button\">\n\t\t\t\t\t\t<span class=\"elementor-button-content-wrapper\">\n\t\t\t\t\t\t<span class=\"elementor-button-text\">Descargar archivo<\/span>\n\t\t<\/span>\n\t\t\t\t\t<\/a>\n\t\t<\/div>\n\t\t\t\t<\/div>\n\t\t\t\t<\/div>\n\t\t\t\t<div class=\"elementor-element elementor-element-d7787e6 elementor-widget elementor-widget-heading\" data-id=\"d7787e6\" data-element_type=\"widget\" data-widget_type=\"heading.default\">\n\t\t\t\t<div class=\"elementor-widget-container\">\n\t\t\t<h2 class=\"elementor-heading-title elementor-size-medium\"><a href=\"http:\/\/http\">\u00daltimo p\u00e1rrafo del art\u00edculo 69<\/a><\/h2>\t\t<\/div>\n\t\t\t\t<\/div>\n\t\t\t\t<div class=\"elementor-element elementor-element-c8d846d elementor-widget elementor-widget-html\" data-id=\"c8d846d\" data-element_type=\"widget\" data-widget_type=\"html.default\">\n\t\t\t\t<div class=\"elementor-widget-container\">\n\t\t\t<html xmlns:o=\"urn:schemas-microsoft-com:office:office\"\r\nxmlns:x=\"urn:schemas-microsoft-com:office:excel\"\r\nxmlns=\"http:\/\/www.w3.org\/TR\/REC-html40\">\r\n\r\n<head>\r\n<meta http-equiv=Content-Type content=\"text\/html; charset=windows-1252\">\r\n<meta name=ProgId content=Excel.Sheet>\r\n<meta name=Generator content=\"Microsoft Excel 15\">\r\n<link rel=File-List href=\"a69_UP_archivos\/filelist.xml\">\r\n<style id=\"a69_UP_23802_Styles\">\r\n<!--table\r\n\t{mso-displayed-decimal-separator:\"\\.\";\r\n\tmso-displayed-thousand-separator:\"\\,\";}\r\n.xl1523802\r\n\t{padding-top:1px;\r\n\tpadding-right:1px;\r\n\tpadding-left:1px;\r\n\tmso-ignore:padding;\r\n\tcolor:black;\r\n\tfont-size:11.0pt;\r\n\tfont-weight:400;\r\n\tfont-style:normal;\r\n\ttext-decoration:none;\r\n\tfont-family:Calibri, sans-serif;\r\n\tmso-font-charset:0;\r\n\tmso-number-format:General;\r\n\ttext-align:general;\r\n\tvertical-align:bottom;\r\n\tmso-background-source:auto;\r\n\tmso-pattern:auto;\r\n\twhite-space:nowrap;}\r\n.xl6523802\r\n\t{padding-top:1px;\r\n\tpadding-right:1px;\r\n\tpadding-left:1px;\r\n\tmso-ignore:padding;\r\n\tcolor:black;\r\n\tfont-size:10.0pt;\r\n\tfont-weight:400;\r\n\tfont-style:normal;\r\n\ttext-decoration:none;\r\n\tfont-family:Arial;\r\n\tmso-generic-font-family:auto;\r\n\tmso-font-charset:0;\r\n\tmso-number-format:General;\r\n\ttext-align:center;\r\n\tvertical-align:bottom;\r\n\tborder:.5pt solid windowtext;\r\n\tbackground:#E1E1E1;\r\n\tmso-pattern:black none;\r\n\twhite-space:normal;}\r\n.xl6623802\r\n\t{padding-top:1px;\r\n\tpadding-right:1px;\r\n\tpadding-left:1px;\r\n\tmso-ignore:padding;\r\n\tcolor:black;\r\n\tfont-size:11.0pt;\r\n\tfont-weight:400;\r\n\tfont-style:normal;\r\n\ttext-decoration:none;\r\n\tfont-family:Calibri, sans-serif;\r\n\tmso-font-charset:0;\r\n\tmso-number-format:General;\r\n\ttext-align:general;\r\n\tvertical-align:bottom;\r\n\tborder:.5pt solid windowtext;\r\n\tmso-background-source:auto;\r\n\tmso-pattern:auto;\r\n\twhite-space:nowrap;}\r\n.xl6723802\r\n\t{padding-top:1px;\r\n\tpadding-right:1px;\r\n\tpadding-left:1px;\r\n\tmso-ignore:padding;\r\n\tcolor:black;\r\n\tfont-size:11.0pt;\r\n\tfont-weight:400;\r\n\tfont-style:normal;\r\n\ttext-decoration:none;\r\n\tfont-family:Calibri, sans-serif;\r\n\tmso-font-charset:0;\r\n\tmso-number-format:\"Short Date\";\r\n\ttext-align:general;\r\n\tvertical-align:bottom;\r\n\tborder:.5pt solid windowtext;\r\n\tmso-background-source:auto;\r\n\tmso-pattern:auto;\r\n\twhite-space:nowrap;}\r\n.xl6823802\r\n\t{padding-top:1px;\r\n\tpadding-right:1px;\r\n\tpadding-left:1px;\r\n\tmso-ignore:padding;\r\n\tcolor:#0563C1;\r\n\tfont-size:11.0pt;\r\n\tfont-weight:400;\r\n\tfont-style:normal;\r\n\ttext-decoration:underline;\r\n\ttext-underline-style:single;\r\n\tfont-family:Calibri, sans-serif;\r\n\tmso-font-charset:0;\r\n\tmso-number-format:General;\r\n\ttext-align:general;\r\n\tvertical-align:bottom;\r\n\tborder:.5pt solid windowtext;\r\n\tmso-background-source:auto;\r\n\tmso-pattern:auto;\r\n\twhite-space:nowrap;}\r\n.xl6923802\r\n\t{padding-top:1px;\r\n\tpadding-right:1px;\r\n\tpadding-left:1px;\r\n\tmso-ignore:padding;\r\n\tcolor:white;\r\n\tfont-size:11.0pt;\r\n\tfont-weight:700;\r\n\tfont-style:normal;\r\n\ttext-decoration:none;\r\n\tfont-family:Arial;\r\n\tmso-generic-font-family:auto;\r\n\tmso-font-charset:0;\r\n\tmso-number-format:General;\r\n\ttext-align:center;\r\n\tvertical-align:bottom;\r\n\tborder:.5pt solid windowtext;\r\n\tbackground:#333333;\r\n\tmso-pattern:black none;\r\n\twhite-space:nowrap;}\r\n.xl7023802\r\n\t{padding-top:1px;\r\n\tpadding-right:1px;\r\n\tpadding-left:1px;\r\n\tmso-ignore:padding;\r\n\tcolor:black;\r\n\tfont-size:10.0pt;\r\n\tfont-weight:400;\r\n\tfont-style:normal;\r\n\ttext-decoration:none;\r\n\tfont-family:Arial;\r\n\tmso-generic-font-family:auto;\r\n\tmso-font-charset:0;\r\n\tmso-number-format:General;\r\n\ttext-align:general;\r\n\tvertical-align:bottom;\r\n\tborder:.5pt solid windowtext;\r\n\tbackground:#E1E1E1;\r\n\tmso-pattern:black none;\r\n\twhite-space:nowrap;}\r\n-->\r\n<\/style>\r\n<\/head>\r\n\r\n<body>\r\n<!--[if !excel]>&nbsp;&nbsp;<![endif]-->\r\n<!--La siguiente informaci n se gener  mediante el Asistente para publicar como\r\np gina web de Microsoft Excel.-->\r\n<!--Si se vuelve a publicar el mismo elemento desde Excel, se reemplazar  toda\r\nla informaci n comprendida entre las etiquetas DIV.-->\r\n<!----------------------------->\r\n<!--INICIO DE LOS RESULTADOS DEL ASISTENTE PARA PUBLICAR COMO P GINA WEB DE\r\nEXCEL -->\r\n<!----------------------------->\r\n\r\n<div id=\"a69_UP_23802\" align=center x:publishsource=\"Excel\">\r\n\r\n<table border=0 cellpadding=0 cellspacing=0 width=2905 style='border-collapse:\r\n collapse;table-layout:fixed;width:2179pt'>\r\n <col width=56 style='mso-width-source:userset;mso-width-alt:2048;width:42pt'>\r\n <col width=255 style='mso-width-source:userset;mso-width-alt:9325;width:191pt'>\r\n <col width=270 style='mso-width-source:userset;mso-width-alt:9874;width:203pt'>\r\n <col width=783 style='mso-width-source:userset;mso-width-alt:28635;width:587pt'>\r\n <col width=768 style='mso-width-source:userset;mso-width-alt:28086;width:576pt'>\r\n <col width=512 style='mso-width-source:userset;mso-width-alt:18724;width:384pt'>\r\n <col width=141 style='mso-width-source:userset;mso-width-alt:5156;width:106pt'>\r\n <col width=56 style='mso-width-source:userset;mso-width-alt:2048;width:42pt'>\r\n <col width=64 style='width:48pt'>\r\n <tr height=0 style='display:none'>\r\n  <td class=xl1523802 width=56 style='width:42pt'>54087<\/td>\r\n  <td class=xl1523802 width=255 style='width:191pt'><\/td>\r\n  <td class=xl1523802 width=270 style='width:203pt'><\/td>\r\n  <td class=xl1523802 width=783 style='width:587pt'><\/td>\r\n  <td class=xl1523802 width=768 style='width:576pt'><\/td>\r\n  <td class=xl1523802 width=512 style='width:384pt'><\/td>\r\n  <td class=xl1523802 width=141 style='width:106pt'><\/td>\r\n  <td class=xl1523802 width=56 style='width:42pt'><\/td>\r\n  <td class=xl1523802 width=64 style='width:48pt'><\/td>\r\n <\/tr>\r\n <tr height=20 style='height:15.0pt'>\r\n  <td colspan=3 height=20 class=xl6923802 style='height:15.0pt'>T TULO<\/td>\r\n  <td colspan=3 class=xl6923802>NOMBRE CORTO<\/td>\r\n  <td colspan=3 class=xl6923802>DESCRIPCI N<\/td>\r\n <\/tr>\r\n <tr height=20 style='height:15.0pt'>\r\n  <td colspan=3 height=20 class=xl7023802 style='height:15.0pt'>Tablas de\r\n  aplicabilidad y de actualizaci n de las obligaciones de transparencia<\/td>\r\n  <td colspan=3 class=xl7023802>a69_UP<\/td>\r\n  <td colspan=3 class=xl7023802>Los sujetos obligados deber n informar a los\r\n  organismos garantes y verificar que se publiquen en la Plataforma Nacional,\r\n  cu les son los rubros que son aplicables a sus p ginas de Internet, con el\r\n  objeto de que  stos verifiquen y aprueben, de forma fundada y motivada, la\r\n  relaci n de fracciones aplicables a cada sujeto obligado.<\/td>\r\n <\/tr>\r\n <tr height=0 style='display:none'>\r\n  <td class=xl1523802>1<\/td>\r\n  <td class=xl1523802>4<\/td>\r\n  <td class=xl1523802>4<\/td>\r\n  <td class=xl1523802>7<\/td>\r\n  <td class=xl1523802>7<\/td>\r\n  <td class=xl1523802>2<\/td>\r\n  <td class=xl1523802>13<\/td>\r\n  <td class=xl1523802>14<\/td>\r\n  <td class=xl1523802><\/td>\r\n <\/tr>\r\n <tr height=0 style='display:none'>\r\n  <td class=xl1523802>524998<\/td>\r\n  <td class=xl1523802>525005<\/td>\r\n  <td class=xl1523802>525006<\/td>\r\n  <td class=xl1523802>525000<\/td>\r\n  <td class=xl1523802>525001<\/td>\r\n  <td class=xl1523802>525003<\/td>\r\n  <td class=xl1523802>525002<\/td>\r\n  <td class=xl1523802>525004<\/td>\r\n  <td class=xl1523802><\/td>\r\n <\/tr>\r\n <tr height=20 style='height:15.0pt'>\r\n  <td colspan=8 height=20 class=xl6923802 style='height:15.0pt'>Tabla Campos<\/td>\r\n  <td class=xl1523802><\/td>\r\n <\/tr>\r\n <tr height=35 style='height:26.25pt'>\r\n  <td height=35 class=xl6523802 width=56 style='height:26.25pt;width:42pt'>Ejercicio<\/td>\r\n  <td class=xl6523802 width=255 style='border-left:none;width:191pt'>Fecha de\r\n  inicio del periodo que se informa<\/td>\r\n  <td class=xl6523802 width=270 style='border-left:none;width:203pt'>Fecha de\r\n  t rmino del periodo que se informa<\/td>\r\n  <td class=xl6523802 width=783 style='border-left:none;width:587pt'>Hiperv nculo\r\n  a la Tabla de Aplicabilidad de las Obligaciones de Transparencia Comunes y\r\n  Espec ficas<\/td>\r\n  <td class=xl6523802 width=768 style='border-left:none;width:576pt'>Hiperv nculo\r\n  a Tabla de actualizaci n y conservaci n<\/td>\r\n  <td class=xl6523802 width=512 style='border-left:none;width:384pt'> rea(s)\r\n  responsable(s) que genera(n), posee(n), publica(n) y actualizan la\r\n  informaci n<\/td>\r\n  <td class=xl6523802 width=141 style='border-left:none;width:106pt'>Fecha de\r\n  Actualizaci n<\/td>\r\n  <td class=xl6523802 width=56 style='border-left:none;width:42pt'>Nota<\/td>\r\n  <td class=xl1523802><\/td>\r\n <\/tr>\r\n <tr height=20 style='height:15.0pt'>\r\n  <td height=20 class=xl6623802 align=right style='height:15.0pt;border-top:\r\n  none'>2025<\/td>\r\n  <td class=xl6723802 align=right style='border-top:none;border-left:none'>01\/01\/2025<\/td>\r\n  <td class=xl6723802 align=right style='border-top:none;border-left:none'>31\/12\/2025<\/td>\r\n  <td class=xl6823802 style='border-top:none;border-left:none'><a\r\n  href=\"https:\/\/www.apan.gob.mx\/descargables\/transparencia\/articulo69\/fraccionULT\/2025_1\/transparencia\/FraULTa1_1.pdf\">https:\/\/www.apan.gob.mx\/descargables\/transparencia\/articulo69\/fraccionULT\/2025_1\/transparencia\/FraULTa1_1.pdf<\/a><\/td>\r\n  <td class=xl6823802 style='border-top:none;border-left:none'><a\r\n  href=\"https:\/\/www.apan.gob.mx\/descargables\/transparencia\/articulo69\/fraccionULT\/2025_1\/transparencia\/FraULTa2_1.pdf\">https:\/\/www.apan.gob.mx\/descargables\/transparencia\/articulo69\/fraccionULT\/2025_1\/transparencia\/FraULTa2_1.pdf<\/a><\/td>\r\n  <td class=xl6623802 style='border-top:none;border-left:none'>Unidad de\r\n  Transaprencia<\/td>\r\n  <td class=xl6723802 align=right style='border-top:none;border-left:none'>02\/04\/2025<\/td>\r\n  <td class=xl6623802 style='border-top:none;border-left:none'>&nbsp;<\/td>\r\n  <td class=xl1523802><\/td>\r\n <\/tr>\r\n <![if supportMisalignedColumns]>\r\n <tr height=0 style='display:none'>\r\n  <td width=56 style='width:42pt'><\/td>\r\n  <td width=255 style='width:191pt'><\/td>\r\n  <td width=270 style='width:203pt'><\/td>\r\n  <td width=783 style='width:587pt'><\/td>\r\n  <td width=768 style='width:576pt'><\/td>\r\n  <td width=512 style='width:384pt'><\/td>\r\n  <td width=141 style='width:106pt'><\/td>\r\n  <td width=56 style='width:42pt'><\/td>\r\n  <td width=64 style='width:48pt'><\/td>\r\n <\/tr>\r\n <![endif]>\r\n<\/table>\r\n\r\n<\/div>\r\n\r\n\r\n<!----------------------------->\r\n<!--FINAL DE LOS RESULTADOS DEL ASISTENTE PARA PUBLICAR COMO P GINA WEB DE\r\nEXCEL-->\r\n<!----------------------------->\r\n<\/body>\r\n\r\n<\/html>\r\n\t\t<\/div>\n\t\t\t\t<\/div>\n\t\t\t\t\t\t<\/div>\n\t\t\t\t\t<\/div>\n\t\t<\/div>\n\t\t\t\t\t\t\t\t<\/div>\n\t\t\t\t\t<\/div>\n\t\t<\/section>\n\t\t\t\t\t\t\t\t\t<\/div>\n\t\t\t<\/div>\n\t\t\t\t\t<\/div>\n\t\t","protected":false},"excerpt":{"rendered":"<p>Descargar archivo \u00daltimo p\u00e1rrafo del art\u00edculo 69 54087 T TULO NOMBRE CORTO DESCRIPCI N Tablas de aplicabilidad y de actualizaci n de las obligaciones de transparencia a69_UP Los sujetos obligados deber n informar a los organismos garantes y verificar que se publiquen en la Plataforma Nacional, cu les son los rubros que son aplicables a [&hellip;]<\/p>\n","protected":false},"author":1,"featured_media":0,"parent":27097,"menu_order":0,"comment_status":"closed","ping_status":"closed","template":"","meta":[],"jetpack_sharing_enabled":true,"_links":{"self":[{"href":"https:\/\/apan.gob.mx\/portal\/wp-json\/wp\/v2\/pages\/27168"}],"collection":[{"href":"https:\/\/apan.gob.mx\/portal\/wp-json\/wp\/v2\/pages"}],"about":[{"href":"https:\/\/apan.gob.mx\/portal\/wp-json\/wp\/v2\/types\/page"}],"author":[{"embeddable":true,"href":"https:\/\/apan.gob.mx\/portal\/wp-json\/wp\/v2\/users\/1"}],"replies":[{"embeddable":true,"href":"https:\/\/apan.gob.mx\/portal\/wp-json\/wp\/v2\/comments?post=27168"}],"version-history":[{"count":7,"href":"https:\/\/apan.gob.mx\/portal\/wp-json\/wp\/v2\/pages\/27168\/revisions"}],"predecessor-version":[{"id":27178,"href":"https:\/\/apan.gob.mx\/portal\/wp-json\/wp\/v2\/pages\/27168\/revisions\/27178"}],"up":[{"embeddable":true,"href":"https:\/\/apan.gob.mx\/portal\/wp-json\/wp\/v2\/pages\/27097"}],"wp:attachment":[{"href":"https:\/\/apan.gob.mx\/portal\/wp-json\/wp\/v2\/media?parent=27168"}],"curies":[{"name":"wp","href":"https:\/\/api.w.org\/{rel}","templated":true}]}}