{"id":2726,"date":"2018-07-30T23:28:17","date_gmt":"2018-07-30T23:28:17","guid":{"rendered":"https:\/\/apan.gob.mx\/portal\/?page_id=2726"},"modified":"2019-01-23T00:33:42","modified_gmt":"2019-01-23T00:33:42","slug":"sm_20_2018_2","status":"publish","type":"page","link":"https:\/\/apan.gob.mx\/portal\/sm_20_2018_2\/","title":{"rendered":"<!--sm_20_2018_2-->"},"content":{"rendered":"\t\t<div data-elementor-type=\"wp-page\" data-elementor-id=\"2726\" class=\"elementor elementor-2726 elementor-bc-flex-widget\">\n\t\t\t\t\t\t<section class=\"has_ae_slider elementor-section elementor-top-section elementor-element elementor-element-hyonntg elementor-section-boxed elementor-section-height-default elementor-section-height-default ae-bg-gallery-type-default\" data-id=\"hyonntg\" data-element_type=\"section\" data-e-type=\"section\">\n\t\t\t\t\t\t<div class=\"elementor-container elementor-column-gap-default\">\n\t\t\t\t\t<div class=\"has_ae_slider elementor-column elementor-col-100 elementor-top-column elementor-element elementor-element-cnlizmt ae-bg-gallery-type-default\" data-id=\"cnlizmt\" data-element_type=\"column\" data-e-type=\"column\">\n\t\t\t<div class=\"elementor-widget-wrap elementor-element-populated\">\n\t\t\t\t\t\t<div class=\"elementor-element elementor-element-vxwqivz elementor-widget elementor-widget-heading\" data-id=\"vxwqivz\" data-element_type=\"widget\" data-e-type=\"widget\" data-widget_type=\"heading.default\">\n\t\t\t\t<div class=\"elementor-widget-container\">\n\t\t\t\t\t<h2 class=\"elementor-heading-title elementor-size-medium\">Fracci\u00f3n XX<\/h2>\t\t\t\t<\/div>\n\t\t\t\t<\/div>\n\t\t\t\t<div class=\"elementor-element elementor-element-wo41m2o elementor-widget elementor-widget-html\" data-id=\"wo41m2o\" data-element_type=\"widget\" data-e-type=\"widget\" data-widget_type=\"html.default\">\n\t\t\t\t<div class=\"elementor-widget-container\">\n\t\t\t\t\t<style id=\"FRACCXX_6631_Styles\">\r\n<!--table\r\n\t{mso-displayed-decimal-separator:\"\\.\";\r\n\tmso-displayed-thousand-separator:\"\\,\";}\r\n.xl156631\r\n\t{padding-top:1px;\r\n\tpadding-right:1px;\r\n\tpadding-left:1px;\r\n\tmso-ignore:padding;\r\n\tcolor:black;\r\n\tfont-size:11.0pt;\r\n\tfont-weight:400;\r\n\tfont-style:normal;\r\n\ttext-decoration:none;\r\n\tfont-family:Calibri, sans-serif;\r\n\tmso-font-charset:0;\r\n\tmso-number-format:General;\r\n\ttext-align:general;\r\n\tvertical-align:bottom;\r\n\tmso-background-source:auto;\r\n\tmso-pattern:auto;\r\n\twhite-space:nowrap;}\r\n.xl656631\r\n\t{padding-top:1px;\r\n\tpadding-right:1px;\r\n\tpadding-left:1px;\r\n\tmso-ignore:padding;\r\n\tcolor:black;\r\n\tfont-size:10.0pt;\r\n\tfont-weight:400;\r\n\tfont-style:normal;\r\n\ttext-decoration:none;\r\n\tfont-family:Arial;\r\n\tmso-generic-font-family:auto;\r\n\tmso-font-charset:0;\r\n\tmso-number-format:General;\r\n\ttext-align:center;\r\n\tvertical-align:bottom;\r\n\tborder:.5pt solid windowtext;\r\n\tbackground:#E1E1E1;\r\n\tmso-pattern:black none;\r\n\twhite-space:normal;}\r\n.xl666631\r\n\t{padding-top:1px;\r\n\tpadding-right:1px;\r\n\tpadding-left:1px;\r\n\tmso-ignore:padding;\r\n\tcolor:white;\r\n\tfont-size:11.0pt;\r\n\tfont-weight:700;\r\n\tfont-style:normal;\r\n\ttext-decoration:none;\r\n\tfont-family:Arial;\r\n\tmso-generic-font-family:auto;\r\n\tmso-font-charset:0;\r\n\tmso-number-format:General;\r\n\ttext-align:center;\r\n\tvertical-align:bottom;\r\n\tborder:.5pt solid windowtext;\r\n\tbackground:#333333;\r\n\tmso-pattern:black none;\r\n\twhite-space:normal;}\r\n.xl676631\r\n\t{padding-top:1px;\r\n\tpadding-right:1px;\r\n\tpadding-left:1px;\r\n\tmso-ignore:padding;\r\n\tcolor:black;\r\n\tfont-size:10.0pt;\r\n\tfont-weight:400;\r\n\tfont-style:normal;\r\n\ttext-decoration:none;\r\n\tfont-family:Arial;\r\n\tmso-generic-font-family:auto;\r\n\tmso-font-charset:0;\r\n\tmso-number-format:General;\r\n\ttext-align:general;\r\n\tvertical-align:bottom;\r\n\tborder:.5pt solid windowtext;\r\n\tbackground:#E1E1E1;\r\n\tmso-pattern:black none;\r\n\twhite-space:nowrap;}\r\n.xl686631\r\n\t{padding-top:1px;\r\n\tpadding-right:1px;\r\n\tpadding-left:1px;\r\n\tmso-ignore:padding;\r\n\tcolor:black;\r\n\tfont-size:10.0pt;\r\n\tfont-weight:400;\r\n\tfont-style:normal;\r\n\ttext-decoration:none;\r\n\tfont-family:Arial;\r\n\tmso-generic-font-family:auto;\r\n\tmso-font-charset:0;\r\n\tmso-number-format:General;\r\n\ttext-align:general;\r\n\tvertical-align:bottom;\r\n\tborder:.5pt solid windowtext;\r\n\tbackground:#E1E1E1;\r\n\tmso-pattern:black none;\r\n\twhite-space:normal;}\r\n.xl696631\r\n\t{padding-top:1px;\r\n\tpadding-right:1px;\r\n\tpadding-left:1px;\r\n\tmso-ignore:padding;\r\n\tcolor:black;\r\n\tfont-size:11.0pt;\r\n\tfont-weight:400;\r\n\tfont-style:normal;\r\n\ttext-decoration:none;\r\n\tfont-family:Calibri, sans-serif;\r\n\tmso-font-charset:0;\r\n\tmso-number-format:General;\r\n\ttext-align:general;\r\n\tvertical-align:bottom;\r\n\tmso-background-source:auto;\r\n\tmso-pattern:auto;\r\n\twhite-space:normal;}\r\n.xl706631\r\n\t{padding-top:1px;\r\n\tpadding-right:1px;\r\n\tpadding-left:1px;\r\n\tmso-ignore:padding;\r\n\tcolor:black;\r\n\tfont-size:11.0pt;\r\n\tfont-weight:400;\r\n\tfont-style:normal;\r\n\ttext-decoration:none;\r\n\tfont-family:Calibri, sans-serif;\r\n\tmso-font-charset:0;\r\n\tmso-number-format:General;\r\n\ttext-align:general;\r\n\tvertical-align:bottom;\r\n\tborder:.5pt solid windowtext;\r\n\tbackground:white;\r\n\tmso-pattern:black none;\r\n\twhite-space:nowrap;}\r\n.xl716631\r\n\t{padding-top:1px;\r\n\tpadding-right:1px;\r\n\tpadding-left:1px;\r\n\tmso-ignore:padding;\r\n\tcolor:black;\r\n\tfont-size:11.0pt;\r\n\tfont-weight:400;\r\n\tfont-style:normal;\r\n\ttext-decoration:none;\r\n\tfont-family:Calibri, sans-serif;\r\n\tmso-font-charset:0;\r\n\tmso-number-format:\"Short Date\";\r\n\ttext-align:general;\r\n\tvertical-align:bottom;\r\n\tborder:.5pt solid windowtext;\r\n\tbackground:white;\r\n\tmso-pattern:black none;\r\n\twhite-space:nowrap;}\r\n.xl726631\r\n\t{padding-top:1px;\r\n\tpadding-right:1px;\r\n\tpadding-left:1px;\r\n\tmso-ignore:padding;\r\n\tcolor:blue;\r\n\tfont-size:11.0pt;\r\n\tfont-weight:400;\r\n\tfont-style:normal;\r\n\ttext-decoration:underline;\r\n\ttext-underline-style:single;\r\n\tfont-family:Calibri, sans-serif;\r\n\tmso-font-charset:0;\r\n\tmso-number-format:General;\r\n\ttext-align:general;\r\n\tvertical-align:bottom;\r\n\tborder:.5pt solid windowtext;\r\n\tbackground:white;\r\n\tmso-pattern:black none;\r\n\twhite-space:nowrap;}\r\n-->\r\n<\/style>\r\n<\/head>\r\n\r\n<body>\r\n<!--[if !excel]>&nbsp;&nbsp;<![endif]-->\r\n<!--La siguiente informaci\u00f3n se gener\u00f3 mediante el Asistente para publicar como\r\np\u00e1gina web de Microsoft Excel.-->\r\n<!--Si se vuelve a publicar el mismo elemento desde Excel, se reemplazar\u00e1 toda\r\nla informaci\u00f3n comprendida entre las etiquetas DIV.-->\r\n<!----------------------------->\r\n<!--INICIO DE LOS RESULTADOS DEL ASISTENTE PARA PUBLICAR COMO P\u00c1GINA WEB DE\r\nEXCEL -->\r\n<!----------------------------->\r\n\r\n<div id=\"FRACCXX_6631\" align=center x:publishsource=\"Excel\">\r\n\r\n<table border=0 cellpadding=0 cellspacing=0 width=8990 style='border-collapse:\r\n collapse;table-layout:fixed;width:6745pt'>\r\n <col width=95 style='mso-width-source:userset;mso-width-alt:3474;width:71pt'>\r\n <col width=294 style='mso-width-source:userset;mso-width-alt:10752;width:221pt'>\r\n <col width=315 style='mso-width-source:userset;mso-width-alt:11520;width:236pt'>\r\n <col width=197 style='mso-width-source:userset;mso-width-alt:7204;width:148pt'>\r\n <col width=258 style='mso-width-source:userset;mso-width-alt:9435;width:194pt'>\r\n <col width=264 style='mso-width-source:userset;mso-width-alt:9654;width:198pt'>\r\n <col width=184 style='mso-width-source:userset;mso-width-alt:6729;width:138pt'>\r\n <col width=713 style='mso-width-source:userset;mso-width-alt:26075;width:535pt'>\r\n <col width=196 style='mso-width-source:userset;mso-width-alt:7168;width:147pt'>\r\n <col width=727 style='mso-width-source:userset;mso-width-alt:26587;width:545pt'>\r\n <col width=331 style='mso-width-source:userset;mso-width-alt:12105;width:248pt'>\r\n <col width=267 style='mso-width-source:userset;mso-width-alt:9764;width:200pt'>\r\n <col width=397 style='mso-width-source:userset;mso-width-alt:14518;width:298pt'>\r\n <col width=303 style='mso-width-source:userset;mso-width-alt:11081;width:227pt'>\r\n <col width=213 style='mso-width-source:userset;mso-width-alt:7789;width:160pt'>\r\n <col width=334 style='mso-width-source:userset;mso-width-alt:12214;width:251pt'>\r\n <col width=321 style='mso-width-source:userset;mso-width-alt:11739;width:241pt'>\r\n <col width=163 style='mso-width-source:userset;mso-width-alt:5961;width:122pt'>\r\n <col width=322 style='mso-width-source:userset;mso-width-alt:11776;width:242pt'>\r\n <col width=478 style='mso-width-source:userset;mso-width-alt:17481;width:359pt'>\r\n <col width=703 style='mso-width-source:userset;mso-width-alt:25709;width:527pt'>\r\n <col width=607 style='mso-width-source:userset;mso-width-alt:22198;width:455pt'>\r\n <col width=512 style='mso-width-source:userset;mso-width-alt:18724;width:384pt'>\r\n <col width=161 style='mso-width-source:userset;mso-width-alt:5888;width:121pt'>\r\n <col width=189 style='mso-width-source:userset;mso-width-alt:6912;width:142pt'>\r\n <col width=446 style='mso-width-source:userset;mso-width-alt:16310;width:335pt'>\r\n <tr height=0 style='display:none'>\r\n  <td class=xl156631 width=95 style='width:71pt'>44251<\/td>\r\n  <td class=xl156631 width=294 style='width:221pt'><\/td>\r\n  <td class=xl156631 width=315 style='width:236pt'><\/td>\r\n  <td class=xl156631 width=197 style='width:148pt'><\/td>\r\n  <td class=xl156631 width=258 style='width:194pt'><\/td>\r\n  <td class=xl156631 width=264 style='width:198pt'><\/td>\r\n  <td class=xl156631 width=184 style='width:138pt'><\/td>\r\n  <td class=xl156631 width=713 style='width:535pt'><\/td>\r\n  <td class=xl156631 width=196 style='width:147pt'><\/td>\r\n  <td class=xl156631 width=727 style='width:545pt'><\/td>\r\n  <td class=xl156631 width=331 style='width:248pt'><\/td>\r\n  <td class=xl156631 width=267 style='width:200pt'><\/td>\r\n  <td class=xl156631 width=397 style='width:298pt'><\/td>\r\n  <td class=xl156631 width=303 style='width:227pt'><\/td>\r\n  <td class=xl156631 width=213 style='width:160pt'><\/td>\r\n  <td class=xl156631 width=334 style='width:251pt'><\/td>\r\n  <td class=xl156631 width=321 style='width:241pt'><\/td>\r\n  <td class=xl156631 width=163 style='width:122pt'><\/td>\r\n  <td class=xl156631 width=322 style='width:242pt'><\/td>\r\n  <td class=xl156631 width=478 style='width:359pt'><\/td>\r\n  <td class=xl156631 width=703 style='width:527pt'><\/td>\r\n  <td class=xl156631 width=607 style='width:455pt'><\/td>\r\n  <td class=xl156631 width=512 style='width:384pt'><\/td>\r\n  <td class=xl156631 width=161 style='width:121pt'><\/td>\r\n  <td class=xl156631 width=189 style='width:142pt'><\/td>\r\n  <td class=xl156631 width=446 style='width:335pt'><\/td>\r\n <\/tr>\r\n <tr height=20 style='height:15.0pt'>\r\n  <td colspan=3 height=20 class=xl666631 width=704 style='height:15.0pt;\r\n  width:528pt'>T\u00cdTULO<\/td>\r\n  <td colspan=3 class=xl666631 width=719 style='width:540pt'>NOMBRE CORTO<\/td>\r\n  <td colspan=3 class=xl666631 width=1093 style='width:820pt'>DESCRIPCI\u00d3N<\/td>\r\n  <td class=xl156631><\/td>\r\n  <td class=xl156631><\/td>\r\n  <td class=xl156631><\/td>\r\n  <td class=xl156631><\/td>\r\n  <td class=xl156631><\/td>\r\n  <td class=xl156631><\/td>\r\n  <td class=xl156631><\/td>\r\n  <td class=xl156631><\/td>\r\n  <td class=xl156631><\/td>\r\n  <td class=xl156631><\/td>\r\n  <td class=xl156631><\/td>\r\n  <td class=xl156631><\/td>\r\n  <td class=xl156631><\/td>\r\n  <td class=xl156631><\/td>\r\n  <td class=xl156631><\/td>\r\n  <td class=xl156631><\/td>\r\n  <td class=xl156631><\/td>\r\n <\/tr>\r\n <tr height=67 style='mso-height-source:userset;height:50.25pt'>\r\n  <td colspan=3 height=67 class=xl676631 style='height:50.25pt'>Tr\u00e1mites\r\n  ofrecidos<\/td>\r\n  <td colspan=3 class=xl676631>a69_f20<\/td>\r\n  <td colspan=3 class=xl686631 width=1093 style='width:820pt'>La informaci\u00f3n\r\n  relacionada con las tareas administrativas que realizan los sujetos obligados\r\n  en sus diferentes \u00e1mbitos con el objeto de atender las peticiones que\r\n  realicen los particulares ya sea para la obtenci\u00f3n de un beneficio, o cumplir\r\n  con alguna obligaci\u00f3n ante una autoridad, de conformidad con la normatividad\r\n  respecto de los tr\u00e1mites que realizan. Generalmente \u00e9stos implican la entrega\r\n  de informaci\u00f3n ante una autoridad por parte de los particulares.<\/td>\r\n  <td class=xl156631><\/td>\r\n  <td class=xl156631><\/td>\r\n  <td class=xl156631><\/td>\r\n  <td class=xl156631><\/td>\r\n  <td class=xl156631><\/td>\r\n  <td class=xl156631><\/td>\r\n  <td class=xl156631><\/td>\r\n  <td class=xl156631><\/td>\r\n  <td class=xl156631><\/td>\r\n  <td class=xl156631><\/td>\r\n  <td class=xl156631><\/td>\r\n  <td class=xl156631><\/td>\r\n  <td class=xl156631><\/td>\r\n  <td class=xl156631><\/td>\r\n  <td class=xl156631><\/td>\r\n  <td class=xl156631><\/td>\r\n  <td class=xl156631><\/td>\r\n <\/tr>\r\n <tr height=0 style='display:none'>\r\n  <td class=xl156631>1<\/td>\r\n  <td class=xl156631>4<\/td>\r\n  <td class=xl156631>4<\/td>\r\n  <td class=xl156631>2<\/td>\r\n  <td class=xl156631>2<\/td>\r\n  <td class=xl156631>2<\/td>\r\n  <td class=xl156631>1<\/td>\r\n  <td class=xl156631>7<\/td>\r\n  <td class=xl156631>2<\/td>\r\n  <td class=xl156631>7<\/td>\r\n  <td class=xl156631>1<\/td>\r\n  <td class=xl156631>1<\/td>\r\n  <td class=xl156631>10<\/td>\r\n  <td class=xl156631>6<\/td>\r\n  <td class=xl156631>2<\/td>\r\n  <td class=xl156631>10<\/td>\r\n  <td class=xl156631>2<\/td>\r\n  <td class=xl156631>2<\/td>\r\n  <td class=xl156631>10<\/td>\r\n  <td class=xl156631>2<\/td>\r\n  <td class=xl156631>7<\/td>\r\n  <td class=xl156631>7<\/td>\r\n  <td class=xl156631>2<\/td>\r\n  <td class=xl156631>4<\/td>\r\n  <td class=xl156631>13<\/td>\r\n  <td class=xl156631>14<\/td>\r\n <\/tr>\r\n <tr height=0 style='display:none'>\r\n  <td class=xl156631>350731<\/td>\r\n  <td class=xl156631>350733<\/td>\r\n  <td class=xl156631>350732<\/td>\r\n  <td class=xl156631>350716<\/td>\r\n  <td class=xl156631>350744<\/td>\r\n  <td class=xl156631>350717<\/td>\r\n  <td class=xl156631>350715<\/td>\r\n  <td class=xl156631>350734<\/td>\r\n  <td class=xl156631>350745<\/td>\r\n  <td class=xl156631>350738<\/td>\r\n  <td class=xl156631>350735<\/td>\r\n  <td class=xl156631>350714<\/td>\r\n  <td class=xl156631>350724<\/td>\r\n  <td class=xl156631>350721<\/td>\r\n  <td class=xl156631>350719<\/td>\r\n  <td class=xl156631>350726<\/td>\r\n  <td class=xl156631>350718<\/td>\r\n  <td class=xl156631>350741<\/td>\r\n  <td class=xl156631>350725<\/td>\r\n  <td class=xl156631>350743<\/td>\r\n  <td class=xl156631>350722<\/td>\r\n  <td class=xl156631>350723<\/td>\r\n  <td class=xl156631>350737<\/td>\r\n  <td class=xl156631>350720<\/td>\r\n  <td class=xl156631>350730<\/td>\r\n  <td class=xl156631>350736<\/td>\r\n <\/tr>\r\n <tr height=20 style='height:15.0pt'>\r\n  <td colspan=26 height=20 class=xl666631 width=8990 style='height:15.0pt;\r\n  width:6745pt'>Tabla Campos<\/td>\r\n <\/tr>\r\n <tr height=35 style='height:26.25pt'>\r\n  <td height=35 class=xl656631 width=95 style='height:26.25pt;width:71pt'>Ejercicio<\/td>\r\n  <td class=xl656631 width=294 style='border-left:none;width:221pt'>Fecha de\r\n  inicio del periodo que se informa<\/td>\r\n  <td class=xl656631 width=315 style='border-left:none;width:236pt'>Fecha de\r\n  t\u00e9rmino del periodo que se informa<\/td>\r\n  <td class=xl656631 width=197 style='border-left:none;width:148pt'>Denominaci\u00f3n\r\n  del tr\u00e1mite<\/td>\r\n  <td class=xl656631 width=258 style='border-left:none;width:194pt'>Tipo de\r\n  usuario y\/o poblaci\u00f3n objetivo<\/td>\r\n  <td class=xl656631 width=264 style='border-left:none;width:198pt'>Descripci\u00f3n\r\n  del objetivo del tr\u00e1mite<\/td>\r\n  <td class=xl656631 width=184 style='border-left:none;width:138pt'>Modalidad\r\n  del tr\u00e1mite<\/td>\r\n  <td class=xl656631 width=713 style='border-left:none;width:535pt'>Hiperv\u00ednculo\r\n  a los requisitos para llevar a cabo el tr\u00e1mite<\/td>\r\n  <td class=xl656631 width=196 style='border-left:none;width:147pt'>Documentos\r\n  requeridos<\/td>\r\n  <td class=xl656631 width=727 style='border-left:none;width:545pt'>Hiperv\u00ednculo\r\n  al\/los formatos respectivos<\/td>\r\n  <td class=xl656631 width=331 style='border-left:none;width:248pt'>Tiempo de\r\n  respuesta por parte del sujeto Obligado<\/td>\r\n  <td class=xl656631 width=267 style='border-left:none;width:200pt'>Vigencia de\r\n  los resultados del tr\u00e1mite<\/td>\r\n  <td class=xl656631 width=397 style='border-left:none;width:298pt'>\u00c1rea y\r\n  datos de contacto del lugar donde se realiza el tr\u00e1mite <br>\r\n    Tabla_350724<\/td>\r\n  <td class=xl656631 width=303 style='border-left:none;width:227pt'>Costo, en\r\n  su caso, especificar que es gratuito<\/td>\r\n  <td class=xl656631 width=213 style='border-left:none;width:160pt'>Sustento\r\n  legal para su cobro<\/td>\r\n  <td class=xl656631 width=334 style='border-left:none;width:251pt'>Lugares\r\n  donde se efect\u00faa el pago <br>\r\n    Tabla_350726<\/td>\r\n  <td class=xl656631 width=321 style='border-left:none;width:241pt'>Fundamento\r\n  jur\u00eddico-administrativo del tr\u00e1mite<\/td>\r\n  <td class=xl656631 width=163 style='border-left:none;width:122pt'>Derechos\r\n  del usuario<\/td>\r\n  <td class=xl656631 width=322 style='border-left:none;width:242pt'>Lugares\r\n  para reportar presuntas anomal\u00edas <br>\r\n    Tabla_350725<\/td>\r\n  <td class=xl656631 width=478 style='border-left:none;width:359pt'>Otros\r\n  datos, en su caso, para el env\u00edo de consultas, documentos y quejas<\/td>\r\n  <td class=xl656631 width=703 style='border-left:none;width:527pt'>Hiperv\u00ednculo\r\n  informaci\u00f3n adicional del tr\u00e1mite<\/td>\r\n  <td class=xl656631 width=607 style='border-left:none;width:455pt'>Hiperv\u00ednculo\r\n  al sistema correspondiente<\/td>\r\n  <td class=xl656631 width=512 style='border-left:none;width:384pt'>\u00c1rea(s)\r\n  responsable(s) que genera(n), posee(n), publica(n) y actualizan la\r\n  informaci\u00f3n<\/td>\r\n  <td class=xl656631 width=161 style='border-left:none;width:121pt'>Fecha de\r\n  validaci\u00f3n<\/td>\r\n  <td class=xl656631 width=189 style='border-left:none;width:142pt'>Fecha de\r\n  actualizaci\u00f3n<\/td>\r\n  <td class=xl656631 width=446 style='border-left:none;width:335pt'>Nota<\/td>\r\n <\/tr>\r\n <tr height=20 style='height:15.0pt'>\r\n  <td height=20 class=xl706631 align=right style='height:15.0pt;border-top:\r\n  none'>2018<\/td>\r\n  <td class=xl716631 align=right style='border-top:none;border-left:none'>01\/04\/2018<\/td>\r\n  <td class=xl716631 align=right style='border-top:none;border-left:none'>30\/06\/2018<\/td>\r\n  <td class=xl706631 style='border-top:none;border-left:none'>No Aplica<\/td>\r\n  <td class=xl706631 style='border-top:none;border-left:none'>No Aplica<\/td>\r\n  <td class=xl706631 style='border-top:none;border-left:none'>No Aplica<\/td>\r\n  <td class=xl706631 style='border-top:none;border-left:none'>No Aplica<\/td>\r\n  <td class=xl726631 style='border-top:none;border-left:none'><a\r\n  href=\"https:\/\/www.apan.gob.mx\/descargables\/transparencia\/articulo69\/fraccion20\/2018_2\/sm\/frXIXa1_1.pdf\">https:\/\/www.apan.gob.mx\/descargables\/transparencia\/articulo69\/fraccion20\/2018_2\/sm\/frXIXa1_1.pdf<\/a><\/td>\r\n  <td class=xl706631 style='border-top:none;border-left:none'>No Aplica<\/td>\r\n  <td class=xl726631 style='border-top:none;border-left:none'><a\r\n  href=\"https:\/\/www.apan.gob.mx\/descargables\/transparencia\/articulo69\/fraccion20\/2018_2\/sm\/frXIXa1_2.pdf\">https:\/\/www.apan.gob.mx\/descargables\/transparencia\/articulo69\/fraccion20\/2018_2\/sm\/frXIXa1_2.pdf<\/a><\/td>\r\n  <td class=xl706631 style='border-top:none;border-left:none'>No Aplica<\/td>\r\n  <td class=xl706631 style='border-top:none;border-left:none'>No Aplica<\/td>\r\n  <td class=xl706631 align=right style='border-top:none;border-left:none'>1<\/td>\r\n  <td class=xl706631 align=right style='border-top:none;border-left:none'>0<\/td>\r\n  <td class=xl706631 style='border-top:none;border-left:none'>No Aplica<\/td>\r\n  <td class=xl706631 align=right style='border-top:none;border-left:none'>1<\/td>\r\n  <td class=xl706631 style='border-top:none;border-left:none'>No Aplica<\/td>\r\n  <td class=xl706631 style='border-top:none;border-left:none'>No Aplica<\/td>\r\n  <td class=xl706631 align=right style='border-top:none;border-left:none'>1<\/td>\r\n  <td class=xl706631 style='border-top:none;border-left:none'>No Aplica<\/td>\r\n  <td class=xl726631 style='border-top:none;border-left:none'><a\r\n  href=\"https:\/\/www.apan.gob.mx\/descargables\/transparencia\/articulo69\/fraccion20\/2018_2\/sm\/frXIXa1_3.pdf\">https:\/\/www.apan.gob.mx\/descargables\/transparencia\/articulo69\/fraccion20\/2018_2\/sm\/frXIXa1_3.pdf<\/a><\/td>\r\n  <td class=xl726631 style='border-top:none;border-left:none'><a\r\n  href=\"https:\/\/www.apan.gob.mx\/descargables\/artiulo69\/fraccion20\/2018_2\/sm\/frXIX1_4.pdf\">https:\/\/www.apan.gob.mx\/descargables\/artiulo69\/fraccion20\/2018_2\/sm\/frXIX1_4.pdf<\/a><\/td>\r\n  <td class=xl706631 style='border-top:none;border-left:none'>Direcci\u00f3n de\r\n  Servicios Generales y Municipales<span style='mso-spacerun:yes'>\u00a0<\/span><\/td>\r\n  <td class=xl716631 align=right style='border-top:none;border-left:none'>03\/07\/2018<\/td>\r\n  <td class=xl716631 align=right style='border-top:none;border-left:none'>03\/07\/2018<\/td>\r\n  <td class=xl706631 style='border-top:none;border-left:none'>La Direcci\u00f3n de\r\n  Servicios Generales no realiz\u00e1 tramites, solo Servicios<span\r\n  style='mso-spacerun:yes'>\u00a0<\/span><\/td>\r\n <\/tr>\r\n <![if supportMisalignedColumns]>\r\n <tr height=0 style='display:none'>\r\n  <td width=95 style='width:71pt'><\/td>\r\n  <td width=294 style='width:221pt'><\/td>\r\n  <td width=315 style='width:236pt'><\/td>\r\n  <td width=197 style='width:148pt'><\/td>\r\n  <td width=258 style='width:194pt'><\/td>\r\n  <td width=264 style='width:198pt'><\/td>\r\n  <td width=184 style='width:138pt'><\/td>\r\n  <td width=713 style='width:535pt'><\/td>\r\n  <td width=196 style='width:147pt'><\/td>\r\n  <td width=727 style='width:545pt'><\/td>\r\n  <td width=331 style='width:248pt'><\/td>\r\n  <td width=267 style='width:200pt'><\/td>\r\n  <td width=397 style='width:298pt'><\/td>\r\n  <td width=303 style='width:227pt'><\/td>\r\n  <td width=213 style='width:160pt'><\/td>\r\n  <td width=334 style='width:251pt'><\/td>\r\n  <td width=321 style='width:241pt'><\/td>\r\n  <td width=163 style='width:122pt'><\/td>\r\n  <td width=322 style='width:242pt'><\/td>\r\n  <td width=478 style='width:359pt'><\/td>\r\n  <td width=703 style='width:527pt'><\/td>\r\n  <td width=607 style='width:455pt'><\/td>\r\n  <td width=512 style='width:384pt'><\/td>\r\n  <td width=161 style='width:121pt'><\/td>\r\n  <td width=189 style='width:142pt'><\/td>\r\n  <td width=446 style='width:335pt'><\/td>\r\n <\/tr>\r\n <![endif]>\r\n<\/table>\r\n\r\n<\/div>\r\n\r\n\t\t\t\t<\/div>\n\t\t\t\t<\/div>\n\t\t\t\t<div class=\"elementor-element elementor-element-724qe1u elementor-widget elementor-widget-button\" data-id=\"724qe1u\" data-element_type=\"widget\" data-e-type=\"widget\" data-widget_type=\"button.default\">\n\t\t\t\t<div class=\"elementor-widget-container\">\n\t\t\t\t\t\t\t\t\t<div class=\"elementor-button-wrapper\">\n\t\t\t\t\t<a class=\"elementor-button elementor-button-link elementor-size-sm\" href=\"https:\/\/www.apan.gob.mx\/descargables\/transparencia\/articulo69\/fraccion20\/2018_2\/sm\/FRACCXX.xlsx\">\n\t\t\t\t\t\t<span class=\"elementor-button-content-wrapper\">\n\t\t\t\t\t\t\t\t\t<span class=\"elementor-button-text\">Descargar<\/span>\n\t\t\t\t\t<\/span>\n\t\t\t\t\t<\/a>\n\t\t\t\t<\/div>\n\t\t\t\t\t\t\t\t<\/div>\n\t\t\t\t<\/div>\n\t\t\t\t<div class=\"elementor-element elementor-element-tmwtwld elementor-widget elementor-widget-heading\" data-id=\"tmwtwld\" data-element_type=\"widget\" data-e-type=\"widget\" data-widget_type=\"heading.default\">\n\t\t\t\t<div class=\"elementor-widget-container\">\n\t\t\t\t\t<h2 class=\"elementor-heading-title elementor-size-small\">Fecha en que se subi\u00f3 la informaci\u00f3n: 30-julio-18<\/h2>\t\t\t\t<\/div>\n\t\t\t\t<\/div>\n\t\t\t\t<div class=\"elementor-element elementor-element-81w66lh elementor-widget elementor-widget-heading\" data-id=\"81w66lh\" data-element_type=\"widget\" data-e-type=\"widget\" data-widget_type=\"heading.default\">\n\t\t\t\t<div class=\"elementor-widget-container\">\n\t\t\t\t\t<h2 class=\"elementor-heading-title elementor-size-small\">Ultima fecha de actualizaci\u00f3n de la informaci\u00f3n: 22-enero-19<\/h2>\t\t\t\t<\/div>\n\t\t\t\t<\/div>\n\t\t\t\t\t<\/div>\n\t\t<\/div>\n\t\t\t\t\t<\/div>\n\t\t<\/section>\n\t\t\t\t<\/div>\n\t\t","protected":false},"excerpt":{"rendered":"<p>Fracci\u00f3n XX 44251 T\u00cdTULO NOMBRE CORTO DESCRIPCI\u00d3N Tr\u00e1mites ofrecidos a69_f20 La informaci\u00f3n relacionada con las tareas administrativas que realizan los sujetos obligados en sus diferentes \u00e1mbitos con el objeto de atender las peticiones que realicen los particulares ya sea para la obtenci\u00f3n de un beneficio, o cumplir con alguna obligaci\u00f3n ante una autoridad, de conformidad [&hellip;]<\/p>\n","protected":false},"author":1,"featured_media":0,"parent":0,"menu_order":0,"comment_status":"closed","ping_status":"closed","template":"page-template-full.php","meta":{"footnotes":""},"class_list":["post-2726","page","type-page","status-publish","hentry"],"jetpack_sharing_enabled":true,"_links":{"self":[{"href":"https:\/\/apan.gob.mx\/portal\/wp-json\/wp\/v2\/pages\/2726","targetHints":{"allow":["GET"]}}],"collection":[{"href":"https:\/\/apan.gob.mx\/portal\/wp-json\/wp\/v2\/pages"}],"about":[{"href":"https:\/\/apan.gob.mx\/portal\/wp-json\/wp\/v2\/types\/page"}],"author":[{"embeddable":true,"href":"https:\/\/apan.gob.mx\/portal\/wp-json\/wp\/v2\/users\/1"}],"replies":[{"embeddable":true,"href":"https:\/\/apan.gob.mx\/portal\/wp-json\/wp\/v2\/comments?post=2726"}],"version-history":[{"count":8,"href":"https:\/\/apan.gob.mx\/portal\/wp-json\/wp\/v2\/pages\/2726\/revisions"}],"predecessor-version":[{"id":4143,"href":"https:\/\/apan.gob.mx\/portal\/wp-json\/wp\/v2\/pages\/2726\/revisions\/4143"}],"wp:attachment":[{"href":"https:\/\/apan.gob.mx\/portal\/wp-json\/wp\/v2\/media?parent=2726"}],"curies":[{"name":"wp","href":"https:\/\/api.w.org\/{rel}","templated":true}]}}