{"id":2733,"date":"2018-07-31T00:30:12","date_gmt":"2018-07-31T00:30:12","guid":{"rendered":"https:\/\/apan.gob.mx\/portal\/?page_id=2733"},"modified":"2018-07-31T00:44:47","modified_gmt":"2018-07-31T00:44:47","slug":"transparencia_13_2018_2","status":"publish","type":"page","link":"https:\/\/apan.gob.mx\/portal\/transparencia_13_2018_2\/","title":{"rendered":"<!--transparencia_13_2018_2-->"},"content":{"rendered":"\t\t<div data-elementor-type=\"wp-page\" data-elementor-id=\"2733\" class=\"elementor elementor-2733 elementor-bc-flex-widget\">\n\t\t\t\t\t\t<section class=\"has_ae_slider elementor-section elementor-top-section elementor-element elementor-element-yxlxrda elementor-section-boxed elementor-section-height-default elementor-section-height-default ae-bg-gallery-type-default\" data-id=\"yxlxrda\" data-element_type=\"section\" data-e-type=\"section\">\n\t\t\t\t\t\t<div class=\"elementor-container elementor-column-gap-default\">\n\t\t\t\t\t<div class=\"has_ae_slider elementor-column elementor-col-100 elementor-top-column elementor-element elementor-element-snurwiq ae-bg-gallery-type-default\" data-id=\"snurwiq\" data-element_type=\"column\" data-e-type=\"column\">\n\t\t\t<div class=\"elementor-widget-wrap elementor-element-populated\">\n\t\t\t\t\t\t<div class=\"elementor-element elementor-element-fruuwbi elementor-widget elementor-widget-heading\" data-id=\"fruuwbi\" data-element_type=\"widget\" data-e-type=\"widget\" data-widget_type=\"heading.default\">\n\t\t\t\t<div class=\"elementor-widget-container\">\n\t\t\t\t\t<h2 class=\"elementor-heading-title elementor-size-medium\">Fracci\u00f3n Xlll<\/h2>\t\t\t\t<\/div>\n\t\t\t\t<\/div>\n\t\t\t\t\t<\/div>\n\t\t<\/div>\n\t\t\t\t\t<\/div>\n\t\t<\/section>\n\t\t\t\t<section class=\"has_ae_slider elementor-section elementor-top-section elementor-element elementor-element-jcccxgu elementor-section-boxed elementor-section-height-default elementor-section-height-default ae-bg-gallery-type-default\" data-id=\"jcccxgu\" data-element_type=\"section\" data-e-type=\"section\">\n\t\t\t\t\t\t<div class=\"elementor-container elementor-column-gap-default\">\n\t\t\t\t\t<div class=\"has_ae_slider elementor-column elementor-col-100 elementor-top-column elementor-element elementor-element-agwzzxj ae-bg-gallery-type-default\" data-id=\"agwzzxj\" data-element_type=\"column\" data-e-type=\"column\">\n\t\t\t<div class=\"elementor-widget-wrap elementor-element-populated\">\n\t\t\t\t\t\t<div class=\"elementor-element elementor-element-kpzi63f elementor-widget elementor-widget-html\" data-id=\"kpzi63f\" data-element_type=\"widget\" data-e-type=\"widget\" data-widget_type=\"html.default\">\n\t\t\t\t<div class=\"elementor-widget-container\">\n\t\t\t\t\t<style id=\"a69_f13_948_Styles\">\r\n<!--table\r\n\t{mso-displayed-decimal-separator:\"\\.\";\r\n\tmso-displayed-thousand-separator:\"\\,\";}\r\n.xl15948\r\n\t{padding-top:1px;\r\n\tpadding-right:1px;\r\n\tpadding-left:1px;\r\n\tmso-ignore:padding;\r\n\tcolor:black;\r\n\tfont-size:11.0pt;\r\n\tfont-weight:400;\r\n\tfont-style:normal;\r\n\ttext-decoration:none;\r\n\tfont-family:Calibri, sans-serif;\r\n\tmso-font-charset:0;\r\n\tmso-number-format:General;\r\n\ttext-align:general;\r\n\tvertical-align:bottom;\r\n\tmso-background-source:auto;\r\n\tmso-pattern:auto;\r\n\twhite-space:nowrap;}\r\n.xl65948\r\n\t{padding-top:1px;\r\n\tpadding-right:1px;\r\n\tpadding-left:1px;\r\n\tmso-ignore:padding;\r\n\tcolor:white;\r\n\tfont-size:11.0pt;\r\n\tfont-weight:700;\r\n\tfont-style:normal;\r\n\ttext-decoration:none;\r\n\tfont-family:Arial;\r\n\tmso-generic-font-family:auto;\r\n\tmso-font-charset:0;\r\n\tmso-number-format:General;\r\n\ttext-align:center;\r\n\tvertical-align:middle;\r\n\tborder:.5pt solid windowtext;\r\n\tbackground:#333333;\r\n\tmso-pattern:black none;\r\n\twhite-space:normal;}\r\n.xl66948\r\n\t{padding-top:1px;\r\n\tpadding-right:1px;\r\n\tpadding-left:1px;\r\n\tmso-ignore:padding;\r\n\tcolor:white;\r\n\tfont-size:11.0pt;\r\n\tfont-weight:700;\r\n\tfont-style:normal;\r\n\ttext-decoration:none;\r\n\tfont-family:Arial;\r\n\tmso-generic-font-family:auto;\r\n\tmso-font-charset:0;\r\n\tmso-number-format:General;\r\n\ttext-align:center;\r\n\tvertical-align:middle;\r\n\tborder-top:.5pt solid windowtext;\r\n\tborder-right:.5pt solid windowtext;\r\n\tborder-bottom:none;\r\n\tborder-left:.5pt solid windowtext;\r\n\tbackground:#333333;\r\n\tmso-pattern:black none;\r\n\twhite-space:normal;}\r\n.xl67948\r\n\t{padding-top:1px;\r\n\tpadding-right:1px;\r\n\tpadding-left:1px;\r\n\tmso-ignore:padding;\r\n\tcolor:black;\r\n\tfont-size:10.0pt;\r\n\tfont-weight:400;\r\n\tfont-style:normal;\r\n\ttext-decoration:none;\r\n\tfont-family:Arial;\r\n\tmso-generic-font-family:auto;\r\n\tmso-font-charset:0;\r\n\tmso-number-format:General;\r\n\ttext-align:center;\r\n\tvertical-align:middle;\r\n\tborder:.5pt solid windowtext;\r\n\tbackground:#E1E1E1;\r\n\tmso-pattern:black none;\r\n\twhite-space:normal;}\r\n.xl68948\r\n\t{padding-top:1px;\r\n\tpadding-right:1px;\r\n\tpadding-left:1px;\r\n\tmso-ignore:padding;\r\n\tcolor:black;\r\n\tfont-size:10.0pt;\r\n\tfont-weight:400;\r\n\tfont-style:normal;\r\n\ttext-decoration:none;\r\n\tfont-family:Arial, sans-serif;\r\n\tmso-font-charset:0;\r\n\tmso-number-format:General;\r\n\ttext-align:center;\r\n\tvertical-align:middle;\r\n\tborder:.5pt solid windowtext;\r\n\tbackground:#E1E1E1;\r\n\tmso-pattern:black none;\r\n\twhite-space:normal;}\r\n.xl69948\r\n\t{padding-top:1px;\r\n\tpadding-right:1px;\r\n\tpadding-left:1px;\r\n\tmso-ignore:padding;\r\n\tcolor:black;\r\n\tfont-size:11.0pt;\r\n\tfont-weight:400;\r\n\tfont-style:normal;\r\n\ttext-decoration:none;\r\n\tfont-family:Calibri, sans-serif;\r\n\tmso-font-charset:0;\r\n\tmso-number-format:General;\r\n\ttext-align:center;\r\n\tvertical-align:middle;\r\n\tmso-background-source:auto;\r\n\tmso-pattern:auto;\r\n\twhite-space:nowrap;}\r\n.xl70948\r\n\t{padding-top:1px;\r\n\tpadding-right:1px;\r\n\tpadding-left:1px;\r\n\tmso-ignore:padding;\r\n\tcolor:black;\r\n\tfont-size:10.0pt;\r\n\tfont-weight:400;\r\n\tfont-style:normal;\r\n\ttext-decoration:none;\r\n\tfont-family:Arial;\r\n\tmso-generic-font-family:auto;\r\n\tmso-font-charset:0;\r\n\tmso-number-format:General;\r\n\ttext-align:center;\r\n\tvertical-align:middle;\r\n\tborder:.5pt solid windowtext;\r\n\tbackground:#E1E1E1;\r\n\tmso-pattern:black none;\r\n\twhite-space:nowrap;}\r\n.xl71948\r\n\t{padding-top:1px;\r\n\tpadding-right:1px;\r\n\tpadding-left:1px;\r\n\tmso-ignore:padding;\r\n\tcolor:black;\r\n\tfont-size:11.0pt;\r\n\tfont-weight:400;\r\n\tfont-style:normal;\r\n\ttext-decoration:none;\r\n\tfont-family:Calibri, sans-serif;\r\n\tmso-font-charset:0;\r\n\tmso-number-format:General;\r\n\ttext-align:center;\r\n\tvertical-align:middle;\r\n\tborder:.5pt solid windowtext;\r\n\tmso-background-source:auto;\r\n\tmso-pattern:auto;\r\n\twhite-space:normal;}\r\n.xl72948\r\n\t{padding-top:1px;\r\n\tpadding-right:1px;\r\n\tpadding-left:1px;\r\n\tmso-ignore:padding;\r\n\tcolor:black;\r\n\tfont-size:11.0pt;\r\n\tfont-weight:400;\r\n\tfont-style:normal;\r\n\ttext-decoration:none;\r\n\tfont-family:Calibri, sans-serif;\r\n\tmso-font-charset:0;\r\n\tmso-number-format:General;\r\n\ttext-align:center;\r\n\tvertical-align:middle;\r\n\tborder:.5pt solid windowtext;\r\n\tbackground:white;\r\n\tmso-pattern:black none;\r\n\twhite-space:nowrap;}\r\n.xl73948\r\n\t{padding-top:1px;\r\n\tpadding-right:1px;\r\n\tpadding-left:1px;\r\n\tmso-ignore:padding;\r\n\tcolor:black;\r\n\tfont-size:11.0pt;\r\n\tfont-weight:400;\r\n\tfont-style:normal;\r\n\ttext-decoration:none;\r\n\tfont-family:Calibri, sans-serif;\r\n\tmso-font-charset:0;\r\n\tmso-number-format:\"Medium Date\";\r\n\ttext-align:center;\r\n\tvertical-align:middle;\r\n\tborder:.5pt solid windowtext;\r\n\tbackground:white;\r\n\tmso-pattern:black none;\r\n\twhite-space:nowrap;}\r\n.xl74948\r\n\t{padding-top:1px;\r\n\tpadding-right:1px;\r\n\tpadding-left:1px;\r\n\tmso-ignore:padding;\r\n\tcolor:blue;\r\n\tfont-size:11.0pt;\r\n\tfont-weight:400;\r\n\tfont-style:normal;\r\n\ttext-decoration:underline;\r\n\ttext-underline-style:single;\r\n\tfont-family:Calibri, sans-serif;\r\n\tmso-font-charset:0;\r\n\tmso-number-format:General;\r\n\ttext-align:center;\r\n\tvertical-align:middle;\r\n\tborder:.5pt solid windowtext;\r\n\tbackground:white;\r\n\tmso-pattern:black none;\r\n\twhite-space:nowrap;}\r\n.xl75948\r\n\t{padding-top:1px;\r\n\tpadding-right:1px;\r\n\tpadding-left:1px;\r\n\tmso-ignore:padding;\r\n\tcolor:black;\r\n\tfont-size:11.0pt;\r\n\tfont-weight:400;\r\n\tfont-style:normal;\r\n\ttext-decoration:none;\r\n\tfont-family:Calibri, sans-serif;\r\n\tmso-font-charset:0;\r\n\tmso-number-format:General;\r\n\ttext-align:center;\r\n\tvertical-align:middle;\r\n\tborder:.5pt solid windowtext;\r\n\tbackground:white;\r\n\tmso-pattern:black none;\r\n\twhite-space:normal;}\r\n-->\r\n<\/style>\r\n<\/head>\r\n\r\n<body>\r\n<!--[if !excel]>&nbsp;&nbsp;<![endif]-->\r\n<!--La siguiente informaci\u00f3n se gener\u00f3 mediante el Asistente para publicar como\r\np\u00e1gina web de Microsoft Excel.-->\r\n<!--Si se vuelve a publicar el mismo elemento desde Excel, se reemplazar\u00e1 toda\r\nla informaci\u00f3n comprendida entre las etiquetas DIV.-->\r\n<!----------------------------->\r\n<!--INICIO DE LOS RESULTADOS DEL ASISTENTE PARA PUBLICAR COMO P\u00c1GINA WEB DE\r\nEXCEL -->\r\n<!----------------------------->\r\n\r\n<div id=\"a69_f13_948\" align=center x:publishsource=\"Excel\">\r\n\r\n<table border=0 cellpadding=0 cellspacing=0 width=6097 style='border-collapse:\r\n collapse;table-layout:fixed;width:4576pt'>\r\n <col width=56 style='mso-width-source:userset;mso-width-alt:2048;width:42pt'>\r\n <col width=255 style='mso-width-source:userset;mso-width-alt:9325;width:191pt'>\r\n <col width=270 style='mso-width-source:userset;mso-width-alt:9874;width:203pt'>\r\n <col width=162 style='mso-width-source:userset;mso-width-alt:5924;width:122pt'>\r\n <col width=110 style='mso-width-source:userset;mso-width-alt:4022;width:83pt'>\r\n <col width=103 style='mso-width-source:userset;mso-width-alt:3766;width:77pt'>\r\n <col width=169 style='mso-width-source:userset;mso-width-alt:6180;width:127pt'>\r\n <col width=197 style='mso-width-source:userset;mso-width-alt:7204;width:148pt'>\r\n <col width=239 style='mso-width-source:userset;mso-width-alt:8740;width:179pt'>\r\n <col width=128 style='mso-width-source:userset;mso-width-alt:4681;width:96pt'>\r\n <col width=142 style='mso-width-source:userset;mso-width-alt:5193;width:107pt'>\r\n <col width=121 style='mso-width-source:userset;mso-width-alt:4425;width:91pt'>\r\n <col width=214 style='mso-width-source:userset;mso-width-alt:7826;width:161pt'>\r\n <col width=183 style='mso-width-source:userset;mso-width-alt:6692;width:137pt'>\r\n <col width=260 style='mso-width-source:userset;mso-width-alt:9508;width:195pt'>\r\n <col width=86 style='mso-width-source:userset;mso-width-alt:3145;width:65pt'>\r\n <col width=164 style='mso-width-source:userset;mso-width-alt:5997;width:123pt'>\r\n <col width=483 style='mso-width-source:userset;mso-width-alt:17664;width:362pt'>\r\n <col width=246 style='mso-width-source:userset;mso-width-alt:8996;width:185pt'>\r\n <col width=571 style='mso-width-source:userset;mso-width-alt:20882;width:428pt'>\r\n <col width=317 style='mso-width-source:userset;mso-width-alt:11593;width:238pt'>\r\n <col width=430 style='mso-width-source:userset;mso-width-alt:15725;width:323pt'>\r\n <col width=512 style='mso-width-source:userset;mso-width-alt:18724;width:384pt'>\r\n <col width=123 style='mso-width-source:userset;mso-width-alt:4498;width:92pt'>\r\n <col width=140 style='mso-width-source:userset;mso-width-alt:5120;width:105pt'>\r\n <col width=416 style='mso-width-source:userset;mso-width-alt:15213;width:312pt'>\r\n <tr height=0 style='display:none'>\r\n  <td class=xl69948 width=56 style='width:42pt'>44241<\/td>\r\n  <td class=xl69948 width=255 style='width:191pt'><\/td>\r\n  <td class=xl69948 width=270 style='width:203pt'><\/td>\r\n  <td class=xl69948 width=162 style='width:122pt'><\/td>\r\n  <td class=xl69948 width=110 style='width:83pt'><\/td>\r\n  <td class=xl69948 width=103 style='width:77pt'><\/td>\r\n  <td class=xl69948 width=169 style='width:127pt'><\/td>\r\n  <td class=xl69948 width=197 style='width:148pt'><\/td>\r\n  <td class=xl69948 width=239 style='width:179pt'><\/td>\r\n  <td class=xl69948 width=128 style='width:96pt'><\/td>\r\n  <td class=xl69948 width=142 style='width:107pt'><\/td>\r\n  <td class=xl69948 width=121 style='width:91pt'><\/td>\r\n  <td class=xl69948 width=214 style='width:161pt'><\/td>\r\n  <td class=xl69948 width=183 style='width:137pt'><\/td>\r\n  <td class=xl69948 width=260 style='width:195pt'><\/td>\r\n  <td class=xl69948 width=86 style='width:65pt'><\/td>\r\n  <td class=xl69948 width=164 style='width:123pt'><\/td>\r\n  <td class=xl69948 width=483 style='width:362pt'><\/td>\r\n  <td class=xl69948 width=246 style='width:185pt'><\/td>\r\n  <td class=xl69948 width=571 style='width:428pt'><\/td>\r\n  <td class=xl69948 width=317 style='width:238pt'><\/td>\r\n  <td class=xl69948 width=430 style='width:323pt'><\/td>\r\n  <td class=xl69948 width=512 style='width:384pt'><\/td>\r\n  <td class=xl69948 width=123 style='width:92pt'><\/td>\r\n  <td class=xl69948 width=140 style='width:105pt'><\/td>\r\n  <td class=xl69948 width=416 style='width:312pt'><\/td>\r\n <\/tr>\r\n <tr height=20 style='height:15.0pt'>\r\n  <td colspan=3 height=20 class=xl65948 width=581 style='height:15.0pt;\r\n  width:436pt'>T\u00cdTULO<\/td>\r\n  <td colspan=3 class=xl65948 width=375 style='width:282pt'>NOMBRE CORTO<\/td>\r\n  <td colspan=3 class=xl66948 width=605 style='width:454pt'>DESCRIPCI\u00d3N<\/td>\r\n  <td class=xl69948><\/td>\r\n  <td class=xl69948><\/td>\r\n  <td class=xl69948><\/td>\r\n  <td class=xl69948><\/td>\r\n  <td class=xl69948><\/td>\r\n  <td class=xl69948><\/td>\r\n  <td class=xl69948><\/td>\r\n  <td class=xl69948><\/td>\r\n  <td class=xl69948><\/td>\r\n  <td class=xl69948><\/td>\r\n  <td class=xl69948><\/td>\r\n  <td class=xl69948><\/td>\r\n  <td class=xl69948><\/td>\r\n  <td class=xl69948><\/td>\r\n  <td class=xl69948><\/td>\r\n  <td class=xl69948><\/td>\r\n  <td class=xl69948><\/td>\r\n <\/tr>\r\n <tr height=86 style='mso-height-source:userset;height:64.5pt'>\r\n  <td colspan=3 height=86 class=xl70948 style='height:64.5pt'>Unidad de\r\n  Transparencia (UT)<\/td>\r\n  <td colspan=3 class=xl70948>a69_f13<\/td>\r\n  <td colspan=3 class=xl67948 width=605 style='width:454pt'>La informaci\u00f3n\r\n  necesaria para que las personas puedan establecer contacto y comunicaci\u00f3n con\r\n  la respectiva Unidad de Transparencia (UT) del sujeto obligado, incluyendo\r\n  datos generales de los responsables de la UT as\u00ed como el domicilio oficial y\r\n  direcci\u00f3n electr\u00f3nica en la cual se podr\u00e1n recibir solicitudes de informaci\u00f3n\r\n  p\u00fablica.<\/td>\r\n  <td class=xl69948><\/td>\r\n  <td class=xl69948><\/td>\r\n  <td class=xl69948><\/td>\r\n  <td class=xl69948><\/td>\r\n  <td class=xl69948><\/td>\r\n  <td class=xl69948><\/td>\r\n  <td class=xl69948><\/td>\r\n  <td class=xl69948><\/td>\r\n  <td class=xl69948><\/td>\r\n  <td class=xl69948><\/td>\r\n  <td class=xl69948><\/td>\r\n  <td class=xl69948><\/td>\r\n  <td class=xl69948><\/td>\r\n  <td class=xl69948><\/td>\r\n  <td class=xl69948><\/td>\r\n  <td class=xl69948><\/td>\r\n  <td class=xl69948><\/td>\r\n <\/tr>\r\n <tr height=0 style='display:none'>\r\n  <td class=xl69948>1<\/td>\r\n  <td class=xl69948>4<\/td>\r\n  <td class=xl69948>4<\/td>\r\n  <td class=xl69948>9<\/td>\r\n  <td class=xl69948>1<\/td>\r\n  <td class=xl69948>1<\/td>\r\n  <td class=xl69948>1<\/td>\r\n  <td class=xl69948>9<\/td>\r\n  <td class=xl69948>2<\/td>\r\n  <td class=xl69948>1<\/td>\r\n  <td class=xl69948>2<\/td>\r\n  <td class=xl69948>1<\/td>\r\n  <td class=xl69948>2<\/td>\r\n  <td class=xl69948>1<\/td>\r\n  <td class=xl69948>9<\/td>\r\n  <td class=xl69948>1<\/td>\r\n  <td class=xl69948>1<\/td>\r\n  <td class=xl69948>1<\/td>\r\n  <td class=xl69948>1<\/td>\r\n  <td class=xl69948>2<\/td>\r\n  <td class=xl69948>7<\/td>\r\n  <td class=xl69948>10<\/td>\r\n  <td class=xl69948>2<\/td>\r\n  <td class=xl69948>4<\/td>\r\n  <td class=xl69948>13<\/td>\r\n  <td class=xl69948>14<\/td>\r\n <\/tr>\r\n <tr height=0 style='display:none'>\r\n  <td class=xl69948>350456<\/td>\r\n  <td class=xl69948>350457<\/td>\r\n  <td class=xl69948>350458<\/td>\r\n  <td class=xl69948>350450<\/td>\r\n  <td class=xl69948>350473<\/td>\r\n  <td class=xl69948>350468<\/td>\r\n  <td class=xl69948>350469<\/td>\r\n  <td class=xl69948>350451<\/td>\r\n  <td class=xl69948>350446<\/td>\r\n  <td class=xl69948>350466<\/td>\r\n  <td class=xl69948>350447<\/td>\r\n  <td class=xl69948>350467<\/td>\r\n  <td class=xl69948>350445<\/td>\r\n  <td class=xl69948>350474<\/td>\r\n  <td class=xl69948>350455<\/td>\r\n  <td class=xl69948>350470<\/td>\r\n  <td class=xl69948>350463<\/td>\r\n  <td class=xl69948>350472<\/td>\r\n  <td class=xl69948>350465<\/td>\r\n  <td class=xl69948>350462<\/td>\r\n  <td class=xl69948>350449<\/td>\r\n  <td class=xl69948>350452<\/td>\r\n  <td class=xl69948>350460<\/td>\r\n  <td class=xl69948>350448<\/td>\r\n  <td class=xl69948>350459<\/td>\r\n  <td class=xl69948>350454<\/td>\r\n <\/tr>\r\n <tr height=20 style='height:15.0pt'>\r\n  <td colspan=26 height=20 class=xl65948 width=6097 style='height:15.0pt;\r\n  width:4576pt'>Tabla Campos<\/td>\r\n <\/tr>\r\n <tr height=34 style='height:25.5pt'>\r\n  <td height=34 class=xl67948 width=56 style='height:25.5pt;width:42pt'>Ejercicio<\/td>\r\n  <td class=xl67948 width=255 style='border-left:none;width:191pt'>Fecha de\r\n  inicio del periodo que se informa<\/td>\r\n  <td class=xl67948 width=270 style='border-left:none;width:203pt'>Fecha de\r\n  t\u00e9rmino del periodo que se informa<\/td>\r\n  <td class=xl67948 width=162 style='border-left:none;width:122pt'>Tipo de\r\n  vialidad (cat\u00e1logo)<\/td>\r\n  <td class=xl67948 width=110 style='border-left:none;width:83pt'>Nombre\r\n  vialidad<\/td>\r\n  <td class=xl67948 width=103 style='border-left:none;width:77pt'>N\u00famero\r\n  exterior<\/td>\r\n  <td class=xl67948 width=169 style='border-left:none;width:127pt'>N\u00famero\r\n  interior, en su caso<\/td>\r\n  <td class=xl67948 width=197 style='border-left:none;width:148pt'>Tipo de\r\n  asentamiento (cat\u00e1logo)<\/td>\r\n  <td class=xl67948 width=239 style='border-left:none;width:179pt'>Nombre del\r\n  asentamiento<\/td>\r\n  <td class=xl67948 width=128 style='border-left:none;width:96pt'>Clave de la\r\n  localidad<\/td>\r\n  <td class=xl67948 width=142 style='border-left:none;width:107pt'>Nombre de la\r\n  localidad<\/td>\r\n  <td class=xl67948 width=121 style='border-left:none;width:91pt'>Clave del\r\n  municipio<\/td>\r\n  <td class=xl67948 width=214 style='border-left:none;width:161pt'>Nombre del\r\n  municipio o delegaci\u00f3n<\/td>\r\n  <td class=xl67948 width=183 style='border-left:none;width:137pt'>Clave de la\r\n  entidad federativa<\/td>\r\n  <td class=xl67948 width=260 style='border-left:none;width:195pt'>Nombre de la\r\n  entidad federativa (cat\u00e1logo)<\/td>\r\n  <td class=xl67948 width=86 style='border-left:none;width:65pt'>C\u00f3digo Postal<\/td>\r\n  <td class=xl67948 width=164 style='border-left:none;width:123pt'>N\u00famero\r\n  telef\u00f3nico oficial 1<\/td>\r\n  <td class=xl67948 width=483 style='border-left:none;width:362pt'>Horario de\r\n  atenci\u00f3n de la Unidad de Transparencia<\/td>\r\n  <td class=xl67948 width=246 style='border-left:none;width:185pt'>Correo\r\n  electr\u00f3nico oficial<\/td>\r\n  <td class=xl67948 width=571 style='border-left:none;width:428pt'>Nota que\r\n  indique que se reciben solicitudes de informaci\u00f3n p\u00fablica<\/td>\r\n  <td class=xl67948 width=317 style='border-left:none;width:238pt'>Hiperv\u00ednculo\r\n  a la direcci\u00f3n electr\u00f3nica del sistema<\/td>\r\n  <td class=xl68948 width=430 style='border-left:none;width:323pt'>Nombre y\r\n  cargos del personal habilitado en la Unidad de Transparencia<span\r\n  style='mso-spacerun:yes'>\u00a0<\/span><\/td>\r\n  <td class=xl67948 width=512 style='border-left:none;width:384pt'>\u00c1rea(s)\r\n  responsable(s) que genera(n), posee(n), publica(n) y actualizan la\r\n  informaci\u00f3n<\/td>\r\n  <td class=xl67948 width=123 style='border-left:none;width:92pt'>Fecha de\r\n  validaci\u00f3n<\/td>\r\n  <td class=xl67948 width=140 style='border-left:none;width:105pt'>Fecha de\r\n  actualizaci\u00f3n<\/td>\r\n  <td class=xl67948 width=416 style='border-left:none;width:312pt'>Nota<\/td>\r\n <\/tr>\r\n <tr height=60 style='height:45.0pt'>\r\n  <td height=60 class=xl72948 style='height:45.0pt;border-top:none'>2018<\/td>\r\n  <td class=xl73948 style='border-top:none;border-left:none'>01-abr-18<\/td>\r\n  <td class=xl73948 style='border-top:none;border-left:none'>30-jun-18<\/td>\r\n  <td class=xl72948 style='border-top:none;border-left:none'>Calle<\/td>\r\n  <td class=xl72948 style='border-top:none;border-left:none'>Zaragoza<span\r\n  style='mso-spacerun:yes'>\u00a0\u00a0\u00a0\u00a0 <\/span>norte<\/td>\r\n  <td class=xl72948 style='border-top:none;border-left:none'>6<\/td>\r\n  <td class=xl72948 style='border-top:none;border-left:none'>&nbsp;<\/td>\r\n  <td class=xl72948 style='border-top:none;border-left:none'>Ciudad<\/td>\r\n  <td class=xl72948 style='border-top:none;border-left:none'>Apan<\/td>\r\n  <td class=xl72948 style='border-top:none;border-left:none'>1<\/td>\r\n  <td class=xl72948 style='border-top:none;border-left:none'>Apan<\/td>\r\n  <td class=xl72948 style='border-top:none;border-left:none'>8<\/td>\r\n  <td class=xl72948 style='border-top:none;border-left:none'>Apan<\/td>\r\n  <td class=xl72948 style='border-top:none;border-left:none'>13<\/td>\r\n  <td class=xl72948 style='border-top:none;border-left:none'>Hidalgo<\/td>\r\n  <td class=xl72948 style='border-top:none;border-left:none'>43000<\/td>\r\n  <td class=xl72948 style='border-top:none;border-left:none'>17489120316<\/td>\r\n  <td class=xl72948 style='border-top:none;border-left:none'>de lunes a a\r\n  viernes de 09:00 a 15:30 horas. Y sabados de 09:00 a 12:00 horas.<\/td>\r\n  <td class=xl74948 style='border-top:none;border-left:none'><a\r\n  href=\"mailto:transparencia@apan.gob.mx\">transparencia@apan.gob.mx<\/a><\/td>\r\n  <td class=xl75948 width=571 style='border-top:none;border-left:none;\r\n  width:428pt'>domicilio oficial de \u00e9sta, v\u00eda telef\u00f3nica, por correo postal,\r\n  mensajer\u00eda, tel\u00e9grafo, verbalmente ante el personal habilitado que las\r\n  capturar\u00e1 en el sistema electr\u00f3nico de solicitudes; o cualquier medio\r\n  aprobado por el Sistema Nacional\u201d<\/td>\r\n  <td class=xl74948 style='border-top:none;border-left:none'><a\r\n  href=\"http:\/\/infomex.hidalgo.gob.mx\/infomexhidalgo\/\">http:\/\/infomex.hidalgo.gob.mx\/infomexhidalgo\/<\/a><\/td>\r\n  <td class=xl72948 style='border-top:none;border-left:none'>Vicente Mu\u00f1oz\r\n  Fern\u00e1ndez<span style='mso-spacerun:yes'>\u00a0<\/span><\/td>\r\n  <td class=xl72948 style='border-top:none;border-left:none'>Unidad de\r\n  Transparencia del Municipio de Apan, Hidalgo.<\/td>\r\n  <td class=xl73948 style='border-top:none;border-left:none'>05-jul-18<\/td>\r\n  <td class=xl73948 style='border-top:none;border-left:none'>28-may-18<\/td>\r\n  <td class=xl72948 style='border-top:none;border-left:none'>En las casillas\r\n  vacias no se ha generado informacion hastala fecha<\/td>\r\n <\/tr>\r\n <![if supportMisalignedColumns]>\r\n <tr height=0 style='display:none'>\r\n  <td width=56 style='width:42pt'><\/td>\r\n  <td width=255 style='width:191pt'><\/td>\r\n  <td width=270 style='width:203pt'><\/td>\r\n  <td width=162 style='width:122pt'><\/td>\r\n  <td width=110 style='width:83pt'><\/td>\r\n  <td width=103 style='width:77pt'><\/td>\r\n  <td width=169 style='width:127pt'><\/td>\r\n  <td width=197 style='width:148pt'><\/td>\r\n  <td width=239 style='width:179pt'><\/td>\r\n  <td width=128 style='width:96pt'><\/td>\r\n  <td width=142 style='width:107pt'><\/td>\r\n  <td width=121 style='width:91pt'><\/td>\r\n  <td width=214 style='width:161pt'><\/td>\r\n  <td width=183 style='width:137pt'><\/td>\r\n  <td width=260 style='width:195pt'><\/td>\r\n  <td width=86 style='width:65pt'><\/td>\r\n  <td width=164 style='width:123pt'><\/td>\r\n  <td width=483 style='width:362pt'><\/td>\r\n  <td width=246 style='width:185pt'><\/td>\r\n  <td width=571 style='width:428pt'><\/td>\r\n  <td width=317 style='width:238pt'><\/td>\r\n  <td width=430 style='width:323pt'><\/td>\r\n  <td width=512 style='width:384pt'><\/td>\r\n  <td width=123 style='width:92pt'><\/td>\r\n  <td width=140 style='width:105pt'><\/td>\r\n  <td width=416 style='width:312pt'><\/td>\r\n <\/tr>\r\n <![endif]>\r\n<\/table>\r\n\r\n<\/div>\r\n\r\n\r\n\t\t\t\t<\/div>\n\t\t\t\t<\/div>\n\t\t\t\t\t<\/div>\n\t\t<\/div>\n\t\t\t\t\t<\/div>\n\t\t<\/section>\n\t\t\t\t<section class=\"has_ae_slider elementor-section elementor-top-section elementor-element elementor-element-iphjfew elementor-section-boxed elementor-section-height-default elementor-section-height-default ae-bg-gallery-type-default\" data-id=\"iphjfew\" data-element_type=\"section\" data-e-type=\"section\">\n\t\t\t\t\t\t<div class=\"elementor-container elementor-column-gap-default\">\n\t\t\t\t\t<div class=\"has_ae_slider elementor-column elementor-col-100 elementor-top-column elementor-element elementor-element-ihobsxr ae-bg-gallery-type-default\" data-id=\"ihobsxr\" data-element_type=\"column\" data-e-type=\"column\">\n\t\t\t<div class=\"elementor-widget-wrap elementor-element-populated\">\n\t\t\t\t\t\t<div class=\"elementor-element elementor-element-hqgytox elementor-widget elementor-widget-heading\" data-id=\"hqgytox\" data-element_type=\"widget\" data-e-type=\"widget\" data-widget_type=\"heading.default\">\n\t\t\t\t<div class=\"elementor-widget-container\">\n\t\t\t\t\t<h2 class=\"elementor-heading-title elementor-size-small\">Fecha en que se subi\u00f3 la informaci\u00f3n: 30-julio-18<\/h2>\t\t\t\t<\/div>\n\t\t\t\t<\/div>\n\t\t\t\t\t<\/div>\n\t\t<\/div>\n\t\t\t\t\t<\/div>\n\t\t<\/section>\n\t\t\t\t<\/div>\n\t\t","protected":false},"excerpt":{"rendered":"<p>Fracci\u00f3n Xlll 44241 T\u00cdTULO NOMBRE CORTO DESCRIPCI\u00d3N Unidad de Transparencia (UT) a69_f13 La informaci\u00f3n necesaria para que las personas puedan establecer contacto y comunicaci\u00f3n con la respectiva Unidad de Transparencia (UT) del sujeto obligado, incluyendo datos generales de los responsables de la UT as\u00ed como el domicilio oficial y direcci\u00f3n electr\u00f3nica en la cual se [&hellip;]<\/p>\n","protected":false},"author":1,"featured_media":0,"parent":0,"menu_order":0,"comment_status":"closed","ping_status":"closed","template":"page-template-full.php","meta":{"footnotes":""},"class_list":["post-2733","page","type-page","status-publish","hentry"],"jetpack_sharing_enabled":true,"_links":{"self":[{"href":"https:\/\/apan.gob.mx\/portal\/wp-json\/wp\/v2\/pages\/2733","targetHints":{"allow":["GET"]}}],"collection":[{"href":"https:\/\/apan.gob.mx\/portal\/wp-json\/wp\/v2\/pages"}],"about":[{"href":"https:\/\/apan.gob.mx\/portal\/wp-json\/wp\/v2\/types\/page"}],"author":[{"embeddable":true,"href":"https:\/\/apan.gob.mx\/portal\/wp-json\/wp\/v2\/users\/1"}],"replies":[{"embeddable":true,"href":"https:\/\/apan.gob.mx\/portal\/wp-json\/wp\/v2\/comments?post=2733"}],"version-history":[{"count":3,"href":"https:\/\/apan.gob.mx\/portal\/wp-json\/wp\/v2\/pages\/2733\/revisions"}],"predecessor-version":[{"id":2738,"href":"https:\/\/apan.gob.mx\/portal\/wp-json\/wp\/v2\/pages\/2733\/revisions\/2738"}],"wp:attachment":[{"href":"https:\/\/apan.gob.mx\/portal\/wp-json\/wp\/v2\/media?parent=2733"}],"curies":[{"name":"wp","href":"https:\/\/api.w.org\/{rel}","templated":true}]}}